{"id":324696,"date":"2024-02-18T18:20:13","date_gmt":"2024-02-18T17:20:13","guid":{"rendered":"https:\/\/lalmachine.com\/?post_type=product&#038;p=324696"},"modified":"2024-12-05T22:04:25","modified_gmt":"2024-12-05T21:04:25","slug":"porte-manteaux-vintage-2","status":"publish","type":"product","link":"https:\/\/lalmachine.com\/de\/shop\/decorer\/porte-plantes-revues-etc\/porte-manteaux-vintage-2\/","title":{"rendered":"Porte-manteaux vintage"},"content":{"rendered":"<ul class=\"wpuf_customs\"><li style=\"list-style-type:none;\"><label>Autres photos:<\/label> <a href=\"https:\/\/lalmachine.com\/wp-content\/uploads\/2024\/02\/IMG-20240215-WA0049.jpg\"><img loading=\"lazy\" decoding=\"async\" width=\"72\" height=\"96\" src=\"https:\/\/lalmachine.com\/wp-content\/uploads\/2024\/02\/IMG-20240215-WA0049.jpg\" class=\"attachment-thumbnail size-thumbnail\" alt=\"\" \/><\/a> <a href=\"https:\/\/lalmachine.com\/wp-content\/uploads\/2024\/02\/IMG-20240215-WA0051.jpg\"><img loading=\"lazy\" decoding=\"async\" width=\"72\" height=\"96\" src=\"https:\/\/lalmachine.com\/wp-content\/uploads\/2024\/02\/IMG-20240215-WA0051.jpg\" class=\"attachment-thumbnail size-thumbnail\" alt=\"\" \/><\/a> <a href=\"https:\/\/lalmachine.com\/wp-content\/uploads\/2024\/02\/IMG-20240215-WA0057.jpg\"><img loading=\"lazy\" decoding=\"async\" width=\"72\" height=\"96\" src=\"https:\/\/lalmachine.com\/wp-content\/uploads\/2024\/02\/IMG-20240215-WA0057.jpg\" class=\"attachment-thumbnail size-thumbnail\" alt=\"\" \/><\/a> <a href=\"https:\/\/lalmachine.com\/wp-content\/uploads\/2024\/02\/IMG-20240215-WA0058.jpg\"><img loading=\"lazy\" decoding=\"async\" width=\"72\" height=\"96\" src=\"https:\/\/lalmachine.com\/wp-content\/uploads\/2024\/02\/IMG-20240215-WA0058.jpg\" class=\"attachment-thumbnail size-thumbnail\" alt=\"\" \/><\/a> <a href=\"https:\/\/lalmachine.com\/wp-content\/uploads\/2024\/02\/IMG-20240215-WA0061.jpg\"><img loading=\"lazy\" decoding=\"async\" width=\"72\" height=\"96\" src=\"https:\/\/lalmachine.com\/wp-content\/uploads\/2024\/02\/IMG-20240215-WA0061.jpg\" class=\"attachment-thumbnail size-thumbnail\" alt=\"\" \/><\/a> <\/li>        <li class=\"wpuf-field-data wpuf-field-data-numeric_text_field\">\n                            <label>Prix:<\/label>\n                        320        <\/li>\n                <li class=\"wpuf-field-data wpuf-field-data-numeric_text_field\">\n                            <label>Quantit\u00e9:<\/label>\n                        1        <\/li>\n                <li class=\"wpuf-field-data wpuf-field-data-numeric_text_field\">\n                            <label>Hauteur (cm):<\/label>\n                        182        <\/li>\n                <li class=\"wpuf-field-data wpuf-field-data-numeric_text_field\">\n                            <label>Largeur (cm):<\/label>\n                        58        <\/li>\n                <li class=\"wpuf-field-data wpuf-field-data-numeric_text_field\">\n                            <label>Profondeur (cm):<\/label>\n                        58        <\/li>\n        <\/ul>","protected":false},"excerpt":{"rendered":"<p>Tr\u00e8s beau porte-manteaux italien des ann\u00e9es 60. En m\u00e9tal noir et chrome. 8 pat\u00e8res en bois noir.<br \/>\nTr\u00e8s belle pi\u00e8ce design enti\u00e8rement restaur\u00e9e.<\/p>","protected":false},"featured_media":324736,"template":"","meta":{"_et_pb_use_builder":"","_et_pb_old_content":"","_et_gb_content_width":""},"product_brand":[],"product_cat":[50,105],"product_tag":[],"proximite":[180],"class_list":{"0":"post-324696","1":"product","2":"type-product","3":"status-publish","4":"has-post-thumbnail","6":"product_cat-decorer","7":"product_cat-porte-plantes-revues-etc","8":"pa_couleur-noir","9":"pa_etat-tres-bon-etat","10":"pa_materiau-metal","11":"pa_style-vintage","12":"proximite-geneve","14":"first","15":"instock","16":"shipping-taxable","17":"purchasable","18":"product-type-simple"},"yoast_head":"<!-- This site is optimized with the Yoast SEO plugin v27.4 - https:\/\/yoast.com\/product\/yoast-seo-wordpress\/ -->\n<title>Porte-manteaux vintage | lalmachine.com, mobilier et objets d\u00e9co vintage et design<\/title>\n<meta name=\"description\" content=\"Tr\u00e8s beau porte-manteaux italien des ann\u00e9es 60. En m\u00e9tal noir et chrome. 8 pat\u00e8res en bois noir. Tr\u00e8s belle pi\u00e8ce design enti\u00e8rement restaur\u00e9e.\" \/>\n<meta name=\"robots\" content=\"index, follow, max-snippet:-1, max-image-preview:large, max-video-preview:-1\" \/>\n<link rel=\"canonical\" href=\"https:\/\/lalmachine.com\/de\/shop\/decorer\/porte-plantes-revues-etc\/porte-manteaux-vintage-2\/\" \/>\n<meta property=\"og:locale\" content=\"de_DE\" \/>\n<meta property=\"og:type\" content=\"article\" \/>\n<meta property=\"og:title\" content=\"Porte-manteaux vintage | lalmachine.com, mobilier et objets d\u00e9co vintage et design\" \/>\n<meta property=\"og:description\" content=\"Tr\u00e8s beau porte-manteaux italien des ann\u00e9es 60. En m\u00e9tal noir et chrome. 8 pat\u00e8res en bois noir. Tr\u00e8s belle pi\u00e8ce design enti\u00e8rement restaur\u00e9e.\" \/>\n<meta property=\"og:url\" content=\"https:\/\/lalmachine.com\/de\/shop\/decorer\/porte-plantes-revues-etc\/porte-manteaux-vintage-2\/\" \/>\n<meta property=\"og:site_name\" content=\"lalmachine.com\" \/>\n<meta property=\"article:publisher\" content=\"https:\/\/facebook.com\/lalmachine\" \/>\n<meta property=\"article:modified_time\" content=\"2024-12-05T21:04:25+00:00\" \/>\n<meta property=\"og:image\" content=\"https:\/\/lalmachine.com\/wp-content\/uploads\/2024\/02\/IMG-20240215-WA0059_clipped_rev_1.jpeg\" \/>\n\t<meta property=\"og:image:width\" content=\"1809\" \/>\n\t<meta property=\"og:image:height\" content=\"1808\" \/>\n\t<meta property=\"og:image:type\" content=\"image\/jpeg\" \/>\n<meta name=\"twitter:card\" content=\"summary_large_image\" \/>\n<script type=\"application\/ld+json\" class=\"yoast-schema-graph\">{\"@context\":\"https:\\\/\\\/schema.org\",\"@graph\":[{\"@type\":\"WebPage\",\"@id\":\"https:\\\/\\\/lalmachine.com\\\/shop\\\/decorer\\\/porte-plantes-revues-etc\\\/porte-manteaux-vintage-2\\\/\",\"url\":\"https:\\\/\\\/lalmachine.com\\\/shop\\\/decorer\\\/porte-plantes-revues-etc\\\/porte-manteaux-vintage-2\\\/\",\"name\":\"Porte-manteaux vintage | lalmachine.com, mobilier et objets d\u00e9co vintage et design\",\"isPartOf\":{\"@id\":\"https:\\\/\\\/lalmachine.com\\\/#website\"},\"primaryImageOfPage\":{\"@id\":\"https:\\\/\\\/lalmachine.com\\\/shop\\\/decorer\\\/porte-plantes-revues-etc\\\/porte-manteaux-vintage-2\\\/#primaryimage\"},\"image\":{\"@id\":\"https:\\\/\\\/lalmachine.com\\\/shop\\\/decorer\\\/porte-plantes-revues-etc\\\/porte-manteaux-vintage-2\\\/#primaryimage\"},\"thumbnailUrl\":\"https:\\\/\\\/lalmachine.com\\\/wp-content\\\/uploads\\\/2024\\\/02\\\/IMG-20240215-WA0059_clipped_rev_1.jpeg\",\"datePublished\":\"2024-02-18T17:20:13+00:00\",\"dateModified\":\"2024-12-05T21:04:25+00:00\",\"description\":\"Tr\u00e8s beau porte-manteaux italien des ann\u00e9es 60. En m\u00e9tal noir et chrome. 8 pat\u00e8res en bois noir. Tr\u00e8s belle pi\u00e8ce design enti\u00e8rement restaur\u00e9e.\",\"breadcrumb\":{\"@id\":\"https:\\\/\\\/lalmachine.com\\\/shop\\\/decorer\\\/porte-plantes-revues-etc\\\/porte-manteaux-vintage-2\\\/#breadcrumb\"},\"inLanguage\":\"de\",\"potentialAction\":[{\"@type\":\"ReadAction\",\"target\":[\"https:\\\/\\\/lalmachine.com\\\/shop\\\/decorer\\\/porte-plantes-revues-etc\\\/porte-manteaux-vintage-2\\\/\"]}]},{\"@type\":\"ImageObject\",\"inLanguage\":\"de\",\"@id\":\"https:\\\/\\\/lalmachine.com\\\/shop\\\/decorer\\\/porte-plantes-revues-etc\\\/porte-manteaux-vintage-2\\\/#primaryimage\",\"url\":\"https:\\\/\\\/lalmachine.com\\\/wp-content\\\/uploads\\\/2024\\\/02\\\/IMG-20240215-WA0059_clipped_rev_1.jpeg\",\"contentUrl\":\"https:\\\/\\\/lalmachine.com\\\/wp-content\\\/uploads\\\/2024\\\/02\\\/IMG-20240215-WA0059_clipped_rev_1.jpeg\",\"width\":1809,\"height\":1808,\"caption\":\"Porte-manteaux vintage\"},{\"@type\":\"BreadcrumbList\",\"@id\":\"https:\\\/\\\/lalmachine.com\\\/shop\\\/decorer\\\/porte-plantes-revues-etc\\\/porte-manteaux-vintage-2\\\/#breadcrumb\",\"itemListElement\":[{\"@type\":\"ListItem\",\"position\":1,\"name\":\"Accueil\",\"item\":\"https:\\\/\\\/lalmachine.com\\\/\"},{\"@type\":\"ListItem\",\"position\":2,\"name\":\"Shop\",\"item\":\"https:\\\/\\\/lalmachine.com\\\/shop\\\/\"},{\"@type\":\"ListItem\",\"position\":3,\"name\":\"Porte-manteaux vintage\"}]},{\"@type\":\"WebSite\",\"@id\":\"https:\\\/\\\/lalmachine.com\\\/#website\",\"url\":\"https:\\\/\\\/lalmachine.com\\\/\",\"name\":\"lalmachine.com\",\"description\":\"Brocante en ligne Suisse | Mobilier et objets d\u00e9co vintage et design\",\"potentialAction\":[{\"@type\":\"SearchAction\",\"target\":{\"@type\":\"EntryPoint\",\"urlTemplate\":\"https:\\\/\\\/lalmachine.com\\\/?s={search_term_string}\"},\"query-input\":{\"@type\":\"PropertyValueSpecification\",\"valueRequired\":true,\"valueName\":\"search_term_string\"}}],\"inLanguage\":\"de\"}]}<\/script>\n<!-- \/ Yoast SEO plugin. -->","yoast_head_json":{"title":"Porte-manteaux vintage | lalmachine.com, mobilier et objets d\u00e9co vintage et design","description":"Tr\u00e8s beau porte-manteaux italien des ann\u00e9es 60. En m\u00e9tal noir et chrome. 8 pat\u00e8res en bois noir. Tr\u00e8s belle pi\u00e8ce design enti\u00e8rement restaur\u00e9e.","robots":{"index":"index","follow":"follow","max-snippet":"max-snippet:-1","max-image-preview":"max-image-preview:large","max-video-preview":"max-video-preview:-1"},"canonical":"https:\/\/lalmachine.com\/de\/shop\/decorer\/porte-plantes-revues-etc\/porte-manteaux-vintage-2\/","og_locale":"de_DE","og_type":"article","og_title":"Porte-manteaux vintage | lalmachine.com, mobilier et objets d\u00e9co vintage et design","og_description":"Tr\u00e8s beau porte-manteaux italien des ann\u00e9es 60. En m\u00e9tal noir et chrome. 8 pat\u00e8res en bois noir. Tr\u00e8s belle pi\u00e8ce design enti\u00e8rement restaur\u00e9e.","og_url":"https:\/\/lalmachine.com\/de\/shop\/decorer\/porte-plantes-revues-etc\/porte-manteaux-vintage-2\/","og_site_name":"lalmachine.com","article_publisher":"https:\/\/facebook.com\/lalmachine","article_modified_time":"2024-12-05T21:04:25+00:00","og_image":[{"width":1809,"height":1808,"url":"https:\/\/lalmachine.com\/wp-content\/uploads\/2024\/02\/IMG-20240215-WA0059_clipped_rev_1.jpeg","type":"image\/jpeg"}],"twitter_card":"summary_large_image","schema":{"@context":"https:\/\/schema.org","@graph":[{"@type":"WebPage","@id":"https:\/\/lalmachine.com\/shop\/decorer\/porte-plantes-revues-etc\/porte-manteaux-vintage-2\/","url":"https:\/\/lalmachine.com\/shop\/decorer\/porte-plantes-revues-etc\/porte-manteaux-vintage-2\/","name":"Porte-manteaux vintage | lalmachine.com, mobilier et objets d\u00e9co vintage et design","isPartOf":{"@id":"https:\/\/lalmachine.com\/#website"},"primaryImageOfPage":{"@id":"https:\/\/lalmachine.com\/shop\/decorer\/porte-plantes-revues-etc\/porte-manteaux-vintage-2\/#primaryimage"},"image":{"@id":"https:\/\/lalmachine.com\/shop\/decorer\/porte-plantes-revues-etc\/porte-manteaux-vintage-2\/#primaryimage"},"thumbnailUrl":"https:\/\/lalmachine.com\/wp-content\/uploads\/2024\/02\/IMG-20240215-WA0059_clipped_rev_1.jpeg","datePublished":"2024-02-18T17:20:13+00:00","dateModified":"2024-12-05T21:04:25+00:00","description":"Tr\u00e8s beau porte-manteaux italien des ann\u00e9es 60. En m\u00e9tal noir et chrome. 8 pat\u00e8res en bois noir. Tr\u00e8s belle pi\u00e8ce design enti\u00e8rement restaur\u00e9e.","breadcrumb":{"@id":"https:\/\/lalmachine.com\/shop\/decorer\/porte-plantes-revues-etc\/porte-manteaux-vintage-2\/#breadcrumb"},"inLanguage":"de","potentialAction":[{"@type":"ReadAction","target":["https:\/\/lalmachine.com\/shop\/decorer\/porte-plantes-revues-etc\/porte-manteaux-vintage-2\/"]}]},{"@type":"ImageObject","inLanguage":"de","@id":"https:\/\/lalmachine.com\/shop\/decorer\/porte-plantes-revues-etc\/porte-manteaux-vintage-2\/#primaryimage","url":"https:\/\/lalmachine.com\/wp-content\/uploads\/2024\/02\/IMG-20240215-WA0059_clipped_rev_1.jpeg","contentUrl":"https:\/\/lalmachine.com\/wp-content\/uploads\/2024\/02\/IMG-20240215-WA0059_clipped_rev_1.jpeg","width":1809,"height":1808,"caption":"Porte-manteaux vintage"},{"@type":"BreadcrumbList","@id":"https:\/\/lalmachine.com\/shop\/decorer\/porte-plantes-revues-etc\/porte-manteaux-vintage-2\/#breadcrumb","itemListElement":[{"@type":"ListItem","position":1,"name":"Accueil","item":"https:\/\/lalmachine.com\/"},{"@type":"ListItem","position":2,"name":"Shop","item":"https:\/\/lalmachine.com\/shop\/"},{"@type":"ListItem","position":3,"name":"Porte-manteaux vintage"}]},{"@type":"WebSite","@id":"https:\/\/lalmachine.com\/#website","url":"https:\/\/lalmachine.com\/","name":"lalmachine.com","description":"Brocante en ligne Suisse | Mobilier et objets d\u00e9co vintage et design","potentialAction":[{"@type":"SearchAction","target":{"@type":"EntryPoint","urlTemplate":"https:\/\/lalmachine.com\/?s={search_term_string}"},"query-input":{"@type":"PropertyValueSpecification","valueRequired":true,"valueName":"search_term_string"}}],"inLanguage":"de"}]}},"_links":{"self":[{"href":"https:\/\/lalmachine.com\/de\/wp-json\/wp\/v2\/product\/324696","targetHints":{"allow":["GET"]}}],"collection":[{"href":"https:\/\/lalmachine.com\/de\/wp-json\/wp\/v2\/product"}],"about":[{"href":"https:\/\/lalmachine.com\/de\/wp-json\/wp\/v2\/types\/product"}],"wp:featuredmedia":[{"embeddable":true,"href":"https:\/\/lalmachine.com\/de\/wp-json\/wp\/v2\/media\/324736"}],"wp:attachment":[{"href":"https:\/\/lalmachine.com\/de\/wp-json\/wp\/v2\/media?parent=324696"}],"wp:term":[{"taxonomy":"product_brand","embeddable":true,"href":"https:\/\/lalmachine.com\/de\/wp-json\/wp\/v2\/product_brand?post=324696"},{"taxonomy":"product_cat","embeddable":true,"href":"https:\/\/lalmachine.com\/de\/wp-json\/wp\/v2\/product_cat?post=324696"},{"taxonomy":"product_tag","embeddable":true,"href":"https:\/\/lalmachine.com\/de\/wp-json\/wp\/v2\/product_tag?post=324696"},{"taxonomy":"proximite","embeddable":true,"href":"https:\/\/lalmachine.com\/de\/wp-json\/wp\/v2\/proximite?post=324696"}],"curies":[{"name":"wp","href":"https:\/\/api.w.org\/{rel}","templated":true}]}}