{"id":325811,"date":"2024-03-02T11:59:43","date_gmt":"2024-03-02T10:59:43","guid":{"rendered":"https:\/\/lalmachine.com\/?post_type=product&#038;p=325811"},"modified":"2024-12-05T22:04:39","modified_gmt":"2024-12-05T21:04:39","slug":"medaille-en-apesanteur-roger-bezombes","status":"publish","type":"product","link":"https:\/\/lalmachine.com\/de\/shop\/decorer\/art-and-co\/medaille-en-apesanteur-roger-bezombes\/","title":{"rendered":"M\u00e9daille en apesanteur Roger Bezombes"},"content":{"rendered":"<ul class=\"wpuf_customs\"><li style=\"list-style-type:none;\"><label>Autres photos:<\/label> <a href=\"https:\/\/lalmachine.com\/wp-content\/uploads\/2024\/02\/vente-roger-bezombes-art-contemporain-la-boutique-du-mail-geneve.jpg\"><img loading=\"lazy\" decoding=\"async\" width=\"72\" height=\"96\" src=\"https:\/\/lalmachine.com\/wp-content\/uploads\/2024\/02\/vente-roger-bezombes-art-contemporain-la-boutique-du-mail-geneve.jpg\" class=\"attachment-thumbnail size-thumbnail\" alt=\"\" \/><\/a> <a href=\"https:\/\/lalmachine.com\/wp-content\/uploads\/2024\/02\/roger-bezombes-la-boutique-du-mail-geneve.jpg\"><img loading=\"lazy\" decoding=\"async\" width=\"72\" height=\"96\" src=\"https:\/\/lalmachine.com\/wp-content\/uploads\/2024\/02\/roger-bezombes-la-boutique-du-mail-geneve.jpg\" class=\"attachment-thumbnail size-thumbnail\" alt=\"\" \/><\/a> <\/li>        <li class=\"wpuf-field-data wpuf-field-data-numeric_text_field\">\n                            <label>Prix:<\/label>\n                        450        <\/li>\n                <li class=\"wpuf-field-data wpuf-field-data-numeric_text_field\">\n                            <label>Quantit\u00e9:<\/label>\n                        0        <\/li>\n                <li class=\"wpuf-field-data wpuf-field-data-numeric_text_field\">\n                            <label>Hauteur (cm):<\/label>\n                        42        <\/li>\n                <li class=\"wpuf-field-data wpuf-field-data-numeric_text_field\">\n                            <label>Largeur (cm):<\/label>\n                        42        <\/li>\n                <li class=\"wpuf-field-data wpuf-field-data-numeric_text_field\">\n                            <label>Profondeur (cm):<\/label>\n                        2        <\/li>\n        <\/ul>","protected":false},"excerpt":{"rendered":"<p>Style ann\u00e9es 70 !<\/p>\n<p>Bas-relief thermoform\u00e9 sign\u00e9, titr\u00e9 et num\u00e9rot\u00e9 6\/150 au dos.<br \/>\nCadre d\u2019origine en aluminium, coque en demi-sph\u00e8re sur le dessus (l\u00e9g\u00e8res rayures).<\/p>\n<p>En 1972, Roger Bezombes expose une s\u00e9rie d\u2019\u0153uvres, \u00ab sortes de sculptures-objets \u00bb au mus\u00e9e de la Monnaie de Paris. L&rsquo;\u0153uvre M\u00e9daille en apesanteur a \u00e9t\u00e9 probablement \u00e9dit\u00e9 \u00e0 cette occasion, car elle reprend \u00e0 l\u2019identique une des m\u00e9dailles expos\u00e9es, la M\u00e9daille des m\u00e9dailles ou Laur\u00e9atus, 1972. C\u2019est une \u0153uvre en bronze \u00e0 patine brune enrichi de vingt-six m\u00e9dailles dont sept en argent et deux enrichies d\u2019\u00e9maux.<\/p>\n<p>Roger Bezombes (1913-1994)<br \/>\nRoger Bezombes est un peintre, graveur et sculpteur n\u00e9 \u00e0 Paris. Il a suivi des \u00e9tudes \u00e0 l\u2019\u00e9cole nationale sup\u00e9rieure des Beaux-arts de Paris. \u00c0 cette \u00e9poque il d\u00e9couvre les \u0153uvres de Gauguin, Van Gogh et Matisse, qui resteront des influences tout au long de sa carri\u00e8re.<\/p>\n<p>En 1936, il remporte le deuxi\u00e8me Grand Prix de Rome, la m\u00eame ann\u00e9e, il re\u00e7oit une bourse de voyage pour \u00e9tudier en Afrique. En 1950, il est nomm\u00e9 en tant que professeur \u00e0 l&rsquo;Acad\u00e9mie Julian.<br \/>\nEn 1954, il est \u00e9lu Chevalier de la L\u00e9gion d&rsquo;honneur, une ann\u00e9e plus tard, il est nomm\u00e9 peintre officiel de la Marine fran\u00e7aise.<\/p>\n<p>Bezombes est un artiste de renomm\u00e9e internationale, ses \u0153uvres font parties de nombreuses collections publiques comme le M\u00e9tropolitain Museum of Art, New York, le Mus\u00e9e d\u2019art moderne de la ville de Paris, le Mus\u00e9e national d\u2019art moderne de Paris et le Mus\u00e9e d\u2019art de Pully, Suisse.<\/p>\n<p>Il s&rsquo;est fait conna\u00eetre \u00e9galement pour ses cr\u00e9ations d\u2019affiches, commandit\u00e9es en autre part la compagnie Air France et la Soci\u00e9t\u00e9 Nationale des Chemins de fer Fran\u00e7ais.<\/p>","protected":false},"featured_media":326064,"template":"","meta":{"_et_pb_use_builder":"","_et_pb_old_content":"","_et_gb_content_width":""},"product_brand":[],"product_cat":[365,50],"product_tag":[],"proximite":[180],"class_list":{"0":"post-325811","1":"product","2":"type-product","3":"status-publish","4":"has-post-thumbnail","6":"product_cat-art-and-co","7":"product_cat-decorer","8":"product_shipping_class-2-10-kg","9":"pa_couleur-gris","10":"pa_etat-bon-etat","11":"pa_materiau-plastique","12":"pa_style-art-contemporain","13":"proximite-geneve","15":"first","16":"outofstock","17":"shipping-taxable","18":"purchasable","19":"product-type-simple"},"yoast_head":"<!-- This site is optimized with the Yoast SEO plugin v27.4 - https:\/\/yoast.com\/product\/yoast-seo-wordpress\/ -->\n<title>M\u00e9daille en apesanteur Roger Bezombes | lalmachine.com<\/title>\n<meta name=\"description\" content=\"M\u00e9daille en apesanteur Roger Bezombes\" \/>\n<meta name=\"robots\" content=\"index, follow, max-snippet:-1, max-image-preview:large, max-video-preview:-1\" \/>\n<link rel=\"canonical\" href=\"https:\/\/lalmachine.com\/de\/shop\/decorer\/art-and-co\/medaille-en-apesanteur-roger-bezombes\/\" \/>\n<meta property=\"og:locale\" content=\"de_DE\" \/>\n<meta property=\"og:type\" content=\"article\" \/>\n<meta property=\"og:title\" content=\"M\u00e9daille en apesanteur Roger Bezombes | lalmachine.com\" \/>\n<meta property=\"og:description\" content=\"M\u00e9daille en apesanteur Roger Bezombes\" \/>\n<meta property=\"og:url\" content=\"https:\/\/lalmachine.com\/de\/shop\/decorer\/art-and-co\/medaille-en-apesanteur-roger-bezombes\/\" \/>\n<meta property=\"og:site_name\" content=\"lalmachine.com\" \/>\n<meta property=\"article:publisher\" content=\"https:\/\/facebook.com\/lalmachine\" \/>\n<meta property=\"article:modified_time\" content=\"2024-12-05T21:04:39+00:00\" \/>\n<meta property=\"og:image\" content=\"https:\/\/lalmachine.com\/wp-content\/uploads\/2024\/02\/vente-roger-bezombes-la-boutique-du-mail-geneve_clipped_rev_1.jpeg\" \/>\n\t<meta property=\"og:image:width\" content=\"1673\" \/>\n\t<meta property=\"og:image:height\" content=\"1673\" \/>\n\t<meta property=\"og:image:type\" content=\"image\/jpeg\" \/>\n<meta name=\"twitter:card\" content=\"summary_large_image\" \/>\n<script type=\"application\/ld+json\" class=\"yoast-schema-graph\">{\"@context\":\"https:\\\/\\\/schema.org\",\"@graph\":[{\"@type\":\"WebPage\",\"@id\":\"https:\\\/\\\/lalmachine.com\\\/shop\\\/decorer\\\/art-and-co\\\/medaille-en-apesanteur-roger-bezombes\\\/\",\"url\":\"https:\\\/\\\/lalmachine.com\\\/shop\\\/decorer\\\/art-and-co\\\/medaille-en-apesanteur-roger-bezombes\\\/\",\"name\":\"M\u00e9daille en apesanteur Roger Bezombes | lalmachine.com\",\"isPartOf\":{\"@id\":\"https:\\\/\\\/lalmachine.com\\\/#website\"},\"primaryImageOfPage\":{\"@id\":\"https:\\\/\\\/lalmachine.com\\\/shop\\\/decorer\\\/art-and-co\\\/medaille-en-apesanteur-roger-bezombes\\\/#primaryimage\"},\"image\":{\"@id\":\"https:\\\/\\\/lalmachine.com\\\/shop\\\/decorer\\\/art-and-co\\\/medaille-en-apesanteur-roger-bezombes\\\/#primaryimage\"},\"thumbnailUrl\":\"https:\\\/\\\/lalmachine.com\\\/wp-content\\\/uploads\\\/2024\\\/02\\\/vente-roger-bezombes-la-boutique-du-mail-geneve_clipped_rev_1.jpeg\",\"datePublished\":\"2024-03-02T10:59:43+00:00\",\"dateModified\":\"2024-12-05T21:04:39+00:00\",\"description\":\"M\u00e9daille en apesanteur Roger Bezombes\",\"breadcrumb\":{\"@id\":\"https:\\\/\\\/lalmachine.com\\\/shop\\\/decorer\\\/art-and-co\\\/medaille-en-apesanteur-roger-bezombes\\\/#breadcrumb\"},\"inLanguage\":\"de\",\"potentialAction\":[{\"@type\":\"ReadAction\",\"target\":[\"https:\\\/\\\/lalmachine.com\\\/shop\\\/decorer\\\/art-and-co\\\/medaille-en-apesanteur-roger-bezombes\\\/\"]}]},{\"@type\":\"ImageObject\",\"inLanguage\":\"de\",\"@id\":\"https:\\\/\\\/lalmachine.com\\\/shop\\\/decorer\\\/art-and-co\\\/medaille-en-apesanteur-roger-bezombes\\\/#primaryimage\",\"url\":\"https:\\\/\\\/lalmachine.com\\\/wp-content\\\/uploads\\\/2024\\\/02\\\/vente-roger-bezombes-la-boutique-du-mail-geneve_clipped_rev_1.jpeg\",\"contentUrl\":\"https:\\\/\\\/lalmachine.com\\\/wp-content\\\/uploads\\\/2024\\\/02\\\/vente-roger-bezombes-la-boutique-du-mail-geneve_clipped_rev_1.jpeg\",\"width\":1673,\"height\":1673},{\"@type\":\"BreadcrumbList\",\"@id\":\"https:\\\/\\\/lalmachine.com\\\/shop\\\/decorer\\\/art-and-co\\\/medaille-en-apesanteur-roger-bezombes\\\/#breadcrumb\",\"itemListElement\":[{\"@type\":\"ListItem\",\"position\":1,\"name\":\"Accueil\",\"item\":\"https:\\\/\\\/lalmachine.com\\\/\"},{\"@type\":\"ListItem\",\"position\":2,\"name\":\"Shop\",\"item\":\"https:\\\/\\\/lalmachine.com\\\/shop\\\/\"},{\"@type\":\"ListItem\",\"position\":3,\"name\":\"M\u00e9daille en apesanteur Roger Bezombes\"}]},{\"@type\":\"WebSite\",\"@id\":\"https:\\\/\\\/lalmachine.com\\\/#website\",\"url\":\"https:\\\/\\\/lalmachine.com\\\/\",\"name\":\"lalmachine.com\",\"description\":\"Brocante en ligne Suisse | Mobilier et objets d\u00e9co vintage et design\",\"potentialAction\":[{\"@type\":\"SearchAction\",\"target\":{\"@type\":\"EntryPoint\",\"urlTemplate\":\"https:\\\/\\\/lalmachine.com\\\/?s={search_term_string}\"},\"query-input\":{\"@type\":\"PropertyValueSpecification\",\"valueRequired\":true,\"valueName\":\"search_term_string\"}}],\"inLanguage\":\"de\"}]}<\/script>\n<!-- \/ Yoast SEO plugin. -->","yoast_head_json":{"title":"M\u00e9daille en apesanteur Roger Bezombes | lalmachine.com","description":"M\u00e9daille en apesanteur Roger Bezombes","robots":{"index":"index","follow":"follow","max-snippet":"max-snippet:-1","max-image-preview":"max-image-preview:large","max-video-preview":"max-video-preview:-1"},"canonical":"https:\/\/lalmachine.com\/de\/shop\/decorer\/art-and-co\/medaille-en-apesanteur-roger-bezombes\/","og_locale":"de_DE","og_type":"article","og_title":"M\u00e9daille en apesanteur Roger Bezombes | lalmachine.com","og_description":"M\u00e9daille en apesanteur Roger Bezombes","og_url":"https:\/\/lalmachine.com\/de\/shop\/decorer\/art-and-co\/medaille-en-apesanteur-roger-bezombes\/","og_site_name":"lalmachine.com","article_publisher":"https:\/\/facebook.com\/lalmachine","article_modified_time":"2024-12-05T21:04:39+00:00","og_image":[{"width":1673,"height":1673,"url":"https:\/\/lalmachine.com\/wp-content\/uploads\/2024\/02\/vente-roger-bezombes-la-boutique-du-mail-geneve_clipped_rev_1.jpeg","type":"image\/jpeg"}],"twitter_card":"summary_large_image","schema":{"@context":"https:\/\/schema.org","@graph":[{"@type":"WebPage","@id":"https:\/\/lalmachine.com\/shop\/decorer\/art-and-co\/medaille-en-apesanteur-roger-bezombes\/","url":"https:\/\/lalmachine.com\/shop\/decorer\/art-and-co\/medaille-en-apesanteur-roger-bezombes\/","name":"M\u00e9daille en apesanteur Roger Bezombes | lalmachine.com","isPartOf":{"@id":"https:\/\/lalmachine.com\/#website"},"primaryImageOfPage":{"@id":"https:\/\/lalmachine.com\/shop\/decorer\/art-and-co\/medaille-en-apesanteur-roger-bezombes\/#primaryimage"},"image":{"@id":"https:\/\/lalmachine.com\/shop\/decorer\/art-and-co\/medaille-en-apesanteur-roger-bezombes\/#primaryimage"},"thumbnailUrl":"https:\/\/lalmachine.com\/wp-content\/uploads\/2024\/02\/vente-roger-bezombes-la-boutique-du-mail-geneve_clipped_rev_1.jpeg","datePublished":"2024-03-02T10:59:43+00:00","dateModified":"2024-12-05T21:04:39+00:00","description":"M\u00e9daille en apesanteur Roger Bezombes","breadcrumb":{"@id":"https:\/\/lalmachine.com\/shop\/decorer\/art-and-co\/medaille-en-apesanteur-roger-bezombes\/#breadcrumb"},"inLanguage":"de","potentialAction":[{"@type":"ReadAction","target":["https:\/\/lalmachine.com\/shop\/decorer\/art-and-co\/medaille-en-apesanteur-roger-bezombes\/"]}]},{"@type":"ImageObject","inLanguage":"de","@id":"https:\/\/lalmachine.com\/shop\/decorer\/art-and-co\/medaille-en-apesanteur-roger-bezombes\/#primaryimage","url":"https:\/\/lalmachine.com\/wp-content\/uploads\/2024\/02\/vente-roger-bezombes-la-boutique-du-mail-geneve_clipped_rev_1.jpeg","contentUrl":"https:\/\/lalmachine.com\/wp-content\/uploads\/2024\/02\/vente-roger-bezombes-la-boutique-du-mail-geneve_clipped_rev_1.jpeg","width":1673,"height":1673},{"@type":"BreadcrumbList","@id":"https:\/\/lalmachine.com\/shop\/decorer\/art-and-co\/medaille-en-apesanteur-roger-bezombes\/#breadcrumb","itemListElement":[{"@type":"ListItem","position":1,"name":"Accueil","item":"https:\/\/lalmachine.com\/"},{"@type":"ListItem","position":2,"name":"Shop","item":"https:\/\/lalmachine.com\/shop\/"},{"@type":"ListItem","position":3,"name":"M\u00e9daille en apesanteur Roger Bezombes"}]},{"@type":"WebSite","@id":"https:\/\/lalmachine.com\/#website","url":"https:\/\/lalmachine.com\/","name":"lalmachine.com","description":"Brocante en ligne Suisse | Mobilier et objets d\u00e9co vintage et design","potentialAction":[{"@type":"SearchAction","target":{"@type":"EntryPoint","urlTemplate":"https:\/\/lalmachine.com\/?s={search_term_string}"},"query-input":{"@type":"PropertyValueSpecification","valueRequired":true,"valueName":"search_term_string"}}],"inLanguage":"de"}]}},"_links":{"self":[{"href":"https:\/\/lalmachine.com\/de\/wp-json\/wp\/v2\/product\/325811","targetHints":{"allow":["GET"]}}],"collection":[{"href":"https:\/\/lalmachine.com\/de\/wp-json\/wp\/v2\/product"}],"about":[{"href":"https:\/\/lalmachine.com\/de\/wp-json\/wp\/v2\/types\/product"}],"wp:featuredmedia":[{"embeddable":true,"href":"https:\/\/lalmachine.com\/de\/wp-json\/wp\/v2\/media\/326064"}],"wp:attachment":[{"href":"https:\/\/lalmachine.com\/de\/wp-json\/wp\/v2\/media?parent=325811"}],"wp:term":[{"taxonomy":"product_brand","embeddable":true,"href":"https:\/\/lalmachine.com\/de\/wp-json\/wp\/v2\/product_brand?post=325811"},{"taxonomy":"product_cat","embeddable":true,"href":"https:\/\/lalmachine.com\/de\/wp-json\/wp\/v2\/product_cat?post=325811"},{"taxonomy":"product_tag","embeddable":true,"href":"https:\/\/lalmachine.com\/de\/wp-json\/wp\/v2\/product_tag?post=325811"},{"taxonomy":"proximite","embeddable":true,"href":"https:\/\/lalmachine.com\/de\/wp-json\/wp\/v2\/proximite?post=325811"}],"curies":[{"name":"wp","href":"https:\/\/api.w.org\/{rel}","templated":true}]}}