{"id":325961,"date":"2024-03-02T13:15:07","date_gmt":"2024-03-02T12:15:07","guid":{"rendered":"https:\/\/lalmachine.com\/?post_type=product&#038;p=325961"},"modified":"2025-04-15T12:01:38","modified_gmt":"2025-04-15T10:01:38","slug":"table-basse-bar-en-erable-mouchete-paul-michel-france-1980s","status":"publish","type":"product","link":"https:\/\/lalmachine.com\/de\/shop\/meubler\/table-basse-dappoint\/table-basse-bar-en-erable-mouchete-paul-michel-france-1980s\/","title":{"rendered":"Table basse &amp; bar en \u00e9rable mouchet\u00e9, Paul Michel, France, 1980&rsquo;s"},"content":{"rendered":"<ul class=\"wpuf_customs\"><li style=\"list-style-type:none;\"><label>Autres photos:<\/label> <a href=\"https:\/\/lalmachine.com\/wp-content\/uploads\/2024\/03\/2A191435-21C6-42D9-967C-6AAA361CB726_1_201_a-scaled.jpeg\"><img loading=\"lazy\" decoding=\"async\" width=\"96\" height=\"96\" src=\"https:\/\/lalmachine.com\/wp-content\/uploads\/2024\/03\/2A191435-21C6-42D9-967C-6AAA361CB726_1_201_a-scaled.jpeg\" class=\"attachment-thumbnail size-thumbnail\" alt=\"\" \/><\/a> <a href=\"https:\/\/lalmachine.com\/wp-content\/uploads\/2024\/03\/EF69B4A1-1B44-413C-B541-67B4E8E33A48_1_201_a-scaled.jpeg\"><img loading=\"lazy\" decoding=\"async\" width=\"128\" height=\"85\" src=\"https:\/\/lalmachine.com\/wp-content\/uploads\/2024\/03\/EF69B4A1-1B44-413C-B541-67B4E8E33A48_1_201_a-scaled.jpeg\" class=\"attachment-thumbnail size-thumbnail\" alt=\"\" \/><\/a> <a href=\"https:\/\/lalmachine.com\/wp-content\/uploads\/2024\/03\/44B071F0-5475-42DD-B76A-62FB6B55897A_1_201_a-scaled.jpeg\"><img loading=\"lazy\" decoding=\"async\" width=\"96\" height=\"96\" src=\"https:\/\/lalmachine.com\/wp-content\/uploads\/2024\/03\/44B071F0-5475-42DD-B76A-62FB6B55897A_1_201_a-scaled.jpeg\" class=\"attachment-thumbnail size-thumbnail\" alt=\"\" \/><\/a> <a href=\"https:\/\/lalmachine.com\/wp-content\/uploads\/2024\/03\/28984D92-8107-45C1-898C-6BE15A53F76E_1_201_a-scaled.jpeg\"><img loading=\"lazy\" decoding=\"async\" width=\"54\" height=\"96\" src=\"https:\/\/lalmachine.com\/wp-content\/uploads\/2024\/03\/28984D92-8107-45C1-898C-6BE15A53F76E_1_201_a-scaled.jpeg\" class=\"attachment-thumbnail size-thumbnail\" alt=\"\" \/><\/a> <a href=\"https:\/\/lalmachine.com\/wp-content\/uploads\/2024\/03\/21A04C0B-BE0D-44D0-928D-F086C0750578_1_201_a-scaled.jpeg\"><img loading=\"lazy\" decoding=\"async\" width=\"54\" height=\"96\" src=\"https:\/\/lalmachine.com\/wp-content\/uploads\/2024\/03\/21A04C0B-BE0D-44D0-928D-F086C0750578_1_201_a-scaled.jpeg\" class=\"attachment-thumbnail size-thumbnail\" alt=\"\" \/><\/a> <a href=\"https:\/\/lalmachine.com\/wp-content\/uploads\/2024\/03\/B6CC6086-C31E-4E43-92B7-7C0400EF4F8F_1_201_a-scaled.jpeg\"><img loading=\"lazy\" decoding=\"async\" width=\"96\" height=\"96\" src=\"https:\/\/lalmachine.com\/wp-content\/uploads\/2024\/03\/B6CC6086-C31E-4E43-92B7-7C0400EF4F8F_1_201_a-scaled.jpeg\" class=\"attachment-thumbnail size-thumbnail\" alt=\"\" \/><\/a> <a href=\"https:\/\/lalmachine.com\/wp-content\/uploads\/2024\/03\/A13835D2-710E-46DE-B231-71AD4852816F_1_201_a-scaled.jpeg\"><img loading=\"lazy\" decoding=\"async\" width=\"128\" height=\"72\" src=\"https:\/\/lalmachine.com\/wp-content\/uploads\/2024\/03\/A13835D2-710E-46DE-B231-71AD4852816F_1_201_a-scaled.jpeg\" class=\"attachment-thumbnail size-thumbnail\" alt=\"\" \/><\/a> <a href=\"https:\/\/lalmachine.com\/wp-content\/uploads\/2024\/03\/416787BA-F173-4925-887E-15DB74770FDB_1_201_a-scaled.jpeg\"><img loading=\"lazy\" decoding=\"async\" width=\"96\" height=\"96\" src=\"https:\/\/lalmachine.com\/wp-content\/uploads\/2024\/03\/416787BA-F173-4925-887E-15DB74770FDB_1_201_a-scaled.jpeg\" class=\"attachment-thumbnail size-thumbnail\" alt=\"\" \/><\/a> <a href=\"https:\/\/lalmachine.com\/wp-content\/uploads\/2024\/03\/1FD13FA1-5FE9-4C6E-8374-A577DB0BDB5D_1_201_a-scaled.jpeg\"><img loading=\"lazy\" decoding=\"async\" width=\"96\" height=\"96\" src=\"https:\/\/lalmachine.com\/wp-content\/uploads\/2024\/03\/1FD13FA1-5FE9-4C6E-8374-A577DB0BDB5D_1_201_a-scaled.jpeg\" class=\"attachment-thumbnail size-thumbnail\" alt=\"\" \/><\/a> <a href=\"https:\/\/lalmachine.com\/wp-content\/uploads\/2024\/03\/F1045AE4-CFA1-4A7E-8186-C48C9714388A_1_201_a-scaled.jpeg\"><img loading=\"lazy\" decoding=\"async\" width=\"54\" height=\"96\" src=\"https:\/\/lalmachine.com\/wp-content\/uploads\/2024\/03\/F1045AE4-CFA1-4A7E-8186-C48C9714388A_1_201_a-scaled.jpeg\" class=\"attachment-thumbnail size-thumbnail\" alt=\"\" \/><\/a> <\/li>        <li class=\"wpuf-field-data wpuf-field-data-numeric_text_field\">\n                            <label>Prix:<\/label>\n                        2300        <\/li>\n                <li class=\"wpuf-field-data wpuf-field-data-numeric_text_field\">\n                            <label>Quantit\u00e9:<\/label>\n                        0        <\/li>\n                <li class=\"wpuf-field-data wpuf-field-data-numeric_text_field\">\n                            <label>Hauteur (cm):<\/label>\n                        38        <\/li>\n                <li class=\"wpuf-field-data wpuf-field-data-numeric_text_field\">\n                            <label>Largeur (cm):<\/label>\n                        125        <\/li>\n                <li class=\"wpuf-field-data wpuf-field-data-numeric_text_field\">\n                            <label>Profondeur (cm):<\/label>\n                        80        <\/li>\n        <\/ul>","protected":false},"excerpt":{"rendered":"<p>Une enveloppe d&rsquo;orf\u00e8vre pour conserver vos meilleurs cognacs.<\/p>\n<p>C&rsquo;est dans l&rsquo;ouest fran\u00e7ais, entre Nantes et Poitiers que les ateliers Paul Michel \u00e0 Bressuire \u00e9laboraient ces superbes tables basses dissimulant un bar aux milles reflets.<\/p>\n<p>\u00c9l\u00e9gante version en \u00e9rable mouchet\u00e9 avec un socle miroit\u00e9 et un ing\u00e9nieux syst\u00e8me de pivot en acier donnant acc\u00e8s au bar. Cette table aussi ludique que d\u00e9licate sera la plus belle alli\u00e9e de vos soir\u00e9e cocktails en grande pompe.<\/p>\n<p>Imaginez seulement le visages cr\u00e9dule de vos invit\u00e9s s&rsquo;illuminer lorsque s&rsquo;ouvre \u00e0 eux le bar secret nich\u00e9 au centre de la table.<\/p>\n<p>La fabrique Paul Michel fond\u00e9 en 1966 a ferm\u00e9 ses portes en 2014 apr\u00e8s \u00eatre devenu l&rsquo;un des fleurons du mobilier de luxe fran\u00e7ais. Cette table bar fut \u00e9dit\u00e9e de 1986 \u00e0 2010.<\/p>\n<p>Largeur ouverte 120cm \/ profondeur ouverte 95cm<\/p>","protected":false},"featured_media":326098,"template":"","meta":{"_et_pb_use_builder":"","_et_pb_old_content":"","_et_gb_content_width":""},"product_brand":[],"product_cat":[47,459],"product_tag":[],"proximite":[283,179],"class_list":{"0":"post-325961","1":"product","2":"type-product","3":"status-publish","4":"has-post-thumbnail","6":"product_cat-meubler","7":"product_cat-table-basse-dappoint","8":"pa_couleur-beige","9":"pa_etat-bon-etat","10":"pa_materiau-bois","11":"pa_style-vintage","12":"proximite-riviera-pays-denhaut","13":"proximite-vaud","15":"first","16":"outofstock","17":"sale","18":"shipping-taxable","19":"purchasable","20":"product-type-simple"},"yoast_head":"<!-- This site is optimized with the Yoast SEO plugin v27.4 - https:\/\/yoast.com\/product\/yoast-seo-wordpress\/ -->\n<title>Table basse &amp; bar en \u00e9rable mouchet\u00e9, Paul Michel, France, 1980&#039;s | lalmachine.com<\/title>\n<meta name=\"description\" content=\"Table basse &amp; bar en \u00e9rable mouchet\u00e9, Paul Michel, France, 1980&#039;s\" \/>\n<meta name=\"robots\" content=\"index, follow, max-snippet:-1, max-image-preview:large, max-video-preview:-1\" \/>\n<link rel=\"canonical\" href=\"https:\/\/lalmachine.com\/de\/shop\/meubler\/table-basse-dappoint\/table-basse-bar-en-erable-mouchete-paul-michel-france-1980s\/\" \/>\n<meta property=\"og:locale\" content=\"de_DE\" \/>\n<meta property=\"og:type\" content=\"article\" \/>\n<meta property=\"og:title\" content=\"Table basse &amp; bar en \u00e9rable mouchet\u00e9, Paul Michel, France, 1980&#039;s | lalmachine.com\" \/>\n<meta property=\"og:description\" content=\"Table basse &amp; bar en \u00e9rable mouchet\u00e9, Paul Michel, France, 1980&#039;s\" \/>\n<meta property=\"og:url\" content=\"https:\/\/lalmachine.com\/de\/shop\/meubler\/table-basse-dappoint\/table-basse-bar-en-erable-mouchete-paul-michel-france-1980s\/\" \/>\n<meta property=\"og:site_name\" content=\"lalmachine.com\" \/>\n<meta property=\"article:publisher\" content=\"https:\/\/facebook.com\/lalmachine\" \/>\n<meta property=\"article:modified_time\" content=\"2025-04-15T10:01:38+00:00\" \/>\n<meta property=\"og:image\" content=\"https:\/\/lalmachine.com\/wp-content\/uploads\/2024\/03\/2A191435-21C6-42D9-967C-6AAA361CB726_1_201_a-scaled_clipped_rev_1-scaled.jpeg\" \/>\n\t<meta property=\"og:image:width\" content=\"2560\" \/>\n\t<meta property=\"og:image:height\" content=\"2560\" \/>\n\t<meta property=\"og:image:type\" content=\"image\/jpeg\" \/>\n<meta name=\"twitter:card\" content=\"summary_large_image\" \/>\n<script type=\"application\/ld+json\" class=\"yoast-schema-graph\">{\"@context\":\"https:\\\/\\\/schema.org\",\"@graph\":[{\"@type\":\"WebPage\",\"@id\":\"https:\\\/\\\/lalmachine.com\\\/de\\\/shop\\\/meubler\\\/table-basse-dappoint\\\/table-basse-bar-en-erable-mouchete-paul-michel-france-1980s\\\/\",\"url\":\"https:\\\/\\\/lalmachine.com\\\/de\\\/shop\\\/meubler\\\/table-basse-dappoint\\\/table-basse-bar-en-erable-mouchete-paul-michel-france-1980s\\\/\",\"name\":\"Table basse &amp; bar en \u00e9rable mouchet\u00e9, Paul Michel, France, 1980's | lalmachine.com\",\"isPartOf\":{\"@id\":\"https:\\\/\\\/lalmachine.com\\\/#website\"},\"primaryImageOfPage\":{\"@id\":\"https:\\\/\\\/lalmachine.com\\\/de\\\/shop\\\/meubler\\\/table-basse-dappoint\\\/table-basse-bar-en-erable-mouchete-paul-michel-france-1980s\\\/#primaryimage\"},\"image\":{\"@id\":\"https:\\\/\\\/lalmachine.com\\\/de\\\/shop\\\/meubler\\\/table-basse-dappoint\\\/table-basse-bar-en-erable-mouchete-paul-michel-france-1980s\\\/#primaryimage\"},\"thumbnailUrl\":\"https:\\\/\\\/lalmachine.com\\\/wp-content\\\/uploads\\\/2024\\\/03\\\/2A191435-21C6-42D9-967C-6AAA361CB726_1_201_a-scaled_clipped_rev_1-scaled.jpeg\",\"datePublished\":\"2024-03-02T12:15:07+00:00\",\"dateModified\":\"2025-04-15T10:01:38+00:00\",\"description\":\"Table basse & bar en \u00e9rable mouchet\u00e9, Paul Michel, France, 1980's\",\"breadcrumb\":{\"@id\":\"https:\\\/\\\/lalmachine.com\\\/de\\\/shop\\\/meubler\\\/table-basse-dappoint\\\/table-basse-bar-en-erable-mouchete-paul-michel-france-1980s\\\/#breadcrumb\"},\"inLanguage\":\"de\",\"potentialAction\":[{\"@type\":\"ReadAction\",\"target\":[\"https:\\\/\\\/lalmachine.com\\\/de\\\/shop\\\/meubler\\\/table-basse-dappoint\\\/table-basse-bar-en-erable-mouchete-paul-michel-france-1980s\\\/\"]}]},{\"@type\":\"ImageObject\",\"inLanguage\":\"de\",\"@id\":\"https:\\\/\\\/lalmachine.com\\\/de\\\/shop\\\/meubler\\\/table-basse-dappoint\\\/table-basse-bar-en-erable-mouchete-paul-michel-france-1980s\\\/#primaryimage\",\"url\":\"https:\\\/\\\/lalmachine.com\\\/wp-content\\\/uploads\\\/2024\\\/03\\\/2A191435-21C6-42D9-967C-6AAA361CB726_1_201_a-scaled_clipped_rev_1-scaled.jpeg\",\"contentUrl\":\"https:\\\/\\\/lalmachine.com\\\/wp-content\\\/uploads\\\/2024\\\/03\\\/2A191435-21C6-42D9-967C-6AAA361CB726_1_201_a-scaled_clipped_rev_1-scaled.jpeg\",\"width\":2560,\"height\":2560,\"caption\":\"Table basse Paul Michel\"},{\"@type\":\"BreadcrumbList\",\"@id\":\"https:\\\/\\\/lalmachine.com\\\/de\\\/shop\\\/meubler\\\/table-basse-dappoint\\\/table-basse-bar-en-erable-mouchete-paul-michel-france-1980s\\\/#breadcrumb\",\"itemListElement\":[{\"@type\":\"ListItem\",\"position\":1,\"name\":\"Accueil\",\"item\":\"https:\\\/\\\/lalmachine.com\\\/\"},{\"@type\":\"ListItem\",\"position\":2,\"name\":\"Shop\",\"item\":\"https:\\\/\\\/lalmachine.com\\\/shop\\\/\"},{\"@type\":\"ListItem\",\"position\":3,\"name\":\"Table basse &amp; bar en \u00e9rable mouchet\u00e9, Paul Michel, France, 1980&rsquo;s\"}]},{\"@type\":\"WebSite\",\"@id\":\"https:\\\/\\\/lalmachine.com\\\/#website\",\"url\":\"https:\\\/\\\/lalmachine.com\\\/\",\"name\":\"lalmachine.com\",\"description\":\"Brocante en ligne Suisse | Mobilier et objets d\u00e9co vintage et design\",\"potentialAction\":[{\"@type\":\"SearchAction\",\"target\":{\"@type\":\"EntryPoint\",\"urlTemplate\":\"https:\\\/\\\/lalmachine.com\\\/?s={search_term_string}\"},\"query-input\":{\"@type\":\"PropertyValueSpecification\",\"valueRequired\":true,\"valueName\":\"search_term_string\"}}],\"inLanguage\":\"de\"}]}<\/script>\n<!-- \/ Yoast SEO plugin. -->","yoast_head_json":{"title":"Table basse &amp; bar en \u00e9rable mouchet\u00e9, Paul Michel, France, 1980's | lalmachine.com","description":"Table basse & bar en \u00e9rable mouchet\u00e9, Paul Michel, France, 1980's","robots":{"index":"index","follow":"follow","max-snippet":"max-snippet:-1","max-image-preview":"max-image-preview:large","max-video-preview":"max-video-preview:-1"},"canonical":"https:\/\/lalmachine.com\/de\/shop\/meubler\/table-basse-dappoint\/table-basse-bar-en-erable-mouchete-paul-michel-france-1980s\/","og_locale":"de_DE","og_type":"article","og_title":"Table basse &amp; bar en \u00e9rable mouchet\u00e9, Paul Michel, France, 1980's | lalmachine.com","og_description":"Table basse & bar en \u00e9rable mouchet\u00e9, Paul Michel, France, 1980's","og_url":"https:\/\/lalmachine.com\/de\/shop\/meubler\/table-basse-dappoint\/table-basse-bar-en-erable-mouchete-paul-michel-france-1980s\/","og_site_name":"lalmachine.com","article_publisher":"https:\/\/facebook.com\/lalmachine","article_modified_time":"2025-04-15T10:01:38+00:00","og_image":[{"width":2560,"height":2560,"url":"https:\/\/lalmachine.com\/wp-content\/uploads\/2024\/03\/2A191435-21C6-42D9-967C-6AAA361CB726_1_201_a-scaled_clipped_rev_1-scaled.jpeg","type":"image\/jpeg"}],"twitter_card":"summary_large_image","schema":{"@context":"https:\/\/schema.org","@graph":[{"@type":"WebPage","@id":"https:\/\/lalmachine.com\/de\/shop\/meubler\/table-basse-dappoint\/table-basse-bar-en-erable-mouchete-paul-michel-france-1980s\/","url":"https:\/\/lalmachine.com\/de\/shop\/meubler\/table-basse-dappoint\/table-basse-bar-en-erable-mouchete-paul-michel-france-1980s\/","name":"Table basse &amp; bar en \u00e9rable mouchet\u00e9, Paul Michel, France, 1980's | lalmachine.com","isPartOf":{"@id":"https:\/\/lalmachine.com\/#website"},"primaryImageOfPage":{"@id":"https:\/\/lalmachine.com\/de\/shop\/meubler\/table-basse-dappoint\/table-basse-bar-en-erable-mouchete-paul-michel-france-1980s\/#primaryimage"},"image":{"@id":"https:\/\/lalmachine.com\/de\/shop\/meubler\/table-basse-dappoint\/table-basse-bar-en-erable-mouchete-paul-michel-france-1980s\/#primaryimage"},"thumbnailUrl":"https:\/\/lalmachine.com\/wp-content\/uploads\/2024\/03\/2A191435-21C6-42D9-967C-6AAA361CB726_1_201_a-scaled_clipped_rev_1-scaled.jpeg","datePublished":"2024-03-02T12:15:07+00:00","dateModified":"2025-04-15T10:01:38+00:00","description":"Table basse & bar en \u00e9rable mouchet\u00e9, Paul Michel, France, 1980's","breadcrumb":{"@id":"https:\/\/lalmachine.com\/de\/shop\/meubler\/table-basse-dappoint\/table-basse-bar-en-erable-mouchete-paul-michel-france-1980s\/#breadcrumb"},"inLanguage":"de","potentialAction":[{"@type":"ReadAction","target":["https:\/\/lalmachine.com\/de\/shop\/meubler\/table-basse-dappoint\/table-basse-bar-en-erable-mouchete-paul-michel-france-1980s\/"]}]},{"@type":"ImageObject","inLanguage":"de","@id":"https:\/\/lalmachine.com\/de\/shop\/meubler\/table-basse-dappoint\/table-basse-bar-en-erable-mouchete-paul-michel-france-1980s\/#primaryimage","url":"https:\/\/lalmachine.com\/wp-content\/uploads\/2024\/03\/2A191435-21C6-42D9-967C-6AAA361CB726_1_201_a-scaled_clipped_rev_1-scaled.jpeg","contentUrl":"https:\/\/lalmachine.com\/wp-content\/uploads\/2024\/03\/2A191435-21C6-42D9-967C-6AAA361CB726_1_201_a-scaled_clipped_rev_1-scaled.jpeg","width":2560,"height":2560,"caption":"Table basse Paul Michel"},{"@type":"BreadcrumbList","@id":"https:\/\/lalmachine.com\/de\/shop\/meubler\/table-basse-dappoint\/table-basse-bar-en-erable-mouchete-paul-michel-france-1980s\/#breadcrumb","itemListElement":[{"@type":"ListItem","position":1,"name":"Accueil","item":"https:\/\/lalmachine.com\/"},{"@type":"ListItem","position":2,"name":"Shop","item":"https:\/\/lalmachine.com\/shop\/"},{"@type":"ListItem","position":3,"name":"Table basse &amp; bar en \u00e9rable mouchet\u00e9, Paul Michel, France, 1980&rsquo;s"}]},{"@type":"WebSite","@id":"https:\/\/lalmachine.com\/#website","url":"https:\/\/lalmachine.com\/","name":"lalmachine.com","description":"Brocante en ligne Suisse | Mobilier et objets d\u00e9co vintage et design","potentialAction":[{"@type":"SearchAction","target":{"@type":"EntryPoint","urlTemplate":"https:\/\/lalmachine.com\/?s={search_term_string}"},"query-input":{"@type":"PropertyValueSpecification","valueRequired":true,"valueName":"search_term_string"}}],"inLanguage":"de"}]}},"_links":{"self":[{"href":"https:\/\/lalmachine.com\/de\/wp-json\/wp\/v2\/product\/325961","targetHints":{"allow":["GET"]}}],"collection":[{"href":"https:\/\/lalmachine.com\/de\/wp-json\/wp\/v2\/product"}],"about":[{"href":"https:\/\/lalmachine.com\/de\/wp-json\/wp\/v2\/types\/product"}],"wp:featuredmedia":[{"embeddable":true,"href":"https:\/\/lalmachine.com\/de\/wp-json\/wp\/v2\/media\/326098"}],"wp:attachment":[{"href":"https:\/\/lalmachine.com\/de\/wp-json\/wp\/v2\/media?parent=325961"}],"wp:term":[{"taxonomy":"product_brand","embeddable":true,"href":"https:\/\/lalmachine.com\/de\/wp-json\/wp\/v2\/product_brand?post=325961"},{"taxonomy":"product_cat","embeddable":true,"href":"https:\/\/lalmachine.com\/de\/wp-json\/wp\/v2\/product_cat?post=325961"},{"taxonomy":"product_tag","embeddable":true,"href":"https:\/\/lalmachine.com\/de\/wp-json\/wp\/v2\/product_tag?post=325961"},{"taxonomy":"proximite","embeddable":true,"href":"https:\/\/lalmachine.com\/de\/wp-json\/wp\/v2\/proximite?post=325961"}],"curies":[{"name":"wp","href":"https:\/\/api.w.org\/{rel}","templated":true}]}}