{"id":326746,"date":"2024-03-15T18:27:34","date_gmt":"2024-03-15T17:27:34","guid":{"rendered":"https:\/\/lalmachine.com\/?post_type=product&#038;p=326746"},"modified":"2024-12-05T22:04:46","modified_gmt":"2024-12-05T21:04:46","slug":"paire-de-fauteuils-lc2-de-le-corbusier-perriand-jeanneret-par-cassina","status":"publish","type":"product","link":"https:\/\/lalmachine.com\/de\/shop\/sasseoir\/canape-fauteuil-pouf\/paire-de-fauteuils-lc2-de-le-corbusier-perriand-jeanneret-par-cassina\/","title":{"rendered":"Paire de fauteuils LC2 de Le Corbusier, Perriand, Jeanneret par Cassina"},"content":{"rendered":"<ul class=\"wpuf_customs\"><li style=\"list-style-type:none;\"><label>Autres photos:<\/label> <a href=\"https:\/\/lalmachine.com\/wp-content\/uploads\/2024\/03\/0BEF44EF-C13F-4F5E-BBCF-29E7A5E28608.jpg\"><img loading=\"lazy\" decoding=\"async\" width=\"128\" height=\"72\" src=\"https:\/\/lalmachine.com\/wp-content\/uploads\/2024\/03\/0BEF44EF-C13F-4F5E-BBCF-29E7A5E28608.jpg\" class=\"attachment-thumbnail size-thumbnail\" alt=\"\" \/><\/a> <a href=\"https:\/\/lalmachine.com\/wp-content\/uploads\/2024\/03\/IMG_8075-scaled.jpeg\"><img loading=\"lazy\" decoding=\"async\" width=\"128\" height=\"96\" src=\"https:\/\/lalmachine.com\/wp-content\/uploads\/2024\/03\/IMG_8075-scaled.jpeg\" class=\"attachment-thumbnail size-thumbnail\" alt=\"\" \/><\/a> <a href=\"https:\/\/lalmachine.com\/wp-content\/uploads\/2024\/03\/IMG_8206-scaled.jpeg\"><img loading=\"lazy\" decoding=\"async\" width=\"128\" height=\"96\" src=\"https:\/\/lalmachine.com\/wp-content\/uploads\/2024\/03\/IMG_8206-scaled.jpeg\" class=\"attachment-thumbnail size-thumbnail\" alt=\"\" \/><\/a> <a href=\"https:\/\/lalmachine.com\/wp-content\/uploads\/2024\/03\/IMG_8206.jpg\"><img loading=\"lazy\" decoding=\"async\" width=\"128\" height=\"96\" src=\"https:\/\/lalmachine.com\/wp-content\/uploads\/2024\/03\/IMG_8206.jpg\" class=\"attachment-thumbnail size-thumbnail\" alt=\"\" \/><\/a> <a href=\"https:\/\/lalmachine.com\/wp-content\/uploads\/2024\/03\/IMG_8988.jpg\"><img loading=\"lazy\" decoding=\"async\" width=\"128\" height=\"41\" src=\"https:\/\/lalmachine.com\/wp-content\/uploads\/2024\/03\/IMG_8988.jpg\" class=\"attachment-thumbnail size-thumbnail\" alt=\"\" \/><\/a> <a href=\"https:\/\/lalmachine.com\/wp-content\/uploads\/2024\/03\/IMG_8990.jpg\"><img loading=\"lazy\" decoding=\"async\" width=\"101\" height=\"96\" src=\"https:\/\/lalmachine.com\/wp-content\/uploads\/2024\/03\/IMG_8990.jpg\" class=\"attachment-thumbnail size-thumbnail\" alt=\"\" \/><\/a> <a href=\"https:\/\/lalmachine.com\/wp-content\/uploads\/2024\/03\/IMG_8991.jpg\"><img loading=\"lazy\" decoding=\"async\" width=\"95\" height=\"96\" src=\"https:\/\/lalmachine.com\/wp-content\/uploads\/2024\/03\/IMG_8991.jpg\" class=\"attachment-thumbnail size-thumbnail\" alt=\"\" \/><\/a> <a href=\"https:\/\/lalmachine.com\/wp-content\/uploads\/2024\/03\/PHOTO-2023-08-13-16-14-07.jpg\"><img loading=\"lazy\" decoding=\"async\" width=\"128\" height=\"72\" src=\"https:\/\/lalmachine.com\/wp-content\/uploads\/2024\/03\/PHOTO-2023-08-13-16-14-07.jpg\" class=\"attachment-thumbnail size-thumbnail\" alt=\"\" \/><\/a> <a href=\"https:\/\/lalmachine.com\/wp-content\/uploads\/2024\/03\/Unknown.jpeg\"><img loading=\"lazy\" decoding=\"async\" width=\"128\" height=\"43\" src=\"https:\/\/lalmachine.com\/wp-content\/uploads\/2024\/03\/Unknown.jpeg\" class=\"attachment-thumbnail size-thumbnail\" alt=\"\" \/><\/a> <\/li>        <li class=\"wpuf-field-data wpuf-field-data-numeric_text_field\">\n                            <label>Prix:<\/label>\n                        5600        <\/li>\n                <li class=\"wpuf-field-data wpuf-field-data-numeric_text_field\">\n                            <label>Hauteur (cm):<\/label>\n                        68        <\/li>\n                <li class=\"wpuf-field-data wpuf-field-data-numeric_text_field\">\n                            <label>Largeur (cm):<\/label>\n                        76        <\/li>\n                <li class=\"wpuf-field-data wpuf-field-data-numeric_text_field\">\n                            <label>Profondeur (cm):<\/label>\n                        70        <\/li>\n        <\/ul>","protected":false},"excerpt":{"rendered":"<p>Paire de fauteuils LC2 de Le Corbusier, Perriand et Jeanneret par Cassina.<br \/>\nLes sangles sont neuves et le cuir a sa patine mais en tr\u00e8s bon \u00e9tat.<br \/>\nSignature et no de s\u00e9rie grav\u00e9 dans le ch\u00e2ssis chrom\u00e9.<\/p>","protected":false},"featured_media":326736,"template":"","meta":{"_et_pb_use_builder":"","_et_pb_old_content":"","_et_gb_content_width":""},"product_brand":[],"product_cat":[99,48],"product_tag":[],"proximite":[180],"class_list":{"0":"post-326746","1":"product","2":"type-product","3":"status-publish","4":"has-post-thumbnail","6":"product_cat-canape-fauteuil-pouf","7":"product_cat-sasseoir","8":"pa_couleur-noir","9":"pa_designer-le-corbusier","10":"pa_etat-tres-bon-etat","11":"pa_materiau-cuir","12":"pa_style-design","13":"proximite-geneve","15":"first","16":"outofstock","17":"shipping-taxable","18":"purchasable","19":"product-type-simple"},"yoast_head":"<!-- This site is optimized with the Yoast SEO plugin v27.4 - https:\/\/yoast.com\/product\/yoast-seo-wordpress\/ -->\n<title>Paire de fauteuils LC2 de Le Corbusier, Perriand, Jeanneret par Cassina | lalmachine.com, mobilier et objets d\u00e9co vintage et design<\/title>\n<meta name=\"description\" content=\"Paire de fauteuils LC2 de Le Corbusier, Perriand et Jeanneret par Cassina. Les sangles sont neuves et le cuir a sa patine mais en tr\u00e8s bon \u00e9tat.\" \/>\n<meta name=\"robots\" content=\"index, follow, max-snippet:-1, max-image-preview:large, max-video-preview:-1\" \/>\n<link rel=\"canonical\" href=\"https:\/\/lalmachine.com\/de\/shop\/sasseoir\/canape-fauteuil-pouf\/paire-de-fauteuils-lc2-de-le-corbusier-perriand-jeanneret-par-cassina\/\" \/>\n<meta property=\"og:locale\" content=\"de_DE\" \/>\n<meta property=\"og:type\" content=\"article\" \/>\n<meta property=\"og:title\" content=\"Paire de fauteuils LC2 de Le Corbusier, Perriand, Jeanneret par Cassina | lalmachine.com, mobilier et objets d\u00e9co vintage et design\" \/>\n<meta property=\"og:description\" content=\"Paire de fauteuils LC2 de Le Corbusier, Perriand et Jeanneret par Cassina. Les sangles sont neuves et le cuir a sa patine mais en tr\u00e8s bon \u00e9tat.\" \/>\n<meta property=\"og:url\" content=\"https:\/\/lalmachine.com\/de\/shop\/sasseoir\/canape-fauteuil-pouf\/paire-de-fauteuils-lc2-de-le-corbusier-perriand-jeanneret-par-cassina\/\" \/>\n<meta property=\"og:site_name\" content=\"lalmachine.com\" \/>\n<meta property=\"article:publisher\" content=\"https:\/\/facebook.com\/lalmachine\" \/>\n<meta property=\"article:modified_time\" content=\"2024-12-05T21:04:46+00:00\" \/>\n<meta property=\"og:image\" content=\"https:\/\/lalmachine.com\/wp-content\/uploads\/2024\/03\/LC2_Paire_fauteuils.png\" \/>\n\t<meta property=\"og:image:width\" content=\"1080\" \/>\n\t<meta property=\"og:image:height\" content=\"1080\" \/>\n\t<meta property=\"og:image:type\" content=\"image\/png\" \/>\n<meta name=\"twitter:card\" content=\"summary_large_image\" \/>\n<script type=\"application\/ld+json\" class=\"yoast-schema-graph\">{\"@context\":\"https:\\\/\\\/schema.org\",\"@graph\":[{\"@type\":\"WebPage\",\"@id\":\"https:\\\/\\\/lalmachine.com\\\/shop\\\/sasseoir\\\/canape-fauteuil-pouf\\\/paire-de-fauteuils-lc2-de-le-corbusier-perriand-jeanneret-par-cassina\\\/\",\"url\":\"https:\\\/\\\/lalmachine.com\\\/shop\\\/sasseoir\\\/canape-fauteuil-pouf\\\/paire-de-fauteuils-lc2-de-le-corbusier-perriand-jeanneret-par-cassina\\\/\",\"name\":\"Paire de fauteuils LC2 de Le Corbusier, Perriand, Jeanneret par Cassina | lalmachine.com, mobilier et objets d\u00e9co vintage et design\",\"isPartOf\":{\"@id\":\"https:\\\/\\\/lalmachine.com\\\/#website\"},\"primaryImageOfPage\":{\"@id\":\"https:\\\/\\\/lalmachine.com\\\/shop\\\/sasseoir\\\/canape-fauteuil-pouf\\\/paire-de-fauteuils-lc2-de-le-corbusier-perriand-jeanneret-par-cassina\\\/#primaryimage\"},\"image\":{\"@id\":\"https:\\\/\\\/lalmachine.com\\\/shop\\\/sasseoir\\\/canape-fauteuil-pouf\\\/paire-de-fauteuils-lc2-de-le-corbusier-perriand-jeanneret-par-cassina\\\/#primaryimage\"},\"thumbnailUrl\":\"https:\\\/\\\/lalmachine.com\\\/wp-content\\\/uploads\\\/2024\\\/03\\\/LC2_Paire_fauteuils.png\",\"datePublished\":\"2024-03-15T17:27:34+00:00\",\"dateModified\":\"2024-12-05T21:04:46+00:00\",\"description\":\"Paire de fauteuils LC2 de Le Corbusier, Perriand et Jeanneret par Cassina. Les sangles sont neuves et le cuir a sa patine mais en tr\u00e8s bon \u00e9tat.\",\"breadcrumb\":{\"@id\":\"https:\\\/\\\/lalmachine.com\\\/shop\\\/sasseoir\\\/canape-fauteuil-pouf\\\/paire-de-fauteuils-lc2-de-le-corbusier-perriand-jeanneret-par-cassina\\\/#breadcrumb\"},\"inLanguage\":\"de\",\"potentialAction\":[{\"@type\":\"ReadAction\",\"target\":[\"https:\\\/\\\/lalmachine.com\\\/shop\\\/sasseoir\\\/canape-fauteuil-pouf\\\/paire-de-fauteuils-lc2-de-le-corbusier-perriand-jeanneret-par-cassina\\\/\"]}]},{\"@type\":\"ImageObject\",\"inLanguage\":\"de\",\"@id\":\"https:\\\/\\\/lalmachine.com\\\/shop\\\/sasseoir\\\/canape-fauteuil-pouf\\\/paire-de-fauteuils-lc2-de-le-corbusier-perriand-jeanneret-par-cassina\\\/#primaryimage\",\"url\":\"https:\\\/\\\/lalmachine.com\\\/wp-content\\\/uploads\\\/2024\\\/03\\\/LC2_Paire_fauteuils.png\",\"contentUrl\":\"https:\\\/\\\/lalmachine.com\\\/wp-content\\\/uploads\\\/2024\\\/03\\\/LC2_Paire_fauteuils.png\",\"width\":1080,\"height\":1080},{\"@type\":\"BreadcrumbList\",\"@id\":\"https:\\\/\\\/lalmachine.com\\\/shop\\\/sasseoir\\\/canape-fauteuil-pouf\\\/paire-de-fauteuils-lc2-de-le-corbusier-perriand-jeanneret-par-cassina\\\/#breadcrumb\",\"itemListElement\":[{\"@type\":\"ListItem\",\"position\":1,\"name\":\"Accueil\",\"item\":\"https:\\\/\\\/lalmachine.com\\\/\"},{\"@type\":\"ListItem\",\"position\":2,\"name\":\"Shop\",\"item\":\"https:\\\/\\\/lalmachine.com\\\/shop\\\/\"},{\"@type\":\"ListItem\",\"position\":3,\"name\":\"Paire de fauteuils LC2 de Le Corbusier, Perriand, Jeanneret par Cassina\"}]},{\"@type\":\"WebSite\",\"@id\":\"https:\\\/\\\/lalmachine.com\\\/#website\",\"url\":\"https:\\\/\\\/lalmachine.com\\\/\",\"name\":\"lalmachine.com\",\"description\":\"Brocante en ligne Suisse | Mobilier et objets d\u00e9co vintage et design\",\"potentialAction\":[{\"@type\":\"SearchAction\",\"target\":{\"@type\":\"EntryPoint\",\"urlTemplate\":\"https:\\\/\\\/lalmachine.com\\\/?s={search_term_string}\"},\"query-input\":{\"@type\":\"PropertyValueSpecification\",\"valueRequired\":true,\"valueName\":\"search_term_string\"}}],\"inLanguage\":\"de\"}]}<\/script>\n<!-- \/ Yoast SEO plugin. -->","yoast_head_json":{"title":"Paire de fauteuils LC2 de Le Corbusier, Perriand, Jeanneret par Cassina | lalmachine.com, mobilier et objets d\u00e9co vintage et design","description":"Paire de fauteuils LC2 de Le Corbusier, Perriand et Jeanneret par Cassina. Les sangles sont neuves et le cuir a sa patine mais en tr\u00e8s bon \u00e9tat.","robots":{"index":"index","follow":"follow","max-snippet":"max-snippet:-1","max-image-preview":"max-image-preview:large","max-video-preview":"max-video-preview:-1"},"canonical":"https:\/\/lalmachine.com\/de\/shop\/sasseoir\/canape-fauteuil-pouf\/paire-de-fauteuils-lc2-de-le-corbusier-perriand-jeanneret-par-cassina\/","og_locale":"de_DE","og_type":"article","og_title":"Paire de fauteuils LC2 de Le Corbusier, Perriand, Jeanneret par Cassina | lalmachine.com, mobilier et objets d\u00e9co vintage et design","og_description":"Paire de fauteuils LC2 de Le Corbusier, Perriand et Jeanneret par Cassina. Les sangles sont neuves et le cuir a sa patine mais en tr\u00e8s bon \u00e9tat.","og_url":"https:\/\/lalmachine.com\/de\/shop\/sasseoir\/canape-fauteuil-pouf\/paire-de-fauteuils-lc2-de-le-corbusier-perriand-jeanneret-par-cassina\/","og_site_name":"lalmachine.com","article_publisher":"https:\/\/facebook.com\/lalmachine","article_modified_time":"2024-12-05T21:04:46+00:00","og_image":[{"width":1080,"height":1080,"url":"https:\/\/lalmachine.com\/wp-content\/uploads\/2024\/03\/LC2_Paire_fauteuils.png","type":"image\/png"}],"twitter_card":"summary_large_image","schema":{"@context":"https:\/\/schema.org","@graph":[{"@type":"WebPage","@id":"https:\/\/lalmachine.com\/shop\/sasseoir\/canape-fauteuil-pouf\/paire-de-fauteuils-lc2-de-le-corbusier-perriand-jeanneret-par-cassina\/","url":"https:\/\/lalmachine.com\/shop\/sasseoir\/canape-fauteuil-pouf\/paire-de-fauteuils-lc2-de-le-corbusier-perriand-jeanneret-par-cassina\/","name":"Paire de fauteuils LC2 de Le Corbusier, Perriand, Jeanneret par Cassina | lalmachine.com, mobilier et objets d\u00e9co vintage et design","isPartOf":{"@id":"https:\/\/lalmachine.com\/#website"},"primaryImageOfPage":{"@id":"https:\/\/lalmachine.com\/shop\/sasseoir\/canape-fauteuil-pouf\/paire-de-fauteuils-lc2-de-le-corbusier-perriand-jeanneret-par-cassina\/#primaryimage"},"image":{"@id":"https:\/\/lalmachine.com\/shop\/sasseoir\/canape-fauteuil-pouf\/paire-de-fauteuils-lc2-de-le-corbusier-perriand-jeanneret-par-cassina\/#primaryimage"},"thumbnailUrl":"https:\/\/lalmachine.com\/wp-content\/uploads\/2024\/03\/LC2_Paire_fauteuils.png","datePublished":"2024-03-15T17:27:34+00:00","dateModified":"2024-12-05T21:04:46+00:00","description":"Paire de fauteuils LC2 de Le Corbusier, Perriand et Jeanneret par Cassina. Les sangles sont neuves et le cuir a sa patine mais en tr\u00e8s bon \u00e9tat.","breadcrumb":{"@id":"https:\/\/lalmachine.com\/shop\/sasseoir\/canape-fauteuil-pouf\/paire-de-fauteuils-lc2-de-le-corbusier-perriand-jeanneret-par-cassina\/#breadcrumb"},"inLanguage":"de","potentialAction":[{"@type":"ReadAction","target":["https:\/\/lalmachine.com\/shop\/sasseoir\/canape-fauteuil-pouf\/paire-de-fauteuils-lc2-de-le-corbusier-perriand-jeanneret-par-cassina\/"]}]},{"@type":"ImageObject","inLanguage":"de","@id":"https:\/\/lalmachine.com\/shop\/sasseoir\/canape-fauteuil-pouf\/paire-de-fauteuils-lc2-de-le-corbusier-perriand-jeanneret-par-cassina\/#primaryimage","url":"https:\/\/lalmachine.com\/wp-content\/uploads\/2024\/03\/LC2_Paire_fauteuils.png","contentUrl":"https:\/\/lalmachine.com\/wp-content\/uploads\/2024\/03\/LC2_Paire_fauteuils.png","width":1080,"height":1080},{"@type":"BreadcrumbList","@id":"https:\/\/lalmachine.com\/shop\/sasseoir\/canape-fauteuil-pouf\/paire-de-fauteuils-lc2-de-le-corbusier-perriand-jeanneret-par-cassina\/#breadcrumb","itemListElement":[{"@type":"ListItem","position":1,"name":"Accueil","item":"https:\/\/lalmachine.com\/"},{"@type":"ListItem","position":2,"name":"Shop","item":"https:\/\/lalmachine.com\/shop\/"},{"@type":"ListItem","position":3,"name":"Paire de fauteuils LC2 de Le Corbusier, Perriand, Jeanneret par Cassina"}]},{"@type":"WebSite","@id":"https:\/\/lalmachine.com\/#website","url":"https:\/\/lalmachine.com\/","name":"lalmachine.com","description":"Brocante en ligne Suisse | Mobilier et objets d\u00e9co vintage et design","potentialAction":[{"@type":"SearchAction","target":{"@type":"EntryPoint","urlTemplate":"https:\/\/lalmachine.com\/?s={search_term_string}"},"query-input":{"@type":"PropertyValueSpecification","valueRequired":true,"valueName":"search_term_string"}}],"inLanguage":"de"}]}},"_links":{"self":[{"href":"https:\/\/lalmachine.com\/de\/wp-json\/wp\/v2\/product\/326746","targetHints":{"allow":["GET"]}}],"collection":[{"href":"https:\/\/lalmachine.com\/de\/wp-json\/wp\/v2\/product"}],"about":[{"href":"https:\/\/lalmachine.com\/de\/wp-json\/wp\/v2\/types\/product"}],"wp:featuredmedia":[{"embeddable":true,"href":"https:\/\/lalmachine.com\/de\/wp-json\/wp\/v2\/media\/326736"}],"wp:attachment":[{"href":"https:\/\/lalmachine.com\/de\/wp-json\/wp\/v2\/media?parent=326746"}],"wp:term":[{"taxonomy":"product_brand","embeddable":true,"href":"https:\/\/lalmachine.com\/de\/wp-json\/wp\/v2\/product_brand?post=326746"},{"taxonomy":"product_cat","embeddable":true,"href":"https:\/\/lalmachine.com\/de\/wp-json\/wp\/v2\/product_cat?post=326746"},{"taxonomy":"product_tag","embeddable":true,"href":"https:\/\/lalmachine.com\/de\/wp-json\/wp\/v2\/product_tag?post=326746"},{"taxonomy":"proximite","embeddable":true,"href":"https:\/\/lalmachine.com\/de\/wp-json\/wp\/v2\/proximite?post=326746"}],"curies":[{"name":"wp","href":"https:\/\/api.w.org\/{rel}","templated":true}]}}