{"id":327913,"date":"2024-04-02T13:51:41","date_gmt":"2024-04-02T11:51:41","guid":{"rendered":"https:\/\/lalmachine.com\/?post_type=product&#038;p=327913"},"modified":"2025-04-09T11:32:08","modified_gmt":"2025-04-09T09:32:08","slug":"serigraphie-sur-toile-de-lin-dapres-un-carton-de-rene-fumeron","status":"publish","type":"product","link":"https:\/\/lalmachine.com\/de\/shop\/decorer\/art-and-co\/serigraphie-sur-toile-de-lin-dapres-un-carton-de-rene-fumeron\/","title":{"rendered":"S\u00e9rigraphie sur toile de lin d\u2019apr\u00e8s un carton de Ren\u00e9 Fumeron"},"content":{"rendered":"<ul class=\"wpuf_customs\"><li style=\"list-style-type:none;\"><label>Autres photos:<\/label> <a href=\"https:\/\/lalmachine.com\/wp-content\/uploads\/2024\/04\/tapisserie-vintage-rene-fumeron-vente-la-boutique-du-mail-geneve.jpg\"><img loading=\"lazy\" decoding=\"async\" width=\"72\" height=\"96\" src=\"https:\/\/lalmachine.com\/wp-content\/uploads\/2024\/04\/tapisserie-vintage-rene-fumeron-vente-la-boutique-du-mail-geneve.jpg\" class=\"attachment-thumbnail size-thumbnail\" alt=\"\" \/><\/a> <a href=\"https:\/\/lalmachine.com\/wp-content\/uploads\/2024\/04\/allegorie-musique-tapisserie-rene-fumeron-vente-la-boutique-du-mail-geneve.jpg\"><img loading=\"lazy\" decoding=\"async\" width=\"72\" height=\"96\" src=\"https:\/\/lalmachine.com\/wp-content\/uploads\/2024\/04\/allegorie-musique-tapisserie-rene-fumeron-vente-la-boutique-du-mail-geneve.jpg\" class=\"attachment-thumbnail size-thumbnail\" alt=\"\" \/><\/a> <a href=\"https:\/\/lalmachine.com\/wp-content\/uploads\/2024\/04\/tapisserie-rene-fumeron-serigraphie-sur-toile-vente-la-boutique-du-mail-geneve.jpg\"><img loading=\"lazy\" decoding=\"async\" width=\"72\" height=\"96\" src=\"https:\/\/lalmachine.com\/wp-content\/uploads\/2024\/04\/tapisserie-rene-fumeron-serigraphie-sur-toile-vente-la-boutique-du-mail-geneve.jpg\" class=\"attachment-thumbnail size-thumbnail\" alt=\"\" \/><\/a> <a href=\"https:\/\/lalmachine.com\/wp-content\/uploads\/2024\/04\/tapisserie-rene-fumeron-vente-la-boutique-du-mail-geneve.jpg\"><img loading=\"lazy\" decoding=\"async\" width=\"72\" height=\"96\" src=\"https:\/\/lalmachine.com\/wp-content\/uploads\/2024\/04\/tapisserie-rene-fumeron-vente-la-boutique-du-mail-geneve.jpg\" class=\"attachment-thumbnail size-thumbnail\" alt=\"\" \/><\/a> <a href=\"https:\/\/lalmachine.com\/wp-content\/uploads\/2024\/04\/serigraphie-sur-toile-tapisserie-vintage-rene-fumeron-vente-la-boutique-du-mail-geneve.jpg\"><img loading=\"lazy\" decoding=\"async\" width=\"69\" height=\"96\" src=\"https:\/\/lalmachine.com\/wp-content\/uploads\/2024\/04\/serigraphie-sur-toile-tapisserie-vintage-rene-fumeron-vente-la-boutique-du-mail-geneve.jpg\" class=\"attachment-thumbnail size-thumbnail\" alt=\"\" \/><\/a> <a href=\"https:\/\/lalmachine.com\/wp-content\/uploads\/2024\/04\/serigraphie-tapisserie-vintage-rene-fumeron-vente-la-boutique-du-mail-geneve.jpg\"><img loading=\"lazy\" decoding=\"async\" width=\"128\" height=\"96\" src=\"https:\/\/lalmachine.com\/wp-content\/uploads\/2024\/04\/serigraphie-tapisserie-vintage-rene-fumeron-vente-la-boutique-du-mail-geneve.jpg\" class=\"attachment-thumbnail size-thumbnail\" alt=\"\" \/><\/a> <a href=\"https:\/\/lalmachine.com\/wp-content\/uploads\/2024\/04\/tapisserie-rene-fumeron-vente-la-boutique-du-mail-vintage-geneve.jpg\"><img loading=\"lazy\" decoding=\"async\" width=\"128\" height=\"96\" src=\"https:\/\/lalmachine.com\/wp-content\/uploads\/2024\/04\/tapisserie-rene-fumeron-vente-la-boutique-du-mail-vintage-geneve.jpg\" class=\"attachment-thumbnail size-thumbnail\" alt=\"\" \/><\/a> <\/li>        <li class=\"wpuf-field-data wpuf-field-data-numeric_text_field\">\n                            <label>Prix:<\/label>\n                        800        <\/li>\n                <li class=\"wpuf-field-data wpuf-field-data-numeric_text_field\">\n                            <label>Quantit\u00e9:<\/label>\n                        0        <\/li>\n                <li class=\"wpuf-field-data wpuf-field-data-numeric_text_field\">\n                            <label>Hauteur (cm):<\/label>\n                        128        <\/li>\n                <li class=\"wpuf-field-data wpuf-field-data-numeric_text_field\">\n                            <label>Largeur (cm):<\/label>\n                        153        <\/li>\n                <li class=\"wpuf-field-data wpuf-field-data-numeric_text_field\">\n                            <label>Profondeur (cm):<\/label>\n                        2        <\/li>\n        <\/ul>","protected":false},"excerpt":{"rendered":"<p>Belle s\u00e9rigraphie sur toile de lin, mont\u00e9e sur ch\u00e2ssis, d\u2019apr\u00e8s un carton* de Ren\u00e9 Fumeron.<br \/>\nIntitul\u00e9 \u00ab All\u00e9gorie en musique \u00bb, repr\u00e9sentant une charmante sc\u00e8ne d&rsquo;une violoncelliste entour\u00e9e d\u2019oiseaux et d&rsquo;arbres stylis\u00e9s.<\/p>\n<p>Ren\u00e9 Fumeron<br \/>\nPeintre cartonnier et d\u00e9corateur (fran\u00e7ais, 1921-2004)<\/p>\n<p>Ren\u00e9 Fumeron reste avant tout connu pour ses tapisseries. Il en a sign\u00e9 plus de mille, tiss\u00e9es aux Gobelins \u00e0 Paris et \u00e0 Aubusson, localit\u00e9 du d\u00e9partement de la Creuse (F), qui doit sa r\u00e9putation \u00e0 ses manufactures de tapisserie. La tapisserie d&rsquo;Aubusson compte six si\u00e8cles d\u2019histoire du XVe si\u00e8cle jusqu\u2019\u00e0 nos jours.<\/p>\n<p>Fumeron aborde \u00e0 travers ces r\u00e9alisations un th\u00e8me qui lui tient \u00e0 c\u0153ur : la nature. L\u2019eau, le feu et les v\u00e9g\u00e9tations sont des \u00e9l\u00e9ments r\u00e9currents dans ses cr\u00e9ations. Son travail retranscrit une r\u00e9elle sensibilit\u00e9 et un go\u00fbt de la pr\u00e9cision. Il r\u00e9alise de tr\u00e8s nombreuses commandes priv\u00e9es et publiques, et participe avec d\u2019autres cr\u00e9ateurs peintres cartonniers \u00e0 la r\u00e9alisation des tapisseries pour les appartements du paquebot \u00ab\u00a0France\u00a0\u00bb.<\/p>\n<p>* Un carton d\u2019artiste est un dessin \u00e0 l\u2019\u00e9chelle 1 : 1, en g\u00e9n\u00e9rale peint sur toile, qui servira \u00e0 la r\u00e9alisation d&rsquo;une tapisserie.<\/p>","protected":false},"featured_media":327967,"template":"","meta":{"_et_pb_use_builder":"","_et_pb_old_content":"","_et_gb_content_width":""},"product_brand":[],"product_cat":[365,50],"product_tag":[],"proximite":[180],"class_list":{"0":"post-327913","1":"product","2":"type-product","3":"status-publish","4":"has-post-thumbnail","6":"product_cat-art-and-co","7":"product_cat-decorer","8":"pa_couleur-multicolore","9":"pa_etat-tres-bon-etat","10":"pa_materiau-tissu","11":"pa_style-vintage","12":"proximite-geneve","14":"first","15":"outofstock","16":"shipping-taxable","17":"purchasable","18":"product-type-simple"},"yoast_head":"<!-- This site is optimized with the Yoast SEO plugin v27.4 - https:\/\/yoast.com\/product\/yoast-seo-wordpress\/ -->\n<title>S\u00e9rigraphie sur toile de lin d\u2019apr\u00e8s un carton de Ren\u00e9 Fumeron | lalmachine.com<\/title>\n<meta name=\"description\" content=\"Belle s\u00e9rigraphie sur toile de lin, mont\u00e9e sur ch\u00e2ssis, d\u2019apr\u00e8s un carton* de Ren\u00e9 Fumeron.\" \/>\n<meta name=\"robots\" content=\"index, follow, max-snippet:-1, max-image-preview:large, max-video-preview:-1\" \/>\n<link rel=\"canonical\" href=\"https:\/\/lalmachine.com\/de\/shop\/decorer\/art-and-co\/serigraphie-sur-toile-de-lin-dapres-un-carton-de-rene-fumeron\/\" \/>\n<meta property=\"og:locale\" content=\"de_DE\" \/>\n<meta property=\"og:type\" content=\"article\" \/>\n<meta property=\"og:title\" content=\"S\u00e9rigraphie sur toile de lin d\u2019apr\u00e8s un carton de Ren\u00e9 Fumeron | lalmachine.com\" \/>\n<meta property=\"og:description\" content=\"Belle s\u00e9rigraphie sur toile de lin, mont\u00e9e sur ch\u00e2ssis, d\u2019apr\u00e8s un carton* de Ren\u00e9 Fumeron.\" \/>\n<meta property=\"og:url\" content=\"https:\/\/lalmachine.com\/de\/shop\/decorer\/art-and-co\/serigraphie-sur-toile-de-lin-dapres-un-carton-de-rene-fumeron\/\" \/>\n<meta property=\"og:site_name\" content=\"lalmachine.com\" \/>\n<meta property=\"article:publisher\" content=\"https:\/\/facebook.com\/lalmachine\" \/>\n<meta property=\"article:modified_time\" content=\"2025-04-09T09:32:08+00:00\" \/>\n<meta property=\"og:image\" content=\"https:\/\/lalmachine.com\/wp-content\/uploads\/2024\/04\/allegorie-en-musique-tapisserie-rene-fumeron-vente-la-boutique-du-mail-geneve_clipped_rev_1.jpeg\" \/>\n\t<meta property=\"og:image:width\" content=\"1222\" \/>\n\t<meta property=\"og:image:height\" content=\"1221\" \/>\n\t<meta property=\"og:image:type\" content=\"image\/jpeg\" \/>\n<meta name=\"twitter:card\" content=\"summary_large_image\" \/>\n<script type=\"application\/ld+json\" class=\"yoast-schema-graph\">{\"@context\":\"https:\\\/\\\/schema.org\",\"@graph\":[{\"@type\":\"WebPage\",\"@id\":\"https:\\\/\\\/lalmachine.com\\\/shop\\\/decorer\\\/art-and-co\\\/serigraphie-sur-toile-de-lin-dapres-un-carton-de-rene-fumeron\\\/\",\"url\":\"https:\\\/\\\/lalmachine.com\\\/shop\\\/decorer\\\/art-and-co\\\/serigraphie-sur-toile-de-lin-dapres-un-carton-de-rene-fumeron\\\/\",\"name\":\"S\u00e9rigraphie sur toile de lin d\u2019apr\u00e8s un carton de Ren\u00e9 Fumeron | lalmachine.com\",\"isPartOf\":{\"@id\":\"https:\\\/\\\/lalmachine.com\\\/#website\"},\"primaryImageOfPage\":{\"@id\":\"https:\\\/\\\/lalmachine.com\\\/shop\\\/decorer\\\/art-and-co\\\/serigraphie-sur-toile-de-lin-dapres-un-carton-de-rene-fumeron\\\/#primaryimage\"},\"image\":{\"@id\":\"https:\\\/\\\/lalmachine.com\\\/shop\\\/decorer\\\/art-and-co\\\/serigraphie-sur-toile-de-lin-dapres-un-carton-de-rene-fumeron\\\/#primaryimage\"},\"thumbnailUrl\":\"https:\\\/\\\/lalmachine.com\\\/wp-content\\\/uploads\\\/2024\\\/04\\\/allegorie-en-musique-tapisserie-rene-fumeron-vente-la-boutique-du-mail-geneve_clipped_rev_1.jpeg\",\"datePublished\":\"2024-04-02T11:51:41+00:00\",\"dateModified\":\"2025-04-09T09:32:08+00:00\",\"description\":\"Belle s\u00e9rigraphie sur toile de lin, mont\u00e9e sur ch\u00e2ssis, d\u2019apr\u00e8s un carton* de Ren\u00e9 Fumeron.\",\"breadcrumb\":{\"@id\":\"https:\\\/\\\/lalmachine.com\\\/shop\\\/decorer\\\/art-and-co\\\/serigraphie-sur-toile-de-lin-dapres-un-carton-de-rene-fumeron\\\/#breadcrumb\"},\"inLanguage\":\"de\",\"potentialAction\":[{\"@type\":\"ReadAction\",\"target\":[\"https:\\\/\\\/lalmachine.com\\\/shop\\\/decorer\\\/art-and-co\\\/serigraphie-sur-toile-de-lin-dapres-un-carton-de-rene-fumeron\\\/\"]}]},{\"@type\":\"ImageObject\",\"inLanguage\":\"de\",\"@id\":\"https:\\\/\\\/lalmachine.com\\\/shop\\\/decorer\\\/art-and-co\\\/serigraphie-sur-toile-de-lin-dapres-un-carton-de-rene-fumeron\\\/#primaryimage\",\"url\":\"https:\\\/\\\/lalmachine.com\\\/wp-content\\\/uploads\\\/2024\\\/04\\\/allegorie-en-musique-tapisserie-rene-fumeron-vente-la-boutique-du-mail-geneve_clipped_rev_1.jpeg\",\"contentUrl\":\"https:\\\/\\\/lalmachine.com\\\/wp-content\\\/uploads\\\/2024\\\/04\\\/allegorie-en-musique-tapisserie-rene-fumeron-vente-la-boutique-du-mail-geneve_clipped_rev_1.jpeg\",\"width\":1222,\"height\":1221},{\"@type\":\"BreadcrumbList\",\"@id\":\"https:\\\/\\\/lalmachine.com\\\/shop\\\/decorer\\\/art-and-co\\\/serigraphie-sur-toile-de-lin-dapres-un-carton-de-rene-fumeron\\\/#breadcrumb\",\"itemListElement\":[{\"@type\":\"ListItem\",\"position\":1,\"name\":\"Accueil\",\"item\":\"https:\\\/\\\/lalmachine.com\\\/\"},{\"@type\":\"ListItem\",\"position\":2,\"name\":\"Shop\",\"item\":\"https:\\\/\\\/lalmachine.com\\\/shop\\\/\"},{\"@type\":\"ListItem\",\"position\":3,\"name\":\"S\u00e9rigraphie sur toile de lin d\u2019apr\u00e8s un carton de Ren\u00e9 Fumeron\"}]},{\"@type\":\"WebSite\",\"@id\":\"https:\\\/\\\/lalmachine.com\\\/#website\",\"url\":\"https:\\\/\\\/lalmachine.com\\\/\",\"name\":\"lalmachine.com\",\"description\":\"Brocante en ligne Suisse | Mobilier et objets d\u00e9co vintage et design\",\"potentialAction\":[{\"@type\":\"SearchAction\",\"target\":{\"@type\":\"EntryPoint\",\"urlTemplate\":\"https:\\\/\\\/lalmachine.com\\\/?s={search_term_string}\"},\"query-input\":{\"@type\":\"PropertyValueSpecification\",\"valueRequired\":true,\"valueName\":\"search_term_string\"}}],\"inLanguage\":\"de\"}]}<\/script>\n<!-- \/ Yoast SEO plugin. -->","yoast_head_json":{"title":"S\u00e9rigraphie sur toile de lin d\u2019apr\u00e8s un carton de Ren\u00e9 Fumeron | lalmachine.com","description":"Belle s\u00e9rigraphie sur toile de lin, mont\u00e9e sur ch\u00e2ssis, d\u2019apr\u00e8s un carton* de Ren\u00e9 Fumeron.","robots":{"index":"index","follow":"follow","max-snippet":"max-snippet:-1","max-image-preview":"max-image-preview:large","max-video-preview":"max-video-preview:-1"},"canonical":"https:\/\/lalmachine.com\/de\/shop\/decorer\/art-and-co\/serigraphie-sur-toile-de-lin-dapres-un-carton-de-rene-fumeron\/","og_locale":"de_DE","og_type":"article","og_title":"S\u00e9rigraphie sur toile de lin d\u2019apr\u00e8s un carton de Ren\u00e9 Fumeron | lalmachine.com","og_description":"Belle s\u00e9rigraphie sur toile de lin, mont\u00e9e sur ch\u00e2ssis, d\u2019apr\u00e8s un carton* de Ren\u00e9 Fumeron.","og_url":"https:\/\/lalmachine.com\/de\/shop\/decorer\/art-and-co\/serigraphie-sur-toile-de-lin-dapres-un-carton-de-rene-fumeron\/","og_site_name":"lalmachine.com","article_publisher":"https:\/\/facebook.com\/lalmachine","article_modified_time":"2025-04-09T09:32:08+00:00","og_image":[{"width":1222,"height":1221,"url":"https:\/\/lalmachine.com\/wp-content\/uploads\/2024\/04\/allegorie-en-musique-tapisserie-rene-fumeron-vente-la-boutique-du-mail-geneve_clipped_rev_1.jpeg","type":"image\/jpeg"}],"twitter_card":"summary_large_image","schema":{"@context":"https:\/\/schema.org","@graph":[{"@type":"WebPage","@id":"https:\/\/lalmachine.com\/shop\/decorer\/art-and-co\/serigraphie-sur-toile-de-lin-dapres-un-carton-de-rene-fumeron\/","url":"https:\/\/lalmachine.com\/shop\/decorer\/art-and-co\/serigraphie-sur-toile-de-lin-dapres-un-carton-de-rene-fumeron\/","name":"S\u00e9rigraphie sur toile de lin d\u2019apr\u00e8s un carton de Ren\u00e9 Fumeron | lalmachine.com","isPartOf":{"@id":"https:\/\/lalmachine.com\/#website"},"primaryImageOfPage":{"@id":"https:\/\/lalmachine.com\/shop\/decorer\/art-and-co\/serigraphie-sur-toile-de-lin-dapres-un-carton-de-rene-fumeron\/#primaryimage"},"image":{"@id":"https:\/\/lalmachine.com\/shop\/decorer\/art-and-co\/serigraphie-sur-toile-de-lin-dapres-un-carton-de-rene-fumeron\/#primaryimage"},"thumbnailUrl":"https:\/\/lalmachine.com\/wp-content\/uploads\/2024\/04\/allegorie-en-musique-tapisserie-rene-fumeron-vente-la-boutique-du-mail-geneve_clipped_rev_1.jpeg","datePublished":"2024-04-02T11:51:41+00:00","dateModified":"2025-04-09T09:32:08+00:00","description":"Belle s\u00e9rigraphie sur toile de lin, mont\u00e9e sur ch\u00e2ssis, d\u2019apr\u00e8s un carton* de Ren\u00e9 Fumeron.","breadcrumb":{"@id":"https:\/\/lalmachine.com\/shop\/decorer\/art-and-co\/serigraphie-sur-toile-de-lin-dapres-un-carton-de-rene-fumeron\/#breadcrumb"},"inLanguage":"de","potentialAction":[{"@type":"ReadAction","target":["https:\/\/lalmachine.com\/shop\/decorer\/art-and-co\/serigraphie-sur-toile-de-lin-dapres-un-carton-de-rene-fumeron\/"]}]},{"@type":"ImageObject","inLanguage":"de","@id":"https:\/\/lalmachine.com\/shop\/decorer\/art-and-co\/serigraphie-sur-toile-de-lin-dapres-un-carton-de-rene-fumeron\/#primaryimage","url":"https:\/\/lalmachine.com\/wp-content\/uploads\/2024\/04\/allegorie-en-musique-tapisserie-rene-fumeron-vente-la-boutique-du-mail-geneve_clipped_rev_1.jpeg","contentUrl":"https:\/\/lalmachine.com\/wp-content\/uploads\/2024\/04\/allegorie-en-musique-tapisserie-rene-fumeron-vente-la-boutique-du-mail-geneve_clipped_rev_1.jpeg","width":1222,"height":1221},{"@type":"BreadcrumbList","@id":"https:\/\/lalmachine.com\/shop\/decorer\/art-and-co\/serigraphie-sur-toile-de-lin-dapres-un-carton-de-rene-fumeron\/#breadcrumb","itemListElement":[{"@type":"ListItem","position":1,"name":"Accueil","item":"https:\/\/lalmachine.com\/"},{"@type":"ListItem","position":2,"name":"Shop","item":"https:\/\/lalmachine.com\/shop\/"},{"@type":"ListItem","position":3,"name":"S\u00e9rigraphie sur toile de lin d\u2019apr\u00e8s un carton de Ren\u00e9 Fumeron"}]},{"@type":"WebSite","@id":"https:\/\/lalmachine.com\/#website","url":"https:\/\/lalmachine.com\/","name":"lalmachine.com","description":"Brocante en ligne Suisse | Mobilier et objets d\u00e9co vintage et design","potentialAction":[{"@type":"SearchAction","target":{"@type":"EntryPoint","urlTemplate":"https:\/\/lalmachine.com\/?s={search_term_string}"},"query-input":{"@type":"PropertyValueSpecification","valueRequired":true,"valueName":"search_term_string"}}],"inLanguage":"de"}]}},"_links":{"self":[{"href":"https:\/\/lalmachine.com\/de\/wp-json\/wp\/v2\/product\/327913","targetHints":{"allow":["GET"]}}],"collection":[{"href":"https:\/\/lalmachine.com\/de\/wp-json\/wp\/v2\/product"}],"about":[{"href":"https:\/\/lalmachine.com\/de\/wp-json\/wp\/v2\/types\/product"}],"wp:featuredmedia":[{"embeddable":true,"href":"https:\/\/lalmachine.com\/de\/wp-json\/wp\/v2\/media\/327967"}],"wp:attachment":[{"href":"https:\/\/lalmachine.com\/de\/wp-json\/wp\/v2\/media?parent=327913"}],"wp:term":[{"taxonomy":"product_brand","embeddable":true,"href":"https:\/\/lalmachine.com\/de\/wp-json\/wp\/v2\/product_brand?post=327913"},{"taxonomy":"product_cat","embeddable":true,"href":"https:\/\/lalmachine.com\/de\/wp-json\/wp\/v2\/product_cat?post=327913"},{"taxonomy":"product_tag","embeddable":true,"href":"https:\/\/lalmachine.com\/de\/wp-json\/wp\/v2\/product_tag?post=327913"},{"taxonomy":"proximite","embeddable":true,"href":"https:\/\/lalmachine.com\/de\/wp-json\/wp\/v2\/proximite?post=327913"}],"curies":[{"name":"wp","href":"https:\/\/api.w.org\/{rel}","templated":true}]}}