{"id":329854,"date":"2024-05-07T18:21:57","date_gmt":"2024-05-07T16:21:57","guid":{"rendered":"https:\/\/lalmachine.com\/?post_type=product&#038;p=329854"},"modified":"2024-12-05T22:05:13","modified_gmt":"2024-12-05T21:05:13","slug":"bureau-et-chaise-victoria-mobel-suisse-1970s","status":"publish","type":"product","link":"https:\/\/lalmachine.com\/de\/shop\/meubler\/bureau\/bureau-et-chaise-victoria-mobel-suisse-1970s\/","title":{"rendered":"Bureau et chaise Victoria M\u00f6bel, Suisse, 1970&rsquo;s"},"content":{"rendered":"<ul class=\"wpuf_customs\"><li style=\"list-style-type:none;\"><label>Autres photos:<\/label> <a href=\"https:\/\/lalmachine.com\/wp-content\/uploads\/2024\/05\/B9E1C3B2-7ADC-4433-9A5D-455B90C37CAD_1_201_a-scaled.jpeg\"><img loading=\"lazy\" decoding=\"async\" width=\"96\" height=\"96\" src=\"https:\/\/lalmachine.com\/wp-content\/uploads\/2024\/05\/B9E1C3B2-7ADC-4433-9A5D-455B90C37CAD_1_201_a-scaled.jpeg\" class=\"attachment-thumbnail size-thumbnail\" alt=\"\" \/><\/a> <a href=\"https:\/\/lalmachine.com\/wp-content\/uploads\/2024\/05\/816196A7-1AA8-4B9C-A315-2EBD450C4E27_1_201_a-scaled.jpeg\"><img loading=\"lazy\" decoding=\"async\" width=\"96\" height=\"96\" src=\"https:\/\/lalmachine.com\/wp-content\/uploads\/2024\/05\/816196A7-1AA8-4B9C-A315-2EBD450C4E27_1_201_a-scaled.jpeg\" class=\"attachment-thumbnail size-thumbnail\" alt=\"\" \/><\/a> <a href=\"https:\/\/lalmachine.com\/wp-content\/uploads\/2024\/05\/2726B6BD-2068-4D17-BEAA-9F746D0A286B_1_201_a-scaled.jpeg\"><img loading=\"lazy\" decoding=\"async\" width=\"96\" height=\"96\" src=\"https:\/\/lalmachine.com\/wp-content\/uploads\/2024\/05\/2726B6BD-2068-4D17-BEAA-9F746D0A286B_1_201_a-scaled.jpeg\" class=\"attachment-thumbnail size-thumbnail\" alt=\"\" \/><\/a> <a href=\"https:\/\/lalmachine.com\/wp-content\/uploads\/2024\/05\/041FFAAB-3CF7-4ACC-AF00-284AD3022424_1_201_a-scaled.jpeg\"><img loading=\"lazy\" decoding=\"async\" width=\"96\" height=\"96\" src=\"https:\/\/lalmachine.com\/wp-content\/uploads\/2024\/05\/041FFAAB-3CF7-4ACC-AF00-284AD3022424_1_201_a-scaled.jpeg\" class=\"attachment-thumbnail size-thumbnail\" alt=\"\" \/><\/a> <a href=\"https:\/\/lalmachine.com\/wp-content\/uploads\/2024\/05\/E10CF4E1-E0DE-4560-8188-390ED9BBA0C0_1_201_a.jpeg\"><img loading=\"lazy\" decoding=\"async\" width=\"96\" height=\"96\" src=\"https:\/\/lalmachine.com\/wp-content\/uploads\/2024\/05\/E10CF4E1-E0DE-4560-8188-390ED9BBA0C0_1_201_a.jpeg\" class=\"attachment-thumbnail size-thumbnail\" alt=\"\" \/><\/a> <a href=\"https:\/\/lalmachine.com\/wp-content\/uploads\/2024\/05\/2C581E6E-7CDC-4987-9F44-E0A7AE5AAE89_1_201_a-scaled.jpeg\"><img loading=\"lazy\" decoding=\"async\" width=\"96\" height=\"96\" src=\"https:\/\/lalmachine.com\/wp-content\/uploads\/2024\/05\/2C581E6E-7CDC-4987-9F44-E0A7AE5AAE89_1_201_a-scaled.jpeg\" class=\"attachment-thumbnail size-thumbnail\" alt=\"\" \/><\/a> <a href=\"https:\/\/lalmachine.com\/wp-content\/uploads\/2024\/05\/3FC990C8-1A30-410D-B146-FB426A2890C7_1_201_a-scaled.jpeg\"><img loading=\"lazy\" decoding=\"async\" width=\"96\" height=\"96\" src=\"https:\/\/lalmachine.com\/wp-content\/uploads\/2024\/05\/3FC990C8-1A30-410D-B146-FB426A2890C7_1_201_a-scaled.jpeg\" class=\"attachment-thumbnail size-thumbnail\" alt=\"\" \/><\/a> <a href=\"https:\/\/lalmachine.com\/wp-content\/uploads\/2024\/05\/870E5CE4-949E-4AEB-8BFF-5A1C38CD1A22_1_201_a-scaled.jpeg\"><img loading=\"lazy\" decoding=\"async\" width=\"96\" height=\"96\" src=\"https:\/\/lalmachine.com\/wp-content\/uploads\/2024\/05\/870E5CE4-949E-4AEB-8BFF-5A1C38CD1A22_1_201_a-scaled.jpeg\" class=\"attachment-thumbnail size-thumbnail\" alt=\"\" \/><\/a> <\/li>        <li class=\"wpuf-field-data wpuf-field-data-numeric_text_field\">\n                            <label>Prix:<\/label>\n                        480        <\/li>\n                <li class=\"wpuf-field-data wpuf-field-data-numeric_text_field\">\n                            <label>Quantit\u00e9:<\/label>\n                        0        <\/li>\n                <li class=\"wpuf-field-data wpuf-field-data-numeric_text_field\">\n                            <label>Hauteur (cm):<\/label>\n                        72        <\/li>\n                <li class=\"wpuf-field-data wpuf-field-data-numeric_text_field\">\n                            <label>Largeur (cm):<\/label>\n                        120        <\/li>\n                <li class=\"wpuf-field-data wpuf-field-data-numeric_text_field\">\n                            <label>Profondeur (cm):<\/label>\n                        60        <\/li>\n        <\/ul>","protected":false},"excerpt":{"rendered":"<p>Ensemble chaise\/bureau \u00ab\u00a0Victoria M\u00f6bel\u00a0\u00bb, Design Suisse des ann\u00e9es 70&rsquo;s. Simple, pratique et de bonne facture.<\/p>\n<p>Bureau en stratifi\u00e9 blanc, id\u00e9al pour l&rsquo;entretien, structure en fr\u00eane massif et tiroir en h\u00eatre massif avec compartiment \u00e0 stylo sp\u00e9cifique.<\/p>\n<p>Ni trop grand, ni trop petit, il offre un bel espace de travail. Les tiroirs ont la possibilit\u00e9 d&rsquo;\u00eatre plac\u00e9s d&rsquo;un c\u00f4t\u00e9 ou de l&rsquo;autre du bureau.<\/p>\n<p>Le mobilier Victoria de la fabrique de Baar dans le canton de Zoug a habill\u00e9 les int\u00e9rieurs helv\u00e8tes pendant pr\u00e8s de 60 ans. La marque \u00e0 la coccinelle, ayant souffert \u00e0 la fin des ann\u00e9es 90 de l&rsquo;implantation massive en Suisse des g\u00e9ants du secteur, s&rsquo;est humblement retir\u00e9e du march\u00e9 en 1998.<\/p>\n<p>Aujourd&rsquo;hui les quelques pi\u00e8ces que l&rsquo;on retrouve de \u00ab\u00a0Victoria M\u00f6bel\u00a0\u00bb sont souvent la preuve d&rsquo;une fabrication simple et de qualit\u00e9.<\/p>\n<p>Passage jambe 70 cm<br \/>\nHauteur sous plateau 63 cm<\/p>","protected":false},"featured_media":329856,"template":"","meta":{"_et_pb_use_builder":"","_et_pb_old_content":"","_et_gb_content_width":""},"product_brand":[],"product_cat":[85,47],"product_tag":[],"proximite":[283,179],"class_list":{"0":"post-329854","1":"product","2":"type-product","3":"status-publish","4":"has-post-thumbnail","6":"product_cat-bureau","7":"product_cat-meubler","8":"pa_couleur-blanc","9":"pa_etat-bon-etat","10":"pa_materiau-bois","11":"pa_style-vintage","12":"proximite-riviera-pays-denhaut","13":"proximite-vaud","15":"first","16":"outofstock","17":"sale","18":"shipping-taxable","19":"purchasable","20":"product-type-simple"},"yoast_head":"<!-- This site is optimized with the Yoast SEO plugin v27.4 - https:\/\/yoast.com\/product\/yoast-seo-wordpress\/ -->\n<title>Bureau et chaise Victoria M\u00f6bel, Suisse, 1970&#039;s | lalmachine.com<\/title>\n<meta name=\"description\" content=\"Ensemble chaise\/bureau &quot;Victoria M\u00f6bel&quot;, Design Suisse des ann\u00e9es 70&#039;s. Simple, pratique et de bonne facture.\" \/>\n<meta name=\"robots\" content=\"index, follow, max-snippet:-1, max-image-preview:large, max-video-preview:-1\" \/>\n<link rel=\"canonical\" href=\"https:\/\/lalmachine.com\/de\/shop\/meubler\/bureau\/bureau-et-chaise-victoria-mobel-suisse-1970s\/\" \/>\n<meta property=\"og:locale\" content=\"de_DE\" \/>\n<meta property=\"og:type\" content=\"article\" \/>\n<meta property=\"og:title\" content=\"Bureau et chaise Victoria M\u00f6bel, Suisse, 1970&#039;s | lalmachine.com\" \/>\n<meta property=\"og:description\" content=\"Ensemble chaise\/bureau &quot;Victoria M\u00f6bel&quot;, Design Suisse des ann\u00e9es 70&#039;s. Simple, pratique et de bonne facture.\" \/>\n<meta property=\"og:url\" content=\"https:\/\/lalmachine.com\/de\/shop\/meubler\/bureau\/bureau-et-chaise-victoria-mobel-suisse-1970s\/\" \/>\n<meta property=\"og:site_name\" content=\"lalmachine.com\" \/>\n<meta property=\"article:publisher\" content=\"https:\/\/facebook.com\/lalmachine\" \/>\n<meta property=\"article:modified_time\" content=\"2024-12-05T21:05:13+00:00\" \/>\n<meta property=\"og:image\" content=\"https:\/\/lalmachine.com\/wp-content\/uploads\/2024\/05\/EAC7B104-B10A-4CA4-BF53-F10677E51939_1_201_a-scaled_clipped_rev_1.jpeg\" \/>\n\t<meta property=\"og:image:width\" content=\"2303\" \/>\n\t<meta property=\"og:image:height\" content=\"2303\" \/>\n\t<meta property=\"og:image:type\" content=\"image\/jpeg\" \/>\n<meta name=\"twitter:card\" content=\"summary_large_image\" \/>\n<script type=\"application\/ld+json\" class=\"yoast-schema-graph\">{\"@context\":\"https:\\\/\\\/schema.org\",\"@graph\":[{\"@type\":\"WebPage\",\"@id\":\"https:\\\/\\\/lalmachine.com\\\/shop\\\/meubler\\\/bureau\\\/bureau-et-chaise-victoria-mobel-suisse-1970s\\\/\",\"url\":\"https:\\\/\\\/lalmachine.com\\\/shop\\\/meubler\\\/bureau\\\/bureau-et-chaise-victoria-mobel-suisse-1970s\\\/\",\"name\":\"Bureau et chaise Victoria M\u00f6bel, Suisse, 1970's | lalmachine.com\",\"isPartOf\":{\"@id\":\"https:\\\/\\\/lalmachine.com\\\/#website\"},\"primaryImageOfPage\":{\"@id\":\"https:\\\/\\\/lalmachine.com\\\/shop\\\/meubler\\\/bureau\\\/bureau-et-chaise-victoria-mobel-suisse-1970s\\\/#primaryimage\"},\"image\":{\"@id\":\"https:\\\/\\\/lalmachine.com\\\/shop\\\/meubler\\\/bureau\\\/bureau-et-chaise-victoria-mobel-suisse-1970s\\\/#primaryimage\"},\"thumbnailUrl\":\"https:\\\/\\\/lalmachine.com\\\/wp-content\\\/uploads\\\/2024\\\/05\\\/EAC7B104-B10A-4CA4-BF53-F10677E51939_1_201_a-scaled_clipped_rev_1.jpeg\",\"datePublished\":\"2024-05-07T16:21:57+00:00\",\"dateModified\":\"2024-12-05T21:05:13+00:00\",\"description\":\"Ensemble chaise\\\/bureau \\\"Victoria M\u00f6bel\\\", Design Suisse des ann\u00e9es 70's. Simple, pratique et de bonne facture.\",\"breadcrumb\":{\"@id\":\"https:\\\/\\\/lalmachine.com\\\/shop\\\/meubler\\\/bureau\\\/bureau-et-chaise-victoria-mobel-suisse-1970s\\\/#breadcrumb\"},\"inLanguage\":\"de\",\"potentialAction\":[{\"@type\":\"ReadAction\",\"target\":[\"https:\\\/\\\/lalmachine.com\\\/shop\\\/meubler\\\/bureau\\\/bureau-et-chaise-victoria-mobel-suisse-1970s\\\/\"]}]},{\"@type\":\"ImageObject\",\"inLanguage\":\"de\",\"@id\":\"https:\\\/\\\/lalmachine.com\\\/shop\\\/meubler\\\/bureau\\\/bureau-et-chaise-victoria-mobel-suisse-1970s\\\/#primaryimage\",\"url\":\"https:\\\/\\\/lalmachine.com\\\/wp-content\\\/uploads\\\/2024\\\/05\\\/EAC7B104-B10A-4CA4-BF53-F10677E51939_1_201_a-scaled_clipped_rev_1.jpeg\",\"contentUrl\":\"https:\\\/\\\/lalmachine.com\\\/wp-content\\\/uploads\\\/2024\\\/05\\\/EAC7B104-B10A-4CA4-BF53-F10677E51939_1_201_a-scaled_clipped_rev_1.jpeg\",\"width\":2303,\"height\":2303,\"caption\":\"Bureau et chaise Victoria M\u00f6bel\"},{\"@type\":\"BreadcrumbList\",\"@id\":\"https:\\\/\\\/lalmachine.com\\\/shop\\\/meubler\\\/bureau\\\/bureau-et-chaise-victoria-mobel-suisse-1970s\\\/#breadcrumb\",\"itemListElement\":[{\"@type\":\"ListItem\",\"position\":1,\"name\":\"Accueil\",\"item\":\"https:\\\/\\\/lalmachine.com\\\/\"},{\"@type\":\"ListItem\",\"position\":2,\"name\":\"Shop\",\"item\":\"https:\\\/\\\/lalmachine.com\\\/shop\\\/\"},{\"@type\":\"ListItem\",\"position\":3,\"name\":\"Bureau et chaise Victoria M\u00f6bel, Suisse, 1970&#8217;s\"}]},{\"@type\":\"WebSite\",\"@id\":\"https:\\\/\\\/lalmachine.com\\\/#website\",\"url\":\"https:\\\/\\\/lalmachine.com\\\/\",\"name\":\"lalmachine.com\",\"description\":\"Brocante en ligne Suisse | Mobilier et objets d\u00e9co vintage et design\",\"potentialAction\":[{\"@type\":\"SearchAction\",\"target\":{\"@type\":\"EntryPoint\",\"urlTemplate\":\"https:\\\/\\\/lalmachine.com\\\/?s={search_term_string}\"},\"query-input\":{\"@type\":\"PropertyValueSpecification\",\"valueRequired\":true,\"valueName\":\"search_term_string\"}}],\"inLanguage\":\"de\"}]}<\/script>\n<!-- \/ Yoast SEO plugin. -->","yoast_head_json":{"title":"Bureau et chaise Victoria M\u00f6bel, Suisse, 1970's | lalmachine.com","description":"Ensemble chaise\/bureau \"Victoria M\u00f6bel\", Design Suisse des ann\u00e9es 70's. Simple, pratique et de bonne facture.","robots":{"index":"index","follow":"follow","max-snippet":"max-snippet:-1","max-image-preview":"max-image-preview:large","max-video-preview":"max-video-preview:-1"},"canonical":"https:\/\/lalmachine.com\/de\/shop\/meubler\/bureau\/bureau-et-chaise-victoria-mobel-suisse-1970s\/","og_locale":"de_DE","og_type":"article","og_title":"Bureau et chaise Victoria M\u00f6bel, Suisse, 1970's | lalmachine.com","og_description":"Ensemble chaise\/bureau \"Victoria M\u00f6bel\", Design Suisse des ann\u00e9es 70's. Simple, pratique et de bonne facture.","og_url":"https:\/\/lalmachine.com\/de\/shop\/meubler\/bureau\/bureau-et-chaise-victoria-mobel-suisse-1970s\/","og_site_name":"lalmachine.com","article_publisher":"https:\/\/facebook.com\/lalmachine","article_modified_time":"2024-12-05T21:05:13+00:00","og_image":[{"width":2303,"height":2303,"url":"https:\/\/lalmachine.com\/wp-content\/uploads\/2024\/05\/EAC7B104-B10A-4CA4-BF53-F10677E51939_1_201_a-scaled_clipped_rev_1.jpeg","type":"image\/jpeg"}],"twitter_card":"summary_large_image","schema":{"@context":"https:\/\/schema.org","@graph":[{"@type":"WebPage","@id":"https:\/\/lalmachine.com\/shop\/meubler\/bureau\/bureau-et-chaise-victoria-mobel-suisse-1970s\/","url":"https:\/\/lalmachine.com\/shop\/meubler\/bureau\/bureau-et-chaise-victoria-mobel-suisse-1970s\/","name":"Bureau et chaise Victoria M\u00f6bel, Suisse, 1970's | lalmachine.com","isPartOf":{"@id":"https:\/\/lalmachine.com\/#website"},"primaryImageOfPage":{"@id":"https:\/\/lalmachine.com\/shop\/meubler\/bureau\/bureau-et-chaise-victoria-mobel-suisse-1970s\/#primaryimage"},"image":{"@id":"https:\/\/lalmachine.com\/shop\/meubler\/bureau\/bureau-et-chaise-victoria-mobel-suisse-1970s\/#primaryimage"},"thumbnailUrl":"https:\/\/lalmachine.com\/wp-content\/uploads\/2024\/05\/EAC7B104-B10A-4CA4-BF53-F10677E51939_1_201_a-scaled_clipped_rev_1.jpeg","datePublished":"2024-05-07T16:21:57+00:00","dateModified":"2024-12-05T21:05:13+00:00","description":"Ensemble chaise\/bureau \"Victoria M\u00f6bel\", Design Suisse des ann\u00e9es 70's. Simple, pratique et de bonne facture.","breadcrumb":{"@id":"https:\/\/lalmachine.com\/shop\/meubler\/bureau\/bureau-et-chaise-victoria-mobel-suisse-1970s\/#breadcrumb"},"inLanguage":"de","potentialAction":[{"@type":"ReadAction","target":["https:\/\/lalmachine.com\/shop\/meubler\/bureau\/bureau-et-chaise-victoria-mobel-suisse-1970s\/"]}]},{"@type":"ImageObject","inLanguage":"de","@id":"https:\/\/lalmachine.com\/shop\/meubler\/bureau\/bureau-et-chaise-victoria-mobel-suisse-1970s\/#primaryimage","url":"https:\/\/lalmachine.com\/wp-content\/uploads\/2024\/05\/EAC7B104-B10A-4CA4-BF53-F10677E51939_1_201_a-scaled_clipped_rev_1.jpeg","contentUrl":"https:\/\/lalmachine.com\/wp-content\/uploads\/2024\/05\/EAC7B104-B10A-4CA4-BF53-F10677E51939_1_201_a-scaled_clipped_rev_1.jpeg","width":2303,"height":2303,"caption":"Bureau et chaise Victoria M\u00f6bel"},{"@type":"BreadcrumbList","@id":"https:\/\/lalmachine.com\/shop\/meubler\/bureau\/bureau-et-chaise-victoria-mobel-suisse-1970s\/#breadcrumb","itemListElement":[{"@type":"ListItem","position":1,"name":"Accueil","item":"https:\/\/lalmachine.com\/"},{"@type":"ListItem","position":2,"name":"Shop","item":"https:\/\/lalmachine.com\/shop\/"},{"@type":"ListItem","position":3,"name":"Bureau et chaise Victoria M\u00f6bel, Suisse, 1970&#8217;s"}]},{"@type":"WebSite","@id":"https:\/\/lalmachine.com\/#website","url":"https:\/\/lalmachine.com\/","name":"lalmachine.com","description":"Brocante en ligne Suisse | Mobilier et objets d\u00e9co vintage et design","potentialAction":[{"@type":"SearchAction","target":{"@type":"EntryPoint","urlTemplate":"https:\/\/lalmachine.com\/?s={search_term_string}"},"query-input":{"@type":"PropertyValueSpecification","valueRequired":true,"valueName":"search_term_string"}}],"inLanguage":"de"}]}},"_links":{"self":[{"href":"https:\/\/lalmachine.com\/de\/wp-json\/wp\/v2\/product\/329854","targetHints":{"allow":["GET"]}}],"collection":[{"href":"https:\/\/lalmachine.com\/de\/wp-json\/wp\/v2\/product"}],"about":[{"href":"https:\/\/lalmachine.com\/de\/wp-json\/wp\/v2\/types\/product"}],"wp:featuredmedia":[{"embeddable":true,"href":"https:\/\/lalmachine.com\/de\/wp-json\/wp\/v2\/media\/329856"}],"wp:attachment":[{"href":"https:\/\/lalmachine.com\/de\/wp-json\/wp\/v2\/media?parent=329854"}],"wp:term":[{"taxonomy":"product_brand","embeddable":true,"href":"https:\/\/lalmachine.com\/de\/wp-json\/wp\/v2\/product_brand?post=329854"},{"taxonomy":"product_cat","embeddable":true,"href":"https:\/\/lalmachine.com\/de\/wp-json\/wp\/v2\/product_cat?post=329854"},{"taxonomy":"product_tag","embeddable":true,"href":"https:\/\/lalmachine.com\/de\/wp-json\/wp\/v2\/product_tag?post=329854"},{"taxonomy":"proximite","embeddable":true,"href":"https:\/\/lalmachine.com\/de\/wp-json\/wp\/v2\/proximite?post=329854"}],"curies":[{"name":"wp","href":"https:\/\/api.w.org\/{rel}","templated":true}]}}