{"id":330362,"date":"2024-05-18T09:09:30","date_gmt":"2024-05-18T07:09:30","guid":{"rendered":"https:\/\/lalmachine.com\/?post_type=product&#038;p=330362"},"modified":"2024-12-05T22:05:14","modified_gmt":"2024-12-05T21:05:14","slug":"lustre-chrome-italien-reggiani-sciolari-annees-70","status":"publish","type":"product","link":"https:\/\/lalmachine.com\/de\/shop\/eclairer\/suspension-plafonnier\/lustre-chrome-italien-reggiani-sciolari-annees-70\/","title":{"rendered":"Lustre chrom\u00e9 italien Reggiani\/Sciolari ann\u00e9es 70"},"content":{"rendered":"<ul class=\"wpuf_customs\"><li style=\"list-style-type:none;\"><label>Autres photos:<\/label> <a href=\"https:\/\/lalmachine.com\/wp-content\/uploads\/2024\/05\/558a_edited.jpg\"><img loading=\"lazy\" decoding=\"async\" width=\"96\" height=\"96\" src=\"https:\/\/lalmachine.com\/wp-content\/uploads\/2024\/05\/558a_edited.jpg\" class=\"attachment-thumbnail size-thumbnail\" alt=\"\" \/><\/a> <a href=\"https:\/\/lalmachine.com\/wp-content\/uploads\/2024\/05\/558z.png\"><img loading=\"lazy\" decoding=\"async\" width=\"128\" height=\"85\" src=\"https:\/\/lalmachine.com\/wp-content\/uploads\/2024\/05\/558z.png\" class=\"attachment-thumbnail size-thumbnail\" alt=\"\" \/><\/a> <a href=\"https:\/\/lalmachine.com\/wp-content\/uploads\/2024\/05\/558w.png\"><img loading=\"lazy\" decoding=\"async\" width=\"128\" height=\"79\" src=\"https:\/\/lalmachine.com\/wp-content\/uploads\/2024\/05\/558w.png\" class=\"attachment-thumbnail size-thumbnail\" alt=\"\" \/><\/a> <a href=\"https:\/\/lalmachine.com\/wp-content\/uploads\/2024\/05\/558u.png\"><img loading=\"lazy\" decoding=\"async\" width=\"128\" height=\"88\" src=\"https:\/\/lalmachine.com\/wp-content\/uploads\/2024\/05\/558u.png\" class=\"attachment-thumbnail size-thumbnail\" alt=\"\" \/><\/a> <a href=\"https:\/\/lalmachine.com\/wp-content\/uploads\/2024\/05\/558v.png\"><img loading=\"lazy\" decoding=\"async\" width=\"128\" height=\"72\" src=\"https:\/\/lalmachine.com\/wp-content\/uploads\/2024\/05\/558v.png\" class=\"attachment-thumbnail size-thumbnail\" alt=\"\" \/><\/a> <\/li>        <li class=\"wpuf-field-data wpuf-field-data-numeric_text_field\">\n                            <label>Prix:<\/label>\n                        3970        <\/li>\n                <li class=\"wpuf-field-data wpuf-field-data-numeric_text_field\">\n                            <label>Quantit\u00e9:<\/label>\n                        1        <\/li>\n                <li class=\"wpuf-field-data wpuf-field-data-numeric_text_field\">\n                            <label>Hauteur (cm):<\/label>\n                        85        <\/li>\n                <li class=\"wpuf-field-data wpuf-field-data-numeric_text_field\">\n                            <label>Largeur (cm):<\/label>\n                        90        <\/li>\n                <li class=\"wpuf-field-data wpuf-field-data-numeric_text_field\">\n                            <label>Profondeur (cm):<\/label>\n                        90        <\/li>\n        <\/ul>","protected":false},"excerpt":{"rendered":"<p>Incroyable lustre chrom\u00e9 italien \u00e9dit\u00e9 dans les ann\u00e9es 70. Ce lustre monumental tout en m\u00e9tal chrom\u00e9 est compos\u00e9 de trente bras amovibles qui, une fois en place, forment une spirale parfaite. Trente ampoules avec capuchon en chrome viennent compl\u00e9ter l&#8217;ensemble et donnent une lumi\u00e8re digne d&#8217;un hall de Palace.<\/p>\n<p>Il y a cependant une incertitude sur l&#8217;attribution de ce lustre. Certains l&#8217;attribuent \u00e0 Gaetano Sciolari pour Stilnovo ou d&#8217;autres \u00e9dit\u00e9 par Reggiani. Il est r\u00e9\u00e9dit\u00e9 en mod\u00e8le modernis\u00e9 par la maison italienne Italamp sous l&#8217;appelation mod\u00e9le G&amp;R1 Spirale par Gallotti et Radice.<\/p>\n<p>Dimensions : hauteur 85 cm, diam\u00e8tre 90 cm, diam\u00e8tre de l&#8217;embo\u00eetement au plafond 25 cm. Ampoules E14.<\/p>","protected":false},"featured_media":330400,"template":"","meta":{"_et_pb_use_builder":"","_et_pb_old_content":"","_et_gb_content_width":""},"product_brand":[],"product_cat":[49,91],"product_tag":[],"proximite":[280,179],"class_list":{"0":"post-330362","1":"product","2":"type-product","3":"status-publish","4":"has-post-thumbnail","6":"product_cat-eclairer","7":"product_cat-suspension-plafonnier","8":"pa_couleur-argent","9":"pa_etat-bon-etat","10":"pa_materiau-metal","11":"pa_style-vintage","12":"proximite-morges","13":"proximite-vaud","15":"first","16":"instock","17":"shipping-taxable","18":"purchasable","19":"product-type-simple"},"yoast_head":"<!-- This site is optimized with the Yoast SEO plugin v27.4 - https:\/\/yoast.com\/product\/yoast-seo-wordpress\/ -->\n<title>Lustre chrom\u00e9 italien Reggiani\/Sciolari ann\u00e9es 70 | lalmachine.com<\/title>\n<meta name=\"description\" content=\"Incroyable lustre chrom\u00e9 italien \u00e9dit\u00e9 dans les ann\u00e9es 70. Ce lustre monumental tout en m\u00e9tal chrom\u00e9 est compos\u00e9 de trente bras amovibles qui, une fois en place, forment une spirale parfaite.\" \/>\n<meta name=\"robots\" content=\"index, follow, max-snippet:-1, max-image-preview:large, max-video-preview:-1\" \/>\n<link rel=\"canonical\" href=\"https:\/\/lalmachine.com\/de\/shop\/eclairer\/suspension-plafonnier\/lustre-chrome-italien-reggiani-sciolari-annees-70\/\" \/>\n<meta property=\"og:locale\" content=\"de_DE\" \/>\n<meta property=\"og:type\" content=\"article\" \/>\n<meta property=\"og:title\" content=\"Lustre chrom\u00e9 italien Reggiani\/Sciolari ann\u00e9es 70 | lalmachine.com\" \/>\n<meta property=\"og:description\" content=\"Incroyable lustre chrom\u00e9 italien \u00e9dit\u00e9 dans les ann\u00e9es 70. Ce lustre monumental tout en m\u00e9tal chrom\u00e9 est compos\u00e9 de trente bras amovibles qui, une fois en place, forment une spirale parfaite.\" \/>\n<meta property=\"og:url\" content=\"https:\/\/lalmachine.com\/de\/shop\/eclairer\/suspension-plafonnier\/lustre-chrome-italien-reggiani-sciolari-annees-70\/\" \/>\n<meta property=\"og:site_name\" content=\"lalmachine.com\" \/>\n<meta property=\"article:publisher\" content=\"https:\/\/facebook.com\/lalmachine\" \/>\n<meta property=\"article:modified_time\" content=\"2024-12-05T21:05:14+00:00\" \/>\n<meta property=\"og:image\" content=\"https:\/\/lalmachine.com\/wp-content\/uploads\/2024\/05\/558a_edited_clipped_rev_1.jpeg\" \/>\n\t<meta property=\"og:image:width\" content=\"864\" \/>\n\t<meta property=\"og:image:height\" content=\"863\" \/>\n\t<meta property=\"og:image:type\" content=\"image\/jpeg\" \/>\n<meta name=\"twitter:card\" content=\"summary_large_image\" \/>\n<script type=\"application\/ld+json\" class=\"yoast-schema-graph\">{\"@context\":\"https:\\\/\\\/schema.org\",\"@graph\":[{\"@type\":\"WebPage\",\"@id\":\"https:\\\/\\\/lalmachine.com\\\/shop\\\/eclairer\\\/suspension-plafonnier\\\/lustre-chrome-italien-reggiani-sciolari-annees-70\\\/\",\"url\":\"https:\\\/\\\/lalmachine.com\\\/shop\\\/eclairer\\\/suspension-plafonnier\\\/lustre-chrome-italien-reggiani-sciolari-annees-70\\\/\",\"name\":\"Lustre chrom\u00e9 italien Reggiani\\\/Sciolari ann\u00e9es 70 | lalmachine.com\",\"isPartOf\":{\"@id\":\"https:\\\/\\\/lalmachine.com\\\/#website\"},\"primaryImageOfPage\":{\"@id\":\"https:\\\/\\\/lalmachine.com\\\/shop\\\/eclairer\\\/suspension-plafonnier\\\/lustre-chrome-italien-reggiani-sciolari-annees-70\\\/#primaryimage\"},\"image\":{\"@id\":\"https:\\\/\\\/lalmachine.com\\\/shop\\\/eclairer\\\/suspension-plafonnier\\\/lustre-chrome-italien-reggiani-sciolari-annees-70\\\/#primaryimage\"},\"thumbnailUrl\":\"https:\\\/\\\/lalmachine.com\\\/wp-content\\\/uploads\\\/2024\\\/05\\\/558a_edited_clipped_rev_1.jpeg\",\"datePublished\":\"2024-05-18T07:09:30+00:00\",\"dateModified\":\"2024-12-05T21:05:14+00:00\",\"description\":\"Incroyable lustre chrom\u00e9 italien \u00e9dit\u00e9 dans les ann\u00e9es 70. Ce lustre monumental tout en m\u00e9tal chrom\u00e9 est compos\u00e9 de trente bras amovibles qui, une fois en place, forment une spirale parfaite.\",\"breadcrumb\":{\"@id\":\"https:\\\/\\\/lalmachine.com\\\/shop\\\/eclairer\\\/suspension-plafonnier\\\/lustre-chrome-italien-reggiani-sciolari-annees-70\\\/#breadcrumb\"},\"inLanguage\":\"de\",\"potentialAction\":[{\"@type\":\"ReadAction\",\"target\":[\"https:\\\/\\\/lalmachine.com\\\/shop\\\/eclairer\\\/suspension-plafonnier\\\/lustre-chrome-italien-reggiani-sciolari-annees-70\\\/\"]}]},{\"@type\":\"ImageObject\",\"inLanguage\":\"de\",\"@id\":\"https:\\\/\\\/lalmachine.com\\\/shop\\\/eclairer\\\/suspension-plafonnier\\\/lustre-chrome-italien-reggiani-sciolari-annees-70\\\/#primaryimage\",\"url\":\"https:\\\/\\\/lalmachine.com\\\/wp-content\\\/uploads\\\/2024\\\/05\\\/558a_edited_clipped_rev_1.jpeg\",\"contentUrl\":\"https:\\\/\\\/lalmachine.com\\\/wp-content\\\/uploads\\\/2024\\\/05\\\/558a_edited_clipped_rev_1.jpeg\",\"width\":864,\"height\":863,\"caption\":\"Lustre chrom\u00e9 italien Reggiani\\\/Sciolari ann\u00e9es 70\"},{\"@type\":\"BreadcrumbList\",\"@id\":\"https:\\\/\\\/lalmachine.com\\\/shop\\\/eclairer\\\/suspension-plafonnier\\\/lustre-chrome-italien-reggiani-sciolari-annees-70\\\/#breadcrumb\",\"itemListElement\":[{\"@type\":\"ListItem\",\"position\":1,\"name\":\"Accueil\",\"item\":\"https:\\\/\\\/lalmachine.com\\\/\"},{\"@type\":\"ListItem\",\"position\":2,\"name\":\"Shop\",\"item\":\"https:\\\/\\\/lalmachine.com\\\/shop\\\/\"},{\"@type\":\"ListItem\",\"position\":3,\"name\":\"Lustre chrom\u00e9 italien Reggiani\\\/Sciolari ann\u00e9es 70\"}]},{\"@type\":\"WebSite\",\"@id\":\"https:\\\/\\\/lalmachine.com\\\/#website\",\"url\":\"https:\\\/\\\/lalmachine.com\\\/\",\"name\":\"lalmachine.com\",\"description\":\"Brocante en ligne Suisse | Mobilier et objets d\u00e9co vintage et design\",\"potentialAction\":[{\"@type\":\"SearchAction\",\"target\":{\"@type\":\"EntryPoint\",\"urlTemplate\":\"https:\\\/\\\/lalmachine.com\\\/?s={search_term_string}\"},\"query-input\":{\"@type\":\"PropertyValueSpecification\",\"valueRequired\":true,\"valueName\":\"search_term_string\"}}],\"inLanguage\":\"de\"}]}<\/script>\n<!-- \/ Yoast SEO plugin. -->","yoast_head_json":{"title":"Lustre chrom\u00e9 italien Reggiani\/Sciolari ann\u00e9es 70 | lalmachine.com","description":"Incroyable lustre chrom\u00e9 italien \u00e9dit\u00e9 dans les ann\u00e9es 70. Ce lustre monumental tout en m\u00e9tal chrom\u00e9 est compos\u00e9 de trente bras amovibles qui, une fois en place, forment une spirale parfaite.","robots":{"index":"index","follow":"follow","max-snippet":"max-snippet:-1","max-image-preview":"max-image-preview:large","max-video-preview":"max-video-preview:-1"},"canonical":"https:\/\/lalmachine.com\/de\/shop\/eclairer\/suspension-plafonnier\/lustre-chrome-italien-reggiani-sciolari-annees-70\/","og_locale":"de_DE","og_type":"article","og_title":"Lustre chrom\u00e9 italien Reggiani\/Sciolari ann\u00e9es 70 | lalmachine.com","og_description":"Incroyable lustre chrom\u00e9 italien \u00e9dit\u00e9 dans les ann\u00e9es 70. Ce lustre monumental tout en m\u00e9tal chrom\u00e9 est compos\u00e9 de trente bras amovibles qui, une fois en place, forment une spirale parfaite.","og_url":"https:\/\/lalmachine.com\/de\/shop\/eclairer\/suspension-plafonnier\/lustre-chrome-italien-reggiani-sciolari-annees-70\/","og_site_name":"lalmachine.com","article_publisher":"https:\/\/facebook.com\/lalmachine","article_modified_time":"2024-12-05T21:05:14+00:00","og_image":[{"width":864,"height":863,"url":"https:\/\/lalmachine.com\/wp-content\/uploads\/2024\/05\/558a_edited_clipped_rev_1.jpeg","type":"image\/jpeg"}],"twitter_card":"summary_large_image","schema":{"@context":"https:\/\/schema.org","@graph":[{"@type":"WebPage","@id":"https:\/\/lalmachine.com\/shop\/eclairer\/suspension-plafonnier\/lustre-chrome-italien-reggiani-sciolari-annees-70\/","url":"https:\/\/lalmachine.com\/shop\/eclairer\/suspension-plafonnier\/lustre-chrome-italien-reggiani-sciolari-annees-70\/","name":"Lustre chrom\u00e9 italien Reggiani\/Sciolari ann\u00e9es 70 | lalmachine.com","isPartOf":{"@id":"https:\/\/lalmachine.com\/#website"},"primaryImageOfPage":{"@id":"https:\/\/lalmachine.com\/shop\/eclairer\/suspension-plafonnier\/lustre-chrome-italien-reggiani-sciolari-annees-70\/#primaryimage"},"image":{"@id":"https:\/\/lalmachine.com\/shop\/eclairer\/suspension-plafonnier\/lustre-chrome-italien-reggiani-sciolari-annees-70\/#primaryimage"},"thumbnailUrl":"https:\/\/lalmachine.com\/wp-content\/uploads\/2024\/05\/558a_edited_clipped_rev_1.jpeg","datePublished":"2024-05-18T07:09:30+00:00","dateModified":"2024-12-05T21:05:14+00:00","description":"Incroyable lustre chrom\u00e9 italien \u00e9dit\u00e9 dans les ann\u00e9es 70. Ce lustre monumental tout en m\u00e9tal chrom\u00e9 est compos\u00e9 de trente bras amovibles qui, une fois en place, forment une spirale parfaite.","breadcrumb":{"@id":"https:\/\/lalmachine.com\/shop\/eclairer\/suspension-plafonnier\/lustre-chrome-italien-reggiani-sciolari-annees-70\/#breadcrumb"},"inLanguage":"de","potentialAction":[{"@type":"ReadAction","target":["https:\/\/lalmachine.com\/shop\/eclairer\/suspension-plafonnier\/lustre-chrome-italien-reggiani-sciolari-annees-70\/"]}]},{"@type":"ImageObject","inLanguage":"de","@id":"https:\/\/lalmachine.com\/shop\/eclairer\/suspension-plafonnier\/lustre-chrome-italien-reggiani-sciolari-annees-70\/#primaryimage","url":"https:\/\/lalmachine.com\/wp-content\/uploads\/2024\/05\/558a_edited_clipped_rev_1.jpeg","contentUrl":"https:\/\/lalmachine.com\/wp-content\/uploads\/2024\/05\/558a_edited_clipped_rev_1.jpeg","width":864,"height":863,"caption":"Lustre chrom\u00e9 italien Reggiani\/Sciolari ann\u00e9es 70"},{"@type":"BreadcrumbList","@id":"https:\/\/lalmachine.com\/shop\/eclairer\/suspension-plafonnier\/lustre-chrome-italien-reggiani-sciolari-annees-70\/#breadcrumb","itemListElement":[{"@type":"ListItem","position":1,"name":"Accueil","item":"https:\/\/lalmachine.com\/"},{"@type":"ListItem","position":2,"name":"Shop","item":"https:\/\/lalmachine.com\/shop\/"},{"@type":"ListItem","position":3,"name":"Lustre chrom\u00e9 italien Reggiani\/Sciolari ann\u00e9es 70"}]},{"@type":"WebSite","@id":"https:\/\/lalmachine.com\/#website","url":"https:\/\/lalmachine.com\/","name":"lalmachine.com","description":"Brocante en ligne Suisse | Mobilier et objets d\u00e9co vintage et design","potentialAction":[{"@type":"SearchAction","target":{"@type":"EntryPoint","urlTemplate":"https:\/\/lalmachine.com\/?s={search_term_string}"},"query-input":{"@type":"PropertyValueSpecification","valueRequired":true,"valueName":"search_term_string"}}],"inLanguage":"de"}]}},"_links":{"self":[{"href":"https:\/\/lalmachine.com\/de\/wp-json\/wp\/v2\/product\/330362","targetHints":{"allow":["GET"]}}],"collection":[{"href":"https:\/\/lalmachine.com\/de\/wp-json\/wp\/v2\/product"}],"about":[{"href":"https:\/\/lalmachine.com\/de\/wp-json\/wp\/v2\/types\/product"}],"wp:featuredmedia":[{"embeddable":true,"href":"https:\/\/lalmachine.com\/de\/wp-json\/wp\/v2\/media\/330400"}],"wp:attachment":[{"href":"https:\/\/lalmachine.com\/de\/wp-json\/wp\/v2\/media?parent=330362"}],"wp:term":[{"taxonomy":"product_brand","embeddable":true,"href":"https:\/\/lalmachine.com\/de\/wp-json\/wp\/v2\/product_brand?post=330362"},{"taxonomy":"product_cat","embeddable":true,"href":"https:\/\/lalmachine.com\/de\/wp-json\/wp\/v2\/product_cat?post=330362"},{"taxonomy":"product_tag","embeddable":true,"href":"https:\/\/lalmachine.com\/de\/wp-json\/wp\/v2\/product_tag?post=330362"},{"taxonomy":"proximite","embeddable":true,"href":"https:\/\/lalmachine.com\/de\/wp-json\/wp\/v2\/proximite?post=330362"}],"curies":[{"name":"wp","href":"https:\/\/api.w.org\/{rel}","templated":true}]}}