{"id":330369,"date":"2024-05-18T09:16:00","date_gmt":"2024-05-18T07:16:00","guid":{"rendered":"https:\/\/lalmachine.com\/?post_type=product&#038;p=330369"},"modified":"2025-06-02T10:18:55","modified_gmt":"2025-06-02T08:18:55","slug":"set-de-4-chaises-en-teck-scandinaves-de-niels-o-moller-pour-j-l-moller","status":"publish","type":"product","link":"https:\/\/lalmachine.com\/de\/shop\/sasseoir\/chaise\/set-de-4-chaises-en-teck-scandinaves-de-niels-o-moller-pour-j-l-moller\/","title":{"rendered":"Set de 4 chaises en teck scandinaves de Niels O. M\u00f8ller pour J.L.M\u00f8ller"},"content":{"rendered":"<ul class=\"wpuf_customs\"><li style=\"list-style-type:none;\"><label>Autres photos:<\/label> <a href=\"https:\/\/lalmachine.com\/wp-content\/uploads\/2024\/05\/619a.png\"><img loading=\"lazy\" decoding=\"async\" width=\"96\" height=\"96\" src=\"https:\/\/lalmachine.com\/wp-content\/uploads\/2024\/05\/619a.png\" class=\"attachment-thumbnail size-thumbnail\" alt=\"\" \/><\/a> <a href=\"https:\/\/lalmachine.com\/wp-content\/uploads\/2024\/05\/619b.png\"><img loading=\"lazy\" decoding=\"async\" width=\"96\" height=\"96\" src=\"https:\/\/lalmachine.com\/wp-content\/uploads\/2024\/05\/619b.png\" class=\"attachment-thumbnail size-thumbnail\" alt=\"\" \/><\/a> <a href=\"https:\/\/lalmachine.com\/wp-content\/uploads\/2024\/05\/619c.png\"><img loading=\"lazy\" decoding=\"async\" width=\"96\" height=\"96\" src=\"https:\/\/lalmachine.com\/wp-content\/uploads\/2024\/05\/619c.png\" class=\"attachment-thumbnail size-thumbnail\" alt=\"\" \/><\/a> <a href=\"https:\/\/lalmachine.com\/wp-content\/uploads\/2024\/05\/619d.png\"><img loading=\"lazy\" decoding=\"async\" width=\"96\" height=\"96\" src=\"https:\/\/lalmachine.com\/wp-content\/uploads\/2024\/05\/619d.png\" class=\"attachment-thumbnail size-thumbnail\" alt=\"\" \/><\/a> <\/li>        <li class=\"wpuf-field-data wpuf-field-data-numeric_text_field\">\n                            <label>Prix:<\/label>\n                        2650        <\/li>\n                <li class=\"wpuf-field-data wpuf-field-data-numeric_text_field\">\n                            <label>Hauteur (cm):<\/label>\n                        80        <\/li>\n                <li class=\"wpuf-field-data wpuf-field-data-numeric_text_field\">\n                            <label>Largeur (cm):<\/label>\n                        48        <\/li>\n                <li class=\"wpuf-field-data wpuf-field-data-numeric_text_field\">\n                            <label>Profondeur (cm):<\/label>\n                        52        <\/li>\n        <\/ul>","protected":false},"excerpt":{"rendered":"<p>Voici quatre belles chaises, mod\u00e8le 75 du designer Niels O. M\u00f8ller pour J.L.M\u00f8ller \u00e9dit\u00e9es au Danemark en 1956.<\/p>\n<p>Ces chaises en bois de teck ont un dossier qui forme avec les deux pieds arri\u00e8res une seule forme aux courbes tr\u00e8s \u00e9l\u00e9gantes. Avec les pieds avant \u00e9galement en fuseau, le tout t\u00e9moigne d&rsquo;un design tr\u00e8s soign\u00e9.<\/p>\n<p>Les placets sont recouverts d&rsquo;un simili de couleur noir. Les chaises ont \u00e9t\u00e9 enti\u00e8rement restaur\u00e9es. Quelques traces d&rsquo;usure sont encore visibles.<\/p>\n<p>Prix pour le set<\/p>","protected":false},"featured_media":330402,"template":"","meta":{"_et_pb_use_builder":"","_et_pb_old_content":"","_et_gb_content_width":""},"product_brand":[],"product_cat":[100,48],"product_tag":[],"proximite":[280,179],"class_list":{"0":"post-330369","1":"product","2":"type-product","3":"status-publish","4":"has-post-thumbnail","6":"product_cat-chaise","7":"product_cat-sasseoir","8":"pa_couleur-bois","9":"pa_designer-moller-niels-otto","10":"pa_etat-bon-etat","11":"pa_materiau-bois","12":"pa_style-scandinave","13":"proximite-morges","14":"proximite-vaud","16":"first","17":"outofstock","18":"sale","19":"shipping-taxable","20":"purchasable","21":"product-type-simple"},"yoast_head":"<!-- This site is optimized with the Yoast SEO plugin v27.4 - https:\/\/yoast.com\/product\/yoast-seo-wordpress\/ -->\n<title>Set de 4 chaises en teck scandinaves de Niels O. M\u00f8ller pour J.L.M\u00f8ller | lalmachine.com<\/title>\n<meta name=\"description\" content=\"Set de 4 chaises en teck scandinaves de Niels O. M\u00f8ller pour J.L.M\u00f8ller\" \/>\n<meta name=\"robots\" content=\"index, follow, max-snippet:-1, max-image-preview:large, max-video-preview:-1\" \/>\n<link rel=\"canonical\" href=\"https:\/\/lalmachine.com\/de\/shop\/sasseoir\/chaise\/set-de-4-chaises-en-teck-scandinaves-de-niels-o-moller-pour-j-l-moller\/\" \/>\n<meta property=\"og:locale\" content=\"de_DE\" \/>\n<meta property=\"og:type\" content=\"article\" \/>\n<meta property=\"og:title\" content=\"Set de 4 chaises en teck scandinaves de Niels O. M\u00f8ller pour J.L.M\u00f8ller | lalmachine.com\" \/>\n<meta property=\"og:description\" content=\"Set de 4 chaises en teck scandinaves de Niels O. M\u00f8ller pour J.L.M\u00f8ller\" \/>\n<meta property=\"og:url\" content=\"https:\/\/lalmachine.com\/de\/shop\/sasseoir\/chaise\/set-de-4-chaises-en-teck-scandinaves-de-niels-o-moller-pour-j-l-moller\/\" \/>\n<meta property=\"og:site_name\" content=\"lalmachine.com\" \/>\n<meta property=\"article:publisher\" content=\"https:\/\/facebook.com\/lalmachine\" \/>\n<meta property=\"article:modified_time\" content=\"2025-06-02T08:18:55+00:00\" \/>\n<meta property=\"og:image\" content=\"https:\/\/lalmachine.com\/wp-content\/uploads\/2024\/05\/Image1_clipped_rev_1-11.jpeg\" \/>\n\t<meta property=\"og:image:width\" content=\"1295\" \/>\n\t<meta property=\"og:image:height\" content=\"1294\" \/>\n\t<meta property=\"og:image:type\" content=\"image\/jpeg\" \/>\n<meta name=\"twitter:card\" content=\"summary_large_image\" \/>\n<script type=\"application\/ld+json\" class=\"yoast-schema-graph\">{\"@context\":\"https:\\\/\\\/schema.org\",\"@graph\":[{\"@type\":\"WebPage\",\"@id\":\"https:\\\/\\\/lalmachine.com\\\/shop\\\/sasseoir\\\/chaise\\\/set-de-4-chaises-en-teck-scandinaves-de-niels-o-moller-pour-j-l-moller\\\/\",\"url\":\"https:\\\/\\\/lalmachine.com\\\/shop\\\/sasseoir\\\/chaise\\\/set-de-4-chaises-en-teck-scandinaves-de-niels-o-moller-pour-j-l-moller\\\/\",\"name\":\"Set de 4 chaises en teck scandinaves de Niels O. M\u00f8ller pour J.L.M\u00f8ller | lalmachine.com\",\"isPartOf\":{\"@id\":\"https:\\\/\\\/lalmachine.com\\\/#website\"},\"primaryImageOfPage\":{\"@id\":\"https:\\\/\\\/lalmachine.com\\\/shop\\\/sasseoir\\\/chaise\\\/set-de-4-chaises-en-teck-scandinaves-de-niels-o-moller-pour-j-l-moller\\\/#primaryimage\"},\"image\":{\"@id\":\"https:\\\/\\\/lalmachine.com\\\/shop\\\/sasseoir\\\/chaise\\\/set-de-4-chaises-en-teck-scandinaves-de-niels-o-moller-pour-j-l-moller\\\/#primaryimage\"},\"thumbnailUrl\":\"https:\\\/\\\/lalmachine.com\\\/wp-content\\\/uploads\\\/2024\\\/05\\\/Image1_clipped_rev_1-11.jpeg\",\"datePublished\":\"2024-05-18T07:16:00+00:00\",\"dateModified\":\"2025-06-02T08:18:55+00:00\",\"description\":\"Set de 4 chaises en teck scandinaves de Niels O. M\u00f8ller pour J.L.M\u00f8ller\",\"breadcrumb\":{\"@id\":\"https:\\\/\\\/lalmachine.com\\\/shop\\\/sasseoir\\\/chaise\\\/set-de-4-chaises-en-teck-scandinaves-de-niels-o-moller-pour-j-l-moller\\\/#breadcrumb\"},\"inLanguage\":\"de\",\"potentialAction\":[{\"@type\":\"ReadAction\",\"target\":[\"https:\\\/\\\/lalmachine.com\\\/shop\\\/sasseoir\\\/chaise\\\/set-de-4-chaises-en-teck-scandinaves-de-niels-o-moller-pour-j-l-moller\\\/\"]}]},{\"@type\":\"ImageObject\",\"inLanguage\":\"de\",\"@id\":\"https:\\\/\\\/lalmachine.com\\\/shop\\\/sasseoir\\\/chaise\\\/set-de-4-chaises-en-teck-scandinaves-de-niels-o-moller-pour-j-l-moller\\\/#primaryimage\",\"url\":\"https:\\\/\\\/lalmachine.com\\\/wp-content\\\/uploads\\\/2024\\\/05\\\/Image1_clipped_rev_1-11.jpeg\",\"contentUrl\":\"https:\\\/\\\/lalmachine.com\\\/wp-content\\\/uploads\\\/2024\\\/05\\\/Image1_clipped_rev_1-11.jpeg\",\"width\":1295,\"height\":1294,\"caption\":\"chaises Niels O. M\u00f8ller pour J.L.M\u00f8ller\"},{\"@type\":\"BreadcrumbList\",\"@id\":\"https:\\\/\\\/lalmachine.com\\\/shop\\\/sasseoir\\\/chaise\\\/set-de-4-chaises-en-teck-scandinaves-de-niels-o-moller-pour-j-l-moller\\\/#breadcrumb\",\"itemListElement\":[{\"@type\":\"ListItem\",\"position\":1,\"name\":\"Accueil\",\"item\":\"https:\\\/\\\/lalmachine.com\\\/\"},{\"@type\":\"ListItem\",\"position\":2,\"name\":\"Shop\",\"item\":\"https:\\\/\\\/lalmachine.com\\\/shop\\\/\"},{\"@type\":\"ListItem\",\"position\":3,\"name\":\"Set de 4 chaises en teck scandinaves de Niels O. M\u00f8ller pour J.L.M\u00f8ller\"}]},{\"@type\":\"WebSite\",\"@id\":\"https:\\\/\\\/lalmachine.com\\\/#website\",\"url\":\"https:\\\/\\\/lalmachine.com\\\/\",\"name\":\"lalmachine.com\",\"description\":\"Brocante en ligne Suisse | Mobilier et objets d\u00e9co vintage et design\",\"potentialAction\":[{\"@type\":\"SearchAction\",\"target\":{\"@type\":\"EntryPoint\",\"urlTemplate\":\"https:\\\/\\\/lalmachine.com\\\/?s={search_term_string}\"},\"query-input\":{\"@type\":\"PropertyValueSpecification\",\"valueRequired\":true,\"valueName\":\"search_term_string\"}}],\"inLanguage\":\"de\"}]}<\/script>\n<!-- \/ Yoast SEO plugin. -->","yoast_head_json":{"title":"Set de 4 chaises en teck scandinaves de Niels O. M\u00f8ller pour J.L.M\u00f8ller | lalmachine.com","description":"Set de 4 chaises en teck scandinaves de Niels O. M\u00f8ller pour J.L.M\u00f8ller","robots":{"index":"index","follow":"follow","max-snippet":"max-snippet:-1","max-image-preview":"max-image-preview:large","max-video-preview":"max-video-preview:-1"},"canonical":"https:\/\/lalmachine.com\/de\/shop\/sasseoir\/chaise\/set-de-4-chaises-en-teck-scandinaves-de-niels-o-moller-pour-j-l-moller\/","og_locale":"de_DE","og_type":"article","og_title":"Set de 4 chaises en teck scandinaves de Niels O. M\u00f8ller pour J.L.M\u00f8ller | lalmachine.com","og_description":"Set de 4 chaises en teck scandinaves de Niels O. M\u00f8ller pour J.L.M\u00f8ller","og_url":"https:\/\/lalmachine.com\/de\/shop\/sasseoir\/chaise\/set-de-4-chaises-en-teck-scandinaves-de-niels-o-moller-pour-j-l-moller\/","og_site_name":"lalmachine.com","article_publisher":"https:\/\/facebook.com\/lalmachine","article_modified_time":"2025-06-02T08:18:55+00:00","og_image":[{"width":1295,"height":1294,"url":"https:\/\/lalmachine.com\/wp-content\/uploads\/2024\/05\/Image1_clipped_rev_1-11.jpeg","type":"image\/jpeg"}],"twitter_card":"summary_large_image","schema":{"@context":"https:\/\/schema.org","@graph":[{"@type":"WebPage","@id":"https:\/\/lalmachine.com\/shop\/sasseoir\/chaise\/set-de-4-chaises-en-teck-scandinaves-de-niels-o-moller-pour-j-l-moller\/","url":"https:\/\/lalmachine.com\/shop\/sasseoir\/chaise\/set-de-4-chaises-en-teck-scandinaves-de-niels-o-moller-pour-j-l-moller\/","name":"Set de 4 chaises en teck scandinaves de Niels O. M\u00f8ller pour J.L.M\u00f8ller | lalmachine.com","isPartOf":{"@id":"https:\/\/lalmachine.com\/#website"},"primaryImageOfPage":{"@id":"https:\/\/lalmachine.com\/shop\/sasseoir\/chaise\/set-de-4-chaises-en-teck-scandinaves-de-niels-o-moller-pour-j-l-moller\/#primaryimage"},"image":{"@id":"https:\/\/lalmachine.com\/shop\/sasseoir\/chaise\/set-de-4-chaises-en-teck-scandinaves-de-niels-o-moller-pour-j-l-moller\/#primaryimage"},"thumbnailUrl":"https:\/\/lalmachine.com\/wp-content\/uploads\/2024\/05\/Image1_clipped_rev_1-11.jpeg","datePublished":"2024-05-18T07:16:00+00:00","dateModified":"2025-06-02T08:18:55+00:00","description":"Set de 4 chaises en teck scandinaves de Niels O. M\u00f8ller pour J.L.M\u00f8ller","breadcrumb":{"@id":"https:\/\/lalmachine.com\/shop\/sasseoir\/chaise\/set-de-4-chaises-en-teck-scandinaves-de-niels-o-moller-pour-j-l-moller\/#breadcrumb"},"inLanguage":"de","potentialAction":[{"@type":"ReadAction","target":["https:\/\/lalmachine.com\/shop\/sasseoir\/chaise\/set-de-4-chaises-en-teck-scandinaves-de-niels-o-moller-pour-j-l-moller\/"]}]},{"@type":"ImageObject","inLanguage":"de","@id":"https:\/\/lalmachine.com\/shop\/sasseoir\/chaise\/set-de-4-chaises-en-teck-scandinaves-de-niels-o-moller-pour-j-l-moller\/#primaryimage","url":"https:\/\/lalmachine.com\/wp-content\/uploads\/2024\/05\/Image1_clipped_rev_1-11.jpeg","contentUrl":"https:\/\/lalmachine.com\/wp-content\/uploads\/2024\/05\/Image1_clipped_rev_1-11.jpeg","width":1295,"height":1294,"caption":"chaises Niels O. M\u00f8ller pour J.L.M\u00f8ller"},{"@type":"BreadcrumbList","@id":"https:\/\/lalmachine.com\/shop\/sasseoir\/chaise\/set-de-4-chaises-en-teck-scandinaves-de-niels-o-moller-pour-j-l-moller\/#breadcrumb","itemListElement":[{"@type":"ListItem","position":1,"name":"Accueil","item":"https:\/\/lalmachine.com\/"},{"@type":"ListItem","position":2,"name":"Shop","item":"https:\/\/lalmachine.com\/shop\/"},{"@type":"ListItem","position":3,"name":"Set de 4 chaises en teck scandinaves de Niels O. M\u00f8ller pour J.L.M\u00f8ller"}]},{"@type":"WebSite","@id":"https:\/\/lalmachine.com\/#website","url":"https:\/\/lalmachine.com\/","name":"lalmachine.com","description":"Brocante en ligne Suisse | Mobilier et objets d\u00e9co vintage et design","potentialAction":[{"@type":"SearchAction","target":{"@type":"EntryPoint","urlTemplate":"https:\/\/lalmachine.com\/?s={search_term_string}"},"query-input":{"@type":"PropertyValueSpecification","valueRequired":true,"valueName":"search_term_string"}}],"inLanguage":"de"}]}},"_links":{"self":[{"href":"https:\/\/lalmachine.com\/de\/wp-json\/wp\/v2\/product\/330369","targetHints":{"allow":["GET"]}}],"collection":[{"href":"https:\/\/lalmachine.com\/de\/wp-json\/wp\/v2\/product"}],"about":[{"href":"https:\/\/lalmachine.com\/de\/wp-json\/wp\/v2\/types\/product"}],"wp:featuredmedia":[{"embeddable":true,"href":"https:\/\/lalmachine.com\/de\/wp-json\/wp\/v2\/media\/330402"}],"wp:attachment":[{"href":"https:\/\/lalmachine.com\/de\/wp-json\/wp\/v2\/media?parent=330369"}],"wp:term":[{"taxonomy":"product_brand","embeddable":true,"href":"https:\/\/lalmachine.com\/de\/wp-json\/wp\/v2\/product_brand?post=330369"},{"taxonomy":"product_cat","embeddable":true,"href":"https:\/\/lalmachine.com\/de\/wp-json\/wp\/v2\/product_cat?post=330369"},{"taxonomy":"product_tag","embeddable":true,"href":"https:\/\/lalmachine.com\/de\/wp-json\/wp\/v2\/product_tag?post=330369"},{"taxonomy":"proximite","embeddable":true,"href":"https:\/\/lalmachine.com\/de\/wp-json\/wp\/v2\/proximite?post=330369"}],"curies":[{"name":"wp","href":"https:\/\/api.w.org\/{rel}","templated":true}]}}