{"id":33040,"date":"2020-12-09T11:07:37","date_gmt":"2020-12-09T10:07:37","guid":{"rendered":"https:\/\/lalmachine.com\/?post_type=product&#038;p=33040"},"modified":"2024-12-05T21:50:41","modified_gmt":"2024-12-05T20:50:41","slug":"lampe-de-bureau-blanche","status":"publish","type":"product","link":"https:\/\/lalmachine.com\/de\/shop\/eclairer\/lampe-de-table-bureau\/lampe-de-bureau-blanche\/","title":{"rendered":"Lampe de bureau blanche"},"content":{"rendered":"<ul class=\"wpuf_customs\"><li style=\"list-style-type:none;\"><label>Autres photos:<\/label> <a href=\"https:\/\/lalmachine.com\/wp-content\/uploads\/2020\/12\/5323F036-7E08-42C2-9D86-580A491FB22E-1907b286-scaled.jpeg\"><img loading=\"lazy\" decoding=\"async\" width=\"96\" height=\"96\" src=\"https:\/\/lalmachine.com\/wp-content\/uploads\/2020\/12\/5323F036-7E08-42C2-9D86-580A491FB22E-1907b286-150x150.jpeg\" class=\"attachment-thumbnail size-thumbnail\" alt=\"\" srcset=\"https:\/\/lalmachine.com\/wp-content\/uploads\/2020\/12\/5323F036-7E08-42C2-9D86-580A491FB22E-1907b286-150x150.jpeg 150w, https:\/\/lalmachine.com\/wp-content\/uploads\/2020\/12\/5323F036-7E08-42C2-9D86-580A491FB22E-1907b286-scaled-300x300.jpeg 300w, https:\/\/lalmachine.com\/wp-content\/uploads\/2020\/12\/5323F036-7E08-42C2-9D86-580A491FB22E-1907b286-scaled-100x100.jpeg 100w\" sizes=\"(max-width: 96px) 100vw, 96px\" \/><\/a> <a href=\"https:\/\/lalmachine.com\/wp-content\/uploads\/2020\/12\/3A9DA46E-DF4C-4BA6-8EF9-D70EC9119686-351c077a-scaled.jpeg\"><img loading=\"lazy\" decoding=\"async\" width=\"96\" height=\"96\" src=\"https:\/\/lalmachine.com\/wp-content\/uploads\/2020\/12\/3A9DA46E-DF4C-4BA6-8EF9-D70EC9119686-351c077a-150x150.jpeg\" class=\"attachment-thumbnail size-thumbnail\" alt=\"\" srcset=\"https:\/\/lalmachine.com\/wp-content\/uploads\/2020\/12\/3A9DA46E-DF4C-4BA6-8EF9-D70EC9119686-351c077a-150x150.jpeg 150w, https:\/\/lalmachine.com\/wp-content\/uploads\/2020\/12\/3A9DA46E-DF4C-4BA6-8EF9-D70EC9119686-351c077a-scaled-300x300.jpeg 300w, https:\/\/lalmachine.com\/wp-content\/uploads\/2020\/12\/3A9DA46E-DF4C-4BA6-8EF9-D70EC9119686-351c077a-scaled-100x100.jpeg 100w\" sizes=\"(max-width: 96px) 100vw, 96px\" \/><\/a> <a href=\"https:\/\/lalmachine.com\/wp-content\/uploads\/2020\/12\/C186DB82-B3FB-47E7-A088-2D643890A5F6-63a5802b-scaled.jpeg\"><img loading=\"lazy\" decoding=\"async\" width=\"96\" height=\"96\" src=\"https:\/\/lalmachine.com\/wp-content\/uploads\/2020\/12\/C186DB82-B3FB-47E7-A088-2D643890A5F6-63a5802b-150x150.jpeg\" class=\"attachment-thumbnail size-thumbnail\" alt=\"\" srcset=\"https:\/\/lalmachine.com\/wp-content\/uploads\/2020\/12\/C186DB82-B3FB-47E7-A088-2D643890A5F6-63a5802b-150x150.jpeg 150w, https:\/\/lalmachine.com\/wp-content\/uploads\/2020\/12\/C186DB82-B3FB-47E7-A088-2D643890A5F6-63a5802b-scaled-300x300.jpeg 300w, https:\/\/lalmachine.com\/wp-content\/uploads\/2020\/12\/C186DB82-B3FB-47E7-A088-2D643890A5F6-63a5802b-scaled-100x100.jpeg 100w\" sizes=\"(max-width: 96px) 100vw, 96px\" \/><\/a> <a href=\"https:\/\/lalmachine.com\/wp-content\/uploads\/2020\/12\/BAD2849C-C9E8-4602-B0C6-23085D80ACB8-967ee5aa-scaled.jpeg\"><img loading=\"lazy\" decoding=\"async\" width=\"96\" height=\"96\" src=\"https:\/\/lalmachine.com\/wp-content\/uploads\/2020\/12\/BAD2849C-C9E8-4602-B0C6-23085D80ACB8-967ee5aa-150x150.jpeg\" class=\"attachment-thumbnail size-thumbnail\" alt=\"\" srcset=\"https:\/\/lalmachine.com\/wp-content\/uploads\/2020\/12\/BAD2849C-C9E8-4602-B0C6-23085D80ACB8-967ee5aa-150x150.jpeg 150w, https:\/\/lalmachine.com\/wp-content\/uploads\/2020\/12\/BAD2849C-C9E8-4602-B0C6-23085D80ACB8-967ee5aa-scaled-300x300.jpeg 300w, https:\/\/lalmachine.com\/wp-content\/uploads\/2020\/12\/BAD2849C-C9E8-4602-B0C6-23085D80ACB8-967ee5aa-scaled-100x100.jpeg 100w\" sizes=\"(max-width: 96px) 100vw, 96px\" \/><\/a> <a href=\"https:\/\/lalmachine.com\/wp-content\/uploads\/2020\/12\/FD50376D-493A-4F6B-AE5B-55862D455EF7-e30c3726-scaled.jpeg\"><img loading=\"lazy\" decoding=\"async\" width=\"96\" height=\"96\" src=\"https:\/\/lalmachine.com\/wp-content\/uploads\/2020\/12\/FD50376D-493A-4F6B-AE5B-55862D455EF7-e30c3726-150x150.jpeg\" class=\"attachment-thumbnail size-thumbnail\" alt=\"\" srcset=\"https:\/\/lalmachine.com\/wp-content\/uploads\/2020\/12\/FD50376D-493A-4F6B-AE5B-55862D455EF7-e30c3726-150x150.jpeg 150w, https:\/\/lalmachine.com\/wp-content\/uploads\/2020\/12\/FD50376D-493A-4F6B-AE5B-55862D455EF7-e30c3726-scaled-300x300.jpeg 300w, https:\/\/lalmachine.com\/wp-content\/uploads\/2020\/12\/FD50376D-493A-4F6B-AE5B-55862D455EF7-e30c3726-scaled-100x100.jpeg 100w\" sizes=\"(max-width: 96px) 100vw, 96px\" \/><\/a> <a href=\"https:\/\/lalmachine.com\/wp-content\/uploads\/2020\/12\/3315A3CC-EF06-487C-B79C-4C6AFF521288-0aacf399-scaled.jpeg\"><img loading=\"lazy\" decoding=\"async\" width=\"96\" height=\"96\" src=\"https:\/\/lalmachine.com\/wp-content\/uploads\/2020\/12\/3315A3CC-EF06-487C-B79C-4C6AFF521288-0aacf399-150x150.jpeg\" class=\"attachment-thumbnail size-thumbnail\" alt=\"\" srcset=\"https:\/\/lalmachine.com\/wp-content\/uploads\/2020\/12\/3315A3CC-EF06-487C-B79C-4C6AFF521288-0aacf399-150x150.jpeg 150w, https:\/\/lalmachine.com\/wp-content\/uploads\/2020\/12\/3315A3CC-EF06-487C-B79C-4C6AFF521288-0aacf399-scaled-300x300.jpeg 300w, https:\/\/lalmachine.com\/wp-content\/uploads\/2020\/12\/3315A3CC-EF06-487C-B79C-4C6AFF521288-0aacf399-scaled-100x100.jpeg 100w\" sizes=\"(max-width: 96px) 100vw, 96px\" \/><\/a> <a href=\"https:\/\/lalmachine.com\/wp-content\/uploads\/2020\/12\/8DFD0DC9-9463-46A4-8A67-E0C424FD8FE7-092fc0d7-scaled.jpeg\"><img loading=\"lazy\" decoding=\"async\" width=\"96\" height=\"96\" src=\"https:\/\/lalmachine.com\/wp-content\/uploads\/2020\/12\/8DFD0DC9-9463-46A4-8A67-E0C424FD8FE7-092fc0d7-150x150.jpeg\" class=\"attachment-thumbnail size-thumbnail\" alt=\"\" srcset=\"https:\/\/lalmachine.com\/wp-content\/uploads\/2020\/12\/8DFD0DC9-9463-46A4-8A67-E0C424FD8FE7-092fc0d7-150x150.jpeg 150w, https:\/\/lalmachine.com\/wp-content\/uploads\/2020\/12\/8DFD0DC9-9463-46A4-8A67-E0C424FD8FE7-092fc0d7-scaled-300x300.jpeg 300w, https:\/\/lalmachine.com\/wp-content\/uploads\/2020\/12\/8DFD0DC9-9463-46A4-8A67-E0C424FD8FE7-092fc0d7-scaled-100x100.jpeg 100w\" sizes=\"(max-width: 96px) 100vw, 96px\" \/><\/a> <\/li>        <li class=\"wpuf-field-data wpuf-field-data-numeric_text_field\">\n                            <label>Prix:<\/label>\n                        40        <\/li>\n                <li class=\"wpuf-field-data wpuf-field-data-numeric_text_field\">\n                            <label>Hauteur (cm):<\/label>\n                        35        <\/li>\n                <li class=\"wpuf-field-data wpuf-field-data-numeric_text_field\">\n                            <label>Largeur (cm):<\/label>\n                        10        <\/li>\n                <li class=\"wpuf-field-data wpuf-field-data-numeric_text_field\">\n                            <label>Profondeur (cm):<\/label>\n                        17        <\/li>\n        <\/ul>","protected":false},"excerpt":{"rendered":"<p>Lampe de bureau blanche. Longueur du c\u00e2ble \u00e9lectrique: environ 10 cm. Convient pour des ampoules standards (livr\u00e9 sans ampoule).<\/p>","protected":false},"featured_media":33102,"template":"","meta":{"_et_pb_use_builder":"","_et_pb_old_content":"","_et_gb_content_width":""},"product_brand":[],"product_cat":[49,90],"product_tag":[],"proximite":[177,235],"class_list":{"0":"post-33040","1":"product","2":"type-product","3":"status-publish","4":"has-post-thumbnail","6":"product_cat-eclairer","7":"product_cat-lampe-de-table-bureau","8":"product_shipping_class-0-2-kg","9":"pa_couleur-blanc","10":"pa_etat-bon-etat","11":"pa_materiau-metal","12":"pa_style-vintage","13":"proximite-fribourg","14":"proximite-sarine","16":"first","17":"outofstock","18":"shipping-taxable","19":"purchasable","20":"product-type-simple"},"yoast_head":"<!-- This site is optimized with the Yoast SEO plugin v27.4 - https:\/\/yoast.com\/product\/yoast-seo-wordpress\/ -->\n<title>Lampe de bureau blanche | lalmachine.com, mobilier et objets d\u00e9co vintage et design<\/title>\n<meta name=\"description\" content=\"Lampe de bureau blanche. Longueur du c\u00e2ble \u00e9lectrique: environ 10 cm. Convient pour des ampoules standards (livr\u00e9 sans ampoule).\" \/>\n<meta name=\"robots\" content=\"index, follow, max-snippet:-1, max-image-preview:large, max-video-preview:-1\" \/>\n<link rel=\"canonical\" href=\"https:\/\/lalmachine.com\/de\/shop\/eclairer\/lampe-de-table-bureau\/lampe-de-bureau-blanche\/\" \/>\n<meta property=\"og:locale\" content=\"de_DE\" \/>\n<meta property=\"og:type\" content=\"article\" \/>\n<meta property=\"og:title\" content=\"Lampe de bureau blanche | lalmachine.com, mobilier et objets d\u00e9co vintage et design\" \/>\n<meta property=\"og:description\" content=\"Lampe de bureau blanche. Longueur du c\u00e2ble \u00e9lectrique: environ 10 cm. Convient pour des ampoules standards (livr\u00e9 sans ampoule).\" \/>\n<meta property=\"og:url\" content=\"https:\/\/lalmachine.com\/de\/shop\/eclairer\/lampe-de-table-bureau\/lampe-de-bureau-blanche\/\" \/>\n<meta property=\"og:site_name\" content=\"lalmachine.com\" \/>\n<meta property=\"article:publisher\" content=\"https:\/\/facebook.com\/lalmachine\" \/>\n<meta property=\"article:modified_time\" content=\"2024-12-05T20:50:41+00:00\" \/>\n<meta property=\"og:image\" content=\"https:\/\/lalmachine.com\/wp-content\/uploads\/2020\/12\/B8ACF7CB-C109-445C-9CC3-0A9EAC5504CE-5f2a07f2-scaled_clipped_rev_2.jpg\" \/>\n\t<meta property=\"og:image:width\" content=\"2528\" \/>\n\t<meta property=\"og:image:height\" content=\"2528\" \/>\n\t<meta property=\"og:image:type\" content=\"image\/jpeg\" \/>\n<meta name=\"twitter:card\" content=\"summary_large_image\" \/>\n<script type=\"application\/ld+json\" class=\"yoast-schema-graph\">{\"@context\":\"https:\\\/\\\/schema.org\",\"@graph\":[{\"@type\":\"WebPage\",\"@id\":\"https:\\\/\\\/lalmachine.com\\\/shop\\\/eclairer\\\/lampe-de-table-bureau\\\/lampe-de-bureau-blanche\\\/\",\"url\":\"https:\\\/\\\/lalmachine.com\\\/shop\\\/eclairer\\\/lampe-de-table-bureau\\\/lampe-de-bureau-blanche\\\/\",\"name\":\"Lampe de bureau blanche | lalmachine.com, mobilier et objets d\u00e9co vintage et design\",\"isPartOf\":{\"@id\":\"https:\\\/\\\/lalmachine.com\\\/#website\"},\"primaryImageOfPage\":{\"@id\":\"https:\\\/\\\/lalmachine.com\\\/shop\\\/eclairer\\\/lampe-de-table-bureau\\\/lampe-de-bureau-blanche\\\/#primaryimage\"},\"image\":{\"@id\":\"https:\\\/\\\/lalmachine.com\\\/shop\\\/eclairer\\\/lampe-de-table-bureau\\\/lampe-de-bureau-blanche\\\/#primaryimage\"},\"thumbnailUrl\":\"https:\\\/\\\/lalmachine.com\\\/wp-content\\\/uploads\\\/2020\\\/12\\\/B8ACF7CB-C109-445C-9CC3-0A9EAC5504CE-5f2a07f2-scaled_clipped_rev_2.jpg\",\"datePublished\":\"2020-12-09T10:07:37+00:00\",\"dateModified\":\"2024-12-05T20:50:41+00:00\",\"description\":\"Lampe de bureau blanche. Longueur du c\u00e2ble \u00e9lectrique: environ 10 cm. Convient pour des ampoules standards (livr\u00e9 sans ampoule).\",\"breadcrumb\":{\"@id\":\"https:\\\/\\\/lalmachine.com\\\/shop\\\/eclairer\\\/lampe-de-table-bureau\\\/lampe-de-bureau-blanche\\\/#breadcrumb\"},\"inLanguage\":\"de\",\"potentialAction\":[{\"@type\":\"ReadAction\",\"target\":[\"https:\\\/\\\/lalmachine.com\\\/shop\\\/eclairer\\\/lampe-de-table-bureau\\\/lampe-de-bureau-blanche\\\/\"]}]},{\"@type\":\"ImageObject\",\"inLanguage\":\"de\",\"@id\":\"https:\\\/\\\/lalmachine.com\\\/shop\\\/eclairer\\\/lampe-de-table-bureau\\\/lampe-de-bureau-blanche\\\/#primaryimage\",\"url\":\"https:\\\/\\\/lalmachine.com\\\/wp-content\\\/uploads\\\/2020\\\/12\\\/B8ACF7CB-C109-445C-9CC3-0A9EAC5504CE-5f2a07f2-scaled_clipped_rev_2.jpg\",\"contentUrl\":\"https:\\\/\\\/lalmachine.com\\\/wp-content\\\/uploads\\\/2020\\\/12\\\/B8ACF7CB-C109-445C-9CC3-0A9EAC5504CE-5f2a07f2-scaled_clipped_rev_2.jpg\",\"width\":2528,\"height\":2528,\"caption\":\"Lampe de bureau\"},{\"@type\":\"BreadcrumbList\",\"@id\":\"https:\\\/\\\/lalmachine.com\\\/shop\\\/eclairer\\\/lampe-de-table-bureau\\\/lampe-de-bureau-blanche\\\/#breadcrumb\",\"itemListElement\":[{\"@type\":\"ListItem\",\"position\":1,\"name\":\"Accueil\",\"item\":\"https:\\\/\\\/lalmachine.com\\\/\"},{\"@type\":\"ListItem\",\"position\":2,\"name\":\"Shop\",\"item\":\"https:\\\/\\\/lalmachine.com\\\/shop\\\/\"},{\"@type\":\"ListItem\",\"position\":3,\"name\":\"Lampe de bureau blanche\"}]},{\"@type\":\"WebSite\",\"@id\":\"https:\\\/\\\/lalmachine.com\\\/#website\",\"url\":\"https:\\\/\\\/lalmachine.com\\\/\",\"name\":\"lalmachine.com\",\"description\":\"Brocante en ligne Suisse | Mobilier et objets d\u00e9co vintage et design\",\"potentialAction\":[{\"@type\":\"SearchAction\",\"target\":{\"@type\":\"EntryPoint\",\"urlTemplate\":\"https:\\\/\\\/lalmachine.com\\\/?s={search_term_string}\"},\"query-input\":{\"@type\":\"PropertyValueSpecification\",\"valueRequired\":true,\"valueName\":\"search_term_string\"}}],\"inLanguage\":\"de\"}]}<\/script>\n<!-- \/ Yoast SEO plugin. -->","yoast_head_json":{"title":"Lampe de bureau blanche | lalmachine.com, mobilier et objets d\u00e9co vintage et design","description":"Lampe de bureau blanche. Longueur du c\u00e2ble \u00e9lectrique: environ 10 cm. Convient pour des ampoules standards (livr\u00e9 sans ampoule).","robots":{"index":"index","follow":"follow","max-snippet":"max-snippet:-1","max-image-preview":"max-image-preview:large","max-video-preview":"max-video-preview:-1"},"canonical":"https:\/\/lalmachine.com\/de\/shop\/eclairer\/lampe-de-table-bureau\/lampe-de-bureau-blanche\/","og_locale":"de_DE","og_type":"article","og_title":"Lampe de bureau blanche | lalmachine.com, mobilier et objets d\u00e9co vintage et design","og_description":"Lampe de bureau blanche. Longueur du c\u00e2ble \u00e9lectrique: environ 10 cm. Convient pour des ampoules standards (livr\u00e9 sans ampoule).","og_url":"https:\/\/lalmachine.com\/de\/shop\/eclairer\/lampe-de-table-bureau\/lampe-de-bureau-blanche\/","og_site_name":"lalmachine.com","article_publisher":"https:\/\/facebook.com\/lalmachine","article_modified_time":"2024-12-05T20:50:41+00:00","og_image":[{"width":2528,"height":2528,"url":"https:\/\/lalmachine.com\/wp-content\/uploads\/2020\/12\/B8ACF7CB-C109-445C-9CC3-0A9EAC5504CE-5f2a07f2-scaled_clipped_rev_2.jpg","type":"image\/jpeg"}],"twitter_card":"summary_large_image","schema":{"@context":"https:\/\/schema.org","@graph":[{"@type":"WebPage","@id":"https:\/\/lalmachine.com\/shop\/eclairer\/lampe-de-table-bureau\/lampe-de-bureau-blanche\/","url":"https:\/\/lalmachine.com\/shop\/eclairer\/lampe-de-table-bureau\/lampe-de-bureau-blanche\/","name":"Lampe de bureau blanche | lalmachine.com, mobilier et objets d\u00e9co vintage et design","isPartOf":{"@id":"https:\/\/lalmachine.com\/#website"},"primaryImageOfPage":{"@id":"https:\/\/lalmachine.com\/shop\/eclairer\/lampe-de-table-bureau\/lampe-de-bureau-blanche\/#primaryimage"},"image":{"@id":"https:\/\/lalmachine.com\/shop\/eclairer\/lampe-de-table-bureau\/lampe-de-bureau-blanche\/#primaryimage"},"thumbnailUrl":"https:\/\/lalmachine.com\/wp-content\/uploads\/2020\/12\/B8ACF7CB-C109-445C-9CC3-0A9EAC5504CE-5f2a07f2-scaled_clipped_rev_2.jpg","datePublished":"2020-12-09T10:07:37+00:00","dateModified":"2024-12-05T20:50:41+00:00","description":"Lampe de bureau blanche. Longueur du c\u00e2ble \u00e9lectrique: environ 10 cm. Convient pour des ampoules standards (livr\u00e9 sans ampoule).","breadcrumb":{"@id":"https:\/\/lalmachine.com\/shop\/eclairer\/lampe-de-table-bureau\/lampe-de-bureau-blanche\/#breadcrumb"},"inLanguage":"de","potentialAction":[{"@type":"ReadAction","target":["https:\/\/lalmachine.com\/shop\/eclairer\/lampe-de-table-bureau\/lampe-de-bureau-blanche\/"]}]},{"@type":"ImageObject","inLanguage":"de","@id":"https:\/\/lalmachine.com\/shop\/eclairer\/lampe-de-table-bureau\/lampe-de-bureau-blanche\/#primaryimage","url":"https:\/\/lalmachine.com\/wp-content\/uploads\/2020\/12\/B8ACF7CB-C109-445C-9CC3-0A9EAC5504CE-5f2a07f2-scaled_clipped_rev_2.jpg","contentUrl":"https:\/\/lalmachine.com\/wp-content\/uploads\/2020\/12\/B8ACF7CB-C109-445C-9CC3-0A9EAC5504CE-5f2a07f2-scaled_clipped_rev_2.jpg","width":2528,"height":2528,"caption":"Lampe de bureau"},{"@type":"BreadcrumbList","@id":"https:\/\/lalmachine.com\/shop\/eclairer\/lampe-de-table-bureau\/lampe-de-bureau-blanche\/#breadcrumb","itemListElement":[{"@type":"ListItem","position":1,"name":"Accueil","item":"https:\/\/lalmachine.com\/"},{"@type":"ListItem","position":2,"name":"Shop","item":"https:\/\/lalmachine.com\/shop\/"},{"@type":"ListItem","position":3,"name":"Lampe de bureau blanche"}]},{"@type":"WebSite","@id":"https:\/\/lalmachine.com\/#website","url":"https:\/\/lalmachine.com\/","name":"lalmachine.com","description":"Brocante en ligne Suisse | Mobilier et objets d\u00e9co vintage et design","potentialAction":[{"@type":"SearchAction","target":{"@type":"EntryPoint","urlTemplate":"https:\/\/lalmachine.com\/?s={search_term_string}"},"query-input":{"@type":"PropertyValueSpecification","valueRequired":true,"valueName":"search_term_string"}}],"inLanguage":"de"}]}},"_links":{"self":[{"href":"https:\/\/lalmachine.com\/de\/wp-json\/wp\/v2\/product\/33040","targetHints":{"allow":["GET"]}}],"collection":[{"href":"https:\/\/lalmachine.com\/de\/wp-json\/wp\/v2\/product"}],"about":[{"href":"https:\/\/lalmachine.com\/de\/wp-json\/wp\/v2\/types\/product"}],"wp:featuredmedia":[{"embeddable":true,"href":"https:\/\/lalmachine.com\/de\/wp-json\/wp\/v2\/media\/33102"}],"wp:attachment":[{"href":"https:\/\/lalmachine.com\/de\/wp-json\/wp\/v2\/media?parent=33040"}],"wp:term":[{"taxonomy":"product_brand","embeddable":true,"href":"https:\/\/lalmachine.com\/de\/wp-json\/wp\/v2\/product_brand?post=33040"},{"taxonomy":"product_cat","embeddable":true,"href":"https:\/\/lalmachine.com\/de\/wp-json\/wp\/v2\/product_cat?post=33040"},{"taxonomy":"product_tag","embeddable":true,"href":"https:\/\/lalmachine.com\/de\/wp-json\/wp\/v2\/product_tag?post=33040"},{"taxonomy":"proximite","embeddable":true,"href":"https:\/\/lalmachine.com\/de\/wp-json\/wp\/v2\/proximite?post=33040"}],"curies":[{"name":"wp","href":"https:\/\/api.w.org\/{rel}","templated":true}]}}