{"id":330717,"date":"2024-05-28T14:36:19","date_gmt":"2024-05-28T12:36:19","guid":{"rendered":"https:\/\/lalmachine.com\/?post_type=product&#038;p=330717"},"modified":"2024-12-05T22:05:17","modified_gmt":"2024-12-05T21:05:17","slug":"set-de-5-chaises-4110-en-teck-kai-kristiansen-fritz-hansen-danemark-1961","status":"publish","type":"product","link":"https:\/\/lalmachine.com\/de\/shop\/sasseoir\/chaise\/set-de-5-chaises-4110-en-teck-kai-kristiansen-fritz-hansen-danemark-1961\/","title":{"rendered":"Set de 5 chaises 4110 en teck, Kai Kristiansen, Fritz Hansen, Danemark, 1961"},"content":{"rendered":"<ul class=\"wpuf_customs\"><li style=\"list-style-type:none;\"><label>Autres photos:<\/label> <a href=\"https:\/\/lalmachine.com\/wp-content\/uploads\/2024\/05\/4F798DB7-1151-49EC-9B08-18B9C01897C7_1_201_a-scaled.jpeg\"><img loading=\"lazy\" decoding=\"async\" width=\"96\" height=\"96\" src=\"https:\/\/lalmachine.com\/wp-content\/uploads\/2024\/05\/4F798DB7-1151-49EC-9B08-18B9C01897C7_1_201_a-scaled.jpeg\" class=\"attachment-thumbnail size-thumbnail\" alt=\"\" \/><\/a> <a href=\"https:\/\/lalmachine.com\/wp-content\/uploads\/2024\/05\/8A92E331-9406-42F7-8241-410DD0E47A89_1_201_a-scaled.jpeg\"><img loading=\"lazy\" decoding=\"async\" width=\"96\" height=\"96\" src=\"https:\/\/lalmachine.com\/wp-content\/uploads\/2024\/05\/8A92E331-9406-42F7-8241-410DD0E47A89_1_201_a-scaled.jpeg\" class=\"attachment-thumbnail size-thumbnail\" alt=\"\" \/><\/a> <a href=\"https:\/\/lalmachine.com\/wp-content\/uploads\/2024\/05\/0564AFF4-E1B7-4947-89A9-718195F2A7B1_1_201_a-scaled.jpeg\"><img loading=\"lazy\" decoding=\"async\" width=\"96\" height=\"96\" src=\"https:\/\/lalmachine.com\/wp-content\/uploads\/2024\/05\/0564AFF4-E1B7-4947-89A9-718195F2A7B1_1_201_a-scaled.jpeg\" class=\"attachment-thumbnail size-thumbnail\" alt=\"\" \/><\/a> <a href=\"https:\/\/lalmachine.com\/wp-content\/uploads\/2024\/05\/B85C6976-4F80-4CC0-BF6B-6CA13E815640_1_201_a-scaled.jpeg\"><img loading=\"lazy\" decoding=\"async\" width=\"96\" height=\"96\" src=\"https:\/\/lalmachine.com\/wp-content\/uploads\/2024\/05\/B85C6976-4F80-4CC0-BF6B-6CA13E815640_1_201_a-scaled.jpeg\" class=\"attachment-thumbnail size-thumbnail\" alt=\"\" \/><\/a> <a href=\"https:\/\/lalmachine.com\/wp-content\/uploads\/2024\/05\/13188F4E-63BE-478B-A102-37843A8CF37D_1_201_a-scaled.jpeg\"><img loading=\"lazy\" decoding=\"async\" width=\"64\" height=\"96\" src=\"https:\/\/lalmachine.com\/wp-content\/uploads\/2024\/05\/13188F4E-63BE-478B-A102-37843A8CF37D_1_201_a-scaled.jpeg\" class=\"attachment-thumbnail size-thumbnail\" alt=\"\" \/><\/a> <a href=\"https:\/\/lalmachine.com\/wp-content\/uploads\/2024\/05\/B63308C2-F04C-4383-BD73-1AA29BC8655B_1_201_a-scaled.jpeg\"><img loading=\"lazy\" decoding=\"async\" width=\"64\" height=\"96\" src=\"https:\/\/lalmachine.com\/wp-content\/uploads\/2024\/05\/B63308C2-F04C-4383-BD73-1AA29BC8655B_1_201_a-scaled.jpeg\" class=\"attachment-thumbnail size-thumbnail\" alt=\"\" \/><\/a> <a href=\"https:\/\/lalmachine.com\/wp-content\/uploads\/2024\/05\/21138B6F-9963-4264-BDBA-A34E152ACABB_1_201_a-scaled.jpeg\"><img loading=\"lazy\" decoding=\"async\" width=\"64\" height=\"96\" src=\"https:\/\/lalmachine.com\/wp-content\/uploads\/2024\/05\/21138B6F-9963-4264-BDBA-A34E152ACABB_1_201_a-scaled.jpeg\" class=\"attachment-thumbnail size-thumbnail\" alt=\"\" \/><\/a> <a href=\"https:\/\/lalmachine.com\/wp-content\/uploads\/2024\/05\/248B6777-D23D-40CF-9A73-468475DDF3D7_1_201_a-scaled.jpeg\"><img loading=\"lazy\" decoding=\"async\" width=\"64\" height=\"96\" src=\"https:\/\/lalmachine.com\/wp-content\/uploads\/2024\/05\/248B6777-D23D-40CF-9A73-468475DDF3D7_1_201_a-scaled.jpeg\" class=\"attachment-thumbnail size-thumbnail\" alt=\"\" \/><\/a> <a href=\"https:\/\/lalmachine.com\/wp-content\/uploads\/2024\/05\/7541DCB1-AC7B-42DA-A834-1A7F7AAD433C_1_201_a-scaled.jpeg\"><img loading=\"lazy\" decoding=\"async\" width=\"128\" height=\"85\" src=\"https:\/\/lalmachine.com\/wp-content\/uploads\/2024\/05\/7541DCB1-AC7B-42DA-A834-1A7F7AAD433C_1_201_a-scaled.jpeg\" class=\"attachment-thumbnail size-thumbnail\" alt=\"\" \/><\/a> <\/li>        <li class=\"wpuf-field-data wpuf-field-data-numeric_text_field\">\n                            <label>Prix:<\/label>\n                        1800        <\/li>\n                <li class=\"wpuf-field-data wpuf-field-data-numeric_text_field\">\n                            <label>Quantit\u00e9:<\/label>\n                        0        <\/li>\n                <li class=\"wpuf-field-data wpuf-field-data-numeric_text_field\">\n                            <label>Hauteur (cm):<\/label>\n                        71        <\/li>\n                <li class=\"wpuf-field-data wpuf-field-data-numeric_text_field\">\n                            <label>Largeur (cm):<\/label>\n                        48        <\/li>\n                <li class=\"wpuf-field-data wpuf-field-data-numeric_text_field\">\n                            <label>Profondeur (cm):<\/label>\n                        43        <\/li>\n        <\/ul>","protected":false},"excerpt":{"rendered":"<p>Une ode au design danois !<\/p>\n<p>Ces chaises en teck dessin\u00e9es par l&rsquo;\u00e9b\u00e9niste danois Kai Kristiansen (n\u00e9 en 1929) sont d&rsquo;une extr\u00eame finesse. Elles illustrent \u00e0 merveille la philosophie du design scandinave du milieu du si\u00e8cle dernier en incarnant la simplicit\u00e9 et l&rsquo;\u00e9l\u00e9gance sans avoir besoin d&rsquo;en faire trop. Rechercher la courbe parfaite, garder l&rsquo;essentiel, s\u00e9lectionner des mat\u00e9riaux qui durent et \u00eatre intransigeant lors de leur fabrication, tout ceci r\u00e9sume le mod\u00e8le 4110.<\/p>\n<p>Autrefois fabriqu\u00e9 par Fritz Hansen, ce mod\u00e8le est aujourd&rsquo;hui r\u00e9\u00e9dit\u00e9 par la petite entreprise Miyazaki au Japon sous la supervision de leur cr\u00e9ateur bient\u00f4t centenaire, Kai Kristiansen. La version initiale en teck n&rsquo;existe plus.<\/p>\n<p>Les assises en tissu chin\u00e9 vert bouteille flattent \u00e0 la perfection la structure en teck des chaises.<\/p>\n<p>Le tissu, certainement issu d&rsquo;une restauration pr\u00e9c\u00e9dente, est en tr\u00e8s bon \u00e9tat.<\/p>","protected":false},"featured_media":330736,"template":"","meta":{"_et_pb_use_builder":"","_et_pb_old_content":"","_et_gb_content_width":""},"product_brand":[],"product_cat":[100,48],"product_tag":[],"proximite":[283,179],"class_list":{"0":"post-330717","1":"product","2":"type-product","3":"status-publish","4":"has-post-thumbnail","6":"product_cat-chaise","7":"product_cat-sasseoir","8":"pa_couleur-bois","9":"pa_designer-kristiansen-kai","10":"pa_etat-bon-etat","11":"pa_materiau-bois","12":"pa_style-scandinave","13":"proximite-riviera-pays-denhaut","14":"proximite-vaud","16":"first","17":"outofstock","18":"sale","19":"shipping-taxable","20":"purchasable","21":"product-type-simple"},"yoast_head":"<!-- This site is optimized with the Yoast SEO plugin v27.4 - https:\/\/yoast.com\/product\/yoast-seo-wordpress\/ -->\n<title>Set de 5 chaises 4110 en teck, Kai Kristiansen, Fritz Hansen, Danemark, 1961 | lalmachine.com<\/title>\n<meta name=\"description\" content=\"Set de 5 chaises 4110 en teck, Kai Kristiansen, Fritz Hansen, Danemark, 1961\" \/>\n<meta name=\"robots\" content=\"index, follow, max-snippet:-1, max-image-preview:large, max-video-preview:-1\" \/>\n<link rel=\"canonical\" href=\"https:\/\/lalmachine.com\/de\/shop\/sasseoir\/chaise\/set-de-5-chaises-4110-en-teck-kai-kristiansen-fritz-hansen-danemark-1961\/\" \/>\n<meta property=\"og:locale\" content=\"de_DE\" \/>\n<meta property=\"og:type\" content=\"article\" \/>\n<meta property=\"og:title\" content=\"Set de 5 chaises 4110 en teck, Kai Kristiansen, Fritz Hansen, Danemark, 1961 | lalmachine.com\" \/>\n<meta property=\"og:description\" content=\"Set de 5 chaises 4110 en teck, Kai Kristiansen, Fritz Hansen, Danemark, 1961\" \/>\n<meta property=\"og:url\" content=\"https:\/\/lalmachine.com\/de\/shop\/sasseoir\/chaise\/set-de-5-chaises-4110-en-teck-kai-kristiansen-fritz-hansen-danemark-1961\/\" \/>\n<meta property=\"og:site_name\" content=\"lalmachine.com\" \/>\n<meta property=\"article:publisher\" content=\"https:\/\/facebook.com\/lalmachine\" \/>\n<meta property=\"article:modified_time\" content=\"2024-12-05T21:05:17+00:00\" \/>\n<meta property=\"og:image\" content=\"https:\/\/lalmachine.com\/wp-content\/uploads\/2024\/05\/387B52EC-8364-4A11-B436-CDE3BB18C0F6_1_201_a-scaled_clipped_rev_1-scaled.jpeg\" \/>\n\t<meta property=\"og:image:width\" content=\"2560\" \/>\n\t<meta property=\"og:image:height\" content=\"2560\" \/>\n\t<meta property=\"og:image:type\" content=\"image\/jpeg\" \/>\n<meta name=\"twitter:card\" content=\"summary_large_image\" \/>\n<script type=\"application\/ld+json\" class=\"yoast-schema-graph\">{\"@context\":\"https:\\\/\\\/schema.org\",\"@graph\":[{\"@type\":\"WebPage\",\"@id\":\"https:\\\/\\\/lalmachine.com\\\/shop\\\/sasseoir\\\/chaise\\\/set-de-5-chaises-4110-en-teck-kai-kristiansen-fritz-hansen-danemark-1961\\\/\",\"url\":\"https:\\\/\\\/lalmachine.com\\\/shop\\\/sasseoir\\\/chaise\\\/set-de-5-chaises-4110-en-teck-kai-kristiansen-fritz-hansen-danemark-1961\\\/\",\"name\":\"Set de 5 chaises 4110 en teck, Kai Kristiansen, Fritz Hansen, Danemark, 1961 | lalmachine.com\",\"isPartOf\":{\"@id\":\"https:\\\/\\\/lalmachine.com\\\/#website\"},\"primaryImageOfPage\":{\"@id\":\"https:\\\/\\\/lalmachine.com\\\/shop\\\/sasseoir\\\/chaise\\\/set-de-5-chaises-4110-en-teck-kai-kristiansen-fritz-hansen-danemark-1961\\\/#primaryimage\"},\"image\":{\"@id\":\"https:\\\/\\\/lalmachine.com\\\/shop\\\/sasseoir\\\/chaise\\\/set-de-5-chaises-4110-en-teck-kai-kristiansen-fritz-hansen-danemark-1961\\\/#primaryimage\"},\"thumbnailUrl\":\"https:\\\/\\\/lalmachine.com\\\/wp-content\\\/uploads\\\/2024\\\/05\\\/387B52EC-8364-4A11-B436-CDE3BB18C0F6_1_201_a-scaled_clipped_rev_1-scaled.jpeg\",\"datePublished\":\"2024-05-28T12:36:19+00:00\",\"dateModified\":\"2024-12-05T21:05:17+00:00\",\"description\":\"Set de 5 chaises 4110 en teck, Kai Kristiansen, Fritz Hansen, Danemark, 1961\",\"breadcrumb\":{\"@id\":\"https:\\\/\\\/lalmachine.com\\\/shop\\\/sasseoir\\\/chaise\\\/set-de-5-chaises-4110-en-teck-kai-kristiansen-fritz-hansen-danemark-1961\\\/#breadcrumb\"},\"inLanguage\":\"de\",\"potentialAction\":[{\"@type\":\"ReadAction\",\"target\":[\"https:\\\/\\\/lalmachine.com\\\/shop\\\/sasseoir\\\/chaise\\\/set-de-5-chaises-4110-en-teck-kai-kristiansen-fritz-hansen-danemark-1961\\\/\"]}]},{\"@type\":\"ImageObject\",\"inLanguage\":\"de\",\"@id\":\"https:\\\/\\\/lalmachine.com\\\/shop\\\/sasseoir\\\/chaise\\\/set-de-5-chaises-4110-en-teck-kai-kristiansen-fritz-hansen-danemark-1961\\\/#primaryimage\",\"url\":\"https:\\\/\\\/lalmachine.com\\\/wp-content\\\/uploads\\\/2024\\\/05\\\/387B52EC-8364-4A11-B436-CDE3BB18C0F6_1_201_a-scaled_clipped_rev_1-scaled.jpeg\",\"contentUrl\":\"https:\\\/\\\/lalmachine.com\\\/wp-content\\\/uploads\\\/2024\\\/05\\\/387B52EC-8364-4A11-B436-CDE3BB18C0F6_1_201_a-scaled_clipped_rev_1-scaled.jpeg\",\"width\":2560,\"height\":2560,\"caption\":\"chaises 4110 en teck Kai Kristiansen\"},{\"@type\":\"BreadcrumbList\",\"@id\":\"https:\\\/\\\/lalmachine.com\\\/shop\\\/sasseoir\\\/chaise\\\/set-de-5-chaises-4110-en-teck-kai-kristiansen-fritz-hansen-danemark-1961\\\/#breadcrumb\",\"itemListElement\":[{\"@type\":\"ListItem\",\"position\":1,\"name\":\"Accueil\",\"item\":\"https:\\\/\\\/lalmachine.com\\\/\"},{\"@type\":\"ListItem\",\"position\":2,\"name\":\"Shop\",\"item\":\"https:\\\/\\\/lalmachine.com\\\/shop\\\/\"},{\"@type\":\"ListItem\",\"position\":3,\"name\":\"Set de 5 chaises 4110 en teck, Kai Kristiansen, Fritz Hansen, Danemark, 1961\"}]},{\"@type\":\"WebSite\",\"@id\":\"https:\\\/\\\/lalmachine.com\\\/#website\",\"url\":\"https:\\\/\\\/lalmachine.com\\\/\",\"name\":\"lalmachine.com\",\"description\":\"Brocante en ligne Suisse | Mobilier et objets d\u00e9co vintage et design\",\"potentialAction\":[{\"@type\":\"SearchAction\",\"target\":{\"@type\":\"EntryPoint\",\"urlTemplate\":\"https:\\\/\\\/lalmachine.com\\\/?s={search_term_string}\"},\"query-input\":{\"@type\":\"PropertyValueSpecification\",\"valueRequired\":true,\"valueName\":\"search_term_string\"}}],\"inLanguage\":\"de\"}]}<\/script>\n<!-- \/ Yoast SEO plugin. -->","yoast_head_json":{"title":"Set de 5 chaises 4110 en teck, Kai Kristiansen, Fritz Hansen, Danemark, 1961 | lalmachine.com","description":"Set de 5 chaises 4110 en teck, Kai Kristiansen, Fritz Hansen, Danemark, 1961","robots":{"index":"index","follow":"follow","max-snippet":"max-snippet:-1","max-image-preview":"max-image-preview:large","max-video-preview":"max-video-preview:-1"},"canonical":"https:\/\/lalmachine.com\/de\/shop\/sasseoir\/chaise\/set-de-5-chaises-4110-en-teck-kai-kristiansen-fritz-hansen-danemark-1961\/","og_locale":"de_DE","og_type":"article","og_title":"Set de 5 chaises 4110 en teck, Kai Kristiansen, Fritz Hansen, Danemark, 1961 | lalmachine.com","og_description":"Set de 5 chaises 4110 en teck, Kai Kristiansen, Fritz Hansen, Danemark, 1961","og_url":"https:\/\/lalmachine.com\/de\/shop\/sasseoir\/chaise\/set-de-5-chaises-4110-en-teck-kai-kristiansen-fritz-hansen-danemark-1961\/","og_site_name":"lalmachine.com","article_publisher":"https:\/\/facebook.com\/lalmachine","article_modified_time":"2024-12-05T21:05:17+00:00","og_image":[{"width":2560,"height":2560,"url":"https:\/\/lalmachine.com\/wp-content\/uploads\/2024\/05\/387B52EC-8364-4A11-B436-CDE3BB18C0F6_1_201_a-scaled_clipped_rev_1-scaled.jpeg","type":"image\/jpeg"}],"twitter_card":"summary_large_image","schema":{"@context":"https:\/\/schema.org","@graph":[{"@type":"WebPage","@id":"https:\/\/lalmachine.com\/shop\/sasseoir\/chaise\/set-de-5-chaises-4110-en-teck-kai-kristiansen-fritz-hansen-danemark-1961\/","url":"https:\/\/lalmachine.com\/shop\/sasseoir\/chaise\/set-de-5-chaises-4110-en-teck-kai-kristiansen-fritz-hansen-danemark-1961\/","name":"Set de 5 chaises 4110 en teck, Kai Kristiansen, Fritz Hansen, Danemark, 1961 | lalmachine.com","isPartOf":{"@id":"https:\/\/lalmachine.com\/#website"},"primaryImageOfPage":{"@id":"https:\/\/lalmachine.com\/shop\/sasseoir\/chaise\/set-de-5-chaises-4110-en-teck-kai-kristiansen-fritz-hansen-danemark-1961\/#primaryimage"},"image":{"@id":"https:\/\/lalmachine.com\/shop\/sasseoir\/chaise\/set-de-5-chaises-4110-en-teck-kai-kristiansen-fritz-hansen-danemark-1961\/#primaryimage"},"thumbnailUrl":"https:\/\/lalmachine.com\/wp-content\/uploads\/2024\/05\/387B52EC-8364-4A11-B436-CDE3BB18C0F6_1_201_a-scaled_clipped_rev_1-scaled.jpeg","datePublished":"2024-05-28T12:36:19+00:00","dateModified":"2024-12-05T21:05:17+00:00","description":"Set de 5 chaises 4110 en teck, Kai Kristiansen, Fritz Hansen, Danemark, 1961","breadcrumb":{"@id":"https:\/\/lalmachine.com\/shop\/sasseoir\/chaise\/set-de-5-chaises-4110-en-teck-kai-kristiansen-fritz-hansen-danemark-1961\/#breadcrumb"},"inLanguage":"de","potentialAction":[{"@type":"ReadAction","target":["https:\/\/lalmachine.com\/shop\/sasseoir\/chaise\/set-de-5-chaises-4110-en-teck-kai-kristiansen-fritz-hansen-danemark-1961\/"]}]},{"@type":"ImageObject","inLanguage":"de","@id":"https:\/\/lalmachine.com\/shop\/sasseoir\/chaise\/set-de-5-chaises-4110-en-teck-kai-kristiansen-fritz-hansen-danemark-1961\/#primaryimage","url":"https:\/\/lalmachine.com\/wp-content\/uploads\/2024\/05\/387B52EC-8364-4A11-B436-CDE3BB18C0F6_1_201_a-scaled_clipped_rev_1-scaled.jpeg","contentUrl":"https:\/\/lalmachine.com\/wp-content\/uploads\/2024\/05\/387B52EC-8364-4A11-B436-CDE3BB18C0F6_1_201_a-scaled_clipped_rev_1-scaled.jpeg","width":2560,"height":2560,"caption":"chaises 4110 en teck Kai Kristiansen"},{"@type":"BreadcrumbList","@id":"https:\/\/lalmachine.com\/shop\/sasseoir\/chaise\/set-de-5-chaises-4110-en-teck-kai-kristiansen-fritz-hansen-danemark-1961\/#breadcrumb","itemListElement":[{"@type":"ListItem","position":1,"name":"Accueil","item":"https:\/\/lalmachine.com\/"},{"@type":"ListItem","position":2,"name":"Shop","item":"https:\/\/lalmachine.com\/shop\/"},{"@type":"ListItem","position":3,"name":"Set de 5 chaises 4110 en teck, Kai Kristiansen, Fritz Hansen, Danemark, 1961"}]},{"@type":"WebSite","@id":"https:\/\/lalmachine.com\/#website","url":"https:\/\/lalmachine.com\/","name":"lalmachine.com","description":"Brocante en ligne Suisse | Mobilier et objets d\u00e9co vintage et design","potentialAction":[{"@type":"SearchAction","target":{"@type":"EntryPoint","urlTemplate":"https:\/\/lalmachine.com\/?s={search_term_string}"},"query-input":{"@type":"PropertyValueSpecification","valueRequired":true,"valueName":"search_term_string"}}],"inLanguage":"de"}]}},"_links":{"self":[{"href":"https:\/\/lalmachine.com\/de\/wp-json\/wp\/v2\/product\/330717","targetHints":{"allow":["GET"]}}],"collection":[{"href":"https:\/\/lalmachine.com\/de\/wp-json\/wp\/v2\/product"}],"about":[{"href":"https:\/\/lalmachine.com\/de\/wp-json\/wp\/v2\/types\/product"}],"wp:featuredmedia":[{"embeddable":true,"href":"https:\/\/lalmachine.com\/de\/wp-json\/wp\/v2\/media\/330736"}],"wp:attachment":[{"href":"https:\/\/lalmachine.com\/de\/wp-json\/wp\/v2\/media?parent=330717"}],"wp:term":[{"taxonomy":"product_brand","embeddable":true,"href":"https:\/\/lalmachine.com\/de\/wp-json\/wp\/v2\/product_brand?post=330717"},{"taxonomy":"product_cat","embeddable":true,"href":"https:\/\/lalmachine.com\/de\/wp-json\/wp\/v2\/product_cat?post=330717"},{"taxonomy":"product_tag","embeddable":true,"href":"https:\/\/lalmachine.com\/de\/wp-json\/wp\/v2\/product_tag?post=330717"},{"taxonomy":"proximite","embeddable":true,"href":"https:\/\/lalmachine.com\/de\/wp-json\/wp\/v2\/proximite?post=330717"}],"curies":[{"name":"wp","href":"https:\/\/api.w.org\/{rel}","templated":true}]}}