{"id":330832,"date":"2024-06-01T17:01:07","date_gmt":"2024-06-01T15:01:07","guid":{"rendered":"https:\/\/lalmachine.com\/?post_type=product&#038;p=330832"},"modified":"2024-12-05T22:05:17","modified_gmt":"2024-12-05T21:05:17","slug":"paire-dappliques-scandinaves","status":"publish","type":"product","link":"https:\/\/lalmachine.com\/de\/shop\/eclairer\/applique\/paire-dappliques-scandinaves\/","title":{"rendered":"Paire d&#8217;appliques scandinaves"},"content":{"rendered":"<ul class=\"wpuf_customs\"><li style=\"list-style-type:none;\"><label>Autres photos:<\/label> <a href=\"https:\/\/lalmachine.com\/wp-content\/uploads\/2024\/05\/IMG_20240521_133216-scaled.jpg\"><img loading=\"lazy\" decoding=\"async\" width=\"72\" height=\"96\" src=\"https:\/\/lalmachine.com\/wp-content\/uploads\/2024\/05\/IMG_20240521_133216-scaled.jpg\" class=\"attachment-thumbnail size-thumbnail\" alt=\"\" \/><\/a> <a href=\"https:\/\/lalmachine.com\/wp-content\/uploads\/2024\/05\/IMG_20240521_133132-scaled.jpg\"><img loading=\"lazy\" decoding=\"async\" width=\"72\" height=\"96\" src=\"https:\/\/lalmachine.com\/wp-content\/uploads\/2024\/05\/IMG_20240521_133132-scaled.jpg\" class=\"attachment-thumbnail size-thumbnail\" alt=\"\" \/><\/a> <a href=\"https:\/\/lalmachine.com\/wp-content\/uploads\/2024\/05\/IMG_20240521_133236-scaled.jpg\"><img loading=\"lazy\" decoding=\"async\" width=\"72\" height=\"96\" src=\"https:\/\/lalmachine.com\/wp-content\/uploads\/2024\/05\/IMG_20240521_133236-scaled.jpg\" class=\"attachment-thumbnail size-thumbnail\" alt=\"\" \/><\/a> <a href=\"https:\/\/lalmachine.com\/wp-content\/uploads\/2024\/05\/IMG_20240521_133309-scaled.jpg\"><img loading=\"lazy\" decoding=\"async\" width=\"72\" height=\"96\" src=\"https:\/\/lalmachine.com\/wp-content\/uploads\/2024\/05\/IMG_20240521_133309-scaled.jpg\" class=\"attachment-thumbnail size-thumbnail\" alt=\"\" \/><\/a> <a href=\"https:\/\/lalmachine.com\/wp-content\/uploads\/2024\/05\/IMG_20240521_133436-scaled.jpg\"><img loading=\"lazy\" decoding=\"async\" width=\"72\" height=\"96\" src=\"https:\/\/lalmachine.com\/wp-content\/uploads\/2024\/05\/IMG_20240521_133436-scaled.jpg\" class=\"attachment-thumbnail size-thumbnail\" alt=\"\" \/><\/a> <a href=\"https:\/\/lalmachine.com\/wp-content\/uploads\/2024\/05\/IMG_20240521_133852-scaled.jpg\"><img loading=\"lazy\" decoding=\"async\" width=\"72\" height=\"96\" src=\"https:\/\/lalmachine.com\/wp-content\/uploads\/2024\/05\/IMG_20240521_133852-scaled.jpg\" class=\"attachment-thumbnail size-thumbnail\" alt=\"\" \/><\/a> <a href=\"https:\/\/lalmachine.com\/wp-content\/uploads\/2024\/05\/IMG_20240521_133837-scaled.jpg\"><img loading=\"lazy\" decoding=\"async\" width=\"72\" height=\"96\" src=\"https:\/\/lalmachine.com\/wp-content\/uploads\/2024\/05\/IMG_20240521_133837-scaled.jpg\" class=\"attachment-thumbnail size-thumbnail\" alt=\"\" \/><\/a> <\/li>        <li class=\"wpuf-field-data wpuf-field-data-numeric_text_field\">\n                            <label>Prix:<\/label>\n                        690        <\/li>\n                <li class=\"wpuf-field-data wpuf-field-data-numeric_text_field\">\n                            <label>Quantit\u00e9:<\/label>\n                        1        <\/li>\n                <li class=\"wpuf-field-data wpuf-field-data-numeric_text_field\">\n                            <label>Hauteur (cm):<\/label>\n                        33        <\/li>\n                <li class=\"wpuf-field-data wpuf-field-data-numeric_text_field\">\n                            <label>Largeur (cm):<\/label>\n                        24        <\/li>\n                <li class=\"wpuf-field-data wpuf-field-data-numeric_text_field\">\n                            <label>Profondeur (cm):<\/label>\n                        24        <\/li>\n        <\/ul>","protected":false},"excerpt":{"rendered":"<p>Eva Ren\u00e9e Nele, designer allemande n\u00e9e en 1932,\u00a0a dessin\u00e9 ce mod\u00e8le d\u2019applique pour Temde Leuchten dans les ann\u00e9es 60.<br \/>\nDeux c\u00f4nes tendus de sisal sont suspendus \u00e0 deux croissants de teck\u00a0fix\u00e9s sur un socle rond muni d\u2019une tirette. les appliques\u00a0sont pures et parfaites, et bien s\u00fbr id\u00e9ales \u00e0 associer \u00e0 du mobilier\u00a0scandinave.<br \/>\nOccasion unique de r\u00e9unir une paire.<br \/>\nDimensions : hauteur 33cm<br \/>\nprofondeur 24cm<\/p>","protected":false},"featured_media":330895,"template":"","meta":{"_et_pb_use_builder":"","_et_pb_old_content":"","_et_gb_content_width":""},"product_brand":[],"product_cat":[88,49],"product_tag":[],"proximite":[180],"class_list":{"0":"post-330832","1":"product","2":"type-product","3":"status-publish","4":"has-post-thumbnail","6":"product_cat-applique","7":"product_cat-eclairer","8":"pa_couleur-bois","9":"pa_etat-tres-bon-etat","10":"pa_materiau-bois","11":"pa_style-scandinave","12":"proximite-geneve","14":"first","15":"instock","16":"shipping-taxable","17":"purchasable","18":"product-type-simple"},"yoast_head":"<!-- This site is optimized with the Yoast SEO plugin v27.4 - https:\/\/yoast.com\/product\/yoast-seo-wordpress\/ -->\n<title>Paire d&#039;appliques scandinaves | lalmachine.com, mobilier et objets d\u00e9co vintage et design<\/title>\n<meta name=\"description\" content=\"Eva Ren\u00e9e Nele, designer allemande n\u00e9e en 1932,\u00a0a dessin\u00e9 ce mod\u00e8le d\u2019applique pour Temde Leuchten dans les ann\u00e9es 60.\" \/>\n<meta name=\"robots\" content=\"index, follow, max-snippet:-1, max-image-preview:large, max-video-preview:-1\" \/>\n<link rel=\"canonical\" href=\"https:\/\/lalmachine.com\/de\/shop\/eclairer\/applique\/paire-dappliques-scandinaves\/\" \/>\n<meta property=\"og:locale\" content=\"de_DE\" \/>\n<meta property=\"og:type\" content=\"article\" \/>\n<meta property=\"og:title\" content=\"Paire d&#039;appliques scandinaves | lalmachine.com, mobilier et objets d\u00e9co vintage et design\" \/>\n<meta property=\"og:description\" content=\"Eva Ren\u00e9e Nele, designer allemande n\u00e9e en 1932,\u00a0a dessin\u00e9 ce mod\u00e8le d\u2019applique pour Temde Leuchten dans les ann\u00e9es 60.\" \/>\n<meta property=\"og:url\" content=\"https:\/\/lalmachine.com\/de\/shop\/eclairer\/applique\/paire-dappliques-scandinaves\/\" \/>\n<meta property=\"og:site_name\" content=\"lalmachine.com\" \/>\n<meta property=\"article:publisher\" content=\"https:\/\/facebook.com\/lalmachine\" \/>\n<meta property=\"article:modified_time\" content=\"2024-12-05T21:05:17+00:00\" \/>\n<meta property=\"og:image\" content=\"https:\/\/lalmachine.com\/wp-content\/uploads\/2024\/05\/IMG_20240521_133744-scaled_clipped_rev_1.jpeg\" \/>\n\t<meta property=\"og:image:width\" content=\"2295\" \/>\n\t<meta property=\"og:image:height\" content=\"2294\" \/>\n\t<meta property=\"og:image:type\" content=\"image\/jpeg\" \/>\n<meta name=\"twitter:card\" content=\"summary_large_image\" \/>\n<script type=\"application\/ld+json\" class=\"yoast-schema-graph\">{\"@context\":\"https:\\\/\\\/schema.org\",\"@graph\":[{\"@type\":\"WebPage\",\"@id\":\"https:\\\/\\\/lalmachine.com\\\/shop\\\/eclairer\\\/applique\\\/paire-dappliques-scandinaves\\\/\",\"url\":\"https:\\\/\\\/lalmachine.com\\\/shop\\\/eclairer\\\/applique\\\/paire-dappliques-scandinaves\\\/\",\"name\":\"Paire d'appliques scandinaves | lalmachine.com, mobilier et objets d\u00e9co vintage et design\",\"isPartOf\":{\"@id\":\"https:\\\/\\\/lalmachine.com\\\/#website\"},\"primaryImageOfPage\":{\"@id\":\"https:\\\/\\\/lalmachine.com\\\/shop\\\/eclairer\\\/applique\\\/paire-dappliques-scandinaves\\\/#primaryimage\"},\"image\":{\"@id\":\"https:\\\/\\\/lalmachine.com\\\/shop\\\/eclairer\\\/applique\\\/paire-dappliques-scandinaves\\\/#primaryimage\"},\"thumbnailUrl\":\"https:\\\/\\\/lalmachine.com\\\/wp-content\\\/uploads\\\/2024\\\/05\\\/IMG_20240521_133744-scaled_clipped_rev_1.jpeg\",\"datePublished\":\"2024-06-01T15:01:07+00:00\",\"dateModified\":\"2024-12-05T21:05:17+00:00\",\"description\":\"Eva Ren\u00e9e Nele, designer allemande n\u00e9e en 1932,\u00a0a dessin\u00e9 ce mod\u00e8le d\u2019applique pour Temde Leuchten dans les ann\u00e9es 60.\",\"breadcrumb\":{\"@id\":\"https:\\\/\\\/lalmachine.com\\\/shop\\\/eclairer\\\/applique\\\/paire-dappliques-scandinaves\\\/#breadcrumb\"},\"inLanguage\":\"de\",\"potentialAction\":[{\"@type\":\"ReadAction\",\"target\":[\"https:\\\/\\\/lalmachine.com\\\/shop\\\/eclairer\\\/applique\\\/paire-dappliques-scandinaves\\\/\"]}]},{\"@type\":\"ImageObject\",\"inLanguage\":\"de\",\"@id\":\"https:\\\/\\\/lalmachine.com\\\/shop\\\/eclairer\\\/applique\\\/paire-dappliques-scandinaves\\\/#primaryimage\",\"url\":\"https:\\\/\\\/lalmachine.com\\\/wp-content\\\/uploads\\\/2024\\\/05\\\/IMG_20240521_133744-scaled_clipped_rev_1.jpeg\",\"contentUrl\":\"https:\\\/\\\/lalmachine.com\\\/wp-content\\\/uploads\\\/2024\\\/05\\\/IMG_20240521_133744-scaled_clipped_rev_1.jpeg\",\"width\":2295,\"height\":2294},{\"@type\":\"BreadcrumbList\",\"@id\":\"https:\\\/\\\/lalmachine.com\\\/shop\\\/eclairer\\\/applique\\\/paire-dappliques-scandinaves\\\/#breadcrumb\",\"itemListElement\":[{\"@type\":\"ListItem\",\"position\":1,\"name\":\"Accueil\",\"item\":\"https:\\\/\\\/lalmachine.com\\\/\"},{\"@type\":\"ListItem\",\"position\":2,\"name\":\"Shop\",\"item\":\"https:\\\/\\\/lalmachine.com\\\/shop\\\/\"},{\"@type\":\"ListItem\",\"position\":3,\"name\":\"Paire d&#8217;appliques scandinaves\"}]},{\"@type\":\"WebSite\",\"@id\":\"https:\\\/\\\/lalmachine.com\\\/#website\",\"url\":\"https:\\\/\\\/lalmachine.com\\\/\",\"name\":\"lalmachine.com\",\"description\":\"Brocante en ligne Suisse | Mobilier et objets d\u00e9co vintage et design\",\"potentialAction\":[{\"@type\":\"SearchAction\",\"target\":{\"@type\":\"EntryPoint\",\"urlTemplate\":\"https:\\\/\\\/lalmachine.com\\\/?s={search_term_string}\"},\"query-input\":{\"@type\":\"PropertyValueSpecification\",\"valueRequired\":true,\"valueName\":\"search_term_string\"}}],\"inLanguage\":\"de\"}]}<\/script>\n<!-- \/ Yoast SEO plugin. -->","yoast_head_json":{"title":"Paire d'appliques scandinaves | lalmachine.com, mobilier et objets d\u00e9co vintage et design","description":"Eva Ren\u00e9e Nele, designer allemande n\u00e9e en 1932,\u00a0a dessin\u00e9 ce mod\u00e8le d\u2019applique pour Temde Leuchten dans les ann\u00e9es 60.","robots":{"index":"index","follow":"follow","max-snippet":"max-snippet:-1","max-image-preview":"max-image-preview:large","max-video-preview":"max-video-preview:-1"},"canonical":"https:\/\/lalmachine.com\/de\/shop\/eclairer\/applique\/paire-dappliques-scandinaves\/","og_locale":"de_DE","og_type":"article","og_title":"Paire d'appliques scandinaves | lalmachine.com, mobilier et objets d\u00e9co vintage et design","og_description":"Eva Ren\u00e9e Nele, designer allemande n\u00e9e en 1932,\u00a0a dessin\u00e9 ce mod\u00e8le d\u2019applique pour Temde Leuchten dans les ann\u00e9es 60.","og_url":"https:\/\/lalmachine.com\/de\/shop\/eclairer\/applique\/paire-dappliques-scandinaves\/","og_site_name":"lalmachine.com","article_publisher":"https:\/\/facebook.com\/lalmachine","article_modified_time":"2024-12-05T21:05:17+00:00","og_image":[{"width":2295,"height":2294,"url":"https:\/\/lalmachine.com\/wp-content\/uploads\/2024\/05\/IMG_20240521_133744-scaled_clipped_rev_1.jpeg","type":"image\/jpeg"}],"twitter_card":"summary_large_image","schema":{"@context":"https:\/\/schema.org","@graph":[{"@type":"WebPage","@id":"https:\/\/lalmachine.com\/shop\/eclairer\/applique\/paire-dappliques-scandinaves\/","url":"https:\/\/lalmachine.com\/shop\/eclairer\/applique\/paire-dappliques-scandinaves\/","name":"Paire d'appliques scandinaves | lalmachine.com, mobilier et objets d\u00e9co vintage et design","isPartOf":{"@id":"https:\/\/lalmachine.com\/#website"},"primaryImageOfPage":{"@id":"https:\/\/lalmachine.com\/shop\/eclairer\/applique\/paire-dappliques-scandinaves\/#primaryimage"},"image":{"@id":"https:\/\/lalmachine.com\/shop\/eclairer\/applique\/paire-dappliques-scandinaves\/#primaryimage"},"thumbnailUrl":"https:\/\/lalmachine.com\/wp-content\/uploads\/2024\/05\/IMG_20240521_133744-scaled_clipped_rev_1.jpeg","datePublished":"2024-06-01T15:01:07+00:00","dateModified":"2024-12-05T21:05:17+00:00","description":"Eva Ren\u00e9e Nele, designer allemande n\u00e9e en 1932,\u00a0a dessin\u00e9 ce mod\u00e8le d\u2019applique pour Temde Leuchten dans les ann\u00e9es 60.","breadcrumb":{"@id":"https:\/\/lalmachine.com\/shop\/eclairer\/applique\/paire-dappliques-scandinaves\/#breadcrumb"},"inLanguage":"de","potentialAction":[{"@type":"ReadAction","target":["https:\/\/lalmachine.com\/shop\/eclairer\/applique\/paire-dappliques-scandinaves\/"]}]},{"@type":"ImageObject","inLanguage":"de","@id":"https:\/\/lalmachine.com\/shop\/eclairer\/applique\/paire-dappliques-scandinaves\/#primaryimage","url":"https:\/\/lalmachine.com\/wp-content\/uploads\/2024\/05\/IMG_20240521_133744-scaled_clipped_rev_1.jpeg","contentUrl":"https:\/\/lalmachine.com\/wp-content\/uploads\/2024\/05\/IMG_20240521_133744-scaled_clipped_rev_1.jpeg","width":2295,"height":2294},{"@type":"BreadcrumbList","@id":"https:\/\/lalmachine.com\/shop\/eclairer\/applique\/paire-dappliques-scandinaves\/#breadcrumb","itemListElement":[{"@type":"ListItem","position":1,"name":"Accueil","item":"https:\/\/lalmachine.com\/"},{"@type":"ListItem","position":2,"name":"Shop","item":"https:\/\/lalmachine.com\/shop\/"},{"@type":"ListItem","position":3,"name":"Paire d&#8217;appliques scandinaves"}]},{"@type":"WebSite","@id":"https:\/\/lalmachine.com\/#website","url":"https:\/\/lalmachine.com\/","name":"lalmachine.com","description":"Brocante en ligne Suisse | Mobilier et objets d\u00e9co vintage et design","potentialAction":[{"@type":"SearchAction","target":{"@type":"EntryPoint","urlTemplate":"https:\/\/lalmachine.com\/?s={search_term_string}"},"query-input":{"@type":"PropertyValueSpecification","valueRequired":true,"valueName":"search_term_string"}}],"inLanguage":"de"}]}},"_links":{"self":[{"href":"https:\/\/lalmachine.com\/de\/wp-json\/wp\/v2\/product\/330832","targetHints":{"allow":["GET"]}}],"collection":[{"href":"https:\/\/lalmachine.com\/de\/wp-json\/wp\/v2\/product"}],"about":[{"href":"https:\/\/lalmachine.com\/de\/wp-json\/wp\/v2\/types\/product"}],"wp:featuredmedia":[{"embeddable":true,"href":"https:\/\/lalmachine.com\/de\/wp-json\/wp\/v2\/media\/330895"}],"wp:attachment":[{"href":"https:\/\/lalmachine.com\/de\/wp-json\/wp\/v2\/media?parent=330832"}],"wp:term":[{"taxonomy":"product_brand","embeddable":true,"href":"https:\/\/lalmachine.com\/de\/wp-json\/wp\/v2\/product_brand?post=330832"},{"taxonomy":"product_cat","embeddable":true,"href":"https:\/\/lalmachine.com\/de\/wp-json\/wp\/v2\/product_cat?post=330832"},{"taxonomy":"product_tag","embeddable":true,"href":"https:\/\/lalmachine.com\/de\/wp-json\/wp\/v2\/product_tag?post=330832"},{"taxonomy":"proximite","embeddable":true,"href":"https:\/\/lalmachine.com\/de\/wp-json\/wp\/v2\/proximite?post=330832"}],"curies":[{"name":"wp","href":"https:\/\/api.w.org\/{rel}","templated":true}]}}