{"id":330950,"date":"2024-06-03T09:45:21","date_gmt":"2024-06-03T07:45:21","guid":{"rendered":"https:\/\/lalmachine.com\/?post_type=product&#038;p=330950"},"modified":"2024-12-05T22:05:16","modified_gmt":"2024-12-05T21:05:16","slug":"etagere-dangle-vintage-en-bois-a-3-niveaux","status":"publish","type":"product","link":"https:\/\/lalmachine.com\/de\/shop\/meubler\/meuble-de-rangement\/etagere-dangle-vintage-en-bois-a-3-niveaux\/","title":{"rendered":"\u00c9tag\u00e8re d\u2019angle vintage en bois \u00e0 3 niveaux"},"content":{"rendered":"<ul class=\"wpuf_customs\"><li style=\"list-style-type:none;\"><label>Autres photos:<\/label> <a href=\"https:\/\/lalmachine.com\/wp-content\/uploads\/2024\/06\/IMG_3745-scaled.jpeg\"><img loading=\"lazy\" decoding=\"async\" width=\"72\" height=\"96\" src=\"https:\/\/lalmachine.com\/wp-content\/uploads\/2024\/06\/IMG_3745-scaled.jpeg\" class=\"attachment-thumbnail size-thumbnail\" alt=\"\" \/><\/a> <a href=\"https:\/\/lalmachine.com\/wp-content\/uploads\/2024\/06\/IMG_3737-scaled.jpeg\"><img loading=\"lazy\" decoding=\"async\" width=\"72\" height=\"96\" src=\"https:\/\/lalmachine.com\/wp-content\/uploads\/2024\/06\/IMG_3737-scaled.jpeg\" class=\"attachment-thumbnail size-thumbnail\" alt=\"\" \/><\/a> <a href=\"https:\/\/lalmachine.com\/wp-content\/uploads\/2024\/06\/IMG_3325-scaled.jpeg\"><img loading=\"lazy\" decoding=\"async\" width=\"72\" height=\"96\" src=\"https:\/\/lalmachine.com\/wp-content\/uploads\/2024\/06\/IMG_3325-scaled.jpeg\" class=\"attachment-thumbnail size-thumbnail\" alt=\"\" \/><\/a> <a href=\"https:\/\/lalmachine.com\/wp-content\/uploads\/2024\/06\/IMG_3324-scaled.jpeg\"><img loading=\"lazy\" decoding=\"async\" width=\"72\" height=\"96\" src=\"https:\/\/lalmachine.com\/wp-content\/uploads\/2024\/06\/IMG_3324-scaled.jpeg\" class=\"attachment-thumbnail size-thumbnail\" alt=\"\" \/><\/a> <a href=\"https:\/\/lalmachine.com\/wp-content\/uploads\/2024\/06\/IMG_3330-scaled.jpeg\"><img loading=\"lazy\" decoding=\"async\" width=\"72\" height=\"96\" src=\"https:\/\/lalmachine.com\/wp-content\/uploads\/2024\/06\/IMG_3330-scaled.jpeg\" class=\"attachment-thumbnail size-thumbnail\" alt=\"\" \/><\/a> <a href=\"https:\/\/lalmachine.com\/wp-content\/uploads\/2024\/06\/IMG_3329-scaled.jpeg\"><img loading=\"lazy\" decoding=\"async\" width=\"72\" height=\"96\" src=\"https:\/\/lalmachine.com\/wp-content\/uploads\/2024\/06\/IMG_3329-scaled.jpeg\" class=\"attachment-thumbnail size-thumbnail\" alt=\"\" \/><\/a> <a href=\"https:\/\/lalmachine.com\/wp-content\/uploads\/2024\/06\/IMG_3328-scaled.jpeg\"><img loading=\"lazy\" decoding=\"async\" width=\"72\" height=\"96\" src=\"https:\/\/lalmachine.com\/wp-content\/uploads\/2024\/06\/IMG_3328-scaled.jpeg\" class=\"attachment-thumbnail size-thumbnail\" alt=\"\" \/><\/a> <a href=\"https:\/\/lalmachine.com\/wp-content\/uploads\/2024\/06\/IMG_3326-scaled.jpeg\"><img loading=\"lazy\" decoding=\"async\" width=\"72\" height=\"96\" src=\"https:\/\/lalmachine.com\/wp-content\/uploads\/2024\/06\/IMG_3326-scaled.jpeg\" class=\"attachment-thumbnail size-thumbnail\" alt=\"\" \/><\/a> <\/li>        <li class=\"wpuf-field-data wpuf-field-data-numeric_text_field\">\n                            <label>Prix:<\/label>\n                        70        <\/li>\n                <li class=\"wpuf-field-data wpuf-field-data-numeric_text_field\">\n                            <label>Quantit\u00e9:<\/label>\n                        1        <\/li>\n                <li class=\"wpuf-field-data wpuf-field-data-numeric_text_field\">\n                            <label>Hauteur (cm):<\/label>\n                        75        <\/li>\n                <li class=\"wpuf-field-data wpuf-field-data-numeric_text_field\">\n                            <label>Largeur (cm):<\/label>\n                        35        <\/li>\n                <li class=\"wpuf-field-data wpuf-field-data-numeric_text_field\">\n                            <label>Profondeur (cm):<\/label>\n                        35        <\/li>\n        <\/ul>","protected":false},"excerpt":{"rendered":"<p>\u00c9levez votre d\u00e9coration int\u00e9rieure avec cette \u00e9l\u00e9gante \u00e9tag\u00e8re d\u2019angle vintage en bois \u00e0 trois niveaux. Dot\u00e9e de pieds finement tourn\u00e9s et d\u2019une finition chaleureuse et riche, cette pi\u00e8ce charmante s\u2019int\u00e8gre parfaitement dans n\u2019importe quel coin, ce qui la rend id\u00e9ale pour exposer vos livres pr\u00e9f\u00e9r\u00e9s, plantes ou objets d\u00e9coratifs. Fabriqu\u00e9e avec une grande attention aux d\u00e9tails, l\u2019\u00e9tag\u00e8re allie fonctionnalit\u00e9 et style intemporel. Sa construction robuste garantit une durabilit\u00e9, tandis que son design compact maximise l\u2019efficacit\u00e9 de l\u2019espace. Parfaite pour ajouter une touche de sophistication classique \u00e0 votre salon, chambre ou couloir.<\/p>","protected":false},"featured_media":331057,"template":"","meta":{"_et_pb_use_builder":"","_et_pb_old_content":"","_et_gb_content_width":""},"product_brand":[],"product_cat":[83,47],"product_tag":[],"proximite":[180],"class_list":{"0":"post-330950","1":"product","2":"type-product","3":"status-publish","4":"has-post-thumbnail","6":"product_cat-meuble-de-rangement","7":"product_cat-meubler","8":"pa_couleur-bois","9":"pa_etat-bon-etat","10":"pa_materiau-bois","11":"pa_style-vintage","12":"proximite-geneve","14":"first","15":"instock","16":"shipping-taxable","17":"purchasable","18":"product-type-simple"},"yoast_head":"<!-- This site is optimized with the Yoast SEO plugin v27.4 - https:\/\/yoast.com\/product\/yoast-seo-wordpress\/ -->\n<title>\u00c9tag\u00e8re d\u2019angle vintage en bois \u00e0 3 niveaux | lalmachine.com, mobilier et objets d\u00e9co vintage et design<\/title>\n<meta name=\"description\" content=\"\u00c9tag\u00e8re d\u2019angle vintage en bois \u00e0 3 niveaux\" \/>\n<meta name=\"robots\" content=\"index, follow, max-snippet:-1, max-image-preview:large, max-video-preview:-1\" \/>\n<link rel=\"canonical\" href=\"https:\/\/lalmachine.com\/de\/shop\/meubler\/meuble-de-rangement\/etagere-dangle-vintage-en-bois-a-3-niveaux\/\" \/>\n<meta property=\"og:locale\" content=\"de_DE\" \/>\n<meta property=\"og:type\" content=\"article\" \/>\n<meta property=\"og:title\" content=\"\u00c9tag\u00e8re d\u2019angle vintage en bois \u00e0 3 niveaux | lalmachine.com, mobilier et objets d\u00e9co vintage et design\" \/>\n<meta property=\"og:description\" content=\"\u00c9tag\u00e8re d\u2019angle vintage en bois \u00e0 3 niveaux\" \/>\n<meta property=\"og:url\" content=\"https:\/\/lalmachine.com\/de\/shop\/meubler\/meuble-de-rangement\/etagere-dangle-vintage-en-bois-a-3-niveaux\/\" \/>\n<meta property=\"og:site_name\" content=\"lalmachine.com\" \/>\n<meta property=\"article:publisher\" content=\"https:\/\/facebook.com\/lalmachine\" \/>\n<meta property=\"article:modified_time\" content=\"2024-12-05T21:05:16+00:00\" \/>\n<meta property=\"og:image\" content=\"https:\/\/lalmachine.com\/wp-content\/uploads\/2024\/06\/IMG_3331-scaled_clipped_rev_1.jpeg\" \/>\n\t<meta property=\"og:image:width\" content=\"2103\" \/>\n\t<meta property=\"og:image:height\" content=\"2103\" \/>\n\t<meta property=\"og:image:type\" content=\"image\/jpeg\" \/>\n<meta name=\"twitter:card\" content=\"summary_large_image\" \/>\n<script type=\"application\/ld+json\" class=\"yoast-schema-graph\">{\"@context\":\"https:\\\/\\\/schema.org\",\"@graph\":[{\"@type\":\"WebPage\",\"@id\":\"https:\\\/\\\/lalmachine.com\\\/shop\\\/meubler\\\/meuble-de-rangement\\\/etagere-dangle-vintage-en-bois-a-3-niveaux\\\/\",\"url\":\"https:\\\/\\\/lalmachine.com\\\/shop\\\/meubler\\\/meuble-de-rangement\\\/etagere-dangle-vintage-en-bois-a-3-niveaux\\\/\",\"name\":\"\u00c9tag\u00e8re d\u2019angle vintage en bois \u00e0 3 niveaux | lalmachine.com, mobilier et objets d\u00e9co vintage et design\",\"isPartOf\":{\"@id\":\"https:\\\/\\\/lalmachine.com\\\/#website\"},\"primaryImageOfPage\":{\"@id\":\"https:\\\/\\\/lalmachine.com\\\/shop\\\/meubler\\\/meuble-de-rangement\\\/etagere-dangle-vintage-en-bois-a-3-niveaux\\\/#primaryimage\"},\"image\":{\"@id\":\"https:\\\/\\\/lalmachine.com\\\/shop\\\/meubler\\\/meuble-de-rangement\\\/etagere-dangle-vintage-en-bois-a-3-niveaux\\\/#primaryimage\"},\"thumbnailUrl\":\"https:\\\/\\\/lalmachine.com\\\/wp-content\\\/uploads\\\/2024\\\/06\\\/IMG_3331-scaled_clipped_rev_1.jpeg\",\"datePublished\":\"2024-06-03T07:45:21+00:00\",\"dateModified\":\"2024-12-05T21:05:16+00:00\",\"description\":\"\u00c9tag\u00e8re d\u2019angle vintage en bois \u00e0 3 niveaux\",\"breadcrumb\":{\"@id\":\"https:\\\/\\\/lalmachine.com\\\/shop\\\/meubler\\\/meuble-de-rangement\\\/etagere-dangle-vintage-en-bois-a-3-niveaux\\\/#breadcrumb\"},\"inLanguage\":\"de\",\"potentialAction\":[{\"@type\":\"ReadAction\",\"target\":[\"https:\\\/\\\/lalmachine.com\\\/shop\\\/meubler\\\/meuble-de-rangement\\\/etagere-dangle-vintage-en-bois-a-3-niveaux\\\/\"]}]},{\"@type\":\"ImageObject\",\"inLanguage\":\"de\",\"@id\":\"https:\\\/\\\/lalmachine.com\\\/shop\\\/meubler\\\/meuble-de-rangement\\\/etagere-dangle-vintage-en-bois-a-3-niveaux\\\/#primaryimage\",\"url\":\"https:\\\/\\\/lalmachine.com\\\/wp-content\\\/uploads\\\/2024\\\/06\\\/IMG_3331-scaled_clipped_rev_1.jpeg\",\"contentUrl\":\"https:\\\/\\\/lalmachine.com\\\/wp-content\\\/uploads\\\/2024\\\/06\\\/IMG_3331-scaled_clipped_rev_1.jpeg\",\"width\":2103,\"height\":2103},{\"@type\":\"BreadcrumbList\",\"@id\":\"https:\\\/\\\/lalmachine.com\\\/shop\\\/meubler\\\/meuble-de-rangement\\\/etagere-dangle-vintage-en-bois-a-3-niveaux\\\/#breadcrumb\",\"itemListElement\":[{\"@type\":\"ListItem\",\"position\":1,\"name\":\"Accueil\",\"item\":\"https:\\\/\\\/lalmachine.com\\\/\"},{\"@type\":\"ListItem\",\"position\":2,\"name\":\"Shop\",\"item\":\"https:\\\/\\\/lalmachine.com\\\/shop\\\/\"},{\"@type\":\"ListItem\",\"position\":3,\"name\":\"\u00c9tag\u00e8re d\u2019angle vintage en bois \u00e0 3 niveaux\"}]},{\"@type\":\"WebSite\",\"@id\":\"https:\\\/\\\/lalmachine.com\\\/#website\",\"url\":\"https:\\\/\\\/lalmachine.com\\\/\",\"name\":\"lalmachine.com\",\"description\":\"Brocante en ligne Suisse | Mobilier et objets d\u00e9co vintage et design\",\"potentialAction\":[{\"@type\":\"SearchAction\",\"target\":{\"@type\":\"EntryPoint\",\"urlTemplate\":\"https:\\\/\\\/lalmachine.com\\\/?s={search_term_string}\"},\"query-input\":{\"@type\":\"PropertyValueSpecification\",\"valueRequired\":true,\"valueName\":\"search_term_string\"}}],\"inLanguage\":\"de\"}]}<\/script>\n<!-- \/ Yoast SEO plugin. -->","yoast_head_json":{"title":"\u00c9tag\u00e8re d\u2019angle vintage en bois \u00e0 3 niveaux | lalmachine.com, mobilier et objets d\u00e9co vintage et design","description":"\u00c9tag\u00e8re d\u2019angle vintage en bois \u00e0 3 niveaux","robots":{"index":"index","follow":"follow","max-snippet":"max-snippet:-1","max-image-preview":"max-image-preview:large","max-video-preview":"max-video-preview:-1"},"canonical":"https:\/\/lalmachine.com\/de\/shop\/meubler\/meuble-de-rangement\/etagere-dangle-vintage-en-bois-a-3-niveaux\/","og_locale":"de_DE","og_type":"article","og_title":"\u00c9tag\u00e8re d\u2019angle vintage en bois \u00e0 3 niveaux | lalmachine.com, mobilier et objets d\u00e9co vintage et design","og_description":"\u00c9tag\u00e8re d\u2019angle vintage en bois \u00e0 3 niveaux","og_url":"https:\/\/lalmachine.com\/de\/shop\/meubler\/meuble-de-rangement\/etagere-dangle-vintage-en-bois-a-3-niveaux\/","og_site_name":"lalmachine.com","article_publisher":"https:\/\/facebook.com\/lalmachine","article_modified_time":"2024-12-05T21:05:16+00:00","og_image":[{"width":2103,"height":2103,"url":"https:\/\/lalmachine.com\/wp-content\/uploads\/2024\/06\/IMG_3331-scaled_clipped_rev_1.jpeg","type":"image\/jpeg"}],"twitter_card":"summary_large_image","schema":{"@context":"https:\/\/schema.org","@graph":[{"@type":"WebPage","@id":"https:\/\/lalmachine.com\/shop\/meubler\/meuble-de-rangement\/etagere-dangle-vintage-en-bois-a-3-niveaux\/","url":"https:\/\/lalmachine.com\/shop\/meubler\/meuble-de-rangement\/etagere-dangle-vintage-en-bois-a-3-niveaux\/","name":"\u00c9tag\u00e8re d\u2019angle vintage en bois \u00e0 3 niveaux | lalmachine.com, mobilier et objets d\u00e9co vintage et design","isPartOf":{"@id":"https:\/\/lalmachine.com\/#website"},"primaryImageOfPage":{"@id":"https:\/\/lalmachine.com\/shop\/meubler\/meuble-de-rangement\/etagere-dangle-vintage-en-bois-a-3-niveaux\/#primaryimage"},"image":{"@id":"https:\/\/lalmachine.com\/shop\/meubler\/meuble-de-rangement\/etagere-dangle-vintage-en-bois-a-3-niveaux\/#primaryimage"},"thumbnailUrl":"https:\/\/lalmachine.com\/wp-content\/uploads\/2024\/06\/IMG_3331-scaled_clipped_rev_1.jpeg","datePublished":"2024-06-03T07:45:21+00:00","dateModified":"2024-12-05T21:05:16+00:00","description":"\u00c9tag\u00e8re d\u2019angle vintage en bois \u00e0 3 niveaux","breadcrumb":{"@id":"https:\/\/lalmachine.com\/shop\/meubler\/meuble-de-rangement\/etagere-dangle-vintage-en-bois-a-3-niveaux\/#breadcrumb"},"inLanguage":"de","potentialAction":[{"@type":"ReadAction","target":["https:\/\/lalmachine.com\/shop\/meubler\/meuble-de-rangement\/etagere-dangle-vintage-en-bois-a-3-niveaux\/"]}]},{"@type":"ImageObject","inLanguage":"de","@id":"https:\/\/lalmachine.com\/shop\/meubler\/meuble-de-rangement\/etagere-dangle-vintage-en-bois-a-3-niveaux\/#primaryimage","url":"https:\/\/lalmachine.com\/wp-content\/uploads\/2024\/06\/IMG_3331-scaled_clipped_rev_1.jpeg","contentUrl":"https:\/\/lalmachine.com\/wp-content\/uploads\/2024\/06\/IMG_3331-scaled_clipped_rev_1.jpeg","width":2103,"height":2103},{"@type":"BreadcrumbList","@id":"https:\/\/lalmachine.com\/shop\/meubler\/meuble-de-rangement\/etagere-dangle-vintage-en-bois-a-3-niveaux\/#breadcrumb","itemListElement":[{"@type":"ListItem","position":1,"name":"Accueil","item":"https:\/\/lalmachine.com\/"},{"@type":"ListItem","position":2,"name":"Shop","item":"https:\/\/lalmachine.com\/shop\/"},{"@type":"ListItem","position":3,"name":"\u00c9tag\u00e8re d\u2019angle vintage en bois \u00e0 3 niveaux"}]},{"@type":"WebSite","@id":"https:\/\/lalmachine.com\/#website","url":"https:\/\/lalmachine.com\/","name":"lalmachine.com","description":"Brocante en ligne Suisse | Mobilier et objets d\u00e9co vintage et design","potentialAction":[{"@type":"SearchAction","target":{"@type":"EntryPoint","urlTemplate":"https:\/\/lalmachine.com\/?s={search_term_string}"},"query-input":{"@type":"PropertyValueSpecification","valueRequired":true,"valueName":"search_term_string"}}],"inLanguage":"de"}]}},"_links":{"self":[{"href":"https:\/\/lalmachine.com\/de\/wp-json\/wp\/v2\/product\/330950","targetHints":{"allow":["GET"]}}],"collection":[{"href":"https:\/\/lalmachine.com\/de\/wp-json\/wp\/v2\/product"}],"about":[{"href":"https:\/\/lalmachine.com\/de\/wp-json\/wp\/v2\/types\/product"}],"wp:featuredmedia":[{"embeddable":true,"href":"https:\/\/lalmachine.com\/de\/wp-json\/wp\/v2\/media\/331057"}],"wp:attachment":[{"href":"https:\/\/lalmachine.com\/de\/wp-json\/wp\/v2\/media?parent=330950"}],"wp:term":[{"taxonomy":"product_brand","embeddable":true,"href":"https:\/\/lalmachine.com\/de\/wp-json\/wp\/v2\/product_brand?post=330950"},{"taxonomy":"product_cat","embeddable":true,"href":"https:\/\/lalmachine.com\/de\/wp-json\/wp\/v2\/product_cat?post=330950"},{"taxonomy":"product_tag","embeddable":true,"href":"https:\/\/lalmachine.com\/de\/wp-json\/wp\/v2\/product_tag?post=330950"},{"taxonomy":"proximite","embeddable":true,"href":"https:\/\/lalmachine.com\/de\/wp-json\/wp\/v2\/proximite?post=330950"}],"curies":[{"name":"wp","href":"https:\/\/api.w.org\/{rel}","templated":true}]}}