{"id":331344,"date":"2024-06-12T15:54:52","date_gmt":"2024-06-12T13:54:52","guid":{"rendered":"https:\/\/lalmachine.com\/?post_type=product&#038;p=331344"},"modified":"2024-12-05T22:05:18","modified_gmt":"2024-12-05T21:05:18","slug":"lithographie-originale-de-kumi-sugai-1919-1996-japon","status":"publish","type":"product","link":"https:\/\/lalmachine.com\/de\/shop\/decorer\/art-and-co\/lithographie-originale-de-kumi-sugai-1919-1996-japon\/","title":{"rendered":"Lithographie originale de Kumi Suga\u00ef (1919-1996) Japon"},"content":{"rendered":"<ul class=\"wpuf_customs\"><li style=\"list-style-type:none;\"><label>Autres photos:<\/label> <a href=\"https:\/\/lalmachine.com\/wp-content\/uploads\/2024\/06\/vente-lithographie-kumi-sugai-boutique-du-mail-geneve.jpg\"><img loading=\"lazy\" decoding=\"async\" width=\"96\" height=\"96\" src=\"https:\/\/lalmachine.com\/wp-content\/uploads\/2024\/06\/vente-lithographie-kumi-sugai-boutique-du-mail-geneve.jpg\" class=\"attachment-thumbnail size-thumbnail\" alt=\"\" \/><\/a> <a href=\"https:\/\/lalmachine.com\/wp-content\/uploads\/2024\/06\/vente-en-ligne-lithographie-kumi-sugai-boutique-du-mail-geneve.jpg\"><img loading=\"lazy\" decoding=\"async\" width=\"72\" height=\"96\" src=\"https:\/\/lalmachine.com\/wp-content\/uploads\/2024\/06\/vente-en-ligne-lithographie-kumi-sugai-boutique-du-mail-geneve.jpg\" class=\"attachment-thumbnail size-thumbnail\" alt=\"\" \/><\/a> <a href=\"https:\/\/lalmachine.com\/wp-content\/uploads\/2024\/06\/estampe-lithographie-kumi-sugai-boutique-du-mail-geneve.jpg\"><img loading=\"lazy\" decoding=\"async\" width=\"72\" height=\"96\" src=\"https:\/\/lalmachine.com\/wp-content\/uploads\/2024\/06\/estampe-lithographie-kumi-sugai-boutique-du-mail-geneve.jpg\" class=\"attachment-thumbnail size-thumbnail\" alt=\"\" \/><\/a> <a href=\"https:\/\/lalmachine.com\/wp-content\/uploads\/2024\/06\/vente-en-ligne-lithographie-kumi-sugai-boutique-du-mail.jpg\"><img loading=\"lazy\" decoding=\"async\" width=\"72\" height=\"96\" src=\"https:\/\/lalmachine.com\/wp-content\/uploads\/2024\/06\/vente-en-ligne-lithographie-kumi-sugai-boutique-du-mail.jpg\" class=\"attachment-thumbnail size-thumbnail\" alt=\"\" \/><\/a> <\/li>        <li class=\"wpuf-field-data wpuf-field-data-numeric_text_field\">\n                            <label>Prix:<\/label>\n                        750        <\/li>\n                <li class=\"wpuf-field-data wpuf-field-data-numeric_text_field\">\n                            <label>Hauteur (cm):<\/label>\n                        76        <\/li>\n                <li class=\"wpuf-field-data wpuf-field-data-numeric_text_field\">\n                            <label>Largeur (cm):<\/label>\n                        56        <\/li>\n        <\/ul>","protected":false},"excerpt":{"rendered":"<p>Kumi Suga\u00ef (1919-1996) Japon<br \/>\nEspace A, lithographie originale, 1984<\/p>\n<p>Tirage 150, num\u00e9rot\u00e9e 150<br \/>\nImpression sur papier Arches<br \/>\nSign\u00e9e au crayon par l\u2019artiste<\/p>\n<p>Possibilit\u00e9 de faire un envoi avec l\u2019encadrement (cadre en bois peint en blanc, verre classique).<br \/>\nCHF 850.-<\/p>\n<p>Kumi Suga\u00ef \u00e9tait un peintre, sculpteur et graveur japonais n\u00e9 en 1919 \u00e0 Kobe, au Japon.<br \/>\nIl a \u00e9tudi\u00e9 \u00e0 l&rsquo;\u00c9cole des Beaux-Arts d&rsquo;Osaka o\u00f9 il se familiarise avec les techniques de peinture occidentale gr\u00e2ce \u00e0 l&rsquo;enseignement de Yoshihara Haruyoshi. Parall\u00e8lement, il pratique la calligraphie et est fascin\u00e9 par la typographie, deux domaines qui joueront un r\u00f4le important dans son \u0153uvre.<\/p>\n<p>Suga\u00ef s\u2019installe \u00e0 Paris en 1952 o\u00f9 il commence un travail de gravure qui sera une partie importante de son \u0153uvre. Kumi Suga\u00ef fait partie du premier groupe d&rsquo;artistes japonais contemporains pionniers \u00e0 adopter les styles de peinture occidentaux et \u00e0 les pratiquer \u00e0 l&rsquo;\u00e9tranger, principalement \u00e0 Paris et \u00e0 New York. C\u2019est en 1962 environ, qu\u2019il adoptera une imagerie g\u00e9om\u00e9trique color\u00e9e tr\u00e8s nettement inspir\u00e9e du mouvement \u00abhard-edge\u00bb. Ce style de peinture est li\u00e9e \u00e0 l&rsquo;abstraction g\u00e9om\u00e9trique et \u00e0 l&rsquo;Op Art.<\/p>\n<p>Ses \u0153uvres ont \u00e9t\u00e9 pr\u00e9sent\u00e9es dans de nombreuses expositions \u00e0 travers le monde, telles que Documenta (1959, 1964), Biennale de Sao Paulo (1965), Biennale de Venise (1968) et la plupart de ses peintures font partie des collections de mus\u00e9es r\u00e9put\u00e9s, tels que le MOMA et le Centre Pompidou ainsi que d&rsquo;importants collectionneurs.<\/p>","protected":false},"featured_media":331350,"template":"","meta":{"_et_pb_use_builder":"","_et_pb_old_content":"","_et_gb_content_width":""},"product_brand":[],"product_cat":[365,50],"product_tag":[],"proximite":[180],"class_list":{"0":"post-331344","1":"product","2":"type-product","3":"status-publish","4":"has-post-thumbnail","6":"product_cat-art-and-co","7":"product_cat-decorer","8":"product_shipping_class-50-chf","9":"pa_couleur-multicolore","10":"pa_etat-tres-bon-etat","11":"pa_materiau-papier-carton","12":"pa_style-art-contemporain","13":"proximite-geneve","15":"first","16":"outofstock","17":"shipping-taxable","18":"purchasable","19":"product-type-simple"},"yoast_head":"<!-- This site is optimized with the Yoast SEO plugin v27.4 - https:\/\/yoast.com\/product\/yoast-seo-wordpress\/ -->\n<title>Lithographie originale de Kumi Suga\u00ef (1919-1996) Japon | lalmachine.com<\/title>\n<meta name=\"description\" content=\"Kumi Suga\u00ef (1919-1996) Japon Espace A, lithographie originale, 1984\" \/>\n<meta name=\"robots\" content=\"index, follow, max-snippet:-1, max-image-preview:large, max-video-preview:-1\" \/>\n<link rel=\"canonical\" href=\"https:\/\/lalmachine.com\/de\/shop\/decorer\/art-and-co\/lithographie-originale-de-kumi-sugai-1919-1996-japon\/\" \/>\n<meta property=\"og:locale\" content=\"de_DE\" \/>\n<meta property=\"og:type\" content=\"article\" \/>\n<meta property=\"og:title\" content=\"Lithographie originale de Kumi Suga\u00ef (1919-1996) Japon | lalmachine.com\" \/>\n<meta property=\"og:description\" content=\"Kumi Suga\u00ef (1919-1996) Japon Espace A, lithographie originale, 1984\" \/>\n<meta property=\"og:url\" content=\"https:\/\/lalmachine.com\/de\/shop\/decorer\/art-and-co\/lithographie-originale-de-kumi-sugai-1919-1996-japon\/\" \/>\n<meta property=\"og:site_name\" content=\"lalmachine.com\" \/>\n<meta property=\"article:publisher\" content=\"https:\/\/facebook.com\/lalmachine\" \/>\n<meta property=\"article:modified_time\" content=\"2024-12-05T21:05:18+00:00\" \/>\n<meta property=\"og:image\" content=\"https:\/\/lalmachine.com\/wp-content\/uploads\/2024\/06\/vente-en-ligne-lithographie-kumi-sugai-boutique-du-mail-geneve_clipped_rev_1.jpeg\" \/>\n\t<meta property=\"og:image:width\" content=\"1387\" \/>\n\t<meta property=\"og:image:height\" content=\"1387\" \/>\n\t<meta property=\"og:image:type\" content=\"image\/jpeg\" \/>\n<meta name=\"twitter:card\" content=\"summary_large_image\" \/>\n<script type=\"application\/ld+json\" class=\"yoast-schema-graph\">{\"@context\":\"https:\\\/\\\/schema.org\",\"@graph\":[{\"@type\":\"WebPage\",\"@id\":\"https:\\\/\\\/lalmachine.com\\\/shop\\\/decorer\\\/art-and-co\\\/lithographie-originale-de-kumi-sugai-1919-1996-japon\\\/\",\"url\":\"https:\\\/\\\/lalmachine.com\\\/shop\\\/decorer\\\/art-and-co\\\/lithographie-originale-de-kumi-sugai-1919-1996-japon\\\/\",\"name\":\"Lithographie originale de Kumi Suga\u00ef (1919-1996) Japon | lalmachine.com\",\"isPartOf\":{\"@id\":\"https:\\\/\\\/lalmachine.com\\\/#website\"},\"primaryImageOfPage\":{\"@id\":\"https:\\\/\\\/lalmachine.com\\\/shop\\\/decorer\\\/art-and-co\\\/lithographie-originale-de-kumi-sugai-1919-1996-japon\\\/#primaryimage\"},\"image\":{\"@id\":\"https:\\\/\\\/lalmachine.com\\\/shop\\\/decorer\\\/art-and-co\\\/lithographie-originale-de-kumi-sugai-1919-1996-japon\\\/#primaryimage\"},\"thumbnailUrl\":\"https:\\\/\\\/lalmachine.com\\\/wp-content\\\/uploads\\\/2024\\\/06\\\/vente-en-ligne-lithographie-kumi-sugai-boutique-du-mail-geneve_clipped_rev_1.jpeg\",\"datePublished\":\"2024-06-12T13:54:52+00:00\",\"dateModified\":\"2024-12-05T21:05:18+00:00\",\"description\":\"Kumi Suga\u00ef (1919-1996) Japon Espace A, lithographie originale, 1984\",\"breadcrumb\":{\"@id\":\"https:\\\/\\\/lalmachine.com\\\/shop\\\/decorer\\\/art-and-co\\\/lithographie-originale-de-kumi-sugai-1919-1996-japon\\\/#breadcrumb\"},\"inLanguage\":\"de\",\"potentialAction\":[{\"@type\":\"ReadAction\",\"target\":[\"https:\\\/\\\/lalmachine.com\\\/shop\\\/decorer\\\/art-and-co\\\/lithographie-originale-de-kumi-sugai-1919-1996-japon\\\/\"]}]},{\"@type\":\"ImageObject\",\"inLanguage\":\"de\",\"@id\":\"https:\\\/\\\/lalmachine.com\\\/shop\\\/decorer\\\/art-and-co\\\/lithographie-originale-de-kumi-sugai-1919-1996-japon\\\/#primaryimage\",\"url\":\"https:\\\/\\\/lalmachine.com\\\/wp-content\\\/uploads\\\/2024\\\/06\\\/vente-en-ligne-lithographie-kumi-sugai-boutique-du-mail-geneve_clipped_rev_1.jpeg\",\"contentUrl\":\"https:\\\/\\\/lalmachine.com\\\/wp-content\\\/uploads\\\/2024\\\/06\\\/vente-en-ligne-lithographie-kumi-sugai-boutique-du-mail-geneve_clipped_rev_1.jpeg\",\"width\":1387,\"height\":1387,\"caption\":\"Lithographie originale de Kumi Suga\u00ef (1919-1996) Japon\"},{\"@type\":\"BreadcrumbList\",\"@id\":\"https:\\\/\\\/lalmachine.com\\\/shop\\\/decorer\\\/art-and-co\\\/lithographie-originale-de-kumi-sugai-1919-1996-japon\\\/#breadcrumb\",\"itemListElement\":[{\"@type\":\"ListItem\",\"position\":1,\"name\":\"Accueil\",\"item\":\"https:\\\/\\\/lalmachine.com\\\/\"},{\"@type\":\"ListItem\",\"position\":2,\"name\":\"Shop\",\"item\":\"https:\\\/\\\/lalmachine.com\\\/shop\\\/\"},{\"@type\":\"ListItem\",\"position\":3,\"name\":\"Lithographie originale de Kumi Suga\u00ef (1919-1996) Japon\"}]},{\"@type\":\"WebSite\",\"@id\":\"https:\\\/\\\/lalmachine.com\\\/#website\",\"url\":\"https:\\\/\\\/lalmachine.com\\\/\",\"name\":\"lalmachine.com\",\"description\":\"Brocante en ligne Suisse | Mobilier et objets d\u00e9co vintage et design\",\"potentialAction\":[{\"@type\":\"SearchAction\",\"target\":{\"@type\":\"EntryPoint\",\"urlTemplate\":\"https:\\\/\\\/lalmachine.com\\\/?s={search_term_string}\"},\"query-input\":{\"@type\":\"PropertyValueSpecification\",\"valueRequired\":true,\"valueName\":\"search_term_string\"}}],\"inLanguage\":\"de\"}]}<\/script>\n<!-- \/ Yoast SEO plugin. -->","yoast_head_json":{"title":"Lithographie originale de Kumi Suga\u00ef (1919-1996) Japon | lalmachine.com","description":"Kumi Suga\u00ef (1919-1996) Japon Espace A, lithographie originale, 1984","robots":{"index":"index","follow":"follow","max-snippet":"max-snippet:-1","max-image-preview":"max-image-preview:large","max-video-preview":"max-video-preview:-1"},"canonical":"https:\/\/lalmachine.com\/de\/shop\/decorer\/art-and-co\/lithographie-originale-de-kumi-sugai-1919-1996-japon\/","og_locale":"de_DE","og_type":"article","og_title":"Lithographie originale de Kumi Suga\u00ef (1919-1996) Japon | lalmachine.com","og_description":"Kumi Suga\u00ef (1919-1996) Japon Espace A, lithographie originale, 1984","og_url":"https:\/\/lalmachine.com\/de\/shop\/decorer\/art-and-co\/lithographie-originale-de-kumi-sugai-1919-1996-japon\/","og_site_name":"lalmachine.com","article_publisher":"https:\/\/facebook.com\/lalmachine","article_modified_time":"2024-12-05T21:05:18+00:00","og_image":[{"width":1387,"height":1387,"url":"https:\/\/lalmachine.com\/wp-content\/uploads\/2024\/06\/vente-en-ligne-lithographie-kumi-sugai-boutique-du-mail-geneve_clipped_rev_1.jpeg","type":"image\/jpeg"}],"twitter_card":"summary_large_image","schema":{"@context":"https:\/\/schema.org","@graph":[{"@type":"WebPage","@id":"https:\/\/lalmachine.com\/shop\/decorer\/art-and-co\/lithographie-originale-de-kumi-sugai-1919-1996-japon\/","url":"https:\/\/lalmachine.com\/shop\/decorer\/art-and-co\/lithographie-originale-de-kumi-sugai-1919-1996-japon\/","name":"Lithographie originale de Kumi Suga\u00ef (1919-1996) Japon | lalmachine.com","isPartOf":{"@id":"https:\/\/lalmachine.com\/#website"},"primaryImageOfPage":{"@id":"https:\/\/lalmachine.com\/shop\/decorer\/art-and-co\/lithographie-originale-de-kumi-sugai-1919-1996-japon\/#primaryimage"},"image":{"@id":"https:\/\/lalmachine.com\/shop\/decorer\/art-and-co\/lithographie-originale-de-kumi-sugai-1919-1996-japon\/#primaryimage"},"thumbnailUrl":"https:\/\/lalmachine.com\/wp-content\/uploads\/2024\/06\/vente-en-ligne-lithographie-kumi-sugai-boutique-du-mail-geneve_clipped_rev_1.jpeg","datePublished":"2024-06-12T13:54:52+00:00","dateModified":"2024-12-05T21:05:18+00:00","description":"Kumi Suga\u00ef (1919-1996) Japon Espace A, lithographie originale, 1984","breadcrumb":{"@id":"https:\/\/lalmachine.com\/shop\/decorer\/art-and-co\/lithographie-originale-de-kumi-sugai-1919-1996-japon\/#breadcrumb"},"inLanguage":"de","potentialAction":[{"@type":"ReadAction","target":["https:\/\/lalmachine.com\/shop\/decorer\/art-and-co\/lithographie-originale-de-kumi-sugai-1919-1996-japon\/"]}]},{"@type":"ImageObject","inLanguage":"de","@id":"https:\/\/lalmachine.com\/shop\/decorer\/art-and-co\/lithographie-originale-de-kumi-sugai-1919-1996-japon\/#primaryimage","url":"https:\/\/lalmachine.com\/wp-content\/uploads\/2024\/06\/vente-en-ligne-lithographie-kumi-sugai-boutique-du-mail-geneve_clipped_rev_1.jpeg","contentUrl":"https:\/\/lalmachine.com\/wp-content\/uploads\/2024\/06\/vente-en-ligne-lithographie-kumi-sugai-boutique-du-mail-geneve_clipped_rev_1.jpeg","width":1387,"height":1387,"caption":"Lithographie originale de Kumi Suga\u00ef (1919-1996) Japon"},{"@type":"BreadcrumbList","@id":"https:\/\/lalmachine.com\/shop\/decorer\/art-and-co\/lithographie-originale-de-kumi-sugai-1919-1996-japon\/#breadcrumb","itemListElement":[{"@type":"ListItem","position":1,"name":"Accueil","item":"https:\/\/lalmachine.com\/"},{"@type":"ListItem","position":2,"name":"Shop","item":"https:\/\/lalmachine.com\/shop\/"},{"@type":"ListItem","position":3,"name":"Lithographie originale de Kumi Suga\u00ef (1919-1996) Japon"}]},{"@type":"WebSite","@id":"https:\/\/lalmachine.com\/#website","url":"https:\/\/lalmachine.com\/","name":"lalmachine.com","description":"Brocante en ligne Suisse | Mobilier et objets d\u00e9co vintage et design","potentialAction":[{"@type":"SearchAction","target":{"@type":"EntryPoint","urlTemplate":"https:\/\/lalmachine.com\/?s={search_term_string}"},"query-input":{"@type":"PropertyValueSpecification","valueRequired":true,"valueName":"search_term_string"}}],"inLanguage":"de"}]}},"_links":{"self":[{"href":"https:\/\/lalmachine.com\/de\/wp-json\/wp\/v2\/product\/331344","targetHints":{"allow":["GET"]}}],"collection":[{"href":"https:\/\/lalmachine.com\/de\/wp-json\/wp\/v2\/product"}],"about":[{"href":"https:\/\/lalmachine.com\/de\/wp-json\/wp\/v2\/types\/product"}],"wp:featuredmedia":[{"embeddable":true,"href":"https:\/\/lalmachine.com\/de\/wp-json\/wp\/v2\/media\/331350"}],"wp:attachment":[{"href":"https:\/\/lalmachine.com\/de\/wp-json\/wp\/v2\/media?parent=331344"}],"wp:term":[{"taxonomy":"product_brand","embeddable":true,"href":"https:\/\/lalmachine.com\/de\/wp-json\/wp\/v2\/product_brand?post=331344"},{"taxonomy":"product_cat","embeddable":true,"href":"https:\/\/lalmachine.com\/de\/wp-json\/wp\/v2\/product_cat?post=331344"},{"taxonomy":"product_tag","embeddable":true,"href":"https:\/\/lalmachine.com\/de\/wp-json\/wp\/v2\/product_tag?post=331344"},{"taxonomy":"proximite","embeddable":true,"href":"https:\/\/lalmachine.com\/de\/wp-json\/wp\/v2\/proximite?post=331344"}],"curies":[{"name":"wp","href":"https:\/\/api.w.org\/{rel}","templated":true}]}}