{"id":331907,"date":"2024-06-19T08:08:26","date_gmt":"2024-06-19T06:08:26","guid":{"rendered":"https:\/\/lalmachine.com\/?post_type=product&#038;p=331907"},"modified":"2024-12-05T22:05:20","modified_gmt":"2024-12-05T21:05:20","slug":"robot-mecanique-horikawa-japon-60s","status":"publish","type":"product","link":"https:\/\/lalmachine.com\/de\/shop\/decorer\/sport-jeux-vintage\/robot-mecanique-horikawa-japon-60s\/","title":{"rendered":"Robot m\u00e9canique Horikawa &#8211; Japon 60&rsquo;s"},"content":{"rendered":"<ul class=\"wpuf_customs\"><li style=\"list-style-type:none;\"><label>Autres photos:<\/label> <a href=\"https:\/\/lalmachine.com\/wp-content\/uploads\/2024\/06\/9404925F-6250-406A-AFF0-23AE88CA37A9-scaled.jpeg\"><img loading=\"lazy\" decoding=\"async\" width=\"72\" height=\"96\" src=\"https:\/\/lalmachine.com\/wp-content\/uploads\/2024\/06\/9404925F-6250-406A-AFF0-23AE88CA37A9-scaled.jpeg\" class=\"attachment-thumbnail size-thumbnail\" alt=\"\" \/><\/a> <a href=\"https:\/\/lalmachine.com\/wp-content\/uploads\/2024\/06\/ADBD0552-9DE3-4C3E-83EB-4AB23172ACF6-scaled.jpeg\"><img loading=\"lazy\" decoding=\"async\" width=\"72\" height=\"96\" src=\"https:\/\/lalmachine.com\/wp-content\/uploads\/2024\/06\/ADBD0552-9DE3-4C3E-83EB-4AB23172ACF6-scaled.jpeg\" class=\"attachment-thumbnail size-thumbnail\" alt=\"\" \/><\/a> <a href=\"https:\/\/lalmachine.com\/wp-content\/uploads\/2024\/06\/2775E529-8CC0-4C8D-967F-220FB374C436-scaled.jpeg\"><img loading=\"lazy\" decoding=\"async\" width=\"72\" height=\"96\" src=\"https:\/\/lalmachine.com\/wp-content\/uploads\/2024\/06\/2775E529-8CC0-4C8D-967F-220FB374C436-scaled.jpeg\" class=\"attachment-thumbnail size-thumbnail\" alt=\"\" \/><\/a> <a href=\"https:\/\/lalmachine.com\/wp-content\/uploads\/2024\/06\/7A45FB96-6C7F-4CC1-A414-8361793C2293-scaled.jpeg\"><img loading=\"lazy\" decoding=\"async\" width=\"72\" height=\"96\" src=\"https:\/\/lalmachine.com\/wp-content\/uploads\/2024\/06\/7A45FB96-6C7F-4CC1-A414-8361793C2293-scaled.jpeg\" class=\"attachment-thumbnail size-thumbnail\" alt=\"\" \/><\/a> <a href=\"https:\/\/lalmachine.com\/wp-content\/uploads\/2024\/06\/83160C45-63F9-444F-A34E-01BBBC4F7971-scaled.jpeg\"><img loading=\"lazy\" decoding=\"async\" width=\"72\" height=\"96\" src=\"https:\/\/lalmachine.com\/wp-content\/uploads\/2024\/06\/83160C45-63F9-444F-A34E-01BBBC4F7971-scaled.jpeg\" class=\"attachment-thumbnail size-thumbnail\" alt=\"\" \/><\/a> <\/li>        <li class=\"wpuf-field-data wpuf-field-data-numeric_text_field\">\n                            <label>Prix:<\/label>\n                        300        <\/li>\n                <li class=\"wpuf-field-data wpuf-field-data-numeric_text_field\">\n                            <label>Quantit\u00e9:<\/label>\n                        1        <\/li>\n                <li class=\"wpuf-field-data wpuf-field-data-numeric_text_field\">\n                            <label>Hauteur (cm):<\/label>\n                        23        <\/li>\n                <li class=\"wpuf-field-data wpuf-field-data-numeric_text_field\">\n                            <label>Largeur (cm):<\/label>\n                        10        <\/li>\n                <li class=\"wpuf-field-data wpuf-field-data-numeric_text_field\">\n                            <label>Profondeur (cm):<\/label>\n                        8        <\/li>\n        <\/ul>","protected":false},"excerpt":{"rendered":"<p>Robot m\u00e9canique avec \u00e9tincelle &#8211; Noguchi &#8211; Japon<br \/>\n\u00e9tincelle et ressort -&gt; ok<br \/>\nEn tr\u00e8s bon \u00e9tat<br \/>\nJapan &#8211; Original<\/p>","protected":false},"featured_media":331922,"template":"","meta":{"_et_pb_use_builder":"","_et_pb_old_content":"","_et_gb_content_width":""},"product_brand":[],"product_cat":[50,350],"product_tag":[],"proximite":[277],"class_list":{"0":"post-331907","1":"product","2":"type-product","3":"status-publish","4":"has-post-thumbnail","6":"product_cat-decorer","7":"product_cat-sport-jeux-vintage","8":"product_shipping_class-2-10-kg","9":"pa_couleur-multicolore","10":"pa_etat-tres-bon-etat","11":"pa_materiau-metal","12":"pa_style-vintage","13":"proximite-jura-nord-vaudois","15":"first","16":"instock","17":"shipping-taxable","18":"purchasable","19":"product-type-simple"},"yoast_head":"<!-- This site is optimized with the Yoast SEO plugin v27.4 - https:\/\/yoast.com\/product\/yoast-seo-wordpress\/ -->\n<title>Robot m\u00e9canique Horikawa - Japon 60&#039;s | lalmachine.com, mobilier et objets d\u00e9co vintage et design<\/title>\n<meta name=\"description\" content=\"Robot m\u00e9canique avec \u00e9tincelle - Noguchi - Japon\" \/>\n<meta name=\"robots\" content=\"index, follow, max-snippet:-1, max-image-preview:large, max-video-preview:-1\" \/>\n<link rel=\"canonical\" href=\"https:\/\/lalmachine.com\/de\/shop\/decorer\/sport-jeux-vintage\/robot-mecanique-horikawa-japon-60s\/\" \/>\n<meta property=\"og:locale\" content=\"de_DE\" \/>\n<meta property=\"og:type\" content=\"article\" \/>\n<meta property=\"og:title\" content=\"Robot m\u00e9canique Horikawa - Japon 60&#039;s | lalmachine.com, mobilier et objets d\u00e9co vintage et design\" \/>\n<meta property=\"og:description\" content=\"Robot m\u00e9canique avec \u00e9tincelle - Noguchi - Japon\" \/>\n<meta property=\"og:url\" content=\"https:\/\/lalmachine.com\/de\/shop\/decorer\/sport-jeux-vintage\/robot-mecanique-horikawa-japon-60s\/\" \/>\n<meta property=\"og:site_name\" content=\"lalmachine.com\" \/>\n<meta property=\"article:publisher\" content=\"https:\/\/facebook.com\/lalmachine\" \/>\n<meta property=\"article:modified_time\" content=\"2024-12-05T21:05:20+00:00\" \/>\n<meta property=\"og:image\" content=\"https:\/\/lalmachine.com\/wp-content\/uploads\/2024\/06\/DD7FDFC2-1165-4D05-B7A9-9CA1A95E8F11-scaled_clipped_rev_1.jpeg\" \/>\n\t<meta property=\"og:image:width\" content=\"2471\" \/>\n\t<meta property=\"og:image:height\" content=\"2471\" \/>\n\t<meta property=\"og:image:type\" content=\"image\/jpeg\" \/>\n<meta name=\"twitter:card\" content=\"summary_large_image\" \/>\n<script type=\"application\/ld+json\" class=\"yoast-schema-graph\">{\"@context\":\"https:\\\/\\\/schema.org\",\"@graph\":[{\"@type\":\"WebPage\",\"@id\":\"https:\\\/\\\/lalmachine.com\\\/shop\\\/decorer\\\/sport-jeux-vintage\\\/robot-mecanique-horikawa-japon-60s\\\/\",\"url\":\"https:\\\/\\\/lalmachine.com\\\/shop\\\/decorer\\\/sport-jeux-vintage\\\/robot-mecanique-horikawa-japon-60s\\\/\",\"name\":\"Robot m\u00e9canique Horikawa - Japon 60's | lalmachine.com, mobilier et objets d\u00e9co vintage et design\",\"isPartOf\":{\"@id\":\"https:\\\/\\\/lalmachine.com\\\/#website\"},\"primaryImageOfPage\":{\"@id\":\"https:\\\/\\\/lalmachine.com\\\/shop\\\/decorer\\\/sport-jeux-vintage\\\/robot-mecanique-horikawa-japon-60s\\\/#primaryimage\"},\"image\":{\"@id\":\"https:\\\/\\\/lalmachine.com\\\/shop\\\/decorer\\\/sport-jeux-vintage\\\/robot-mecanique-horikawa-japon-60s\\\/#primaryimage\"},\"thumbnailUrl\":\"https:\\\/\\\/lalmachine.com\\\/wp-content\\\/uploads\\\/2024\\\/06\\\/DD7FDFC2-1165-4D05-B7A9-9CA1A95E8F11-scaled_clipped_rev_1.jpeg\",\"datePublished\":\"2024-06-19T06:08:26+00:00\",\"dateModified\":\"2024-12-05T21:05:20+00:00\",\"description\":\"Robot m\u00e9canique avec \u00e9tincelle - Noguchi - Japon\",\"breadcrumb\":{\"@id\":\"https:\\\/\\\/lalmachine.com\\\/shop\\\/decorer\\\/sport-jeux-vintage\\\/robot-mecanique-horikawa-japon-60s\\\/#breadcrumb\"},\"inLanguage\":\"de\",\"potentialAction\":[{\"@type\":\"ReadAction\",\"target\":[\"https:\\\/\\\/lalmachine.com\\\/shop\\\/decorer\\\/sport-jeux-vintage\\\/robot-mecanique-horikawa-japon-60s\\\/\"]}]},{\"@type\":\"ImageObject\",\"inLanguage\":\"de\",\"@id\":\"https:\\\/\\\/lalmachine.com\\\/shop\\\/decorer\\\/sport-jeux-vintage\\\/robot-mecanique-horikawa-japon-60s\\\/#primaryimage\",\"url\":\"https:\\\/\\\/lalmachine.com\\\/wp-content\\\/uploads\\\/2024\\\/06\\\/DD7FDFC2-1165-4D05-B7A9-9CA1A95E8F11-scaled_clipped_rev_1.jpeg\",\"contentUrl\":\"https:\\\/\\\/lalmachine.com\\\/wp-content\\\/uploads\\\/2024\\\/06\\\/DD7FDFC2-1165-4D05-B7A9-9CA1A95E8F11-scaled_clipped_rev_1.jpeg\",\"width\":2471,\"height\":2471},{\"@type\":\"BreadcrumbList\",\"@id\":\"https:\\\/\\\/lalmachine.com\\\/shop\\\/decorer\\\/sport-jeux-vintage\\\/robot-mecanique-horikawa-japon-60s\\\/#breadcrumb\",\"itemListElement\":[{\"@type\":\"ListItem\",\"position\":1,\"name\":\"Accueil\",\"item\":\"https:\\\/\\\/lalmachine.com\\\/\"},{\"@type\":\"ListItem\",\"position\":2,\"name\":\"Shop\",\"item\":\"https:\\\/\\\/lalmachine.com\\\/shop\\\/\"},{\"@type\":\"ListItem\",\"position\":3,\"name\":\"Robot m\u00e9canique Horikawa &#8211; Japon 60&#8217;s\"}]},{\"@type\":\"WebSite\",\"@id\":\"https:\\\/\\\/lalmachine.com\\\/#website\",\"url\":\"https:\\\/\\\/lalmachine.com\\\/\",\"name\":\"lalmachine.com\",\"description\":\"Brocante en ligne Suisse | Mobilier et objets d\u00e9co vintage et design\",\"potentialAction\":[{\"@type\":\"SearchAction\",\"target\":{\"@type\":\"EntryPoint\",\"urlTemplate\":\"https:\\\/\\\/lalmachine.com\\\/?s={search_term_string}\"},\"query-input\":{\"@type\":\"PropertyValueSpecification\",\"valueRequired\":true,\"valueName\":\"search_term_string\"}}],\"inLanguage\":\"de\"}]}<\/script>\n<!-- \/ Yoast SEO plugin. -->","yoast_head_json":{"title":"Robot m\u00e9canique Horikawa - Japon 60's | lalmachine.com, mobilier et objets d\u00e9co vintage et design","description":"Robot m\u00e9canique avec \u00e9tincelle - Noguchi - Japon","robots":{"index":"index","follow":"follow","max-snippet":"max-snippet:-1","max-image-preview":"max-image-preview:large","max-video-preview":"max-video-preview:-1"},"canonical":"https:\/\/lalmachine.com\/de\/shop\/decorer\/sport-jeux-vintage\/robot-mecanique-horikawa-japon-60s\/","og_locale":"de_DE","og_type":"article","og_title":"Robot m\u00e9canique Horikawa - Japon 60's | lalmachine.com, mobilier et objets d\u00e9co vintage et design","og_description":"Robot m\u00e9canique avec \u00e9tincelle - Noguchi - Japon","og_url":"https:\/\/lalmachine.com\/de\/shop\/decorer\/sport-jeux-vintage\/robot-mecanique-horikawa-japon-60s\/","og_site_name":"lalmachine.com","article_publisher":"https:\/\/facebook.com\/lalmachine","article_modified_time":"2024-12-05T21:05:20+00:00","og_image":[{"width":2471,"height":2471,"url":"https:\/\/lalmachine.com\/wp-content\/uploads\/2024\/06\/DD7FDFC2-1165-4D05-B7A9-9CA1A95E8F11-scaled_clipped_rev_1.jpeg","type":"image\/jpeg"}],"twitter_card":"summary_large_image","schema":{"@context":"https:\/\/schema.org","@graph":[{"@type":"WebPage","@id":"https:\/\/lalmachine.com\/shop\/decorer\/sport-jeux-vintage\/robot-mecanique-horikawa-japon-60s\/","url":"https:\/\/lalmachine.com\/shop\/decorer\/sport-jeux-vintage\/robot-mecanique-horikawa-japon-60s\/","name":"Robot m\u00e9canique Horikawa - Japon 60's | lalmachine.com, mobilier et objets d\u00e9co vintage et design","isPartOf":{"@id":"https:\/\/lalmachine.com\/#website"},"primaryImageOfPage":{"@id":"https:\/\/lalmachine.com\/shop\/decorer\/sport-jeux-vintage\/robot-mecanique-horikawa-japon-60s\/#primaryimage"},"image":{"@id":"https:\/\/lalmachine.com\/shop\/decorer\/sport-jeux-vintage\/robot-mecanique-horikawa-japon-60s\/#primaryimage"},"thumbnailUrl":"https:\/\/lalmachine.com\/wp-content\/uploads\/2024\/06\/DD7FDFC2-1165-4D05-B7A9-9CA1A95E8F11-scaled_clipped_rev_1.jpeg","datePublished":"2024-06-19T06:08:26+00:00","dateModified":"2024-12-05T21:05:20+00:00","description":"Robot m\u00e9canique avec \u00e9tincelle - Noguchi - Japon","breadcrumb":{"@id":"https:\/\/lalmachine.com\/shop\/decorer\/sport-jeux-vintage\/robot-mecanique-horikawa-japon-60s\/#breadcrumb"},"inLanguage":"de","potentialAction":[{"@type":"ReadAction","target":["https:\/\/lalmachine.com\/shop\/decorer\/sport-jeux-vintage\/robot-mecanique-horikawa-japon-60s\/"]}]},{"@type":"ImageObject","inLanguage":"de","@id":"https:\/\/lalmachine.com\/shop\/decorer\/sport-jeux-vintage\/robot-mecanique-horikawa-japon-60s\/#primaryimage","url":"https:\/\/lalmachine.com\/wp-content\/uploads\/2024\/06\/DD7FDFC2-1165-4D05-B7A9-9CA1A95E8F11-scaled_clipped_rev_1.jpeg","contentUrl":"https:\/\/lalmachine.com\/wp-content\/uploads\/2024\/06\/DD7FDFC2-1165-4D05-B7A9-9CA1A95E8F11-scaled_clipped_rev_1.jpeg","width":2471,"height":2471},{"@type":"BreadcrumbList","@id":"https:\/\/lalmachine.com\/shop\/decorer\/sport-jeux-vintage\/robot-mecanique-horikawa-japon-60s\/#breadcrumb","itemListElement":[{"@type":"ListItem","position":1,"name":"Accueil","item":"https:\/\/lalmachine.com\/"},{"@type":"ListItem","position":2,"name":"Shop","item":"https:\/\/lalmachine.com\/shop\/"},{"@type":"ListItem","position":3,"name":"Robot m\u00e9canique Horikawa &#8211; Japon 60&#8217;s"}]},{"@type":"WebSite","@id":"https:\/\/lalmachine.com\/#website","url":"https:\/\/lalmachine.com\/","name":"lalmachine.com","description":"Brocante en ligne Suisse | Mobilier et objets d\u00e9co vintage et design","potentialAction":[{"@type":"SearchAction","target":{"@type":"EntryPoint","urlTemplate":"https:\/\/lalmachine.com\/?s={search_term_string}"},"query-input":{"@type":"PropertyValueSpecification","valueRequired":true,"valueName":"search_term_string"}}],"inLanguage":"de"}]}},"_links":{"self":[{"href":"https:\/\/lalmachine.com\/de\/wp-json\/wp\/v2\/product\/331907","targetHints":{"allow":["GET"]}}],"collection":[{"href":"https:\/\/lalmachine.com\/de\/wp-json\/wp\/v2\/product"}],"about":[{"href":"https:\/\/lalmachine.com\/de\/wp-json\/wp\/v2\/types\/product"}],"wp:featuredmedia":[{"embeddable":true,"href":"https:\/\/lalmachine.com\/de\/wp-json\/wp\/v2\/media\/331922"}],"wp:attachment":[{"href":"https:\/\/lalmachine.com\/de\/wp-json\/wp\/v2\/media?parent=331907"}],"wp:term":[{"taxonomy":"product_brand","embeddable":true,"href":"https:\/\/lalmachine.com\/de\/wp-json\/wp\/v2\/product_brand?post=331907"},{"taxonomy":"product_cat","embeddable":true,"href":"https:\/\/lalmachine.com\/de\/wp-json\/wp\/v2\/product_cat?post=331907"},{"taxonomy":"product_tag","embeddable":true,"href":"https:\/\/lalmachine.com\/de\/wp-json\/wp\/v2\/product_tag?post=331907"},{"taxonomy":"proximite","embeddable":true,"href":"https:\/\/lalmachine.com\/de\/wp-json\/wp\/v2\/proximite?post=331907"}],"curies":[{"name":"wp","href":"https:\/\/api.w.org\/{rel}","templated":true}]}}