{"id":332126,"date":"2024-06-24T08:50:54","date_gmt":"2024-06-24T06:50:54","guid":{"rendered":"https:\/\/lalmachine.com\/?post_type=product&#038;p=332126"},"modified":"2024-12-05T22:05:22","modified_gmt":"2024-12-05T21:05:22","slug":"paire-de-fauteuils-annees-80-pratfall-de-philippe-starck-edites-par-driade-aleph","status":"publish","type":"product","link":"https:\/\/lalmachine.com\/de\/shop\/sasseoir\/canape-fauteuil-pouf\/paire-de-fauteuils-annees-80-pratfall-de-philippe-starck-edites-par-driade-aleph\/","title":{"rendered":"Paire de fauteuils ann\u00e9es 80 &#8220;Pratfall&#8221; de Philippe Starck \u00e9dit\u00e9s par Driade Aleph"},"content":{"rendered":"<ul class=\"wpuf_customs\"><li style=\"list-style-type:none;\"><label>Autres photos:<\/label> <a href=\"https:\/\/lalmachine.com\/wp-content\/uploads\/2024\/06\/fauteuil_pratfall_02.jpg\"><img loading=\"lazy\" decoding=\"async\" width=\"96\" height=\"96\" src=\"https:\/\/lalmachine.com\/wp-content\/uploads\/2024\/06\/fauteuil_pratfall_02.jpg\" class=\"attachment-thumbnail size-thumbnail\" alt=\"\" \/><\/a> <a href=\"https:\/\/lalmachine.com\/wp-content\/uploads\/2024\/06\/fauteuil_pratfall_07.jpg\"><img loading=\"lazy\" decoding=\"async\" width=\"96\" height=\"96\" src=\"https:\/\/lalmachine.com\/wp-content\/uploads\/2024\/06\/fauteuil_pratfall_07.jpg\" class=\"attachment-thumbnail size-thumbnail\" alt=\"\" \/><\/a> <a href=\"https:\/\/lalmachine.com\/wp-content\/uploads\/2024\/06\/fauteuil_pratfall_08.jpg\"><img loading=\"lazy\" decoding=\"async\" width=\"96\" height=\"96\" src=\"https:\/\/lalmachine.com\/wp-content\/uploads\/2024\/06\/fauteuil_pratfall_08.jpg\" class=\"attachment-thumbnail size-thumbnail\" alt=\"\" \/><\/a> <a href=\"https:\/\/lalmachine.com\/wp-content\/uploads\/2024\/06\/fauteuil_pratfall_09.jpg\"><img loading=\"lazy\" decoding=\"async\" width=\"96\" height=\"96\" src=\"https:\/\/lalmachine.com\/wp-content\/uploads\/2024\/06\/fauteuil_pratfall_09.jpg\" class=\"attachment-thumbnail size-thumbnail\" alt=\"\" \/><\/a> <a href=\"https:\/\/lalmachine.com\/wp-content\/uploads\/2024\/06\/fauteuil_pratfall_10.jpg\"><img loading=\"lazy\" decoding=\"async\" width=\"96\" height=\"96\" src=\"https:\/\/lalmachine.com\/wp-content\/uploads\/2024\/06\/fauteuil_pratfall_10.jpg\" class=\"attachment-thumbnail size-thumbnail\" alt=\"\" \/><\/a> <a href=\"https:\/\/lalmachine.com\/wp-content\/uploads\/2024\/06\/fauteuil_pratfall_11.jpg\"><img loading=\"lazy\" decoding=\"async\" width=\"96\" height=\"96\" src=\"https:\/\/lalmachine.com\/wp-content\/uploads\/2024\/06\/fauteuil_pratfall_11.jpg\" class=\"attachment-thumbnail size-thumbnail\" alt=\"\" \/><\/a> <a href=\"https:\/\/lalmachine.com\/wp-content\/uploads\/2024\/06\/fauteuil_pratfall_12.jpg\"><img loading=\"lazy\" decoding=\"async\" width=\"96\" height=\"96\" src=\"https:\/\/lalmachine.com\/wp-content\/uploads\/2024\/06\/fauteuil_pratfall_12.jpg\" class=\"attachment-thumbnail size-thumbnail\" alt=\"\" \/><\/a> <\/li>        <li class=\"wpuf-field-data wpuf-field-data-numeric_text_field\">\n                            <label>Prix:<\/label>\n                        1650        <\/li>\n                <li class=\"wpuf-field-data wpuf-field-data-numeric_text_field\">\n                            <label>Quantit\u00e9:<\/label>\n                        1        <\/li>\n                <li class=\"wpuf-field-data wpuf-field-data-numeric_text_field\">\n                            <label>Hauteur (cm):<\/label>\n                        87        <\/li>\n                <li class=\"wpuf-field-data wpuf-field-data-numeric_text_field\">\n                            <label>Largeur (cm):<\/label>\n                        61        <\/li>\n                <li class=\"wpuf-field-data wpuf-field-data-numeric_text_field\">\n                            <label>Profondeur (cm):<\/label>\n                        77        <\/li>\n        <\/ul>","protected":false},"excerpt":{"rendered":"<p>Paire de fauteuils ou chaises &#8220;Pratfall&#8221; de Philippe Starck \u00e9dit\u00e9s par Driade Aleph, Italie, ils sont en bon \u00e9tat ainsi que l&#8217;assise avec quelques petits d\u00e9fauts sur la coque en bois.<\/p>","protected":false},"featured_media":332267,"template":"","meta":{"_et_pb_use_builder":"","_et_pb_old_content":"","_et_gb_content_width":""},"product_brand":[],"product_cat":[99,48],"product_tag":[],"proximite":[198],"class_list":{"0":"post-332126","1":"product","2":"type-product","3":"status-publish","4":"has-post-thumbnail","6":"product_cat-canape-fauteuil-pouf","7":"product_cat-sasseoir","8":"pa_couleur-noir","9":"pa_designer-starck-philippe","10":"pa_etat-bon-etat","11":"pa_materiau-autre","12":"pa_style-design","13":"proximite-bale-ville","15":"first","16":"instock","17":"shipping-taxable","18":"purchasable","19":"product-type-simple"},"yoast_head":"<!-- This site is optimized with the Yoast SEO plugin v27.4 - https:\/\/yoast.com\/product\/yoast-seo-wordpress\/ -->\n<title>Paire de fauteuils ann\u00e9es 80 &quot;Pratfall&quot; de Philippe Starck \u00e9dit\u00e9s par Driade Aleph | lalmachine.com, mobilier et objets d\u00e9co vintage et design<\/title>\n<meta name=\"description\" content=\"Paire de fauteuils ann\u00e9es 80 &quot;Pratfall&quot; de Philippe Starck \u00e9dit\u00e9s par Driade Aleph\" \/>\n<meta name=\"robots\" content=\"index, follow, max-snippet:-1, max-image-preview:large, max-video-preview:-1\" \/>\n<link rel=\"canonical\" href=\"https:\/\/lalmachine.com\/de\/shop\/sasseoir\/canape-fauteuil-pouf\/paire-de-fauteuils-annees-80-pratfall-de-philippe-starck-edites-par-driade-aleph\/\" \/>\n<meta property=\"og:locale\" content=\"de_DE\" \/>\n<meta property=\"og:type\" content=\"article\" \/>\n<meta property=\"og:title\" content=\"Paire de fauteuils ann\u00e9es 80 &quot;Pratfall&quot; de Philippe Starck \u00e9dit\u00e9s par Driade Aleph | lalmachine.com, mobilier et objets d\u00e9co vintage et design\" \/>\n<meta property=\"og:description\" content=\"Paire de fauteuils ann\u00e9es 80 &quot;Pratfall&quot; de Philippe Starck \u00e9dit\u00e9s par Driade Aleph\" \/>\n<meta property=\"og:url\" content=\"https:\/\/lalmachine.com\/de\/shop\/sasseoir\/canape-fauteuil-pouf\/paire-de-fauteuils-annees-80-pratfall-de-philippe-starck-edites-par-driade-aleph\/\" \/>\n<meta property=\"og:site_name\" content=\"lalmachine.com\" \/>\n<meta property=\"article:publisher\" content=\"https:\/\/facebook.com\/lalmachine\" \/>\n<meta property=\"article:modified_time\" content=\"2024-12-05T21:05:22+00:00\" \/>\n<meta property=\"og:image\" content=\"https:\/\/lalmachine.com\/wp-content\/uploads\/2024\/06\/fauteuil_pratfall_12_clipped_rev_1.jpeg\" \/>\n\t<meta property=\"og:image:width\" content=\"1369\" \/>\n\t<meta property=\"og:image:height\" content=\"1369\" \/>\n\t<meta property=\"og:image:type\" content=\"image\/jpeg\" \/>\n<meta name=\"twitter:card\" content=\"summary_large_image\" \/>\n<script type=\"application\/ld+json\" class=\"yoast-schema-graph\">{\"@context\":\"https:\\\/\\\/schema.org\",\"@graph\":[{\"@type\":\"WebPage\",\"@id\":\"https:\\\/\\\/lalmachine.com\\\/shop\\\/sasseoir\\\/canape-fauteuil-pouf\\\/paire-de-fauteuils-annees-80-pratfall-de-philippe-starck-edites-par-driade-aleph\\\/\",\"url\":\"https:\\\/\\\/lalmachine.com\\\/shop\\\/sasseoir\\\/canape-fauteuil-pouf\\\/paire-de-fauteuils-annees-80-pratfall-de-philippe-starck-edites-par-driade-aleph\\\/\",\"name\":\"Paire de fauteuils ann\u00e9es 80 \\\"Pratfall\\\" de Philippe Starck \u00e9dit\u00e9s par Driade Aleph | lalmachine.com, mobilier et objets d\u00e9co vintage et design\",\"isPartOf\":{\"@id\":\"https:\\\/\\\/lalmachine.com\\\/#website\"},\"primaryImageOfPage\":{\"@id\":\"https:\\\/\\\/lalmachine.com\\\/shop\\\/sasseoir\\\/canape-fauteuil-pouf\\\/paire-de-fauteuils-annees-80-pratfall-de-philippe-starck-edites-par-driade-aleph\\\/#primaryimage\"},\"image\":{\"@id\":\"https:\\\/\\\/lalmachine.com\\\/shop\\\/sasseoir\\\/canape-fauteuil-pouf\\\/paire-de-fauteuils-annees-80-pratfall-de-philippe-starck-edites-par-driade-aleph\\\/#primaryimage\"},\"thumbnailUrl\":\"https:\\\/\\\/lalmachine.com\\\/wp-content\\\/uploads\\\/2024\\\/06\\\/fauteuil_pratfall_12_clipped_rev_1.jpeg\",\"datePublished\":\"2024-06-24T06:50:54+00:00\",\"dateModified\":\"2024-12-05T21:05:22+00:00\",\"description\":\"Paire de fauteuils ann\u00e9es 80 \\\"Pratfall\\\" de Philippe Starck \u00e9dit\u00e9s par Driade Aleph\",\"breadcrumb\":{\"@id\":\"https:\\\/\\\/lalmachine.com\\\/shop\\\/sasseoir\\\/canape-fauteuil-pouf\\\/paire-de-fauteuils-annees-80-pratfall-de-philippe-starck-edites-par-driade-aleph\\\/#breadcrumb\"},\"inLanguage\":\"de\",\"potentialAction\":[{\"@type\":\"ReadAction\",\"target\":[\"https:\\\/\\\/lalmachine.com\\\/shop\\\/sasseoir\\\/canape-fauteuil-pouf\\\/paire-de-fauteuils-annees-80-pratfall-de-philippe-starck-edites-par-driade-aleph\\\/\"]}]},{\"@type\":\"ImageObject\",\"inLanguage\":\"de\",\"@id\":\"https:\\\/\\\/lalmachine.com\\\/shop\\\/sasseoir\\\/canape-fauteuil-pouf\\\/paire-de-fauteuils-annees-80-pratfall-de-philippe-starck-edites-par-driade-aleph\\\/#primaryimage\",\"url\":\"https:\\\/\\\/lalmachine.com\\\/wp-content\\\/uploads\\\/2024\\\/06\\\/fauteuil_pratfall_12_clipped_rev_1.jpeg\",\"contentUrl\":\"https:\\\/\\\/lalmachine.com\\\/wp-content\\\/uploads\\\/2024\\\/06\\\/fauteuil_pratfall_12_clipped_rev_1.jpeg\",\"width\":1369,\"height\":1369},{\"@type\":\"BreadcrumbList\",\"@id\":\"https:\\\/\\\/lalmachine.com\\\/shop\\\/sasseoir\\\/canape-fauteuil-pouf\\\/paire-de-fauteuils-annees-80-pratfall-de-philippe-starck-edites-par-driade-aleph\\\/#breadcrumb\",\"itemListElement\":[{\"@type\":\"ListItem\",\"position\":1,\"name\":\"Accueil\",\"item\":\"https:\\\/\\\/lalmachine.com\\\/\"},{\"@type\":\"ListItem\",\"position\":2,\"name\":\"Shop\",\"item\":\"https:\\\/\\\/lalmachine.com\\\/shop\\\/\"},{\"@type\":\"ListItem\",\"position\":3,\"name\":\"Paire de fauteuils ann\u00e9es 80 &#8220;Pratfall&#8221; de Philippe Starck \u00e9dit\u00e9s par Driade Aleph\"}]},{\"@type\":\"WebSite\",\"@id\":\"https:\\\/\\\/lalmachine.com\\\/#website\",\"url\":\"https:\\\/\\\/lalmachine.com\\\/\",\"name\":\"lalmachine.com\",\"description\":\"Brocante en ligne Suisse | Mobilier et objets d\u00e9co vintage et design\",\"potentialAction\":[{\"@type\":\"SearchAction\",\"target\":{\"@type\":\"EntryPoint\",\"urlTemplate\":\"https:\\\/\\\/lalmachine.com\\\/?s={search_term_string}\"},\"query-input\":{\"@type\":\"PropertyValueSpecification\",\"valueRequired\":true,\"valueName\":\"search_term_string\"}}],\"inLanguage\":\"de\"}]}<\/script>\n<!-- \/ Yoast SEO plugin. -->","yoast_head_json":{"title":"Paire de fauteuils ann\u00e9es 80 \"Pratfall\" de Philippe Starck \u00e9dit\u00e9s par Driade Aleph | lalmachine.com, mobilier et objets d\u00e9co vintage et design","description":"Paire de fauteuils ann\u00e9es 80 \"Pratfall\" de Philippe Starck \u00e9dit\u00e9s par Driade Aleph","robots":{"index":"index","follow":"follow","max-snippet":"max-snippet:-1","max-image-preview":"max-image-preview:large","max-video-preview":"max-video-preview:-1"},"canonical":"https:\/\/lalmachine.com\/de\/shop\/sasseoir\/canape-fauteuil-pouf\/paire-de-fauteuils-annees-80-pratfall-de-philippe-starck-edites-par-driade-aleph\/","og_locale":"de_DE","og_type":"article","og_title":"Paire de fauteuils ann\u00e9es 80 \"Pratfall\" de Philippe Starck \u00e9dit\u00e9s par Driade Aleph | lalmachine.com, mobilier et objets d\u00e9co vintage et design","og_description":"Paire de fauteuils ann\u00e9es 80 \"Pratfall\" de Philippe Starck \u00e9dit\u00e9s par Driade Aleph","og_url":"https:\/\/lalmachine.com\/de\/shop\/sasseoir\/canape-fauteuil-pouf\/paire-de-fauteuils-annees-80-pratfall-de-philippe-starck-edites-par-driade-aleph\/","og_site_name":"lalmachine.com","article_publisher":"https:\/\/facebook.com\/lalmachine","article_modified_time":"2024-12-05T21:05:22+00:00","og_image":[{"width":1369,"height":1369,"url":"https:\/\/lalmachine.com\/wp-content\/uploads\/2024\/06\/fauteuil_pratfall_12_clipped_rev_1.jpeg","type":"image\/jpeg"}],"twitter_card":"summary_large_image","schema":{"@context":"https:\/\/schema.org","@graph":[{"@type":"WebPage","@id":"https:\/\/lalmachine.com\/shop\/sasseoir\/canape-fauteuil-pouf\/paire-de-fauteuils-annees-80-pratfall-de-philippe-starck-edites-par-driade-aleph\/","url":"https:\/\/lalmachine.com\/shop\/sasseoir\/canape-fauteuil-pouf\/paire-de-fauteuils-annees-80-pratfall-de-philippe-starck-edites-par-driade-aleph\/","name":"Paire de fauteuils ann\u00e9es 80 \"Pratfall\" de Philippe Starck \u00e9dit\u00e9s par Driade Aleph | lalmachine.com, mobilier et objets d\u00e9co vintage et design","isPartOf":{"@id":"https:\/\/lalmachine.com\/#website"},"primaryImageOfPage":{"@id":"https:\/\/lalmachine.com\/shop\/sasseoir\/canape-fauteuil-pouf\/paire-de-fauteuils-annees-80-pratfall-de-philippe-starck-edites-par-driade-aleph\/#primaryimage"},"image":{"@id":"https:\/\/lalmachine.com\/shop\/sasseoir\/canape-fauteuil-pouf\/paire-de-fauteuils-annees-80-pratfall-de-philippe-starck-edites-par-driade-aleph\/#primaryimage"},"thumbnailUrl":"https:\/\/lalmachine.com\/wp-content\/uploads\/2024\/06\/fauteuil_pratfall_12_clipped_rev_1.jpeg","datePublished":"2024-06-24T06:50:54+00:00","dateModified":"2024-12-05T21:05:22+00:00","description":"Paire de fauteuils ann\u00e9es 80 \"Pratfall\" de Philippe Starck \u00e9dit\u00e9s par Driade Aleph","breadcrumb":{"@id":"https:\/\/lalmachine.com\/shop\/sasseoir\/canape-fauteuil-pouf\/paire-de-fauteuils-annees-80-pratfall-de-philippe-starck-edites-par-driade-aleph\/#breadcrumb"},"inLanguage":"de","potentialAction":[{"@type":"ReadAction","target":["https:\/\/lalmachine.com\/shop\/sasseoir\/canape-fauteuil-pouf\/paire-de-fauteuils-annees-80-pratfall-de-philippe-starck-edites-par-driade-aleph\/"]}]},{"@type":"ImageObject","inLanguage":"de","@id":"https:\/\/lalmachine.com\/shop\/sasseoir\/canape-fauteuil-pouf\/paire-de-fauteuils-annees-80-pratfall-de-philippe-starck-edites-par-driade-aleph\/#primaryimage","url":"https:\/\/lalmachine.com\/wp-content\/uploads\/2024\/06\/fauteuil_pratfall_12_clipped_rev_1.jpeg","contentUrl":"https:\/\/lalmachine.com\/wp-content\/uploads\/2024\/06\/fauteuil_pratfall_12_clipped_rev_1.jpeg","width":1369,"height":1369},{"@type":"BreadcrumbList","@id":"https:\/\/lalmachine.com\/shop\/sasseoir\/canape-fauteuil-pouf\/paire-de-fauteuils-annees-80-pratfall-de-philippe-starck-edites-par-driade-aleph\/#breadcrumb","itemListElement":[{"@type":"ListItem","position":1,"name":"Accueil","item":"https:\/\/lalmachine.com\/"},{"@type":"ListItem","position":2,"name":"Shop","item":"https:\/\/lalmachine.com\/shop\/"},{"@type":"ListItem","position":3,"name":"Paire de fauteuils ann\u00e9es 80 &#8220;Pratfall&#8221; de Philippe Starck \u00e9dit\u00e9s par Driade Aleph"}]},{"@type":"WebSite","@id":"https:\/\/lalmachine.com\/#website","url":"https:\/\/lalmachine.com\/","name":"lalmachine.com","description":"Brocante en ligne Suisse | Mobilier et objets d\u00e9co vintage et design","potentialAction":[{"@type":"SearchAction","target":{"@type":"EntryPoint","urlTemplate":"https:\/\/lalmachine.com\/?s={search_term_string}"},"query-input":{"@type":"PropertyValueSpecification","valueRequired":true,"valueName":"search_term_string"}}],"inLanguage":"de"}]}},"_links":{"self":[{"href":"https:\/\/lalmachine.com\/de\/wp-json\/wp\/v2\/product\/332126","targetHints":{"allow":["GET"]}}],"collection":[{"href":"https:\/\/lalmachine.com\/de\/wp-json\/wp\/v2\/product"}],"about":[{"href":"https:\/\/lalmachine.com\/de\/wp-json\/wp\/v2\/types\/product"}],"wp:featuredmedia":[{"embeddable":true,"href":"https:\/\/lalmachine.com\/de\/wp-json\/wp\/v2\/media\/332267"}],"wp:attachment":[{"href":"https:\/\/lalmachine.com\/de\/wp-json\/wp\/v2\/media?parent=332126"}],"wp:term":[{"taxonomy":"product_brand","embeddable":true,"href":"https:\/\/lalmachine.com\/de\/wp-json\/wp\/v2\/product_brand?post=332126"},{"taxonomy":"product_cat","embeddable":true,"href":"https:\/\/lalmachine.com\/de\/wp-json\/wp\/v2\/product_cat?post=332126"},{"taxonomy":"product_tag","embeddable":true,"href":"https:\/\/lalmachine.com\/de\/wp-json\/wp\/v2\/product_tag?post=332126"},{"taxonomy":"proximite","embeddable":true,"href":"https:\/\/lalmachine.com\/de\/wp-json\/wp\/v2\/proximite?post=332126"}],"curies":[{"name":"wp","href":"https:\/\/api.w.org\/{rel}","templated":true}]}}