{"id":332196,"date":"2024-06-24T10:37:06","date_gmt":"2024-06-24T08:37:06","guid":{"rendered":"https:\/\/lalmachine.com\/?post_type=product&#038;p=332196"},"modified":"2024-12-05T22:05:22","modified_gmt":"2024-12-05T21:05:22","slug":"plat-ou-panneau-decoratif-de-roger-capron-en-ceramique-representant-un-poisson","status":"publish","type":"product","link":"https:\/\/lalmachine.com\/de\/shop\/decorer\/vase-ceramique\/plat-ou-panneau-decoratif-de-roger-capron-en-ceramique-representant-un-poisson\/","title":{"rendered":"Plat ou panneau d\u00e9coratif de Roger Capron en c\u00e9ramique repr\u00e9sentant un poisson"},"content":{"rendered":"<ul class=\"wpuf_customs\"><li style=\"list-style-type:none;\"><label>Autres photos:<\/label> <a href=\"https:\/\/lalmachine.com\/wp-content\/uploads\/2024\/06\/poisson-capron-01-800x.jpg\"><img loading=\"lazy\" decoding=\"async\" width=\"96\" height=\"96\" src=\"https:\/\/lalmachine.com\/wp-content\/uploads\/2024\/06\/poisson-capron-01-800x.jpg\" class=\"attachment-thumbnail size-thumbnail\" alt=\"\" \/><\/a> <a href=\"https:\/\/lalmachine.com\/wp-content\/uploads\/2024\/06\/poisson-capron-02-800x.jpg\"><img loading=\"lazy\" decoding=\"async\" width=\"96\" height=\"96\" src=\"https:\/\/lalmachine.com\/wp-content\/uploads\/2024\/06\/poisson-capron-02-800x.jpg\" class=\"attachment-thumbnail size-thumbnail\" alt=\"\" \/><\/a> <a href=\"https:\/\/lalmachine.com\/wp-content\/uploads\/2024\/06\/poisson-capron-03-800x.jpg\"><img loading=\"lazy\" decoding=\"async\" width=\"128\" height=\"85\" src=\"https:\/\/lalmachine.com\/wp-content\/uploads\/2024\/06\/poisson-capron-03-800x.jpg\" class=\"attachment-thumbnail size-thumbnail\" alt=\"\" \/><\/a> <a href=\"https:\/\/lalmachine.com\/wp-content\/uploads\/2024\/06\/poisson-capron-04-800x.jpg\"><img loading=\"lazy\" decoding=\"async\" width=\"96\" height=\"96\" src=\"https:\/\/lalmachine.com\/wp-content\/uploads\/2024\/06\/poisson-capron-04-800x.jpg\" class=\"attachment-thumbnail size-thumbnail\" alt=\"\" \/><\/a> <a href=\"https:\/\/lalmachine.com\/wp-content\/uploads\/2024\/06\/poisson-capron-05-800x.jpg\"><img loading=\"lazy\" decoding=\"async\" width=\"96\" height=\"96\" src=\"https:\/\/lalmachine.com\/wp-content\/uploads\/2024\/06\/poisson-capron-05-800x.jpg\" class=\"attachment-thumbnail size-thumbnail\" alt=\"\" \/><\/a> <a href=\"https:\/\/lalmachine.com\/wp-content\/uploads\/2024\/06\/poisson-capron-teaser-800x.jpg\"><img loading=\"lazy\" decoding=\"async\" width=\"96\" height=\"96\" src=\"https:\/\/lalmachine.com\/wp-content\/uploads\/2024\/06\/poisson-capron-teaser-800x.jpg\" class=\"attachment-thumbnail size-thumbnail\" alt=\"\" \/><\/a> <\/li>        <li class=\"wpuf-field-data wpuf-field-data-numeric_text_field\">\n                            <label>Prix:<\/label>\n                        180        <\/li>\n                <li class=\"wpuf-field-data wpuf-field-data-numeric_text_field\">\n                            <label>Quantit\u00e9:<\/label>\n                        1        <\/li>\n                <li class=\"wpuf-field-data wpuf-field-data-numeric_text_field\">\n                            <label>Hauteur (cm):<\/label>\n                        16        <\/li>\n                <li class=\"wpuf-field-data wpuf-field-data-numeric_text_field\">\n                            <label>Largeur (cm):<\/label>\n                        41        <\/li>\n                <li class=\"wpuf-field-data wpuf-field-data-numeric_text_field\">\n                            <label>Profondeur (cm):<\/label>\n                        2        <\/li>\n        <\/ul>","protected":false},"excerpt":{"rendered":"<p>Plat ou grand panneau d\u00e9coratif de Roger Capron \u00e0 Vallauris, France, en c\u00e9ramique repr\u00e9sentant un poisson, tr\u00e8s repr\u00e9sentatif de la production de Capron dans les ann\u00e9es 70.<\/p>","protected":false},"featured_media":332273,"template":"","meta":{"_et_pb_use_builder":"","_et_pb_old_content":"","_et_gb_content_width":""},"product_brand":[],"product_cat":[50,400],"product_tag":[],"proximite":[198],"class_list":{"0":"post-332196","1":"product","2":"type-product","3":"status-publish","4":"has-post-thumbnail","6":"product_cat-decorer","7":"product_cat-vase-ceramique","8":"product_shipping_class-nouveau-larousse","9":"pa_couleur-beige","10":"pa_etat-tres-bon-etat","11":"pa_materiau-ceramique","12":"pa_style-vintage","13":"proximite-bale-ville","15":"first","16":"instock","17":"shipping-taxable","18":"purchasable","19":"product-type-simple"},"yoast_head":"<!-- This site is optimized with the Yoast SEO plugin v27.4 - https:\/\/yoast.com\/product\/yoast-seo-wordpress\/ -->\n<title>Plat ou panneau d\u00e9coratif de Roger Capron en c\u00e9ramique repr\u00e9sentant un poisson | lalmachine.com, mobilier et objets d\u00e9co vintage et design<\/title>\n<meta name=\"description\" content=\"Plat ou grand panneau d\u00e9coratif de Roger Capron \u00e0 Vallauris, France, en c\u00e9ramique repr\u00e9sentant un poisson,\" \/>\n<meta name=\"robots\" content=\"index, follow, max-snippet:-1, max-image-preview:large, max-video-preview:-1\" \/>\n<link rel=\"canonical\" href=\"https:\/\/lalmachine.com\/de\/shop\/decorer\/vase-ceramique\/plat-ou-panneau-decoratif-de-roger-capron-en-ceramique-representant-un-poisson\/\" \/>\n<meta property=\"og:locale\" content=\"de_DE\" \/>\n<meta property=\"og:type\" content=\"article\" \/>\n<meta property=\"og:title\" content=\"Plat ou panneau d\u00e9coratif de Roger Capron en c\u00e9ramique repr\u00e9sentant un poisson | lalmachine.com, mobilier et objets d\u00e9co vintage et design\" \/>\n<meta property=\"og:description\" content=\"Plat ou grand panneau d\u00e9coratif de Roger Capron \u00e0 Vallauris, France, en c\u00e9ramique repr\u00e9sentant un poisson,\" \/>\n<meta property=\"og:url\" content=\"https:\/\/lalmachine.com\/de\/shop\/decorer\/vase-ceramique\/plat-ou-panneau-decoratif-de-roger-capron-en-ceramique-representant-un-poisson\/\" \/>\n<meta property=\"og:site_name\" content=\"lalmachine.com\" \/>\n<meta property=\"article:publisher\" content=\"https:\/\/facebook.com\/lalmachine\" \/>\n<meta property=\"article:modified_time\" content=\"2024-12-05T21:05:22+00:00\" \/>\n<meta property=\"og:image\" content=\"https:\/\/lalmachine.com\/wp-content\/uploads\/2024\/06\/poisson-capron-04-800x_clipped_rev_1.jpeg\" \/>\n\t<meta property=\"og:image:width\" content=\"1033\" \/>\n\t<meta property=\"og:image:height\" content=\"1033\" \/>\n\t<meta property=\"og:image:type\" content=\"image\/jpeg\" \/>\n<meta name=\"twitter:card\" content=\"summary_large_image\" \/>\n<script type=\"application\/ld+json\" class=\"yoast-schema-graph\">{\"@context\":\"https:\\\/\\\/schema.org\",\"@graph\":[{\"@type\":\"WebPage\",\"@id\":\"https:\\\/\\\/lalmachine.com\\\/shop\\\/decorer\\\/vase-ceramique\\\/plat-ou-panneau-decoratif-de-roger-capron-en-ceramique-representant-un-poisson\\\/\",\"url\":\"https:\\\/\\\/lalmachine.com\\\/shop\\\/decorer\\\/vase-ceramique\\\/plat-ou-panneau-decoratif-de-roger-capron-en-ceramique-representant-un-poisson\\\/\",\"name\":\"Plat ou panneau d\u00e9coratif de Roger Capron en c\u00e9ramique repr\u00e9sentant un poisson | lalmachine.com, mobilier et objets d\u00e9co vintage et design\",\"isPartOf\":{\"@id\":\"https:\\\/\\\/lalmachine.com\\\/#website\"},\"primaryImageOfPage\":{\"@id\":\"https:\\\/\\\/lalmachine.com\\\/shop\\\/decorer\\\/vase-ceramique\\\/plat-ou-panneau-decoratif-de-roger-capron-en-ceramique-representant-un-poisson\\\/#primaryimage\"},\"image\":{\"@id\":\"https:\\\/\\\/lalmachine.com\\\/shop\\\/decorer\\\/vase-ceramique\\\/plat-ou-panneau-decoratif-de-roger-capron-en-ceramique-representant-un-poisson\\\/#primaryimage\"},\"thumbnailUrl\":\"https:\\\/\\\/lalmachine.com\\\/wp-content\\\/uploads\\\/2024\\\/06\\\/poisson-capron-04-800x_clipped_rev_1.jpeg\",\"datePublished\":\"2024-06-24T08:37:06+00:00\",\"dateModified\":\"2024-12-05T21:05:22+00:00\",\"description\":\"Plat ou grand panneau d\u00e9coratif de Roger Capron \u00e0 Vallauris, France, en c\u00e9ramique repr\u00e9sentant un poisson,\",\"breadcrumb\":{\"@id\":\"https:\\\/\\\/lalmachine.com\\\/shop\\\/decorer\\\/vase-ceramique\\\/plat-ou-panneau-decoratif-de-roger-capron-en-ceramique-representant-un-poisson\\\/#breadcrumb\"},\"inLanguage\":\"de\",\"potentialAction\":[{\"@type\":\"ReadAction\",\"target\":[\"https:\\\/\\\/lalmachine.com\\\/shop\\\/decorer\\\/vase-ceramique\\\/plat-ou-panneau-decoratif-de-roger-capron-en-ceramique-representant-un-poisson\\\/\"]}]},{\"@type\":\"ImageObject\",\"inLanguage\":\"de\",\"@id\":\"https:\\\/\\\/lalmachine.com\\\/shop\\\/decorer\\\/vase-ceramique\\\/plat-ou-panneau-decoratif-de-roger-capron-en-ceramique-representant-un-poisson\\\/#primaryimage\",\"url\":\"https:\\\/\\\/lalmachine.com\\\/wp-content\\\/uploads\\\/2024\\\/06\\\/poisson-capron-04-800x_clipped_rev_1.jpeg\",\"contentUrl\":\"https:\\\/\\\/lalmachine.com\\\/wp-content\\\/uploads\\\/2024\\\/06\\\/poisson-capron-04-800x_clipped_rev_1.jpeg\",\"width\":1033,\"height\":1033,\"caption\":\"Plat ou panneau d\u00e9coratif de Roger Capron\"},{\"@type\":\"BreadcrumbList\",\"@id\":\"https:\\\/\\\/lalmachine.com\\\/shop\\\/decorer\\\/vase-ceramique\\\/plat-ou-panneau-decoratif-de-roger-capron-en-ceramique-representant-un-poisson\\\/#breadcrumb\",\"itemListElement\":[{\"@type\":\"ListItem\",\"position\":1,\"name\":\"Accueil\",\"item\":\"https:\\\/\\\/lalmachine.com\\\/\"},{\"@type\":\"ListItem\",\"position\":2,\"name\":\"Shop\",\"item\":\"https:\\\/\\\/lalmachine.com\\\/shop\\\/\"},{\"@type\":\"ListItem\",\"position\":3,\"name\":\"Plat ou panneau d\u00e9coratif de Roger Capron en c\u00e9ramique repr\u00e9sentant un poisson\"}]},{\"@type\":\"WebSite\",\"@id\":\"https:\\\/\\\/lalmachine.com\\\/#website\",\"url\":\"https:\\\/\\\/lalmachine.com\\\/\",\"name\":\"lalmachine.com\",\"description\":\"Brocante en ligne Suisse | Mobilier et objets d\u00e9co vintage et design\",\"potentialAction\":[{\"@type\":\"SearchAction\",\"target\":{\"@type\":\"EntryPoint\",\"urlTemplate\":\"https:\\\/\\\/lalmachine.com\\\/?s={search_term_string}\"},\"query-input\":{\"@type\":\"PropertyValueSpecification\",\"valueRequired\":true,\"valueName\":\"search_term_string\"}}],\"inLanguage\":\"de\"}]}<\/script>\n<!-- \/ Yoast SEO plugin. -->","yoast_head_json":{"title":"Plat ou panneau d\u00e9coratif de Roger Capron en c\u00e9ramique repr\u00e9sentant un poisson | lalmachine.com, mobilier et objets d\u00e9co vintage et design","description":"Plat ou grand panneau d\u00e9coratif de Roger Capron \u00e0 Vallauris, France, en c\u00e9ramique repr\u00e9sentant un poisson,","robots":{"index":"index","follow":"follow","max-snippet":"max-snippet:-1","max-image-preview":"max-image-preview:large","max-video-preview":"max-video-preview:-1"},"canonical":"https:\/\/lalmachine.com\/de\/shop\/decorer\/vase-ceramique\/plat-ou-panneau-decoratif-de-roger-capron-en-ceramique-representant-un-poisson\/","og_locale":"de_DE","og_type":"article","og_title":"Plat ou panneau d\u00e9coratif de Roger Capron en c\u00e9ramique repr\u00e9sentant un poisson | lalmachine.com, mobilier et objets d\u00e9co vintage et design","og_description":"Plat ou grand panneau d\u00e9coratif de Roger Capron \u00e0 Vallauris, France, en c\u00e9ramique repr\u00e9sentant un poisson,","og_url":"https:\/\/lalmachine.com\/de\/shop\/decorer\/vase-ceramique\/plat-ou-panneau-decoratif-de-roger-capron-en-ceramique-representant-un-poisson\/","og_site_name":"lalmachine.com","article_publisher":"https:\/\/facebook.com\/lalmachine","article_modified_time":"2024-12-05T21:05:22+00:00","og_image":[{"width":1033,"height":1033,"url":"https:\/\/lalmachine.com\/wp-content\/uploads\/2024\/06\/poisson-capron-04-800x_clipped_rev_1.jpeg","type":"image\/jpeg"}],"twitter_card":"summary_large_image","schema":{"@context":"https:\/\/schema.org","@graph":[{"@type":"WebPage","@id":"https:\/\/lalmachine.com\/shop\/decorer\/vase-ceramique\/plat-ou-panneau-decoratif-de-roger-capron-en-ceramique-representant-un-poisson\/","url":"https:\/\/lalmachine.com\/shop\/decorer\/vase-ceramique\/plat-ou-panneau-decoratif-de-roger-capron-en-ceramique-representant-un-poisson\/","name":"Plat ou panneau d\u00e9coratif de Roger Capron en c\u00e9ramique repr\u00e9sentant un poisson | lalmachine.com, mobilier et objets d\u00e9co vintage et design","isPartOf":{"@id":"https:\/\/lalmachine.com\/#website"},"primaryImageOfPage":{"@id":"https:\/\/lalmachine.com\/shop\/decorer\/vase-ceramique\/plat-ou-panneau-decoratif-de-roger-capron-en-ceramique-representant-un-poisson\/#primaryimage"},"image":{"@id":"https:\/\/lalmachine.com\/shop\/decorer\/vase-ceramique\/plat-ou-panneau-decoratif-de-roger-capron-en-ceramique-representant-un-poisson\/#primaryimage"},"thumbnailUrl":"https:\/\/lalmachine.com\/wp-content\/uploads\/2024\/06\/poisson-capron-04-800x_clipped_rev_1.jpeg","datePublished":"2024-06-24T08:37:06+00:00","dateModified":"2024-12-05T21:05:22+00:00","description":"Plat ou grand panneau d\u00e9coratif de Roger Capron \u00e0 Vallauris, France, en c\u00e9ramique repr\u00e9sentant un poisson,","breadcrumb":{"@id":"https:\/\/lalmachine.com\/shop\/decorer\/vase-ceramique\/plat-ou-panneau-decoratif-de-roger-capron-en-ceramique-representant-un-poisson\/#breadcrumb"},"inLanguage":"de","potentialAction":[{"@type":"ReadAction","target":["https:\/\/lalmachine.com\/shop\/decorer\/vase-ceramique\/plat-ou-panneau-decoratif-de-roger-capron-en-ceramique-representant-un-poisson\/"]}]},{"@type":"ImageObject","inLanguage":"de","@id":"https:\/\/lalmachine.com\/shop\/decorer\/vase-ceramique\/plat-ou-panneau-decoratif-de-roger-capron-en-ceramique-representant-un-poisson\/#primaryimage","url":"https:\/\/lalmachine.com\/wp-content\/uploads\/2024\/06\/poisson-capron-04-800x_clipped_rev_1.jpeg","contentUrl":"https:\/\/lalmachine.com\/wp-content\/uploads\/2024\/06\/poisson-capron-04-800x_clipped_rev_1.jpeg","width":1033,"height":1033,"caption":"Plat ou panneau d\u00e9coratif de Roger Capron"},{"@type":"BreadcrumbList","@id":"https:\/\/lalmachine.com\/shop\/decorer\/vase-ceramique\/plat-ou-panneau-decoratif-de-roger-capron-en-ceramique-representant-un-poisson\/#breadcrumb","itemListElement":[{"@type":"ListItem","position":1,"name":"Accueil","item":"https:\/\/lalmachine.com\/"},{"@type":"ListItem","position":2,"name":"Shop","item":"https:\/\/lalmachine.com\/shop\/"},{"@type":"ListItem","position":3,"name":"Plat ou panneau d\u00e9coratif de Roger Capron en c\u00e9ramique repr\u00e9sentant un poisson"}]},{"@type":"WebSite","@id":"https:\/\/lalmachine.com\/#website","url":"https:\/\/lalmachine.com\/","name":"lalmachine.com","description":"Brocante en ligne Suisse | Mobilier et objets d\u00e9co vintage et design","potentialAction":[{"@type":"SearchAction","target":{"@type":"EntryPoint","urlTemplate":"https:\/\/lalmachine.com\/?s={search_term_string}"},"query-input":{"@type":"PropertyValueSpecification","valueRequired":true,"valueName":"search_term_string"}}],"inLanguage":"de"}]}},"_links":{"self":[{"href":"https:\/\/lalmachine.com\/de\/wp-json\/wp\/v2\/product\/332196","targetHints":{"allow":["GET"]}}],"collection":[{"href":"https:\/\/lalmachine.com\/de\/wp-json\/wp\/v2\/product"}],"about":[{"href":"https:\/\/lalmachine.com\/de\/wp-json\/wp\/v2\/types\/product"}],"wp:featuredmedia":[{"embeddable":true,"href":"https:\/\/lalmachine.com\/de\/wp-json\/wp\/v2\/media\/332273"}],"wp:attachment":[{"href":"https:\/\/lalmachine.com\/de\/wp-json\/wp\/v2\/media?parent=332196"}],"wp:term":[{"taxonomy":"product_brand","embeddable":true,"href":"https:\/\/lalmachine.com\/de\/wp-json\/wp\/v2\/product_brand?post=332196"},{"taxonomy":"product_cat","embeddable":true,"href":"https:\/\/lalmachine.com\/de\/wp-json\/wp\/v2\/product_cat?post=332196"},{"taxonomy":"product_tag","embeddable":true,"href":"https:\/\/lalmachine.com\/de\/wp-json\/wp\/v2\/product_tag?post=332196"},{"taxonomy":"proximite","embeddable":true,"href":"https:\/\/lalmachine.com\/de\/wp-json\/wp\/v2\/proximite?post=332196"}],"curies":[{"name":"wp","href":"https:\/\/api.w.org\/{rel}","templated":true}]}}