{"id":332518,"date":"2024-06-30T14:34:10","date_gmt":"2024-06-30T12:34:10","guid":{"rendered":"https:\/\/lalmachine.com\/?post_type=product&#038;p=332518"},"modified":"2024-12-05T22:05:23","modified_gmt":"2024-12-05T21:05:23","slug":"paire-de-chaises-vintage-maurice-burke-zebrees","status":"publish","type":"product","link":"https:\/\/lalmachine.com\/de\/shop\/sasseoir\/chaise\/paire-de-chaises-vintage-maurice-burke-zebrees\/","title":{"rendered":"Chaise vintage Maurice Burke zebr\u00e9e"},"content":{"rendered":"<ul class=\"wpuf_customs\"><li style=\"list-style-type:none;\"><label>Autres photos:<\/label> <a href=\"https:\/\/lalmachine.com\/wp-content\/uploads\/2024\/06\/A04A19EE-6C32-4E71-80E6-467DBB56D1D9-scaled.jpeg\"><img loading=\"lazy\" decoding=\"async\" width=\"72\" height=\"96\" src=\"https:\/\/lalmachine.com\/wp-content\/uploads\/2024\/06\/A04A19EE-6C32-4E71-80E6-467DBB56D1D9-scaled.jpeg\" class=\"attachment-thumbnail size-thumbnail\" alt=\"\" \/><\/a> <a href=\"https:\/\/lalmachine.com\/wp-content\/uploads\/2024\/06\/1663CAE4-F9BB-485D-9239-84536CD6EB68-scaled.jpeg\"><img loading=\"lazy\" decoding=\"async\" width=\"36\" height=\"96\" src=\"https:\/\/lalmachine.com\/wp-content\/uploads\/2024\/06\/1663CAE4-F9BB-485D-9239-84536CD6EB68-scaled.jpeg\" class=\"attachment-thumbnail size-thumbnail\" alt=\"\" \/><\/a> <a href=\"https:\/\/lalmachine.com\/wp-content\/uploads\/2024\/06\/A97092B3-710E-4356-B079-E7DE95B89D51-scaled.jpeg\"><img loading=\"lazy\" decoding=\"async\" width=\"52\" height=\"96\" src=\"https:\/\/lalmachine.com\/wp-content\/uploads\/2024\/06\/A97092B3-710E-4356-B079-E7DE95B89D51-scaled.jpeg\" class=\"attachment-thumbnail size-thumbnail\" alt=\"\" \/><\/a> <a href=\"https:\/\/lalmachine.com\/wp-content\/uploads\/2024\/06\/E7830D29-A57F-40BD-9D83-3BC7E23FFB28-scaled.jpeg\"><img loading=\"lazy\" decoding=\"async\" width=\"40\" height=\"96\" src=\"https:\/\/lalmachine.com\/wp-content\/uploads\/2024\/06\/E7830D29-A57F-40BD-9D83-3BC7E23FFB28-scaled.jpeg\" class=\"attachment-thumbnail size-thumbnail\" alt=\"\" \/><\/a> <a href=\"https:\/\/lalmachine.com\/wp-content\/uploads\/2024\/06\/5568DBAD-74D8-4159-9406-D9B1A78ADDB0-scaled.jpeg\"><img loading=\"lazy\" decoding=\"async\" width=\"72\" height=\"96\" src=\"https:\/\/lalmachine.com\/wp-content\/uploads\/2024\/06\/5568DBAD-74D8-4159-9406-D9B1A78ADDB0-scaled.jpeg\" class=\"attachment-thumbnail size-thumbnail\" alt=\"\" \/><\/a> <\/li>        <li class=\"wpuf-field-data wpuf-field-data-numeric_text_field\">\n                            <label>Prix:<\/label>\n                        290        <\/li>\n                <li class=\"wpuf-field-data wpuf-field-data-numeric_text_field\">\n                            <label>Quantit\u00e9:<\/label>\n                        3        <\/li>\n                <li class=\"wpuf-field-data wpuf-field-data-numeric_text_field\">\n                            <label>Hauteur (cm):<\/label>\n                        111        <\/li>\n                <li class=\"wpuf-field-data wpuf-field-data-numeric_text_field\">\n                            <label>Largeur (cm):<\/label>\n                        43        <\/li>\n                <li class=\"wpuf-field-data wpuf-field-data-numeric_text_field\">\n                            <label>Profondeur (cm):<\/label>\n                        55        <\/li>\n        <\/ul>","protected":false},"excerpt":{"rendered":"<p>Chaise vintage Maurice Burke zebr\u00e9es. Belle patine vintage. Bon \u00e9tat et assise tr\u00e8s confortable. Pied tulipe en bon \u00e9tat \u00e9galement.<\/p>","protected":false},"featured_media":332566,"template":"","meta":{"_et_pb_use_builder":"","_et_pb_old_content":"","_et_gb_content_width":""},"product_brand":[],"product_cat":[100,48],"product_tag":[],"proximite":[203],"class_list":{"0":"post-332518","1":"product","2":"type-product","3":"status-publish","4":"has-post-thumbnail","6":"product_cat-chaise","7":"product_cat-sasseoir","8":"pa_couleur-multicolore","9":"pa_etat-bon-etat","10":"pa_materiau-metal","11":"pa_style-vintage","12":"proximite-neuchatel","14":"first","15":"instock","16":"shipping-taxable","17":"purchasable","18":"product-type-simple"},"yoast_head":"<!-- This site is optimized with the Yoast SEO plugin v27.4 - https:\/\/yoast.com\/product\/yoast-seo-wordpress\/ -->\n<title>Chaise vintage Maurice Burke zebr\u00e9e | lalmachine.com<\/title>\n<meta name=\"description\" content=\"Deux chaises vintage Maurice Burke zebr\u00e9es. Belle patine vintage. Bon \u00e9tat et assise tr\u00e8s confortable. Pied tulipe en bon \u00e9tat \u00e9galement.\" \/>\n<meta name=\"robots\" content=\"index, follow, max-snippet:-1, max-image-preview:large, max-video-preview:-1\" \/>\n<link rel=\"canonical\" href=\"https:\/\/lalmachine.com\/de\/shop\/sasseoir\/chaise\/paire-de-chaises-vintage-maurice-burke-zebrees\/\" \/>\n<meta property=\"og:locale\" content=\"de_DE\" \/>\n<meta property=\"og:type\" content=\"article\" \/>\n<meta property=\"og:title\" content=\"Chaise vintage Maurice Burke zebr\u00e9e | lalmachine.com\" \/>\n<meta property=\"og:description\" content=\"Deux chaises vintage Maurice Burke zebr\u00e9es. Belle patine vintage. Bon \u00e9tat et assise tr\u00e8s confortable. Pied tulipe en bon \u00e9tat \u00e9galement.\" \/>\n<meta property=\"og:url\" content=\"https:\/\/lalmachine.com\/de\/shop\/sasseoir\/chaise\/paire-de-chaises-vintage-maurice-burke-zebrees\/\" \/>\n<meta property=\"og:site_name\" content=\"lalmachine.com\" \/>\n<meta property=\"article:publisher\" content=\"https:\/\/facebook.com\/lalmachine\" \/>\n<meta property=\"article:modified_time\" content=\"2024-12-05T21:05:23+00:00\" \/>\n<meta property=\"og:image\" content=\"https:\/\/lalmachine.com\/wp-content\/uploads\/2024\/06\/5653FF7E-4F72-4C6C-805F-7D9A94107E3F-scaled_clipped_rev_1-scaled.jpeg\" \/>\n\t<meta property=\"og:image:width\" content=\"2560\" \/>\n\t<meta property=\"og:image:height\" content=\"2560\" \/>\n\t<meta property=\"og:image:type\" content=\"image\/jpeg\" \/>\n<meta name=\"twitter:card\" content=\"summary_large_image\" \/>\n<script type=\"application\/ld+json\" class=\"yoast-schema-graph\">{\"@context\":\"https:\\\/\\\/schema.org\",\"@graph\":[{\"@type\":\"WebPage\",\"@id\":\"https:\\\/\\\/lalmachine.com\\\/shop\\\/sasseoir\\\/chaise\\\/paire-de-chaises-vintage-maurice-burke-zebrees\\\/\",\"url\":\"https:\\\/\\\/lalmachine.com\\\/shop\\\/sasseoir\\\/chaise\\\/paire-de-chaises-vintage-maurice-burke-zebrees\\\/\",\"name\":\"Chaise vintage Maurice Burke zebr\u00e9e | lalmachine.com\",\"isPartOf\":{\"@id\":\"https:\\\/\\\/lalmachine.com\\\/#website\"},\"primaryImageOfPage\":{\"@id\":\"https:\\\/\\\/lalmachine.com\\\/shop\\\/sasseoir\\\/chaise\\\/paire-de-chaises-vintage-maurice-burke-zebrees\\\/#primaryimage\"},\"image\":{\"@id\":\"https:\\\/\\\/lalmachine.com\\\/shop\\\/sasseoir\\\/chaise\\\/paire-de-chaises-vintage-maurice-burke-zebrees\\\/#primaryimage\"},\"thumbnailUrl\":\"https:\\\/\\\/lalmachine.com\\\/wp-content\\\/uploads\\\/2024\\\/06\\\/5653FF7E-4F72-4C6C-805F-7D9A94107E3F-scaled_clipped_rev_1-scaled.jpeg\",\"datePublished\":\"2024-06-30T12:34:10+00:00\",\"dateModified\":\"2024-12-05T21:05:23+00:00\",\"description\":\"Deux chaises vintage Maurice Burke zebr\u00e9es. Belle patine vintage. Bon \u00e9tat et assise tr\u00e8s confortable. Pied tulipe en bon \u00e9tat \u00e9galement.\",\"breadcrumb\":{\"@id\":\"https:\\\/\\\/lalmachine.com\\\/shop\\\/sasseoir\\\/chaise\\\/paire-de-chaises-vintage-maurice-burke-zebrees\\\/#breadcrumb\"},\"inLanguage\":\"de\",\"potentialAction\":[{\"@type\":\"ReadAction\",\"target\":[\"https:\\\/\\\/lalmachine.com\\\/shop\\\/sasseoir\\\/chaise\\\/paire-de-chaises-vintage-maurice-burke-zebrees\\\/\"]}]},{\"@type\":\"ImageObject\",\"inLanguage\":\"de\",\"@id\":\"https:\\\/\\\/lalmachine.com\\\/shop\\\/sasseoir\\\/chaise\\\/paire-de-chaises-vintage-maurice-burke-zebrees\\\/#primaryimage\",\"url\":\"https:\\\/\\\/lalmachine.com\\\/wp-content\\\/uploads\\\/2024\\\/06\\\/5653FF7E-4F72-4C6C-805F-7D9A94107E3F-scaled_clipped_rev_1-scaled.jpeg\",\"contentUrl\":\"https:\\\/\\\/lalmachine.com\\\/wp-content\\\/uploads\\\/2024\\\/06\\\/5653FF7E-4F72-4C6C-805F-7D9A94107E3F-scaled_clipped_rev_1-scaled.jpeg\",\"width\":2560,\"height\":2560,\"caption\":\"Paire de chaises vintage Maurice Burke zebr\u00e9es\"},{\"@type\":\"BreadcrumbList\",\"@id\":\"https:\\\/\\\/lalmachine.com\\\/shop\\\/sasseoir\\\/chaise\\\/paire-de-chaises-vintage-maurice-burke-zebrees\\\/#breadcrumb\",\"itemListElement\":[{\"@type\":\"ListItem\",\"position\":1,\"name\":\"Accueil\",\"item\":\"https:\\\/\\\/lalmachine.com\\\/\"},{\"@type\":\"ListItem\",\"position\":2,\"name\":\"Shop\",\"item\":\"https:\\\/\\\/lalmachine.com\\\/shop\\\/\"},{\"@type\":\"ListItem\",\"position\":3,\"name\":\"Chaise vintage Maurice Burke zebr\u00e9e\"}]},{\"@type\":\"WebSite\",\"@id\":\"https:\\\/\\\/lalmachine.com\\\/#website\",\"url\":\"https:\\\/\\\/lalmachine.com\\\/\",\"name\":\"lalmachine.com\",\"description\":\"Brocante en ligne Suisse | Mobilier et objets d\u00e9co vintage et design\",\"potentialAction\":[{\"@type\":\"SearchAction\",\"target\":{\"@type\":\"EntryPoint\",\"urlTemplate\":\"https:\\\/\\\/lalmachine.com\\\/?s={search_term_string}\"},\"query-input\":{\"@type\":\"PropertyValueSpecification\",\"valueRequired\":true,\"valueName\":\"search_term_string\"}}],\"inLanguage\":\"de\"}]}<\/script>\n<!-- \/ Yoast SEO plugin. -->","yoast_head_json":{"title":"Chaise vintage Maurice Burke zebr\u00e9e | lalmachine.com","description":"Deux chaises vintage Maurice Burke zebr\u00e9es. Belle patine vintage. Bon \u00e9tat et assise tr\u00e8s confortable. Pied tulipe en bon \u00e9tat \u00e9galement.","robots":{"index":"index","follow":"follow","max-snippet":"max-snippet:-1","max-image-preview":"max-image-preview:large","max-video-preview":"max-video-preview:-1"},"canonical":"https:\/\/lalmachine.com\/de\/shop\/sasseoir\/chaise\/paire-de-chaises-vintage-maurice-burke-zebrees\/","og_locale":"de_DE","og_type":"article","og_title":"Chaise vintage Maurice Burke zebr\u00e9e | lalmachine.com","og_description":"Deux chaises vintage Maurice Burke zebr\u00e9es. Belle patine vintage. Bon \u00e9tat et assise tr\u00e8s confortable. Pied tulipe en bon \u00e9tat \u00e9galement.","og_url":"https:\/\/lalmachine.com\/de\/shop\/sasseoir\/chaise\/paire-de-chaises-vintage-maurice-burke-zebrees\/","og_site_name":"lalmachine.com","article_publisher":"https:\/\/facebook.com\/lalmachine","article_modified_time":"2024-12-05T21:05:23+00:00","og_image":[{"width":2560,"height":2560,"url":"https:\/\/lalmachine.com\/wp-content\/uploads\/2024\/06\/5653FF7E-4F72-4C6C-805F-7D9A94107E3F-scaled_clipped_rev_1-scaled.jpeg","type":"image\/jpeg"}],"twitter_card":"summary_large_image","schema":{"@context":"https:\/\/schema.org","@graph":[{"@type":"WebPage","@id":"https:\/\/lalmachine.com\/shop\/sasseoir\/chaise\/paire-de-chaises-vintage-maurice-burke-zebrees\/","url":"https:\/\/lalmachine.com\/shop\/sasseoir\/chaise\/paire-de-chaises-vintage-maurice-burke-zebrees\/","name":"Chaise vintage Maurice Burke zebr\u00e9e | lalmachine.com","isPartOf":{"@id":"https:\/\/lalmachine.com\/#website"},"primaryImageOfPage":{"@id":"https:\/\/lalmachine.com\/shop\/sasseoir\/chaise\/paire-de-chaises-vintage-maurice-burke-zebrees\/#primaryimage"},"image":{"@id":"https:\/\/lalmachine.com\/shop\/sasseoir\/chaise\/paire-de-chaises-vintage-maurice-burke-zebrees\/#primaryimage"},"thumbnailUrl":"https:\/\/lalmachine.com\/wp-content\/uploads\/2024\/06\/5653FF7E-4F72-4C6C-805F-7D9A94107E3F-scaled_clipped_rev_1-scaled.jpeg","datePublished":"2024-06-30T12:34:10+00:00","dateModified":"2024-12-05T21:05:23+00:00","description":"Deux chaises vintage Maurice Burke zebr\u00e9es. Belle patine vintage. Bon \u00e9tat et assise tr\u00e8s confortable. Pied tulipe en bon \u00e9tat \u00e9galement.","breadcrumb":{"@id":"https:\/\/lalmachine.com\/shop\/sasseoir\/chaise\/paire-de-chaises-vintage-maurice-burke-zebrees\/#breadcrumb"},"inLanguage":"de","potentialAction":[{"@type":"ReadAction","target":["https:\/\/lalmachine.com\/shop\/sasseoir\/chaise\/paire-de-chaises-vintage-maurice-burke-zebrees\/"]}]},{"@type":"ImageObject","inLanguage":"de","@id":"https:\/\/lalmachine.com\/shop\/sasseoir\/chaise\/paire-de-chaises-vintage-maurice-burke-zebrees\/#primaryimage","url":"https:\/\/lalmachine.com\/wp-content\/uploads\/2024\/06\/5653FF7E-4F72-4C6C-805F-7D9A94107E3F-scaled_clipped_rev_1-scaled.jpeg","contentUrl":"https:\/\/lalmachine.com\/wp-content\/uploads\/2024\/06\/5653FF7E-4F72-4C6C-805F-7D9A94107E3F-scaled_clipped_rev_1-scaled.jpeg","width":2560,"height":2560,"caption":"Paire de chaises vintage Maurice Burke zebr\u00e9es"},{"@type":"BreadcrumbList","@id":"https:\/\/lalmachine.com\/shop\/sasseoir\/chaise\/paire-de-chaises-vintage-maurice-burke-zebrees\/#breadcrumb","itemListElement":[{"@type":"ListItem","position":1,"name":"Accueil","item":"https:\/\/lalmachine.com\/"},{"@type":"ListItem","position":2,"name":"Shop","item":"https:\/\/lalmachine.com\/shop\/"},{"@type":"ListItem","position":3,"name":"Chaise vintage Maurice Burke zebr\u00e9e"}]},{"@type":"WebSite","@id":"https:\/\/lalmachine.com\/#website","url":"https:\/\/lalmachine.com\/","name":"lalmachine.com","description":"Brocante en ligne Suisse | Mobilier et objets d\u00e9co vintage et design","potentialAction":[{"@type":"SearchAction","target":{"@type":"EntryPoint","urlTemplate":"https:\/\/lalmachine.com\/?s={search_term_string}"},"query-input":{"@type":"PropertyValueSpecification","valueRequired":true,"valueName":"search_term_string"}}],"inLanguage":"de"}]}},"_links":{"self":[{"href":"https:\/\/lalmachine.com\/de\/wp-json\/wp\/v2\/product\/332518","targetHints":{"allow":["GET"]}}],"collection":[{"href":"https:\/\/lalmachine.com\/de\/wp-json\/wp\/v2\/product"}],"about":[{"href":"https:\/\/lalmachine.com\/de\/wp-json\/wp\/v2\/types\/product"}],"wp:featuredmedia":[{"embeddable":true,"href":"https:\/\/lalmachine.com\/de\/wp-json\/wp\/v2\/media\/332566"}],"wp:attachment":[{"href":"https:\/\/lalmachine.com\/de\/wp-json\/wp\/v2\/media?parent=332518"}],"wp:term":[{"taxonomy":"product_brand","embeddable":true,"href":"https:\/\/lalmachine.com\/de\/wp-json\/wp\/v2\/product_brand?post=332518"},{"taxonomy":"product_cat","embeddable":true,"href":"https:\/\/lalmachine.com\/de\/wp-json\/wp\/v2\/product_cat?post=332518"},{"taxonomy":"product_tag","embeddable":true,"href":"https:\/\/lalmachine.com\/de\/wp-json\/wp\/v2\/product_tag?post=332518"},{"taxonomy":"proximite","embeddable":true,"href":"https:\/\/lalmachine.com\/de\/wp-json\/wp\/v2\/proximite?post=332518"}],"curies":[{"name":"wp","href":"https:\/\/api.w.org\/{rel}","templated":true}]}}