{"id":334349,"date":"2024-08-21T12:24:01","date_gmt":"2024-08-21T10:24:01","guid":{"rendered":"https:\/\/lalmachine.com\/?post_type=product&#038;p=334349"},"modified":"2024-12-05T22:05:29","modified_gmt":"2024-12-05T21:05:29","slug":"velo-solex-s3800-mbk","status":"publish","type":"product","link":"https:\/\/lalmachine.com\/de\/shop\/decorer\/sport-jeux-vintage\/velo-solex-s3800-mbk\/","title":{"rendered":"V\u00e9lo Solex S3800 MBK"},"content":{"rendered":"<ul class=\"wpuf_customs\"><li style=\"list-style-type:none;\"><label>Autres photos:<\/label> <a href=\"https:\/\/lalmachine.com\/wp-content\/uploads\/2024\/08\/IMG_20230419_125716-scaled.jpg\"><img loading=\"lazy\" decoding=\"async\" width=\"128\" height=\"96\" src=\"https:\/\/lalmachine.com\/wp-content\/uploads\/2024\/08\/IMG_20230419_125716-scaled.jpg\" class=\"attachment-thumbnail size-thumbnail\" alt=\"\" \/><\/a> <a href=\"https:\/\/lalmachine.com\/wp-content\/uploads\/2024\/08\/IMG_20230419_125750-scaled.jpg\"><img loading=\"lazy\" decoding=\"async\" width=\"128\" height=\"96\" src=\"https:\/\/lalmachine.com\/wp-content\/uploads\/2024\/08\/IMG_20230419_125750-scaled.jpg\" class=\"attachment-thumbnail size-thumbnail\" alt=\"\" \/><\/a> <a href=\"https:\/\/lalmachine.com\/wp-content\/uploads\/2024\/08\/IMG_20230419_125820-scaled.jpg\"><img loading=\"lazy\" decoding=\"async\" width=\"128\" height=\"96\" src=\"https:\/\/lalmachine.com\/wp-content\/uploads\/2024\/08\/IMG_20230419_125820-scaled.jpg\" class=\"attachment-thumbnail size-thumbnail\" alt=\"\" \/><\/a> <a href=\"https:\/\/lalmachine.com\/wp-content\/uploads\/2024\/08\/IMG_20230419_125734-scaled.jpg\"><img loading=\"lazy\" decoding=\"async\" width=\"128\" height=\"96\" src=\"https:\/\/lalmachine.com\/wp-content\/uploads\/2024\/08\/IMG_20230419_125734-scaled.jpg\" class=\"attachment-thumbnail size-thumbnail\" alt=\"\" \/><\/a> <\/li>        <li class=\"wpuf-field-data wpuf-field-data-numeric_text_field\">\n                            <label>Prix:<\/label>\n                        1700        <\/li>\n                <li class=\"wpuf-field-data wpuf-field-data-numeric_text_field\">\n                            <label>Quantit\u00e9:<\/label>\n                        1        <\/li>\n                <li class=\"wpuf-field-data wpuf-field-data-numeric_text_field\">\n                            <label>Hauteur (cm):<\/label>\n                        96        <\/li>\n                <li class=\"wpuf-field-data wpuf-field-data-numeric_text_field\">\n                            <label>Largeur (cm):<\/label>\n                        57        <\/li>\n                <li class=\"wpuf-field-data wpuf-field-data-numeric_text_field\">\n                            <label>Profondeur (cm):<\/label>\n                        160        <\/li>\n        <\/ul>","protected":false},"excerpt":{"rendered":"<p>Tr\u00e8s beau MBK V\u00e9losolex S3800 avec cadre et chromes en excellent \u00e9tat.<\/p>\n<p>Stockage en garage avec entretien r\u00e9gulier. Moteur tourne rond avec r\u00e9vision compl\u00e8te chez un sp\u00e9cialiste en 2021.<\/p>\n<p>Nettoyage du carburateur en 2022 avec changement admission \u00e9chappement et pot d&rsquo;\u00e9chappement \u00ab\u00a0course\u00a0\u00bb (pi\u00e8ces d&rsquo;origine disponibles).<\/p>\n<p>Poign\u00e9e de freins MBK pour plus de s\u00e9curit\u00e9. Immatricul\u00e9, homologu\u00e9 avec permis de circulation pour la route.<\/p>\n<p>Pi\u00e8ce rare dont je me s\u00e9pare pour un autre projet.<\/p>\n<p>Pour les passionn\u00e9s de v\u00e9lomoteurs, boguet et moped de collection.<\/p>\n<p>Carburant: Essence Couleur ext\u00e9rieure: Noir \u00c9tat: Faibles traces d&rsquo;usure Marque: MBK Mod\u00e8le: Sole<\/p>","protected":false},"featured_media":334455,"template":"","meta":{"_et_pb_use_builder":"","_et_pb_old_content":"","_et_gb_content_width":""},"product_brand":[],"product_cat":[50,350],"product_tag":[],"proximite":[282,179],"class_list":{"0":"post-334349","1":"product","2":"type-product","3":"status-publish","4":"has-post-thumbnail","6":"product_cat-decorer","7":"product_cat-sport-jeux-vintage","8":"pa_couleur-noir","9":"pa_etat-dans-son-jus","10":"pa_materiau-metal","11":"pa_style-vintage","12":"proximite-ouest-lausannois","13":"proximite-vaud","15":"first","16":"instock","17":"shipping-taxable","18":"purchasable","19":"product-type-simple"},"yoast_head":"<!-- This site is optimized with the Yoast SEO plugin v27.3 - https:\/\/yoast.com\/product\/yoast-seo-wordpress\/ -->\n<title>V\u00e9lo Solex S3800 MBK | lalmachine.com, mobilier et objets d\u00e9co vintage et design<\/title>\n<meta name=\"description\" content=\"Tr\u00e8s beau MBK V\u00e9losolex S3800 avec cadre et chromes en excellent \u00e9tat.\" \/>\n<meta name=\"robots\" content=\"index, follow, max-snippet:-1, max-image-preview:large, max-video-preview:-1\" \/>\n<link rel=\"canonical\" href=\"https:\/\/lalmachine.com\/de\/shop\/decorer\/sport-jeux-vintage\/velo-solex-s3800-mbk\/\" \/>\n<meta property=\"og:locale\" content=\"de_DE\" \/>\n<meta property=\"og:type\" content=\"article\" \/>\n<meta property=\"og:title\" content=\"V\u00e9lo Solex S3800 MBK | lalmachine.com, mobilier et objets d\u00e9co vintage et design\" \/>\n<meta property=\"og:description\" content=\"Tr\u00e8s beau MBK V\u00e9losolex S3800 avec cadre et chromes en excellent \u00e9tat.\" \/>\n<meta property=\"og:url\" content=\"https:\/\/lalmachine.com\/de\/shop\/decorer\/sport-jeux-vintage\/velo-solex-s3800-mbk\/\" \/>\n<meta property=\"og:site_name\" content=\"lalmachine.com\" \/>\n<meta property=\"article:publisher\" content=\"https:\/\/facebook.com\/lalmachine\" \/>\n<meta property=\"article:modified_time\" content=\"2024-12-05T21:05:29+00:00\" \/>\n<meta property=\"og:image\" content=\"https:\/\/lalmachine.com\/wp-content\/uploads\/2024\/08\/IMG_20230419_125716-scaled_clipped_rev_1-scaled.jpeg\" \/>\n\t<meta property=\"og:image:width\" content=\"2560\" \/>\n\t<meta property=\"og:image:height\" content=\"2560\" \/>\n\t<meta property=\"og:image:type\" content=\"image\/jpeg\" \/>\n<meta name=\"twitter:card\" content=\"summary_large_image\" \/>\n<script type=\"application\/ld+json\" class=\"yoast-schema-graph\">{\"@context\":\"https:\\\/\\\/schema.org\",\"@graph\":[{\"@type\":\"WebPage\",\"@id\":\"https:\\\/\\\/lalmachine.com\\\/shop\\\/decorer\\\/sport-jeux-vintage\\\/velo-solex-s3800-mbk\\\/\",\"url\":\"https:\\\/\\\/lalmachine.com\\\/shop\\\/decorer\\\/sport-jeux-vintage\\\/velo-solex-s3800-mbk\\\/\",\"name\":\"V\u00e9lo Solex S3800 MBK | lalmachine.com, mobilier et objets d\u00e9co vintage et design\",\"isPartOf\":{\"@id\":\"https:\\\/\\\/lalmachine.com\\\/#website\"},\"primaryImageOfPage\":{\"@id\":\"https:\\\/\\\/lalmachine.com\\\/shop\\\/decorer\\\/sport-jeux-vintage\\\/velo-solex-s3800-mbk\\\/#primaryimage\"},\"image\":{\"@id\":\"https:\\\/\\\/lalmachine.com\\\/shop\\\/decorer\\\/sport-jeux-vintage\\\/velo-solex-s3800-mbk\\\/#primaryimage\"},\"thumbnailUrl\":\"https:\\\/\\\/lalmachine.com\\\/wp-content\\\/uploads\\\/2024\\\/08\\\/IMG_20230419_125716-scaled_clipped_rev_1-scaled.jpeg\",\"datePublished\":\"2024-08-21T10:24:01+00:00\",\"dateModified\":\"2024-12-05T21:05:29+00:00\",\"description\":\"Tr\u00e8s beau MBK V\u00e9losolex S3800 avec cadre et chromes en excellent \u00e9tat.\",\"breadcrumb\":{\"@id\":\"https:\\\/\\\/lalmachine.com\\\/shop\\\/decorer\\\/sport-jeux-vintage\\\/velo-solex-s3800-mbk\\\/#breadcrumb\"},\"inLanguage\":\"de\",\"potentialAction\":[{\"@type\":\"ReadAction\",\"target\":[\"https:\\\/\\\/lalmachine.com\\\/shop\\\/decorer\\\/sport-jeux-vintage\\\/velo-solex-s3800-mbk\\\/\"]}]},{\"@type\":\"ImageObject\",\"inLanguage\":\"de\",\"@id\":\"https:\\\/\\\/lalmachine.com\\\/shop\\\/decorer\\\/sport-jeux-vintage\\\/velo-solex-s3800-mbk\\\/#primaryimage\",\"url\":\"https:\\\/\\\/lalmachine.com\\\/wp-content\\\/uploads\\\/2024\\\/08\\\/IMG_20230419_125716-scaled_clipped_rev_1-scaled.jpeg\",\"contentUrl\":\"https:\\\/\\\/lalmachine.com\\\/wp-content\\\/uploads\\\/2024\\\/08\\\/IMG_20230419_125716-scaled_clipped_rev_1-scaled.jpeg\",\"width\":2560,\"height\":2560,\"caption\":\"V\u00e9lo Solex S3800 MBK\"},{\"@type\":\"BreadcrumbList\",\"@id\":\"https:\\\/\\\/lalmachine.com\\\/shop\\\/decorer\\\/sport-jeux-vintage\\\/velo-solex-s3800-mbk\\\/#breadcrumb\",\"itemListElement\":[{\"@type\":\"ListItem\",\"position\":1,\"name\":\"Accueil\",\"item\":\"https:\\\/\\\/lalmachine.com\\\/\"},{\"@type\":\"ListItem\",\"position\":2,\"name\":\"Shop\",\"item\":\"https:\\\/\\\/lalmachine.com\\\/shop\\\/\"},{\"@type\":\"ListItem\",\"position\":3,\"name\":\"V\u00e9lo Solex S3800 MBK\"}]},{\"@type\":\"WebSite\",\"@id\":\"https:\\\/\\\/lalmachine.com\\\/#website\",\"url\":\"https:\\\/\\\/lalmachine.com\\\/\",\"name\":\"lalmachine.com\",\"description\":\"Brocante en ligne Suisse | Mobilier et objets d\u00e9co vintage et design\",\"potentialAction\":[{\"@type\":\"SearchAction\",\"target\":{\"@type\":\"EntryPoint\",\"urlTemplate\":\"https:\\\/\\\/lalmachine.com\\\/?s={search_term_string}\"},\"query-input\":{\"@type\":\"PropertyValueSpecification\",\"valueRequired\":true,\"valueName\":\"search_term_string\"}}],\"inLanguage\":\"de\"}]}<\/script>\n<!-- \/ Yoast SEO plugin. -->","yoast_head_json":{"title":"V\u00e9lo Solex S3800 MBK | lalmachine.com, mobilier et objets d\u00e9co vintage et design","description":"Tr\u00e8s beau MBK V\u00e9losolex S3800 avec cadre et chromes en excellent \u00e9tat.","robots":{"index":"index","follow":"follow","max-snippet":"max-snippet:-1","max-image-preview":"max-image-preview:large","max-video-preview":"max-video-preview:-1"},"canonical":"https:\/\/lalmachine.com\/de\/shop\/decorer\/sport-jeux-vintage\/velo-solex-s3800-mbk\/","og_locale":"de_DE","og_type":"article","og_title":"V\u00e9lo Solex S3800 MBK | lalmachine.com, mobilier et objets d\u00e9co vintage et design","og_description":"Tr\u00e8s beau MBK V\u00e9losolex S3800 avec cadre et chromes en excellent \u00e9tat.","og_url":"https:\/\/lalmachine.com\/de\/shop\/decorer\/sport-jeux-vintage\/velo-solex-s3800-mbk\/","og_site_name":"lalmachine.com","article_publisher":"https:\/\/facebook.com\/lalmachine","article_modified_time":"2024-12-05T21:05:29+00:00","og_image":[{"width":2560,"height":2560,"url":"https:\/\/lalmachine.com\/wp-content\/uploads\/2024\/08\/IMG_20230419_125716-scaled_clipped_rev_1-scaled.jpeg","type":"image\/jpeg"}],"twitter_card":"summary_large_image","schema":{"@context":"https:\/\/schema.org","@graph":[{"@type":"WebPage","@id":"https:\/\/lalmachine.com\/shop\/decorer\/sport-jeux-vintage\/velo-solex-s3800-mbk\/","url":"https:\/\/lalmachine.com\/shop\/decorer\/sport-jeux-vintage\/velo-solex-s3800-mbk\/","name":"V\u00e9lo Solex S3800 MBK | lalmachine.com, mobilier et objets d\u00e9co vintage et design","isPartOf":{"@id":"https:\/\/lalmachine.com\/#website"},"primaryImageOfPage":{"@id":"https:\/\/lalmachine.com\/shop\/decorer\/sport-jeux-vintage\/velo-solex-s3800-mbk\/#primaryimage"},"image":{"@id":"https:\/\/lalmachine.com\/shop\/decorer\/sport-jeux-vintage\/velo-solex-s3800-mbk\/#primaryimage"},"thumbnailUrl":"https:\/\/lalmachine.com\/wp-content\/uploads\/2024\/08\/IMG_20230419_125716-scaled_clipped_rev_1-scaled.jpeg","datePublished":"2024-08-21T10:24:01+00:00","dateModified":"2024-12-05T21:05:29+00:00","description":"Tr\u00e8s beau MBK V\u00e9losolex S3800 avec cadre et chromes en excellent \u00e9tat.","breadcrumb":{"@id":"https:\/\/lalmachine.com\/shop\/decorer\/sport-jeux-vintage\/velo-solex-s3800-mbk\/#breadcrumb"},"inLanguage":"de","potentialAction":[{"@type":"ReadAction","target":["https:\/\/lalmachine.com\/shop\/decorer\/sport-jeux-vintage\/velo-solex-s3800-mbk\/"]}]},{"@type":"ImageObject","inLanguage":"de","@id":"https:\/\/lalmachine.com\/shop\/decorer\/sport-jeux-vintage\/velo-solex-s3800-mbk\/#primaryimage","url":"https:\/\/lalmachine.com\/wp-content\/uploads\/2024\/08\/IMG_20230419_125716-scaled_clipped_rev_1-scaled.jpeg","contentUrl":"https:\/\/lalmachine.com\/wp-content\/uploads\/2024\/08\/IMG_20230419_125716-scaled_clipped_rev_1-scaled.jpeg","width":2560,"height":2560,"caption":"V\u00e9lo Solex S3800 MBK"},{"@type":"BreadcrumbList","@id":"https:\/\/lalmachine.com\/shop\/decorer\/sport-jeux-vintage\/velo-solex-s3800-mbk\/#breadcrumb","itemListElement":[{"@type":"ListItem","position":1,"name":"Accueil","item":"https:\/\/lalmachine.com\/"},{"@type":"ListItem","position":2,"name":"Shop","item":"https:\/\/lalmachine.com\/shop\/"},{"@type":"ListItem","position":3,"name":"V\u00e9lo Solex S3800 MBK"}]},{"@type":"WebSite","@id":"https:\/\/lalmachine.com\/#website","url":"https:\/\/lalmachine.com\/","name":"lalmachine.com","description":"Brocante en ligne Suisse | Mobilier et objets d\u00e9co vintage et design","potentialAction":[{"@type":"SearchAction","target":{"@type":"EntryPoint","urlTemplate":"https:\/\/lalmachine.com\/?s={search_term_string}"},"query-input":{"@type":"PropertyValueSpecification","valueRequired":true,"valueName":"search_term_string"}}],"inLanguage":"de"}]}},"_links":{"self":[{"href":"https:\/\/lalmachine.com\/de\/wp-json\/wp\/v2\/product\/334349","targetHints":{"allow":["GET"]}}],"collection":[{"href":"https:\/\/lalmachine.com\/de\/wp-json\/wp\/v2\/product"}],"about":[{"href":"https:\/\/lalmachine.com\/de\/wp-json\/wp\/v2\/types\/product"}],"wp:featuredmedia":[{"embeddable":true,"href":"https:\/\/lalmachine.com\/de\/wp-json\/wp\/v2\/media\/334455"}],"wp:attachment":[{"href":"https:\/\/lalmachine.com\/de\/wp-json\/wp\/v2\/media?parent=334349"}],"wp:term":[{"taxonomy":"product_brand","embeddable":true,"href":"https:\/\/lalmachine.com\/de\/wp-json\/wp\/v2\/product_brand?post=334349"},{"taxonomy":"product_cat","embeddable":true,"href":"https:\/\/lalmachine.com\/de\/wp-json\/wp\/v2\/product_cat?post=334349"},{"taxonomy":"product_tag","embeddable":true,"href":"https:\/\/lalmachine.com\/de\/wp-json\/wp\/v2\/product_tag?post=334349"},{"taxonomy":"proximite","embeddable":true,"href":"https:\/\/lalmachine.com\/de\/wp-json\/wp\/v2\/proximite?post=334349"}],"curies":[{"name":"wp","href":"https:\/\/api.w.org\/{rel}","templated":true}]}}