{"id":334551,"date":"2024-08-26T11:26:23","date_gmt":"2024-08-26T09:26:23","guid":{"rendered":"https:\/\/lalmachine.com\/?post_type=product&#038;p=334551"},"modified":"2024-08-27T17:23:21","modified_gmt":"2024-08-27T15:23:21","slug":"table-basse-par4-bellato-italie-1980s","status":"publish","type":"product","link":"https:\/\/lalmachine.com\/de\/shop\/meubler\/table-basse-dappoint\/table-basse-par4-bellato-italie-1980s\/","title":{"rendered":"Table basse \u00ab\u00a0Par4 &#8211; Bellato &#8211; Italie 1980&rsquo;s"},"content":{"rendered":"<ul class=\"wpuf_customs\"><li style=\"list-style-type:none;\"><label>Autres photos:<\/label> <a href=\"https:\/\/lalmachine.com\/wp-content\/uploads\/2024\/08\/C3F7B89B-12E9-4508-9FC0-95B2467AB408_1_201_a-scaled.jpeg\"><img loading=\"lazy\" decoding=\"async\" width=\"96\" height=\"96\" src=\"https:\/\/lalmachine.com\/wp-content\/uploads\/2024\/08\/C3F7B89B-12E9-4508-9FC0-95B2467AB408_1_201_a-scaled.jpeg\" class=\"attachment-thumbnail size-thumbnail\" alt=\"\" \/><\/a> <a href=\"https:\/\/lalmachine.com\/wp-content\/uploads\/2024\/08\/FEFCBCE1-5487-4162-ACC7-397F3A3FAADF_1_201_a-scaled.jpeg\"><img loading=\"lazy\" decoding=\"async\" width=\"96\" height=\"96\" src=\"https:\/\/lalmachine.com\/wp-content\/uploads\/2024\/08\/FEFCBCE1-5487-4162-ACC7-397F3A3FAADF_1_201_a-scaled.jpeg\" class=\"attachment-thumbnail size-thumbnail\" alt=\"\" \/><\/a> <a href=\"https:\/\/lalmachine.com\/wp-content\/uploads\/2024\/08\/620517EB-2070-4824-9645-8C3C1919F7DE_1_201_a-scaled.jpeg\"><img loading=\"lazy\" decoding=\"async\" width=\"96\" height=\"96\" src=\"https:\/\/lalmachine.com\/wp-content\/uploads\/2024\/08\/620517EB-2070-4824-9645-8C3C1919F7DE_1_201_a-scaled.jpeg\" class=\"attachment-thumbnail size-thumbnail\" alt=\"\" \/><\/a> <a href=\"https:\/\/lalmachine.com\/wp-content\/uploads\/2024\/08\/39BF958E-2B63-46FD-B497-59BFADD566BF_1_201_a-scaled.jpeg\"><img loading=\"lazy\" decoding=\"async\" width=\"128\" height=\"85\" src=\"https:\/\/lalmachine.com\/wp-content\/uploads\/2024\/08\/39BF958E-2B63-46FD-B497-59BFADD566BF_1_201_a-scaled.jpeg\" class=\"attachment-thumbnail size-thumbnail\" alt=\"\" \/><\/a> <a href=\"https:\/\/lalmachine.com\/wp-content\/uploads\/2024\/08\/AF3B328D-F105-4231-96C0-DE547BA19352_1_201_a-scaled.jpeg\"><img loading=\"lazy\" decoding=\"async\" width=\"128\" height=\"85\" src=\"https:\/\/lalmachine.com\/wp-content\/uploads\/2024\/08\/AF3B328D-F105-4231-96C0-DE547BA19352_1_201_a-scaled.jpeg\" class=\"attachment-thumbnail size-thumbnail\" alt=\"\" \/><\/a> <a href=\"https:\/\/lalmachine.com\/wp-content\/uploads\/2024\/08\/E2F1B816-A095-49A9-B151-300F6E942D85_1_201_a-scaled.jpeg\"><img loading=\"lazy\" decoding=\"async\" width=\"96\" height=\"96\" src=\"https:\/\/lalmachine.com\/wp-content\/uploads\/2024\/08\/E2F1B816-A095-49A9-B151-300F6E942D85_1_201_a-scaled.jpeg\" class=\"attachment-thumbnail size-thumbnail\" alt=\"\" \/><\/a> <a href=\"https:\/\/lalmachine.com\/wp-content\/uploads\/2024\/08\/B56B4BBB-A62D-4C85-880E-8F47593E247B_1_201_a-scaled.jpeg\"><img loading=\"lazy\" decoding=\"async\" width=\"96\" height=\"96\" src=\"https:\/\/lalmachine.com\/wp-content\/uploads\/2024\/08\/B56B4BBB-A62D-4C85-880E-8F47593E247B_1_201_a-scaled.jpeg\" class=\"attachment-thumbnail size-thumbnail\" alt=\"\" \/><\/a> <a href=\"https:\/\/lalmachine.com\/wp-content\/uploads\/2024\/08\/D55616A3-623C-4C09-9652-40DDAB2F3593_1_201_a-scaled.jpeg\"><img loading=\"lazy\" decoding=\"async\" width=\"96\" height=\"96\" src=\"https:\/\/lalmachine.com\/wp-content\/uploads\/2024\/08\/D55616A3-623C-4C09-9652-40DDAB2F3593_1_201_a-scaled.jpeg\" class=\"attachment-thumbnail size-thumbnail\" alt=\"\" \/><\/a> <a href=\"https:\/\/lalmachine.com\/wp-content\/uploads\/2024\/08\/D22D91BE-DAC3-442F-8A51-CCFDE8DB5E6B_1_201_a-scaled.jpeg\"><img loading=\"lazy\" decoding=\"async\" width=\"96\" height=\"96\" src=\"https:\/\/lalmachine.com\/wp-content\/uploads\/2024\/08\/D22D91BE-DAC3-442F-8A51-CCFDE8DB5E6B_1_201_a-scaled.jpeg\" class=\"attachment-thumbnail size-thumbnail\" alt=\"\" \/><\/a> <a href=\"https:\/\/lalmachine.com\/wp-content\/uploads\/2024\/08\/A3E4A478-DA06-45FE-B056-1BAB2A8DABCE_1_201_a-scaled.jpeg\"><img loading=\"lazy\" decoding=\"async\" width=\"96\" height=\"96\" src=\"https:\/\/lalmachine.com\/wp-content\/uploads\/2024\/08\/A3E4A478-DA06-45FE-B056-1BAB2A8DABCE_1_201_a-scaled.jpeg\" class=\"attachment-thumbnail size-thumbnail\" alt=\"\" \/><\/a> <\/li>        <li class=\"wpuf-field-data wpuf-field-data-numeric_text_field\">\n                            <label>Prix:<\/label>\n                        780        <\/li>\n                <li class=\"wpuf-field-data wpuf-field-data-numeric_text_field\">\n                            <label>Hauteur (cm):<\/label>\n                        40        <\/li>\n                <li class=\"wpuf-field-data wpuf-field-data-numeric_text_field\">\n                            <label>Largeur (cm):<\/label>\n                        70        <\/li>\n                <li class=\"wpuf-field-data wpuf-field-data-numeric_text_field\">\n                            <label>Profondeur (cm):<\/label>\n                        70        <\/li>\n        <\/ul>","protected":false},"excerpt":{"rendered":"<p>Belle, ludique et ing\u00e9nieuse !<\/p>\n<p>Comme un origami au salon, en quelques secondes vous convertissez cette table basse compacte et minimaliste en une large surface capable d&rsquo;accueillir votre plus bel ap\u00e9ritif ou un d\u00e9licieux d\u00eener fa\u00e7on japonais. Les panneaux coulissants sont tr\u00e8s amusants et faciles \u00e0 retourner pour laisser libre court \u00e0 vos id\u00e9es jour apr\u00e8s jour.<\/p>\n<p>Si son cr\u00e9ateur Bernard Vuarnesson, docteur en ing\u00e9nierie du bois, garde toujours dans son cahier des charges un aspect \u00ab\u00a0modulable \u00e0 n&rsquo;importe quel moment\u00a0\u00bb pour les meubles qu&rsquo;il invente, il ne l\u00e9sine pas non plus sur leur esth\u00e9tique et leur intemporalit\u00e9.<\/p>\n<p>Ce mod\u00e8le dispose d&rsquo;une structure en h\u00eatre et de plateaux r\u00e9versibles avec d&rsquo;un c\u00f4t\u00e9 de l&rsquo;aluminium et de l&rsquo;autre un stratifi\u00e9 anthracite. Ces rev\u00eatements sont tr\u00e8s r\u00e9sistants et permettent d&rsquo;\u00eatre nettoy\u00e9s efficacement sans endommager le bois qui les encadre. Un beau m\u00e9lange de mati\u00e8res !<\/p>\n<p>Zustand<br \/>\nLes panneaux sont en tr\u00e8s bon \u00e9tat, le vernis de la structure en h\u00eatre montre quelques signes d&rsquo;usure conform\u00e9ment aux photos.<\/p>","protected":false},"featured_media":334662,"template":"","meta":{"_et_pb_use_builder":"","_et_pb_old_content":"","_et_gb_content_width":""},"product_brand":[],"product_cat":[47,459],"product_tag":[],"proximite":[283,179],"class_list":{"0":"post-334551","1":"product","2":"type-product","3":"status-publish","4":"has-post-thumbnail","6":"product_cat-meubler","7":"product_cat-table-basse-dappoint","8":"pa_couleur-bois","9":"pa_etat-bon-etat","10":"pa_materiau-bois","11":"pa_style-design","12":"proximite-riviera-pays-denhaut","13":"proximite-vaud","15":"first","16":"outofstock","17":"shipping-taxable","18":"purchasable","19":"product-type-simple"},"yoast_head":"<!-- This site is optimized with the Yoast SEO plugin v27.3 - https:\/\/yoast.com\/product\/yoast-seo-wordpress\/ -->\n<title>Table basse &quot;Par4 - Bellato - Italie 1980&#039;s | lalmachine.com, mobilier et objets d\u00e9co vintage et design<\/title>\n<meta name=\"description\" content=\"Table basse compacte et minimaliste de Bernard Vuarnesson avec large surface capable d&#039;accueillir votre plus bel ap\u00e9ritif ou un d\u00eener fa\u00e7on japonais.\" \/>\n<meta name=\"robots\" content=\"index, follow, max-snippet:-1, max-image-preview:large, max-video-preview:-1\" \/>\n<link rel=\"canonical\" href=\"https:\/\/lalmachine.com\/de\/shop\/meubler\/table-basse-dappoint\/table-basse-par4-bellato-italie-1980s\/\" \/>\n<meta property=\"og:locale\" content=\"de_DE\" \/>\n<meta property=\"og:type\" content=\"article\" \/>\n<meta property=\"og:title\" content=\"Table basse &quot;Par4 - Bellato - Italie 1980&#039;s | lalmachine.com, mobilier et objets d\u00e9co vintage et design\" \/>\n<meta property=\"og:description\" content=\"Table basse compacte et minimaliste de Bernard Vuarnesson avec large surface capable d&#039;accueillir votre plus bel ap\u00e9ritif ou un d\u00eener fa\u00e7on japonais.\" \/>\n<meta property=\"og:url\" content=\"https:\/\/lalmachine.com\/de\/shop\/meubler\/table-basse-dappoint\/table-basse-par4-bellato-italie-1980s\/\" \/>\n<meta property=\"og:site_name\" content=\"lalmachine.com\" \/>\n<meta property=\"article:publisher\" content=\"https:\/\/facebook.com\/lalmachine\" \/>\n<meta property=\"article:modified_time\" content=\"2024-08-27T15:23:21+00:00\" \/>\n<meta property=\"og:image\" content=\"https:\/\/lalmachine.com\/wp-content\/uploads\/2024\/08\/6F152A40-E767-41AB-94F8-911D0583B3DF_1_201_a-scaled_clipped_rev_1-scaled.jpeg\" \/>\n\t<meta property=\"og:image:width\" content=\"2560\" \/>\n\t<meta property=\"og:image:height\" content=\"2560\" \/>\n\t<meta property=\"og:image:type\" content=\"image\/jpeg\" \/>\n<meta name=\"twitter:card\" content=\"summary_large_image\" \/>\n<script type=\"application\/ld+json\" class=\"yoast-schema-graph\">{\"@context\":\"https:\\\/\\\/schema.org\",\"@graph\":[{\"@type\":\"WebPage\",\"@id\":\"https:\\\/\\\/lalmachine.com\\\/shop\\\/meubler\\\/table-basse-dappoint\\\/table-basse-par4-bellato-italie-1980s\\\/\",\"url\":\"https:\\\/\\\/lalmachine.com\\\/shop\\\/meubler\\\/table-basse-dappoint\\\/table-basse-par4-bellato-italie-1980s\\\/\",\"name\":\"Table basse \\\"Par4 - Bellato - Italie 1980's | lalmachine.com, mobilier et objets d\u00e9co vintage et design\",\"isPartOf\":{\"@id\":\"https:\\\/\\\/lalmachine.com\\\/#website\"},\"primaryImageOfPage\":{\"@id\":\"https:\\\/\\\/lalmachine.com\\\/shop\\\/meubler\\\/table-basse-dappoint\\\/table-basse-par4-bellato-italie-1980s\\\/#primaryimage\"},\"image\":{\"@id\":\"https:\\\/\\\/lalmachine.com\\\/shop\\\/meubler\\\/table-basse-dappoint\\\/table-basse-par4-bellato-italie-1980s\\\/#primaryimage\"},\"thumbnailUrl\":\"https:\\\/\\\/lalmachine.com\\\/wp-content\\\/uploads\\\/2024\\\/08\\\/6F152A40-E767-41AB-94F8-911D0583B3DF_1_201_a-scaled_clipped_rev_1-scaled.jpeg\",\"datePublished\":\"2024-08-26T09:26:23+00:00\",\"dateModified\":\"2024-08-27T15:23:21+00:00\",\"description\":\"Table basse compacte et minimaliste de Bernard Vuarnesson avec large surface capable d'accueillir votre plus bel ap\u00e9ritif ou un d\u00eener fa\u00e7on japonais.\",\"breadcrumb\":{\"@id\":\"https:\\\/\\\/lalmachine.com\\\/shop\\\/meubler\\\/table-basse-dappoint\\\/table-basse-par4-bellato-italie-1980s\\\/#breadcrumb\"},\"inLanguage\":\"de\",\"potentialAction\":[{\"@type\":\"ReadAction\",\"target\":[\"https:\\\/\\\/lalmachine.com\\\/shop\\\/meubler\\\/table-basse-dappoint\\\/table-basse-par4-bellato-italie-1980s\\\/\"]}]},{\"@type\":\"ImageObject\",\"inLanguage\":\"de\",\"@id\":\"https:\\\/\\\/lalmachine.com\\\/shop\\\/meubler\\\/table-basse-dappoint\\\/table-basse-par4-bellato-italie-1980s\\\/#primaryimage\",\"url\":\"https:\\\/\\\/lalmachine.com\\\/wp-content\\\/uploads\\\/2024\\\/08\\\/6F152A40-E767-41AB-94F8-911D0583B3DF_1_201_a-scaled_clipped_rev_1-scaled.jpeg\",\"contentUrl\":\"https:\\\/\\\/lalmachine.com\\\/wp-content\\\/uploads\\\/2024\\\/08\\\/6F152A40-E767-41AB-94F8-911D0583B3DF_1_201_a-scaled_clipped_rev_1-scaled.jpeg\",\"width\":2560,\"height\":2560,\"caption\":\"Table basse \\\"Par4 - Bellato - Italie 1980's\"},{\"@type\":\"BreadcrumbList\",\"@id\":\"https:\\\/\\\/lalmachine.com\\\/shop\\\/meubler\\\/table-basse-dappoint\\\/table-basse-par4-bellato-italie-1980s\\\/#breadcrumb\",\"itemListElement\":[{\"@type\":\"ListItem\",\"position\":1,\"name\":\"Accueil\",\"item\":\"https:\\\/\\\/lalmachine.com\\\/\"},{\"@type\":\"ListItem\",\"position\":2,\"name\":\"Shop\",\"item\":\"https:\\\/\\\/lalmachine.com\\\/shop\\\/\"},{\"@type\":\"ListItem\",\"position\":3,\"name\":\"Table basse &#8220;Par4 &#8211; Bellato &#8211; Italie 1980&#8217;s\"}]},{\"@type\":\"WebSite\",\"@id\":\"https:\\\/\\\/lalmachine.com\\\/#website\",\"url\":\"https:\\\/\\\/lalmachine.com\\\/\",\"name\":\"lalmachine.com\",\"description\":\"Brocante en ligne Suisse | Mobilier et objets d\u00e9co vintage et design\",\"potentialAction\":[{\"@type\":\"SearchAction\",\"target\":{\"@type\":\"EntryPoint\",\"urlTemplate\":\"https:\\\/\\\/lalmachine.com\\\/?s={search_term_string}\"},\"query-input\":{\"@type\":\"PropertyValueSpecification\",\"valueRequired\":true,\"valueName\":\"search_term_string\"}}],\"inLanguage\":\"de\"}]}<\/script>\n<!-- \/ Yoast SEO plugin. -->","yoast_head_json":{"title":"Table basse \"Par4 - Bellato - Italie 1980's | lalmachine.com, mobilier et objets d\u00e9co vintage et design","description":"Table basse compacte et minimaliste de Bernard Vuarnesson avec large surface capable d'accueillir votre plus bel ap\u00e9ritif ou un d\u00eener fa\u00e7on japonais.","robots":{"index":"index","follow":"follow","max-snippet":"max-snippet:-1","max-image-preview":"max-image-preview:large","max-video-preview":"max-video-preview:-1"},"canonical":"https:\/\/lalmachine.com\/de\/shop\/meubler\/table-basse-dappoint\/table-basse-par4-bellato-italie-1980s\/","og_locale":"de_DE","og_type":"article","og_title":"Table basse \"Par4 - Bellato - Italie 1980's | lalmachine.com, mobilier et objets d\u00e9co vintage et design","og_description":"Table basse compacte et minimaliste de Bernard Vuarnesson avec large surface capable d'accueillir votre plus bel ap\u00e9ritif ou un d\u00eener fa\u00e7on japonais.","og_url":"https:\/\/lalmachine.com\/de\/shop\/meubler\/table-basse-dappoint\/table-basse-par4-bellato-italie-1980s\/","og_site_name":"lalmachine.com","article_publisher":"https:\/\/facebook.com\/lalmachine","article_modified_time":"2024-08-27T15:23:21+00:00","og_image":[{"width":2560,"height":2560,"url":"https:\/\/lalmachine.com\/wp-content\/uploads\/2024\/08\/6F152A40-E767-41AB-94F8-911D0583B3DF_1_201_a-scaled_clipped_rev_1-scaled.jpeg","type":"image\/jpeg"}],"twitter_card":"summary_large_image","schema":{"@context":"https:\/\/schema.org","@graph":[{"@type":"WebPage","@id":"https:\/\/lalmachine.com\/shop\/meubler\/table-basse-dappoint\/table-basse-par4-bellato-italie-1980s\/","url":"https:\/\/lalmachine.com\/shop\/meubler\/table-basse-dappoint\/table-basse-par4-bellato-italie-1980s\/","name":"Table basse \"Par4 - Bellato - Italie 1980's | lalmachine.com, mobilier et objets d\u00e9co vintage et design","isPartOf":{"@id":"https:\/\/lalmachine.com\/#website"},"primaryImageOfPage":{"@id":"https:\/\/lalmachine.com\/shop\/meubler\/table-basse-dappoint\/table-basse-par4-bellato-italie-1980s\/#primaryimage"},"image":{"@id":"https:\/\/lalmachine.com\/shop\/meubler\/table-basse-dappoint\/table-basse-par4-bellato-italie-1980s\/#primaryimage"},"thumbnailUrl":"https:\/\/lalmachine.com\/wp-content\/uploads\/2024\/08\/6F152A40-E767-41AB-94F8-911D0583B3DF_1_201_a-scaled_clipped_rev_1-scaled.jpeg","datePublished":"2024-08-26T09:26:23+00:00","dateModified":"2024-08-27T15:23:21+00:00","description":"Table basse compacte et minimaliste de Bernard Vuarnesson avec large surface capable d'accueillir votre plus bel ap\u00e9ritif ou un d\u00eener fa\u00e7on japonais.","breadcrumb":{"@id":"https:\/\/lalmachine.com\/shop\/meubler\/table-basse-dappoint\/table-basse-par4-bellato-italie-1980s\/#breadcrumb"},"inLanguage":"de","potentialAction":[{"@type":"ReadAction","target":["https:\/\/lalmachine.com\/shop\/meubler\/table-basse-dappoint\/table-basse-par4-bellato-italie-1980s\/"]}]},{"@type":"ImageObject","inLanguage":"de","@id":"https:\/\/lalmachine.com\/shop\/meubler\/table-basse-dappoint\/table-basse-par4-bellato-italie-1980s\/#primaryimage","url":"https:\/\/lalmachine.com\/wp-content\/uploads\/2024\/08\/6F152A40-E767-41AB-94F8-911D0583B3DF_1_201_a-scaled_clipped_rev_1-scaled.jpeg","contentUrl":"https:\/\/lalmachine.com\/wp-content\/uploads\/2024\/08\/6F152A40-E767-41AB-94F8-911D0583B3DF_1_201_a-scaled_clipped_rev_1-scaled.jpeg","width":2560,"height":2560,"caption":"Table basse \"Par4 - Bellato - Italie 1980's"},{"@type":"BreadcrumbList","@id":"https:\/\/lalmachine.com\/shop\/meubler\/table-basse-dappoint\/table-basse-par4-bellato-italie-1980s\/#breadcrumb","itemListElement":[{"@type":"ListItem","position":1,"name":"Accueil","item":"https:\/\/lalmachine.com\/"},{"@type":"ListItem","position":2,"name":"Shop","item":"https:\/\/lalmachine.com\/shop\/"},{"@type":"ListItem","position":3,"name":"Table basse &#8220;Par4 &#8211; Bellato &#8211; Italie 1980&#8217;s"}]},{"@type":"WebSite","@id":"https:\/\/lalmachine.com\/#website","url":"https:\/\/lalmachine.com\/","name":"lalmachine.com","description":"Brocante en ligne Suisse | Mobilier et objets d\u00e9co vintage et design","potentialAction":[{"@type":"SearchAction","target":{"@type":"EntryPoint","urlTemplate":"https:\/\/lalmachine.com\/?s={search_term_string}"},"query-input":{"@type":"PropertyValueSpecification","valueRequired":true,"valueName":"search_term_string"}}],"inLanguage":"de"}]}},"_links":{"self":[{"href":"https:\/\/lalmachine.com\/de\/wp-json\/wp\/v2\/product\/334551","targetHints":{"allow":["GET"]}}],"collection":[{"href":"https:\/\/lalmachine.com\/de\/wp-json\/wp\/v2\/product"}],"about":[{"href":"https:\/\/lalmachine.com\/de\/wp-json\/wp\/v2\/types\/product"}],"wp:featuredmedia":[{"embeddable":true,"href":"https:\/\/lalmachine.com\/de\/wp-json\/wp\/v2\/media\/334662"}],"wp:attachment":[{"href":"https:\/\/lalmachine.com\/de\/wp-json\/wp\/v2\/media?parent=334551"}],"wp:term":[{"taxonomy":"product_brand","embeddable":true,"href":"https:\/\/lalmachine.com\/de\/wp-json\/wp\/v2\/product_brand?post=334551"},{"taxonomy":"product_cat","embeddable":true,"href":"https:\/\/lalmachine.com\/de\/wp-json\/wp\/v2\/product_cat?post=334551"},{"taxonomy":"product_tag","embeddable":true,"href":"https:\/\/lalmachine.com\/de\/wp-json\/wp\/v2\/product_tag?post=334551"},{"taxonomy":"proximite","embeddable":true,"href":"https:\/\/lalmachine.com\/de\/wp-json\/wp\/v2\/proximite?post=334551"}],"curies":[{"name":"wp","href":"https:\/\/api.w.org\/{rel}","templated":true}]}}