{"id":334579,"date":"2024-08-26T11:35:07","date_gmt":"2024-08-26T09:35:07","guid":{"rendered":"https:\/\/lalmachine.com\/?post_type=product&#038;p=334579"},"modified":"2024-12-05T22:05:31","modified_gmt":"2024-12-05T21:05:31","slug":"lampadaire-en-hetre-temde-suisse-1980s","status":"publish","type":"product","link":"https:\/\/lalmachine.com\/de\/shop\/eclairer\/lampe-sur-pied\/lampadaire-en-hetre-temde-suisse-1980s\/","title":{"rendered":"Lampadaire en h\u00eatre &#8211; Temde &#8211; Suisse 1980&rsquo;s"},"content":{"rendered":"<ul class=\"wpuf_customs\"><li style=\"list-style-type:none;\"><label>Autres photos:<\/label> <a href=\"https:\/\/lalmachine.com\/wp-content\/uploads\/2024\/08\/F8659490-513B-4E73-A7BA-77B1B79FFE40_1_201_a-scaled.jpeg\"><img loading=\"lazy\" decoding=\"async\" width=\"96\" height=\"96\" src=\"https:\/\/lalmachine.com\/wp-content\/uploads\/2024\/08\/F8659490-513B-4E73-A7BA-77B1B79FFE40_1_201_a-scaled.jpeg\" class=\"attachment-thumbnail size-thumbnail\" alt=\"\" \/><\/a> <a href=\"https:\/\/lalmachine.com\/wp-content\/uploads\/2024\/08\/3501F1D3-E737-449E-A789-7444F701E700_1_201_a-scaled.jpeg\"><img loading=\"lazy\" decoding=\"async\" width=\"96\" height=\"96\" src=\"https:\/\/lalmachine.com\/wp-content\/uploads\/2024\/08\/3501F1D3-E737-449E-A789-7444F701E700_1_201_a-scaled.jpeg\" class=\"attachment-thumbnail size-thumbnail\" alt=\"\" \/><\/a> <a href=\"https:\/\/lalmachine.com\/wp-content\/uploads\/2024\/08\/644CFA68-34FA-4138-AA61-6CC15101DCE9_1_201_a-scaled.jpeg\"><img loading=\"lazy\" decoding=\"async\" width=\"96\" height=\"96\" src=\"https:\/\/lalmachine.com\/wp-content\/uploads\/2024\/08\/644CFA68-34FA-4138-AA61-6CC15101DCE9_1_201_a-scaled.jpeg\" class=\"attachment-thumbnail size-thumbnail\" alt=\"\" \/><\/a> <a href=\"https:\/\/lalmachine.com\/wp-content\/uploads\/2024\/08\/BE1C8AB2-CB9C-4E15-B9AD-08D8BA8F7284_1_201_a-scaled.jpeg\"><img loading=\"lazy\" decoding=\"async\" width=\"96\" height=\"96\" src=\"https:\/\/lalmachine.com\/wp-content\/uploads\/2024\/08\/BE1C8AB2-CB9C-4E15-B9AD-08D8BA8F7284_1_201_a-scaled.jpeg\" class=\"attachment-thumbnail size-thumbnail\" alt=\"\" \/><\/a> <\/li>        <li class=\"wpuf-field-data wpuf-field-data-numeric_text_field\">\n                            <label>Prix:<\/label>\n                        460        <\/li>\n                <li class=\"wpuf-field-data wpuf-field-data-numeric_text_field\">\n                            <label>Quantit\u00e9:<\/label>\n                        0        <\/li>\n                <li class=\"wpuf-field-data wpuf-field-data-numeric_text_field\">\n                            <label>Hauteur (cm):<\/label>\n                        132        <\/li>\n                <li class=\"wpuf-field-data wpuf-field-data-numeric_text_field\">\n                            <label>Largeur (cm):<\/label>\n                        40        <\/li>\n                <li class=\"wpuf-field-data wpuf-field-data-numeric_text_field\">\n                            <label>Profondeur (cm):<\/label>\n                        40        <\/li>\n        <\/ul>","protected":false},"excerpt":{"rendered":"<p>Il ne vous faudra pas beaucoup de temps pour lui trouver une place, tout lui convient !<\/p>\n<p>Ce d\u00e9licat lampadaire aux globes mont\u00e9s en colima\u00e7on autour d&rsquo;un solide axe en h\u00eatre massif illuminera \u00e0 merveille votre int\u00e9rieur. Allum\u00e9 comme \u00e9teint, il resplendit dans la pi\u00e8ce. Sa teinte mordor\u00e9e et la texture apport\u00e9e au verre lui donne beaucoup de chaleur.<\/p>\n<p>Diam\u00e8tre d&rsquo;un globe 16cm<\/p>","protected":false},"featured_media":334659,"template":"","meta":{"_et_pb_use_builder":"","_et_pb_old_content":"","_et_gb_content_width":""},"product_brand":[],"product_cat":[49,89],"product_tag":[],"proximite":[283,179],"class_list":{"0":"post-334579","1":"product","2":"type-product","3":"status-publish","4":"has-post-thumbnail","6":"product_cat-eclairer","7":"product_cat-lampe-sur-pied","8":"pa_couleur-marron","9":"pa_etat-tres-bon-etat","10":"pa_materiau-bois","11":"pa_style-vintage","12":"proximite-riviera-pays-denhaut","13":"proximite-vaud","15":"first","16":"outofstock","17":"shipping-taxable","18":"purchasable","19":"product-type-simple"},"yoast_head":"<!-- This site is optimized with the Yoast SEO plugin v27.4 - https:\/\/yoast.com\/product\/yoast-seo-wordpress\/ -->\n<title>Lampadaire en h\u00eatre - Temde - Suisse 1980&#039;s | lalmachine.com<\/title>\n<meta name=\"description\" content=\"Ce d\u00e9licat lampadaire aux globes mont\u00e9s en colima\u00e7on autour d&#039;un solide axe en h\u00eatre massif illuminera \u00e0 merveille votre int\u00e9rieur. Allum\u00e9 comme \u00e9teint,.\" \/>\n<meta name=\"robots\" content=\"index, follow, max-snippet:-1, max-image-preview:large, max-video-preview:-1\" \/>\n<link rel=\"canonical\" href=\"https:\/\/lalmachine.com\/de\/shop\/eclairer\/lampe-sur-pied\/lampadaire-en-hetre-temde-suisse-1980s\/\" \/>\n<meta property=\"og:locale\" content=\"de_DE\" \/>\n<meta property=\"og:type\" content=\"article\" \/>\n<meta property=\"og:title\" content=\"Lampadaire en h\u00eatre - Temde - Suisse 1980&#039;s | lalmachine.com\" \/>\n<meta property=\"og:description\" content=\"Ce d\u00e9licat lampadaire aux globes mont\u00e9s en colima\u00e7on autour d&#039;un solide axe en h\u00eatre massif illuminera \u00e0 merveille votre int\u00e9rieur. Allum\u00e9 comme \u00e9teint,.\" \/>\n<meta property=\"og:url\" content=\"https:\/\/lalmachine.com\/de\/shop\/eclairer\/lampe-sur-pied\/lampadaire-en-hetre-temde-suisse-1980s\/\" \/>\n<meta property=\"og:site_name\" content=\"lalmachine.com\" \/>\n<meta property=\"article:publisher\" content=\"https:\/\/facebook.com\/lalmachine\" \/>\n<meta property=\"article:modified_time\" content=\"2024-12-05T21:05:31+00:00\" \/>\n<meta property=\"og:image\" content=\"https:\/\/lalmachine.com\/wp-content\/uploads\/2024\/08\/B92AC2EA-7D21-4CD5-B8BC-8189DB3745CE_1_201_a-scaled_clipped_rev_1.jpeg\" \/>\n\t<meta property=\"og:image:width\" content=\"2331\" \/>\n\t<meta property=\"og:image:height\" content=\"2331\" \/>\n\t<meta property=\"og:image:type\" content=\"image\/jpeg\" \/>\n<meta name=\"twitter:card\" content=\"summary_large_image\" \/>\n<script type=\"application\/ld+json\" class=\"yoast-schema-graph\">{\"@context\":\"https:\\\/\\\/schema.org\",\"@graph\":[{\"@type\":\"WebPage\",\"@id\":\"https:\\\/\\\/lalmachine.com\\\/shop\\\/eclairer\\\/lampe-sur-pied\\\/lampadaire-en-hetre-temde-suisse-1980s\\\/\",\"url\":\"https:\\\/\\\/lalmachine.com\\\/shop\\\/eclairer\\\/lampe-sur-pied\\\/lampadaire-en-hetre-temde-suisse-1980s\\\/\",\"name\":\"Lampadaire en h\u00eatre - Temde - Suisse 1980's | lalmachine.com\",\"isPartOf\":{\"@id\":\"https:\\\/\\\/lalmachine.com\\\/#website\"},\"primaryImageOfPage\":{\"@id\":\"https:\\\/\\\/lalmachine.com\\\/shop\\\/eclairer\\\/lampe-sur-pied\\\/lampadaire-en-hetre-temde-suisse-1980s\\\/#primaryimage\"},\"image\":{\"@id\":\"https:\\\/\\\/lalmachine.com\\\/shop\\\/eclairer\\\/lampe-sur-pied\\\/lampadaire-en-hetre-temde-suisse-1980s\\\/#primaryimage\"},\"thumbnailUrl\":\"https:\\\/\\\/lalmachine.com\\\/wp-content\\\/uploads\\\/2024\\\/08\\\/B92AC2EA-7D21-4CD5-B8BC-8189DB3745CE_1_201_a-scaled_clipped_rev_1.jpeg\",\"datePublished\":\"2024-08-26T09:35:07+00:00\",\"dateModified\":\"2024-12-05T21:05:31+00:00\",\"description\":\"Ce d\u00e9licat lampadaire aux globes mont\u00e9s en colima\u00e7on autour d'un solide axe en h\u00eatre massif illuminera \u00e0 merveille votre int\u00e9rieur. Allum\u00e9 comme \u00e9teint,.\",\"breadcrumb\":{\"@id\":\"https:\\\/\\\/lalmachine.com\\\/shop\\\/eclairer\\\/lampe-sur-pied\\\/lampadaire-en-hetre-temde-suisse-1980s\\\/#breadcrumb\"},\"inLanguage\":\"de\",\"potentialAction\":[{\"@type\":\"ReadAction\",\"target\":[\"https:\\\/\\\/lalmachine.com\\\/shop\\\/eclairer\\\/lampe-sur-pied\\\/lampadaire-en-hetre-temde-suisse-1980s\\\/\"]}]},{\"@type\":\"ImageObject\",\"inLanguage\":\"de\",\"@id\":\"https:\\\/\\\/lalmachine.com\\\/shop\\\/eclairer\\\/lampe-sur-pied\\\/lampadaire-en-hetre-temde-suisse-1980s\\\/#primaryimage\",\"url\":\"https:\\\/\\\/lalmachine.com\\\/wp-content\\\/uploads\\\/2024\\\/08\\\/B92AC2EA-7D21-4CD5-B8BC-8189DB3745CE_1_201_a-scaled_clipped_rev_1.jpeg\",\"contentUrl\":\"https:\\\/\\\/lalmachine.com\\\/wp-content\\\/uploads\\\/2024\\\/08\\\/B92AC2EA-7D21-4CD5-B8BC-8189DB3745CE_1_201_a-scaled_clipped_rev_1.jpeg\",\"width\":2331,\"height\":2331,\"caption\":\"Lampadaire en h\u00eatre - Temde - Suisse 1980's\"},{\"@type\":\"BreadcrumbList\",\"@id\":\"https:\\\/\\\/lalmachine.com\\\/shop\\\/eclairer\\\/lampe-sur-pied\\\/lampadaire-en-hetre-temde-suisse-1980s\\\/#breadcrumb\",\"itemListElement\":[{\"@type\":\"ListItem\",\"position\":1,\"name\":\"Accueil\",\"item\":\"https:\\\/\\\/lalmachine.com\\\/\"},{\"@type\":\"ListItem\",\"position\":2,\"name\":\"Shop\",\"item\":\"https:\\\/\\\/lalmachine.com\\\/shop\\\/\"},{\"@type\":\"ListItem\",\"position\":3,\"name\":\"Lampadaire en h\u00eatre &#8211; Temde &#8211; Suisse 1980&#8217;s\"}]},{\"@type\":\"WebSite\",\"@id\":\"https:\\\/\\\/lalmachine.com\\\/#website\",\"url\":\"https:\\\/\\\/lalmachine.com\\\/\",\"name\":\"lalmachine.com\",\"description\":\"Brocante en ligne Suisse | Mobilier et objets d\u00e9co vintage et design\",\"potentialAction\":[{\"@type\":\"SearchAction\",\"target\":{\"@type\":\"EntryPoint\",\"urlTemplate\":\"https:\\\/\\\/lalmachine.com\\\/?s={search_term_string}\"},\"query-input\":{\"@type\":\"PropertyValueSpecification\",\"valueRequired\":true,\"valueName\":\"search_term_string\"}}],\"inLanguage\":\"de\"}]}<\/script>\n<!-- \/ Yoast SEO plugin. -->","yoast_head_json":{"title":"Lampadaire en h\u00eatre - Temde - Suisse 1980's | lalmachine.com","description":"Ce d\u00e9licat lampadaire aux globes mont\u00e9s en colima\u00e7on autour d'un solide axe en h\u00eatre massif illuminera \u00e0 merveille votre int\u00e9rieur. Allum\u00e9 comme \u00e9teint,.","robots":{"index":"index","follow":"follow","max-snippet":"max-snippet:-1","max-image-preview":"max-image-preview:large","max-video-preview":"max-video-preview:-1"},"canonical":"https:\/\/lalmachine.com\/de\/shop\/eclairer\/lampe-sur-pied\/lampadaire-en-hetre-temde-suisse-1980s\/","og_locale":"de_DE","og_type":"article","og_title":"Lampadaire en h\u00eatre - Temde - Suisse 1980's | lalmachine.com","og_description":"Ce d\u00e9licat lampadaire aux globes mont\u00e9s en colima\u00e7on autour d'un solide axe en h\u00eatre massif illuminera \u00e0 merveille votre int\u00e9rieur. Allum\u00e9 comme \u00e9teint,.","og_url":"https:\/\/lalmachine.com\/de\/shop\/eclairer\/lampe-sur-pied\/lampadaire-en-hetre-temde-suisse-1980s\/","og_site_name":"lalmachine.com","article_publisher":"https:\/\/facebook.com\/lalmachine","article_modified_time":"2024-12-05T21:05:31+00:00","og_image":[{"width":2331,"height":2331,"url":"https:\/\/lalmachine.com\/wp-content\/uploads\/2024\/08\/B92AC2EA-7D21-4CD5-B8BC-8189DB3745CE_1_201_a-scaled_clipped_rev_1.jpeg","type":"image\/jpeg"}],"twitter_card":"summary_large_image","schema":{"@context":"https:\/\/schema.org","@graph":[{"@type":"WebPage","@id":"https:\/\/lalmachine.com\/shop\/eclairer\/lampe-sur-pied\/lampadaire-en-hetre-temde-suisse-1980s\/","url":"https:\/\/lalmachine.com\/shop\/eclairer\/lampe-sur-pied\/lampadaire-en-hetre-temde-suisse-1980s\/","name":"Lampadaire en h\u00eatre - Temde - Suisse 1980's | lalmachine.com","isPartOf":{"@id":"https:\/\/lalmachine.com\/#website"},"primaryImageOfPage":{"@id":"https:\/\/lalmachine.com\/shop\/eclairer\/lampe-sur-pied\/lampadaire-en-hetre-temde-suisse-1980s\/#primaryimage"},"image":{"@id":"https:\/\/lalmachine.com\/shop\/eclairer\/lampe-sur-pied\/lampadaire-en-hetre-temde-suisse-1980s\/#primaryimage"},"thumbnailUrl":"https:\/\/lalmachine.com\/wp-content\/uploads\/2024\/08\/B92AC2EA-7D21-4CD5-B8BC-8189DB3745CE_1_201_a-scaled_clipped_rev_1.jpeg","datePublished":"2024-08-26T09:35:07+00:00","dateModified":"2024-12-05T21:05:31+00:00","description":"Ce d\u00e9licat lampadaire aux globes mont\u00e9s en colima\u00e7on autour d'un solide axe en h\u00eatre massif illuminera \u00e0 merveille votre int\u00e9rieur. Allum\u00e9 comme \u00e9teint,.","breadcrumb":{"@id":"https:\/\/lalmachine.com\/shop\/eclairer\/lampe-sur-pied\/lampadaire-en-hetre-temde-suisse-1980s\/#breadcrumb"},"inLanguage":"de","potentialAction":[{"@type":"ReadAction","target":["https:\/\/lalmachine.com\/shop\/eclairer\/lampe-sur-pied\/lampadaire-en-hetre-temde-suisse-1980s\/"]}]},{"@type":"ImageObject","inLanguage":"de","@id":"https:\/\/lalmachine.com\/shop\/eclairer\/lampe-sur-pied\/lampadaire-en-hetre-temde-suisse-1980s\/#primaryimage","url":"https:\/\/lalmachine.com\/wp-content\/uploads\/2024\/08\/B92AC2EA-7D21-4CD5-B8BC-8189DB3745CE_1_201_a-scaled_clipped_rev_1.jpeg","contentUrl":"https:\/\/lalmachine.com\/wp-content\/uploads\/2024\/08\/B92AC2EA-7D21-4CD5-B8BC-8189DB3745CE_1_201_a-scaled_clipped_rev_1.jpeg","width":2331,"height":2331,"caption":"Lampadaire en h\u00eatre - Temde - Suisse 1980's"},{"@type":"BreadcrumbList","@id":"https:\/\/lalmachine.com\/shop\/eclairer\/lampe-sur-pied\/lampadaire-en-hetre-temde-suisse-1980s\/#breadcrumb","itemListElement":[{"@type":"ListItem","position":1,"name":"Accueil","item":"https:\/\/lalmachine.com\/"},{"@type":"ListItem","position":2,"name":"Shop","item":"https:\/\/lalmachine.com\/shop\/"},{"@type":"ListItem","position":3,"name":"Lampadaire en h\u00eatre &#8211; Temde &#8211; Suisse 1980&#8217;s"}]},{"@type":"WebSite","@id":"https:\/\/lalmachine.com\/#website","url":"https:\/\/lalmachine.com\/","name":"lalmachine.com","description":"Brocante en ligne Suisse | Mobilier et objets d\u00e9co vintage et design","potentialAction":[{"@type":"SearchAction","target":{"@type":"EntryPoint","urlTemplate":"https:\/\/lalmachine.com\/?s={search_term_string}"},"query-input":{"@type":"PropertyValueSpecification","valueRequired":true,"valueName":"search_term_string"}}],"inLanguage":"de"}]}},"_links":{"self":[{"href":"https:\/\/lalmachine.com\/de\/wp-json\/wp\/v2\/product\/334579","targetHints":{"allow":["GET"]}}],"collection":[{"href":"https:\/\/lalmachine.com\/de\/wp-json\/wp\/v2\/product"}],"about":[{"href":"https:\/\/lalmachine.com\/de\/wp-json\/wp\/v2\/types\/product"}],"wp:featuredmedia":[{"embeddable":true,"href":"https:\/\/lalmachine.com\/de\/wp-json\/wp\/v2\/media\/334659"}],"wp:attachment":[{"href":"https:\/\/lalmachine.com\/de\/wp-json\/wp\/v2\/media?parent=334579"}],"wp:term":[{"taxonomy":"product_brand","embeddable":true,"href":"https:\/\/lalmachine.com\/de\/wp-json\/wp\/v2\/product_brand?post=334579"},{"taxonomy":"product_cat","embeddable":true,"href":"https:\/\/lalmachine.com\/de\/wp-json\/wp\/v2\/product_cat?post=334579"},{"taxonomy":"product_tag","embeddable":true,"href":"https:\/\/lalmachine.com\/de\/wp-json\/wp\/v2\/product_tag?post=334579"},{"taxonomy":"proximite","embeddable":true,"href":"https:\/\/lalmachine.com\/de\/wp-json\/wp\/v2\/proximite?post=334579"}],"curies":[{"name":"wp","href":"https:\/\/api.w.org\/{rel}","templated":true}]}}