{"id":334927,"date":"2024-08-28T15:10:22","date_gmt":"2024-08-28T13:10:22","guid":{"rendered":"https:\/\/lalmachine.com\/?post_type=product&#038;p=334927"},"modified":"2024-12-05T22:05:31","modified_gmt":"2024-12-05T21:05:31","slug":"oiseau-en-verre-par-oiva-toikka","status":"publish","type":"product","link":"https:\/\/lalmachine.com\/de\/shop\/decorer\/decoration\/oiseau-en-verre-par-oiva-toikka\/","title":{"rendered":"Oiseau en verre par Oiva Toikka"},"content":{"rendered":"<ul class=\"wpuf_customs\"><li style=\"list-style-type:none;\"><label>Autres photos:<\/label> <a href=\"https:\/\/lalmachine.com\/wp-content\/uploads\/2024\/08\/IMG_1400-scaled.jpeg\"><img loading=\"lazy\" decoding=\"async\" width=\"72\" height=\"96\" src=\"https:\/\/lalmachine.com\/wp-content\/uploads\/2024\/08\/IMG_1400-scaled.jpeg\" class=\"attachment-thumbnail size-thumbnail\" alt=\"\" \/><\/a> <a href=\"https:\/\/lalmachine.com\/wp-content\/uploads\/2024\/08\/IMG_1397-scaled.jpeg\"><img loading=\"lazy\" decoding=\"async\" width=\"72\" height=\"96\" src=\"https:\/\/lalmachine.com\/wp-content\/uploads\/2024\/08\/IMG_1397-scaled.jpeg\" class=\"attachment-thumbnail size-thumbnail\" alt=\"\" \/><\/a> <a href=\"https:\/\/lalmachine.com\/wp-content\/uploads\/2024\/08\/IMG_1398-scaled.jpeg\"><img loading=\"lazy\" decoding=\"async\" width=\"84\" height=\"96\" src=\"https:\/\/lalmachine.com\/wp-content\/uploads\/2024\/08\/IMG_1398-scaled.jpeg\" class=\"attachment-thumbnail size-thumbnail\" alt=\"\" \/><\/a> <a href=\"https:\/\/lalmachine.com\/wp-content\/uploads\/2024\/08\/IMG_1401-scaled.jpeg\"><img loading=\"lazy\" decoding=\"async\" width=\"128\" height=\"96\" src=\"https:\/\/lalmachine.com\/wp-content\/uploads\/2024\/08\/IMG_1401-scaled.jpeg\" class=\"attachment-thumbnail size-thumbnail\" alt=\"\" \/><\/a> <a href=\"https:\/\/lalmachine.com\/wp-content\/uploads\/2024\/08\/IMG_1399-scaled.jpeg\"><img loading=\"lazy\" decoding=\"async\" width=\"114\" height=\"96\" src=\"https:\/\/lalmachine.com\/wp-content\/uploads\/2024\/08\/IMG_1399-scaled.jpeg\" class=\"attachment-thumbnail size-thumbnail\" alt=\"\" \/><\/a> <a href=\"https:\/\/lalmachine.com\/wp-content\/uploads\/2024\/08\/IMG_1402-scaled.jpeg\"><img loading=\"lazy\" decoding=\"async\" width=\"74\" height=\"96\" src=\"https:\/\/lalmachine.com\/wp-content\/uploads\/2024\/08\/IMG_1402-scaled.jpeg\" class=\"attachment-thumbnail size-thumbnail\" alt=\"\" \/><\/a> <a href=\"https:\/\/lalmachine.com\/wp-content\/uploads\/2024\/08\/IMG_1396-scaled.jpeg\"><img loading=\"lazy\" decoding=\"async\" width=\"70\" height=\"96\" src=\"https:\/\/lalmachine.com\/wp-content\/uploads\/2024\/08\/IMG_1396-scaled.jpeg\" class=\"attachment-thumbnail size-thumbnail\" alt=\"\" \/><\/a> <a href=\"https:\/\/lalmachine.com\/wp-content\/uploads\/2024\/08\/IMG_1394-scaled.jpeg\"><img loading=\"lazy\" decoding=\"async\" width=\"79\" height=\"96\" src=\"https:\/\/lalmachine.com\/wp-content\/uploads\/2024\/08\/IMG_1394-scaled.jpeg\" class=\"attachment-thumbnail size-thumbnail\" alt=\"\" \/><\/a> <a href=\"https:\/\/lalmachine.com\/wp-content\/uploads\/2024\/08\/IMG_1395-scaled.jpeg\"><img loading=\"lazy\" decoding=\"async\" width=\"74\" height=\"96\" src=\"https:\/\/lalmachine.com\/wp-content\/uploads\/2024\/08\/IMG_1395-scaled.jpeg\" class=\"attachment-thumbnail size-thumbnail\" alt=\"\" \/><\/a> <\/li>        <li class=\"wpuf-field-data wpuf-field-data-numeric_text_field\">\n                            <label>Prix:<\/label>\n                        230        <\/li>\n                <li class=\"wpuf-field-data wpuf-field-data-numeric_text_field\">\n                            <label>Quantit\u00e9:<\/label>\n                        0        <\/li>\n                <li class=\"wpuf-field-data wpuf-field-data-numeric_text_field\">\n                            <label>Hauteur (cm):<\/label>\n                        8        <\/li>\n                <li class=\"wpuf-field-data wpuf-field-data-numeric_text_field\">\n                            <label>Largeur (cm):<\/label>\n                        14        <\/li>\n                <li class=\"wpuf-field-data wpuf-field-data-numeric_text_field\">\n                            <label>Profondeur (cm):<\/label>\n                        6        <\/li>\n        <\/ul>","protected":false},"excerpt":{"rendered":"<p>Voici une pi\u00e8ce de collection.<br \/>\nOiseau en verre souffl\u00e9 en provenance de Finlande. R\u00e9alis\u00e9 par l\u2019artiste Oiva Toikka entre 1990 et 1994.<br \/>\nCet oiseau fait partie de la collection Birds of Passage.<br \/>\nLes oiseaux produits par Oiva Toikka sont recherch\u00e9s par les collectionneurs du monde entier.<br \/>\nSignature de l\u2019artiste.<br \/>\nL\u2019oiseau est en parfait \u00e9tat.<\/p>","protected":false},"featured_media":334955,"template":"","meta":{"_et_pb_use_builder":"","_et_pb_old_content":"","_et_gb_content_width":""},"product_brand":[],"product_cat":[365,94,50],"product_tag":[],"proximite":[213],"class_list":{"0":"post-334927","1":"product","2":"type-product","3":"status-publish","4":"has-post-thumbnail","6":"product_cat-art-and-co","7":"product_cat-decoration","8":"product_cat-decorer","9":"product_shipping_class-2-10-kg","10":"pa_couleur-jaune","11":"pa_etat-tres-bon-etat","12":"pa_materiau-verre","13":"pa_style-scandinave","14":"proximite-zug","16":"first","17":"outofstock","18":"shipping-taxable","19":"purchasable","20":"product-type-simple"},"yoast_head":"<!-- This site is optimized with the Yoast SEO plugin v27.3 - https:\/\/yoast.com\/product\/yoast-seo-wordpress\/ -->\n<title>Oiseau en verre par Oiva Toikka | lalmachine.com<\/title>\n<meta name=\"description\" content=\"Voici une pi\u00e8ce de collection.Oiseau en verre souffl\u00e9 en provenance de Finlande. R\u00e9alis\u00e9 par l\u2019artiste Oiva Toikka entre 1990 et 1994.\" \/>\n<meta name=\"robots\" content=\"index, follow, max-snippet:-1, max-image-preview:large, max-video-preview:-1\" \/>\n<link rel=\"canonical\" href=\"https:\/\/lalmachine.com\/de\/shop\/decorer\/decoration\/oiseau-en-verre-par-oiva-toikka\/\" \/>\n<meta property=\"og:locale\" content=\"de_DE\" \/>\n<meta property=\"og:type\" content=\"article\" \/>\n<meta property=\"og:title\" content=\"Oiseau en verre par Oiva Toikka | lalmachine.com\" \/>\n<meta property=\"og:description\" content=\"Voici une pi\u00e8ce de collection.Oiseau en verre souffl\u00e9 en provenance de Finlande. R\u00e9alis\u00e9 par l\u2019artiste Oiva Toikka entre 1990 et 1994.\" \/>\n<meta property=\"og:url\" content=\"https:\/\/lalmachine.com\/de\/shop\/decorer\/decoration\/oiseau-en-verre-par-oiva-toikka\/\" \/>\n<meta property=\"og:site_name\" content=\"lalmachine.com\" \/>\n<meta property=\"article:publisher\" content=\"https:\/\/facebook.com\/lalmachine\" \/>\n<meta property=\"article:modified_time\" content=\"2024-12-05T21:05:31+00:00\" \/>\n<meta property=\"og:image\" content=\"https:\/\/lalmachine.com\/wp-content\/uploads\/2021\/03\/IMG_1403-scaled_clipped_rev_1.jpeg\" \/>\n\t<meta property=\"og:image:width\" content=\"1709\" \/>\n\t<meta property=\"og:image:height\" content=\"1710\" \/>\n\t<meta property=\"og:image:type\" content=\"image\/jpeg\" \/>\n<meta name=\"twitter:card\" content=\"summary_large_image\" \/>\n<script type=\"application\/ld+json\" class=\"yoast-schema-graph\">{\"@context\":\"https:\\\/\\\/schema.org\",\"@graph\":[{\"@type\":\"WebPage\",\"@id\":\"https:\\\/\\\/lalmachine.com\\\/shop\\\/decorer\\\/decoration\\\/oiseau-en-verre-par-oiva-toikka\\\/\",\"url\":\"https:\\\/\\\/lalmachine.com\\\/shop\\\/decorer\\\/decoration\\\/oiseau-en-verre-par-oiva-toikka\\\/\",\"name\":\"Oiseau en verre par Oiva Toikka | lalmachine.com\",\"isPartOf\":{\"@id\":\"https:\\\/\\\/lalmachine.com\\\/#website\"},\"primaryImageOfPage\":{\"@id\":\"https:\\\/\\\/lalmachine.com\\\/shop\\\/decorer\\\/decoration\\\/oiseau-en-verre-par-oiva-toikka\\\/#primaryimage\"},\"image\":{\"@id\":\"https:\\\/\\\/lalmachine.com\\\/shop\\\/decorer\\\/decoration\\\/oiseau-en-verre-par-oiva-toikka\\\/#primaryimage\"},\"thumbnailUrl\":\"https:\\\/\\\/lalmachine.com\\\/wp-content\\\/uploads\\\/2021\\\/03\\\/IMG_1403-scaled_clipped_rev_1.jpeg\",\"datePublished\":\"2024-08-28T13:10:22+00:00\",\"dateModified\":\"2024-12-05T21:05:31+00:00\",\"description\":\"Voici une pi\u00e8ce de collection.Oiseau en verre souffl\u00e9 en provenance de Finlande. R\u00e9alis\u00e9 par l\u2019artiste Oiva Toikka entre 1990 et 1994.\",\"breadcrumb\":{\"@id\":\"https:\\\/\\\/lalmachine.com\\\/shop\\\/decorer\\\/decoration\\\/oiseau-en-verre-par-oiva-toikka\\\/#breadcrumb\"},\"inLanguage\":\"de\",\"potentialAction\":[{\"@type\":\"ReadAction\",\"target\":[\"https:\\\/\\\/lalmachine.com\\\/shop\\\/decorer\\\/decoration\\\/oiseau-en-verre-par-oiva-toikka\\\/\"]}]},{\"@type\":\"ImageObject\",\"inLanguage\":\"de\",\"@id\":\"https:\\\/\\\/lalmachine.com\\\/shop\\\/decorer\\\/decoration\\\/oiseau-en-verre-par-oiva-toikka\\\/#primaryimage\",\"url\":\"https:\\\/\\\/lalmachine.com\\\/wp-content\\\/uploads\\\/2021\\\/03\\\/IMG_1403-scaled_clipped_rev_1.jpeg\",\"contentUrl\":\"https:\\\/\\\/lalmachine.com\\\/wp-content\\\/uploads\\\/2021\\\/03\\\/IMG_1403-scaled_clipped_rev_1.jpeg\",\"width\":1709,\"height\":1710,\"caption\":\"Oiseau en verre par Oiva Toikka\"},{\"@type\":\"BreadcrumbList\",\"@id\":\"https:\\\/\\\/lalmachine.com\\\/shop\\\/decorer\\\/decoration\\\/oiseau-en-verre-par-oiva-toikka\\\/#breadcrumb\",\"itemListElement\":[{\"@type\":\"ListItem\",\"position\":1,\"name\":\"Accueil\",\"item\":\"https:\\\/\\\/lalmachine.com\\\/\"},{\"@type\":\"ListItem\",\"position\":2,\"name\":\"Shop\",\"item\":\"https:\\\/\\\/lalmachine.com\\\/shop\\\/\"},{\"@type\":\"ListItem\",\"position\":3,\"name\":\"Oiseau en verre par Oiva Toikka\"}]},{\"@type\":\"WebSite\",\"@id\":\"https:\\\/\\\/lalmachine.com\\\/#website\",\"url\":\"https:\\\/\\\/lalmachine.com\\\/\",\"name\":\"lalmachine.com\",\"description\":\"Brocante en ligne Suisse | Mobilier et objets d\u00e9co vintage et design\",\"potentialAction\":[{\"@type\":\"SearchAction\",\"target\":{\"@type\":\"EntryPoint\",\"urlTemplate\":\"https:\\\/\\\/lalmachine.com\\\/?s={search_term_string}\"},\"query-input\":{\"@type\":\"PropertyValueSpecification\",\"valueRequired\":true,\"valueName\":\"search_term_string\"}}],\"inLanguage\":\"de\"}]}<\/script>\n<!-- \/ Yoast SEO plugin. -->","yoast_head_json":{"title":"Oiseau en verre par Oiva Toikka | lalmachine.com","description":"Voici une pi\u00e8ce de collection.Oiseau en verre souffl\u00e9 en provenance de Finlande. R\u00e9alis\u00e9 par l\u2019artiste Oiva Toikka entre 1990 et 1994.","robots":{"index":"index","follow":"follow","max-snippet":"max-snippet:-1","max-image-preview":"max-image-preview:large","max-video-preview":"max-video-preview:-1"},"canonical":"https:\/\/lalmachine.com\/de\/shop\/decorer\/decoration\/oiseau-en-verre-par-oiva-toikka\/","og_locale":"de_DE","og_type":"article","og_title":"Oiseau en verre par Oiva Toikka | lalmachine.com","og_description":"Voici une pi\u00e8ce de collection.Oiseau en verre souffl\u00e9 en provenance de Finlande. R\u00e9alis\u00e9 par l\u2019artiste Oiva Toikka entre 1990 et 1994.","og_url":"https:\/\/lalmachine.com\/de\/shop\/decorer\/decoration\/oiseau-en-verre-par-oiva-toikka\/","og_site_name":"lalmachine.com","article_publisher":"https:\/\/facebook.com\/lalmachine","article_modified_time":"2024-12-05T21:05:31+00:00","og_image":[{"width":1709,"height":1710,"url":"https:\/\/lalmachine.com\/wp-content\/uploads\/2021\/03\/IMG_1403-scaled_clipped_rev_1.jpeg","type":"image\/jpeg"}],"twitter_card":"summary_large_image","schema":{"@context":"https:\/\/schema.org","@graph":[{"@type":"WebPage","@id":"https:\/\/lalmachine.com\/shop\/decorer\/decoration\/oiseau-en-verre-par-oiva-toikka\/","url":"https:\/\/lalmachine.com\/shop\/decorer\/decoration\/oiseau-en-verre-par-oiva-toikka\/","name":"Oiseau en verre par Oiva Toikka | lalmachine.com","isPartOf":{"@id":"https:\/\/lalmachine.com\/#website"},"primaryImageOfPage":{"@id":"https:\/\/lalmachine.com\/shop\/decorer\/decoration\/oiseau-en-verre-par-oiva-toikka\/#primaryimage"},"image":{"@id":"https:\/\/lalmachine.com\/shop\/decorer\/decoration\/oiseau-en-verre-par-oiva-toikka\/#primaryimage"},"thumbnailUrl":"https:\/\/lalmachine.com\/wp-content\/uploads\/2021\/03\/IMG_1403-scaled_clipped_rev_1.jpeg","datePublished":"2024-08-28T13:10:22+00:00","dateModified":"2024-12-05T21:05:31+00:00","description":"Voici une pi\u00e8ce de collection.Oiseau en verre souffl\u00e9 en provenance de Finlande. R\u00e9alis\u00e9 par l\u2019artiste Oiva Toikka entre 1990 et 1994.","breadcrumb":{"@id":"https:\/\/lalmachine.com\/shop\/decorer\/decoration\/oiseau-en-verre-par-oiva-toikka\/#breadcrumb"},"inLanguage":"de","potentialAction":[{"@type":"ReadAction","target":["https:\/\/lalmachine.com\/shop\/decorer\/decoration\/oiseau-en-verre-par-oiva-toikka\/"]}]},{"@type":"ImageObject","inLanguage":"de","@id":"https:\/\/lalmachine.com\/shop\/decorer\/decoration\/oiseau-en-verre-par-oiva-toikka\/#primaryimage","url":"https:\/\/lalmachine.com\/wp-content\/uploads\/2021\/03\/IMG_1403-scaled_clipped_rev_1.jpeg","contentUrl":"https:\/\/lalmachine.com\/wp-content\/uploads\/2021\/03\/IMG_1403-scaled_clipped_rev_1.jpeg","width":1709,"height":1710,"caption":"Oiseau en verre par Oiva Toikka"},{"@type":"BreadcrumbList","@id":"https:\/\/lalmachine.com\/shop\/decorer\/decoration\/oiseau-en-verre-par-oiva-toikka\/#breadcrumb","itemListElement":[{"@type":"ListItem","position":1,"name":"Accueil","item":"https:\/\/lalmachine.com\/"},{"@type":"ListItem","position":2,"name":"Shop","item":"https:\/\/lalmachine.com\/shop\/"},{"@type":"ListItem","position":3,"name":"Oiseau en verre par Oiva Toikka"}]},{"@type":"WebSite","@id":"https:\/\/lalmachine.com\/#website","url":"https:\/\/lalmachine.com\/","name":"lalmachine.com","description":"Brocante en ligne Suisse | Mobilier et objets d\u00e9co vintage et design","potentialAction":[{"@type":"SearchAction","target":{"@type":"EntryPoint","urlTemplate":"https:\/\/lalmachine.com\/?s={search_term_string}"},"query-input":{"@type":"PropertyValueSpecification","valueRequired":true,"valueName":"search_term_string"}}],"inLanguage":"de"}]}},"_links":{"self":[{"href":"https:\/\/lalmachine.com\/de\/wp-json\/wp\/v2\/product\/334927","targetHints":{"allow":["GET"]}}],"collection":[{"href":"https:\/\/lalmachine.com\/de\/wp-json\/wp\/v2\/product"}],"about":[{"href":"https:\/\/lalmachine.com\/de\/wp-json\/wp\/v2\/types\/product"}],"wp:featuredmedia":[{"embeddable":true,"href":"https:\/\/lalmachine.com\/de\/wp-json\/wp\/v2\/media\/334955"}],"wp:attachment":[{"href":"https:\/\/lalmachine.com\/de\/wp-json\/wp\/v2\/media?parent=334927"}],"wp:term":[{"taxonomy":"product_brand","embeddable":true,"href":"https:\/\/lalmachine.com\/de\/wp-json\/wp\/v2\/product_brand?post=334927"},{"taxonomy":"product_cat","embeddable":true,"href":"https:\/\/lalmachine.com\/de\/wp-json\/wp\/v2\/product_cat?post=334927"},{"taxonomy":"product_tag","embeddable":true,"href":"https:\/\/lalmachine.com\/de\/wp-json\/wp\/v2\/product_tag?post=334927"},{"taxonomy":"proximite","embeddable":true,"href":"https:\/\/lalmachine.com\/de\/wp-json\/wp\/v2\/proximite?post=334927"}],"curies":[{"name":"wp","href":"https:\/\/api.w.org\/{rel}","templated":true}]}}