{"id":334984,"date":"2024-08-30T18:15:13","date_gmt":"2024-08-30T16:15:13","guid":{"rendered":"https:\/\/lalmachine.com\/?post_type=product&#038;p=334984"},"modified":"2024-12-05T22:05:31","modified_gmt":"2024-12-05T21:05:31","slug":"set-de-4-chaises-scandinaves-vintage-en-teck-suede-1960s","status":"publish","type":"product","link":"https:\/\/lalmachine.com\/de\/shop\/sasseoir\/chaise\/set-de-4-chaises-scandinaves-vintage-en-teck-suede-1960s\/","title":{"rendered":"Set de 4 chaises scandinaves vintage en teck, Su\u00e8de, 1960&rsquo;s"},"content":{"rendered":"<ul class=\"wpuf_customs\"><li style=\"list-style-type:none;\"><label>Autres photos:<\/label> <a href=\"https:\/\/lalmachine.com\/wp-content\/uploads\/2024\/08\/CC9661E4-7E2E-49E2-8E20-D91FABD5F05E_1_201_a-scaled.jpeg\"><img loading=\"lazy\" decoding=\"async\" width=\"96\" height=\"96\" src=\"https:\/\/lalmachine.com\/wp-content\/uploads\/2024\/08\/CC9661E4-7E2E-49E2-8E20-D91FABD5F05E_1_201_a-scaled.jpeg\" class=\"attachment-thumbnail size-thumbnail\" alt=\"\" \/><\/a> <a href=\"https:\/\/lalmachine.com\/wp-content\/uploads\/2024\/08\/93214591-536A-4910-B737-7C43C8CC7426_1_201_a-scaled.jpeg\"><img loading=\"lazy\" decoding=\"async\" width=\"96\" height=\"96\" src=\"https:\/\/lalmachine.com\/wp-content\/uploads\/2024\/08\/93214591-536A-4910-B737-7C43C8CC7426_1_201_a-scaled.jpeg\" class=\"attachment-thumbnail size-thumbnail\" alt=\"\" \/><\/a> <a href=\"https:\/\/lalmachine.com\/wp-content\/uploads\/2024\/08\/5EEDDB36-6E48-42A2-BEE4-F310872871A3_1_201_a-scaled.jpeg\"><img loading=\"lazy\" decoding=\"async\" width=\"96\" height=\"96\" src=\"https:\/\/lalmachine.com\/wp-content\/uploads\/2024\/08\/5EEDDB36-6E48-42A2-BEE4-F310872871A3_1_201_a-scaled.jpeg\" class=\"attachment-thumbnail size-thumbnail\" alt=\"\" \/><\/a> <a href=\"https:\/\/lalmachine.com\/wp-content\/uploads\/2024\/08\/397BD05F-49B0-4603-A7FE-F0DA9BD16B8F_1_201_a-scaled.jpeg\"><img loading=\"lazy\" decoding=\"async\" width=\"96\" height=\"96\" src=\"https:\/\/lalmachine.com\/wp-content\/uploads\/2024\/08\/397BD05F-49B0-4603-A7FE-F0DA9BD16B8F_1_201_a-scaled.jpeg\" class=\"attachment-thumbnail size-thumbnail\" alt=\"\" \/><\/a> <a href=\"https:\/\/lalmachine.com\/wp-content\/uploads\/2024\/08\/9603AB88-8FCA-4B05-B572-00CCACE03AAE_1_201_a-scaled.jpeg\"><img loading=\"lazy\" decoding=\"async\" width=\"96\" height=\"96\" src=\"https:\/\/lalmachine.com\/wp-content\/uploads\/2024\/08\/9603AB88-8FCA-4B05-B572-00CCACE03AAE_1_201_a-scaled.jpeg\" class=\"attachment-thumbnail size-thumbnail\" alt=\"\" \/><\/a> <a href=\"https:\/\/lalmachine.com\/wp-content\/uploads\/2024\/08\/549CF0DE-FBFD-467A-B4E5-9DB475211AB0_1_201_a-scaled.jpeg\"><img loading=\"lazy\" decoding=\"async\" width=\"96\" height=\"96\" src=\"https:\/\/lalmachine.com\/wp-content\/uploads\/2024\/08\/549CF0DE-FBFD-467A-B4E5-9DB475211AB0_1_201_a-scaled.jpeg\" class=\"attachment-thumbnail size-thumbnail\" alt=\"\" \/><\/a> <a href=\"https:\/\/lalmachine.com\/wp-content\/uploads\/2024\/08\/604C8CC6-2184-449B-9F12-BC1F7A7F0580_1_201_a-scaled.jpeg\"><img loading=\"lazy\" decoding=\"async\" width=\"96\" height=\"96\" src=\"https:\/\/lalmachine.com\/wp-content\/uploads\/2024\/08\/604C8CC6-2184-449B-9F12-BC1F7A7F0580_1_201_a-scaled.jpeg\" class=\"attachment-thumbnail size-thumbnail\" alt=\"\" \/><\/a> <a href=\"https:\/\/lalmachine.com\/wp-content\/uploads\/2024\/08\/A5DA42B2-48BE-4572-A107-1EB54D1925DC_1_201_a-scaled.jpeg\"><img loading=\"lazy\" decoding=\"async\" width=\"96\" height=\"96\" src=\"https:\/\/lalmachine.com\/wp-content\/uploads\/2024\/08\/A5DA42B2-48BE-4572-A107-1EB54D1925DC_1_201_a-scaled.jpeg\" class=\"attachment-thumbnail size-thumbnail\" alt=\"\" \/><\/a> <a href=\"https:\/\/lalmachine.com\/wp-content\/uploads\/2024\/08\/F6882340-1E82-4656-BFCC-3FA29B921B3C_1_201_a-scaled.jpeg\"><img loading=\"lazy\" decoding=\"async\" width=\"96\" height=\"96\" src=\"https:\/\/lalmachine.com\/wp-content\/uploads\/2024\/08\/F6882340-1E82-4656-BFCC-3FA29B921B3C_1_201_a-scaled.jpeg\" class=\"attachment-thumbnail size-thumbnail\" alt=\"\" \/><\/a> <a href=\"https:\/\/lalmachine.com\/wp-content\/uploads\/2024\/08\/4115E851-4227-4D57-8086-D3B185499B33_1_201_a-scaled.jpeg\"><img loading=\"lazy\" decoding=\"async\" width=\"96\" height=\"96\" src=\"https:\/\/lalmachine.com\/wp-content\/uploads\/2024\/08\/4115E851-4227-4D57-8086-D3B185499B33_1_201_a-scaled.jpeg\" class=\"attachment-thumbnail size-thumbnail\" alt=\"\" \/><\/a> <\/li>        <li class=\"wpuf-field-data wpuf-field-data-numeric_text_field\">\n                            <label>Prix:<\/label>\n                        280        <\/li>\n                <li class=\"wpuf-field-data wpuf-field-data-numeric_text_field\">\n                            <label>Quantit\u00e9:<\/label>\n                        0        <\/li>\n                <li class=\"wpuf-field-data wpuf-field-data-numeric_text_field\">\n                            <label>Hauteur (cm):<\/label>\n                        79        <\/li>\n                <li class=\"wpuf-field-data wpuf-field-data-numeric_text_field\">\n                            <label>Largeur (cm):<\/label>\n                        44        <\/li>\n                <li class=\"wpuf-field-data wpuf-field-data-numeric_text_field\">\n                            <label>Profondeur (cm):<\/label>\n                        50        <\/li>\n        <\/ul>","protected":false},"excerpt":{"rendered":"<p>Un classique: du teck et une ligne \u00e9pur\u00e9e.<\/p>\n<p>Une couleur chaleureuse et une belle fabrication pour cet ensemble su\u00e9dois montrant fi\u00e8re allure.<\/p>\n<p>Si le mot d&rsquo;ordre de ces chaises est la simplicit\u00e9, gardez toujours \u00e0 l&rsquo;esprit que le teck fait partie des essences de bois les plus nobles (bien plus on\u00e9reuse que le noyer) gr\u00e2ce \u00e0 ses nombreuses qualit\u00e9s telles que son incroyable r\u00e9sistance aux nuisibles et son excellente solidit\u00e9.<\/p>\n<p>\u00c9tat : Bon \u00e9tat global. La structure des chaises est stable et saine, le tissu est d&rsquo;origine, aucune t\u00e2che n&rsquo;est \u00e0 d\u00e9plorer.<\/p>","protected":false},"featured_media":335013,"template":"","meta":{"_et_pb_use_builder":"","_et_pb_old_content":"","_et_gb_content_width":""},"product_brand":[],"product_cat":[100,48],"product_tag":[],"proximite":[283,179],"class_list":{"0":"post-334984","1":"product","2":"type-product","3":"status-publish","4":"has-post-thumbnail","6":"product_cat-chaise","7":"product_cat-sasseoir","8":"pa_couleur-bois","9":"pa_etat-bon-etat","10":"pa_materiau-bois","11":"pa_style-scandinave","12":"proximite-riviera-pays-denhaut","13":"proximite-vaud","15":"first","16":"outofstock","17":"shipping-taxable","18":"purchasable","19":"product-type-simple"},"yoast_head":"<!-- This site is optimized with the Yoast SEO plugin v27.4 - https:\/\/yoast.com\/product\/yoast-seo-wordpress\/ -->\n<title>Set de 4 chaises scandinaves vintage en teck, Su\u00e8de, 1960&#039;s | lalmachine.com<\/title>\n<meta name=\"description\" content=\"Set de 4 chaises scandinaves vintage en teck, Su\u00e8de, 1960&#039;s\" \/>\n<meta name=\"robots\" content=\"index, follow, max-snippet:-1, max-image-preview:large, max-video-preview:-1\" \/>\n<link rel=\"canonical\" href=\"https:\/\/lalmachine.com\/de\/shop\/sasseoir\/chaise\/set-de-4-chaises-scandinaves-vintage-en-teck-suede-1960s\/\" \/>\n<meta property=\"og:locale\" content=\"de_DE\" \/>\n<meta property=\"og:type\" content=\"article\" \/>\n<meta property=\"og:title\" content=\"Set de 4 chaises scandinaves vintage en teck, Su\u00e8de, 1960&#039;s | lalmachine.com\" \/>\n<meta property=\"og:description\" content=\"Set de 4 chaises scandinaves vintage en teck, Su\u00e8de, 1960&#039;s\" \/>\n<meta property=\"og:url\" content=\"https:\/\/lalmachine.com\/de\/shop\/sasseoir\/chaise\/set-de-4-chaises-scandinaves-vintage-en-teck-suede-1960s\/\" \/>\n<meta property=\"og:site_name\" content=\"lalmachine.com\" \/>\n<meta property=\"article:publisher\" content=\"https:\/\/facebook.com\/lalmachine\" \/>\n<meta property=\"article:modified_time\" content=\"2024-12-05T21:05:31+00:00\" \/>\n<meta property=\"og:image\" content=\"https:\/\/lalmachine.com\/wp-content\/uploads\/2024\/08\/C0178446-ADB7-44EF-9894-3761C928E045_1_201_a-scaled_clipped_rev_1.jpeg\" \/>\n\t<meta property=\"og:image:width\" content=\"2457\" \/>\n\t<meta property=\"og:image:height\" content=\"2457\" \/>\n\t<meta property=\"og:image:type\" content=\"image\/jpeg\" \/>\n<meta name=\"twitter:card\" content=\"summary_large_image\" \/>\n<script type=\"application\/ld+json\" class=\"yoast-schema-graph\">{\"@context\":\"https:\\\/\\\/schema.org\",\"@graph\":[{\"@type\":\"WebPage\",\"@id\":\"https:\\\/\\\/lalmachine.com\\\/de\\\/shop\\\/sasseoir\\\/chaise\\\/set-de-4-chaises-scandinaves-vintage-en-teck-suede-1960s\\\/\",\"url\":\"https:\\\/\\\/lalmachine.com\\\/de\\\/shop\\\/sasseoir\\\/chaise\\\/set-de-4-chaises-scandinaves-vintage-en-teck-suede-1960s\\\/\",\"name\":\"Set de 4 chaises scandinaves vintage en teck, Su\u00e8de, 1960's | lalmachine.com\",\"isPartOf\":{\"@id\":\"https:\\\/\\\/lalmachine.com\\\/#website\"},\"primaryImageOfPage\":{\"@id\":\"https:\\\/\\\/lalmachine.com\\\/de\\\/shop\\\/sasseoir\\\/chaise\\\/set-de-4-chaises-scandinaves-vintage-en-teck-suede-1960s\\\/#primaryimage\"},\"image\":{\"@id\":\"https:\\\/\\\/lalmachine.com\\\/de\\\/shop\\\/sasseoir\\\/chaise\\\/set-de-4-chaises-scandinaves-vintage-en-teck-suede-1960s\\\/#primaryimage\"},\"thumbnailUrl\":\"https:\\\/\\\/lalmachine.com\\\/wp-content\\\/uploads\\\/2024\\\/08\\\/C0178446-ADB7-44EF-9894-3761C928E045_1_201_a-scaled_clipped_rev_1.jpeg\",\"datePublished\":\"2024-08-30T16:15:13+00:00\",\"dateModified\":\"2024-12-05T21:05:31+00:00\",\"description\":\"Set de 4 chaises scandinaves vintage en teck, Su\u00e8de, 1960's\",\"breadcrumb\":{\"@id\":\"https:\\\/\\\/lalmachine.com\\\/de\\\/shop\\\/sasseoir\\\/chaise\\\/set-de-4-chaises-scandinaves-vintage-en-teck-suede-1960s\\\/#breadcrumb\"},\"inLanguage\":\"de\",\"potentialAction\":[{\"@type\":\"ReadAction\",\"target\":[\"https:\\\/\\\/lalmachine.com\\\/de\\\/shop\\\/sasseoir\\\/chaise\\\/set-de-4-chaises-scandinaves-vintage-en-teck-suede-1960s\\\/\"]}]},{\"@type\":\"ImageObject\",\"inLanguage\":\"de\",\"@id\":\"https:\\\/\\\/lalmachine.com\\\/de\\\/shop\\\/sasseoir\\\/chaise\\\/set-de-4-chaises-scandinaves-vintage-en-teck-suede-1960s\\\/#primaryimage\",\"url\":\"https:\\\/\\\/lalmachine.com\\\/wp-content\\\/uploads\\\/2024\\\/08\\\/C0178446-ADB7-44EF-9894-3761C928E045_1_201_a-scaled_clipped_rev_1.jpeg\",\"contentUrl\":\"https:\\\/\\\/lalmachine.com\\\/wp-content\\\/uploads\\\/2024\\\/08\\\/C0178446-ADB7-44EF-9894-3761C928E045_1_201_a-scaled_clipped_rev_1.jpeg\",\"width\":2457,\"height\":2457},{\"@type\":\"BreadcrumbList\",\"@id\":\"https:\\\/\\\/lalmachine.com\\\/de\\\/shop\\\/sasseoir\\\/chaise\\\/set-de-4-chaises-scandinaves-vintage-en-teck-suede-1960s\\\/#breadcrumb\",\"itemListElement\":[{\"@type\":\"ListItem\",\"position\":1,\"name\":\"Accueil\",\"item\":\"https:\\\/\\\/lalmachine.com\\\/\"},{\"@type\":\"ListItem\",\"position\":2,\"name\":\"Shop\",\"item\":\"https:\\\/\\\/lalmachine.com\\\/shop\\\/\"},{\"@type\":\"ListItem\",\"position\":3,\"name\":\"Set de 4 chaises scandinaves vintage en teck, Su\u00e8de, 1960&rsquo;s\"}]},{\"@type\":\"WebSite\",\"@id\":\"https:\\\/\\\/lalmachine.com\\\/#website\",\"url\":\"https:\\\/\\\/lalmachine.com\\\/\",\"name\":\"lalmachine.com\",\"description\":\"Brocante en ligne Suisse | Mobilier et objets d\u00e9co vintage et design\",\"potentialAction\":[{\"@type\":\"SearchAction\",\"target\":{\"@type\":\"EntryPoint\",\"urlTemplate\":\"https:\\\/\\\/lalmachine.com\\\/?s={search_term_string}\"},\"query-input\":{\"@type\":\"PropertyValueSpecification\",\"valueRequired\":true,\"valueName\":\"search_term_string\"}}],\"inLanguage\":\"de\"}]}<\/script>\n<!-- \/ Yoast SEO plugin. -->","yoast_head_json":{"title":"Set de 4 chaises scandinaves vintage en teck, Su\u00e8de, 1960's | lalmachine.com","description":"Set de 4 chaises scandinaves vintage en teck, Su\u00e8de, 1960's","robots":{"index":"index","follow":"follow","max-snippet":"max-snippet:-1","max-image-preview":"max-image-preview:large","max-video-preview":"max-video-preview:-1"},"canonical":"https:\/\/lalmachine.com\/de\/shop\/sasseoir\/chaise\/set-de-4-chaises-scandinaves-vintage-en-teck-suede-1960s\/","og_locale":"de_DE","og_type":"article","og_title":"Set de 4 chaises scandinaves vintage en teck, Su\u00e8de, 1960's | lalmachine.com","og_description":"Set de 4 chaises scandinaves vintage en teck, Su\u00e8de, 1960's","og_url":"https:\/\/lalmachine.com\/de\/shop\/sasseoir\/chaise\/set-de-4-chaises-scandinaves-vintage-en-teck-suede-1960s\/","og_site_name":"lalmachine.com","article_publisher":"https:\/\/facebook.com\/lalmachine","article_modified_time":"2024-12-05T21:05:31+00:00","og_image":[{"width":2457,"height":2457,"url":"https:\/\/lalmachine.com\/wp-content\/uploads\/2024\/08\/C0178446-ADB7-44EF-9894-3761C928E045_1_201_a-scaled_clipped_rev_1.jpeg","type":"image\/jpeg"}],"twitter_card":"summary_large_image","schema":{"@context":"https:\/\/schema.org","@graph":[{"@type":"WebPage","@id":"https:\/\/lalmachine.com\/de\/shop\/sasseoir\/chaise\/set-de-4-chaises-scandinaves-vintage-en-teck-suede-1960s\/","url":"https:\/\/lalmachine.com\/de\/shop\/sasseoir\/chaise\/set-de-4-chaises-scandinaves-vintage-en-teck-suede-1960s\/","name":"Set de 4 chaises scandinaves vintage en teck, Su\u00e8de, 1960's | lalmachine.com","isPartOf":{"@id":"https:\/\/lalmachine.com\/#website"},"primaryImageOfPage":{"@id":"https:\/\/lalmachine.com\/de\/shop\/sasseoir\/chaise\/set-de-4-chaises-scandinaves-vintage-en-teck-suede-1960s\/#primaryimage"},"image":{"@id":"https:\/\/lalmachine.com\/de\/shop\/sasseoir\/chaise\/set-de-4-chaises-scandinaves-vintage-en-teck-suede-1960s\/#primaryimage"},"thumbnailUrl":"https:\/\/lalmachine.com\/wp-content\/uploads\/2024\/08\/C0178446-ADB7-44EF-9894-3761C928E045_1_201_a-scaled_clipped_rev_1.jpeg","datePublished":"2024-08-30T16:15:13+00:00","dateModified":"2024-12-05T21:05:31+00:00","description":"Set de 4 chaises scandinaves vintage en teck, Su\u00e8de, 1960's","breadcrumb":{"@id":"https:\/\/lalmachine.com\/de\/shop\/sasseoir\/chaise\/set-de-4-chaises-scandinaves-vintage-en-teck-suede-1960s\/#breadcrumb"},"inLanguage":"de","potentialAction":[{"@type":"ReadAction","target":["https:\/\/lalmachine.com\/de\/shop\/sasseoir\/chaise\/set-de-4-chaises-scandinaves-vintage-en-teck-suede-1960s\/"]}]},{"@type":"ImageObject","inLanguage":"de","@id":"https:\/\/lalmachine.com\/de\/shop\/sasseoir\/chaise\/set-de-4-chaises-scandinaves-vintage-en-teck-suede-1960s\/#primaryimage","url":"https:\/\/lalmachine.com\/wp-content\/uploads\/2024\/08\/C0178446-ADB7-44EF-9894-3761C928E045_1_201_a-scaled_clipped_rev_1.jpeg","contentUrl":"https:\/\/lalmachine.com\/wp-content\/uploads\/2024\/08\/C0178446-ADB7-44EF-9894-3761C928E045_1_201_a-scaled_clipped_rev_1.jpeg","width":2457,"height":2457},{"@type":"BreadcrumbList","@id":"https:\/\/lalmachine.com\/de\/shop\/sasseoir\/chaise\/set-de-4-chaises-scandinaves-vintage-en-teck-suede-1960s\/#breadcrumb","itemListElement":[{"@type":"ListItem","position":1,"name":"Accueil","item":"https:\/\/lalmachine.com\/"},{"@type":"ListItem","position":2,"name":"Shop","item":"https:\/\/lalmachine.com\/shop\/"},{"@type":"ListItem","position":3,"name":"Set de 4 chaises scandinaves vintage en teck, Su\u00e8de, 1960&rsquo;s"}]},{"@type":"WebSite","@id":"https:\/\/lalmachine.com\/#website","url":"https:\/\/lalmachine.com\/","name":"lalmachine.com","description":"Brocante en ligne Suisse | Mobilier et objets d\u00e9co vintage et design","potentialAction":[{"@type":"SearchAction","target":{"@type":"EntryPoint","urlTemplate":"https:\/\/lalmachine.com\/?s={search_term_string}"},"query-input":{"@type":"PropertyValueSpecification","valueRequired":true,"valueName":"search_term_string"}}],"inLanguage":"de"}]}},"_links":{"self":[{"href":"https:\/\/lalmachine.com\/de\/wp-json\/wp\/v2\/product\/334984","targetHints":{"allow":["GET"]}}],"collection":[{"href":"https:\/\/lalmachine.com\/de\/wp-json\/wp\/v2\/product"}],"about":[{"href":"https:\/\/lalmachine.com\/de\/wp-json\/wp\/v2\/types\/product"}],"wp:featuredmedia":[{"embeddable":true,"href":"https:\/\/lalmachine.com\/de\/wp-json\/wp\/v2\/media\/335013"}],"wp:attachment":[{"href":"https:\/\/lalmachine.com\/de\/wp-json\/wp\/v2\/media?parent=334984"}],"wp:term":[{"taxonomy":"product_brand","embeddable":true,"href":"https:\/\/lalmachine.com\/de\/wp-json\/wp\/v2\/product_brand?post=334984"},{"taxonomy":"product_cat","embeddable":true,"href":"https:\/\/lalmachine.com\/de\/wp-json\/wp\/v2\/product_cat?post=334984"},{"taxonomy":"product_tag","embeddable":true,"href":"https:\/\/lalmachine.com\/de\/wp-json\/wp\/v2\/product_tag?post=334984"},{"taxonomy":"proximite","embeddable":true,"href":"https:\/\/lalmachine.com\/de\/wp-json\/wp\/v2\/proximite?post=334984"}],"curies":[{"name":"wp","href":"https:\/\/api.w.org\/{rel}","templated":true}]}}