{"id":335207,"date":"2024-09-05T14:48:16","date_gmt":"2024-09-05T12:48:16","guid":{"rendered":"https:\/\/lalmachine.com\/?post_type=product&#038;p=335207"},"modified":"2025-06-06T14:57:57","modified_gmt":"2025-06-06T12:57:57","slug":"table-dappoint-norvegienne-par-haug-snekkeri-pour-bruksbo","status":"publish","type":"product","link":"https:\/\/lalmachine.com\/de\/shop\/meubler\/table-basse-dappoint\/table-dappoint-norvegienne-par-haug-snekkeri-pour-bruksbo\/","title":{"rendered":"Table d&rsquo;appoint norv\u00e9gienne par Haug Snekkeri pour Bruksbo"},"content":{"rendered":"<ul class=\"wpuf_customs\"><li style=\"list-style-type:none;\"><label>Autres photos:<\/label> <a href=\"https:\/\/lalmachine.com\/wp-content\/uploads\/2024\/09\/38E9B907-6688-4550-9E95-E4410323E9D9_1_201_a-Photoroom.jpg\"><img loading=\"lazy\" decoding=\"async\" width=\"96\" height=\"96\" src=\"https:\/\/lalmachine.com\/wp-content\/uploads\/2024\/09\/38E9B907-6688-4550-9E95-E4410323E9D9_1_201_a-Photoroom.jpg\" class=\"attachment-thumbnail size-thumbnail\" alt=\"\" \/><\/a> <a href=\"https:\/\/lalmachine.com\/wp-content\/uploads\/2024\/09\/7B6A8595-E433-4540-98BC-41395813F219_1_201_a-Photoroom.jpg\"><img loading=\"lazy\" decoding=\"async\" width=\"96\" height=\"96\" src=\"https:\/\/lalmachine.com\/wp-content\/uploads\/2024\/09\/7B6A8595-E433-4540-98BC-41395813F219_1_201_a-Photoroom.jpg\" class=\"attachment-thumbnail size-thumbnail\" alt=\"\" \/><\/a> <a href=\"https:\/\/lalmachine.com\/wp-content\/uploads\/2024\/09\/6519A20C-ABE8-4053-BBD3-5B39CCACB751_1_201_a-Photoroom.jpg\"><img loading=\"lazy\" decoding=\"async\" width=\"96\" height=\"96\" src=\"https:\/\/lalmachine.com\/wp-content\/uploads\/2024\/09\/6519A20C-ABE8-4053-BBD3-5B39CCACB751_1_201_a-Photoroom.jpg\" class=\"attachment-thumbnail size-thumbnail\" alt=\"\" \/><\/a> <a href=\"https:\/\/lalmachine.com\/wp-content\/uploads\/2024\/09\/CE7AD154-3912-47E8-BFD0-A7D649204ED3_1_201_a-scaled.jpeg\"><img loading=\"lazy\" decoding=\"async\" width=\"96\" height=\"96\" src=\"https:\/\/lalmachine.com\/wp-content\/uploads\/2024\/09\/CE7AD154-3912-47E8-BFD0-A7D649204ED3_1_201_a-scaled.jpeg\" class=\"attachment-thumbnail size-thumbnail\" alt=\"\" \/><\/a> <\/li>        <li class=\"wpuf-field-data wpuf-field-data-numeric_text_field\">\n                            <label>Prix:<\/label>\n                        60        <\/li>\n                <li class=\"wpuf-field-data wpuf-field-data-numeric_text_field\">\n                            <label>Quantit\u00e9:<\/label>\n                        0        <\/li>\n                <li class=\"wpuf-field-data wpuf-field-data-numeric_text_field\">\n                            <label>Hauteur (cm):<\/label>\n                        50        <\/li>\n                <li class=\"wpuf-field-data wpuf-field-data-numeric_text_field\">\n                            <label>Largeur (cm):<\/label>\n                        72        <\/li>\n                <li class=\"wpuf-field-data wpuf-field-data-numeric_text_field\">\n                            <label>Profondeur (cm):<\/label>\n                        45        <\/li>\n        <\/ul>","protected":false},"excerpt":{"rendered":"<p>Simple, solide et durable, cette jolie table basse en ch\u00eane dessin\u00e9e par Haug Snekkeri pour l&rsquo;entreprise norv\u00e9gienne Bruksbo s&rsquo;installera facilement \u00e0 c\u00f4t\u00e9 de votre meilleur fauteuil de lecture pour supporter la lourde charge litt\u00e9raire qui vous attend&#8230;<\/p>\n<p>Sur l&rsquo;\u00e9tiquette plac\u00e9e sous la table basse on peut lire \u00ab\u00a0Bruksbo\u00a0\u00bb. Il s&rsquo;agit l\u00e0 du bureau de design \u00e0 l&rsquo;origine d&rsquo;au moins 20% de la production de mobiliers norv\u00e9giens dans les ann\u00e9es 60. Ces derniers imaginaient et dessinaient les meubles qui ensuite allaient \u00eatre produits par diverses entreprises, comme ici la menuiserie Haug (Haug Snekkeri).<\/p>","protected":false},"featured_media":335262,"template":"","meta":{"_et_pb_use_builder":"","_et_pb_old_content":"","_et_gb_content_width":""},"product_brand":[],"product_cat":[47,459],"product_tag":[],"proximite":[283,179],"class_list":{"0":"post-335207","1":"product","2":"type-product","3":"status-publish","4":"has-post-thumbnail","6":"product_cat-meubler","7":"product_cat-table-basse-dappoint","8":"pa_couleur-bois","9":"pa_etat-bon-etat","10":"pa_materiau-bois","11":"pa_style-scandinave","12":"proximite-riviera-pays-denhaut","13":"proximite-vaud","15":"first","16":"outofstock","17":"shipping-taxable","18":"purchasable","19":"product-type-simple"},"yoast_head":"<!-- This site is optimized with the Yoast SEO plugin v27.4 - https:\/\/yoast.com\/product\/yoast-seo-wordpress\/ -->\n<title>Table d&#039;appoint norv\u00e9gienne par Haug Snekkeri pour Bruksbo | lalmachine.com<\/title>\n<meta name=\"description\" content=\"Table d&#039;appoint norv\u00e9gienne par Haug Snekkeri pour Bruksbo\" \/>\n<meta name=\"robots\" content=\"index, follow, max-snippet:-1, max-image-preview:large, max-video-preview:-1\" \/>\n<link rel=\"canonical\" href=\"https:\/\/lalmachine.com\/de\/shop\/meubler\/table-basse-dappoint\/table-dappoint-norvegienne-par-haug-snekkeri-pour-bruksbo\/\" \/>\n<meta property=\"og:locale\" content=\"de_DE\" \/>\n<meta property=\"og:type\" content=\"article\" \/>\n<meta property=\"og:title\" content=\"Table d&#039;appoint norv\u00e9gienne par Haug Snekkeri pour Bruksbo | lalmachine.com\" \/>\n<meta property=\"og:description\" content=\"Table d&#039;appoint norv\u00e9gienne par Haug Snekkeri pour Bruksbo\" \/>\n<meta property=\"og:url\" content=\"https:\/\/lalmachine.com\/de\/shop\/meubler\/table-basse-dappoint\/table-dappoint-norvegienne-par-haug-snekkeri-pour-bruksbo\/\" \/>\n<meta property=\"og:site_name\" content=\"lalmachine.com\" \/>\n<meta property=\"article:publisher\" content=\"https:\/\/facebook.com\/lalmachine\" \/>\n<meta property=\"article:modified_time\" content=\"2025-06-06T12:57:57+00:00\" \/>\n<meta property=\"og:image\" content=\"https:\/\/lalmachine.com\/wp-content\/uploads\/2024\/09\/41751970-99E0-4D06-B0BE-2130081BEC94_1_201_a-Photoroom_clipped_rev_1.jpeg\" \/>\n\t<meta property=\"og:image:width\" content=\"1467\" \/>\n\t<meta property=\"og:image:height\" content=\"1467\" \/>\n\t<meta property=\"og:image:type\" content=\"image\/jpeg\" \/>\n<meta name=\"twitter:card\" content=\"summary_large_image\" \/>\n<script type=\"application\/ld+json\" class=\"yoast-schema-graph\">{\"@context\":\"https:\\\/\\\/schema.org\",\"@graph\":[{\"@type\":\"WebPage\",\"@id\":\"https:\\\/\\\/lalmachine.com\\\/shop\\\/meubler\\\/table-basse-dappoint\\\/table-dappoint-norvegienne-par-haug-snekkeri-pour-bruksbo\\\/\",\"url\":\"https:\\\/\\\/lalmachine.com\\\/shop\\\/meubler\\\/table-basse-dappoint\\\/table-dappoint-norvegienne-par-haug-snekkeri-pour-bruksbo\\\/\",\"name\":\"Table d'appoint norv\u00e9gienne par Haug Snekkeri pour Bruksbo | lalmachine.com\",\"isPartOf\":{\"@id\":\"https:\\\/\\\/lalmachine.com\\\/#website\"},\"primaryImageOfPage\":{\"@id\":\"https:\\\/\\\/lalmachine.com\\\/shop\\\/meubler\\\/table-basse-dappoint\\\/table-dappoint-norvegienne-par-haug-snekkeri-pour-bruksbo\\\/#primaryimage\"},\"image\":{\"@id\":\"https:\\\/\\\/lalmachine.com\\\/shop\\\/meubler\\\/table-basse-dappoint\\\/table-dappoint-norvegienne-par-haug-snekkeri-pour-bruksbo\\\/#primaryimage\"},\"thumbnailUrl\":\"https:\\\/\\\/lalmachine.com\\\/wp-content\\\/uploads\\\/2024\\\/09\\\/41751970-99E0-4D06-B0BE-2130081BEC94_1_201_a-Photoroom_clipped_rev_1.jpeg\",\"datePublished\":\"2024-09-05T12:48:16+00:00\",\"dateModified\":\"2025-06-06T12:57:57+00:00\",\"description\":\"Table d'appoint norv\u00e9gienne par Haug Snekkeri pour Bruksbo\",\"breadcrumb\":{\"@id\":\"https:\\\/\\\/lalmachine.com\\\/shop\\\/meubler\\\/table-basse-dappoint\\\/table-dappoint-norvegienne-par-haug-snekkeri-pour-bruksbo\\\/#breadcrumb\"},\"inLanguage\":\"de\",\"potentialAction\":[{\"@type\":\"ReadAction\",\"target\":[\"https:\\\/\\\/lalmachine.com\\\/shop\\\/meubler\\\/table-basse-dappoint\\\/table-dappoint-norvegienne-par-haug-snekkeri-pour-bruksbo\\\/\"]}]},{\"@type\":\"ImageObject\",\"inLanguage\":\"de\",\"@id\":\"https:\\\/\\\/lalmachine.com\\\/shop\\\/meubler\\\/table-basse-dappoint\\\/table-dappoint-norvegienne-par-haug-snekkeri-pour-bruksbo\\\/#primaryimage\",\"url\":\"https:\\\/\\\/lalmachine.com\\\/wp-content\\\/uploads\\\/2024\\\/09\\\/41751970-99E0-4D06-B0BE-2130081BEC94_1_201_a-Photoroom_clipped_rev_1.jpeg\",\"contentUrl\":\"https:\\\/\\\/lalmachine.com\\\/wp-content\\\/uploads\\\/2024\\\/09\\\/41751970-99E0-4D06-B0BE-2130081BEC94_1_201_a-Photoroom_clipped_rev_1.jpeg\",\"width\":1467,\"height\":1467,\"caption\":\"Table par Haug Snekkeri pour Bruksbo\"},{\"@type\":\"BreadcrumbList\",\"@id\":\"https:\\\/\\\/lalmachine.com\\\/shop\\\/meubler\\\/table-basse-dappoint\\\/table-dappoint-norvegienne-par-haug-snekkeri-pour-bruksbo\\\/#breadcrumb\",\"itemListElement\":[{\"@type\":\"ListItem\",\"position\":1,\"name\":\"Accueil\",\"item\":\"https:\\\/\\\/lalmachine.com\\\/\"},{\"@type\":\"ListItem\",\"position\":2,\"name\":\"Shop\",\"item\":\"https:\\\/\\\/lalmachine.com\\\/shop\\\/\"},{\"@type\":\"ListItem\",\"position\":3,\"name\":\"Table d&#8217;appoint norv\u00e9gienne par Haug Snekkeri pour Bruksbo\"}]},{\"@type\":\"WebSite\",\"@id\":\"https:\\\/\\\/lalmachine.com\\\/#website\",\"url\":\"https:\\\/\\\/lalmachine.com\\\/\",\"name\":\"lalmachine.com\",\"description\":\"Brocante en ligne Suisse | Mobilier et objets d\u00e9co vintage et design\",\"potentialAction\":[{\"@type\":\"SearchAction\",\"target\":{\"@type\":\"EntryPoint\",\"urlTemplate\":\"https:\\\/\\\/lalmachine.com\\\/?s={search_term_string}\"},\"query-input\":{\"@type\":\"PropertyValueSpecification\",\"valueRequired\":true,\"valueName\":\"search_term_string\"}}],\"inLanguage\":\"de\"}]}<\/script>\n<!-- \/ Yoast SEO plugin. -->","yoast_head_json":{"title":"Table d'appoint norv\u00e9gienne par Haug Snekkeri pour Bruksbo | lalmachine.com","description":"Table d'appoint norv\u00e9gienne par Haug Snekkeri pour Bruksbo","robots":{"index":"index","follow":"follow","max-snippet":"max-snippet:-1","max-image-preview":"max-image-preview:large","max-video-preview":"max-video-preview:-1"},"canonical":"https:\/\/lalmachine.com\/de\/shop\/meubler\/table-basse-dappoint\/table-dappoint-norvegienne-par-haug-snekkeri-pour-bruksbo\/","og_locale":"de_DE","og_type":"article","og_title":"Table d'appoint norv\u00e9gienne par Haug Snekkeri pour Bruksbo | lalmachine.com","og_description":"Table d'appoint norv\u00e9gienne par Haug Snekkeri pour Bruksbo","og_url":"https:\/\/lalmachine.com\/de\/shop\/meubler\/table-basse-dappoint\/table-dappoint-norvegienne-par-haug-snekkeri-pour-bruksbo\/","og_site_name":"lalmachine.com","article_publisher":"https:\/\/facebook.com\/lalmachine","article_modified_time":"2025-06-06T12:57:57+00:00","og_image":[{"width":1467,"height":1467,"url":"https:\/\/lalmachine.com\/wp-content\/uploads\/2024\/09\/41751970-99E0-4D06-B0BE-2130081BEC94_1_201_a-Photoroom_clipped_rev_1.jpeg","type":"image\/jpeg"}],"twitter_card":"summary_large_image","schema":{"@context":"https:\/\/schema.org","@graph":[{"@type":"WebPage","@id":"https:\/\/lalmachine.com\/shop\/meubler\/table-basse-dappoint\/table-dappoint-norvegienne-par-haug-snekkeri-pour-bruksbo\/","url":"https:\/\/lalmachine.com\/shop\/meubler\/table-basse-dappoint\/table-dappoint-norvegienne-par-haug-snekkeri-pour-bruksbo\/","name":"Table d'appoint norv\u00e9gienne par Haug Snekkeri pour Bruksbo | lalmachine.com","isPartOf":{"@id":"https:\/\/lalmachine.com\/#website"},"primaryImageOfPage":{"@id":"https:\/\/lalmachine.com\/shop\/meubler\/table-basse-dappoint\/table-dappoint-norvegienne-par-haug-snekkeri-pour-bruksbo\/#primaryimage"},"image":{"@id":"https:\/\/lalmachine.com\/shop\/meubler\/table-basse-dappoint\/table-dappoint-norvegienne-par-haug-snekkeri-pour-bruksbo\/#primaryimage"},"thumbnailUrl":"https:\/\/lalmachine.com\/wp-content\/uploads\/2024\/09\/41751970-99E0-4D06-B0BE-2130081BEC94_1_201_a-Photoroom_clipped_rev_1.jpeg","datePublished":"2024-09-05T12:48:16+00:00","dateModified":"2025-06-06T12:57:57+00:00","description":"Table d'appoint norv\u00e9gienne par Haug Snekkeri pour Bruksbo","breadcrumb":{"@id":"https:\/\/lalmachine.com\/shop\/meubler\/table-basse-dappoint\/table-dappoint-norvegienne-par-haug-snekkeri-pour-bruksbo\/#breadcrumb"},"inLanguage":"de","potentialAction":[{"@type":"ReadAction","target":["https:\/\/lalmachine.com\/shop\/meubler\/table-basse-dappoint\/table-dappoint-norvegienne-par-haug-snekkeri-pour-bruksbo\/"]}]},{"@type":"ImageObject","inLanguage":"de","@id":"https:\/\/lalmachine.com\/shop\/meubler\/table-basse-dappoint\/table-dappoint-norvegienne-par-haug-snekkeri-pour-bruksbo\/#primaryimage","url":"https:\/\/lalmachine.com\/wp-content\/uploads\/2024\/09\/41751970-99E0-4D06-B0BE-2130081BEC94_1_201_a-Photoroom_clipped_rev_1.jpeg","contentUrl":"https:\/\/lalmachine.com\/wp-content\/uploads\/2024\/09\/41751970-99E0-4D06-B0BE-2130081BEC94_1_201_a-Photoroom_clipped_rev_1.jpeg","width":1467,"height":1467,"caption":"Table par Haug Snekkeri pour Bruksbo"},{"@type":"BreadcrumbList","@id":"https:\/\/lalmachine.com\/shop\/meubler\/table-basse-dappoint\/table-dappoint-norvegienne-par-haug-snekkeri-pour-bruksbo\/#breadcrumb","itemListElement":[{"@type":"ListItem","position":1,"name":"Accueil","item":"https:\/\/lalmachine.com\/"},{"@type":"ListItem","position":2,"name":"Shop","item":"https:\/\/lalmachine.com\/shop\/"},{"@type":"ListItem","position":3,"name":"Table d&#8217;appoint norv\u00e9gienne par Haug Snekkeri pour Bruksbo"}]},{"@type":"WebSite","@id":"https:\/\/lalmachine.com\/#website","url":"https:\/\/lalmachine.com\/","name":"lalmachine.com","description":"Brocante en ligne Suisse | Mobilier et objets d\u00e9co vintage et design","potentialAction":[{"@type":"SearchAction","target":{"@type":"EntryPoint","urlTemplate":"https:\/\/lalmachine.com\/?s={search_term_string}"},"query-input":{"@type":"PropertyValueSpecification","valueRequired":true,"valueName":"search_term_string"}}],"inLanguage":"de"}]}},"_links":{"self":[{"href":"https:\/\/lalmachine.com\/de\/wp-json\/wp\/v2\/product\/335207","targetHints":{"allow":["GET"]}}],"collection":[{"href":"https:\/\/lalmachine.com\/de\/wp-json\/wp\/v2\/product"}],"about":[{"href":"https:\/\/lalmachine.com\/de\/wp-json\/wp\/v2\/types\/product"}],"wp:featuredmedia":[{"embeddable":true,"href":"https:\/\/lalmachine.com\/de\/wp-json\/wp\/v2\/media\/335262"}],"wp:attachment":[{"href":"https:\/\/lalmachine.com\/de\/wp-json\/wp\/v2\/media?parent=335207"}],"wp:term":[{"taxonomy":"product_brand","embeddable":true,"href":"https:\/\/lalmachine.com\/de\/wp-json\/wp\/v2\/product_brand?post=335207"},{"taxonomy":"product_cat","embeddable":true,"href":"https:\/\/lalmachine.com\/de\/wp-json\/wp\/v2\/product_cat?post=335207"},{"taxonomy":"product_tag","embeddable":true,"href":"https:\/\/lalmachine.com\/de\/wp-json\/wp\/v2\/product_tag?post=335207"},{"taxonomy":"proximite","embeddable":true,"href":"https:\/\/lalmachine.com\/de\/wp-json\/wp\/v2\/proximite?post=335207"}],"curies":[{"name":"wp","href":"https:\/\/api.w.org\/{rel}","templated":true}]}}