{"id":335575,"date":"2024-09-13T14:39:02","date_gmt":"2024-09-13T12:39:02","guid":{"rendered":"https:\/\/lalmachine.com\/?post_type=product&#038;p=335575"},"modified":"2025-01-07T19:52:25","modified_gmt":"2025-01-07T18:52:25","slug":"table-a-manger-sapporo-en-noyer-mobil-girgi-mario-marenco-italie-1970s","status":"publish","type":"product","link":"https:\/\/lalmachine.com\/de\/shop\/meubler\/table\/table-a-manger-sapporo-en-noyer-mobil-girgi-mario-marenco-italie-1970s\/","title":{"rendered":"Table \u00e0 manger Sapporo en noyer, Mobil Girgi, Mario Marenco, Italie, 1970&rsquo;s"},"content":{"rendered":"<ul class=\"wpuf_customs\"><li style=\"list-style-type:none;\"><label>Autres photos:<\/label> <a href=\"https:\/\/lalmachine.com\/wp-content\/uploads\/2024\/09\/F72C8E73-B8C4-4BD1-8F4E-E09DD80428CC_1_201_a-scaled.jpeg\"><img loading=\"lazy\" decoding=\"async\" width=\"96\" height=\"96\" src=\"https:\/\/lalmachine.com\/wp-content\/uploads\/2024\/09\/F72C8E73-B8C4-4BD1-8F4E-E09DD80428CC_1_201_a-scaled.jpeg\" class=\"attachment-thumbnail size-thumbnail\" alt=\"\" \/><\/a> <a href=\"https:\/\/lalmachine.com\/wp-content\/uploads\/2024\/09\/56CBBC80-BDCC-4F91-A763-0E8268D273D3_1_201_a-Photoroom-1.jpg\"><img loading=\"lazy\" decoding=\"async\" width=\"96\" height=\"96\" src=\"https:\/\/lalmachine.com\/wp-content\/uploads\/2024\/09\/56CBBC80-BDCC-4F91-A763-0E8268D273D3_1_201_a-Photoroom-1.jpg\" class=\"attachment-thumbnail size-thumbnail\" alt=\"\" \/><\/a> <a href=\"https:\/\/lalmachine.com\/wp-content\/uploads\/2024\/09\/8A1EACF0-6CFC-4AE1-8E08-9592D7C912A6_1_201_a-scaled.jpeg\"><img loading=\"lazy\" decoding=\"async\" width=\"96\" height=\"96\" src=\"https:\/\/lalmachine.com\/wp-content\/uploads\/2024\/09\/8A1EACF0-6CFC-4AE1-8E08-9592D7C912A6_1_201_a-scaled.jpeg\" class=\"attachment-thumbnail size-thumbnail\" alt=\"\" \/><\/a> <a href=\"https:\/\/lalmachine.com\/wp-content\/uploads\/2024\/09\/4BAB5CD9-6D59-47F8-85B6-00F6640D75A8.png\"><img loading=\"lazy\" decoding=\"async\" width=\"96\" height=\"96\" src=\"https:\/\/lalmachine.com\/wp-content\/uploads\/2024\/09\/4BAB5CD9-6D59-47F8-85B6-00F6640D75A8.png\" class=\"attachment-thumbnail size-thumbnail\" alt=\"\" \/><\/a> <a href=\"https:\/\/lalmachine.com\/wp-content\/uploads\/2024\/09\/72D794AC-5B23-4A6C-9927-6170AF1CAD40_1_201_a-scaled.jpeg\"><img loading=\"lazy\" decoding=\"async\" width=\"96\" height=\"96\" src=\"https:\/\/lalmachine.com\/wp-content\/uploads\/2024\/09\/72D794AC-5B23-4A6C-9927-6170AF1CAD40_1_201_a-scaled.jpeg\" class=\"attachment-thumbnail size-thumbnail\" alt=\"\" \/><\/a> <a href=\"https:\/\/lalmachine.com\/wp-content\/uploads\/2024\/09\/E6FC1BF7-E42F-4988-A68E-9CAAABD3C250-Photoroom.jpg\"><img loading=\"lazy\" decoding=\"async\" width=\"96\" height=\"96\" src=\"https:\/\/lalmachine.com\/wp-content\/uploads\/2024\/09\/E6FC1BF7-E42F-4988-A68E-9CAAABD3C250-Photoroom.jpg\" class=\"attachment-thumbnail size-thumbnail\" alt=\"\" \/><\/a> <a href=\"https:\/\/lalmachine.com\/wp-content\/uploads\/2024\/09\/23AD1618-9621-4CA4-AA83-E4E3DC24B7F9_1_201_a-Photoroom.jpg\"><img loading=\"lazy\" decoding=\"async\" width=\"96\" height=\"96\" src=\"https:\/\/lalmachine.com\/wp-content\/uploads\/2024\/09\/23AD1618-9621-4CA4-AA83-E4E3DC24B7F9_1_201_a-Photoroom.jpg\" class=\"attachment-thumbnail size-thumbnail\" alt=\"\" \/><\/a> <\/li>        <li class=\"wpuf-field-data wpuf-field-data-numeric_text_field\">\n                            <label>Prix:<\/label>\n                        2600        <\/li>\n                <li class=\"wpuf-field-data wpuf-field-data-numeric_text_field\">\n                            <label>Quantit\u00e9:<\/label>\n                        0        <\/li>\n                <li class=\"wpuf-field-data wpuf-field-data-numeric_text_field\">\n                            <label>Hauteur (cm):<\/label>\n                        74        <\/li>\n                <li class=\"wpuf-field-data wpuf-field-data-numeric_text_field\">\n                            <label>Largeur (cm):<\/label>\n                        210        <\/li>\n                <li class=\"wpuf-field-data wpuf-field-data-numeric_text_field\">\n                            <label>Profondeur (cm):<\/label>\n                        90        <\/li>\n        <\/ul>","protected":false},"excerpt":{"rendered":"<p>La fastueuse table de la maison Mobil Girgi est une preuve ind\u00e9niable que la g\u00e9n\u00e9rosit\u00e9 et la noblesse des mat\u00e9riaux se suffisent \u00e0 eux-m\u00eames lorsque le dessin est juste.<\/p>\n<p>Cette belle et rare pi\u00e8ce du design italien de la seconde moiti\u00e9 du XX\u00e8me si\u00e8cle exhibe fi\u00e8rement sa robe de noyer mordor\u00e9e avec un plateau comme en l\u00e9vitation au-dessus de ses quatre pieds massifs solidement ancr\u00e9s au sol.<\/p>\n<p>Voluptueuse, organique et brutale, elle vous laissera bouche b\u00e9e telle Sophia Loren dans \u00ab\u00a0Ieri, oggi, domani\u00a0\u00bb&#8230;<\/p>\n<p>Peut accueillir 6 personnes confortablement.<\/p>\n<p>Livraison possible sur demande<\/p>","protected":false},"featured_media":335579,"template":"","meta":{"_et_pb_use_builder":"","_et_pb_old_content":"","_et_gb_content_width":""},"product_brand":[],"product_cat":[47,82],"product_tag":[],"proximite":[283],"class_list":{"0":"post-335575","1":"product","2":"type-product","3":"status-publish","4":"has-post-thumbnail","6":"product_cat-meubler","7":"product_cat-table","8":"pa_couleur-bois","9":"pa_etat-bon-etat","10":"pa_materiau-bois","11":"pa_style-vintage","12":"proximite-riviera-pays-denhaut","14":"first","15":"outofstock","16":"shipping-taxable","17":"purchasable","18":"product-type-simple"},"yoast_head":"<!-- This site is optimized with the Yoast SEO plugin v27.4 - https:\/\/yoast.com\/product\/yoast-seo-wordpress\/ -->\n<title>Table \u00e0 manger Sapporo en noyer, Mobil Girgi, Mario Marenco, Italie, 1970&#039;s | lalmachine.com<\/title>\n<meta name=\"description\" content=\"Table \u00e0 manger Sapporo en noyer, Mobil Girgi, Mario Marenco, Italie, 1970&#039;s\" \/>\n<meta name=\"robots\" content=\"index, follow, max-snippet:-1, max-image-preview:large, max-video-preview:-1\" \/>\n<link rel=\"canonical\" href=\"https:\/\/lalmachine.com\/de\/shop\/meubler\/table\/table-a-manger-sapporo-en-noyer-mobil-girgi-mario-marenco-italie-1970s\/\" \/>\n<meta property=\"og:locale\" content=\"de_DE\" \/>\n<meta property=\"og:type\" content=\"article\" \/>\n<meta property=\"og:title\" content=\"Table \u00e0 manger Sapporo en noyer, Mobil Girgi, Mario Marenco, Italie, 1970&#039;s | lalmachine.com\" \/>\n<meta property=\"og:description\" content=\"Table \u00e0 manger Sapporo en noyer, Mobil Girgi, Mario Marenco, Italie, 1970&#039;s\" \/>\n<meta property=\"og:url\" content=\"https:\/\/lalmachine.com\/de\/shop\/meubler\/table\/table-a-manger-sapporo-en-noyer-mobil-girgi-mario-marenco-italie-1970s\/\" \/>\n<meta property=\"og:site_name\" content=\"lalmachine.com\" \/>\n<meta property=\"article:publisher\" content=\"https:\/\/facebook.com\/lalmachine\" \/>\n<meta property=\"article:modified_time\" content=\"2025-01-07T18:52:25+00:00\" \/>\n<meta property=\"og:image\" content=\"https:\/\/lalmachine.com\/wp-content\/uploads\/2024\/09\/F02A3F12-1344-4667-8FED-83E9799D7BAD_1_201_a-Photoroom_clipped_rev_1.jpeg\" \/>\n\t<meta property=\"og:image:width\" content=\"1127\" \/>\n\t<meta property=\"og:image:height\" content=\"1127\" \/>\n\t<meta property=\"og:image:type\" content=\"image\/jpeg\" \/>\n<meta name=\"twitter:card\" content=\"summary_large_image\" \/>\n<script type=\"application\/ld+json\" class=\"yoast-schema-graph\">{\"@context\":\"https:\\\/\\\/schema.org\",\"@graph\":[{\"@type\":\"WebPage\",\"@id\":\"https:\\\/\\\/lalmachine.com\\\/shop\\\/meubler\\\/table\\\/table-a-manger-sapporo-en-noyer-mobil-girgi-mario-marenco-italie-1970s\\\/\",\"url\":\"https:\\\/\\\/lalmachine.com\\\/shop\\\/meubler\\\/table\\\/table-a-manger-sapporo-en-noyer-mobil-girgi-mario-marenco-italie-1970s\\\/\",\"name\":\"Table \u00e0 manger Sapporo en noyer, Mobil Girgi, Mario Marenco, Italie, 1970's | lalmachine.com\",\"isPartOf\":{\"@id\":\"https:\\\/\\\/lalmachine.com\\\/#website\"},\"primaryImageOfPage\":{\"@id\":\"https:\\\/\\\/lalmachine.com\\\/shop\\\/meubler\\\/table\\\/table-a-manger-sapporo-en-noyer-mobil-girgi-mario-marenco-italie-1970s\\\/#primaryimage\"},\"image\":{\"@id\":\"https:\\\/\\\/lalmachine.com\\\/shop\\\/meubler\\\/table\\\/table-a-manger-sapporo-en-noyer-mobil-girgi-mario-marenco-italie-1970s\\\/#primaryimage\"},\"thumbnailUrl\":\"https:\\\/\\\/lalmachine.com\\\/wp-content\\\/uploads\\\/2024\\\/09\\\/F02A3F12-1344-4667-8FED-83E9799D7BAD_1_201_a-Photoroom_clipped_rev_1.jpeg\",\"datePublished\":\"2024-09-13T12:39:02+00:00\",\"dateModified\":\"2025-01-07T18:52:25+00:00\",\"description\":\"Table \u00e0 manger Sapporo en noyer, Mobil Girgi, Mario Marenco, Italie, 1970's\",\"breadcrumb\":{\"@id\":\"https:\\\/\\\/lalmachine.com\\\/shop\\\/meubler\\\/table\\\/table-a-manger-sapporo-en-noyer-mobil-girgi-mario-marenco-italie-1970s\\\/#breadcrumb\"},\"inLanguage\":\"de\",\"potentialAction\":[{\"@type\":\"ReadAction\",\"target\":[\"https:\\\/\\\/lalmachine.com\\\/shop\\\/meubler\\\/table\\\/table-a-manger-sapporo-en-noyer-mobil-girgi-mario-marenco-italie-1970s\\\/\"]}]},{\"@type\":\"ImageObject\",\"inLanguage\":\"de\",\"@id\":\"https:\\\/\\\/lalmachine.com\\\/shop\\\/meubler\\\/table\\\/table-a-manger-sapporo-en-noyer-mobil-girgi-mario-marenco-italie-1970s\\\/#primaryimage\",\"url\":\"https:\\\/\\\/lalmachine.com\\\/wp-content\\\/uploads\\\/2024\\\/09\\\/F02A3F12-1344-4667-8FED-83E9799D7BAD_1_201_a-Photoroom_clipped_rev_1.jpeg\",\"contentUrl\":\"https:\\\/\\\/lalmachine.com\\\/wp-content\\\/uploads\\\/2024\\\/09\\\/F02A3F12-1344-4667-8FED-83E9799D7BAD_1_201_a-Photoroom_clipped_rev_1.jpeg\",\"width\":1127,\"height\":1127,\"caption\":\"Table \u00e0 manger Sapporo Mario Marenco\"},{\"@type\":\"BreadcrumbList\",\"@id\":\"https:\\\/\\\/lalmachine.com\\\/shop\\\/meubler\\\/table\\\/table-a-manger-sapporo-en-noyer-mobil-girgi-mario-marenco-italie-1970s\\\/#breadcrumb\",\"itemListElement\":[{\"@type\":\"ListItem\",\"position\":1,\"name\":\"Accueil\",\"item\":\"https:\\\/\\\/lalmachine.com\\\/\"},{\"@type\":\"ListItem\",\"position\":2,\"name\":\"Shop\",\"item\":\"https:\\\/\\\/lalmachine.com\\\/shop\\\/\"},{\"@type\":\"ListItem\",\"position\":3,\"name\":\"Table \u00e0 manger Sapporo en noyer, Mobil Girgi, Mario Marenco, Italie, 1970&#8217;s\"}]},{\"@type\":\"WebSite\",\"@id\":\"https:\\\/\\\/lalmachine.com\\\/#website\",\"url\":\"https:\\\/\\\/lalmachine.com\\\/\",\"name\":\"lalmachine.com\",\"description\":\"Brocante en ligne Suisse | Mobilier et objets d\u00e9co vintage et design\",\"potentialAction\":[{\"@type\":\"SearchAction\",\"target\":{\"@type\":\"EntryPoint\",\"urlTemplate\":\"https:\\\/\\\/lalmachine.com\\\/?s={search_term_string}\"},\"query-input\":{\"@type\":\"PropertyValueSpecification\",\"valueRequired\":true,\"valueName\":\"search_term_string\"}}],\"inLanguage\":\"de\"}]}<\/script>\n<!-- \/ Yoast SEO plugin. -->","yoast_head_json":{"title":"Table \u00e0 manger Sapporo en noyer, Mobil Girgi, Mario Marenco, Italie, 1970's | lalmachine.com","description":"Table \u00e0 manger Sapporo en noyer, Mobil Girgi, Mario Marenco, Italie, 1970's","robots":{"index":"index","follow":"follow","max-snippet":"max-snippet:-1","max-image-preview":"max-image-preview:large","max-video-preview":"max-video-preview:-1"},"canonical":"https:\/\/lalmachine.com\/de\/shop\/meubler\/table\/table-a-manger-sapporo-en-noyer-mobil-girgi-mario-marenco-italie-1970s\/","og_locale":"de_DE","og_type":"article","og_title":"Table \u00e0 manger Sapporo en noyer, Mobil Girgi, Mario Marenco, Italie, 1970's | lalmachine.com","og_description":"Table \u00e0 manger Sapporo en noyer, Mobil Girgi, Mario Marenco, Italie, 1970's","og_url":"https:\/\/lalmachine.com\/de\/shop\/meubler\/table\/table-a-manger-sapporo-en-noyer-mobil-girgi-mario-marenco-italie-1970s\/","og_site_name":"lalmachine.com","article_publisher":"https:\/\/facebook.com\/lalmachine","article_modified_time":"2025-01-07T18:52:25+00:00","og_image":[{"width":1127,"height":1127,"url":"https:\/\/lalmachine.com\/wp-content\/uploads\/2024\/09\/F02A3F12-1344-4667-8FED-83E9799D7BAD_1_201_a-Photoroom_clipped_rev_1.jpeg","type":"image\/jpeg"}],"twitter_card":"summary_large_image","schema":{"@context":"https:\/\/schema.org","@graph":[{"@type":"WebPage","@id":"https:\/\/lalmachine.com\/shop\/meubler\/table\/table-a-manger-sapporo-en-noyer-mobil-girgi-mario-marenco-italie-1970s\/","url":"https:\/\/lalmachine.com\/shop\/meubler\/table\/table-a-manger-sapporo-en-noyer-mobil-girgi-mario-marenco-italie-1970s\/","name":"Table \u00e0 manger Sapporo en noyer, Mobil Girgi, Mario Marenco, Italie, 1970's | lalmachine.com","isPartOf":{"@id":"https:\/\/lalmachine.com\/#website"},"primaryImageOfPage":{"@id":"https:\/\/lalmachine.com\/shop\/meubler\/table\/table-a-manger-sapporo-en-noyer-mobil-girgi-mario-marenco-italie-1970s\/#primaryimage"},"image":{"@id":"https:\/\/lalmachine.com\/shop\/meubler\/table\/table-a-manger-sapporo-en-noyer-mobil-girgi-mario-marenco-italie-1970s\/#primaryimage"},"thumbnailUrl":"https:\/\/lalmachine.com\/wp-content\/uploads\/2024\/09\/F02A3F12-1344-4667-8FED-83E9799D7BAD_1_201_a-Photoroom_clipped_rev_1.jpeg","datePublished":"2024-09-13T12:39:02+00:00","dateModified":"2025-01-07T18:52:25+00:00","description":"Table \u00e0 manger Sapporo en noyer, Mobil Girgi, Mario Marenco, Italie, 1970's","breadcrumb":{"@id":"https:\/\/lalmachine.com\/shop\/meubler\/table\/table-a-manger-sapporo-en-noyer-mobil-girgi-mario-marenco-italie-1970s\/#breadcrumb"},"inLanguage":"de","potentialAction":[{"@type":"ReadAction","target":["https:\/\/lalmachine.com\/shop\/meubler\/table\/table-a-manger-sapporo-en-noyer-mobil-girgi-mario-marenco-italie-1970s\/"]}]},{"@type":"ImageObject","inLanguage":"de","@id":"https:\/\/lalmachine.com\/shop\/meubler\/table\/table-a-manger-sapporo-en-noyer-mobil-girgi-mario-marenco-italie-1970s\/#primaryimage","url":"https:\/\/lalmachine.com\/wp-content\/uploads\/2024\/09\/F02A3F12-1344-4667-8FED-83E9799D7BAD_1_201_a-Photoroom_clipped_rev_1.jpeg","contentUrl":"https:\/\/lalmachine.com\/wp-content\/uploads\/2024\/09\/F02A3F12-1344-4667-8FED-83E9799D7BAD_1_201_a-Photoroom_clipped_rev_1.jpeg","width":1127,"height":1127,"caption":"Table \u00e0 manger Sapporo Mario Marenco"},{"@type":"BreadcrumbList","@id":"https:\/\/lalmachine.com\/shop\/meubler\/table\/table-a-manger-sapporo-en-noyer-mobil-girgi-mario-marenco-italie-1970s\/#breadcrumb","itemListElement":[{"@type":"ListItem","position":1,"name":"Accueil","item":"https:\/\/lalmachine.com\/"},{"@type":"ListItem","position":2,"name":"Shop","item":"https:\/\/lalmachine.com\/shop\/"},{"@type":"ListItem","position":3,"name":"Table \u00e0 manger Sapporo en noyer, Mobil Girgi, Mario Marenco, Italie, 1970&#8217;s"}]},{"@type":"WebSite","@id":"https:\/\/lalmachine.com\/#website","url":"https:\/\/lalmachine.com\/","name":"lalmachine.com","description":"Brocante en ligne Suisse | Mobilier et objets d\u00e9co vintage et design","potentialAction":[{"@type":"SearchAction","target":{"@type":"EntryPoint","urlTemplate":"https:\/\/lalmachine.com\/?s={search_term_string}"},"query-input":{"@type":"PropertyValueSpecification","valueRequired":true,"valueName":"search_term_string"}}],"inLanguage":"de"}]}},"_links":{"self":[{"href":"https:\/\/lalmachine.com\/de\/wp-json\/wp\/v2\/product\/335575","targetHints":{"allow":["GET"]}}],"collection":[{"href":"https:\/\/lalmachine.com\/de\/wp-json\/wp\/v2\/product"}],"about":[{"href":"https:\/\/lalmachine.com\/de\/wp-json\/wp\/v2\/types\/product"}],"wp:featuredmedia":[{"embeddable":true,"href":"https:\/\/lalmachine.com\/de\/wp-json\/wp\/v2\/media\/335579"}],"wp:attachment":[{"href":"https:\/\/lalmachine.com\/de\/wp-json\/wp\/v2\/media?parent=335575"}],"wp:term":[{"taxonomy":"product_brand","embeddable":true,"href":"https:\/\/lalmachine.com\/de\/wp-json\/wp\/v2\/product_brand?post=335575"},{"taxonomy":"product_cat","embeddable":true,"href":"https:\/\/lalmachine.com\/de\/wp-json\/wp\/v2\/product_cat?post=335575"},{"taxonomy":"product_tag","embeddable":true,"href":"https:\/\/lalmachine.com\/de\/wp-json\/wp\/v2\/product_tag?post=335575"},{"taxonomy":"proximite","embeddable":true,"href":"https:\/\/lalmachine.com\/de\/wp-json\/wp\/v2\/proximite?post=335575"}],"curies":[{"name":"wp","href":"https:\/\/api.w.org\/{rel}","templated":true}]}}