{"id":335737,"date":"2024-09-17T17:39:10","date_gmt":"2024-09-17T15:39:10","guid":{"rendered":"https:\/\/lalmachine.com\/?post_type=product&#038;p=335737"},"modified":"2024-12-05T22:05:34","modified_gmt":"2024-12-05T21:05:34","slug":"lampadaire-palmier-temde-suisse-1980s","status":"publish","type":"product","link":"https:\/\/lalmachine.com\/de\/shop\/eclairer\/lampe-sur-pied\/lampadaire-palmier-temde-suisse-1980s\/","title":{"rendered":"Lampadaire Palmier, Temde, Suisse, 1980&rsquo;s"},"content":{"rendered":"<ul class=\"wpuf_customs\"><li style=\"list-style-type:none;\"><label>Autres photos:<\/label> <a href=\"https:\/\/lalmachine.com\/wp-content\/uploads\/2024\/09\/C5601C00-39C1-480E-BC3F-B636D7859BE3_1_201_a.jpeg\"><img loading=\"lazy\" decoding=\"async\" width=\"96\" height=\"96\" src=\"https:\/\/lalmachine.com\/wp-content\/uploads\/2024\/09\/C5601C00-39C1-480E-BC3F-B636D7859BE3_1_201_a.jpeg\" class=\"attachment-thumbnail size-thumbnail\" alt=\"\" \/><\/a> <a href=\"https:\/\/lalmachine.com\/wp-content\/uploads\/2024\/09\/18CB0060-965E-42C6-B124-F5B53FFDD82F_1_201_a-scaled.jpeg\"><img loading=\"lazy\" decoding=\"async\" width=\"96\" height=\"96\" src=\"https:\/\/lalmachine.com\/wp-content\/uploads\/2024\/09\/18CB0060-965E-42C6-B124-F5B53FFDD82F_1_201_a-scaled.jpeg\" class=\"attachment-thumbnail size-thumbnail\" alt=\"\" \/><\/a> <\/li>        <li class=\"wpuf-field-data wpuf-field-data-numeric_text_field\">\n                            <label>Prix:<\/label>\n                        580        <\/li>\n                <li class=\"wpuf-field-data wpuf-field-data-numeric_text_field\">\n                            <label>Hauteur (cm):<\/label>\n                        160        <\/li>\n                <li class=\"wpuf-field-data wpuf-field-data-numeric_text_field\">\n                            <label>Largeur (cm):<\/label>\n                        48        <\/li>\n                <li class=\"wpuf-field-data wpuf-field-data-numeric_text_field\">\n                            <label>Profondeur (cm):<\/label>\n                        48        <\/li>\n        <\/ul>","protected":false},"excerpt":{"rendered":"<p>Po\u00e9tique et audacieux, le lampadaire palmier Temde r\u00e9v\u00e8le l&rsquo;\u00e9clectisme de la production du fabricant de Detmold. Sachant toujours o\u00f9 s&rsquo;arr\u00eater dans le design pour que la magie op\u00e8re, il a su capter ici les diff\u00e9rents \u00e9l\u00e9ments suffisants \u00e0 identifier ce fameux arbre exotique sans \u00e9cueil. Le dessin global est parfaitement ma\u00eetris\u00e9 pour un r\u00e9sultat \u00e9pur\u00e9 et quelque peu na\u00eff qu&rsquo;on adore. On l&rsquo;imagine s&rsquo;int\u00e9grer dans un univers tel que ceux cr\u00e9\u00e9s par la d\u00e9coratrice Laura Gonzalez.<\/p>\n<p>Les luminaires de la marque Germano-Helv\u00e9tique Temde, fond\u00e9e en 1911 \u00e0 Detmold, s&rsquo;exportaient des USA jusqu&rsquo;au Japon. Ceux-ci n&rsquo;\u00e9taient au d\u00e9part constitu\u00e9s que de bois et c&rsquo;est dans les ann\u00e9es 70 qu&rsquo;une petite r\u00e9volution op\u00e9ra lorsque l&rsquo;association de nouveaux mat\u00e9riaux tels que le contreplaqu\u00e9, le verre, le plastique et le m\u00e9tal devint de plus en plus importante.<\/p>\n<p>Aujourd&rsquo;hui la marque continue d&rsquo;op\u00e9rer, dans une moindre mesure, en produisant quelques mod\u00e8les qui firent sa renomm\u00e9e autrefois. Temde appartient depuis 2023 \u00e0 l&rsquo;entreprise allemande eQ-3 AG.<\/p>","protected":false},"featured_media":335812,"template":"","meta":{"_et_pb_use_builder":"","_et_pb_old_content":"","_et_gb_content_width":""},"product_brand":[],"product_cat":[49,89],"product_tag":[],"proximite":[283,179],"class_list":{"0":"post-335737","1":"product","2":"type-product","3":"status-publish","4":"has-post-thumbnail","6":"product_cat-eclairer","7":"product_cat-lampe-sur-pied","8":"pa_couleur-bois","9":"pa_etat-bon-etat","10":"pa_materiau-bois","11":"pa_style-vintage","12":"proximite-riviera-pays-denhaut","13":"proximite-vaud","15":"first","16":"outofstock","17":"shipping-taxable","18":"purchasable","19":"product-type-simple"},"yoast_head":"<!-- This site is optimized with the Yoast SEO plugin v27.3 - https:\/\/yoast.com\/product\/yoast-seo-wordpress\/ -->\n<title>Lampadaire Palmier, Temde, Suisse, 1980&#039;s | lalmachine.com<\/title>\n<meta name=\"description\" content=\"Lampadaire Palmier, Temde, Suisse, 1980&#039;s\" \/>\n<meta name=\"robots\" content=\"index, follow, max-snippet:-1, max-image-preview:large, max-video-preview:-1\" \/>\n<link rel=\"canonical\" href=\"https:\/\/lalmachine.com\/de\/shop\/eclairer\/lampe-sur-pied\/lampadaire-palmier-temde-suisse-1980s\/\" \/>\n<meta property=\"og:locale\" content=\"de_DE\" \/>\n<meta property=\"og:type\" content=\"article\" \/>\n<meta property=\"og:title\" content=\"Lampadaire Palmier, Temde, Suisse, 1980&#039;s | lalmachine.com\" \/>\n<meta property=\"og:description\" content=\"Lampadaire Palmier, Temde, Suisse, 1980&#039;s\" \/>\n<meta property=\"og:url\" content=\"https:\/\/lalmachine.com\/de\/shop\/eclairer\/lampe-sur-pied\/lampadaire-palmier-temde-suisse-1980s\/\" \/>\n<meta property=\"og:site_name\" content=\"lalmachine.com\" \/>\n<meta property=\"article:publisher\" content=\"https:\/\/facebook.com\/lalmachine\" \/>\n<meta property=\"article:modified_time\" content=\"2024-12-05T21:05:34+00:00\" \/>\n<meta property=\"og:image\" content=\"https:\/\/lalmachine.com\/wp-content\/uploads\/2024\/09\/3E2AA67F-CB5B-467B-9C44-33132637B009_1_201_a-scaled_clipped_rev_1.jpeg\" \/>\n\t<meta property=\"og:image:width\" content=\"2551\" \/>\n\t<meta property=\"og:image:height\" content=\"2551\" \/>\n\t<meta property=\"og:image:type\" content=\"image\/jpeg\" \/>\n<meta name=\"twitter:card\" content=\"summary_large_image\" \/>\n<script type=\"application\/ld+json\" class=\"yoast-schema-graph\">{\"@context\":\"https:\\\/\\\/schema.org\",\"@graph\":[{\"@type\":\"WebPage\",\"@id\":\"https:\\\/\\\/lalmachine.com\\\/shop\\\/eclairer\\\/lampe-sur-pied\\\/lampadaire-palmier-temde-suisse-1980s\\\/\",\"url\":\"https:\\\/\\\/lalmachine.com\\\/shop\\\/eclairer\\\/lampe-sur-pied\\\/lampadaire-palmier-temde-suisse-1980s\\\/\",\"name\":\"Lampadaire Palmier, Temde, Suisse, 1980's | lalmachine.com\",\"isPartOf\":{\"@id\":\"https:\\\/\\\/lalmachine.com\\\/#website\"},\"primaryImageOfPage\":{\"@id\":\"https:\\\/\\\/lalmachine.com\\\/shop\\\/eclairer\\\/lampe-sur-pied\\\/lampadaire-palmier-temde-suisse-1980s\\\/#primaryimage\"},\"image\":{\"@id\":\"https:\\\/\\\/lalmachine.com\\\/shop\\\/eclairer\\\/lampe-sur-pied\\\/lampadaire-palmier-temde-suisse-1980s\\\/#primaryimage\"},\"thumbnailUrl\":\"https:\\\/\\\/lalmachine.com\\\/wp-content\\\/uploads\\\/2024\\\/09\\\/3E2AA67F-CB5B-467B-9C44-33132637B009_1_201_a-scaled_clipped_rev_1.jpeg\",\"datePublished\":\"2024-09-17T15:39:10+00:00\",\"dateModified\":\"2024-12-05T21:05:34+00:00\",\"description\":\"Lampadaire Palmier, Temde, Suisse, 1980's\",\"breadcrumb\":{\"@id\":\"https:\\\/\\\/lalmachine.com\\\/shop\\\/eclairer\\\/lampe-sur-pied\\\/lampadaire-palmier-temde-suisse-1980s\\\/#breadcrumb\"},\"inLanguage\":\"de\",\"potentialAction\":[{\"@type\":\"ReadAction\",\"target\":[\"https:\\\/\\\/lalmachine.com\\\/shop\\\/eclairer\\\/lampe-sur-pied\\\/lampadaire-palmier-temde-suisse-1980s\\\/\"]}]},{\"@type\":\"ImageObject\",\"inLanguage\":\"de\",\"@id\":\"https:\\\/\\\/lalmachine.com\\\/shop\\\/eclairer\\\/lampe-sur-pied\\\/lampadaire-palmier-temde-suisse-1980s\\\/#primaryimage\",\"url\":\"https:\\\/\\\/lalmachine.com\\\/wp-content\\\/uploads\\\/2024\\\/09\\\/3E2AA67F-CB5B-467B-9C44-33132637B009_1_201_a-scaled_clipped_rev_1.jpeg\",\"contentUrl\":\"https:\\\/\\\/lalmachine.com\\\/wp-content\\\/uploads\\\/2024\\\/09\\\/3E2AA67F-CB5B-467B-9C44-33132637B009_1_201_a-scaled_clipped_rev_1.jpeg\",\"width\":2551,\"height\":2551},{\"@type\":\"BreadcrumbList\",\"@id\":\"https:\\\/\\\/lalmachine.com\\\/shop\\\/eclairer\\\/lampe-sur-pied\\\/lampadaire-palmier-temde-suisse-1980s\\\/#breadcrumb\",\"itemListElement\":[{\"@type\":\"ListItem\",\"position\":1,\"name\":\"Accueil\",\"item\":\"https:\\\/\\\/lalmachine.com\\\/\"},{\"@type\":\"ListItem\",\"position\":2,\"name\":\"Shop\",\"item\":\"https:\\\/\\\/lalmachine.com\\\/shop\\\/\"},{\"@type\":\"ListItem\",\"position\":3,\"name\":\"Lampadaire Palmier, Temde, Suisse, 1980&#8217;s\"}]},{\"@type\":\"WebSite\",\"@id\":\"https:\\\/\\\/lalmachine.com\\\/#website\",\"url\":\"https:\\\/\\\/lalmachine.com\\\/\",\"name\":\"lalmachine.com\",\"description\":\"Brocante en ligne Suisse | Mobilier et objets d\u00e9co vintage et design\",\"potentialAction\":[{\"@type\":\"SearchAction\",\"target\":{\"@type\":\"EntryPoint\",\"urlTemplate\":\"https:\\\/\\\/lalmachine.com\\\/?s={search_term_string}\"},\"query-input\":{\"@type\":\"PropertyValueSpecification\",\"valueRequired\":true,\"valueName\":\"search_term_string\"}}],\"inLanguage\":\"de\"}]}<\/script>\n<!-- \/ Yoast SEO plugin. -->","yoast_head_json":{"title":"Lampadaire Palmier, Temde, Suisse, 1980's | lalmachine.com","description":"Lampadaire Palmier, Temde, Suisse, 1980's","robots":{"index":"index","follow":"follow","max-snippet":"max-snippet:-1","max-image-preview":"max-image-preview:large","max-video-preview":"max-video-preview:-1"},"canonical":"https:\/\/lalmachine.com\/de\/shop\/eclairer\/lampe-sur-pied\/lampadaire-palmier-temde-suisse-1980s\/","og_locale":"de_DE","og_type":"article","og_title":"Lampadaire Palmier, Temde, Suisse, 1980's | lalmachine.com","og_description":"Lampadaire Palmier, Temde, Suisse, 1980's","og_url":"https:\/\/lalmachine.com\/de\/shop\/eclairer\/lampe-sur-pied\/lampadaire-palmier-temde-suisse-1980s\/","og_site_name":"lalmachine.com","article_publisher":"https:\/\/facebook.com\/lalmachine","article_modified_time":"2024-12-05T21:05:34+00:00","og_image":[{"width":2551,"height":2551,"url":"https:\/\/lalmachine.com\/wp-content\/uploads\/2024\/09\/3E2AA67F-CB5B-467B-9C44-33132637B009_1_201_a-scaled_clipped_rev_1.jpeg","type":"image\/jpeg"}],"twitter_card":"summary_large_image","schema":{"@context":"https:\/\/schema.org","@graph":[{"@type":"WebPage","@id":"https:\/\/lalmachine.com\/shop\/eclairer\/lampe-sur-pied\/lampadaire-palmier-temde-suisse-1980s\/","url":"https:\/\/lalmachine.com\/shop\/eclairer\/lampe-sur-pied\/lampadaire-palmier-temde-suisse-1980s\/","name":"Lampadaire Palmier, Temde, Suisse, 1980's | lalmachine.com","isPartOf":{"@id":"https:\/\/lalmachine.com\/#website"},"primaryImageOfPage":{"@id":"https:\/\/lalmachine.com\/shop\/eclairer\/lampe-sur-pied\/lampadaire-palmier-temde-suisse-1980s\/#primaryimage"},"image":{"@id":"https:\/\/lalmachine.com\/shop\/eclairer\/lampe-sur-pied\/lampadaire-palmier-temde-suisse-1980s\/#primaryimage"},"thumbnailUrl":"https:\/\/lalmachine.com\/wp-content\/uploads\/2024\/09\/3E2AA67F-CB5B-467B-9C44-33132637B009_1_201_a-scaled_clipped_rev_1.jpeg","datePublished":"2024-09-17T15:39:10+00:00","dateModified":"2024-12-05T21:05:34+00:00","description":"Lampadaire Palmier, Temde, Suisse, 1980's","breadcrumb":{"@id":"https:\/\/lalmachine.com\/shop\/eclairer\/lampe-sur-pied\/lampadaire-palmier-temde-suisse-1980s\/#breadcrumb"},"inLanguage":"de","potentialAction":[{"@type":"ReadAction","target":["https:\/\/lalmachine.com\/shop\/eclairer\/lampe-sur-pied\/lampadaire-palmier-temde-suisse-1980s\/"]}]},{"@type":"ImageObject","inLanguage":"de","@id":"https:\/\/lalmachine.com\/shop\/eclairer\/lampe-sur-pied\/lampadaire-palmier-temde-suisse-1980s\/#primaryimage","url":"https:\/\/lalmachine.com\/wp-content\/uploads\/2024\/09\/3E2AA67F-CB5B-467B-9C44-33132637B009_1_201_a-scaled_clipped_rev_1.jpeg","contentUrl":"https:\/\/lalmachine.com\/wp-content\/uploads\/2024\/09\/3E2AA67F-CB5B-467B-9C44-33132637B009_1_201_a-scaled_clipped_rev_1.jpeg","width":2551,"height":2551},{"@type":"BreadcrumbList","@id":"https:\/\/lalmachine.com\/shop\/eclairer\/lampe-sur-pied\/lampadaire-palmier-temde-suisse-1980s\/#breadcrumb","itemListElement":[{"@type":"ListItem","position":1,"name":"Accueil","item":"https:\/\/lalmachine.com\/"},{"@type":"ListItem","position":2,"name":"Shop","item":"https:\/\/lalmachine.com\/shop\/"},{"@type":"ListItem","position":3,"name":"Lampadaire Palmier, Temde, Suisse, 1980&#8217;s"}]},{"@type":"WebSite","@id":"https:\/\/lalmachine.com\/#website","url":"https:\/\/lalmachine.com\/","name":"lalmachine.com","description":"Brocante en ligne Suisse | Mobilier et objets d\u00e9co vintage et design","potentialAction":[{"@type":"SearchAction","target":{"@type":"EntryPoint","urlTemplate":"https:\/\/lalmachine.com\/?s={search_term_string}"},"query-input":{"@type":"PropertyValueSpecification","valueRequired":true,"valueName":"search_term_string"}}],"inLanguage":"de"}]}},"_links":{"self":[{"href":"https:\/\/lalmachine.com\/de\/wp-json\/wp\/v2\/product\/335737","targetHints":{"allow":["GET"]}}],"collection":[{"href":"https:\/\/lalmachine.com\/de\/wp-json\/wp\/v2\/product"}],"about":[{"href":"https:\/\/lalmachine.com\/de\/wp-json\/wp\/v2\/types\/product"}],"wp:featuredmedia":[{"embeddable":true,"href":"https:\/\/lalmachine.com\/de\/wp-json\/wp\/v2\/media\/335812"}],"wp:attachment":[{"href":"https:\/\/lalmachine.com\/de\/wp-json\/wp\/v2\/media?parent=335737"}],"wp:term":[{"taxonomy":"product_brand","embeddable":true,"href":"https:\/\/lalmachine.com\/de\/wp-json\/wp\/v2\/product_brand?post=335737"},{"taxonomy":"product_cat","embeddable":true,"href":"https:\/\/lalmachine.com\/de\/wp-json\/wp\/v2\/product_cat?post=335737"},{"taxonomy":"product_tag","embeddable":true,"href":"https:\/\/lalmachine.com\/de\/wp-json\/wp\/v2\/product_tag?post=335737"},{"taxonomy":"proximite","embeddable":true,"href":"https:\/\/lalmachine.com\/de\/wp-json\/wp\/v2\/proximite?post=335737"}],"curies":[{"name":"wp","href":"https:\/\/api.w.org\/{rel}","templated":true}]}}