{"id":335758,"date":"2024-09-17T17:42:05","date_gmt":"2024-09-17T15:42:05","guid":{"rendered":"https:\/\/lalmachine.com\/?post_type=product&#038;p=335758"},"modified":"2024-12-09T22:31:50","modified_gmt":"2024-12-09T21:31:50","slug":"tables-dappoint-en-bouleau-massif-karljohan-c-hallerod-ikea-suede-2009","status":"publish","type":"product","link":"https:\/\/lalmachine.com\/de\/shop\/meubler\/table-basse-dappoint\/tables-dappoint-en-bouleau-massif-karljohan-c-hallerod-ikea-suede-2009\/","title":{"rendered":"Tables d&rsquo;appoint en bouleau massif \u00ab\u00a0Karljohan\u00a0\u00bb, C.Haller\u00f6d, IKEA, Su\u00e8de, 2009"},"content":{"rendered":"<ul class=\"wpuf_customs\"><li style=\"list-style-type:none;\"><label>Autres photos:<\/label> <a href=\"https:\/\/lalmachine.com\/wp-content\/uploads\/2024\/09\/D22BA025-E47E-466E-AE9C-EAE5EEDEBBC7_1_201_a-scaled.jpeg\"><img loading=\"lazy\" decoding=\"async\" width=\"96\" height=\"96\" src=\"https:\/\/lalmachine.com\/wp-content\/uploads\/2024\/09\/D22BA025-E47E-466E-AE9C-EAE5EEDEBBC7_1_201_a-scaled.jpeg\" class=\"attachment-thumbnail size-thumbnail\" alt=\"\" \/><\/a> <a href=\"https:\/\/lalmachine.com\/wp-content\/uploads\/2024\/09\/EC11FC1F-B5E0-4D90-914E-C23E4B226E7C_1_201_a-scaled.jpeg\"><img loading=\"lazy\" decoding=\"async\" width=\"96\" height=\"96\" src=\"https:\/\/lalmachine.com\/wp-content\/uploads\/2024\/09\/EC11FC1F-B5E0-4D90-914E-C23E4B226E7C_1_201_a-scaled.jpeg\" class=\"attachment-thumbnail size-thumbnail\" alt=\"\" \/><\/a> <a href=\"https:\/\/lalmachine.com\/wp-content\/uploads\/2024\/09\/65920EBE-C71E-411A-B129-224FA95761AD_1_201_a-scaled.jpeg\"><img loading=\"lazy\" decoding=\"async\" width=\"96\" height=\"96\" src=\"https:\/\/lalmachine.com\/wp-content\/uploads\/2024\/09\/65920EBE-C71E-411A-B129-224FA95761AD_1_201_a-scaled.jpeg\" class=\"attachment-thumbnail size-thumbnail\" alt=\"\" \/><\/a> <a href=\"https:\/\/lalmachine.com\/wp-content\/uploads\/2024\/09\/E4ADF0E3-2115-4E14-9698-8C068E9AA404_1_201_a-scaled.jpeg\"><img loading=\"lazy\" decoding=\"async\" width=\"96\" height=\"96\" src=\"https:\/\/lalmachine.com\/wp-content\/uploads\/2024\/09\/E4ADF0E3-2115-4E14-9698-8C068E9AA404_1_201_a-scaled.jpeg\" class=\"attachment-thumbnail size-thumbnail\" alt=\"\" \/><\/a> <a href=\"https:\/\/lalmachine.com\/wp-content\/uploads\/2024\/09\/531AE0FA-0C70-48BB-A0FD-22312818B86C_1_201_a-scaled.jpeg\"><img loading=\"lazy\" decoding=\"async\" width=\"96\" height=\"96\" src=\"https:\/\/lalmachine.com\/wp-content\/uploads\/2024\/09\/531AE0FA-0C70-48BB-A0FD-22312818B86C_1_201_a-scaled.jpeg\" class=\"attachment-thumbnail size-thumbnail\" alt=\"\" \/><\/a> <a href=\"https:\/\/lalmachine.com\/wp-content\/uploads\/2024\/09\/5644A241-EA5A-4948-AE1A-C4EEEAAA5E16_1_201_a-scaled.jpeg\"><img loading=\"lazy\" decoding=\"async\" width=\"96\" height=\"96\" src=\"https:\/\/lalmachine.com\/wp-content\/uploads\/2024\/09\/5644A241-EA5A-4948-AE1A-C4EEEAAA5E16_1_201_a-scaled.jpeg\" class=\"attachment-thumbnail size-thumbnail\" alt=\"\" \/><\/a> <\/li>        <li class=\"wpuf-field-data wpuf-field-data-numeric_text_field\">\n                            <label>Prix:<\/label>\n                        240        <\/li>\n                <li class=\"wpuf-field-data wpuf-field-data-numeric_text_field\">\n                            <label>Quantit\u00e9:<\/label>\n                        0        <\/li>\n                <li class=\"wpuf-field-data wpuf-field-data-numeric_text_field\">\n                            <label>Hauteur (cm):<\/label>\n                        27        <\/li>\n                <li class=\"wpuf-field-data wpuf-field-data-numeric_text_field\">\n                            <label>Largeur (cm):<\/label>\n                        47        <\/li>\n                <li class=\"wpuf-field-data wpuf-field-data-numeric_text_field\">\n                            <label>Profondeur (cm):<\/label>\n                        47        <\/li>\n        <\/ul>","protected":false},"excerpt":{"rendered":"<p>Vous cherchez du bouleau chez IKEA ?<\/p>\n<p>Voici un collector IKEA issu des ann\u00e9es 2000 en bouleau massif ! La cr\u00e9ation de Christian Haller\u00f6d s&rsquo;inscrit dans la volont\u00e9 de la firme su\u00e9doise de se r\u00e9approprier certaines de ses origines.<\/p>\n<p>En effet, au d\u00e9but des ann\u00e9es 90, la division design d&rsquo;IKEA cherche \u00e0 prouver (\u00e0 nouveau) qu&rsquo;ils peuvent faire du tr\u00e8s beau pour pas cher. Aucun probl\u00e8me, il leur suffira de r\u00e9unir dix-huit jeunes designers prometteurs pour cr\u00e9er la s\u00e9rie de meubles PS (\u00ab\u00a0Post-Scriptum\u00a0\u00bb), comme une annexe \u00e0 la production standard de la firme.<\/p>\n<p>Pour \u00eatre s\u00fbr de marquer le coup, ils lanc\u00e8rent la premi\u00e8re collection au salon de Milan en 1995. Cette derni\u00e8re re\u00e7u un bel accueil et IKEA r\u00e9it\u00e9ra l&rsquo;exp\u00e9rience tous les trois ans avec de belles cr\u00e9ations qualitatives et ing\u00e9nieuses.<\/p>\n<p>Cette paire de table d&rsquo;appoint ras du sol est id\u00e9ale pour un salon lounge. Elle apporte une touche organique et chaleureuse gr\u00e2ce \u00e0 ses deux disques de bouleau massif suspendu au-dessus de ses trois pieds taill\u00e9s tout en rondeur !<\/p>\n<p>La derni\u00e8re photo montre l&rsquo;exemple d&rsquo;IKEA dans son ancien catalogue (2010).<\/p>","protected":false},"featured_media":335813,"template":"","meta":{"_et_pb_use_builder":"","_et_pb_old_content":"","_et_gb_content_width":""},"product_brand":[],"product_cat":[47,459],"product_tag":[],"proximite":[283,179],"class_list":{"0":"post-335758","1":"product","2":"type-product","3":"status-publish","4":"has-post-thumbnail","6":"product_cat-meubler","7":"product_cat-table-basse-dappoint","8":"pa_couleur-bois","9":"pa_etat-bon-etat","10":"pa_materiau-bois","11":"pa_style-scandinave","12":"proximite-riviera-pays-denhaut","13":"proximite-vaud","15":"first","16":"outofstock","17":"shipping-taxable","18":"purchasable","19":"product-type-simple"},"yoast_head":"<!-- This site is optimized with the Yoast SEO plugin v27.4 - https:\/\/yoast.com\/product\/yoast-seo-wordpress\/ -->\n<title>Tables d&#039;appoint en bouleau massif &quot;Karljohan&quot;, C.Haller\u00f6d, IKEA, Su\u00e8de, 2009 | lalmachine.com<\/title>\n<meta name=\"description\" content=\"Tables d&#039;appoint en bouleau massif &quot;Karljohan&quot;, C.Haller\u00f6d, IKEA, Su\u00e8de, 2009\" \/>\n<meta name=\"robots\" content=\"index, follow, max-snippet:-1, max-image-preview:large, max-video-preview:-1\" \/>\n<link rel=\"canonical\" href=\"https:\/\/lalmachine.com\/de\/shop\/meubler\/table-basse-dappoint\/tables-dappoint-en-bouleau-massif-karljohan-c-hallerod-ikea-suede-2009\/\" \/>\n<meta property=\"og:locale\" content=\"de_DE\" \/>\n<meta property=\"og:type\" content=\"article\" \/>\n<meta property=\"og:title\" content=\"Tables d&#039;appoint en bouleau massif &quot;Karljohan&quot;, C.Haller\u00f6d, IKEA, Su\u00e8de, 2009 | lalmachine.com\" \/>\n<meta property=\"og:description\" content=\"Tables d&#039;appoint en bouleau massif &quot;Karljohan&quot;, C.Haller\u00f6d, IKEA, Su\u00e8de, 2009\" \/>\n<meta property=\"og:url\" content=\"https:\/\/lalmachine.com\/de\/shop\/meubler\/table-basse-dappoint\/tables-dappoint-en-bouleau-massif-karljohan-c-hallerod-ikea-suede-2009\/\" \/>\n<meta property=\"og:site_name\" content=\"lalmachine.com\" \/>\n<meta property=\"article:publisher\" content=\"https:\/\/facebook.com\/lalmachine\" \/>\n<meta property=\"article:modified_time\" content=\"2024-12-09T21:31:50+00:00\" \/>\n<meta property=\"og:image\" content=\"https:\/\/lalmachine.com\/wp-content\/uploads\/2024\/09\/BE9C3572-A694-4AC7-A097-DEF957FDDBCB_1_201_a-scaled_clipped_rev_1.jpeg\" \/>\n\t<meta property=\"og:image:width\" content=\"2317\" \/>\n\t<meta property=\"og:image:height\" content=\"2317\" \/>\n\t<meta property=\"og:image:type\" content=\"image\/jpeg\" \/>\n<meta name=\"twitter:card\" content=\"summary_large_image\" \/>\n<script type=\"application\/ld+json\" class=\"yoast-schema-graph\">{\"@context\":\"https:\\\/\\\/schema.org\",\"@graph\":[{\"@type\":\"WebPage\",\"@id\":\"https:\\\/\\\/lalmachine.com\\\/de\\\/shop\\\/meubler\\\/table-basse-dappoint\\\/tables-dappoint-en-bouleau-massif-karljohan-c-hallerod-ikea-suede-2009\\\/\",\"url\":\"https:\\\/\\\/lalmachine.com\\\/de\\\/shop\\\/meubler\\\/table-basse-dappoint\\\/tables-dappoint-en-bouleau-massif-karljohan-c-hallerod-ikea-suede-2009\\\/\",\"name\":\"Tables d'appoint en bouleau massif \\\"Karljohan\\\", C.Haller\u00f6d, IKEA, Su\u00e8de, 2009 | lalmachine.com\",\"isPartOf\":{\"@id\":\"https:\\\/\\\/lalmachine.com\\\/#website\"},\"primaryImageOfPage\":{\"@id\":\"https:\\\/\\\/lalmachine.com\\\/de\\\/shop\\\/meubler\\\/table-basse-dappoint\\\/tables-dappoint-en-bouleau-massif-karljohan-c-hallerod-ikea-suede-2009\\\/#primaryimage\"},\"image\":{\"@id\":\"https:\\\/\\\/lalmachine.com\\\/de\\\/shop\\\/meubler\\\/table-basse-dappoint\\\/tables-dappoint-en-bouleau-massif-karljohan-c-hallerod-ikea-suede-2009\\\/#primaryimage\"},\"thumbnailUrl\":\"https:\\\/\\\/lalmachine.com\\\/wp-content\\\/uploads\\\/2024\\\/09\\\/BE9C3572-A694-4AC7-A097-DEF957FDDBCB_1_201_a-scaled_clipped_rev_1.jpeg\",\"datePublished\":\"2024-09-17T15:42:05+00:00\",\"dateModified\":\"2024-12-09T21:31:50+00:00\",\"description\":\"Tables d'appoint en bouleau massif \\\"Karljohan\\\", C.Haller\u00f6d, IKEA, Su\u00e8de, 2009\",\"breadcrumb\":{\"@id\":\"https:\\\/\\\/lalmachine.com\\\/de\\\/shop\\\/meubler\\\/table-basse-dappoint\\\/tables-dappoint-en-bouleau-massif-karljohan-c-hallerod-ikea-suede-2009\\\/#breadcrumb\"},\"inLanguage\":\"de\",\"potentialAction\":[{\"@type\":\"ReadAction\",\"target\":[\"https:\\\/\\\/lalmachine.com\\\/de\\\/shop\\\/meubler\\\/table-basse-dappoint\\\/tables-dappoint-en-bouleau-massif-karljohan-c-hallerod-ikea-suede-2009\\\/\"]}]},{\"@type\":\"ImageObject\",\"inLanguage\":\"de\",\"@id\":\"https:\\\/\\\/lalmachine.com\\\/de\\\/shop\\\/meubler\\\/table-basse-dappoint\\\/tables-dappoint-en-bouleau-massif-karljohan-c-hallerod-ikea-suede-2009\\\/#primaryimage\",\"url\":\"https:\\\/\\\/lalmachine.com\\\/wp-content\\\/uploads\\\/2024\\\/09\\\/BE9C3572-A694-4AC7-A097-DEF957FDDBCB_1_201_a-scaled_clipped_rev_1.jpeg\",\"contentUrl\":\"https:\\\/\\\/lalmachine.com\\\/wp-content\\\/uploads\\\/2024\\\/09\\\/BE9C3572-A694-4AC7-A097-DEF957FDDBCB_1_201_a-scaled_clipped_rev_1.jpeg\",\"width\":2317,\"height\":2317,\"caption\":\"Tables d'appoint \\\"Karljohan\\\" IKEA\"},{\"@type\":\"BreadcrumbList\",\"@id\":\"https:\\\/\\\/lalmachine.com\\\/de\\\/shop\\\/meubler\\\/table-basse-dappoint\\\/tables-dappoint-en-bouleau-massif-karljohan-c-hallerod-ikea-suede-2009\\\/#breadcrumb\",\"itemListElement\":[{\"@type\":\"ListItem\",\"position\":1,\"name\":\"Accueil\",\"item\":\"https:\\\/\\\/lalmachine.com\\\/\"},{\"@type\":\"ListItem\",\"position\":2,\"name\":\"Shop\",\"item\":\"https:\\\/\\\/lalmachine.com\\\/shop\\\/\"},{\"@type\":\"ListItem\",\"position\":3,\"name\":\"Tables d&rsquo;appoint en bouleau massif \u00ab\u00a0Karljohan\u00a0\u00bb, C.Haller\u00f6d, IKEA, Su\u00e8de, 2009\"}]},{\"@type\":\"WebSite\",\"@id\":\"https:\\\/\\\/lalmachine.com\\\/#website\",\"url\":\"https:\\\/\\\/lalmachine.com\\\/\",\"name\":\"lalmachine.com\",\"description\":\"Brocante en ligne Suisse | Mobilier et objets d\u00e9co vintage et design\",\"potentialAction\":[{\"@type\":\"SearchAction\",\"target\":{\"@type\":\"EntryPoint\",\"urlTemplate\":\"https:\\\/\\\/lalmachine.com\\\/?s={search_term_string}\"},\"query-input\":{\"@type\":\"PropertyValueSpecification\",\"valueRequired\":true,\"valueName\":\"search_term_string\"}}],\"inLanguage\":\"de\"}]}<\/script>\n<!-- \/ Yoast SEO plugin. -->","yoast_head_json":{"title":"Tables d'appoint en bouleau massif \"Karljohan\", C.Haller\u00f6d, IKEA, Su\u00e8de, 2009 | lalmachine.com","description":"Tables d'appoint en bouleau massif \"Karljohan\", C.Haller\u00f6d, IKEA, Su\u00e8de, 2009","robots":{"index":"index","follow":"follow","max-snippet":"max-snippet:-1","max-image-preview":"max-image-preview:large","max-video-preview":"max-video-preview:-1"},"canonical":"https:\/\/lalmachine.com\/de\/shop\/meubler\/table-basse-dappoint\/tables-dappoint-en-bouleau-massif-karljohan-c-hallerod-ikea-suede-2009\/","og_locale":"de_DE","og_type":"article","og_title":"Tables d'appoint en bouleau massif \"Karljohan\", C.Haller\u00f6d, IKEA, Su\u00e8de, 2009 | lalmachine.com","og_description":"Tables d'appoint en bouleau massif \"Karljohan\", C.Haller\u00f6d, IKEA, Su\u00e8de, 2009","og_url":"https:\/\/lalmachine.com\/de\/shop\/meubler\/table-basse-dappoint\/tables-dappoint-en-bouleau-massif-karljohan-c-hallerod-ikea-suede-2009\/","og_site_name":"lalmachine.com","article_publisher":"https:\/\/facebook.com\/lalmachine","article_modified_time":"2024-12-09T21:31:50+00:00","og_image":[{"width":2317,"height":2317,"url":"https:\/\/lalmachine.com\/wp-content\/uploads\/2024\/09\/BE9C3572-A694-4AC7-A097-DEF957FDDBCB_1_201_a-scaled_clipped_rev_1.jpeg","type":"image\/jpeg"}],"twitter_card":"summary_large_image","schema":{"@context":"https:\/\/schema.org","@graph":[{"@type":"WebPage","@id":"https:\/\/lalmachine.com\/de\/shop\/meubler\/table-basse-dappoint\/tables-dappoint-en-bouleau-massif-karljohan-c-hallerod-ikea-suede-2009\/","url":"https:\/\/lalmachine.com\/de\/shop\/meubler\/table-basse-dappoint\/tables-dappoint-en-bouleau-massif-karljohan-c-hallerod-ikea-suede-2009\/","name":"Tables d'appoint en bouleau massif \"Karljohan\", C.Haller\u00f6d, IKEA, Su\u00e8de, 2009 | lalmachine.com","isPartOf":{"@id":"https:\/\/lalmachine.com\/#website"},"primaryImageOfPage":{"@id":"https:\/\/lalmachine.com\/de\/shop\/meubler\/table-basse-dappoint\/tables-dappoint-en-bouleau-massif-karljohan-c-hallerod-ikea-suede-2009\/#primaryimage"},"image":{"@id":"https:\/\/lalmachine.com\/de\/shop\/meubler\/table-basse-dappoint\/tables-dappoint-en-bouleau-massif-karljohan-c-hallerod-ikea-suede-2009\/#primaryimage"},"thumbnailUrl":"https:\/\/lalmachine.com\/wp-content\/uploads\/2024\/09\/BE9C3572-A694-4AC7-A097-DEF957FDDBCB_1_201_a-scaled_clipped_rev_1.jpeg","datePublished":"2024-09-17T15:42:05+00:00","dateModified":"2024-12-09T21:31:50+00:00","description":"Tables d'appoint en bouleau massif \"Karljohan\", C.Haller\u00f6d, IKEA, Su\u00e8de, 2009","breadcrumb":{"@id":"https:\/\/lalmachine.com\/de\/shop\/meubler\/table-basse-dappoint\/tables-dappoint-en-bouleau-massif-karljohan-c-hallerod-ikea-suede-2009\/#breadcrumb"},"inLanguage":"de","potentialAction":[{"@type":"ReadAction","target":["https:\/\/lalmachine.com\/de\/shop\/meubler\/table-basse-dappoint\/tables-dappoint-en-bouleau-massif-karljohan-c-hallerod-ikea-suede-2009\/"]}]},{"@type":"ImageObject","inLanguage":"de","@id":"https:\/\/lalmachine.com\/de\/shop\/meubler\/table-basse-dappoint\/tables-dappoint-en-bouleau-massif-karljohan-c-hallerod-ikea-suede-2009\/#primaryimage","url":"https:\/\/lalmachine.com\/wp-content\/uploads\/2024\/09\/BE9C3572-A694-4AC7-A097-DEF957FDDBCB_1_201_a-scaled_clipped_rev_1.jpeg","contentUrl":"https:\/\/lalmachine.com\/wp-content\/uploads\/2024\/09\/BE9C3572-A694-4AC7-A097-DEF957FDDBCB_1_201_a-scaled_clipped_rev_1.jpeg","width":2317,"height":2317,"caption":"Tables d'appoint \"Karljohan\" IKEA"},{"@type":"BreadcrumbList","@id":"https:\/\/lalmachine.com\/de\/shop\/meubler\/table-basse-dappoint\/tables-dappoint-en-bouleau-massif-karljohan-c-hallerod-ikea-suede-2009\/#breadcrumb","itemListElement":[{"@type":"ListItem","position":1,"name":"Accueil","item":"https:\/\/lalmachine.com\/"},{"@type":"ListItem","position":2,"name":"Shop","item":"https:\/\/lalmachine.com\/shop\/"},{"@type":"ListItem","position":3,"name":"Tables d&rsquo;appoint en bouleau massif \u00ab\u00a0Karljohan\u00a0\u00bb, C.Haller\u00f6d, IKEA, Su\u00e8de, 2009"}]},{"@type":"WebSite","@id":"https:\/\/lalmachine.com\/#website","url":"https:\/\/lalmachine.com\/","name":"lalmachine.com","description":"Brocante en ligne Suisse | Mobilier et objets d\u00e9co vintage et design","potentialAction":[{"@type":"SearchAction","target":{"@type":"EntryPoint","urlTemplate":"https:\/\/lalmachine.com\/?s={search_term_string}"},"query-input":{"@type":"PropertyValueSpecification","valueRequired":true,"valueName":"search_term_string"}}],"inLanguage":"de"}]}},"_links":{"self":[{"href":"https:\/\/lalmachine.com\/de\/wp-json\/wp\/v2\/product\/335758","targetHints":{"allow":["GET"]}}],"collection":[{"href":"https:\/\/lalmachine.com\/de\/wp-json\/wp\/v2\/product"}],"about":[{"href":"https:\/\/lalmachine.com\/de\/wp-json\/wp\/v2\/types\/product"}],"wp:featuredmedia":[{"embeddable":true,"href":"https:\/\/lalmachine.com\/de\/wp-json\/wp\/v2\/media\/335813"}],"wp:attachment":[{"href":"https:\/\/lalmachine.com\/de\/wp-json\/wp\/v2\/media?parent=335758"}],"wp:term":[{"taxonomy":"product_brand","embeddable":true,"href":"https:\/\/lalmachine.com\/de\/wp-json\/wp\/v2\/product_brand?post=335758"},{"taxonomy":"product_cat","embeddable":true,"href":"https:\/\/lalmachine.com\/de\/wp-json\/wp\/v2\/product_cat?post=335758"},{"taxonomy":"product_tag","embeddable":true,"href":"https:\/\/lalmachine.com\/de\/wp-json\/wp\/v2\/product_tag?post=335758"},{"taxonomy":"proximite","embeddable":true,"href":"https:\/\/lalmachine.com\/de\/wp-json\/wp\/v2\/proximite?post=335758"}],"curies":[{"name":"wp","href":"https:\/\/api.w.org\/{rel}","templated":true}]}}