{"id":335853,"date":"2024-09-19T10:28:36","date_gmt":"2024-09-19T08:28:36","guid":{"rendered":"https:\/\/lalmachine.com\/?post_type=product&#038;p=335853"},"modified":"2024-12-05T22:05:35","modified_gmt":"2024-12-05T21:05:35","slug":"table-extensible-en-noyer-mobelfabrik-willisau-ag-suisse-1960s","status":"publish","type":"product","link":"https:\/\/lalmachine.com\/de\/shop\/meubler\/table\/table-extensible-en-noyer-mobelfabrik-willisau-ag-suisse-1960s\/","title":{"rendered":"Table extensible en noyer, Mobelfabrik Willisau AG, Suisse, 1960&rsquo;s"},"content":{"rendered":"<ul class=\"wpuf_customs\"><li style=\"list-style-type:none;\"><label>Autres photos:<\/label> <a href=\"https:\/\/lalmachine.com\/wp-content\/uploads\/2024\/09\/1E0FF3D4-B867-441E-8C38-971019ED3947_1_201_a-scaled.jpeg\"><img loading=\"lazy\" decoding=\"async\" width=\"96\" height=\"96\" src=\"https:\/\/lalmachine.com\/wp-content\/uploads\/2024\/09\/1E0FF3D4-B867-441E-8C38-971019ED3947_1_201_a-scaled.jpeg\" class=\"attachment-thumbnail size-thumbnail\" alt=\"\" \/><\/a> <a href=\"https:\/\/lalmachine.com\/wp-content\/uploads\/2024\/09\/92012E04-84CB-46C2-94C0-D56B25D225CA_1_201_a-scaled.jpeg\"><img loading=\"lazy\" decoding=\"async\" width=\"96\" height=\"96\" src=\"https:\/\/lalmachine.com\/wp-content\/uploads\/2024\/09\/92012E04-84CB-46C2-94C0-D56B25D225CA_1_201_a-scaled.jpeg\" class=\"attachment-thumbnail size-thumbnail\" alt=\"\" \/><\/a> <a href=\"https:\/\/lalmachine.com\/wp-content\/uploads\/2024\/09\/6BFB376F-2E41-4AB3-8F9E-E38CA184AC31_1_201_a-scaled.jpeg\"><img loading=\"lazy\" decoding=\"async\" width=\"96\" height=\"96\" src=\"https:\/\/lalmachine.com\/wp-content\/uploads\/2024\/09\/6BFB376F-2E41-4AB3-8F9E-E38CA184AC31_1_201_a-scaled.jpeg\" class=\"attachment-thumbnail size-thumbnail\" alt=\"\" \/><\/a> <a href=\"https:\/\/lalmachine.com\/wp-content\/uploads\/2024\/09\/DF0974E0-54FB-4452-A828-04061F4FD84D_1_201_a-scaled.jpeg\"><img loading=\"lazy\" decoding=\"async\" width=\"96\" height=\"96\" src=\"https:\/\/lalmachine.com\/wp-content\/uploads\/2024\/09\/DF0974E0-54FB-4452-A828-04061F4FD84D_1_201_a-scaled.jpeg\" class=\"attachment-thumbnail size-thumbnail\" alt=\"\" \/><\/a> <a href=\"https:\/\/lalmachine.com\/wp-content\/uploads\/2024\/09\/48390744-6232-4BBE-A557-E6BF36A0B695_1_201_a-scaled.jpeg\"><img loading=\"lazy\" decoding=\"async\" width=\"96\" height=\"96\" src=\"https:\/\/lalmachine.com\/wp-content\/uploads\/2024\/09\/48390744-6232-4BBE-A557-E6BF36A0B695_1_201_a-scaled.jpeg\" class=\"attachment-thumbnail size-thumbnail\" alt=\"\" \/><\/a> <a href=\"https:\/\/lalmachine.com\/wp-content\/uploads\/2024\/09\/1B3F0DA8-5B79-48F6-AB86-71EBE1BA6EEE_1_201_a-scaled.jpeg\"><img loading=\"lazy\" decoding=\"async\" width=\"96\" height=\"96\" src=\"https:\/\/lalmachine.com\/wp-content\/uploads\/2024\/09\/1B3F0DA8-5B79-48F6-AB86-71EBE1BA6EEE_1_201_a-scaled.jpeg\" class=\"attachment-thumbnail size-thumbnail\" alt=\"\" \/><\/a> <a href=\"https:\/\/lalmachine.com\/wp-content\/uploads\/2024\/09\/2D755B1B-5672-403A-8059-DFA6638FDF98_1_201_a-scaled.jpeg\"><img loading=\"lazy\" decoding=\"async\" width=\"96\" height=\"96\" src=\"https:\/\/lalmachine.com\/wp-content\/uploads\/2024\/09\/2D755B1B-5672-403A-8059-DFA6638FDF98_1_201_a-scaled.jpeg\" class=\"attachment-thumbnail size-thumbnail\" alt=\"\" \/><\/a> <a href=\"https:\/\/lalmachine.com\/wp-content\/uploads\/2024\/09\/AED04E29-9B7F-44D4-984D-9E2286AEA446_1_201_a-scaled.jpeg\"><img loading=\"lazy\" decoding=\"async\" width=\"96\" height=\"96\" src=\"https:\/\/lalmachine.com\/wp-content\/uploads\/2024\/09\/AED04E29-9B7F-44D4-984D-9E2286AEA446_1_201_a-scaled.jpeg\" class=\"attachment-thumbnail size-thumbnail\" alt=\"\" \/><\/a> <a href=\"https:\/\/lalmachine.com\/wp-content\/uploads\/2024\/09\/1260FE88-BD6E-4A08-AFA4-665C05C06627_1_201_a-scaled.jpeg\"><img loading=\"lazy\" decoding=\"async\" width=\"96\" height=\"96\" src=\"https:\/\/lalmachine.com\/wp-content\/uploads\/2024\/09\/1260FE88-BD6E-4A08-AFA4-665C05C06627_1_201_a-scaled.jpeg\" class=\"attachment-thumbnail size-thumbnail\" alt=\"\" \/><\/a> <a href=\"https:\/\/lalmachine.com\/wp-content\/uploads\/2024\/09\/F3274B02-B884-4789-A9F4-01CBB8B44908_1_201_a-scaled.jpeg\"><img loading=\"lazy\" decoding=\"async\" width=\"96\" height=\"96\" src=\"https:\/\/lalmachine.com\/wp-content\/uploads\/2024\/09\/F3274B02-B884-4789-A9F4-01CBB8B44908_1_201_a-scaled.jpeg\" class=\"attachment-thumbnail size-thumbnail\" alt=\"\" \/><\/a> <a href=\"https:\/\/lalmachine.com\/wp-content\/uploads\/2024\/09\/AE25BA94-1C8C-4723-913A-1DFAB5BAB5DF_1_201_a-scaled.jpeg\"><img loading=\"lazy\" decoding=\"async\" width=\"96\" height=\"96\" src=\"https:\/\/lalmachine.com\/wp-content\/uploads\/2024\/09\/AE25BA94-1C8C-4723-913A-1DFAB5BAB5DF_1_201_a-scaled.jpeg\" class=\"attachment-thumbnail size-thumbnail\" alt=\"\" \/><\/a> <a href=\"https:\/\/lalmachine.com\/wp-content\/uploads\/2024\/09\/493F1531-0EEC-4ABD-9FD5-EC399056475B_1_201_a-scaled.jpeg\"><img loading=\"lazy\" decoding=\"async\" width=\"96\" height=\"96\" src=\"https:\/\/lalmachine.com\/wp-content\/uploads\/2024\/09\/493F1531-0EEC-4ABD-9FD5-EC399056475B_1_201_a-scaled.jpeg\" class=\"attachment-thumbnail size-thumbnail\" alt=\"\" \/><\/a> <a href=\"https:\/\/lalmachine.com\/wp-content\/uploads\/2024\/09\/C2C690FA-5D79-4C3A-A7FF-0FC0DF252942_1_201_a-scaled.jpeg\"><img loading=\"lazy\" decoding=\"async\" width=\"96\" height=\"96\" src=\"https:\/\/lalmachine.com\/wp-content\/uploads\/2024\/09\/C2C690FA-5D79-4C3A-A7FF-0FC0DF252942_1_201_a-scaled.jpeg\" class=\"attachment-thumbnail size-thumbnail\" alt=\"\" \/><\/a> <a href=\"https:\/\/lalmachine.com\/wp-content\/uploads\/2024\/09\/4DF54C42-98A2-4362-9F0B-09A8B3893B68_1_201_a-scaled.jpeg\"><img loading=\"lazy\" decoding=\"async\" width=\"96\" height=\"96\" src=\"https:\/\/lalmachine.com\/wp-content\/uploads\/2024\/09\/4DF54C42-98A2-4362-9F0B-09A8B3893B68_1_201_a-scaled.jpeg\" class=\"attachment-thumbnail size-thumbnail\" alt=\"\" \/><\/a> <\/li>        <li class=\"wpuf-field-data wpuf-field-data-numeric_text_field\">\n                            <label>Prix:<\/label>\n                        1100        <\/li>\n                <li class=\"wpuf-field-data wpuf-field-data-numeric_text_field\">\n                            <label>Quantit\u00e9:<\/label>\n                        0        <\/li>\n                <li class=\"wpuf-field-data wpuf-field-data-numeric_text_field\">\n                            <label>Hauteur (cm):<\/label>\n                        75        <\/li>\n                <li class=\"wpuf-field-data wpuf-field-data-numeric_text_field\">\n                            <label>Largeur (cm):<\/label>\n                        130        <\/li>\n                <li class=\"wpuf-field-data wpuf-field-data-numeric_text_field\">\n                            <label>Profondeur (cm):<\/label>\n                        85        <\/li>\n        <\/ul>","protected":false},"excerpt":{"rendered":"<p>Un style irr\u00e9sistible et sophistiqu\u00e9 !<\/p>\n<p>\u00abUn \u00e2ge avanc\u00e9\u00bb, voil\u00e0 une chose que personne n\u2019aime entendre. Nous si !<\/p>\n<p>Ce ne sont pas nos mots mais ceux de la firme de Willisau.<\/p>\n<p>Nich\u00e9e en plein milieu de la Suisse, cette entreprise bient\u00f4t centenaire fait perdurer un savoir-faire bien helv\u00e9tique. Le \u00ab\u00a0made in swiss\u00a0\u00bb appos\u00e9 le plus souvent aux garde-temps s&rsquo;observe \u00e9galement ici lorsqu&rsquo;on sait o\u00f9 regarder.<\/p>\n<p>En effet, cette table en noyer vous propulse directement \u00e0 l&rsquo;\u00e2ge d&rsquo;or du mobilier design.<\/p>\n<p>Des lignes droites et claires, une belle \u00e9paisseur de plateau et deux solides, mais tr\u00e8s fins, pieds chrom\u00e9s espac\u00e9s par deux jambes m\u00e9talliques noires satin\u00e9es.<\/p>\n<p>Ce n&rsquo;est pas tout, en quelques secondes et sans effort, il suffit de tirer les deux plateaux principaux pour lib\u00e9rer l&rsquo;ing\u00e9nieux syst\u00e8me de rallonges papillon et transformer la table pour passer de 6 \u00e0 8 convives confortablement.<\/p>\n<p>Utilisez-la comme table ou bureau !<\/p>\n<p>Zustand<br \/>\nBon \u00e9tat g\u00e9n\u00e9ral, faibles traces d&rsquo;usure.<\/p>\n<p>Dimensions<br \/>\nHauteur 74.5cm \/ Largeur 130cm \/ Largeur ouverte 200cm \/ profondeur 85cm<\/p>","protected":false},"featured_media":335878,"template":"","meta":{"_et_pb_use_builder":"","_et_pb_old_content":"","_et_gb_content_width":""},"product_brand":[],"product_cat":[47,82],"product_tag":[],"proximite":[283,179],"class_list":{"0":"post-335853","1":"product","2":"type-product","3":"status-publish","4":"has-post-thumbnail","6":"product_cat-meubler","7":"product_cat-table","8":"pa_couleur-bois","9":"pa_etat-bon-etat","10":"pa_materiau-bois","11":"pa_style-vintage","12":"proximite-riviera-pays-denhaut","13":"proximite-vaud","15":"first","16":"outofstock","17":"shipping-taxable","18":"purchasable","19":"product-type-simple"},"yoast_head":"<!-- This site is optimized with the Yoast SEO plugin v27.4 - https:\/\/yoast.com\/product\/yoast-seo-wordpress\/ -->\n<title>Table extensible en noyer, Mobelfabrik Willisau AG, Suisse, 1960&#039;s | lalmachine.com<\/title>\n<meta name=\"description\" content=\"Table extensible en noyer, Mobelfabrik Willisau AG, Suisse, 1960&#039;s\" \/>\n<meta name=\"robots\" content=\"index, follow, max-snippet:-1, max-image-preview:large, max-video-preview:-1\" \/>\n<link rel=\"canonical\" href=\"https:\/\/lalmachine.com\/de\/shop\/meubler\/table\/table-extensible-en-noyer-mobelfabrik-willisau-ag-suisse-1960s\/\" \/>\n<meta property=\"og:locale\" content=\"de_DE\" \/>\n<meta property=\"og:type\" content=\"article\" \/>\n<meta property=\"og:title\" content=\"Table extensible en noyer, Mobelfabrik Willisau AG, Suisse, 1960&#039;s | lalmachine.com\" \/>\n<meta property=\"og:description\" content=\"Table extensible en noyer, Mobelfabrik Willisau AG, Suisse, 1960&#039;s\" \/>\n<meta property=\"og:url\" content=\"https:\/\/lalmachine.com\/de\/shop\/meubler\/table\/table-extensible-en-noyer-mobelfabrik-willisau-ag-suisse-1960s\/\" \/>\n<meta property=\"og:site_name\" content=\"lalmachine.com\" \/>\n<meta property=\"article:publisher\" content=\"https:\/\/facebook.com\/lalmachine\" \/>\n<meta property=\"article:modified_time\" content=\"2024-12-05T21:05:35+00:00\" \/>\n<meta property=\"og:image\" content=\"https:\/\/lalmachine.com\/wp-content\/uploads\/2024\/09\/2D755B1B-5672-403A-8059-DFA6638FDF98_1_201_a-scaled_clipped_rev_1-scaled.jpeg\" \/>\n\t<meta property=\"og:image:width\" content=\"2560\" \/>\n\t<meta property=\"og:image:height\" content=\"2560\" \/>\n\t<meta property=\"og:image:type\" content=\"image\/jpeg\" \/>\n<meta name=\"twitter:card\" content=\"summary_large_image\" \/>\n<script type=\"application\/ld+json\" class=\"yoast-schema-graph\">{\"@context\":\"https:\\\/\\\/schema.org\",\"@graph\":[{\"@type\":\"WebPage\",\"@id\":\"https:\\\/\\\/lalmachine.com\\\/shop\\\/meubler\\\/table\\\/table-extensible-en-noyer-mobelfabrik-willisau-ag-suisse-1960s\\\/\",\"url\":\"https:\\\/\\\/lalmachine.com\\\/shop\\\/meubler\\\/table\\\/table-extensible-en-noyer-mobelfabrik-willisau-ag-suisse-1960s\\\/\",\"name\":\"Table extensible en noyer, Mobelfabrik Willisau AG, Suisse, 1960's | lalmachine.com\",\"isPartOf\":{\"@id\":\"https:\\\/\\\/lalmachine.com\\\/#website\"},\"primaryImageOfPage\":{\"@id\":\"https:\\\/\\\/lalmachine.com\\\/shop\\\/meubler\\\/table\\\/table-extensible-en-noyer-mobelfabrik-willisau-ag-suisse-1960s\\\/#primaryimage\"},\"image\":{\"@id\":\"https:\\\/\\\/lalmachine.com\\\/shop\\\/meubler\\\/table\\\/table-extensible-en-noyer-mobelfabrik-willisau-ag-suisse-1960s\\\/#primaryimage\"},\"thumbnailUrl\":\"https:\\\/\\\/lalmachine.com\\\/wp-content\\\/uploads\\\/2024\\\/09\\\/2D755B1B-5672-403A-8059-DFA6638FDF98_1_201_a-scaled_clipped_rev_1-scaled.jpeg\",\"datePublished\":\"2024-09-19T08:28:36+00:00\",\"dateModified\":\"2024-12-05T21:05:35+00:00\",\"description\":\"Table extensible en noyer, Mobelfabrik Willisau AG, Suisse, 1960's\",\"breadcrumb\":{\"@id\":\"https:\\\/\\\/lalmachine.com\\\/shop\\\/meubler\\\/table\\\/table-extensible-en-noyer-mobelfabrik-willisau-ag-suisse-1960s\\\/#breadcrumb\"},\"inLanguage\":\"de\",\"potentialAction\":[{\"@type\":\"ReadAction\",\"target\":[\"https:\\\/\\\/lalmachine.com\\\/shop\\\/meubler\\\/table\\\/table-extensible-en-noyer-mobelfabrik-willisau-ag-suisse-1960s\\\/\"]}]},{\"@type\":\"ImageObject\",\"inLanguage\":\"de\",\"@id\":\"https:\\\/\\\/lalmachine.com\\\/shop\\\/meubler\\\/table\\\/table-extensible-en-noyer-mobelfabrik-willisau-ag-suisse-1960s\\\/#primaryimage\",\"url\":\"https:\\\/\\\/lalmachine.com\\\/wp-content\\\/uploads\\\/2024\\\/09\\\/2D755B1B-5672-403A-8059-DFA6638FDF98_1_201_a-scaled_clipped_rev_1-scaled.jpeg\",\"contentUrl\":\"https:\\\/\\\/lalmachine.com\\\/wp-content\\\/uploads\\\/2024\\\/09\\\/2D755B1B-5672-403A-8059-DFA6638FDF98_1_201_a-scaled_clipped_rev_1-scaled.jpeg\",\"width\":2560,\"height\":2560},{\"@type\":\"BreadcrumbList\",\"@id\":\"https:\\\/\\\/lalmachine.com\\\/shop\\\/meubler\\\/table\\\/table-extensible-en-noyer-mobelfabrik-willisau-ag-suisse-1960s\\\/#breadcrumb\",\"itemListElement\":[{\"@type\":\"ListItem\",\"position\":1,\"name\":\"Accueil\",\"item\":\"https:\\\/\\\/lalmachine.com\\\/\"},{\"@type\":\"ListItem\",\"position\":2,\"name\":\"Shop\",\"item\":\"https:\\\/\\\/lalmachine.com\\\/shop\\\/\"},{\"@type\":\"ListItem\",\"position\":3,\"name\":\"Table extensible en noyer, Mobelfabrik Willisau AG, Suisse, 1960&#8217;s\"}]},{\"@type\":\"WebSite\",\"@id\":\"https:\\\/\\\/lalmachine.com\\\/#website\",\"url\":\"https:\\\/\\\/lalmachine.com\\\/\",\"name\":\"lalmachine.com\",\"description\":\"Brocante en ligne Suisse | Mobilier et objets d\u00e9co vintage et design\",\"potentialAction\":[{\"@type\":\"SearchAction\",\"target\":{\"@type\":\"EntryPoint\",\"urlTemplate\":\"https:\\\/\\\/lalmachine.com\\\/?s={search_term_string}\"},\"query-input\":{\"@type\":\"PropertyValueSpecification\",\"valueRequired\":true,\"valueName\":\"search_term_string\"}}],\"inLanguage\":\"de\"}]}<\/script>\n<!-- \/ Yoast SEO plugin. -->","yoast_head_json":{"title":"Table extensible en noyer, Mobelfabrik Willisau AG, Suisse, 1960's | lalmachine.com","description":"Table extensible en noyer, Mobelfabrik Willisau AG, Suisse, 1960's","robots":{"index":"index","follow":"follow","max-snippet":"max-snippet:-1","max-image-preview":"max-image-preview:large","max-video-preview":"max-video-preview:-1"},"canonical":"https:\/\/lalmachine.com\/de\/shop\/meubler\/table\/table-extensible-en-noyer-mobelfabrik-willisau-ag-suisse-1960s\/","og_locale":"de_DE","og_type":"article","og_title":"Table extensible en noyer, Mobelfabrik Willisau AG, Suisse, 1960's | lalmachine.com","og_description":"Table extensible en noyer, Mobelfabrik Willisau AG, Suisse, 1960's","og_url":"https:\/\/lalmachine.com\/de\/shop\/meubler\/table\/table-extensible-en-noyer-mobelfabrik-willisau-ag-suisse-1960s\/","og_site_name":"lalmachine.com","article_publisher":"https:\/\/facebook.com\/lalmachine","article_modified_time":"2024-12-05T21:05:35+00:00","og_image":[{"width":2560,"height":2560,"url":"https:\/\/lalmachine.com\/wp-content\/uploads\/2024\/09\/2D755B1B-5672-403A-8059-DFA6638FDF98_1_201_a-scaled_clipped_rev_1-scaled.jpeg","type":"image\/jpeg"}],"twitter_card":"summary_large_image","schema":{"@context":"https:\/\/schema.org","@graph":[{"@type":"WebPage","@id":"https:\/\/lalmachine.com\/shop\/meubler\/table\/table-extensible-en-noyer-mobelfabrik-willisau-ag-suisse-1960s\/","url":"https:\/\/lalmachine.com\/shop\/meubler\/table\/table-extensible-en-noyer-mobelfabrik-willisau-ag-suisse-1960s\/","name":"Table extensible en noyer, Mobelfabrik Willisau AG, Suisse, 1960's | lalmachine.com","isPartOf":{"@id":"https:\/\/lalmachine.com\/#website"},"primaryImageOfPage":{"@id":"https:\/\/lalmachine.com\/shop\/meubler\/table\/table-extensible-en-noyer-mobelfabrik-willisau-ag-suisse-1960s\/#primaryimage"},"image":{"@id":"https:\/\/lalmachine.com\/shop\/meubler\/table\/table-extensible-en-noyer-mobelfabrik-willisau-ag-suisse-1960s\/#primaryimage"},"thumbnailUrl":"https:\/\/lalmachine.com\/wp-content\/uploads\/2024\/09\/2D755B1B-5672-403A-8059-DFA6638FDF98_1_201_a-scaled_clipped_rev_1-scaled.jpeg","datePublished":"2024-09-19T08:28:36+00:00","dateModified":"2024-12-05T21:05:35+00:00","description":"Table extensible en noyer, Mobelfabrik Willisau AG, Suisse, 1960's","breadcrumb":{"@id":"https:\/\/lalmachine.com\/shop\/meubler\/table\/table-extensible-en-noyer-mobelfabrik-willisau-ag-suisse-1960s\/#breadcrumb"},"inLanguage":"de","potentialAction":[{"@type":"ReadAction","target":["https:\/\/lalmachine.com\/shop\/meubler\/table\/table-extensible-en-noyer-mobelfabrik-willisau-ag-suisse-1960s\/"]}]},{"@type":"ImageObject","inLanguage":"de","@id":"https:\/\/lalmachine.com\/shop\/meubler\/table\/table-extensible-en-noyer-mobelfabrik-willisau-ag-suisse-1960s\/#primaryimage","url":"https:\/\/lalmachine.com\/wp-content\/uploads\/2024\/09\/2D755B1B-5672-403A-8059-DFA6638FDF98_1_201_a-scaled_clipped_rev_1-scaled.jpeg","contentUrl":"https:\/\/lalmachine.com\/wp-content\/uploads\/2024\/09\/2D755B1B-5672-403A-8059-DFA6638FDF98_1_201_a-scaled_clipped_rev_1-scaled.jpeg","width":2560,"height":2560},{"@type":"BreadcrumbList","@id":"https:\/\/lalmachine.com\/shop\/meubler\/table\/table-extensible-en-noyer-mobelfabrik-willisau-ag-suisse-1960s\/#breadcrumb","itemListElement":[{"@type":"ListItem","position":1,"name":"Accueil","item":"https:\/\/lalmachine.com\/"},{"@type":"ListItem","position":2,"name":"Shop","item":"https:\/\/lalmachine.com\/shop\/"},{"@type":"ListItem","position":3,"name":"Table extensible en noyer, Mobelfabrik Willisau AG, Suisse, 1960&#8217;s"}]},{"@type":"WebSite","@id":"https:\/\/lalmachine.com\/#website","url":"https:\/\/lalmachine.com\/","name":"lalmachine.com","description":"Brocante en ligne Suisse | Mobilier et objets d\u00e9co vintage et design","potentialAction":[{"@type":"SearchAction","target":{"@type":"EntryPoint","urlTemplate":"https:\/\/lalmachine.com\/?s={search_term_string}"},"query-input":{"@type":"PropertyValueSpecification","valueRequired":true,"valueName":"search_term_string"}}],"inLanguage":"de"}]}},"_links":{"self":[{"href":"https:\/\/lalmachine.com\/de\/wp-json\/wp\/v2\/product\/335853","targetHints":{"allow":["GET"]}}],"collection":[{"href":"https:\/\/lalmachine.com\/de\/wp-json\/wp\/v2\/product"}],"about":[{"href":"https:\/\/lalmachine.com\/de\/wp-json\/wp\/v2\/types\/product"}],"wp:featuredmedia":[{"embeddable":true,"href":"https:\/\/lalmachine.com\/de\/wp-json\/wp\/v2\/media\/335878"}],"wp:attachment":[{"href":"https:\/\/lalmachine.com\/de\/wp-json\/wp\/v2\/media?parent=335853"}],"wp:term":[{"taxonomy":"product_brand","embeddable":true,"href":"https:\/\/lalmachine.com\/de\/wp-json\/wp\/v2\/product_brand?post=335853"},{"taxonomy":"product_cat","embeddable":true,"href":"https:\/\/lalmachine.com\/de\/wp-json\/wp\/v2\/product_cat?post=335853"},{"taxonomy":"product_tag","embeddable":true,"href":"https:\/\/lalmachine.com\/de\/wp-json\/wp\/v2\/product_tag?post=335853"},{"taxonomy":"proximite","embeddable":true,"href":"https:\/\/lalmachine.com\/de\/wp-json\/wp\/v2\/proximite?post=335853"}],"curies":[{"name":"wp","href":"https:\/\/api.w.org\/{rel}","templated":true}]}}