{"id":335921,"date":"2024-09-20T21:30:26","date_gmt":"2024-09-20T19:30:26","guid":{"rendered":"https:\/\/lalmachine.com\/?post_type=product&#038;p=335921"},"modified":"2024-12-05T22:05:35","modified_gmt":"2024-12-05T21:05:35","slug":"meuble-de-rangement-flototto","status":"publish","type":"product","link":"https:\/\/lalmachine.com\/de\/shop\/meubler\/meuble-de-rangement\/meuble-de-rangement-flototto\/","title":{"rendered":"Meuble de rangement Fl\u00f6totto"},"content":{"rendered":"<ul class=\"wpuf_customs\"><li style=\"list-style-type:none;\"><label>Autres photos:<\/label> <a href=\"https:\/\/lalmachine.com\/wp-content\/uploads\/2024\/09\/IMG20240903151102-scaled.jpg\"><img loading=\"lazy\" decoding=\"async\" width=\"72\" height=\"96\" src=\"https:\/\/lalmachine.com\/wp-content\/uploads\/2024\/09\/IMG20240903151102-scaled.jpg\" class=\"attachment-thumbnail size-thumbnail\" alt=\"\" \/><\/a> <a href=\"https:\/\/lalmachine.com\/wp-content\/uploads\/2024\/09\/IMG20240903151119-scaled.jpg\"><img loading=\"lazy\" decoding=\"async\" width=\"72\" height=\"96\" src=\"https:\/\/lalmachine.com\/wp-content\/uploads\/2024\/09\/IMG20240903151119-scaled.jpg\" class=\"attachment-thumbnail size-thumbnail\" alt=\"\" \/><\/a> <a href=\"https:\/\/lalmachine.com\/wp-content\/uploads\/2024\/09\/IMG20240903151130-scaled.jpg\"><img loading=\"lazy\" decoding=\"async\" width=\"72\" height=\"96\" src=\"https:\/\/lalmachine.com\/wp-content\/uploads\/2024\/09\/IMG20240903151130-scaled.jpg\" class=\"attachment-thumbnail size-thumbnail\" alt=\"\" \/><\/a> <a href=\"https:\/\/lalmachine.com\/wp-content\/uploads\/2024\/09\/IMG20240903151203-scaled.jpg\"><img loading=\"lazy\" decoding=\"async\" width=\"72\" height=\"96\" src=\"https:\/\/lalmachine.com\/wp-content\/uploads\/2024\/09\/IMG20240903151203-scaled.jpg\" class=\"attachment-thumbnail size-thumbnail\" alt=\"\" \/><\/a> <a href=\"https:\/\/lalmachine.com\/wp-content\/uploads\/2024\/09\/IMG20240903151212-scaled.jpg\"><img loading=\"lazy\" decoding=\"async\" width=\"72\" height=\"96\" src=\"https:\/\/lalmachine.com\/wp-content\/uploads\/2024\/09\/IMG20240903151212-scaled.jpg\" class=\"attachment-thumbnail size-thumbnail\" alt=\"\" \/><\/a> <a href=\"https:\/\/lalmachine.com\/wp-content\/uploads\/2024\/09\/IMG20240903151224-scaled.jpg\"><img loading=\"lazy\" decoding=\"async\" width=\"72\" height=\"96\" src=\"https:\/\/lalmachine.com\/wp-content\/uploads\/2024\/09\/IMG20240903151224-scaled.jpg\" class=\"attachment-thumbnail size-thumbnail\" alt=\"\" \/><\/a> <a href=\"https:\/\/lalmachine.com\/wp-content\/uploads\/2024\/09\/IMG20240903151243-scaled.jpg\"><img loading=\"lazy\" decoding=\"async\" width=\"72\" height=\"96\" src=\"https:\/\/lalmachine.com\/wp-content\/uploads\/2024\/09\/IMG20240903151243-scaled.jpg\" class=\"attachment-thumbnail size-thumbnail\" alt=\"\" \/><\/a> <a href=\"https:\/\/lalmachine.com\/wp-content\/uploads\/2024\/09\/IMG20240903151249-scaled.jpg\"><img loading=\"lazy\" decoding=\"async\" width=\"72\" height=\"96\" src=\"https:\/\/lalmachine.com\/wp-content\/uploads\/2024\/09\/IMG20240903151249-scaled.jpg\" class=\"attachment-thumbnail size-thumbnail\" alt=\"\" \/><\/a> <a href=\"https:\/\/lalmachine.com\/wp-content\/uploads\/2024\/09\/IMG20240903151300-scaled.jpg\"><img loading=\"lazy\" decoding=\"async\" width=\"72\" height=\"96\" src=\"https:\/\/lalmachine.com\/wp-content\/uploads\/2024\/09\/IMG20240903151300-scaled.jpg\" class=\"attachment-thumbnail size-thumbnail\" alt=\"\" \/><\/a> <a href=\"https:\/\/lalmachine.com\/wp-content\/uploads\/2024\/09\/IMG20240903151306-scaled.jpg\"><img loading=\"lazy\" decoding=\"async\" width=\"72\" height=\"96\" src=\"https:\/\/lalmachine.com\/wp-content\/uploads\/2024\/09\/IMG20240903151306-scaled.jpg\" class=\"attachment-thumbnail size-thumbnail\" alt=\"\" \/><\/a> <a href=\"https:\/\/lalmachine.com\/wp-content\/uploads\/2024\/09\/IMG20240903151325-scaled.jpg\"><img loading=\"lazy\" decoding=\"async\" width=\"72\" height=\"96\" src=\"https:\/\/lalmachine.com\/wp-content\/uploads\/2024\/09\/IMG20240903151325-scaled.jpg\" class=\"attachment-thumbnail size-thumbnail\" alt=\"\" \/><\/a> <a href=\"https:\/\/lalmachine.com\/wp-content\/uploads\/2024\/09\/IMG20240903151358-scaled.jpg\"><img loading=\"lazy\" decoding=\"async\" width=\"72\" height=\"96\" src=\"https:\/\/lalmachine.com\/wp-content\/uploads\/2024\/09\/IMG20240903151358-scaled.jpg\" class=\"attachment-thumbnail size-thumbnail\" alt=\"\" \/><\/a> <a href=\"https:\/\/lalmachine.com\/wp-content\/uploads\/2024\/09\/IMG20240903151531-scaled.jpg\"><img loading=\"lazy\" decoding=\"async\" width=\"72\" height=\"96\" src=\"https:\/\/lalmachine.com\/wp-content\/uploads\/2024\/09\/IMG20240903151531-scaled.jpg\" class=\"attachment-thumbnail size-thumbnail\" alt=\"\" \/><\/a> <a href=\"https:\/\/lalmachine.com\/wp-content\/uploads\/2024\/09\/IMG20240903152151-scaled.jpg\"><img loading=\"lazy\" decoding=\"async\" width=\"72\" height=\"96\" src=\"https:\/\/lalmachine.com\/wp-content\/uploads\/2024\/09\/IMG20240903152151-scaled.jpg\" class=\"attachment-thumbnail size-thumbnail\" alt=\"\" \/><\/a> <a href=\"https:\/\/lalmachine.com\/wp-content\/uploads\/2024\/09\/IMG20240903152222-scaled.jpg\"><img loading=\"lazy\" decoding=\"async\" width=\"72\" height=\"96\" src=\"https:\/\/lalmachine.com\/wp-content\/uploads\/2024\/09\/IMG20240903152222-scaled.jpg\" class=\"attachment-thumbnail size-thumbnail\" alt=\"\" \/><\/a> <\/li>        <li class=\"wpuf-field-data wpuf-field-data-numeric_text_field\">\n                            <label>Prix:<\/label>\n                        75        <\/li>\n                <li class=\"wpuf-field-data wpuf-field-data-numeric_text_field\">\n                            <label>Hauteur (cm):<\/label>\n                        74        <\/li>\n                <li class=\"wpuf-field-data wpuf-field-data-numeric_text_field\">\n                            <label>Largeur (cm):<\/label>\n                        45        <\/li>\n                <li class=\"wpuf-field-data wpuf-field-data-numeric_text_field\">\n                            <label>Profondeur (cm):<\/label>\n                        45        <\/li>\n        <\/ul>","protected":false},"excerpt":{"rendered":"<p>Meuble de rangement en bois du fabricant allemand Fl\u00f6totto. Avec porte et 3 \u00e9tag\u00e8res \u00e0 l&rsquo;int\u00e9rieur qui peuvent \u00eatre plac\u00e9es \u00e0 la hauteur souhait\u00e9e. Des tr\u00e8s l\u00e9g\u00e8res traces d&rsquo;usure (voir photos). Stable et solide et parfaitement fonctionnel.<\/p>\n<p>Livraison possible dans un rayon de 75 Km autour de Fribourg (sous 2-3 semaines, en bas de l\u2019immeuble, \u00e0 r\u00e9gler le jour de la livraison) :<br \/>\n\u2013 Berne : 30 CHF<br \/>\n\u2013 Lausanne : 75 CHF<br \/>\n\u2013 Autres villes sur demande<\/p>","protected":false},"featured_media":335920,"template":"","meta":{"_et_pb_use_builder":"","_et_pb_old_content":"","_et_gb_content_width":""},"product_brand":[],"product_cat":[83,47],"product_tag":[],"proximite":[177,235],"class_list":{"0":"post-335921","1":"product","2":"type-product","3":"status-publish","4":"has-post-thumbnail","6":"product_cat-meuble-de-rangement","7":"product_cat-meubler","8":"pa_couleur-blanc","9":"pa_etat-bon-etat","10":"pa_materiau-bois","11":"pa_style-design","12":"proximite-fribourg","13":"proximite-sarine","15":"first","16":"outofstock","17":"shipping-taxable","18":"purchasable","19":"product-type-simple"},"yoast_head":"<!-- This site is optimized with the Yoast SEO plugin v27.4 - https:\/\/yoast.com\/product\/yoast-seo-wordpress\/ -->\n<title>Meuble de rangement Fl\u00f6totto | lalmachine.com, mobilier et objets d\u00e9co vintage et design<\/title>\n<meta name=\"description\" content=\"Meuble de rangement en bois du fabricant allemand Fl\u00f6totto. Avec porte et 3 \u00e9tag\u00e8res \u00e0 l&#039;int\u00e9rieur qui peuvent \u00eatre plac\u00e9es \u00e0 la hauteur souhait\u00e9e.\" \/>\n<meta name=\"robots\" content=\"index, follow, max-snippet:-1, max-image-preview:large, max-video-preview:-1\" \/>\n<link rel=\"canonical\" href=\"https:\/\/lalmachine.com\/de\/shop\/meubler\/meuble-de-rangement\/meuble-de-rangement-flototto\/\" \/>\n<meta property=\"og:locale\" content=\"de_DE\" \/>\n<meta property=\"og:type\" content=\"article\" \/>\n<meta property=\"og:title\" content=\"Meuble de rangement Fl\u00f6totto | lalmachine.com, mobilier et objets d\u00e9co vintage et design\" \/>\n<meta property=\"og:description\" content=\"Meuble de rangement en bois du fabricant allemand Fl\u00f6totto. Avec porte et 3 \u00e9tag\u00e8res \u00e0 l&#039;int\u00e9rieur qui peuvent \u00eatre plac\u00e9es \u00e0 la hauteur souhait\u00e9e.\" \/>\n<meta property=\"og:url\" content=\"https:\/\/lalmachine.com\/de\/shop\/meubler\/meuble-de-rangement\/meuble-de-rangement-flototto\/\" \/>\n<meta property=\"og:site_name\" content=\"lalmachine.com\" \/>\n<meta property=\"article:publisher\" content=\"https:\/\/facebook.com\/lalmachine\" \/>\n<meta property=\"article:modified_time\" content=\"2024-12-05T21:05:35+00:00\" \/>\n<meta property=\"og:image\" content=\"https:\/\/lalmachine.com\/wp-content\/uploads\/2024\/09\/IMG20240903151102_clipped_rev_1.jpeg\" \/>\n\t<meta property=\"og:image:width\" content=\"2491\" \/>\n\t<meta property=\"og:image:height\" content=\"2491\" \/>\n\t<meta property=\"og:image:type\" content=\"image\/jpeg\" \/>\n<meta name=\"twitter:card\" content=\"summary_large_image\" \/>\n<script type=\"application\/ld+json\" class=\"yoast-schema-graph\">{\"@context\":\"https:\\\/\\\/schema.org\",\"@graph\":[{\"@type\":\"WebPage\",\"@id\":\"https:\\\/\\\/lalmachine.com\\\/shop\\\/meubler\\\/meuble-de-rangement\\\/meuble-de-rangement-flototto\\\/\",\"url\":\"https:\\\/\\\/lalmachine.com\\\/shop\\\/meubler\\\/meuble-de-rangement\\\/meuble-de-rangement-flototto\\\/\",\"name\":\"Meuble de rangement Fl\u00f6totto | lalmachine.com, mobilier et objets d\u00e9co vintage et design\",\"isPartOf\":{\"@id\":\"https:\\\/\\\/lalmachine.com\\\/#website\"},\"primaryImageOfPage\":{\"@id\":\"https:\\\/\\\/lalmachine.com\\\/shop\\\/meubler\\\/meuble-de-rangement\\\/meuble-de-rangement-flototto\\\/#primaryimage\"},\"image\":{\"@id\":\"https:\\\/\\\/lalmachine.com\\\/shop\\\/meubler\\\/meuble-de-rangement\\\/meuble-de-rangement-flototto\\\/#primaryimage\"},\"thumbnailUrl\":\"https:\\\/\\\/lalmachine.com\\\/wp-content\\\/uploads\\\/2024\\\/09\\\/IMG20240903151102_clipped_rev_1.jpeg\",\"datePublished\":\"2024-09-20T19:30:26+00:00\",\"dateModified\":\"2024-12-05T21:05:35+00:00\",\"description\":\"Meuble de rangement en bois du fabricant allemand Fl\u00f6totto. Avec porte et 3 \u00e9tag\u00e8res \u00e0 l'int\u00e9rieur qui peuvent \u00eatre plac\u00e9es \u00e0 la hauteur souhait\u00e9e.\",\"breadcrumb\":{\"@id\":\"https:\\\/\\\/lalmachine.com\\\/shop\\\/meubler\\\/meuble-de-rangement\\\/meuble-de-rangement-flototto\\\/#breadcrumb\"},\"inLanguage\":\"de\",\"potentialAction\":[{\"@type\":\"ReadAction\",\"target\":[\"https:\\\/\\\/lalmachine.com\\\/shop\\\/meubler\\\/meuble-de-rangement\\\/meuble-de-rangement-flototto\\\/\"]}]},{\"@type\":\"ImageObject\",\"inLanguage\":\"de\",\"@id\":\"https:\\\/\\\/lalmachine.com\\\/shop\\\/meubler\\\/meuble-de-rangement\\\/meuble-de-rangement-flototto\\\/#primaryimage\",\"url\":\"https:\\\/\\\/lalmachine.com\\\/wp-content\\\/uploads\\\/2024\\\/09\\\/IMG20240903151102_clipped_rev_1.jpeg\",\"contentUrl\":\"https:\\\/\\\/lalmachine.com\\\/wp-content\\\/uploads\\\/2024\\\/09\\\/IMG20240903151102_clipped_rev_1.jpeg\",\"width\":2491,\"height\":2491,\"caption\":\"Meuble de rangement Fl\u00f6totto\"},{\"@type\":\"BreadcrumbList\",\"@id\":\"https:\\\/\\\/lalmachine.com\\\/shop\\\/meubler\\\/meuble-de-rangement\\\/meuble-de-rangement-flototto\\\/#breadcrumb\",\"itemListElement\":[{\"@type\":\"ListItem\",\"position\":1,\"name\":\"Accueil\",\"item\":\"https:\\\/\\\/lalmachine.com\\\/\"},{\"@type\":\"ListItem\",\"position\":2,\"name\":\"Shop\",\"item\":\"https:\\\/\\\/lalmachine.com\\\/shop\\\/\"},{\"@type\":\"ListItem\",\"position\":3,\"name\":\"Meuble de rangement Fl\u00f6totto\"}]},{\"@type\":\"WebSite\",\"@id\":\"https:\\\/\\\/lalmachine.com\\\/#website\",\"url\":\"https:\\\/\\\/lalmachine.com\\\/\",\"name\":\"lalmachine.com\",\"description\":\"Brocante en ligne Suisse | Mobilier et objets d\u00e9co vintage et design\",\"potentialAction\":[{\"@type\":\"SearchAction\",\"target\":{\"@type\":\"EntryPoint\",\"urlTemplate\":\"https:\\\/\\\/lalmachine.com\\\/?s={search_term_string}\"},\"query-input\":{\"@type\":\"PropertyValueSpecification\",\"valueRequired\":true,\"valueName\":\"search_term_string\"}}],\"inLanguage\":\"de\"}]}<\/script>\n<!-- \/ Yoast SEO plugin. -->","yoast_head_json":{"title":"Meuble de rangement Fl\u00f6totto | lalmachine.com, mobilier et objets d\u00e9co vintage et design","description":"Meuble de rangement en bois du fabricant allemand Fl\u00f6totto. Avec porte et 3 \u00e9tag\u00e8res \u00e0 l'int\u00e9rieur qui peuvent \u00eatre plac\u00e9es \u00e0 la hauteur souhait\u00e9e.","robots":{"index":"index","follow":"follow","max-snippet":"max-snippet:-1","max-image-preview":"max-image-preview:large","max-video-preview":"max-video-preview:-1"},"canonical":"https:\/\/lalmachine.com\/de\/shop\/meubler\/meuble-de-rangement\/meuble-de-rangement-flototto\/","og_locale":"de_DE","og_type":"article","og_title":"Meuble de rangement Fl\u00f6totto | lalmachine.com, mobilier et objets d\u00e9co vintage et design","og_description":"Meuble de rangement en bois du fabricant allemand Fl\u00f6totto. Avec porte et 3 \u00e9tag\u00e8res \u00e0 l'int\u00e9rieur qui peuvent \u00eatre plac\u00e9es \u00e0 la hauteur souhait\u00e9e.","og_url":"https:\/\/lalmachine.com\/de\/shop\/meubler\/meuble-de-rangement\/meuble-de-rangement-flototto\/","og_site_name":"lalmachine.com","article_publisher":"https:\/\/facebook.com\/lalmachine","article_modified_time":"2024-12-05T21:05:35+00:00","og_image":[{"width":2491,"height":2491,"url":"https:\/\/lalmachine.com\/wp-content\/uploads\/2024\/09\/IMG20240903151102_clipped_rev_1.jpeg","type":"image\/jpeg"}],"twitter_card":"summary_large_image","schema":{"@context":"https:\/\/schema.org","@graph":[{"@type":"WebPage","@id":"https:\/\/lalmachine.com\/shop\/meubler\/meuble-de-rangement\/meuble-de-rangement-flototto\/","url":"https:\/\/lalmachine.com\/shop\/meubler\/meuble-de-rangement\/meuble-de-rangement-flototto\/","name":"Meuble de rangement Fl\u00f6totto | lalmachine.com, mobilier et objets d\u00e9co vintage et design","isPartOf":{"@id":"https:\/\/lalmachine.com\/#website"},"primaryImageOfPage":{"@id":"https:\/\/lalmachine.com\/shop\/meubler\/meuble-de-rangement\/meuble-de-rangement-flototto\/#primaryimage"},"image":{"@id":"https:\/\/lalmachine.com\/shop\/meubler\/meuble-de-rangement\/meuble-de-rangement-flototto\/#primaryimage"},"thumbnailUrl":"https:\/\/lalmachine.com\/wp-content\/uploads\/2024\/09\/IMG20240903151102_clipped_rev_1.jpeg","datePublished":"2024-09-20T19:30:26+00:00","dateModified":"2024-12-05T21:05:35+00:00","description":"Meuble de rangement en bois du fabricant allemand Fl\u00f6totto. Avec porte et 3 \u00e9tag\u00e8res \u00e0 l'int\u00e9rieur qui peuvent \u00eatre plac\u00e9es \u00e0 la hauteur souhait\u00e9e.","breadcrumb":{"@id":"https:\/\/lalmachine.com\/shop\/meubler\/meuble-de-rangement\/meuble-de-rangement-flototto\/#breadcrumb"},"inLanguage":"de","potentialAction":[{"@type":"ReadAction","target":["https:\/\/lalmachine.com\/shop\/meubler\/meuble-de-rangement\/meuble-de-rangement-flototto\/"]}]},{"@type":"ImageObject","inLanguage":"de","@id":"https:\/\/lalmachine.com\/shop\/meubler\/meuble-de-rangement\/meuble-de-rangement-flototto\/#primaryimage","url":"https:\/\/lalmachine.com\/wp-content\/uploads\/2024\/09\/IMG20240903151102_clipped_rev_1.jpeg","contentUrl":"https:\/\/lalmachine.com\/wp-content\/uploads\/2024\/09\/IMG20240903151102_clipped_rev_1.jpeg","width":2491,"height":2491,"caption":"Meuble de rangement Fl\u00f6totto"},{"@type":"BreadcrumbList","@id":"https:\/\/lalmachine.com\/shop\/meubler\/meuble-de-rangement\/meuble-de-rangement-flototto\/#breadcrumb","itemListElement":[{"@type":"ListItem","position":1,"name":"Accueil","item":"https:\/\/lalmachine.com\/"},{"@type":"ListItem","position":2,"name":"Shop","item":"https:\/\/lalmachine.com\/shop\/"},{"@type":"ListItem","position":3,"name":"Meuble de rangement Fl\u00f6totto"}]},{"@type":"WebSite","@id":"https:\/\/lalmachine.com\/#website","url":"https:\/\/lalmachine.com\/","name":"lalmachine.com","description":"Brocante en ligne Suisse | Mobilier et objets d\u00e9co vintage et design","potentialAction":[{"@type":"SearchAction","target":{"@type":"EntryPoint","urlTemplate":"https:\/\/lalmachine.com\/?s={search_term_string}"},"query-input":{"@type":"PropertyValueSpecification","valueRequired":true,"valueName":"search_term_string"}}],"inLanguage":"de"}]}},"_links":{"self":[{"href":"https:\/\/lalmachine.com\/de\/wp-json\/wp\/v2\/product\/335921","targetHints":{"allow":["GET"]}}],"collection":[{"href":"https:\/\/lalmachine.com\/de\/wp-json\/wp\/v2\/product"}],"about":[{"href":"https:\/\/lalmachine.com\/de\/wp-json\/wp\/v2\/types\/product"}],"wp:featuredmedia":[{"embeddable":true,"href":"https:\/\/lalmachine.com\/de\/wp-json\/wp\/v2\/media\/335920"}],"wp:attachment":[{"href":"https:\/\/lalmachine.com\/de\/wp-json\/wp\/v2\/media?parent=335921"}],"wp:term":[{"taxonomy":"product_brand","embeddable":true,"href":"https:\/\/lalmachine.com\/de\/wp-json\/wp\/v2\/product_brand?post=335921"},{"taxonomy":"product_cat","embeddable":true,"href":"https:\/\/lalmachine.com\/de\/wp-json\/wp\/v2\/product_cat?post=335921"},{"taxonomy":"product_tag","embeddable":true,"href":"https:\/\/lalmachine.com\/de\/wp-json\/wp\/v2\/product_tag?post=335921"},{"taxonomy":"proximite","embeddable":true,"href":"https:\/\/lalmachine.com\/de\/wp-json\/wp\/v2\/proximite?post=335921"}],"curies":[{"name":"wp","href":"https:\/\/api.w.org\/{rel}","templated":true}]}}