{"id":336310,"date":"2024-09-30T19:01:01","date_gmt":"2024-09-30T17:01:01","guid":{"rendered":"https:\/\/lalmachine.com\/?post_type=product&#038;p=336310"},"modified":"2024-12-05T22:05:38","modified_gmt":"2024-12-05T21:05:38","slug":"serigraphie-de-pierre-keller","status":"publish","type":"product","link":"https:\/\/lalmachine.com\/de\/shop\/decorer\/art-and-co\/serigraphie-de-pierre-keller\/","title":{"rendered":"S\u00e9rigraphie de Pierre Keller"},"content":{"rendered":"<ul class=\"wpuf_customs\"><li style=\"list-style-type:none;\"><label>Autres photos:<\/label> <a href=\"https:\/\/lalmachine.com\/wp-content\/uploads\/2024\/09\/serigraphie-pierre-keller-boutique-du-mail-geneve.jpg\"><img loading=\"lazy\" decoding=\"async\" width=\"128\" height=\"85\" src=\"https:\/\/lalmachine.com\/wp-content\/uploads\/2024\/09\/serigraphie-pierre-keller-boutique-du-mail-geneve.jpg\" class=\"attachment-thumbnail size-thumbnail\" alt=\"\" \/><\/a> <a href=\"https:\/\/lalmachine.com\/wp-content\/uploads\/2024\/09\/serigraphie-pierre-keller-vente-boutique-du-mail-geneve.jpg\"><img loading=\"lazy\" decoding=\"async\" width=\"96\" height=\"96\" src=\"https:\/\/lalmachine.com\/wp-content\/uploads\/2024\/09\/serigraphie-pierre-keller-vente-boutique-du-mail-geneve.jpg\" class=\"attachment-thumbnail size-thumbnail\" alt=\"\" \/><\/a> <a href=\"https:\/\/lalmachine.com\/wp-content\/uploads\/2024\/09\/estampe-serigraphie-pierre-keller-vente-boutique-du-mail-geneve.jpg\"><img loading=\"lazy\" decoding=\"async\" width=\"96\" height=\"96\" src=\"https:\/\/lalmachine.com\/wp-content\/uploads\/2024\/09\/estampe-serigraphie-pierre-keller-vente-boutique-du-mail-geneve.jpg\" class=\"attachment-thumbnail size-thumbnail\" alt=\"\" \/><\/a> <\/li>        <li class=\"wpuf-field-data wpuf-field-data-numeric_text_field\">\n                            <label>Prix:<\/label>\n                        180        <\/li>\n                <li class=\"wpuf-field-data wpuf-field-data-numeric_text_field\">\n                            <label>Hauteur (cm):<\/label>\n                        60        <\/li>\n                <li class=\"wpuf-field-data wpuf-field-data-numeric_text_field\">\n                            <label>Largeur (cm):<\/label>\n                        60        <\/li>\n        <\/ul>","protected":false},"excerpt":{"rendered":"<p>Pierre Keller, artiste, graphiste et photographe (1945-2019)<\/p>\n<p>Formation de graphiste en 1965 \u00e0 l\u2019\u00c9cole cantonale d\u2019art de Lausanne (LECAL). De 1988 \u00e0 1991, il est d\u00e9l\u00e9gu\u00e9 du Conseil d\u2019\u00c9tat vaudois pour l\u2019organisation du 700e anniversaire de la Suisse. En 1995, il devient membre du conseil de la Fondation suisse pour la photographie.<\/p>\n<p>De 1995 \u00e0 2011 il prend la direction de l\u2019\u00c9cole cantonale d\u2019art de Lausanne (LECAL), il la conduit en quelques ann\u00e9es dans le Top 5 des \u00e9coles d\u2019art europ\u00e9ennes.<\/p>","protected":false},"featured_media":336320,"template":"","meta":{"_et_pb_use_builder":"","_et_pb_old_content":"","_et_gb_content_width":""},"product_brand":[],"product_cat":[365,50],"product_tag":[],"proximite":[180],"class_list":{"0":"post-336310","1":"product","2":"type-product","3":"status-publish","4":"has-post-thumbnail","6":"product_cat-art-and-co","7":"product_cat-decorer","8":"product_shipping_class-0-2-kg","9":"pa_couleur-gris","10":"pa_etat-tres-bon-etat","11":"pa_materiau-papier-carton","12":"pa_style-art-contemporain","13":"proximite-geneve","15":"first","16":"outofstock","17":"shipping-taxable","18":"purchasable","19":"product-type-simple"},"yoast_head":"<!-- This site is optimized with the Yoast SEO plugin v27.4 - https:\/\/yoast.com\/product\/yoast-seo-wordpress\/ -->\n<title>S\u00e9rigraphie de Pierre Keller | lalmachine.com, mobilier et objets d\u00e9co vintage et design<\/title>\n<meta name=\"description\" content=\"S\u00e9rigraphie de Pierre Keller\" \/>\n<meta name=\"robots\" content=\"index, follow, max-snippet:-1, max-image-preview:large, max-video-preview:-1\" \/>\n<link rel=\"canonical\" href=\"https:\/\/lalmachine.com\/de\/shop\/decorer\/art-and-co\/serigraphie-de-pierre-keller\/\" \/>\n<meta property=\"og:locale\" content=\"de_DE\" \/>\n<meta property=\"og:type\" content=\"article\" \/>\n<meta property=\"og:title\" content=\"S\u00e9rigraphie de Pierre Keller | lalmachine.com, mobilier et objets d\u00e9co vintage et design\" \/>\n<meta property=\"og:description\" content=\"S\u00e9rigraphie de Pierre Keller\" \/>\n<meta property=\"og:url\" content=\"https:\/\/lalmachine.com\/de\/shop\/decorer\/art-and-co\/serigraphie-de-pierre-keller\/\" \/>\n<meta property=\"og:site_name\" content=\"lalmachine.com\" \/>\n<meta property=\"article:publisher\" content=\"https:\/\/facebook.com\/lalmachine\" \/>\n<meta property=\"article:modified_time\" content=\"2024-12-05T21:05:38+00:00\" \/>\n<meta property=\"og:image\" content=\"https:\/\/lalmachine.com\/wp-content\/uploads\/2024\/09\/serigraphie-pierre-keller-art-xxe-vente-boutique-du-mail-geneve_clipped_rev_1.jpeg\" \/>\n\t<meta property=\"og:image:width\" content=\"1583\" \/>\n\t<meta property=\"og:image:height\" content=\"1583\" \/>\n\t<meta property=\"og:image:type\" content=\"image\/jpeg\" \/>\n<meta name=\"twitter:card\" content=\"summary_large_image\" \/>\n<script type=\"application\/ld+json\" class=\"yoast-schema-graph\">{\"@context\":\"https:\\\/\\\/schema.org\",\"@graph\":[{\"@type\":\"WebPage\",\"@id\":\"https:\\\/\\\/lalmachine.com\\\/shop\\\/decorer\\\/art-and-co\\\/serigraphie-de-pierre-keller\\\/\",\"url\":\"https:\\\/\\\/lalmachine.com\\\/shop\\\/decorer\\\/art-and-co\\\/serigraphie-de-pierre-keller\\\/\",\"name\":\"S\u00e9rigraphie de Pierre Keller | lalmachine.com, mobilier et objets d\u00e9co vintage et design\",\"isPartOf\":{\"@id\":\"https:\\\/\\\/lalmachine.com\\\/#website\"},\"primaryImageOfPage\":{\"@id\":\"https:\\\/\\\/lalmachine.com\\\/shop\\\/decorer\\\/art-and-co\\\/serigraphie-de-pierre-keller\\\/#primaryimage\"},\"image\":{\"@id\":\"https:\\\/\\\/lalmachine.com\\\/shop\\\/decorer\\\/art-and-co\\\/serigraphie-de-pierre-keller\\\/#primaryimage\"},\"thumbnailUrl\":\"https:\\\/\\\/lalmachine.com\\\/wp-content\\\/uploads\\\/2024\\\/09\\\/serigraphie-pierre-keller-art-xxe-vente-boutique-du-mail-geneve_clipped_rev_1.jpeg\",\"datePublished\":\"2024-09-30T17:01:01+00:00\",\"dateModified\":\"2024-12-05T21:05:38+00:00\",\"description\":\"S\u00e9rigraphie de Pierre Keller\",\"breadcrumb\":{\"@id\":\"https:\\\/\\\/lalmachine.com\\\/shop\\\/decorer\\\/art-and-co\\\/serigraphie-de-pierre-keller\\\/#breadcrumb\"},\"inLanguage\":\"de\",\"potentialAction\":[{\"@type\":\"ReadAction\",\"target\":[\"https:\\\/\\\/lalmachine.com\\\/shop\\\/decorer\\\/art-and-co\\\/serigraphie-de-pierre-keller\\\/\"]}]},{\"@type\":\"ImageObject\",\"inLanguage\":\"de\",\"@id\":\"https:\\\/\\\/lalmachine.com\\\/shop\\\/decorer\\\/art-and-co\\\/serigraphie-de-pierre-keller\\\/#primaryimage\",\"url\":\"https:\\\/\\\/lalmachine.com\\\/wp-content\\\/uploads\\\/2024\\\/09\\\/serigraphie-pierre-keller-art-xxe-vente-boutique-du-mail-geneve_clipped_rev_1.jpeg\",\"contentUrl\":\"https:\\\/\\\/lalmachine.com\\\/wp-content\\\/uploads\\\/2024\\\/09\\\/serigraphie-pierre-keller-art-xxe-vente-boutique-du-mail-geneve_clipped_rev_1.jpeg\",\"width\":1583,\"height\":1583},{\"@type\":\"BreadcrumbList\",\"@id\":\"https:\\\/\\\/lalmachine.com\\\/shop\\\/decorer\\\/art-and-co\\\/serigraphie-de-pierre-keller\\\/#breadcrumb\",\"itemListElement\":[{\"@type\":\"ListItem\",\"position\":1,\"name\":\"Accueil\",\"item\":\"https:\\\/\\\/lalmachine.com\\\/\"},{\"@type\":\"ListItem\",\"position\":2,\"name\":\"Shop\",\"item\":\"https:\\\/\\\/lalmachine.com\\\/shop\\\/\"},{\"@type\":\"ListItem\",\"position\":3,\"name\":\"S\u00e9rigraphie de Pierre Keller\"}]},{\"@type\":\"WebSite\",\"@id\":\"https:\\\/\\\/lalmachine.com\\\/#website\",\"url\":\"https:\\\/\\\/lalmachine.com\\\/\",\"name\":\"lalmachine.com\",\"description\":\"Brocante en ligne Suisse | Mobilier et objets d\u00e9co vintage et design\",\"potentialAction\":[{\"@type\":\"SearchAction\",\"target\":{\"@type\":\"EntryPoint\",\"urlTemplate\":\"https:\\\/\\\/lalmachine.com\\\/?s={search_term_string}\"},\"query-input\":{\"@type\":\"PropertyValueSpecification\",\"valueRequired\":true,\"valueName\":\"search_term_string\"}}],\"inLanguage\":\"de\"}]}<\/script>\n<!-- \/ Yoast SEO plugin. -->","yoast_head_json":{"title":"S\u00e9rigraphie de Pierre Keller | lalmachine.com, mobilier et objets d\u00e9co vintage et design","description":"S\u00e9rigraphie de Pierre Keller","robots":{"index":"index","follow":"follow","max-snippet":"max-snippet:-1","max-image-preview":"max-image-preview:large","max-video-preview":"max-video-preview:-1"},"canonical":"https:\/\/lalmachine.com\/de\/shop\/decorer\/art-and-co\/serigraphie-de-pierre-keller\/","og_locale":"de_DE","og_type":"article","og_title":"S\u00e9rigraphie de Pierre Keller | lalmachine.com, mobilier et objets d\u00e9co vintage et design","og_description":"S\u00e9rigraphie de Pierre Keller","og_url":"https:\/\/lalmachine.com\/de\/shop\/decorer\/art-and-co\/serigraphie-de-pierre-keller\/","og_site_name":"lalmachine.com","article_publisher":"https:\/\/facebook.com\/lalmachine","article_modified_time":"2024-12-05T21:05:38+00:00","og_image":[{"width":1583,"height":1583,"url":"https:\/\/lalmachine.com\/wp-content\/uploads\/2024\/09\/serigraphie-pierre-keller-art-xxe-vente-boutique-du-mail-geneve_clipped_rev_1.jpeg","type":"image\/jpeg"}],"twitter_card":"summary_large_image","schema":{"@context":"https:\/\/schema.org","@graph":[{"@type":"WebPage","@id":"https:\/\/lalmachine.com\/shop\/decorer\/art-and-co\/serigraphie-de-pierre-keller\/","url":"https:\/\/lalmachine.com\/shop\/decorer\/art-and-co\/serigraphie-de-pierre-keller\/","name":"S\u00e9rigraphie de Pierre Keller | lalmachine.com, mobilier et objets d\u00e9co vintage et design","isPartOf":{"@id":"https:\/\/lalmachine.com\/#website"},"primaryImageOfPage":{"@id":"https:\/\/lalmachine.com\/shop\/decorer\/art-and-co\/serigraphie-de-pierre-keller\/#primaryimage"},"image":{"@id":"https:\/\/lalmachine.com\/shop\/decorer\/art-and-co\/serigraphie-de-pierre-keller\/#primaryimage"},"thumbnailUrl":"https:\/\/lalmachine.com\/wp-content\/uploads\/2024\/09\/serigraphie-pierre-keller-art-xxe-vente-boutique-du-mail-geneve_clipped_rev_1.jpeg","datePublished":"2024-09-30T17:01:01+00:00","dateModified":"2024-12-05T21:05:38+00:00","description":"S\u00e9rigraphie de Pierre Keller","breadcrumb":{"@id":"https:\/\/lalmachine.com\/shop\/decorer\/art-and-co\/serigraphie-de-pierre-keller\/#breadcrumb"},"inLanguage":"de","potentialAction":[{"@type":"ReadAction","target":["https:\/\/lalmachine.com\/shop\/decorer\/art-and-co\/serigraphie-de-pierre-keller\/"]}]},{"@type":"ImageObject","inLanguage":"de","@id":"https:\/\/lalmachine.com\/shop\/decorer\/art-and-co\/serigraphie-de-pierre-keller\/#primaryimage","url":"https:\/\/lalmachine.com\/wp-content\/uploads\/2024\/09\/serigraphie-pierre-keller-art-xxe-vente-boutique-du-mail-geneve_clipped_rev_1.jpeg","contentUrl":"https:\/\/lalmachine.com\/wp-content\/uploads\/2024\/09\/serigraphie-pierre-keller-art-xxe-vente-boutique-du-mail-geneve_clipped_rev_1.jpeg","width":1583,"height":1583},{"@type":"BreadcrumbList","@id":"https:\/\/lalmachine.com\/shop\/decorer\/art-and-co\/serigraphie-de-pierre-keller\/#breadcrumb","itemListElement":[{"@type":"ListItem","position":1,"name":"Accueil","item":"https:\/\/lalmachine.com\/"},{"@type":"ListItem","position":2,"name":"Shop","item":"https:\/\/lalmachine.com\/shop\/"},{"@type":"ListItem","position":3,"name":"S\u00e9rigraphie de Pierre Keller"}]},{"@type":"WebSite","@id":"https:\/\/lalmachine.com\/#website","url":"https:\/\/lalmachine.com\/","name":"lalmachine.com","description":"Brocante en ligne Suisse | Mobilier et objets d\u00e9co vintage et design","potentialAction":[{"@type":"SearchAction","target":{"@type":"EntryPoint","urlTemplate":"https:\/\/lalmachine.com\/?s={search_term_string}"},"query-input":{"@type":"PropertyValueSpecification","valueRequired":true,"valueName":"search_term_string"}}],"inLanguage":"de"}]}},"_links":{"self":[{"href":"https:\/\/lalmachine.com\/de\/wp-json\/wp\/v2\/product\/336310","targetHints":{"allow":["GET"]}}],"collection":[{"href":"https:\/\/lalmachine.com\/de\/wp-json\/wp\/v2\/product"}],"about":[{"href":"https:\/\/lalmachine.com\/de\/wp-json\/wp\/v2\/types\/product"}],"wp:featuredmedia":[{"embeddable":true,"href":"https:\/\/lalmachine.com\/de\/wp-json\/wp\/v2\/media\/336320"}],"wp:attachment":[{"href":"https:\/\/lalmachine.com\/de\/wp-json\/wp\/v2\/media?parent=336310"}],"wp:term":[{"taxonomy":"product_brand","embeddable":true,"href":"https:\/\/lalmachine.com\/de\/wp-json\/wp\/v2\/product_brand?post=336310"},{"taxonomy":"product_cat","embeddable":true,"href":"https:\/\/lalmachine.com\/de\/wp-json\/wp\/v2\/product_cat?post=336310"},{"taxonomy":"product_tag","embeddable":true,"href":"https:\/\/lalmachine.com\/de\/wp-json\/wp\/v2\/product_tag?post=336310"},{"taxonomy":"proximite","embeddable":true,"href":"https:\/\/lalmachine.com\/de\/wp-json\/wp\/v2\/proximite?post=336310"}],"curies":[{"name":"wp","href":"https:\/\/api.w.org\/{rel}","templated":true}]}}