{"id":337057,"date":"2024-10-22T11:18:41","date_gmt":"2024-10-22T09:18:41","guid":{"rendered":"https:\/\/lalmachine.com\/?post_type=product&#038;p=337057"},"modified":"2024-12-05T22:05:49","modified_gmt":"2024-12-05T21:05:49","slug":"commode-vintage-en-bois-relookee","status":"publish","type":"product","link":"https:\/\/lalmachine.com\/de\/shop\/meubler\/meuble-de-rangement\/commode-vintage-en-bois-relookee\/","title":{"rendered":"Commode vintage en bois relook\u00e9e"},"content":{"rendered":"<ul class=\"wpuf_customs\"><li style=\"list-style-type:none;\"><label>Autres photos:<\/label> <a href=\"https:\/\/lalmachine.com\/wp-content\/uploads\/2024\/10\/EF16E650-CA29-466F-BC12-04E882EC8A99.jpeg\"><img loading=\"lazy\" decoding=\"async\" width=\"91\" height=\"96\" src=\"https:\/\/lalmachine.com\/wp-content\/uploads\/2024\/10\/EF16E650-CA29-466F-BC12-04E882EC8A99.jpeg\" class=\"attachment-thumbnail size-thumbnail\" alt=\"\" \/><\/a> <a href=\"https:\/\/lalmachine.com\/wp-content\/uploads\/2024\/10\/9EDFB757-6CEE-4C9F-89AB-E4C3376CB480.jpeg\"><img loading=\"lazy\" decoding=\"async\" width=\"91\" height=\"96\" src=\"https:\/\/lalmachine.com\/wp-content\/uploads\/2024\/10\/9EDFB757-6CEE-4C9F-89AB-E4C3376CB480.jpeg\" class=\"attachment-thumbnail size-thumbnail\" alt=\"\" \/><\/a> <a href=\"https:\/\/lalmachine.com\/wp-content\/uploads\/2024\/10\/3DC52514-64A0-4C57-BFFE-A4484650A975.jpeg\"><img loading=\"lazy\" decoding=\"async\" width=\"91\" height=\"96\" src=\"https:\/\/lalmachine.com\/wp-content\/uploads\/2024\/10\/3DC52514-64A0-4C57-BFFE-A4484650A975.jpeg\" class=\"attachment-thumbnail size-thumbnail\" alt=\"\" \/><\/a> <a href=\"https:\/\/lalmachine.com\/wp-content\/uploads\/2024\/10\/77F467D2-BD59-4023-A3FF-B2E26DE3391A.jpeg\"><img loading=\"lazy\" decoding=\"async\" width=\"91\" height=\"96\" src=\"https:\/\/lalmachine.com\/wp-content\/uploads\/2024\/10\/77F467D2-BD59-4023-A3FF-B2E26DE3391A.jpeg\" class=\"attachment-thumbnail size-thumbnail\" alt=\"\" \/><\/a> <a href=\"https:\/\/lalmachine.com\/wp-content\/uploads\/2024\/10\/8ADD50B5-1EB4-493C-9D2F-0879A6F15ED1.jpeg\"><img loading=\"lazy\" decoding=\"async\" width=\"91\" height=\"96\" src=\"https:\/\/lalmachine.com\/wp-content\/uploads\/2024\/10\/8ADD50B5-1EB4-493C-9D2F-0879A6F15ED1.jpeg\" class=\"attachment-thumbnail size-thumbnail\" alt=\"\" \/><\/a> <a href=\"https:\/\/lalmachine.com\/wp-content\/uploads\/2024\/10\/C0E6ED2F-6B60-46DB-8955-F1C069CBC9A3.jpeg\"><img loading=\"lazy\" decoding=\"async\" width=\"91\" height=\"96\" src=\"https:\/\/lalmachine.com\/wp-content\/uploads\/2024\/10\/C0E6ED2F-6B60-46DB-8955-F1C069CBC9A3.jpeg\" class=\"attachment-thumbnail size-thumbnail\" alt=\"\" \/><\/a> <a href=\"https:\/\/lalmachine.com\/wp-content\/uploads\/2024\/10\/DEB3A3AE-0C1F-4EB9-87C4-74D324A34F50.jpeg\"><img loading=\"lazy\" decoding=\"async\" width=\"91\" height=\"96\" src=\"https:\/\/lalmachine.com\/wp-content\/uploads\/2024\/10\/DEB3A3AE-0C1F-4EB9-87C4-74D324A34F50.jpeg\" class=\"attachment-thumbnail size-thumbnail\" alt=\"\" \/><\/a> <\/li>        <li class=\"wpuf-field-data wpuf-field-data-numeric_text_field\">\n                            <label>Prix:<\/label>\n                        160        <\/li>\n                <li class=\"wpuf-field-data wpuf-field-data-numeric_text_field\">\n                            <label>Quantit\u00e9:<\/label>\n                        1        <\/li>\n                <li class=\"wpuf-field-data wpuf-field-data-numeric_text_field\">\n                            <label>Hauteur (cm):<\/label>\n                        66        <\/li>\n                <li class=\"wpuf-field-data wpuf-field-data-numeric_text_field\">\n                            <label>Largeur (cm):<\/label>\n                        130        <\/li>\n                <li class=\"wpuf-field-data wpuf-field-data-numeric_text_field\">\n                            <label>Profondeur (cm):<\/label>\n                        29        <\/li>\n        <\/ul>","protected":false},"excerpt":{"rendered":"<p>Commode vintage relook\u00e9e<\/p>\n<p>Enti\u00e8rement en bois<\/p>\n<p>Tres bon \u00e9tat<\/p>","protected":false},"featured_media":337142,"template":"","meta":{"_et_pb_use_builder":"","_et_pb_old_content":"","_et_gb_content_width":""},"product_brand":[],"product_cat":[83,47],"product_tag":[],"proximite":[177,235],"class_list":{"0":"post-337057","1":"product","2":"type-product","3":"status-publish","4":"has-post-thumbnail","6":"product_cat-meuble-de-rangement","7":"product_cat-meubler","8":"pa_couleur-noir","9":"pa_etat-tres-bon-etat","10":"pa_materiau-bois","11":"pa_style-vintage","12":"proximite-fribourg","13":"proximite-sarine","15":"first","16":"instock","17":"shipping-taxable","18":"purchasable","19":"product-type-simple"},"yoast_head":"<!-- This site is optimized with the Yoast SEO plugin v27.4 - https:\/\/yoast.com\/product\/yoast-seo-wordpress\/ -->\n<title>Commode vintage en bois relook\u00e9e | lalmachine.com, mobilier et objets d\u00e9co vintage et design<\/title>\n<meta name=\"description\" content=\"Commode vintage relook\u00e9e\" \/>\n<meta name=\"robots\" content=\"index, follow, max-snippet:-1, max-image-preview:large, max-video-preview:-1\" \/>\n<link rel=\"canonical\" href=\"https:\/\/lalmachine.com\/de\/shop\/meubler\/meuble-de-rangement\/commode-vintage-en-bois-relookee\/\" \/>\n<meta property=\"og:locale\" content=\"de_DE\" \/>\n<meta property=\"og:type\" content=\"article\" \/>\n<meta property=\"og:title\" content=\"Commode vintage en bois relook\u00e9e | lalmachine.com, mobilier et objets d\u00e9co vintage et design\" \/>\n<meta property=\"og:description\" content=\"Commode vintage relook\u00e9e\" \/>\n<meta property=\"og:url\" content=\"https:\/\/lalmachine.com\/de\/shop\/meubler\/meuble-de-rangement\/commode-vintage-en-bois-relookee\/\" \/>\n<meta property=\"og:site_name\" content=\"lalmachine.com\" \/>\n<meta property=\"article:publisher\" content=\"https:\/\/facebook.com\/lalmachine\" \/>\n<meta property=\"article:modified_time\" content=\"2024-12-05T21:05:49+00:00\" \/>\n<meta property=\"og:image\" content=\"https:\/\/lalmachine.com\/wp-content\/uploads\/2024\/10\/D1E57607-8F97-4988-AD41-202372725558_clipped_rev_1.jpeg\" \/>\n\t<meta property=\"og:image:width\" content=\"332\" \/>\n\t<meta property=\"og:image:height\" content=\"333\" \/>\n\t<meta property=\"og:image:type\" content=\"image\/jpeg\" \/>\n<meta name=\"twitter:card\" content=\"summary_large_image\" \/>\n<script type=\"application\/ld+json\" class=\"yoast-schema-graph\">{\"@context\":\"https:\\\/\\\/schema.org\",\"@graph\":[{\"@type\":\"WebPage\",\"@id\":\"https:\\\/\\\/lalmachine.com\\\/shop\\\/meubler\\\/meuble-de-rangement\\\/commode-vintage-en-bois-relookee\\\/\",\"url\":\"https:\\\/\\\/lalmachine.com\\\/shop\\\/meubler\\\/meuble-de-rangement\\\/commode-vintage-en-bois-relookee\\\/\",\"name\":\"Commode vintage en bois relook\u00e9e | lalmachine.com, mobilier et objets d\u00e9co vintage et design\",\"isPartOf\":{\"@id\":\"https:\\\/\\\/lalmachine.com\\\/#website\"},\"primaryImageOfPage\":{\"@id\":\"https:\\\/\\\/lalmachine.com\\\/shop\\\/meubler\\\/meuble-de-rangement\\\/commode-vintage-en-bois-relookee\\\/#primaryimage\"},\"image\":{\"@id\":\"https:\\\/\\\/lalmachine.com\\\/shop\\\/meubler\\\/meuble-de-rangement\\\/commode-vintage-en-bois-relookee\\\/#primaryimage\"},\"thumbnailUrl\":\"https:\\\/\\\/lalmachine.com\\\/wp-content\\\/uploads\\\/2024\\\/10\\\/D1E57607-8F97-4988-AD41-202372725558_clipped_rev_1.jpeg\",\"datePublished\":\"2024-10-22T09:18:41+00:00\",\"dateModified\":\"2024-12-05T21:05:49+00:00\",\"description\":\"Commode vintage relook\u00e9e\",\"breadcrumb\":{\"@id\":\"https:\\\/\\\/lalmachine.com\\\/shop\\\/meubler\\\/meuble-de-rangement\\\/commode-vintage-en-bois-relookee\\\/#breadcrumb\"},\"inLanguage\":\"de\",\"potentialAction\":[{\"@type\":\"ReadAction\",\"target\":[\"https:\\\/\\\/lalmachine.com\\\/shop\\\/meubler\\\/meuble-de-rangement\\\/commode-vintage-en-bois-relookee\\\/\"]}]},{\"@type\":\"ImageObject\",\"inLanguage\":\"de\",\"@id\":\"https:\\\/\\\/lalmachine.com\\\/shop\\\/meubler\\\/meuble-de-rangement\\\/commode-vintage-en-bois-relookee\\\/#primaryimage\",\"url\":\"https:\\\/\\\/lalmachine.com\\\/wp-content\\\/uploads\\\/2024\\\/10\\\/D1E57607-8F97-4988-AD41-202372725558_clipped_rev_1.jpeg\",\"contentUrl\":\"https:\\\/\\\/lalmachine.com\\\/wp-content\\\/uploads\\\/2024\\\/10\\\/D1E57607-8F97-4988-AD41-202372725558_clipped_rev_1.jpeg\",\"width\":332,\"height\":333},{\"@type\":\"BreadcrumbList\",\"@id\":\"https:\\\/\\\/lalmachine.com\\\/shop\\\/meubler\\\/meuble-de-rangement\\\/commode-vintage-en-bois-relookee\\\/#breadcrumb\",\"itemListElement\":[{\"@type\":\"ListItem\",\"position\":1,\"name\":\"Accueil\",\"item\":\"https:\\\/\\\/lalmachine.com\\\/\"},{\"@type\":\"ListItem\",\"position\":2,\"name\":\"Shop\",\"item\":\"https:\\\/\\\/lalmachine.com\\\/shop\\\/\"},{\"@type\":\"ListItem\",\"position\":3,\"name\":\"Commode vintage en bois relook\u00e9e\"}]},{\"@type\":\"WebSite\",\"@id\":\"https:\\\/\\\/lalmachine.com\\\/#website\",\"url\":\"https:\\\/\\\/lalmachine.com\\\/\",\"name\":\"lalmachine.com\",\"description\":\"Brocante en ligne Suisse | Mobilier et objets d\u00e9co vintage et design\",\"potentialAction\":[{\"@type\":\"SearchAction\",\"target\":{\"@type\":\"EntryPoint\",\"urlTemplate\":\"https:\\\/\\\/lalmachine.com\\\/?s={search_term_string}\"},\"query-input\":{\"@type\":\"PropertyValueSpecification\",\"valueRequired\":true,\"valueName\":\"search_term_string\"}}],\"inLanguage\":\"de\"}]}<\/script>\n<!-- \/ Yoast SEO plugin. -->","yoast_head_json":{"title":"Commode vintage en bois relook\u00e9e | lalmachine.com, mobilier et objets d\u00e9co vintage et design","description":"Commode vintage relook\u00e9e","robots":{"index":"index","follow":"follow","max-snippet":"max-snippet:-1","max-image-preview":"max-image-preview:large","max-video-preview":"max-video-preview:-1"},"canonical":"https:\/\/lalmachine.com\/de\/shop\/meubler\/meuble-de-rangement\/commode-vintage-en-bois-relookee\/","og_locale":"de_DE","og_type":"article","og_title":"Commode vintage en bois relook\u00e9e | lalmachine.com, mobilier et objets d\u00e9co vintage et design","og_description":"Commode vintage relook\u00e9e","og_url":"https:\/\/lalmachine.com\/de\/shop\/meubler\/meuble-de-rangement\/commode-vintage-en-bois-relookee\/","og_site_name":"lalmachine.com","article_publisher":"https:\/\/facebook.com\/lalmachine","article_modified_time":"2024-12-05T21:05:49+00:00","og_image":[{"width":332,"height":333,"url":"https:\/\/lalmachine.com\/wp-content\/uploads\/2024\/10\/D1E57607-8F97-4988-AD41-202372725558_clipped_rev_1.jpeg","type":"image\/jpeg"}],"twitter_card":"summary_large_image","schema":{"@context":"https:\/\/schema.org","@graph":[{"@type":"WebPage","@id":"https:\/\/lalmachine.com\/shop\/meubler\/meuble-de-rangement\/commode-vintage-en-bois-relookee\/","url":"https:\/\/lalmachine.com\/shop\/meubler\/meuble-de-rangement\/commode-vintage-en-bois-relookee\/","name":"Commode vintage en bois relook\u00e9e | lalmachine.com, mobilier et objets d\u00e9co vintage et design","isPartOf":{"@id":"https:\/\/lalmachine.com\/#website"},"primaryImageOfPage":{"@id":"https:\/\/lalmachine.com\/shop\/meubler\/meuble-de-rangement\/commode-vintage-en-bois-relookee\/#primaryimage"},"image":{"@id":"https:\/\/lalmachine.com\/shop\/meubler\/meuble-de-rangement\/commode-vintage-en-bois-relookee\/#primaryimage"},"thumbnailUrl":"https:\/\/lalmachine.com\/wp-content\/uploads\/2024\/10\/D1E57607-8F97-4988-AD41-202372725558_clipped_rev_1.jpeg","datePublished":"2024-10-22T09:18:41+00:00","dateModified":"2024-12-05T21:05:49+00:00","description":"Commode vintage relook\u00e9e","breadcrumb":{"@id":"https:\/\/lalmachine.com\/shop\/meubler\/meuble-de-rangement\/commode-vintage-en-bois-relookee\/#breadcrumb"},"inLanguage":"de","potentialAction":[{"@type":"ReadAction","target":["https:\/\/lalmachine.com\/shop\/meubler\/meuble-de-rangement\/commode-vintage-en-bois-relookee\/"]}]},{"@type":"ImageObject","inLanguage":"de","@id":"https:\/\/lalmachine.com\/shop\/meubler\/meuble-de-rangement\/commode-vintage-en-bois-relookee\/#primaryimage","url":"https:\/\/lalmachine.com\/wp-content\/uploads\/2024\/10\/D1E57607-8F97-4988-AD41-202372725558_clipped_rev_1.jpeg","contentUrl":"https:\/\/lalmachine.com\/wp-content\/uploads\/2024\/10\/D1E57607-8F97-4988-AD41-202372725558_clipped_rev_1.jpeg","width":332,"height":333},{"@type":"BreadcrumbList","@id":"https:\/\/lalmachine.com\/shop\/meubler\/meuble-de-rangement\/commode-vintage-en-bois-relookee\/#breadcrumb","itemListElement":[{"@type":"ListItem","position":1,"name":"Accueil","item":"https:\/\/lalmachine.com\/"},{"@type":"ListItem","position":2,"name":"Shop","item":"https:\/\/lalmachine.com\/shop\/"},{"@type":"ListItem","position":3,"name":"Commode vintage en bois relook\u00e9e"}]},{"@type":"WebSite","@id":"https:\/\/lalmachine.com\/#website","url":"https:\/\/lalmachine.com\/","name":"lalmachine.com","description":"Brocante en ligne Suisse | Mobilier et objets d\u00e9co vintage et design","potentialAction":[{"@type":"SearchAction","target":{"@type":"EntryPoint","urlTemplate":"https:\/\/lalmachine.com\/?s={search_term_string}"},"query-input":{"@type":"PropertyValueSpecification","valueRequired":true,"valueName":"search_term_string"}}],"inLanguage":"de"}]}},"_links":{"self":[{"href":"https:\/\/lalmachine.com\/de\/wp-json\/wp\/v2\/product\/337057","targetHints":{"allow":["GET"]}}],"collection":[{"href":"https:\/\/lalmachine.com\/de\/wp-json\/wp\/v2\/product"}],"about":[{"href":"https:\/\/lalmachine.com\/de\/wp-json\/wp\/v2\/types\/product"}],"wp:featuredmedia":[{"embeddable":true,"href":"https:\/\/lalmachine.com\/de\/wp-json\/wp\/v2\/media\/337142"}],"wp:attachment":[{"href":"https:\/\/lalmachine.com\/de\/wp-json\/wp\/v2\/media?parent=337057"}],"wp:term":[{"taxonomy":"product_brand","embeddable":true,"href":"https:\/\/lalmachine.com\/de\/wp-json\/wp\/v2\/product_brand?post=337057"},{"taxonomy":"product_cat","embeddable":true,"href":"https:\/\/lalmachine.com\/de\/wp-json\/wp\/v2\/product_cat?post=337057"},{"taxonomy":"product_tag","embeddable":true,"href":"https:\/\/lalmachine.com\/de\/wp-json\/wp\/v2\/product_tag?post=337057"},{"taxonomy":"proximite","embeddable":true,"href":"https:\/\/lalmachine.com\/de\/wp-json\/wp\/v2\/proximite?post=337057"}],"curies":[{"name":"wp","href":"https:\/\/api.w.org\/{rel}","templated":true}]}}