{"id":337124,"date":"2024-10-22T12:25:17","date_gmt":"2024-10-22T10:25:17","guid":{"rendered":"https:\/\/lalmachine.com\/?post_type=product&#038;p=337124"},"modified":"2024-12-19T09:50:33","modified_gmt":"2024-12-19T08:50:33","slug":"cabinet-chinois-xxe","status":"publish","type":"product","link":"https:\/\/lalmachine.com\/de\/shop\/meubler\/meuble-de-rangement\/cabinet-chinois-xxe\/","title":{"rendered":"Cabinet chinois XXe"},"content":{"rendered":"<ul class=\"wpuf_customs\"><li style=\"list-style-type:none;\"><label>Autres photos:<\/label> <a href=\"https:\/\/lalmachine.com\/wp-content\/uploads\/2024\/10\/chinois-xxe-bois-teinte-marron-vente-la-boutique-du-mail-suisse.jpg\"><img loading=\"lazy\" decoding=\"async\" width=\"72\" height=\"96\" src=\"https:\/\/lalmachine.com\/wp-content\/uploads\/2024\/10\/chinois-xxe-bois-teinte-marron-vente-la-boutique-du-mail-suisse.jpg\" class=\"attachment-thumbnail size-thumbnail\" alt=\"\" \/><\/a> <a href=\"https:\/\/lalmachine.com\/wp-content\/uploads\/2024\/10\/cabinet-chine-xxe-bois-teinte-vente-la-boutique-du-mail-suisse.jpg\"><img loading=\"lazy\" decoding=\"async\" width=\"72\" height=\"96\" src=\"https:\/\/lalmachine.com\/wp-content\/uploads\/2024\/10\/cabinet-chine-xxe-bois-teinte-vente-la-boutique-du-mail-suisse.jpg\" class=\"attachment-thumbnail size-thumbnail\" alt=\"\" \/><\/a> <a href=\"https:\/\/lalmachine.com\/wp-content\/uploads\/2024\/10\/chinois-xxe-bois-teinte-vente-la-boutique-du-mail-suisse-geneve.jpg\"><img loading=\"lazy\" decoding=\"async\" width=\"72\" height=\"96\" src=\"https:\/\/lalmachine.com\/wp-content\/uploads\/2024\/10\/chinois-xxe-bois-teinte-vente-la-boutique-du-mail-suisse-geneve.jpg\" class=\"attachment-thumbnail size-thumbnail\" alt=\"\" \/><\/a> <a href=\"https:\/\/lalmachine.com\/wp-content\/uploads\/2024\/10\/chinois-xxe-bois-teinte-vente-la-boutique-du-mail-suisse.jpg\"><img loading=\"lazy\" decoding=\"async\" width=\"72\" height=\"96\" src=\"https:\/\/lalmachine.com\/wp-content\/uploads\/2024\/10\/chinois-xxe-bois-teinte-vente-la-boutique-du-mail-suisse.jpg\" class=\"attachment-thumbnail size-thumbnail\" alt=\"\" \/><\/a> <\/li>        <li class=\"wpuf-field-data wpuf-field-data-numeric_text_field\">\n                            <label>Prix:<\/label>\n                        500        <\/li>\n                <li class=\"wpuf-field-data wpuf-field-data-numeric_text_field\">\n                            <label>Quantit\u00e9:<\/label>\n                        0        <\/li>\n                <li class=\"wpuf-field-data wpuf-field-data-numeric_text_field\">\n                            <label>Hauteur (cm):<\/label>\n                        102        <\/li>\n                <li class=\"wpuf-field-data wpuf-field-data-numeric_text_field\">\n                            <label>Largeur (cm):<\/label>\n                        71        <\/li>\n                <li class=\"wpuf-field-data wpuf-field-data-numeric_text_field\">\n                            <label>Profondeur (cm):<\/label>\n                        40        <\/li>\n        <\/ul>","protected":false},"excerpt":{"rendered":"<p>Cabinet en bois teint\u00e9 marron et \u00e0 d\u00e9cor peint de sc\u00e8nes anim\u00e9es et \u00e9l\u00e9ments v\u00e9g\u00e9taux, ouvrant par deux vantaux et quatre tiroirs.<\/p>\n<p>Provient de la collection de Madame Li Ai Vee (1932-2021), peintre sino-allemande \u00e9tablie en Suisse et fervente collectionneuse d&rsquo;art asiatique, principalement chinois et japonais.<\/p>\n<p>N\u00e9e \u00e0 Shanghai, Li Ai Vee, est initi\u00e9e d\u00e8s l&rsquo;enfance \u00e0 la peinture par sa m\u00e8re elle-m\u00eame artiste. Dans les ann\u00e9es 50 elle devient l&rsquo;\u00e9l\u00e8ve de prestigieux peintres chinois. Elle s\u00e9journe ensuite quelques ann\u00e9es au Japon, o\u00f9 elle fut disciple du ma\u00eetre zen Rinzai Yamada Mumon R\u00f4shi (1900-1988). L\u00e0-bas, elle fut s\u00e9lectionn\u00e9e en 1954 pour ex\u00e9cuter des peintures de bambou sur les portes coulissantes du M\u00e9morial d&rsquo;Hiroshima.<\/p>","protected":false},"featured_media":337153,"template":"","meta":{"_et_pb_use_builder":"","_et_pb_old_content":"","_et_gb_content_width":""},"product_brand":[],"product_cat":[83,47],"product_tag":[],"proximite":[180],"class_list":{"0":"post-337124","1":"product","2":"type-product","3":"status-publish","4":"has-post-thumbnail","6":"product_cat-meuble-de-rangement","7":"product_cat-meubler","8":"pa_couleur-marron","9":"pa_etat-dans-son-jus","10":"pa_materiau-bois","11":"pa_style-vintage","12":"proximite-geneve","14":"first","15":"outofstock","16":"shipping-taxable","17":"purchasable","18":"product-type-simple"},"yoast_head":"<!-- This site is optimized with the Yoast SEO plugin v27.4 - https:\/\/yoast.com\/product\/yoast-seo-wordpress\/ -->\n<title>Cabinet chinois XXe | lalmachine.com<\/title>\n<meta name=\"description\" content=\"Cabinet chinois XXe\" \/>\n<meta name=\"robots\" content=\"index, follow, max-snippet:-1, max-image-preview:large, max-video-preview:-1\" \/>\n<link rel=\"canonical\" href=\"https:\/\/lalmachine.com\/de\/shop\/meubler\/meuble-de-rangement\/cabinet-chinois-xxe\/\" \/>\n<meta property=\"og:locale\" content=\"de_DE\" \/>\n<meta property=\"og:type\" content=\"article\" \/>\n<meta property=\"og:title\" content=\"Cabinet chinois XXe | lalmachine.com\" \/>\n<meta property=\"og:description\" content=\"Cabinet chinois XXe\" \/>\n<meta property=\"og:url\" content=\"https:\/\/lalmachine.com\/de\/shop\/meubler\/meuble-de-rangement\/cabinet-chinois-xxe\/\" \/>\n<meta property=\"og:site_name\" content=\"lalmachine.com\" \/>\n<meta property=\"article:publisher\" content=\"https:\/\/facebook.com\/lalmachine\" \/>\n<meta property=\"article:modified_time\" content=\"2024-12-19T08:50:33+00:00\" \/>\n<meta property=\"og:image\" content=\"https:\/\/lalmachine.com\/wp-content\/uploads\/2024\/10\/cabinet-chine-bois-teinte-vente-la-boutique-du-mail-suisse_clipped_rev_1.jpeg\" \/>\n\t<meta property=\"og:image:width\" content=\"1491\" \/>\n\t<meta property=\"og:image:height\" content=\"1491\" \/>\n\t<meta property=\"og:image:type\" content=\"image\/jpeg\" \/>\n<meta name=\"twitter:card\" content=\"summary_large_image\" \/>\n<script type=\"application\/ld+json\" class=\"yoast-schema-graph\">{\"@context\":\"https:\\\/\\\/schema.org\",\"@graph\":[{\"@type\":\"WebPage\",\"@id\":\"https:\\\/\\\/lalmachine.com\\\/shop\\\/meubler\\\/meuble-de-rangement\\\/cabinet-chinois-xxe\\\/\",\"url\":\"https:\\\/\\\/lalmachine.com\\\/shop\\\/meubler\\\/meuble-de-rangement\\\/cabinet-chinois-xxe\\\/\",\"name\":\"Cabinet chinois XXe | lalmachine.com\",\"isPartOf\":{\"@id\":\"https:\\\/\\\/lalmachine.com\\\/#website\"},\"primaryImageOfPage\":{\"@id\":\"https:\\\/\\\/lalmachine.com\\\/shop\\\/meubler\\\/meuble-de-rangement\\\/cabinet-chinois-xxe\\\/#primaryimage\"},\"image\":{\"@id\":\"https:\\\/\\\/lalmachine.com\\\/shop\\\/meubler\\\/meuble-de-rangement\\\/cabinet-chinois-xxe\\\/#primaryimage\"},\"thumbnailUrl\":\"https:\\\/\\\/lalmachine.com\\\/wp-content\\\/uploads\\\/2024\\\/10\\\/cabinet-chine-bois-teinte-vente-la-boutique-du-mail-suisse_clipped_rev_1.jpeg\",\"datePublished\":\"2024-10-22T10:25:17+00:00\",\"dateModified\":\"2024-12-19T08:50:33+00:00\",\"description\":\"Cabinet chinois XXe\",\"breadcrumb\":{\"@id\":\"https:\\\/\\\/lalmachine.com\\\/shop\\\/meubler\\\/meuble-de-rangement\\\/cabinet-chinois-xxe\\\/#breadcrumb\"},\"inLanguage\":\"de\",\"potentialAction\":[{\"@type\":\"ReadAction\",\"target\":[\"https:\\\/\\\/lalmachine.com\\\/shop\\\/meubler\\\/meuble-de-rangement\\\/cabinet-chinois-xxe\\\/\"]}]},{\"@type\":\"ImageObject\",\"inLanguage\":\"de\",\"@id\":\"https:\\\/\\\/lalmachine.com\\\/shop\\\/meubler\\\/meuble-de-rangement\\\/cabinet-chinois-xxe\\\/#primaryimage\",\"url\":\"https:\\\/\\\/lalmachine.com\\\/wp-content\\\/uploads\\\/2024\\\/10\\\/cabinet-chine-bois-teinte-vente-la-boutique-du-mail-suisse_clipped_rev_1.jpeg\",\"contentUrl\":\"https:\\\/\\\/lalmachine.com\\\/wp-content\\\/uploads\\\/2024\\\/10\\\/cabinet-chine-bois-teinte-vente-la-boutique-du-mail-suisse_clipped_rev_1.jpeg\",\"width\":1491,\"height\":1491,\"caption\":\"Cabinet chinois XXe\"},{\"@type\":\"BreadcrumbList\",\"@id\":\"https:\\\/\\\/lalmachine.com\\\/shop\\\/meubler\\\/meuble-de-rangement\\\/cabinet-chinois-xxe\\\/#breadcrumb\",\"itemListElement\":[{\"@type\":\"ListItem\",\"position\":1,\"name\":\"Accueil\",\"item\":\"https:\\\/\\\/lalmachine.com\\\/\"},{\"@type\":\"ListItem\",\"position\":2,\"name\":\"Shop\",\"item\":\"https:\\\/\\\/lalmachine.com\\\/shop\\\/\"},{\"@type\":\"ListItem\",\"position\":3,\"name\":\"Cabinet chinois XXe\"}]},{\"@type\":\"WebSite\",\"@id\":\"https:\\\/\\\/lalmachine.com\\\/#website\",\"url\":\"https:\\\/\\\/lalmachine.com\\\/\",\"name\":\"lalmachine.com\",\"description\":\"Brocante en ligne Suisse | Mobilier et objets d\u00e9co vintage et design\",\"potentialAction\":[{\"@type\":\"SearchAction\",\"target\":{\"@type\":\"EntryPoint\",\"urlTemplate\":\"https:\\\/\\\/lalmachine.com\\\/?s={search_term_string}\"},\"query-input\":{\"@type\":\"PropertyValueSpecification\",\"valueRequired\":true,\"valueName\":\"search_term_string\"}}],\"inLanguage\":\"de\"}]}<\/script>\n<!-- \/ Yoast SEO plugin. -->","yoast_head_json":{"title":"Cabinet chinois XXe | lalmachine.com","description":"Cabinet chinois XXe","robots":{"index":"index","follow":"follow","max-snippet":"max-snippet:-1","max-image-preview":"max-image-preview:large","max-video-preview":"max-video-preview:-1"},"canonical":"https:\/\/lalmachine.com\/de\/shop\/meubler\/meuble-de-rangement\/cabinet-chinois-xxe\/","og_locale":"de_DE","og_type":"article","og_title":"Cabinet chinois XXe | lalmachine.com","og_description":"Cabinet chinois XXe","og_url":"https:\/\/lalmachine.com\/de\/shop\/meubler\/meuble-de-rangement\/cabinet-chinois-xxe\/","og_site_name":"lalmachine.com","article_publisher":"https:\/\/facebook.com\/lalmachine","article_modified_time":"2024-12-19T08:50:33+00:00","og_image":[{"width":1491,"height":1491,"url":"https:\/\/lalmachine.com\/wp-content\/uploads\/2024\/10\/cabinet-chine-bois-teinte-vente-la-boutique-du-mail-suisse_clipped_rev_1.jpeg","type":"image\/jpeg"}],"twitter_card":"summary_large_image","schema":{"@context":"https:\/\/schema.org","@graph":[{"@type":"WebPage","@id":"https:\/\/lalmachine.com\/shop\/meubler\/meuble-de-rangement\/cabinet-chinois-xxe\/","url":"https:\/\/lalmachine.com\/shop\/meubler\/meuble-de-rangement\/cabinet-chinois-xxe\/","name":"Cabinet chinois XXe | lalmachine.com","isPartOf":{"@id":"https:\/\/lalmachine.com\/#website"},"primaryImageOfPage":{"@id":"https:\/\/lalmachine.com\/shop\/meubler\/meuble-de-rangement\/cabinet-chinois-xxe\/#primaryimage"},"image":{"@id":"https:\/\/lalmachine.com\/shop\/meubler\/meuble-de-rangement\/cabinet-chinois-xxe\/#primaryimage"},"thumbnailUrl":"https:\/\/lalmachine.com\/wp-content\/uploads\/2024\/10\/cabinet-chine-bois-teinte-vente-la-boutique-du-mail-suisse_clipped_rev_1.jpeg","datePublished":"2024-10-22T10:25:17+00:00","dateModified":"2024-12-19T08:50:33+00:00","description":"Cabinet chinois XXe","breadcrumb":{"@id":"https:\/\/lalmachine.com\/shop\/meubler\/meuble-de-rangement\/cabinet-chinois-xxe\/#breadcrumb"},"inLanguage":"de","potentialAction":[{"@type":"ReadAction","target":["https:\/\/lalmachine.com\/shop\/meubler\/meuble-de-rangement\/cabinet-chinois-xxe\/"]}]},{"@type":"ImageObject","inLanguage":"de","@id":"https:\/\/lalmachine.com\/shop\/meubler\/meuble-de-rangement\/cabinet-chinois-xxe\/#primaryimage","url":"https:\/\/lalmachine.com\/wp-content\/uploads\/2024\/10\/cabinet-chine-bois-teinte-vente-la-boutique-du-mail-suisse_clipped_rev_1.jpeg","contentUrl":"https:\/\/lalmachine.com\/wp-content\/uploads\/2024\/10\/cabinet-chine-bois-teinte-vente-la-boutique-du-mail-suisse_clipped_rev_1.jpeg","width":1491,"height":1491,"caption":"Cabinet chinois XXe"},{"@type":"BreadcrumbList","@id":"https:\/\/lalmachine.com\/shop\/meubler\/meuble-de-rangement\/cabinet-chinois-xxe\/#breadcrumb","itemListElement":[{"@type":"ListItem","position":1,"name":"Accueil","item":"https:\/\/lalmachine.com\/"},{"@type":"ListItem","position":2,"name":"Shop","item":"https:\/\/lalmachine.com\/shop\/"},{"@type":"ListItem","position":3,"name":"Cabinet chinois XXe"}]},{"@type":"WebSite","@id":"https:\/\/lalmachine.com\/#website","url":"https:\/\/lalmachine.com\/","name":"lalmachine.com","description":"Brocante en ligne Suisse | Mobilier et objets d\u00e9co vintage et design","potentialAction":[{"@type":"SearchAction","target":{"@type":"EntryPoint","urlTemplate":"https:\/\/lalmachine.com\/?s={search_term_string}"},"query-input":{"@type":"PropertyValueSpecification","valueRequired":true,"valueName":"search_term_string"}}],"inLanguage":"de"}]}},"_links":{"self":[{"href":"https:\/\/lalmachine.com\/de\/wp-json\/wp\/v2\/product\/337124","targetHints":{"allow":["GET"]}}],"collection":[{"href":"https:\/\/lalmachine.com\/de\/wp-json\/wp\/v2\/product"}],"about":[{"href":"https:\/\/lalmachine.com\/de\/wp-json\/wp\/v2\/types\/product"}],"wp:featuredmedia":[{"embeddable":true,"href":"https:\/\/lalmachine.com\/de\/wp-json\/wp\/v2\/media\/337153"}],"wp:attachment":[{"href":"https:\/\/lalmachine.com\/de\/wp-json\/wp\/v2\/media?parent=337124"}],"wp:term":[{"taxonomy":"product_brand","embeddable":true,"href":"https:\/\/lalmachine.com\/de\/wp-json\/wp\/v2\/product_brand?post=337124"},{"taxonomy":"product_cat","embeddable":true,"href":"https:\/\/lalmachine.com\/de\/wp-json\/wp\/v2\/product_cat?post=337124"},{"taxonomy":"product_tag","embeddable":true,"href":"https:\/\/lalmachine.com\/de\/wp-json\/wp\/v2\/product_tag?post=337124"},{"taxonomy":"proximite","embeddable":true,"href":"https:\/\/lalmachine.com\/de\/wp-json\/wp\/v2\/proximite?post=337124"}],"curies":[{"name":"wp","href":"https:\/\/api.w.org\/{rel}","templated":true}]}}