{"id":337671,"date":"2024-10-30T14:25:38","date_gmt":"2024-10-30T13:25:38","guid":{"rendered":"https:\/\/lalmachine.com\/?post_type=product&#038;p=337671"},"modified":"2024-12-05T22:05:52","modified_gmt":"2024-12-05T21:05:52","slug":"lot-de-6-verres-a-vin-littala-tapio-wirkkala-finlande","status":"publish","type":"product","link":"https:\/\/lalmachine.com\/de\/shop\/decorer\/art-de-la-table\/lot-de-6-verres-a-vin-littala-tapio-wirkkala-finlande\/","title":{"rendered":"Lot de 6 verres \u00e0 vin Littala, Tapio Wirkkala, Finlande"},"content":{"rendered":"<ul class=\"wpuf_customs\"><li style=\"list-style-type:none;\"><label>Autres photos:<\/label> <a href=\"https:\/\/lalmachine.com\/wp-content\/uploads\/2024\/10\/ACC7B63A-F84E-4853-9310-F4E75D579EB8-scaled.jpeg\"><img loading=\"lazy\" decoding=\"async\" width=\"63\" height=\"96\" src=\"https:\/\/lalmachine.com\/wp-content\/uploads\/2024\/10\/ACC7B63A-F84E-4853-9310-F4E75D579EB8-scaled.jpeg\" class=\"attachment-thumbnail size-thumbnail\" alt=\"\" \/><\/a> <a href=\"https:\/\/lalmachine.com\/wp-content\/uploads\/2024\/10\/ABF98130-78DF-4761-BB27-5673E39DCBAE-scaled.jpeg\"><img loading=\"lazy\" decoding=\"async\" width=\"72\" height=\"96\" src=\"https:\/\/lalmachine.com\/wp-content\/uploads\/2024\/10\/ABF98130-78DF-4761-BB27-5673E39DCBAE-scaled.jpeg\" class=\"attachment-thumbnail size-thumbnail\" alt=\"\" \/><\/a> <a href=\"https:\/\/lalmachine.com\/wp-content\/uploads\/2024\/10\/8EA43DC2-4E7A-4081-B1B2-1416039A247C-scaled.jpeg\"><img loading=\"lazy\" decoding=\"async\" width=\"72\" height=\"96\" src=\"https:\/\/lalmachine.com\/wp-content\/uploads\/2024\/10\/8EA43DC2-4E7A-4081-B1B2-1416039A247C-scaled.jpeg\" class=\"attachment-thumbnail size-thumbnail\" alt=\"\" \/><\/a> <a href=\"https:\/\/lalmachine.com\/wp-content\/uploads\/2024\/10\/280BE2D3-609E-4264-B2FB-E5669D9B3DC0-scaled.jpeg\"><img loading=\"lazy\" decoding=\"async\" width=\"128\" height=\"96\" src=\"https:\/\/lalmachine.com\/wp-content\/uploads\/2024\/10\/280BE2D3-609E-4264-B2FB-E5669D9B3DC0-scaled.jpeg\" class=\"attachment-thumbnail size-thumbnail\" alt=\"\" \/><\/a> <a href=\"https:\/\/lalmachine.com\/wp-content\/uploads\/2024\/10\/58AACFF1-A5D0-4FAE-BC3B-7F18A5F4BD32-scaled.jpeg\"><img loading=\"lazy\" decoding=\"async\" width=\"72\" height=\"96\" src=\"https:\/\/lalmachine.com\/wp-content\/uploads\/2024\/10\/58AACFF1-A5D0-4FAE-BC3B-7F18A5F4BD32-scaled.jpeg\" class=\"attachment-thumbnail size-thumbnail\" alt=\"\" \/><\/a> <a href=\"https:\/\/lalmachine.com\/wp-content\/uploads\/2024\/10\/8F3F0CBD-54A6-44D0-9871-61485DFF88BC-scaled.jpeg\"><img loading=\"lazy\" decoding=\"async\" width=\"78\" height=\"96\" src=\"https:\/\/lalmachine.com\/wp-content\/uploads\/2024\/10\/8F3F0CBD-54A6-44D0-9871-61485DFF88BC-scaled.jpeg\" class=\"attachment-thumbnail size-thumbnail\" alt=\"\" \/><\/a> <a href=\"https:\/\/lalmachine.com\/wp-content\/uploads\/2024\/10\/ECCCAAD4-9F14-4D68-A269-2E2186FBA641-scaled.jpeg\"><img loading=\"lazy\" decoding=\"async\" width=\"83\" height=\"96\" src=\"https:\/\/lalmachine.com\/wp-content\/uploads\/2024\/10\/ECCCAAD4-9F14-4D68-A269-2E2186FBA641-scaled.jpeg\" class=\"attachment-thumbnail size-thumbnail\" alt=\"\" \/><\/a> <a href=\"https:\/\/lalmachine.com\/wp-content\/uploads\/2024\/10\/3E8A1082-5A5C-4B3C-BF9B-4BFE88A6A22E-scaled.jpeg\"><img loading=\"lazy\" decoding=\"async\" width=\"128\" height=\"96\" src=\"https:\/\/lalmachine.com\/wp-content\/uploads\/2024\/10\/3E8A1082-5A5C-4B3C-BF9B-4BFE88A6A22E-scaled.jpeg\" class=\"attachment-thumbnail size-thumbnail\" alt=\"\" \/><\/a> <a href=\"https:\/\/lalmachine.com\/wp-content\/uploads\/2024\/10\/2FC71D63-92D2-4EE5-89A9-4130E97CC1E0-scaled.jpeg\"><img loading=\"lazy\" decoding=\"async\" width=\"84\" height=\"96\" src=\"https:\/\/lalmachine.com\/wp-content\/uploads\/2024\/10\/2FC71D63-92D2-4EE5-89A9-4130E97CC1E0-scaled.jpeg\" class=\"attachment-thumbnail size-thumbnail\" alt=\"\" \/><\/a> <a href=\"https:\/\/lalmachine.com\/wp-content\/uploads\/2024\/10\/D1ADCAFB-1B93-4EF6-AF0C-8A42B427D4CA-scaled.jpeg\"><img loading=\"lazy\" decoding=\"async\" width=\"72\" height=\"96\" src=\"https:\/\/lalmachine.com\/wp-content\/uploads\/2024\/10\/D1ADCAFB-1B93-4EF6-AF0C-8A42B427D4CA-scaled.jpeg\" class=\"attachment-thumbnail size-thumbnail\" alt=\"\" \/><\/a> <a href=\"https:\/\/lalmachine.com\/wp-content\/uploads\/2024\/10\/4FC311A8-2F4A-465F-BC92-B9F9762D8C77-scaled.jpeg\"><img loading=\"lazy\" decoding=\"async\" width=\"128\" height=\"96\" src=\"https:\/\/lalmachine.com\/wp-content\/uploads\/2024\/10\/4FC311A8-2F4A-465F-BC92-B9F9762D8C77-scaled.jpeg\" class=\"attachment-thumbnail size-thumbnail\" alt=\"\" \/><\/a> <a href=\"https:\/\/lalmachine.com\/wp-content\/uploads\/2024\/10\/B2FA6C23-4916-4A14-BBB5-83CDB64E2B66-scaled.jpeg\"><img loading=\"lazy\" decoding=\"async\" width=\"72\" height=\"96\" src=\"https:\/\/lalmachine.com\/wp-content\/uploads\/2024\/10\/B2FA6C23-4916-4A14-BBB5-83CDB64E2B66-scaled.jpeg\" class=\"attachment-thumbnail size-thumbnail\" alt=\"\" \/><\/a> <a href=\"https:\/\/lalmachine.com\/wp-content\/uploads\/2024\/10\/E9634DA7-F67C-4C74-828E-9608D9AA440E-scaled.jpeg\"><img loading=\"lazy\" decoding=\"async\" width=\"66\" height=\"96\" src=\"https:\/\/lalmachine.com\/wp-content\/uploads\/2024\/10\/E9634DA7-F67C-4C74-828E-9608D9AA440E-scaled.jpeg\" class=\"attachment-thumbnail size-thumbnail\" alt=\"\" \/><\/a> <a href=\"https:\/\/lalmachine.com\/wp-content\/uploads\/2024\/10\/01FF730B-1347-4E39-BF1C-006E331846DF-scaled.jpeg\"><img loading=\"lazy\" decoding=\"async\" width=\"66\" height=\"96\" src=\"https:\/\/lalmachine.com\/wp-content\/uploads\/2024\/10\/01FF730B-1347-4E39-BF1C-006E331846DF-scaled.jpeg\" class=\"attachment-thumbnail size-thumbnail\" alt=\"\" \/><\/a> <a href=\"https:\/\/lalmachine.com\/wp-content\/uploads\/2024\/10\/1ED9D9CF-09E1-4510-A267-6F7FF76587A5-scaled.jpeg\"><img loading=\"lazy\" decoding=\"async\" width=\"128\" height=\"96\" src=\"https:\/\/lalmachine.com\/wp-content\/uploads\/2024\/10\/1ED9D9CF-09E1-4510-A267-6F7FF76587A5-scaled.jpeg\" class=\"attachment-thumbnail size-thumbnail\" alt=\"\" \/><\/a> <\/li>        <li class=\"wpuf-field-data wpuf-field-data-numeric_text_field\">\n                            <label>Prix:<\/label>\n                        186        <\/li>\n                <li class=\"wpuf-field-data wpuf-field-data-numeric_text_field\">\n                            <label>Quantit\u00e9:<\/label>\n                        1        <\/li>\n                <li class=\"wpuf-field-data wpuf-field-data-numeric_text_field\">\n                            <label>Hauteur (cm):<\/label>\n                        13        <\/li>\n                <li class=\"wpuf-field-data wpuf-field-data-numeric_text_field\">\n                            <label>Largeur (cm):<\/label>\n                        7        <\/li>\n                <li class=\"wpuf-field-data wpuf-field-data-numeric_text_field\">\n                            <label>Profondeur (cm):<\/label>\n                        7        <\/li>\n        <\/ul>","protected":false},"excerpt":{"rendered":"<p>Ensemble de 6 verres \u00e0 vin littala de la<br \/>\nS\u00e9rie Tapio par Tapio Wirkkala, Finlande.<\/p>\n<p>Verre \u00e0 vin blanc, design scandinave.<br \/>\nFabricant: iittala Finlande.<br \/>\nConception: tapio wirkkala (1915 &#8211; 1985)<br \/>\nLes verres tapio ont \u00e9t\u00e9 con\u00e7ues par Tapio Wiirkkalas.<br \/>\nLa particularit\u00e9 du tapios est la bulle d&rsquo;air flottant, libre \u00e0 la base.<br \/>\nExcellent \u00e9tat vintage !<\/p>\n<p>Dimensions : H14 x L7 cm<\/p>","protected":false},"featured_media":337672,"template":"","meta":{"_et_pb_use_builder":"","_et_pb_old_content":"","_et_gb_content_width":""},"product_brand":[],"product_cat":[96,50],"product_tag":[],"proximite":[281,179],"class_list":{"0":"post-337671","1":"product","2":"type-product","3":"status-publish","4":"has-post-thumbnail","6":"product_cat-art-de-la-table","7":"product_cat-decorer","8":"pa_couleur-transparent","9":"pa_designer-autres-designers","10":"pa_etat-tres-bon-etat","11":"pa_materiau-ceramique","12":"pa_style-scandinave","13":"proximite-nyon","14":"proximite-vaud","16":"first","17":"instock","18":"shipping-taxable","19":"purchasable","20":"product-type-simple"},"yoast_head":"<!-- This site is optimized with the Yoast SEO plugin v27.3 - https:\/\/yoast.com\/product\/yoast-seo-wordpress\/ -->\n<title>Lot de 6 verres \u00e0 vin Littala, Tapio Wirkkala, Finlande | lalmachine.com, mobilier et objets d\u00e9co vintage et design<\/title>\n<meta name=\"description\" content=\"Lot de 6 verres \u00e0 vin Littala, Tapio Wirkkala, Finlande\" \/>\n<meta name=\"robots\" content=\"index, follow, max-snippet:-1, max-image-preview:large, max-video-preview:-1\" \/>\n<link rel=\"canonical\" href=\"https:\/\/lalmachine.com\/de\/shop\/decorer\/art-de-la-table\/lot-de-6-verres-a-vin-littala-tapio-wirkkala-finlande\/\" \/>\n<meta property=\"og:locale\" content=\"de_DE\" \/>\n<meta property=\"og:type\" content=\"article\" \/>\n<meta property=\"og:title\" content=\"Lot de 6 verres \u00e0 vin Littala, Tapio Wirkkala, Finlande | lalmachine.com, mobilier et objets d\u00e9co vintage et design\" \/>\n<meta property=\"og:description\" content=\"Lot de 6 verres \u00e0 vin Littala, Tapio Wirkkala, Finlande\" \/>\n<meta property=\"og:url\" content=\"https:\/\/lalmachine.com\/de\/shop\/decorer\/art-de-la-table\/lot-de-6-verres-a-vin-littala-tapio-wirkkala-finlande\/\" \/>\n<meta property=\"og:site_name\" content=\"lalmachine.com\" \/>\n<meta property=\"article:publisher\" content=\"https:\/\/facebook.com\/lalmachine\" \/>\n<meta property=\"article:modified_time\" content=\"2024-12-05T21:05:52+00:00\" \/>\n<meta property=\"og:image\" content=\"https:\/\/lalmachine.com\/wp-content\/uploads\/2024\/10\/C85C8268-076A-44AF-8745-2230CD0343C1-scaled_clipped_rev_1.jpeg\" \/>\n\t<meta property=\"og:image:width\" content=\"2524\" \/>\n\t<meta property=\"og:image:height\" content=\"2524\" \/>\n\t<meta property=\"og:image:type\" content=\"image\/jpeg\" \/>\n<meta name=\"twitter:card\" content=\"summary_large_image\" \/>\n<script type=\"application\/ld+json\" class=\"yoast-schema-graph\">{\"@context\":\"https:\\\/\\\/schema.org\",\"@graph\":[{\"@type\":\"WebPage\",\"@id\":\"https:\\\/\\\/lalmachine.com\\\/shop\\\/decorer\\\/art-de-la-table\\\/lot-de-6-verres-a-vin-littala-tapio-wirkkala-finlande\\\/\",\"url\":\"https:\\\/\\\/lalmachine.com\\\/shop\\\/decorer\\\/art-de-la-table\\\/lot-de-6-verres-a-vin-littala-tapio-wirkkala-finlande\\\/\",\"name\":\"Lot de 6 verres \u00e0 vin Littala, Tapio Wirkkala, Finlande | lalmachine.com, mobilier et objets d\u00e9co vintage et design\",\"isPartOf\":{\"@id\":\"https:\\\/\\\/lalmachine.com\\\/#website\"},\"primaryImageOfPage\":{\"@id\":\"https:\\\/\\\/lalmachine.com\\\/shop\\\/decorer\\\/art-de-la-table\\\/lot-de-6-verres-a-vin-littala-tapio-wirkkala-finlande\\\/#primaryimage\"},\"image\":{\"@id\":\"https:\\\/\\\/lalmachine.com\\\/shop\\\/decorer\\\/art-de-la-table\\\/lot-de-6-verres-a-vin-littala-tapio-wirkkala-finlande\\\/#primaryimage\"},\"thumbnailUrl\":\"https:\\\/\\\/lalmachine.com\\\/wp-content\\\/uploads\\\/2024\\\/10\\\/C85C8268-076A-44AF-8745-2230CD0343C1-scaled_clipped_rev_1.jpeg\",\"datePublished\":\"2024-10-30T13:25:38+00:00\",\"dateModified\":\"2024-12-05T21:05:52+00:00\",\"description\":\"Lot de 6 verres \u00e0 vin Littala, Tapio Wirkkala, Finlande\",\"breadcrumb\":{\"@id\":\"https:\\\/\\\/lalmachine.com\\\/shop\\\/decorer\\\/art-de-la-table\\\/lot-de-6-verres-a-vin-littala-tapio-wirkkala-finlande\\\/#breadcrumb\"},\"inLanguage\":\"de\",\"potentialAction\":[{\"@type\":\"ReadAction\",\"target\":[\"https:\\\/\\\/lalmachine.com\\\/shop\\\/decorer\\\/art-de-la-table\\\/lot-de-6-verres-a-vin-littala-tapio-wirkkala-finlande\\\/\"]}]},{\"@type\":\"ImageObject\",\"inLanguage\":\"de\",\"@id\":\"https:\\\/\\\/lalmachine.com\\\/shop\\\/decorer\\\/art-de-la-table\\\/lot-de-6-verres-a-vin-littala-tapio-wirkkala-finlande\\\/#primaryimage\",\"url\":\"https:\\\/\\\/lalmachine.com\\\/wp-content\\\/uploads\\\/2024\\\/10\\\/C85C8268-076A-44AF-8745-2230CD0343C1-scaled_clipped_rev_1.jpeg\",\"contentUrl\":\"https:\\\/\\\/lalmachine.com\\\/wp-content\\\/uploads\\\/2024\\\/10\\\/C85C8268-076A-44AF-8745-2230CD0343C1-scaled_clipped_rev_1.jpeg\",\"width\":2524,\"height\":2524,\"caption\":\"verres \u00e0 vin Littala Tapio Wirkkala\"},{\"@type\":\"BreadcrumbList\",\"@id\":\"https:\\\/\\\/lalmachine.com\\\/shop\\\/decorer\\\/art-de-la-table\\\/lot-de-6-verres-a-vin-littala-tapio-wirkkala-finlande\\\/#breadcrumb\",\"itemListElement\":[{\"@type\":\"ListItem\",\"position\":1,\"name\":\"Accueil\",\"item\":\"https:\\\/\\\/lalmachine.com\\\/\"},{\"@type\":\"ListItem\",\"position\":2,\"name\":\"Shop\",\"item\":\"https:\\\/\\\/lalmachine.com\\\/shop\\\/\"},{\"@type\":\"ListItem\",\"position\":3,\"name\":\"Lot de 6 verres \u00e0 vin Littala, Tapio Wirkkala, Finlande\"}]},{\"@type\":\"WebSite\",\"@id\":\"https:\\\/\\\/lalmachine.com\\\/#website\",\"url\":\"https:\\\/\\\/lalmachine.com\\\/\",\"name\":\"lalmachine.com\",\"description\":\"Brocante en ligne Suisse | Mobilier et objets d\u00e9co vintage et design\",\"potentialAction\":[{\"@type\":\"SearchAction\",\"target\":{\"@type\":\"EntryPoint\",\"urlTemplate\":\"https:\\\/\\\/lalmachine.com\\\/?s={search_term_string}\"},\"query-input\":{\"@type\":\"PropertyValueSpecification\",\"valueRequired\":true,\"valueName\":\"search_term_string\"}}],\"inLanguage\":\"de\"}]}<\/script>\n<!-- \/ Yoast SEO plugin. -->","yoast_head_json":{"title":"Lot de 6 verres \u00e0 vin Littala, Tapio Wirkkala, Finlande | lalmachine.com, mobilier et objets d\u00e9co vintage et design","description":"Lot de 6 verres \u00e0 vin Littala, Tapio Wirkkala, Finlande","robots":{"index":"index","follow":"follow","max-snippet":"max-snippet:-1","max-image-preview":"max-image-preview:large","max-video-preview":"max-video-preview:-1"},"canonical":"https:\/\/lalmachine.com\/de\/shop\/decorer\/art-de-la-table\/lot-de-6-verres-a-vin-littala-tapio-wirkkala-finlande\/","og_locale":"de_DE","og_type":"article","og_title":"Lot de 6 verres \u00e0 vin Littala, Tapio Wirkkala, Finlande | lalmachine.com, mobilier et objets d\u00e9co vintage et design","og_description":"Lot de 6 verres \u00e0 vin Littala, Tapio Wirkkala, Finlande","og_url":"https:\/\/lalmachine.com\/de\/shop\/decorer\/art-de-la-table\/lot-de-6-verres-a-vin-littala-tapio-wirkkala-finlande\/","og_site_name":"lalmachine.com","article_publisher":"https:\/\/facebook.com\/lalmachine","article_modified_time":"2024-12-05T21:05:52+00:00","og_image":[{"width":2524,"height":2524,"url":"https:\/\/lalmachine.com\/wp-content\/uploads\/2024\/10\/C85C8268-076A-44AF-8745-2230CD0343C1-scaled_clipped_rev_1.jpeg","type":"image\/jpeg"}],"twitter_card":"summary_large_image","schema":{"@context":"https:\/\/schema.org","@graph":[{"@type":"WebPage","@id":"https:\/\/lalmachine.com\/shop\/decorer\/art-de-la-table\/lot-de-6-verres-a-vin-littala-tapio-wirkkala-finlande\/","url":"https:\/\/lalmachine.com\/shop\/decorer\/art-de-la-table\/lot-de-6-verres-a-vin-littala-tapio-wirkkala-finlande\/","name":"Lot de 6 verres \u00e0 vin Littala, Tapio Wirkkala, Finlande | lalmachine.com, mobilier et objets d\u00e9co vintage et design","isPartOf":{"@id":"https:\/\/lalmachine.com\/#website"},"primaryImageOfPage":{"@id":"https:\/\/lalmachine.com\/shop\/decorer\/art-de-la-table\/lot-de-6-verres-a-vin-littala-tapio-wirkkala-finlande\/#primaryimage"},"image":{"@id":"https:\/\/lalmachine.com\/shop\/decorer\/art-de-la-table\/lot-de-6-verres-a-vin-littala-tapio-wirkkala-finlande\/#primaryimage"},"thumbnailUrl":"https:\/\/lalmachine.com\/wp-content\/uploads\/2024\/10\/C85C8268-076A-44AF-8745-2230CD0343C1-scaled_clipped_rev_1.jpeg","datePublished":"2024-10-30T13:25:38+00:00","dateModified":"2024-12-05T21:05:52+00:00","description":"Lot de 6 verres \u00e0 vin Littala, Tapio Wirkkala, Finlande","breadcrumb":{"@id":"https:\/\/lalmachine.com\/shop\/decorer\/art-de-la-table\/lot-de-6-verres-a-vin-littala-tapio-wirkkala-finlande\/#breadcrumb"},"inLanguage":"de","potentialAction":[{"@type":"ReadAction","target":["https:\/\/lalmachine.com\/shop\/decorer\/art-de-la-table\/lot-de-6-verres-a-vin-littala-tapio-wirkkala-finlande\/"]}]},{"@type":"ImageObject","inLanguage":"de","@id":"https:\/\/lalmachine.com\/shop\/decorer\/art-de-la-table\/lot-de-6-verres-a-vin-littala-tapio-wirkkala-finlande\/#primaryimage","url":"https:\/\/lalmachine.com\/wp-content\/uploads\/2024\/10\/C85C8268-076A-44AF-8745-2230CD0343C1-scaled_clipped_rev_1.jpeg","contentUrl":"https:\/\/lalmachine.com\/wp-content\/uploads\/2024\/10\/C85C8268-076A-44AF-8745-2230CD0343C1-scaled_clipped_rev_1.jpeg","width":2524,"height":2524,"caption":"verres \u00e0 vin Littala Tapio Wirkkala"},{"@type":"BreadcrumbList","@id":"https:\/\/lalmachine.com\/shop\/decorer\/art-de-la-table\/lot-de-6-verres-a-vin-littala-tapio-wirkkala-finlande\/#breadcrumb","itemListElement":[{"@type":"ListItem","position":1,"name":"Accueil","item":"https:\/\/lalmachine.com\/"},{"@type":"ListItem","position":2,"name":"Shop","item":"https:\/\/lalmachine.com\/shop\/"},{"@type":"ListItem","position":3,"name":"Lot de 6 verres \u00e0 vin Littala, Tapio Wirkkala, Finlande"}]},{"@type":"WebSite","@id":"https:\/\/lalmachine.com\/#website","url":"https:\/\/lalmachine.com\/","name":"lalmachine.com","description":"Brocante en ligne Suisse | Mobilier et objets d\u00e9co vintage et design","potentialAction":[{"@type":"SearchAction","target":{"@type":"EntryPoint","urlTemplate":"https:\/\/lalmachine.com\/?s={search_term_string}"},"query-input":{"@type":"PropertyValueSpecification","valueRequired":true,"valueName":"search_term_string"}}],"inLanguage":"de"}]}},"_links":{"self":[{"href":"https:\/\/lalmachine.com\/de\/wp-json\/wp\/v2\/product\/337671","targetHints":{"allow":["GET"]}}],"collection":[{"href":"https:\/\/lalmachine.com\/de\/wp-json\/wp\/v2\/product"}],"about":[{"href":"https:\/\/lalmachine.com\/de\/wp-json\/wp\/v2\/types\/product"}],"wp:featuredmedia":[{"embeddable":true,"href":"https:\/\/lalmachine.com\/de\/wp-json\/wp\/v2\/media\/337672"}],"wp:attachment":[{"href":"https:\/\/lalmachine.com\/de\/wp-json\/wp\/v2\/media?parent=337671"}],"wp:term":[{"taxonomy":"product_brand","embeddable":true,"href":"https:\/\/lalmachine.com\/de\/wp-json\/wp\/v2\/product_brand?post=337671"},{"taxonomy":"product_cat","embeddable":true,"href":"https:\/\/lalmachine.com\/de\/wp-json\/wp\/v2\/product_cat?post=337671"},{"taxonomy":"product_tag","embeddable":true,"href":"https:\/\/lalmachine.com\/de\/wp-json\/wp\/v2\/product_tag?post=337671"},{"taxonomy":"proximite","embeddable":true,"href":"https:\/\/lalmachine.com\/de\/wp-json\/wp\/v2\/proximite?post=337671"}],"curies":[{"name":"wp","href":"https:\/\/api.w.org\/{rel}","templated":true}]}}