{"id":337881,"date":"2024-11-10T12:14:10","date_gmt":"2024-11-10T11:14:10","guid":{"rendered":"https:\/\/lalmachine.com\/?post_type=product&#038;p=337881"},"modified":"2024-12-05T22:05:53","modified_gmt":"2024-12-05T21:05:53","slug":"porte-manteau-crayon-pierre-sala","status":"publish","type":"product","link":"https:\/\/lalmachine.com\/de\/shop\/decorer\/porte-plantes-revues-etc\/porte-manteau-crayon-pierre-sala\/","title":{"rendered":"Porte-manteau Crayon Pierre Sala"},"content":{"rendered":"<ul class=\"wpuf_customs\"><li style=\"list-style-type:none;\"><label>Autres photos:<\/label> <a href=\"https:\/\/lalmachine.com\/wp-content\/uploads\/2024\/11\/IMG_20241107_151212-scaled.jpg\"><img loading=\"lazy\" decoding=\"async\" width=\"72\" height=\"96\" src=\"https:\/\/lalmachine.com\/wp-content\/uploads\/2024\/11\/IMG_20241107_151212-scaled.jpg\" class=\"attachment-thumbnail size-thumbnail\" alt=\"\" \/><\/a> <a href=\"https:\/\/lalmachine.com\/wp-content\/uploads\/2024\/11\/IMG_20241107_151150-scaled.jpg\"><img loading=\"lazy\" decoding=\"async\" width=\"72\" height=\"96\" src=\"https:\/\/lalmachine.com\/wp-content\/uploads\/2024\/11\/IMG_20241107_151150-scaled.jpg\" class=\"attachment-thumbnail size-thumbnail\" alt=\"\" \/><\/a> <a href=\"https:\/\/lalmachine.com\/wp-content\/uploads\/2024\/11\/IMG_20241107_152036-scaled.jpg\"><img loading=\"lazy\" decoding=\"async\" width=\"72\" height=\"96\" src=\"https:\/\/lalmachine.com\/wp-content\/uploads\/2024\/11\/IMG_20241107_152036-scaled.jpg\" class=\"attachment-thumbnail size-thumbnail\" alt=\"\" \/><\/a> <a href=\"https:\/\/lalmachine.com\/wp-content\/uploads\/2024\/11\/IMG_20241107_151928-scaled.jpg\"><img loading=\"lazy\" decoding=\"async\" width=\"72\" height=\"96\" src=\"https:\/\/lalmachine.com\/wp-content\/uploads\/2024\/11\/IMG_20241107_151928-scaled.jpg\" class=\"attachment-thumbnail size-thumbnail\" alt=\"\" \/><\/a> <a href=\"https:\/\/lalmachine.com\/wp-content\/uploads\/2024\/11\/IMG_20241107_151902-scaled.jpg\"><img loading=\"lazy\" decoding=\"async\" width=\"72\" height=\"96\" src=\"https:\/\/lalmachine.com\/wp-content\/uploads\/2024\/11\/IMG_20241107_151902-scaled.jpg\" class=\"attachment-thumbnail size-thumbnail\" alt=\"\" \/><\/a> <a href=\"https:\/\/lalmachine.com\/wp-content\/uploads\/2024\/11\/IMG_20241107_151838-scaled.jpg\"><img loading=\"lazy\" decoding=\"async\" width=\"72\" height=\"96\" src=\"https:\/\/lalmachine.com\/wp-content\/uploads\/2024\/11\/IMG_20241107_151838-scaled.jpg\" class=\"attachment-thumbnail size-thumbnail\" alt=\"\" \/><\/a> <a href=\"https:\/\/lalmachine.com\/wp-content\/uploads\/2024\/11\/IMG_20241107_152255-scaled.jpg\"><img loading=\"lazy\" decoding=\"async\" width=\"82\" height=\"96\" src=\"https:\/\/lalmachine.com\/wp-content\/uploads\/2024\/11\/IMG_20241107_152255-scaled.jpg\" class=\"attachment-thumbnail size-thumbnail\" alt=\"\" \/><\/a> <a href=\"https:\/\/lalmachine.com\/wp-content\/uploads\/2024\/11\/IMG_20241107_151755-scaled.jpg\"><img loading=\"lazy\" decoding=\"async\" width=\"94\" height=\"96\" src=\"https:\/\/lalmachine.com\/wp-content\/uploads\/2024\/11\/IMG_20241107_151755-scaled.jpg\" class=\"attachment-thumbnail size-thumbnail\" alt=\"\" \/><\/a> <a href=\"https:\/\/lalmachine.com\/wp-content\/uploads\/2024\/11\/IMG_20241107_151725-scaled.jpg\"><img loading=\"lazy\" decoding=\"async\" width=\"84\" height=\"96\" src=\"https:\/\/lalmachine.com\/wp-content\/uploads\/2024\/11\/IMG_20241107_151725-scaled.jpg\" class=\"attachment-thumbnail size-thumbnail\" alt=\"\" \/><\/a> <a href=\"https:\/\/lalmachine.com\/wp-content\/uploads\/2024\/11\/IMG_20241107_151547-scaled.jpg\"><img loading=\"lazy\" decoding=\"async\" width=\"92\" height=\"96\" src=\"https:\/\/lalmachine.com\/wp-content\/uploads\/2024\/11\/IMG_20241107_151547-scaled.jpg\" class=\"attachment-thumbnail size-thumbnail\" alt=\"\" \/><\/a> <a href=\"https:\/\/lalmachine.com\/wp-content\/uploads\/2024\/11\/IMG_20241107_151510-scaled.jpg\"><img loading=\"lazy\" decoding=\"async\" width=\"79\" height=\"96\" src=\"https:\/\/lalmachine.com\/wp-content\/uploads\/2024\/11\/IMG_20241107_151510-scaled.jpg\" class=\"attachment-thumbnail size-thumbnail\" alt=\"\" \/><\/a> <\/li>        <li class=\"wpuf-field-data wpuf-field-data-numeric_text_field\">\n                            <label>Prix:<\/label>\n                        119        <\/li>\n                <li class=\"wpuf-field-data wpuf-field-data-numeric_text_field\">\n                            <label>Quantit\u00e9:<\/label>\n                        1        <\/li>\n                <li class=\"wpuf-field-data wpuf-field-data-numeric_text_field\">\n                            <label>Hauteur (cm):<\/label>\n                        124        <\/li>\n                <li class=\"wpuf-field-data wpuf-field-data-numeric_text_field\">\n                            <label>Largeur (cm):<\/label>\n                        3        <\/li>\n                <li class=\"wpuf-field-data wpuf-field-data-numeric_text_field\">\n                            <label>Profondeur (cm):<\/label>\n                        38        <\/li>\n        <\/ul>","protected":false},"excerpt":{"rendered":"<p>Porte-manteau Crayon au couleurs primaires attribu\u00e9 \u00e0 Pierre Sala.<\/p>\n<p>Issu du monde du th\u00e9\u00e2tre et de la mise en sc\u00e8ne, Pierre Sala (1948-1989) devient l&#8217;un des designer fran\u00e7ais les plus marquants des ann\u00e9es 80.<br \/>\nPour lui, ses cr\u00e9ations, originales et libres, doivent \u00eatre un spectacle en soit.<\/p>\n<p>Ce porte-manteau au couleurs primaires ravira petits et grands de par sa forme originale et de part sa taille (124 cm).<\/p>","protected":false},"featured_media":337918,"template":"","meta":{"_et_pb_use_builder":"","_et_pb_old_content":"","_et_gb_content_width":""},"product_brand":[],"product_cat":[50,105],"product_tag":[],"proximite":[203],"class_list":{"0":"post-337881","1":"product","2":"type-product","3":"status-publish","4":"has-post-thumbnail","6":"product_cat-decorer","7":"product_cat-porte-plantes-revues-etc","8":"product_shipping_class-2-10-kg","9":"pa_couleur-multicolore","10":"pa_designer-autres-designers","11":"pa_etat-bon-etat","12":"pa_materiau-bois","13":"pa_style-design","14":"proximite-neuchatel","16":"first","17":"instock","18":"shipping-taxable","19":"purchasable","20":"product-type-simple"},"yoast_head":"<!-- This site is optimized with the Yoast SEO plugin v27.4 - https:\/\/yoast.com\/product\/yoast-seo-wordpress\/ -->\n<title>Porte-manteau Crayon Pierre Sala | lalmachine.com, mobilier et objets d\u00e9co vintage et design<\/title>\n<meta name=\"description\" content=\"Porte-manteau Crayon au couleurs primaires attribu\u00e9 \u00e0 Pierre Sala.\" \/>\n<meta name=\"robots\" content=\"index, follow, max-snippet:-1, max-image-preview:large, max-video-preview:-1\" \/>\n<link rel=\"canonical\" href=\"https:\/\/lalmachine.com\/de\/shop\/decorer\/porte-plantes-revues-etc\/porte-manteau-crayon-pierre-sala\/\" \/>\n<meta property=\"og:locale\" content=\"de_DE\" \/>\n<meta property=\"og:type\" content=\"article\" \/>\n<meta property=\"og:title\" content=\"Porte-manteau Crayon Pierre Sala | lalmachine.com, mobilier et objets d\u00e9co vintage et design\" \/>\n<meta property=\"og:description\" content=\"Porte-manteau Crayon au couleurs primaires attribu\u00e9 \u00e0 Pierre Sala.\" \/>\n<meta property=\"og:url\" content=\"https:\/\/lalmachine.com\/de\/shop\/decorer\/porte-plantes-revues-etc\/porte-manteau-crayon-pierre-sala\/\" \/>\n<meta property=\"og:site_name\" content=\"lalmachine.com\" \/>\n<meta property=\"article:publisher\" content=\"https:\/\/facebook.com\/lalmachine\" \/>\n<meta property=\"article:modified_time\" content=\"2024-12-05T21:05:53+00:00\" \/>\n<meta property=\"og:image\" content=\"https:\/\/lalmachine.com\/wp-content\/uploads\/2024\/11\/IMG_20241107_152152-scaled_clipped_rev_1-scaled.jpeg\" \/>\n\t<meta property=\"og:image:width\" content=\"2560\" \/>\n\t<meta property=\"og:image:height\" content=\"2560\" \/>\n\t<meta property=\"og:image:type\" content=\"image\/jpeg\" \/>\n<meta name=\"twitter:card\" content=\"summary_large_image\" \/>\n<script type=\"application\/ld+json\" class=\"yoast-schema-graph\">{\"@context\":\"https:\\\/\\\/schema.org\",\"@graph\":[{\"@type\":\"WebPage\",\"@id\":\"https:\\\/\\\/lalmachine.com\\\/shop\\\/decorer\\\/porte-plantes-revues-etc\\\/porte-manteau-crayon-pierre-sala\\\/\",\"url\":\"https:\\\/\\\/lalmachine.com\\\/shop\\\/decorer\\\/porte-plantes-revues-etc\\\/porte-manteau-crayon-pierre-sala\\\/\",\"name\":\"Porte-manteau Crayon Pierre Sala | lalmachine.com, mobilier et objets d\u00e9co vintage et design\",\"isPartOf\":{\"@id\":\"https:\\\/\\\/lalmachine.com\\\/#website\"},\"primaryImageOfPage\":{\"@id\":\"https:\\\/\\\/lalmachine.com\\\/shop\\\/decorer\\\/porte-plantes-revues-etc\\\/porte-manteau-crayon-pierre-sala\\\/#primaryimage\"},\"image\":{\"@id\":\"https:\\\/\\\/lalmachine.com\\\/shop\\\/decorer\\\/porte-plantes-revues-etc\\\/porte-manteau-crayon-pierre-sala\\\/#primaryimage\"},\"thumbnailUrl\":\"https:\\\/\\\/lalmachine.com\\\/wp-content\\\/uploads\\\/2024\\\/11\\\/IMG_20241107_152152-scaled_clipped_rev_1-scaled.jpeg\",\"datePublished\":\"2024-11-10T11:14:10+00:00\",\"dateModified\":\"2024-12-05T21:05:53+00:00\",\"description\":\"Porte-manteau Crayon au couleurs primaires attribu\u00e9 \u00e0 Pierre Sala.\",\"breadcrumb\":{\"@id\":\"https:\\\/\\\/lalmachine.com\\\/shop\\\/decorer\\\/porte-plantes-revues-etc\\\/porte-manteau-crayon-pierre-sala\\\/#breadcrumb\"},\"inLanguage\":\"de\",\"potentialAction\":[{\"@type\":\"ReadAction\",\"target\":[\"https:\\\/\\\/lalmachine.com\\\/shop\\\/decorer\\\/porte-plantes-revues-etc\\\/porte-manteau-crayon-pierre-sala\\\/\"]}]},{\"@type\":\"ImageObject\",\"inLanguage\":\"de\",\"@id\":\"https:\\\/\\\/lalmachine.com\\\/shop\\\/decorer\\\/porte-plantes-revues-etc\\\/porte-manteau-crayon-pierre-sala\\\/#primaryimage\",\"url\":\"https:\\\/\\\/lalmachine.com\\\/wp-content\\\/uploads\\\/2024\\\/11\\\/IMG_20241107_152152-scaled_clipped_rev_1-scaled.jpeg\",\"contentUrl\":\"https:\\\/\\\/lalmachine.com\\\/wp-content\\\/uploads\\\/2024\\\/11\\\/IMG_20241107_152152-scaled_clipped_rev_1-scaled.jpeg\",\"width\":2560,\"height\":2560},{\"@type\":\"BreadcrumbList\",\"@id\":\"https:\\\/\\\/lalmachine.com\\\/shop\\\/decorer\\\/porte-plantes-revues-etc\\\/porte-manteau-crayon-pierre-sala\\\/#breadcrumb\",\"itemListElement\":[{\"@type\":\"ListItem\",\"position\":1,\"name\":\"Accueil\",\"item\":\"https:\\\/\\\/lalmachine.com\\\/\"},{\"@type\":\"ListItem\",\"position\":2,\"name\":\"Shop\",\"item\":\"https:\\\/\\\/lalmachine.com\\\/shop\\\/\"},{\"@type\":\"ListItem\",\"position\":3,\"name\":\"Porte-manteau Crayon Pierre Sala\"}]},{\"@type\":\"WebSite\",\"@id\":\"https:\\\/\\\/lalmachine.com\\\/#website\",\"url\":\"https:\\\/\\\/lalmachine.com\\\/\",\"name\":\"lalmachine.com\",\"description\":\"Brocante en ligne Suisse | Mobilier et objets d\u00e9co vintage et design\",\"potentialAction\":[{\"@type\":\"SearchAction\",\"target\":{\"@type\":\"EntryPoint\",\"urlTemplate\":\"https:\\\/\\\/lalmachine.com\\\/?s={search_term_string}\"},\"query-input\":{\"@type\":\"PropertyValueSpecification\",\"valueRequired\":true,\"valueName\":\"search_term_string\"}}],\"inLanguage\":\"de\"}]}<\/script>\n<!-- \/ Yoast SEO plugin. -->","yoast_head_json":{"title":"Porte-manteau Crayon Pierre Sala | lalmachine.com, mobilier et objets d\u00e9co vintage et design","description":"Porte-manteau Crayon au couleurs primaires attribu\u00e9 \u00e0 Pierre Sala.","robots":{"index":"index","follow":"follow","max-snippet":"max-snippet:-1","max-image-preview":"max-image-preview:large","max-video-preview":"max-video-preview:-1"},"canonical":"https:\/\/lalmachine.com\/de\/shop\/decorer\/porte-plantes-revues-etc\/porte-manteau-crayon-pierre-sala\/","og_locale":"de_DE","og_type":"article","og_title":"Porte-manteau Crayon Pierre Sala | lalmachine.com, mobilier et objets d\u00e9co vintage et design","og_description":"Porte-manteau Crayon au couleurs primaires attribu\u00e9 \u00e0 Pierre Sala.","og_url":"https:\/\/lalmachine.com\/de\/shop\/decorer\/porte-plantes-revues-etc\/porte-manteau-crayon-pierre-sala\/","og_site_name":"lalmachine.com","article_publisher":"https:\/\/facebook.com\/lalmachine","article_modified_time":"2024-12-05T21:05:53+00:00","og_image":[{"width":2560,"height":2560,"url":"https:\/\/lalmachine.com\/wp-content\/uploads\/2024\/11\/IMG_20241107_152152-scaled_clipped_rev_1-scaled.jpeg","type":"image\/jpeg"}],"twitter_card":"summary_large_image","schema":{"@context":"https:\/\/schema.org","@graph":[{"@type":"WebPage","@id":"https:\/\/lalmachine.com\/shop\/decorer\/porte-plantes-revues-etc\/porte-manteau-crayon-pierre-sala\/","url":"https:\/\/lalmachine.com\/shop\/decorer\/porte-plantes-revues-etc\/porte-manteau-crayon-pierre-sala\/","name":"Porte-manteau Crayon Pierre Sala | lalmachine.com, mobilier et objets d\u00e9co vintage et design","isPartOf":{"@id":"https:\/\/lalmachine.com\/#website"},"primaryImageOfPage":{"@id":"https:\/\/lalmachine.com\/shop\/decorer\/porte-plantes-revues-etc\/porte-manteau-crayon-pierre-sala\/#primaryimage"},"image":{"@id":"https:\/\/lalmachine.com\/shop\/decorer\/porte-plantes-revues-etc\/porte-manteau-crayon-pierre-sala\/#primaryimage"},"thumbnailUrl":"https:\/\/lalmachine.com\/wp-content\/uploads\/2024\/11\/IMG_20241107_152152-scaled_clipped_rev_1-scaled.jpeg","datePublished":"2024-11-10T11:14:10+00:00","dateModified":"2024-12-05T21:05:53+00:00","description":"Porte-manteau Crayon au couleurs primaires attribu\u00e9 \u00e0 Pierre Sala.","breadcrumb":{"@id":"https:\/\/lalmachine.com\/shop\/decorer\/porte-plantes-revues-etc\/porte-manteau-crayon-pierre-sala\/#breadcrumb"},"inLanguage":"de","potentialAction":[{"@type":"ReadAction","target":["https:\/\/lalmachine.com\/shop\/decorer\/porte-plantes-revues-etc\/porte-manteau-crayon-pierre-sala\/"]}]},{"@type":"ImageObject","inLanguage":"de","@id":"https:\/\/lalmachine.com\/shop\/decorer\/porte-plantes-revues-etc\/porte-manteau-crayon-pierre-sala\/#primaryimage","url":"https:\/\/lalmachine.com\/wp-content\/uploads\/2024\/11\/IMG_20241107_152152-scaled_clipped_rev_1-scaled.jpeg","contentUrl":"https:\/\/lalmachine.com\/wp-content\/uploads\/2024\/11\/IMG_20241107_152152-scaled_clipped_rev_1-scaled.jpeg","width":2560,"height":2560},{"@type":"BreadcrumbList","@id":"https:\/\/lalmachine.com\/shop\/decorer\/porte-plantes-revues-etc\/porte-manteau-crayon-pierre-sala\/#breadcrumb","itemListElement":[{"@type":"ListItem","position":1,"name":"Accueil","item":"https:\/\/lalmachine.com\/"},{"@type":"ListItem","position":2,"name":"Shop","item":"https:\/\/lalmachine.com\/shop\/"},{"@type":"ListItem","position":3,"name":"Porte-manteau Crayon Pierre Sala"}]},{"@type":"WebSite","@id":"https:\/\/lalmachine.com\/#website","url":"https:\/\/lalmachine.com\/","name":"lalmachine.com","description":"Brocante en ligne Suisse | Mobilier et objets d\u00e9co vintage et design","potentialAction":[{"@type":"SearchAction","target":{"@type":"EntryPoint","urlTemplate":"https:\/\/lalmachine.com\/?s={search_term_string}"},"query-input":{"@type":"PropertyValueSpecification","valueRequired":true,"valueName":"search_term_string"}}],"inLanguage":"de"}]}},"_links":{"self":[{"href":"https:\/\/lalmachine.com\/de\/wp-json\/wp\/v2\/product\/337881","targetHints":{"allow":["GET"]}}],"collection":[{"href":"https:\/\/lalmachine.com\/de\/wp-json\/wp\/v2\/product"}],"about":[{"href":"https:\/\/lalmachine.com\/de\/wp-json\/wp\/v2\/types\/product"}],"wp:featuredmedia":[{"embeddable":true,"href":"https:\/\/lalmachine.com\/de\/wp-json\/wp\/v2\/media\/337918"}],"wp:attachment":[{"href":"https:\/\/lalmachine.com\/de\/wp-json\/wp\/v2\/media?parent=337881"}],"wp:term":[{"taxonomy":"product_brand","embeddable":true,"href":"https:\/\/lalmachine.com\/de\/wp-json\/wp\/v2\/product_brand?post=337881"},{"taxonomy":"product_cat","embeddable":true,"href":"https:\/\/lalmachine.com\/de\/wp-json\/wp\/v2\/product_cat?post=337881"},{"taxonomy":"product_tag","embeddable":true,"href":"https:\/\/lalmachine.com\/de\/wp-json\/wp\/v2\/product_tag?post=337881"},{"taxonomy":"proximite","embeddable":true,"href":"https:\/\/lalmachine.com\/de\/wp-json\/wp\/v2\/proximite?post=337881"}],"curies":[{"name":"wp","href":"https:\/\/api.w.org\/{rel}","templated":true}]}}