{"id":338098,"date":"2024-11-15T16:47:44","date_gmt":"2024-11-15T15:47:44","guid":{"rendered":"https:\/\/lalmachine.com\/?post_type=product&#038;p=338098"},"modified":"2024-12-30T16:30:25","modified_gmt":"2024-12-30T15:30:25","slug":"lampadaire-vintage-simon","status":"publish","type":"product","link":"https:\/\/lalmachine.com\/de\/shop\/eclairer\/lampe-sur-pied\/lampadaire-vintage-simon\/","title":{"rendered":"Lampadaire vintage \u201cSimon\u201d"},"content":{"rendered":"<ul class=\"wpuf_customs\"><li style=\"list-style-type:none;\"><label>Autres photos:<\/label> <a href=\"https:\/\/lalmachine.com\/wp-content\/uploads\/2024\/11\/42C65D80-6006-4299-B40C-BB9C5688E9E5-scaled.jpeg\"><img loading=\"lazy\" decoding=\"async\" width=\"54\" height=\"96\" src=\"https:\/\/lalmachine.com\/wp-content\/uploads\/2024\/11\/42C65D80-6006-4299-B40C-BB9C5688E9E5-scaled.jpeg\" class=\"attachment-thumbnail size-thumbnail\" alt=\"\" \/><\/a> <a href=\"https:\/\/lalmachine.com\/wp-content\/uploads\/2024\/11\/A482B726-52B1-4715-B0DA-E1E1D211617B-scaled.jpeg\"><img loading=\"lazy\" decoding=\"async\" width=\"54\" height=\"96\" src=\"https:\/\/lalmachine.com\/wp-content\/uploads\/2024\/11\/A482B726-52B1-4715-B0DA-E1E1D211617B-scaled.jpeg\" class=\"attachment-thumbnail size-thumbnail\" alt=\"\" \/><\/a> <a href=\"https:\/\/lalmachine.com\/wp-content\/uploads\/2024\/11\/E5C631BA-26A7-4FE3-A643-45012825D62D-scaled.jpeg\"><img loading=\"lazy\" decoding=\"async\" width=\"54\" height=\"96\" src=\"https:\/\/lalmachine.com\/wp-content\/uploads\/2024\/11\/E5C631BA-26A7-4FE3-A643-45012825D62D-scaled.jpeg\" class=\"attachment-thumbnail size-thumbnail\" alt=\"\" \/><\/a> <a href=\"https:\/\/lalmachine.com\/wp-content\/uploads\/2024\/11\/A0DEA88A-44CE-4534-A25F-E69CA3833F84-scaled.jpeg\"><img loading=\"lazy\" decoding=\"async\" width=\"54\" height=\"96\" src=\"https:\/\/lalmachine.com\/wp-content\/uploads\/2024\/11\/A0DEA88A-44CE-4534-A25F-E69CA3833F84-scaled.jpeg\" class=\"attachment-thumbnail size-thumbnail\" alt=\"\" \/><\/a> <\/li>        <li class=\"wpuf-field-data wpuf-field-data-numeric_text_field\">\n                            <label>Prix:<\/label>\n                        105        <\/li>\n                <li class=\"wpuf-field-data wpuf-field-data-numeric_text_field\">\n                            <label>Hauteur (cm):<\/label>\n                        131        <\/li>\n                <li class=\"wpuf-field-data wpuf-field-data-numeric_text_field\">\n                            <label>Largeur (cm):<\/label>\n                        31        <\/li>\n                <li class=\"wpuf-field-data wpuf-field-data-numeric_text_field\">\n                            <label>Profondeur (cm):<\/label>\n                        15        <\/li>\n        <\/ul>","protected":false},"excerpt":{"rendered":"<p>Lampadaire vintage, noir avec lampe enti\u00e8rement ajustable. Une nouvelle ampoule LED est incluse. Quelques petits traces de son \u00e2ge vintage sur la base (voir photos) mais sinon tr\u00e8s bon \u00e9tat.<\/p>\n<p>H 131.5 cm<br \/>\nPied diam\u00e8tre 31 cm<br \/>\nLampe diam\u00e8tre 14 cm<\/p>","protected":false},"featured_media":338102,"template":"","meta":{"_et_pb_use_builder":"","_et_pb_old_content":"","_et_gb_content_width":""},"product_brand":[],"product_cat":[49,89],"product_tag":[],"proximite":[282],"class_list":{"0":"post-338098","1":"product","2":"type-product","3":"status-publish","4":"has-post-thumbnail","6":"product_cat-eclairer","7":"product_cat-lampe-sur-pied","8":"pa_couleur-noir","9":"pa_etat-bon-etat","10":"pa_materiau-metal","11":"pa_style-vintage","12":"proximite-ouest-lausannois","14":"first","15":"outofstock","16":"shipping-taxable","17":"purchasable","18":"product-type-simple"},"yoast_head":"<!-- This site is optimized with the Yoast SEO plugin v27.4 - https:\/\/yoast.com\/product\/yoast-seo-wordpress\/ -->\n<title>Lampadaire vintage \u201cSimon\u201d | lalmachine.com, mobilier et objets d\u00e9co vintage et design<\/title>\n<meta name=\"description\" content=\"Lampadaire vintage, noir avec lampe enti\u00e8rement ajustable.\" \/>\n<meta name=\"robots\" content=\"index, follow, max-snippet:-1, max-image-preview:large, max-video-preview:-1\" \/>\n<link rel=\"canonical\" href=\"https:\/\/lalmachine.com\/de\/shop\/eclairer\/lampe-sur-pied\/lampadaire-vintage-simon\/\" \/>\n<meta property=\"og:locale\" content=\"de_DE\" \/>\n<meta property=\"og:type\" content=\"article\" \/>\n<meta property=\"og:title\" content=\"Lampadaire vintage \u201cSimon\u201d | lalmachine.com, mobilier et objets d\u00e9co vintage et design\" \/>\n<meta property=\"og:description\" content=\"Lampadaire vintage, noir avec lampe enti\u00e8rement ajustable.\" \/>\n<meta property=\"og:url\" content=\"https:\/\/lalmachine.com\/de\/shop\/eclairer\/lampe-sur-pied\/lampadaire-vintage-simon\/\" \/>\n<meta property=\"og:site_name\" content=\"lalmachine.com\" \/>\n<meta property=\"article:publisher\" content=\"https:\/\/facebook.com\/lalmachine\" \/>\n<meta property=\"article:modified_time\" content=\"2024-12-30T15:30:25+00:00\" \/>\n<meta property=\"og:image\" content=\"https:\/\/lalmachine.com\/wp-content\/uploads\/2024\/11\/0015C551-76E9-4C95-BB7E-AF8EA03F80DF-scaled_clipped_rev_1.jpeg\" \/>\n\t<meta property=\"og:image:width\" content=\"2317\" \/>\n\t<meta property=\"og:image:height\" content=\"2316\" \/>\n\t<meta property=\"og:image:type\" content=\"image\/jpeg\" \/>\n<meta name=\"twitter:card\" content=\"summary_large_image\" \/>\n<script type=\"application\/ld+json\" class=\"yoast-schema-graph\">{\"@context\":\"https:\\\/\\\/schema.org\",\"@graph\":[{\"@type\":\"WebPage\",\"@id\":\"https:\\\/\\\/lalmachine.com\\\/shop\\\/eclairer\\\/lampe-sur-pied\\\/lampadaire-vintage-simon\\\/\",\"url\":\"https:\\\/\\\/lalmachine.com\\\/shop\\\/eclairer\\\/lampe-sur-pied\\\/lampadaire-vintage-simon\\\/\",\"name\":\"Lampadaire vintage \u201cSimon\u201d | lalmachine.com, mobilier et objets d\u00e9co vintage et design\",\"isPartOf\":{\"@id\":\"https:\\\/\\\/lalmachine.com\\\/#website\"},\"primaryImageOfPage\":{\"@id\":\"https:\\\/\\\/lalmachine.com\\\/shop\\\/eclairer\\\/lampe-sur-pied\\\/lampadaire-vintage-simon\\\/#primaryimage\"},\"image\":{\"@id\":\"https:\\\/\\\/lalmachine.com\\\/shop\\\/eclairer\\\/lampe-sur-pied\\\/lampadaire-vintage-simon\\\/#primaryimage\"},\"thumbnailUrl\":\"https:\\\/\\\/lalmachine.com\\\/wp-content\\\/uploads\\\/2024\\\/11\\\/0015C551-76E9-4C95-BB7E-AF8EA03F80DF-scaled_clipped_rev_1.jpeg\",\"datePublished\":\"2024-11-15T15:47:44+00:00\",\"dateModified\":\"2024-12-30T15:30:25+00:00\",\"description\":\"Lampadaire vintage, noir avec lampe enti\u00e8rement ajustable.\",\"breadcrumb\":{\"@id\":\"https:\\\/\\\/lalmachine.com\\\/shop\\\/eclairer\\\/lampe-sur-pied\\\/lampadaire-vintage-simon\\\/#breadcrumb\"},\"inLanguage\":\"de\",\"potentialAction\":[{\"@type\":\"ReadAction\",\"target\":[\"https:\\\/\\\/lalmachine.com\\\/shop\\\/eclairer\\\/lampe-sur-pied\\\/lampadaire-vintage-simon\\\/\"]}]},{\"@type\":\"ImageObject\",\"inLanguage\":\"de\",\"@id\":\"https:\\\/\\\/lalmachine.com\\\/shop\\\/eclairer\\\/lampe-sur-pied\\\/lampadaire-vintage-simon\\\/#primaryimage\",\"url\":\"https:\\\/\\\/lalmachine.com\\\/wp-content\\\/uploads\\\/2024\\\/11\\\/0015C551-76E9-4C95-BB7E-AF8EA03F80DF-scaled_clipped_rev_1.jpeg\",\"contentUrl\":\"https:\\\/\\\/lalmachine.com\\\/wp-content\\\/uploads\\\/2024\\\/11\\\/0015C551-76E9-4C95-BB7E-AF8EA03F80DF-scaled_clipped_rev_1.jpeg\",\"width\":2317,\"height\":2316},{\"@type\":\"BreadcrumbList\",\"@id\":\"https:\\\/\\\/lalmachine.com\\\/shop\\\/eclairer\\\/lampe-sur-pied\\\/lampadaire-vintage-simon\\\/#breadcrumb\",\"itemListElement\":[{\"@type\":\"ListItem\",\"position\":1,\"name\":\"Accueil\",\"item\":\"https:\\\/\\\/lalmachine.com\\\/\"},{\"@type\":\"ListItem\",\"position\":2,\"name\":\"Shop\",\"item\":\"https:\\\/\\\/lalmachine.com\\\/shop\\\/\"},{\"@type\":\"ListItem\",\"position\":3,\"name\":\"Lampadaire vintage \u201cSimon\u201d\"}]},{\"@type\":\"WebSite\",\"@id\":\"https:\\\/\\\/lalmachine.com\\\/#website\",\"url\":\"https:\\\/\\\/lalmachine.com\\\/\",\"name\":\"lalmachine.com\",\"description\":\"Brocante en ligne Suisse | Mobilier et objets d\u00e9co vintage et design\",\"potentialAction\":[{\"@type\":\"SearchAction\",\"target\":{\"@type\":\"EntryPoint\",\"urlTemplate\":\"https:\\\/\\\/lalmachine.com\\\/?s={search_term_string}\"},\"query-input\":{\"@type\":\"PropertyValueSpecification\",\"valueRequired\":true,\"valueName\":\"search_term_string\"}}],\"inLanguage\":\"de\"}]}<\/script>\n<!-- \/ Yoast SEO plugin. -->","yoast_head_json":{"title":"Lampadaire vintage \u201cSimon\u201d | lalmachine.com, mobilier et objets d\u00e9co vintage et design","description":"Lampadaire vintage, noir avec lampe enti\u00e8rement ajustable.","robots":{"index":"index","follow":"follow","max-snippet":"max-snippet:-1","max-image-preview":"max-image-preview:large","max-video-preview":"max-video-preview:-1"},"canonical":"https:\/\/lalmachine.com\/de\/shop\/eclairer\/lampe-sur-pied\/lampadaire-vintage-simon\/","og_locale":"de_DE","og_type":"article","og_title":"Lampadaire vintage \u201cSimon\u201d | lalmachine.com, mobilier et objets d\u00e9co vintage et design","og_description":"Lampadaire vintage, noir avec lampe enti\u00e8rement ajustable.","og_url":"https:\/\/lalmachine.com\/de\/shop\/eclairer\/lampe-sur-pied\/lampadaire-vintage-simon\/","og_site_name":"lalmachine.com","article_publisher":"https:\/\/facebook.com\/lalmachine","article_modified_time":"2024-12-30T15:30:25+00:00","og_image":[{"width":2317,"height":2316,"url":"https:\/\/lalmachine.com\/wp-content\/uploads\/2024\/11\/0015C551-76E9-4C95-BB7E-AF8EA03F80DF-scaled_clipped_rev_1.jpeg","type":"image\/jpeg"}],"twitter_card":"summary_large_image","schema":{"@context":"https:\/\/schema.org","@graph":[{"@type":"WebPage","@id":"https:\/\/lalmachine.com\/shop\/eclairer\/lampe-sur-pied\/lampadaire-vintage-simon\/","url":"https:\/\/lalmachine.com\/shop\/eclairer\/lampe-sur-pied\/lampadaire-vintage-simon\/","name":"Lampadaire vintage \u201cSimon\u201d | lalmachine.com, mobilier et objets d\u00e9co vintage et design","isPartOf":{"@id":"https:\/\/lalmachine.com\/#website"},"primaryImageOfPage":{"@id":"https:\/\/lalmachine.com\/shop\/eclairer\/lampe-sur-pied\/lampadaire-vintage-simon\/#primaryimage"},"image":{"@id":"https:\/\/lalmachine.com\/shop\/eclairer\/lampe-sur-pied\/lampadaire-vintage-simon\/#primaryimage"},"thumbnailUrl":"https:\/\/lalmachine.com\/wp-content\/uploads\/2024\/11\/0015C551-76E9-4C95-BB7E-AF8EA03F80DF-scaled_clipped_rev_1.jpeg","datePublished":"2024-11-15T15:47:44+00:00","dateModified":"2024-12-30T15:30:25+00:00","description":"Lampadaire vintage, noir avec lampe enti\u00e8rement ajustable.","breadcrumb":{"@id":"https:\/\/lalmachine.com\/shop\/eclairer\/lampe-sur-pied\/lampadaire-vintage-simon\/#breadcrumb"},"inLanguage":"de","potentialAction":[{"@type":"ReadAction","target":["https:\/\/lalmachine.com\/shop\/eclairer\/lampe-sur-pied\/lampadaire-vintage-simon\/"]}]},{"@type":"ImageObject","inLanguage":"de","@id":"https:\/\/lalmachine.com\/shop\/eclairer\/lampe-sur-pied\/lampadaire-vintage-simon\/#primaryimage","url":"https:\/\/lalmachine.com\/wp-content\/uploads\/2024\/11\/0015C551-76E9-4C95-BB7E-AF8EA03F80DF-scaled_clipped_rev_1.jpeg","contentUrl":"https:\/\/lalmachine.com\/wp-content\/uploads\/2024\/11\/0015C551-76E9-4C95-BB7E-AF8EA03F80DF-scaled_clipped_rev_1.jpeg","width":2317,"height":2316},{"@type":"BreadcrumbList","@id":"https:\/\/lalmachine.com\/shop\/eclairer\/lampe-sur-pied\/lampadaire-vintage-simon\/#breadcrumb","itemListElement":[{"@type":"ListItem","position":1,"name":"Accueil","item":"https:\/\/lalmachine.com\/"},{"@type":"ListItem","position":2,"name":"Shop","item":"https:\/\/lalmachine.com\/shop\/"},{"@type":"ListItem","position":3,"name":"Lampadaire vintage \u201cSimon\u201d"}]},{"@type":"WebSite","@id":"https:\/\/lalmachine.com\/#website","url":"https:\/\/lalmachine.com\/","name":"lalmachine.com","description":"Brocante en ligne Suisse | Mobilier et objets d\u00e9co vintage et design","potentialAction":[{"@type":"SearchAction","target":{"@type":"EntryPoint","urlTemplate":"https:\/\/lalmachine.com\/?s={search_term_string}"},"query-input":{"@type":"PropertyValueSpecification","valueRequired":true,"valueName":"search_term_string"}}],"inLanguage":"de"}]}},"_links":{"self":[{"href":"https:\/\/lalmachine.com\/de\/wp-json\/wp\/v2\/product\/338098","targetHints":{"allow":["GET"]}}],"collection":[{"href":"https:\/\/lalmachine.com\/de\/wp-json\/wp\/v2\/product"}],"about":[{"href":"https:\/\/lalmachine.com\/de\/wp-json\/wp\/v2\/types\/product"}],"wp:featuredmedia":[{"embeddable":true,"href":"https:\/\/lalmachine.com\/de\/wp-json\/wp\/v2\/media\/338102"}],"wp:attachment":[{"href":"https:\/\/lalmachine.com\/de\/wp-json\/wp\/v2\/media?parent=338098"}],"wp:term":[{"taxonomy":"product_brand","embeddable":true,"href":"https:\/\/lalmachine.com\/de\/wp-json\/wp\/v2\/product_brand?post=338098"},{"taxonomy":"product_cat","embeddable":true,"href":"https:\/\/lalmachine.com\/de\/wp-json\/wp\/v2\/product_cat?post=338098"},{"taxonomy":"product_tag","embeddable":true,"href":"https:\/\/lalmachine.com\/de\/wp-json\/wp\/v2\/product_tag?post=338098"},{"taxonomy":"proximite","embeddable":true,"href":"https:\/\/lalmachine.com\/de\/wp-json\/wp\/v2\/proximite?post=338098"}],"curies":[{"name":"wp","href":"https:\/\/api.w.org\/{rel}","templated":true}]}}