{"id":338360,"date":"2024-11-20T15:57:11","date_gmt":"2024-11-20T14:57:11","guid":{"rendered":"https:\/\/lalmachine.com\/?post_type=product&#038;p=338360"},"modified":"2025-02-19T19:50:48","modified_gmt":"2025-02-19T18:50:48","slug":"canape-ds-47-en-cuir-neck-de-sede-suisse-1976","status":"publish","type":"product","link":"https:\/\/lalmachine.com\/de\/shop\/sasseoir\/canape-fauteuil-pouf\/canape-ds-47-en-cuir-neck-de-sede-suisse-1976\/","title":{"rendered":"Canap\u00e9 DS-47 en cuir Neck, De Sede, Suisse, 1976"},"content":{"rendered":"<ul class=\"wpuf_customs\"><li style=\"list-style-type:none;\"><label>Autres photos:<\/label> <a href=\"https:\/\/lalmachine.com\/wp-content\/uploads\/2024\/11\/De-sede-DS-47-Photoroom-4.jpg\"><img loading=\"lazy\" decoding=\"async\" width=\"96\" height=\"96\" src=\"https:\/\/lalmachine.com\/wp-content\/uploads\/2024\/11\/De-sede-DS-47-Photoroom-4.jpg\" class=\"attachment-thumbnail size-thumbnail\" alt=\"\" \/><\/a> <a href=\"https:\/\/lalmachine.com\/wp-content\/uploads\/2024\/11\/1EFC2237-7ACC-4C0D-924B-20D0571EBACB_1_201_a-scaled.jpeg\"><img loading=\"lazy\" decoding=\"async\" width=\"96\" height=\"96\" src=\"https:\/\/lalmachine.com\/wp-content\/uploads\/2024\/11\/1EFC2237-7ACC-4C0D-924B-20D0571EBACB_1_201_a-scaled.jpeg\" class=\"attachment-thumbnail size-thumbnail\" alt=\"\" \/><\/a> <a href=\"https:\/\/lalmachine.com\/wp-content\/uploads\/2024\/11\/9EF4E206-8DB1-4B55-9509-0AF694C8DD66_1_201_a-scaled.jpeg\"><img loading=\"lazy\" decoding=\"async\" width=\"96\" height=\"96\" src=\"https:\/\/lalmachine.com\/wp-content\/uploads\/2024\/11\/9EF4E206-8DB1-4B55-9509-0AF694C8DD66_1_201_a-scaled.jpeg\" class=\"attachment-thumbnail size-thumbnail\" alt=\"\" \/><\/a> <a href=\"https:\/\/lalmachine.com\/wp-content\/uploads\/2024\/11\/F8E88C9B-C352-4650-A91E-74EB8720AE7E_1_201_a-scaled.jpeg\"><img loading=\"lazy\" decoding=\"async\" width=\"96\" height=\"96\" src=\"https:\/\/lalmachine.com\/wp-content\/uploads\/2024\/11\/F8E88C9B-C352-4650-A91E-74EB8720AE7E_1_201_a-scaled.jpeg\" class=\"attachment-thumbnail size-thumbnail\" alt=\"\" \/><\/a> <a href=\"https:\/\/lalmachine.com\/wp-content\/uploads\/2024\/11\/B64A1A06-0E2B-4B36-BC74-683BDD9DADC5_1_201_a-scaled.jpeg\"><img loading=\"lazy\" decoding=\"async\" width=\"96\" height=\"96\" src=\"https:\/\/lalmachine.com\/wp-content\/uploads\/2024\/11\/B64A1A06-0E2B-4B36-BC74-683BDD9DADC5_1_201_a-scaled.jpeg\" class=\"attachment-thumbnail size-thumbnail\" alt=\"\" \/><\/a> <a href=\"https:\/\/lalmachine.com\/wp-content\/uploads\/2024\/11\/AEC4198F-EBBA-4C2C-B998-F4575869CC69_1_201_a-scaled.jpeg\"><img loading=\"lazy\" decoding=\"async\" width=\"96\" height=\"96\" src=\"https:\/\/lalmachine.com\/wp-content\/uploads\/2024\/11\/AEC4198F-EBBA-4C2C-B998-F4575869CC69_1_201_a-scaled.jpeg\" class=\"attachment-thumbnail size-thumbnail\" alt=\"\" \/><\/a> <a href=\"https:\/\/lalmachine.com\/wp-content\/uploads\/2024\/11\/5AF41980-655E-440B-887A-366FDB15B02E_1_201_a-scaled.jpeg\"><img loading=\"lazy\" decoding=\"async\" width=\"96\" height=\"96\" src=\"https:\/\/lalmachine.com\/wp-content\/uploads\/2024\/11\/5AF41980-655E-440B-887A-366FDB15B02E_1_201_a-scaled.jpeg\" class=\"attachment-thumbnail size-thumbnail\" alt=\"\" \/><\/a> <a href=\"https:\/\/lalmachine.com\/wp-content\/uploads\/2024\/11\/AFD86EA5-1783-4B5D-820D-9A299D230E7D_1_201_a-scaled.jpeg\"><img loading=\"lazy\" decoding=\"async\" width=\"96\" height=\"96\" src=\"https:\/\/lalmachine.com\/wp-content\/uploads\/2024\/11\/AFD86EA5-1783-4B5D-820D-9A299D230E7D_1_201_a-scaled.jpeg\" class=\"attachment-thumbnail size-thumbnail\" alt=\"\" \/><\/a> <a href=\"https:\/\/lalmachine.com\/wp-content\/uploads\/2024\/11\/2EC12A3E-EFB7-4266-800B-C099E46A7F2C_1_201_a-scaled.jpeg\"><img loading=\"lazy\" decoding=\"async\" width=\"96\" height=\"96\" src=\"https:\/\/lalmachine.com\/wp-content\/uploads\/2024\/11\/2EC12A3E-EFB7-4266-800B-C099E46A7F2C_1_201_a-scaled.jpeg\" class=\"attachment-thumbnail size-thumbnail\" alt=\"\" \/><\/a> <a href=\"https:\/\/lalmachine.com\/wp-content\/uploads\/2024\/11\/CCA5C89F-FE1A-4924-BE4D-D41B9FBB828C_1_201_a-scaled.jpeg\"><img loading=\"lazy\" decoding=\"async\" width=\"96\" height=\"96\" src=\"https:\/\/lalmachine.com\/wp-content\/uploads\/2024\/11\/CCA5C89F-FE1A-4924-BE4D-D41B9FBB828C_1_201_a-scaled.jpeg\" class=\"attachment-thumbnail size-thumbnail\" alt=\"\" \/><\/a> <a href=\"https:\/\/lalmachine.com\/wp-content\/uploads\/2024\/11\/A5C60090-8161-4DE4-887B-55181B6462B1_1_201_a-scaled.jpeg\"><img loading=\"lazy\" decoding=\"async\" width=\"96\" height=\"96\" src=\"https:\/\/lalmachine.com\/wp-content\/uploads\/2024\/11\/A5C60090-8161-4DE4-887B-55181B6462B1_1_201_a-scaled.jpeg\" class=\"attachment-thumbnail size-thumbnail\" alt=\"\" \/><\/a> <\/li>        <li class=\"wpuf-field-data wpuf-field-data-numeric_text_field\">\n                            <label>Prix:<\/label>\n                        1450        <\/li>\n                <li class=\"wpuf-field-data wpuf-field-data-numeric_text_field\">\n                            <label>Quantit\u00e9:<\/label>\n                        0        <\/li>\n                <li class=\"wpuf-field-data wpuf-field-data-numeric_text_field\">\n                            <label>Hauteur (cm):<\/label>\n                        72        <\/li>\n                <li class=\"wpuf-field-data wpuf-field-data-numeric_text_field\">\n                            <label>Largeur (cm):<\/label>\n                        139        <\/li>\n                <li class=\"wpuf-field-data wpuf-field-data-numeric_text_field\">\n                            <label>Profondeur (cm):<\/label>\n                        89        <\/li>\n        <\/ul>","protected":false},"excerpt":{"rendered":"<p>Lors de sa pr\u00e9sentation au salon du design de Cologne en 1976, l&rsquo;engouement pour le DS-47 fut tel, que la firme helv\u00e8te dut litt\u00e9ralement fermer son stand \u00e0 plusieurs reprises pour calmer le public. Cette cr\u00e9ation est \u00e0 l&rsquo;origine de sa r\u00e9putation mondiale.<\/p>\n<p>Les experts n&rsquo;en revenaient pas, De Sede avait entrepris de travailler du cuir de taureau de plus de 5mm d&rsquo;\u00e9paisseur en r\u00e9alisant un canap\u00e9 rembourr\u00e9 avec une assise extensible au confort hors norme et \u00e0 la ligne incroyablement onctueuse !<\/p>\n<p>Une telle \u00e9paisseur de cuir implique habituellement beaucoup de rigidit\u00e9, mais chaque partie du canap\u00e9 offre en r\u00e9alit\u00e9 un moelleux d\u00e9concertant. Son design est saisissant lorsqu&rsquo;on examine les extr\u00e9mit\u00e9s d\u00e9licatement repli\u00e9es et son dessin tout en rondeur. Il faudra finalement s&rsquo;asseoir pour appr\u00e9cier et comprendre l&rsquo;enthousiasme lors de son lancement \u00e0 la fin des ann\u00e9es 70.<\/p>\n<p>Un sans faute pour le design et le confort, ce canap\u00e9 continuera de prendre une belle patine avec le temps gr\u00e2ce \u00e0 son cuir \u00e0 toute \u00e9preuve. Il pourra se m\u00e9langer \u00e0 toute sorte d&rsquo;univers; du d\u00e9cor scandinave du milieu du si\u00e8cle dernier, \u00e0 un environnement bauhaus ou encore associ\u00e9 \u00e0 une paire de fauteuils brutalistes.<\/p>\n<p>Fond\u00e9e en 1962, l&rsquo;entreprise implant\u00e9e dans le canton d&rsquo;Argovie \u00e9dite encore ce canap\u00e9. Chaque mod\u00e8le est unique et enti\u00e8rement fait main.<\/p>\n<p>(ouvert 106cm)<\/p>","protected":false},"featured_media":338502,"template":"","meta":{"_et_pb_use_builder":"","_et_pb_old_content":"","_et_gb_content_width":""},"product_brand":[],"product_cat":[99,48],"product_tag":[],"proximite":[283],"class_list":{"0":"post-338360","1":"product","2":"type-product","3":"status-publish","4":"has-post-thumbnail","6":"product_cat-canape-fauteuil-pouf","7":"product_cat-sasseoir","8":"pa_couleur-marron","9":"pa_designer-autres-designers","10":"pa_etat-bon-etat","11":"pa_materiau-cuir","12":"pa_style-design","13":"proximite-riviera-pays-denhaut","15":"first","16":"outofstock","17":"sale","18":"shipping-taxable","19":"purchasable","20":"product-type-simple"},"yoast_head":"<!-- This site is optimized with the Yoast SEO plugin v27.4 - https:\/\/yoast.com\/product\/yoast-seo-wordpress\/ -->\n<title>Canap\u00e9 DS-47 en cuir Neck, De Sede, Suisse, 1976 | lalmachine.com<\/title>\n<meta name=\"description\" content=\"Canap\u00e9 DS-47 en cuir Neck, De Sede, Suisse, 1976\" \/>\n<meta name=\"robots\" content=\"index, follow, max-snippet:-1, max-image-preview:large, max-video-preview:-1\" \/>\n<link rel=\"canonical\" href=\"https:\/\/lalmachine.com\/de\/shop\/sasseoir\/canape-fauteuil-pouf\/canape-ds-47-en-cuir-neck-de-sede-suisse-1976\/\" \/>\n<meta property=\"og:locale\" content=\"de_DE\" \/>\n<meta property=\"og:type\" content=\"article\" \/>\n<meta property=\"og:title\" content=\"Canap\u00e9 DS-47 en cuir Neck, De Sede, Suisse, 1976 | lalmachine.com\" \/>\n<meta property=\"og:description\" content=\"Canap\u00e9 DS-47 en cuir Neck, De Sede, Suisse, 1976\" \/>\n<meta property=\"og:url\" content=\"https:\/\/lalmachine.com\/de\/shop\/sasseoir\/canape-fauteuil-pouf\/canape-ds-47-en-cuir-neck-de-sede-suisse-1976\/\" \/>\n<meta property=\"og:site_name\" content=\"lalmachine.com\" \/>\n<meta property=\"article:publisher\" content=\"https:\/\/facebook.com\/lalmachine\" \/>\n<meta property=\"article:modified_time\" content=\"2025-02-19T18:50:48+00:00\" \/>\n<meta property=\"og:image\" content=\"https:\/\/lalmachine.com\/wp-content\/uploads\/2024\/11\/De-sede-DS-47-Photoroom-6_clipped_rev_1.jpeg\" \/>\n\t<meta property=\"og:image:width\" content=\"1602\" \/>\n\t<meta property=\"og:image:height\" content=\"1602\" \/>\n\t<meta property=\"og:image:type\" content=\"image\/jpeg\" \/>\n<meta name=\"twitter:card\" content=\"summary_large_image\" \/>\n<script type=\"application\/ld+json\" class=\"yoast-schema-graph\">{\"@context\":\"https:\\\/\\\/schema.org\",\"@graph\":[{\"@type\":\"WebPage\",\"@id\":\"https:\\\/\\\/lalmachine.com\\\/shop\\\/sasseoir\\\/canape-fauteuil-pouf\\\/canape-ds-47-en-cuir-neck-de-sede-suisse-1976\\\/\",\"url\":\"https:\\\/\\\/lalmachine.com\\\/shop\\\/sasseoir\\\/canape-fauteuil-pouf\\\/canape-ds-47-en-cuir-neck-de-sede-suisse-1976\\\/\",\"name\":\"Canap\u00e9 DS-47 en cuir Neck, De Sede, Suisse, 1976 | lalmachine.com\",\"isPartOf\":{\"@id\":\"https:\\\/\\\/lalmachine.com\\\/#website\"},\"primaryImageOfPage\":{\"@id\":\"https:\\\/\\\/lalmachine.com\\\/shop\\\/sasseoir\\\/canape-fauteuil-pouf\\\/canape-ds-47-en-cuir-neck-de-sede-suisse-1976\\\/#primaryimage\"},\"image\":{\"@id\":\"https:\\\/\\\/lalmachine.com\\\/shop\\\/sasseoir\\\/canape-fauteuil-pouf\\\/canape-ds-47-en-cuir-neck-de-sede-suisse-1976\\\/#primaryimage\"},\"thumbnailUrl\":\"https:\\\/\\\/lalmachine.com\\\/wp-content\\\/uploads\\\/2024\\\/11\\\/De-sede-DS-47-Photoroom-6_clipped_rev_1.jpeg\",\"datePublished\":\"2024-11-20T14:57:11+00:00\",\"dateModified\":\"2025-02-19T18:50:48+00:00\",\"description\":\"Canap\u00e9 DS-47 en cuir Neck, De Sede, Suisse, 1976\",\"breadcrumb\":{\"@id\":\"https:\\\/\\\/lalmachine.com\\\/shop\\\/sasseoir\\\/canape-fauteuil-pouf\\\/canape-ds-47-en-cuir-neck-de-sede-suisse-1976\\\/#breadcrumb\"},\"inLanguage\":\"de\",\"potentialAction\":[{\"@type\":\"ReadAction\",\"target\":[\"https:\\\/\\\/lalmachine.com\\\/shop\\\/sasseoir\\\/canape-fauteuil-pouf\\\/canape-ds-47-en-cuir-neck-de-sede-suisse-1976\\\/\"]}]},{\"@type\":\"ImageObject\",\"inLanguage\":\"de\",\"@id\":\"https:\\\/\\\/lalmachine.com\\\/shop\\\/sasseoir\\\/canape-fauteuil-pouf\\\/canape-ds-47-en-cuir-neck-de-sede-suisse-1976\\\/#primaryimage\",\"url\":\"https:\\\/\\\/lalmachine.com\\\/wp-content\\\/uploads\\\/2024\\\/11\\\/De-sede-DS-47-Photoroom-6_clipped_rev_1.jpeg\",\"contentUrl\":\"https:\\\/\\\/lalmachine.com\\\/wp-content\\\/uploads\\\/2024\\\/11\\\/De-sede-DS-47-Photoroom-6_clipped_rev_1.jpeg\",\"width\":1602,\"height\":1602,\"caption\":\"Canap\u00e9 DS-47 De Sede\"},{\"@type\":\"BreadcrumbList\",\"@id\":\"https:\\\/\\\/lalmachine.com\\\/shop\\\/sasseoir\\\/canape-fauteuil-pouf\\\/canape-ds-47-en-cuir-neck-de-sede-suisse-1976\\\/#breadcrumb\",\"itemListElement\":[{\"@type\":\"ListItem\",\"position\":1,\"name\":\"Accueil\",\"item\":\"https:\\\/\\\/lalmachine.com\\\/\"},{\"@type\":\"ListItem\",\"position\":2,\"name\":\"Shop\",\"item\":\"https:\\\/\\\/lalmachine.com\\\/shop\\\/\"},{\"@type\":\"ListItem\",\"position\":3,\"name\":\"Canap\u00e9 DS-47 en cuir Neck, De Sede, Suisse, 1976\"}]},{\"@type\":\"WebSite\",\"@id\":\"https:\\\/\\\/lalmachine.com\\\/#website\",\"url\":\"https:\\\/\\\/lalmachine.com\\\/\",\"name\":\"lalmachine.com\",\"description\":\"Brocante en ligne Suisse | Mobilier et objets d\u00e9co vintage et design\",\"potentialAction\":[{\"@type\":\"SearchAction\",\"target\":{\"@type\":\"EntryPoint\",\"urlTemplate\":\"https:\\\/\\\/lalmachine.com\\\/?s={search_term_string}\"},\"query-input\":{\"@type\":\"PropertyValueSpecification\",\"valueRequired\":true,\"valueName\":\"search_term_string\"}}],\"inLanguage\":\"de\"}]}<\/script>\n<!-- \/ Yoast SEO plugin. -->","yoast_head_json":{"title":"Canap\u00e9 DS-47 en cuir Neck, De Sede, Suisse, 1976 | lalmachine.com","description":"Canap\u00e9 DS-47 en cuir Neck, De Sede, Suisse, 1976","robots":{"index":"index","follow":"follow","max-snippet":"max-snippet:-1","max-image-preview":"max-image-preview:large","max-video-preview":"max-video-preview:-1"},"canonical":"https:\/\/lalmachine.com\/de\/shop\/sasseoir\/canape-fauteuil-pouf\/canape-ds-47-en-cuir-neck-de-sede-suisse-1976\/","og_locale":"de_DE","og_type":"article","og_title":"Canap\u00e9 DS-47 en cuir Neck, De Sede, Suisse, 1976 | lalmachine.com","og_description":"Canap\u00e9 DS-47 en cuir Neck, De Sede, Suisse, 1976","og_url":"https:\/\/lalmachine.com\/de\/shop\/sasseoir\/canape-fauteuil-pouf\/canape-ds-47-en-cuir-neck-de-sede-suisse-1976\/","og_site_name":"lalmachine.com","article_publisher":"https:\/\/facebook.com\/lalmachine","article_modified_time":"2025-02-19T18:50:48+00:00","og_image":[{"width":1602,"height":1602,"url":"https:\/\/lalmachine.com\/wp-content\/uploads\/2024\/11\/De-sede-DS-47-Photoroom-6_clipped_rev_1.jpeg","type":"image\/jpeg"}],"twitter_card":"summary_large_image","schema":{"@context":"https:\/\/schema.org","@graph":[{"@type":"WebPage","@id":"https:\/\/lalmachine.com\/shop\/sasseoir\/canape-fauteuil-pouf\/canape-ds-47-en-cuir-neck-de-sede-suisse-1976\/","url":"https:\/\/lalmachine.com\/shop\/sasseoir\/canape-fauteuil-pouf\/canape-ds-47-en-cuir-neck-de-sede-suisse-1976\/","name":"Canap\u00e9 DS-47 en cuir Neck, De Sede, Suisse, 1976 | lalmachine.com","isPartOf":{"@id":"https:\/\/lalmachine.com\/#website"},"primaryImageOfPage":{"@id":"https:\/\/lalmachine.com\/shop\/sasseoir\/canape-fauteuil-pouf\/canape-ds-47-en-cuir-neck-de-sede-suisse-1976\/#primaryimage"},"image":{"@id":"https:\/\/lalmachine.com\/shop\/sasseoir\/canape-fauteuil-pouf\/canape-ds-47-en-cuir-neck-de-sede-suisse-1976\/#primaryimage"},"thumbnailUrl":"https:\/\/lalmachine.com\/wp-content\/uploads\/2024\/11\/De-sede-DS-47-Photoroom-6_clipped_rev_1.jpeg","datePublished":"2024-11-20T14:57:11+00:00","dateModified":"2025-02-19T18:50:48+00:00","description":"Canap\u00e9 DS-47 en cuir Neck, De Sede, Suisse, 1976","breadcrumb":{"@id":"https:\/\/lalmachine.com\/shop\/sasseoir\/canape-fauteuil-pouf\/canape-ds-47-en-cuir-neck-de-sede-suisse-1976\/#breadcrumb"},"inLanguage":"de","potentialAction":[{"@type":"ReadAction","target":["https:\/\/lalmachine.com\/shop\/sasseoir\/canape-fauteuil-pouf\/canape-ds-47-en-cuir-neck-de-sede-suisse-1976\/"]}]},{"@type":"ImageObject","inLanguage":"de","@id":"https:\/\/lalmachine.com\/shop\/sasseoir\/canape-fauteuil-pouf\/canape-ds-47-en-cuir-neck-de-sede-suisse-1976\/#primaryimage","url":"https:\/\/lalmachine.com\/wp-content\/uploads\/2024\/11\/De-sede-DS-47-Photoroom-6_clipped_rev_1.jpeg","contentUrl":"https:\/\/lalmachine.com\/wp-content\/uploads\/2024\/11\/De-sede-DS-47-Photoroom-6_clipped_rev_1.jpeg","width":1602,"height":1602,"caption":"Canap\u00e9 DS-47 De Sede"},{"@type":"BreadcrumbList","@id":"https:\/\/lalmachine.com\/shop\/sasseoir\/canape-fauteuil-pouf\/canape-ds-47-en-cuir-neck-de-sede-suisse-1976\/#breadcrumb","itemListElement":[{"@type":"ListItem","position":1,"name":"Accueil","item":"https:\/\/lalmachine.com\/"},{"@type":"ListItem","position":2,"name":"Shop","item":"https:\/\/lalmachine.com\/shop\/"},{"@type":"ListItem","position":3,"name":"Canap\u00e9 DS-47 en cuir Neck, De Sede, Suisse, 1976"}]},{"@type":"WebSite","@id":"https:\/\/lalmachine.com\/#website","url":"https:\/\/lalmachine.com\/","name":"lalmachine.com","description":"Brocante en ligne Suisse | Mobilier et objets d\u00e9co vintage et design","potentialAction":[{"@type":"SearchAction","target":{"@type":"EntryPoint","urlTemplate":"https:\/\/lalmachine.com\/?s={search_term_string}"},"query-input":{"@type":"PropertyValueSpecification","valueRequired":true,"valueName":"search_term_string"}}],"inLanguage":"de"}]}},"_links":{"self":[{"href":"https:\/\/lalmachine.com\/de\/wp-json\/wp\/v2\/product\/338360","targetHints":{"allow":["GET"]}}],"collection":[{"href":"https:\/\/lalmachine.com\/de\/wp-json\/wp\/v2\/product"}],"about":[{"href":"https:\/\/lalmachine.com\/de\/wp-json\/wp\/v2\/types\/product"}],"wp:featuredmedia":[{"embeddable":true,"href":"https:\/\/lalmachine.com\/de\/wp-json\/wp\/v2\/media\/338502"}],"wp:attachment":[{"href":"https:\/\/lalmachine.com\/de\/wp-json\/wp\/v2\/media?parent=338360"}],"wp:term":[{"taxonomy":"product_brand","embeddable":true,"href":"https:\/\/lalmachine.com\/de\/wp-json\/wp\/v2\/product_brand?post=338360"},{"taxonomy":"product_cat","embeddable":true,"href":"https:\/\/lalmachine.com\/de\/wp-json\/wp\/v2\/product_cat?post=338360"},{"taxonomy":"product_tag","embeddable":true,"href":"https:\/\/lalmachine.com\/de\/wp-json\/wp\/v2\/product_tag?post=338360"},{"taxonomy":"proximite","embeddable":true,"href":"https:\/\/lalmachine.com\/de\/wp-json\/wp\/v2\/proximite?post=338360"}],"curies":[{"name":"wp","href":"https:\/\/api.w.org\/{rel}","templated":true}]}}