{"id":338497,"date":"2024-11-20T17:52:05","date_gmt":"2024-11-20T16:52:05","guid":{"rendered":"https:\/\/lalmachine.com\/?post_type=product&#038;p=338497"},"modified":"2025-02-17T10:10:22","modified_gmt":"2025-02-17T09:10:22","slug":"hiroshige-100-edo-views-shin-ohashi-bridge","status":"publish","type":"product","link":"https:\/\/lalmachine.com\/de\/shop\/decorer\/art-and-co\/hiroshige-100-edo-views-shin-ohashi-bridge\/","title":{"rendered":"HIROSHIGE &#8211; 100 Edo views &#8211; Shin Ohashi Bridge"},"content":{"rendered":"<ul class=\"wpuf_customs\"><li style=\"list-style-type:none;\"><label>Autres photos:<\/label> <a href=\"https:\/\/lalmachine.com\/wp-content\/uploads\/2024\/11\/2-3-scaled.jpg\"><img loading=\"lazy\" decoding=\"async\" width=\"69\" height=\"96\" src=\"https:\/\/lalmachine.com\/wp-content\/uploads\/2024\/11\/2-3-scaled.jpg\" class=\"attachment-thumbnail size-thumbnail\" alt=\"\" \/><\/a> <a href=\"https:\/\/lalmachine.com\/wp-content\/uploads\/2024\/11\/3-3-scaled.jpg\"><img loading=\"lazy\" decoding=\"async\" width=\"72\" height=\"96\" src=\"https:\/\/lalmachine.com\/wp-content\/uploads\/2024\/11\/3-3-scaled.jpg\" class=\"attachment-thumbnail size-thumbnail\" alt=\"\" \/><\/a> <a href=\"https:\/\/lalmachine.com\/wp-content\/uploads\/2024\/11\/4-3-scaled.jpg\"><img loading=\"lazy\" decoding=\"async\" width=\"72\" height=\"96\" src=\"https:\/\/lalmachine.com\/wp-content\/uploads\/2024\/11\/4-3-scaled.jpg\" class=\"attachment-thumbnail size-thumbnail\" alt=\"\" \/><\/a> <a href=\"https:\/\/lalmachine.com\/wp-content\/uploads\/2024\/11\/5-2-scaled.jpg\"><img loading=\"lazy\" decoding=\"async\" width=\"72\" height=\"96\" src=\"https:\/\/lalmachine.com\/wp-content\/uploads\/2024\/11\/5-2-scaled.jpg\" class=\"attachment-thumbnail size-thumbnail\" alt=\"\" \/><\/a> <\/li>        <li class=\"wpuf-field-data wpuf-field-data-numeric_text_field\">\n                            <label>Prix:<\/label>\n                        159        <\/li>\n                <li class=\"wpuf-field-data wpuf-field-data-numeric_text_field\">\n                            <label>Quantit\u00e9:<\/label>\n                        0        <\/li>\n                <li class=\"wpuf-field-data wpuf-field-data-numeric_text_field\">\n                            <label>Hauteur (cm):<\/label>\n                        40        <\/li>\n                <li class=\"wpuf-field-data wpuf-field-data-numeric_text_field\">\n                            <label>Largeur (cm):<\/label>\n                        30        <\/li>\n                <li class=\"wpuf-field-data wpuf-field-data-numeric_text_field\">\n                            <label>Profondeur (cm):<\/label>\n                        1        <\/li>\n        <\/ul>","protected":false},"excerpt":{"rendered":"<p>One Hundred Famous Views of Edo Masterpiece Collection by Hiroshige Ichiritsusai, \u201cSudden Shower over Shin-\u014chashi Bridge and Atake (\u014chashi Atake no y\u016bdachi) \u201d<\/p>\n<p>Seiichiro Takahashi Commentary, Kyodo News Supplement: 1973<\/p>\n<p>Image size: approx. 33.5 x 22cm<\/p>\n<p>Framed in black wood (FSC) 30x40cm with passe-partout.<\/p>\n<p>Will be shipped with great care in rigid packaging &#8211; Registered mail &#8211; Shipping by Post with tracking number, within 1-2 business days.<\/p>","protected":false},"featured_media":338510,"template":"","meta":{"_et_pb_use_builder":"","_et_pb_old_content":"","_et_gb_content_width":""},"product_brand":[],"product_cat":[365,50],"product_tag":[],"proximite":[177],"class_list":{"0":"post-338497","1":"product","2":"type-product","3":"status-publish","4":"has-post-thumbnail","6":"product_cat-art-and-co","7":"product_cat-decorer","8":"product_shipping_class-0-2-kg","9":"pa_couleur-multicolore","10":"pa_etat-bon-etat","11":"pa_materiau-papier-carton","12":"pa_style-vintage","13":"proximite-fribourg","15":"first","16":"outofstock","17":"shipping-taxable","18":"purchasable","19":"product-type-simple"},"yoast_head":"<!-- This site is optimized with the Yoast SEO plugin v27.4 - https:\/\/yoast.com\/product\/yoast-seo-wordpress\/ -->\n<title>HIROSHIGE - 100 Edo views - Shin Ohashi Bridge | lalmachine.com<\/title>\n<meta name=\"description\" content=\"One Hundred Famous Views of Edo Masterpiece Collection by Hiroshige Ichiritsusai, \u201cSudden Shower over Shin-\u014chashi Bridge and Atake (\u014chashi Atake no y\u016bdachi) \u201d\" \/>\n<meta name=\"robots\" content=\"index, follow, max-snippet:-1, max-image-preview:large, max-video-preview:-1\" \/>\n<link rel=\"canonical\" href=\"https:\/\/lalmachine.com\/de\/shop\/decorer\/art-and-co\/hiroshige-100-edo-views-shin-ohashi-bridge\/\" \/>\n<meta property=\"og:locale\" content=\"de_DE\" \/>\n<meta property=\"og:type\" content=\"article\" \/>\n<meta property=\"og:title\" content=\"HIROSHIGE - 100 Edo views - Shin Ohashi Bridge | lalmachine.com\" \/>\n<meta property=\"og:description\" content=\"One Hundred Famous Views of Edo Masterpiece Collection by Hiroshige Ichiritsusai, \u201cSudden Shower over Shin-\u014chashi Bridge and Atake (\u014chashi Atake no y\u016bdachi) \u201d\" \/>\n<meta property=\"og:url\" content=\"https:\/\/lalmachine.com\/de\/shop\/decorer\/art-and-co\/hiroshige-100-edo-views-shin-ohashi-bridge\/\" \/>\n<meta property=\"og:site_name\" content=\"lalmachine.com\" \/>\n<meta property=\"article:publisher\" content=\"https:\/\/facebook.com\/lalmachine\" \/>\n<meta property=\"article:modified_time\" content=\"2025-02-17T09:10:22+00:00\" \/>\n<meta property=\"og:image\" content=\"https:\/\/lalmachine.com\/wp-content\/uploads\/2024\/11\/1-3-scaled_clipped_rev_1-1-scaled.jpeg\" \/>\n\t<meta property=\"og:image:width\" content=\"2560\" \/>\n\t<meta property=\"og:image:height\" content=\"2560\" \/>\n\t<meta property=\"og:image:type\" content=\"image\/jpeg\" \/>\n<meta name=\"twitter:card\" content=\"summary_large_image\" \/>\n<script type=\"application\/ld+json\" class=\"yoast-schema-graph\">{\"@context\":\"https:\\\/\\\/schema.org\",\"@graph\":[{\"@type\":\"WebPage\",\"@id\":\"https:\\\/\\\/lalmachine.com\\\/shop\\\/decorer\\\/art-and-co\\\/hiroshige-100-edo-views-shin-ohashi-bridge\\\/\",\"url\":\"https:\\\/\\\/lalmachine.com\\\/shop\\\/decorer\\\/art-and-co\\\/hiroshige-100-edo-views-shin-ohashi-bridge\\\/\",\"name\":\"HIROSHIGE - 100 Edo views - Shin Ohashi Bridge | lalmachine.com\",\"isPartOf\":{\"@id\":\"https:\\\/\\\/lalmachine.com\\\/#website\"},\"primaryImageOfPage\":{\"@id\":\"https:\\\/\\\/lalmachine.com\\\/shop\\\/decorer\\\/art-and-co\\\/hiroshige-100-edo-views-shin-ohashi-bridge\\\/#primaryimage\"},\"image\":{\"@id\":\"https:\\\/\\\/lalmachine.com\\\/shop\\\/decorer\\\/art-and-co\\\/hiroshige-100-edo-views-shin-ohashi-bridge\\\/#primaryimage\"},\"thumbnailUrl\":\"https:\\\/\\\/lalmachine.com\\\/wp-content\\\/uploads\\\/2024\\\/11\\\/1-3-scaled_clipped_rev_1-1-scaled.jpeg\",\"datePublished\":\"2024-11-20T16:52:05+00:00\",\"dateModified\":\"2025-02-17T09:10:22+00:00\",\"description\":\"One Hundred Famous Views of Edo Masterpiece Collection by Hiroshige Ichiritsusai, \u201cSudden Shower over Shin-\u014chashi Bridge and Atake (\u014chashi Atake no y\u016bdachi) \u201d\",\"breadcrumb\":{\"@id\":\"https:\\\/\\\/lalmachine.com\\\/shop\\\/decorer\\\/art-and-co\\\/hiroshige-100-edo-views-shin-ohashi-bridge\\\/#breadcrumb\"},\"inLanguage\":\"de\",\"potentialAction\":[{\"@type\":\"ReadAction\",\"target\":[\"https:\\\/\\\/lalmachine.com\\\/shop\\\/decorer\\\/art-and-co\\\/hiroshige-100-edo-views-shin-ohashi-bridge\\\/\"]}]},{\"@type\":\"ImageObject\",\"inLanguage\":\"de\",\"@id\":\"https:\\\/\\\/lalmachine.com\\\/shop\\\/decorer\\\/art-and-co\\\/hiroshige-100-edo-views-shin-ohashi-bridge\\\/#primaryimage\",\"url\":\"https:\\\/\\\/lalmachine.com\\\/wp-content\\\/uploads\\\/2024\\\/11\\\/1-3-scaled_clipped_rev_1-1-scaled.jpeg\",\"contentUrl\":\"https:\\\/\\\/lalmachine.com\\\/wp-content\\\/uploads\\\/2024\\\/11\\\/1-3-scaled_clipped_rev_1-1-scaled.jpeg\",\"width\":2560,\"height\":2560},{\"@type\":\"BreadcrumbList\",\"@id\":\"https:\\\/\\\/lalmachine.com\\\/shop\\\/decorer\\\/art-and-co\\\/hiroshige-100-edo-views-shin-ohashi-bridge\\\/#breadcrumb\",\"itemListElement\":[{\"@type\":\"ListItem\",\"position\":1,\"name\":\"Accueil\",\"item\":\"https:\\\/\\\/lalmachine.com\\\/\"},{\"@type\":\"ListItem\",\"position\":2,\"name\":\"Shop\",\"item\":\"https:\\\/\\\/lalmachine.com\\\/shop\\\/\"},{\"@type\":\"ListItem\",\"position\":3,\"name\":\"HIROSHIGE &#8211; 100 Edo views &#8211; Shin Ohashi Bridge\"}]},{\"@type\":\"WebSite\",\"@id\":\"https:\\\/\\\/lalmachine.com\\\/#website\",\"url\":\"https:\\\/\\\/lalmachine.com\\\/\",\"name\":\"lalmachine.com\",\"description\":\"Brocante en ligne Suisse | Mobilier et objets d\u00e9co vintage et design\",\"potentialAction\":[{\"@type\":\"SearchAction\",\"target\":{\"@type\":\"EntryPoint\",\"urlTemplate\":\"https:\\\/\\\/lalmachine.com\\\/?s={search_term_string}\"},\"query-input\":{\"@type\":\"PropertyValueSpecification\",\"valueRequired\":true,\"valueName\":\"search_term_string\"}}],\"inLanguage\":\"de\"}]}<\/script>\n<!-- \/ Yoast SEO plugin. -->","yoast_head_json":{"title":"HIROSHIGE - 100 Edo views - Shin Ohashi Bridge | lalmachine.com","description":"One Hundred Famous Views of Edo Masterpiece Collection by Hiroshige Ichiritsusai, \u201cSudden Shower over Shin-\u014chashi Bridge and Atake (\u014chashi Atake no y\u016bdachi) \u201d","robots":{"index":"index","follow":"follow","max-snippet":"max-snippet:-1","max-image-preview":"max-image-preview:large","max-video-preview":"max-video-preview:-1"},"canonical":"https:\/\/lalmachine.com\/de\/shop\/decorer\/art-and-co\/hiroshige-100-edo-views-shin-ohashi-bridge\/","og_locale":"de_DE","og_type":"article","og_title":"HIROSHIGE - 100 Edo views - Shin Ohashi Bridge | lalmachine.com","og_description":"One Hundred Famous Views of Edo Masterpiece Collection by Hiroshige Ichiritsusai, \u201cSudden Shower over Shin-\u014chashi Bridge and Atake (\u014chashi Atake no y\u016bdachi) \u201d","og_url":"https:\/\/lalmachine.com\/de\/shop\/decorer\/art-and-co\/hiroshige-100-edo-views-shin-ohashi-bridge\/","og_site_name":"lalmachine.com","article_publisher":"https:\/\/facebook.com\/lalmachine","article_modified_time":"2025-02-17T09:10:22+00:00","og_image":[{"width":2560,"height":2560,"url":"https:\/\/lalmachine.com\/wp-content\/uploads\/2024\/11\/1-3-scaled_clipped_rev_1-1-scaled.jpeg","type":"image\/jpeg"}],"twitter_card":"summary_large_image","schema":{"@context":"https:\/\/schema.org","@graph":[{"@type":"WebPage","@id":"https:\/\/lalmachine.com\/shop\/decorer\/art-and-co\/hiroshige-100-edo-views-shin-ohashi-bridge\/","url":"https:\/\/lalmachine.com\/shop\/decorer\/art-and-co\/hiroshige-100-edo-views-shin-ohashi-bridge\/","name":"HIROSHIGE - 100 Edo views - Shin Ohashi Bridge | lalmachine.com","isPartOf":{"@id":"https:\/\/lalmachine.com\/#website"},"primaryImageOfPage":{"@id":"https:\/\/lalmachine.com\/shop\/decorer\/art-and-co\/hiroshige-100-edo-views-shin-ohashi-bridge\/#primaryimage"},"image":{"@id":"https:\/\/lalmachine.com\/shop\/decorer\/art-and-co\/hiroshige-100-edo-views-shin-ohashi-bridge\/#primaryimage"},"thumbnailUrl":"https:\/\/lalmachine.com\/wp-content\/uploads\/2024\/11\/1-3-scaled_clipped_rev_1-1-scaled.jpeg","datePublished":"2024-11-20T16:52:05+00:00","dateModified":"2025-02-17T09:10:22+00:00","description":"One Hundred Famous Views of Edo Masterpiece Collection by Hiroshige Ichiritsusai, \u201cSudden Shower over Shin-\u014chashi Bridge and Atake (\u014chashi Atake no y\u016bdachi) \u201d","breadcrumb":{"@id":"https:\/\/lalmachine.com\/shop\/decorer\/art-and-co\/hiroshige-100-edo-views-shin-ohashi-bridge\/#breadcrumb"},"inLanguage":"de","potentialAction":[{"@type":"ReadAction","target":["https:\/\/lalmachine.com\/shop\/decorer\/art-and-co\/hiroshige-100-edo-views-shin-ohashi-bridge\/"]}]},{"@type":"ImageObject","inLanguage":"de","@id":"https:\/\/lalmachine.com\/shop\/decorer\/art-and-co\/hiroshige-100-edo-views-shin-ohashi-bridge\/#primaryimage","url":"https:\/\/lalmachine.com\/wp-content\/uploads\/2024\/11\/1-3-scaled_clipped_rev_1-1-scaled.jpeg","contentUrl":"https:\/\/lalmachine.com\/wp-content\/uploads\/2024\/11\/1-3-scaled_clipped_rev_1-1-scaled.jpeg","width":2560,"height":2560},{"@type":"BreadcrumbList","@id":"https:\/\/lalmachine.com\/shop\/decorer\/art-and-co\/hiroshige-100-edo-views-shin-ohashi-bridge\/#breadcrumb","itemListElement":[{"@type":"ListItem","position":1,"name":"Accueil","item":"https:\/\/lalmachine.com\/"},{"@type":"ListItem","position":2,"name":"Shop","item":"https:\/\/lalmachine.com\/shop\/"},{"@type":"ListItem","position":3,"name":"HIROSHIGE &#8211; 100 Edo views &#8211; Shin Ohashi Bridge"}]},{"@type":"WebSite","@id":"https:\/\/lalmachine.com\/#website","url":"https:\/\/lalmachine.com\/","name":"lalmachine.com","description":"Brocante en ligne Suisse | Mobilier et objets d\u00e9co vintage et design","potentialAction":[{"@type":"SearchAction","target":{"@type":"EntryPoint","urlTemplate":"https:\/\/lalmachine.com\/?s={search_term_string}"},"query-input":{"@type":"PropertyValueSpecification","valueRequired":true,"valueName":"search_term_string"}}],"inLanguage":"de"}]}},"_links":{"self":[{"href":"https:\/\/lalmachine.com\/de\/wp-json\/wp\/v2\/product\/338497","targetHints":{"allow":["GET"]}}],"collection":[{"href":"https:\/\/lalmachine.com\/de\/wp-json\/wp\/v2\/product"}],"about":[{"href":"https:\/\/lalmachine.com\/de\/wp-json\/wp\/v2\/types\/product"}],"wp:featuredmedia":[{"embeddable":true,"href":"https:\/\/lalmachine.com\/de\/wp-json\/wp\/v2\/media\/338510"}],"wp:attachment":[{"href":"https:\/\/lalmachine.com\/de\/wp-json\/wp\/v2\/media?parent=338497"}],"wp:term":[{"taxonomy":"product_brand","embeddable":true,"href":"https:\/\/lalmachine.com\/de\/wp-json\/wp\/v2\/product_brand?post=338497"},{"taxonomy":"product_cat","embeddable":true,"href":"https:\/\/lalmachine.com\/de\/wp-json\/wp\/v2\/product_cat?post=338497"},{"taxonomy":"product_tag","embeddable":true,"href":"https:\/\/lalmachine.com\/de\/wp-json\/wp\/v2\/product_tag?post=338497"},{"taxonomy":"proximite","embeddable":true,"href":"https:\/\/lalmachine.com\/de\/wp-json\/wp\/v2\/proximite?post=338497"}],"curies":[{"name":"wp","href":"https:\/\/api.w.org\/{rel}","templated":true}]}}