{"id":338574,"date":"2024-11-30T10:05:23","date_gmt":"2024-11-30T09:05:23","guid":{"rendered":"https:\/\/lalmachine.com\/?post_type=product&#038;p=338574"},"modified":"2026-03-17T16:44:19","modified_gmt":"2026-03-17T15:44:19","slug":"amanta-de-mario-bellini-pour-cb-italia-set-de-2","status":"publish","type":"product","link":"https:\/\/lalmachine.com\/de\/shop\/sasseoir\/canape-fauteuil-pouf\/amanta-de-mario-bellini-pour-cb-italia-set-de-2\/","title":{"rendered":"&#8220;Amanta&#8221; de Mario Bellini pour C&amp;B Italia (set de 2)"},"content":{"rendered":"<ul class=\"wpuf_customs\"><li style=\"list-style-type:none;\"><label>Autres photos:<\/label> <a href=\"https:\/\/lalmachine.com\/wp-content\/uploads\/2024\/11\/6fb98e41-5b75-477f-8d8e-971c4c75df07.jpg\"><img loading=\"lazy\" decoding=\"async\" width=\"72\" height=\"96\" src=\"https:\/\/lalmachine.com\/wp-content\/uploads\/2024\/11\/6fb98e41-5b75-477f-8d8e-971c4c75df07.jpg\" class=\"attachment-thumbnail size-thumbnail\" alt=\"\" \/><\/a> <a href=\"https:\/\/lalmachine.com\/wp-content\/uploads\/2024\/11\/8b5d58cb-33b0-4e4e-935f-12181a09ebd9.jpg\"><img loading=\"lazy\" decoding=\"async\" width=\"72\" height=\"96\" src=\"https:\/\/lalmachine.com\/wp-content\/uploads\/2024\/11\/8b5d58cb-33b0-4e4e-935f-12181a09ebd9.jpg\" class=\"attachment-thumbnail size-thumbnail\" alt=\"\" \/><\/a> <a href=\"https:\/\/lalmachine.com\/wp-content\/uploads\/2024\/11\/149ef609-b3e5-408d-a06a-1b4c15e5b127.jpg\"><img loading=\"lazy\" decoding=\"async\" width=\"72\" height=\"96\" src=\"https:\/\/lalmachine.com\/wp-content\/uploads\/2024\/11\/149ef609-b3e5-408d-a06a-1b4c15e5b127.jpg\" class=\"attachment-thumbnail size-thumbnail\" alt=\"\" \/><\/a> <a href=\"https:\/\/lalmachine.com\/wp-content\/uploads\/2024\/11\/e0bc6bdc-f028-4699-87bf-ded02fd7c01b.jpg\"><img loading=\"lazy\" decoding=\"async\" width=\"72\" height=\"96\" src=\"https:\/\/lalmachine.com\/wp-content\/uploads\/2024\/11\/e0bc6bdc-f028-4699-87bf-ded02fd7c01b.jpg\" class=\"attachment-thumbnail size-thumbnail\" alt=\"\" \/><\/a> <a href=\"https:\/\/lalmachine.com\/wp-content\/uploads\/2024\/11\/ed8f4e92-046a-48f2-a23a-43b2a693cf0c.jpg\"><img loading=\"lazy\" decoding=\"async\" width=\"128\" height=\"96\" src=\"https:\/\/lalmachine.com\/wp-content\/uploads\/2024\/11\/ed8f4e92-046a-48f2-a23a-43b2a693cf0c.jpg\" class=\"attachment-thumbnail size-thumbnail\" alt=\"\" \/><\/a> <\/li>        <li class=\"wpuf-field-data wpuf-field-data-numeric_text_field\">\n                            <label>Prix:<\/label>\n                        700        <\/li>\n                <li class=\"wpuf-field-data wpuf-field-data-numeric_text_field\">\n                            <label>Quantit\u00e9:<\/label>\n                        1        <\/li>\n                <li class=\"wpuf-field-data wpuf-field-data-numeric_text_field\">\n                            <label>Hauteur (cm):<\/label>\n                        69        <\/li>\n                <li class=\"wpuf-field-data wpuf-field-data-numeric_text_field\">\n                            <label>Largeur (cm):<\/label>\n                        82        <\/li>\n                <li class=\"wpuf-field-data wpuf-field-data-numeric_text_field\">\n                            <label>Profondeur (cm):<\/label>\n                        75        <\/li>\n        <\/ul>","protected":false},"excerpt":{"rendered":"<p>Le syst\u00e8me de si\u00e8ges &#8220;Amanta&#8221;, au design \u00e9l\u00e9gant et intemporel, a \u00e9t\u00e9 imagin\u00e9 par Mario Bellini pour C&amp;B Italia en 1966 et demeure l&#8217;un des symboles du style space age. Les coques et si\u00e8ges en fibre de verre sont en bon \u00e9tat, pr\u00e9sentant des traces d\u2019usure l\u00e9g\u00e8res, et les cuirs non restaur\u00e9s pr\u00e9sentent de nombreuses traces d&#8217;usures.<\/p>","protected":false},"featured_media":338848,"template":"","meta":{"_et_pb_use_builder":"","_et_pb_old_content":"","_et_gb_content_width":""},"product_brand":[],"product_cat":[99,48],"product_tag":[],"proximite":[181],"class_list":{"0":"post-338574","1":"product","2":"type-product","3":"status-publish","4":"has-post-thumbnail","6":"product_cat-canape-fauteuil-pouf","7":"product_cat-sasseoir","8":"pa_couleur-noir","9":"pa_designer-bellini-mario","10":"pa_etat-dans-son-jus","11":"pa_materiau-cuir","12":"pa_style-vintage","13":"proximite-berne","15":"first","16":"instock","17":"shipping-taxable","18":"purchasable","19":"product-type-simple"},"yoast_head":"<!-- This site is optimized with the Yoast SEO plugin v27.4 - https:\/\/yoast.com\/product\/yoast-seo-wordpress\/ -->\n<title>&quot;Amanta&quot; de Mario Bellini pour C&amp;B Italia (set de 2) | lalmachine.com<\/title>\n<meta name=\"description\" content=\"Le syst\u00e8me de si\u00e8ges &quot;Amanta&quot;, au design \u00e9l\u00e9gant et intemporel, a \u00e9t\u00e9 imagin\u00e9 par Mario Bellini pour C&amp;B Italia en 1966 et demeure l&#039;un des symboles du style space age.\" \/>\n<meta name=\"robots\" content=\"index, follow, max-snippet:-1, max-image-preview:large, max-video-preview:-1\" \/>\n<link rel=\"canonical\" href=\"https:\/\/lalmachine.com\/de\/shop\/sasseoir\/canape-fauteuil-pouf\/amanta-de-mario-bellini-pour-cb-italia-set-de-2\/\" \/>\n<meta property=\"og:locale\" content=\"de_DE\" \/>\n<meta property=\"og:type\" content=\"article\" \/>\n<meta property=\"og:title\" content=\"&quot;Amanta&quot; de Mario Bellini pour C&amp;B Italia (set de 2) | lalmachine.com\" \/>\n<meta property=\"og:description\" content=\"Le syst\u00e8me de si\u00e8ges &quot;Amanta&quot;, au design \u00e9l\u00e9gant et intemporel, a \u00e9t\u00e9 imagin\u00e9 par Mario Bellini pour C&amp;B Italia en 1966 et demeure l&#039;un des symboles du style space age.\" \/>\n<meta property=\"og:url\" content=\"https:\/\/lalmachine.com\/de\/shop\/sasseoir\/canape-fauteuil-pouf\/amanta-de-mario-bellini-pour-cb-italia-set-de-2\/\" \/>\n<meta property=\"og:site_name\" content=\"lalmachine.com\" \/>\n<meta property=\"article:publisher\" content=\"https:\/\/facebook.com\/lalmachine\" \/>\n<meta property=\"article:modified_time\" content=\"2026-03-17T15:44:19+00:00\" \/>\n<meta property=\"og:image\" content=\"https:\/\/lalmachine.com\/wp-content\/uploads\/2024\/11\/8b5d58cb-33b0-4e4e-935f-12181a09ebd9_clipped_rev_1.jpeg\" \/>\n\t<meta property=\"og:image:width\" content=\"1163\" \/>\n\t<meta property=\"og:image:height\" content=\"1163\" \/>\n\t<meta property=\"og:image:type\" content=\"image\/jpeg\" \/>\n<meta name=\"twitter:card\" content=\"summary_large_image\" \/>\n<script type=\"application\/ld+json\" class=\"yoast-schema-graph\">{\"@context\":\"https:\\\/\\\/schema.org\",\"@graph\":[{\"@type\":\"WebPage\",\"@id\":\"https:\\\/\\\/lalmachine.com\\\/shop\\\/sasseoir\\\/canape-fauteuil-pouf\\\/amanta-de-mario-bellini-pour-cb-italia-set-de-2\\\/\",\"url\":\"https:\\\/\\\/lalmachine.com\\\/shop\\\/sasseoir\\\/canape-fauteuil-pouf\\\/amanta-de-mario-bellini-pour-cb-italia-set-de-2\\\/\",\"name\":\"\\\"Amanta\\\" de Mario Bellini pour C&amp;B Italia (set de 2) | lalmachine.com\",\"isPartOf\":{\"@id\":\"https:\\\/\\\/lalmachine.com\\\/#website\"},\"primaryImageOfPage\":{\"@id\":\"https:\\\/\\\/lalmachine.com\\\/shop\\\/sasseoir\\\/canape-fauteuil-pouf\\\/amanta-de-mario-bellini-pour-cb-italia-set-de-2\\\/#primaryimage\"},\"image\":{\"@id\":\"https:\\\/\\\/lalmachine.com\\\/shop\\\/sasseoir\\\/canape-fauteuil-pouf\\\/amanta-de-mario-bellini-pour-cb-italia-set-de-2\\\/#primaryimage\"},\"thumbnailUrl\":\"https:\\\/\\\/lalmachine.com\\\/wp-content\\\/uploads\\\/2024\\\/11\\\/8b5d58cb-33b0-4e4e-935f-12181a09ebd9_clipped_rev_1.jpeg\",\"datePublished\":\"2024-11-30T09:05:23+00:00\",\"dateModified\":\"2026-03-17T15:44:19+00:00\",\"description\":\"Le syst\u00e8me de si\u00e8ges \\\"Amanta\\\", au design \u00e9l\u00e9gant et intemporel, a \u00e9t\u00e9 imagin\u00e9 par Mario Bellini pour C&B Italia en 1966 et demeure l'un des symboles du style space age.\",\"breadcrumb\":{\"@id\":\"https:\\\/\\\/lalmachine.com\\\/shop\\\/sasseoir\\\/canape-fauteuil-pouf\\\/amanta-de-mario-bellini-pour-cb-italia-set-de-2\\\/#breadcrumb\"},\"inLanguage\":\"de\",\"potentialAction\":[{\"@type\":\"ReadAction\",\"target\":[\"https:\\\/\\\/lalmachine.com\\\/shop\\\/sasseoir\\\/canape-fauteuil-pouf\\\/amanta-de-mario-bellini-pour-cb-italia-set-de-2\\\/\"]}]},{\"@type\":\"ImageObject\",\"inLanguage\":\"de\",\"@id\":\"https:\\\/\\\/lalmachine.com\\\/shop\\\/sasseoir\\\/canape-fauteuil-pouf\\\/amanta-de-mario-bellini-pour-cb-italia-set-de-2\\\/#primaryimage\",\"url\":\"https:\\\/\\\/lalmachine.com\\\/wp-content\\\/uploads\\\/2024\\\/11\\\/8b5d58cb-33b0-4e4e-935f-12181a09ebd9_clipped_rev_1.jpeg\",\"contentUrl\":\"https:\\\/\\\/lalmachine.com\\\/wp-content\\\/uploads\\\/2024\\\/11\\\/8b5d58cb-33b0-4e4e-935f-12181a09ebd9_clipped_rev_1.jpeg\",\"width\":1163,\"height\":1163,\"caption\":\"Amanta de Mario Bellini pour C&B Italia\"},{\"@type\":\"BreadcrumbList\",\"@id\":\"https:\\\/\\\/lalmachine.com\\\/shop\\\/sasseoir\\\/canape-fauteuil-pouf\\\/amanta-de-mario-bellini-pour-cb-italia-set-de-2\\\/#breadcrumb\",\"itemListElement\":[{\"@type\":\"ListItem\",\"position\":1,\"name\":\"Accueil\",\"item\":\"https:\\\/\\\/lalmachine.com\\\/\"},{\"@type\":\"ListItem\",\"position\":2,\"name\":\"Shop\",\"item\":\"https:\\\/\\\/lalmachine.com\\\/shop\\\/\"},{\"@type\":\"ListItem\",\"position\":3,\"name\":\"&#8220;Amanta&#8221; de Mario Bellini pour C&amp;B Italia (set de 2)\"}]},{\"@type\":\"WebSite\",\"@id\":\"https:\\\/\\\/lalmachine.com\\\/#website\",\"url\":\"https:\\\/\\\/lalmachine.com\\\/\",\"name\":\"lalmachine.com\",\"description\":\"Brocante en ligne Suisse | Mobilier et objets d\u00e9co vintage et design\",\"potentialAction\":[{\"@type\":\"SearchAction\",\"target\":{\"@type\":\"EntryPoint\",\"urlTemplate\":\"https:\\\/\\\/lalmachine.com\\\/?s={search_term_string}\"},\"query-input\":{\"@type\":\"PropertyValueSpecification\",\"valueRequired\":true,\"valueName\":\"search_term_string\"}}],\"inLanguage\":\"de\"}]}<\/script>\n<!-- \/ Yoast SEO plugin. -->","yoast_head_json":{"title":"\"Amanta\" de Mario Bellini pour C&amp;B Italia (set de 2) | lalmachine.com","description":"Le syst\u00e8me de si\u00e8ges \"Amanta\", au design \u00e9l\u00e9gant et intemporel, a \u00e9t\u00e9 imagin\u00e9 par Mario Bellini pour C&B Italia en 1966 et demeure l'un des symboles du style space age.","robots":{"index":"index","follow":"follow","max-snippet":"max-snippet:-1","max-image-preview":"max-image-preview:large","max-video-preview":"max-video-preview:-1"},"canonical":"https:\/\/lalmachine.com\/de\/shop\/sasseoir\/canape-fauteuil-pouf\/amanta-de-mario-bellini-pour-cb-italia-set-de-2\/","og_locale":"de_DE","og_type":"article","og_title":"\"Amanta\" de Mario Bellini pour C&amp;B Italia (set de 2) | lalmachine.com","og_description":"Le syst\u00e8me de si\u00e8ges \"Amanta\", au design \u00e9l\u00e9gant et intemporel, a \u00e9t\u00e9 imagin\u00e9 par Mario Bellini pour C&B Italia en 1966 et demeure l'un des symboles du style space age.","og_url":"https:\/\/lalmachine.com\/de\/shop\/sasseoir\/canape-fauteuil-pouf\/amanta-de-mario-bellini-pour-cb-italia-set-de-2\/","og_site_name":"lalmachine.com","article_publisher":"https:\/\/facebook.com\/lalmachine","article_modified_time":"2026-03-17T15:44:19+00:00","og_image":[{"width":1163,"height":1163,"url":"https:\/\/lalmachine.com\/wp-content\/uploads\/2024\/11\/8b5d58cb-33b0-4e4e-935f-12181a09ebd9_clipped_rev_1.jpeg","type":"image\/jpeg"}],"twitter_card":"summary_large_image","schema":{"@context":"https:\/\/schema.org","@graph":[{"@type":"WebPage","@id":"https:\/\/lalmachine.com\/shop\/sasseoir\/canape-fauteuil-pouf\/amanta-de-mario-bellini-pour-cb-italia-set-de-2\/","url":"https:\/\/lalmachine.com\/shop\/sasseoir\/canape-fauteuil-pouf\/amanta-de-mario-bellini-pour-cb-italia-set-de-2\/","name":"\"Amanta\" de Mario Bellini pour C&amp;B Italia (set de 2) | lalmachine.com","isPartOf":{"@id":"https:\/\/lalmachine.com\/#website"},"primaryImageOfPage":{"@id":"https:\/\/lalmachine.com\/shop\/sasseoir\/canape-fauteuil-pouf\/amanta-de-mario-bellini-pour-cb-italia-set-de-2\/#primaryimage"},"image":{"@id":"https:\/\/lalmachine.com\/shop\/sasseoir\/canape-fauteuil-pouf\/amanta-de-mario-bellini-pour-cb-italia-set-de-2\/#primaryimage"},"thumbnailUrl":"https:\/\/lalmachine.com\/wp-content\/uploads\/2024\/11\/8b5d58cb-33b0-4e4e-935f-12181a09ebd9_clipped_rev_1.jpeg","datePublished":"2024-11-30T09:05:23+00:00","dateModified":"2026-03-17T15:44:19+00:00","description":"Le syst\u00e8me de si\u00e8ges \"Amanta\", au design \u00e9l\u00e9gant et intemporel, a \u00e9t\u00e9 imagin\u00e9 par Mario Bellini pour C&B Italia en 1966 et demeure l'un des symboles du style space age.","breadcrumb":{"@id":"https:\/\/lalmachine.com\/shop\/sasseoir\/canape-fauteuil-pouf\/amanta-de-mario-bellini-pour-cb-italia-set-de-2\/#breadcrumb"},"inLanguage":"de","potentialAction":[{"@type":"ReadAction","target":["https:\/\/lalmachine.com\/shop\/sasseoir\/canape-fauteuil-pouf\/amanta-de-mario-bellini-pour-cb-italia-set-de-2\/"]}]},{"@type":"ImageObject","inLanguage":"de","@id":"https:\/\/lalmachine.com\/shop\/sasseoir\/canape-fauteuil-pouf\/amanta-de-mario-bellini-pour-cb-italia-set-de-2\/#primaryimage","url":"https:\/\/lalmachine.com\/wp-content\/uploads\/2024\/11\/8b5d58cb-33b0-4e4e-935f-12181a09ebd9_clipped_rev_1.jpeg","contentUrl":"https:\/\/lalmachine.com\/wp-content\/uploads\/2024\/11\/8b5d58cb-33b0-4e4e-935f-12181a09ebd9_clipped_rev_1.jpeg","width":1163,"height":1163,"caption":"Amanta de Mario Bellini pour C&B Italia"},{"@type":"BreadcrumbList","@id":"https:\/\/lalmachine.com\/shop\/sasseoir\/canape-fauteuil-pouf\/amanta-de-mario-bellini-pour-cb-italia-set-de-2\/#breadcrumb","itemListElement":[{"@type":"ListItem","position":1,"name":"Accueil","item":"https:\/\/lalmachine.com\/"},{"@type":"ListItem","position":2,"name":"Shop","item":"https:\/\/lalmachine.com\/shop\/"},{"@type":"ListItem","position":3,"name":"&#8220;Amanta&#8221; de Mario Bellini pour C&amp;B Italia (set de 2)"}]},{"@type":"WebSite","@id":"https:\/\/lalmachine.com\/#website","url":"https:\/\/lalmachine.com\/","name":"lalmachine.com","description":"Brocante en ligne Suisse | Mobilier et objets d\u00e9co vintage et design","potentialAction":[{"@type":"SearchAction","target":{"@type":"EntryPoint","urlTemplate":"https:\/\/lalmachine.com\/?s={search_term_string}"},"query-input":{"@type":"PropertyValueSpecification","valueRequired":true,"valueName":"search_term_string"}}],"inLanguage":"de"}]}},"_links":{"self":[{"href":"https:\/\/lalmachine.com\/de\/wp-json\/wp\/v2\/product\/338574","targetHints":{"allow":["GET"]}}],"collection":[{"href":"https:\/\/lalmachine.com\/de\/wp-json\/wp\/v2\/product"}],"about":[{"href":"https:\/\/lalmachine.com\/de\/wp-json\/wp\/v2\/types\/product"}],"wp:featuredmedia":[{"embeddable":true,"href":"https:\/\/lalmachine.com\/de\/wp-json\/wp\/v2\/media\/338848"}],"wp:attachment":[{"href":"https:\/\/lalmachine.com\/de\/wp-json\/wp\/v2\/media?parent=338574"}],"wp:term":[{"taxonomy":"product_brand","embeddable":true,"href":"https:\/\/lalmachine.com\/de\/wp-json\/wp\/v2\/product_brand?post=338574"},{"taxonomy":"product_cat","embeddable":true,"href":"https:\/\/lalmachine.com\/de\/wp-json\/wp\/v2\/product_cat?post=338574"},{"taxonomy":"product_tag","embeddable":true,"href":"https:\/\/lalmachine.com\/de\/wp-json\/wp\/v2\/product_tag?post=338574"},{"taxonomy":"proximite","embeddable":true,"href":"https:\/\/lalmachine.com\/de\/wp-json\/wp\/v2\/proximite?post=338574"}],"curies":[{"name":"wp","href":"https:\/\/api.w.org\/{rel}","templated":true}]}}