{"id":339035,"date":"2024-12-03T17:19:55","date_gmt":"2024-12-03T16:19:55","guid":{"rendered":"https:\/\/lalmachine.com\/?post_type=product&#038;p=339035"},"modified":"2024-12-05T22:06:03","modified_gmt":"2024-12-05T21:06:03","slug":"chaises-thonet-de-collection-tonneau-pierre-guariche-france-1950","status":"publish","type":"product","link":"https:\/\/lalmachine.com\/de\/shop\/sasseoir\/canape-fauteuil-pouf\/chaises-thonet-de-collection-tonneau-pierre-guariche-france-1950\/","title":{"rendered":"Chaise Thonet de collection \u00ab\u00a0Tonneau\u00a0\u00bb Pierre Guariche, France 1950"},"content":{"rendered":"<ul class=\"wpuf_customs\"><li style=\"list-style-type:none;\"><label>Autres photos:<\/label> <a href=\"https:\/\/lalmachine.com\/wp-content\/uploads\/2024\/12\/47654FF9-7716-4E1C-B11E-F012DBA65914-scaled.jpeg\"><img loading=\"lazy\" decoding=\"async\" width=\"72\" height=\"96\" src=\"https:\/\/lalmachine.com\/wp-content\/uploads\/2024\/12\/47654FF9-7716-4E1C-B11E-F012DBA65914-scaled.jpeg\" class=\"attachment-thumbnail size-thumbnail\" alt=\"\" \/><\/a> <a href=\"https:\/\/lalmachine.com\/wp-content\/uploads\/2024\/12\/927CACC7-09AF-4F77-B75B-98976B85FAEE-scaled.jpeg\"><img loading=\"lazy\" decoding=\"async\" width=\"72\" height=\"96\" src=\"https:\/\/lalmachine.com\/wp-content\/uploads\/2024\/12\/927CACC7-09AF-4F77-B75B-98976B85FAEE-scaled.jpeg\" class=\"attachment-thumbnail size-thumbnail\" alt=\"\" \/><\/a> <a href=\"https:\/\/lalmachine.com\/wp-content\/uploads\/2024\/12\/FAD4B8F5-0B4D-414D-9711-4CC6EACA9EE1-scaled.jpeg\"><img loading=\"lazy\" decoding=\"async\" width=\"72\" height=\"96\" src=\"https:\/\/lalmachine.com\/wp-content\/uploads\/2024\/12\/FAD4B8F5-0B4D-414D-9711-4CC6EACA9EE1-scaled.jpeg\" class=\"attachment-thumbnail size-thumbnail\" alt=\"\" \/><\/a> <a href=\"https:\/\/lalmachine.com\/wp-content\/uploads\/2024\/12\/ED906B0D-DAF4-44F6-B9A7-8E1A3F90C0C1-scaled.jpeg\"><img loading=\"lazy\" decoding=\"async\" width=\"72\" height=\"96\" src=\"https:\/\/lalmachine.com\/wp-content\/uploads\/2024\/12\/ED906B0D-DAF4-44F6-B9A7-8E1A3F90C0C1-scaled.jpeg\" class=\"attachment-thumbnail size-thumbnail\" alt=\"\" \/><\/a> <a href=\"https:\/\/lalmachine.com\/wp-content\/uploads\/2024\/12\/54015B5E-1C3B-427A-A076-11EC0DE292C4-scaled.jpeg\"><img loading=\"lazy\" decoding=\"async\" width=\"72\" height=\"96\" src=\"https:\/\/lalmachine.com\/wp-content\/uploads\/2024\/12\/54015B5E-1C3B-427A-A076-11EC0DE292C4-scaled.jpeg\" class=\"attachment-thumbnail size-thumbnail\" alt=\"\" \/><\/a> <a href=\"https:\/\/lalmachine.com\/wp-content\/uploads\/2024\/12\/B9C8075D-3827-43EF-BC08-D6C1DB62DDA7-scaled.jpeg\"><img loading=\"lazy\" decoding=\"async\" width=\"66\" height=\"96\" src=\"https:\/\/lalmachine.com\/wp-content\/uploads\/2024\/12\/B9C8075D-3827-43EF-BC08-D6C1DB62DDA7-scaled.jpeg\" class=\"attachment-thumbnail size-thumbnail\" alt=\"\" \/><\/a> <a href=\"https:\/\/lalmachine.com\/wp-content\/uploads\/2024\/12\/6C534B10-99AD-4629-9C9E-92A999B17CD7-scaled.jpeg\"><img loading=\"lazy\" decoding=\"async\" width=\"60\" height=\"96\" src=\"https:\/\/lalmachine.com\/wp-content\/uploads\/2024\/12\/6C534B10-99AD-4629-9C9E-92A999B17CD7-scaled.jpeg\" class=\"attachment-thumbnail size-thumbnail\" alt=\"\" \/><\/a> <a href=\"https:\/\/lalmachine.com\/wp-content\/uploads\/2024\/12\/D909A84B-653F-4F76-982A-5266169C3FE2-scaled.jpeg\"><img loading=\"lazy\" decoding=\"async\" width=\"66\" height=\"96\" src=\"https:\/\/lalmachine.com\/wp-content\/uploads\/2024\/12\/D909A84B-653F-4F76-982A-5266169C3FE2-scaled.jpeg\" class=\"attachment-thumbnail size-thumbnail\" alt=\"\" \/><\/a> <a href=\"https:\/\/lalmachine.com\/wp-content\/uploads\/2024\/12\/8EF1E4D0-59C0-4C85-B883-2D88769E558E-scaled.jpeg\"><img loading=\"lazy\" decoding=\"async\" width=\"77\" height=\"96\" src=\"https:\/\/lalmachine.com\/wp-content\/uploads\/2024\/12\/8EF1E4D0-59C0-4C85-B883-2D88769E558E-scaled.jpeg\" class=\"attachment-thumbnail size-thumbnail\" alt=\"\" \/><\/a> <a href=\"https:\/\/lalmachine.com\/wp-content\/uploads\/2024\/12\/1B9F7A06-71EA-49A8-AC5B-247E8CD49659-scaled.jpeg\"><img loading=\"lazy\" decoding=\"async\" width=\"72\" height=\"96\" src=\"https:\/\/lalmachine.com\/wp-content\/uploads\/2024\/12\/1B9F7A06-71EA-49A8-AC5B-247E8CD49659-scaled.jpeg\" class=\"attachment-thumbnail size-thumbnail\" alt=\"\" \/><\/a> <a href=\"https:\/\/lalmachine.com\/wp-content\/uploads\/2024\/12\/4DEB5726-E6A2-46D9-AD22-5941B393631D-scaled.jpeg\"><img loading=\"lazy\" decoding=\"async\" width=\"72\" height=\"96\" src=\"https:\/\/lalmachine.com\/wp-content\/uploads\/2024\/12\/4DEB5726-E6A2-46D9-AD22-5941B393631D-scaled.jpeg\" class=\"attachment-thumbnail size-thumbnail\" alt=\"\" \/><\/a> <a href=\"https:\/\/lalmachine.com\/wp-content\/uploads\/2024\/12\/FE93D501-E886-490F-A850-93324169842F-scaled.jpeg\"><img loading=\"lazy\" decoding=\"async\" width=\"72\" height=\"96\" src=\"https:\/\/lalmachine.com\/wp-content\/uploads\/2024\/12\/FE93D501-E886-490F-A850-93324169842F-scaled.jpeg\" class=\"attachment-thumbnail size-thumbnail\" alt=\"\" \/><\/a> <a href=\"https:\/\/lalmachine.com\/wp-content\/uploads\/2024\/12\/A3293BDB-7587-4EE2-B207-98CC4CC5594E-scaled.jpeg\"><img loading=\"lazy\" decoding=\"async\" width=\"69\" height=\"96\" src=\"https:\/\/lalmachine.com\/wp-content\/uploads\/2024\/12\/A3293BDB-7587-4EE2-B207-98CC4CC5594E-scaled.jpeg\" class=\"attachment-thumbnail size-thumbnail\" alt=\"\" \/><\/a> <a href=\"https:\/\/lalmachine.com\/wp-content\/uploads\/2024\/12\/F49C5A1C-4679-40DC-A836-7D69B46BBBED-scaled.jpeg\"><img loading=\"lazy\" decoding=\"async\" width=\"77\" height=\"96\" src=\"https:\/\/lalmachine.com\/wp-content\/uploads\/2024\/12\/F49C5A1C-4679-40DC-A836-7D69B46BBBED-scaled.jpeg\" class=\"attachment-thumbnail size-thumbnail\" alt=\"\" \/><\/a> <a href=\"https:\/\/lalmachine.com\/wp-content\/uploads\/2024\/12\/FDE460F7-75F3-46C2-A263-F9B50ED177A1-scaled.jpeg\"><img loading=\"lazy\" decoding=\"async\" width=\"61\" height=\"96\" src=\"https:\/\/lalmachine.com\/wp-content\/uploads\/2024\/12\/FDE460F7-75F3-46C2-A263-F9B50ED177A1-scaled.jpeg\" class=\"attachment-thumbnail size-thumbnail\" alt=\"\" \/><\/a> <\/li>        <li class=\"wpuf-field-data wpuf-field-data-numeric_text_field\">\n                            <label>Prix:<\/label>\n                        780        <\/li>\n                <li class=\"wpuf-field-data wpuf-field-data-numeric_text_field\">\n                            <label>Quantit\u00e9:<\/label>\n                        1        <\/li>\n                <li class=\"wpuf-field-data wpuf-field-data-numeric_text_field\">\n                            <label>Hauteur (cm):<\/label>\n                        83        <\/li>\n                <li class=\"wpuf-field-data wpuf-field-data-numeric_text_field\">\n                            <label>Largeur (cm):<\/label>\n                        54        <\/li>\n                <li class=\"wpuf-field-data wpuf-field-data-numeric_text_field\">\n                            <label>Profondeur (cm):<\/label>\n                        54        <\/li>\n        <\/ul>","protected":false},"excerpt":{"rendered":"<p>Magnifique chaise jaune en bois et simili cuir de collection &#8220;Tonneau&#8221; cr\u00e9\u00e9e par Pierre Guarich, designer fran\u00e7ais ann\u00e9es 1950.<br \/>\nLes premi\u00e8res \u00e9ditions du designer, \u00e9dition Thonet.<br \/>\n\u00c9voquant l&#8217;\u00e9l\u00e9gance intemporelle du design fran\u00e7ais des ann\u00e9es 1950<br \/>\nCes chaises incarnent \u00e0 la fois le style classique et l&#8217;innovation audacieuse d\u2019apr\u00e8s guerre.<\/p>\n<p>Hauteur d\u2019assise 43 cm<\/p>\n<p>Bon \u00e9tat d&#8217;origine, malgr\u00e9 ces imperfections.<\/p>\n<p>P\u00e9riode de production 1950 &#8211; 1959<br \/>\nFrance<\/p>","protected":false},"featured_media":339044,"template":"","meta":{"_et_pb_use_builder":"","_et_pb_old_content":"","_et_gb_content_width":""},"product_brand":[],"product_cat":[99,48],"product_tag":[],"proximite":[281,179],"class_list":{"0":"post-339035","1":"product","2":"type-product","3":"status-publish","4":"has-post-thumbnail","6":"product_cat-canape-fauteuil-pouf","7":"product_cat-sasseoir","8":"pa_couleur-jaune","9":"pa_designer-autres-designers","10":"pa_etat-dans-son-jus","11":"pa_materiau-bois","12":"pa_style-design","13":"proximite-nyon","14":"proximite-vaud","16":"first","17":"instock","18":"shipping-taxable","19":"purchasable","20":"product-type-simple"},"yoast_head":"<!-- This site is optimized with the Yoast SEO plugin v27.4 - https:\/\/yoast.com\/product\/yoast-seo-wordpress\/ -->\n<title>Chaise Thonet de collection \u00ab\u00a0Tonneau\u00a0\u00bb Pierre Guariche, France 1950 | lalmachine.com, mobilier et objets d\u00e9co vintage et design<\/title>\n<meta name=\"description\" content=\"Chaises Thonet de collection \u00ab\u00a0Tonneau\u00a0\u00bb Pierre Guariche, France 1950\" \/>\n<meta name=\"robots\" content=\"index, follow, max-snippet:-1, max-image-preview:large, max-video-preview:-1\" \/>\n<link rel=\"canonical\" href=\"https:\/\/lalmachine.com\/de\/shop\/sasseoir\/canape-fauteuil-pouf\/chaises-thonet-de-collection-tonneau-pierre-guariche-france-1950\/\" \/>\n<meta property=\"og:locale\" content=\"de_DE\" \/>\n<meta property=\"og:type\" content=\"article\" \/>\n<meta property=\"og:title\" content=\"Chaise Thonet de collection \u00ab\u00a0Tonneau\u00a0\u00bb Pierre Guariche, France 1950 | lalmachine.com, mobilier et objets d\u00e9co vintage et design\" \/>\n<meta property=\"og:description\" content=\"Chaises Thonet de collection \u00ab\u00a0Tonneau\u00a0\u00bb Pierre Guariche, France 1950\" \/>\n<meta property=\"og:url\" content=\"https:\/\/lalmachine.com\/de\/shop\/sasseoir\/canape-fauteuil-pouf\/chaises-thonet-de-collection-tonneau-pierre-guariche-france-1950\/\" \/>\n<meta property=\"og:site_name\" content=\"lalmachine.com\" \/>\n<meta property=\"article:publisher\" content=\"https:\/\/facebook.com\/lalmachine\" \/>\n<meta property=\"article:modified_time\" content=\"2024-12-05T21:06:03+00:00\" \/>\n<meta property=\"og:image\" content=\"https:\/\/lalmachine.com\/wp-content\/uploads\/2024\/12\/7F85F066-8A58-41E8-877E-0FF0FF902E80-scaled_clipped_rev_1-scaled.jpeg\" \/>\n\t<meta property=\"og:image:width\" content=\"2560\" \/>\n\t<meta property=\"og:image:height\" content=\"2560\" \/>\n\t<meta property=\"og:image:type\" content=\"image\/jpeg\" \/>\n<meta name=\"twitter:card\" content=\"summary_large_image\" \/>\n<script type=\"application\/ld+json\" class=\"yoast-schema-graph\">{\"@context\":\"https:\\\/\\\/schema.org\",\"@graph\":[{\"@type\":\"WebPage\",\"@id\":\"https:\\\/\\\/lalmachine.com\\\/shop\\\/sasseoir\\\/canape-fauteuil-pouf\\\/chaises-thonet-de-collection-tonneau-pierre-guariche-france-1950\\\/\",\"url\":\"https:\\\/\\\/lalmachine.com\\\/shop\\\/sasseoir\\\/canape-fauteuil-pouf\\\/chaises-thonet-de-collection-tonneau-pierre-guariche-france-1950\\\/\",\"name\":\"Chaise Thonet de collection \u00ab\u00a0Tonneau\u00a0\u00bb Pierre Guariche, France 1950 | lalmachine.com, mobilier et objets d\u00e9co vintage et design\",\"isPartOf\":{\"@id\":\"https:\\\/\\\/lalmachine.com\\\/#website\"},\"primaryImageOfPage\":{\"@id\":\"https:\\\/\\\/lalmachine.com\\\/shop\\\/sasseoir\\\/canape-fauteuil-pouf\\\/chaises-thonet-de-collection-tonneau-pierre-guariche-france-1950\\\/#primaryimage\"},\"image\":{\"@id\":\"https:\\\/\\\/lalmachine.com\\\/shop\\\/sasseoir\\\/canape-fauteuil-pouf\\\/chaises-thonet-de-collection-tonneau-pierre-guariche-france-1950\\\/#primaryimage\"},\"thumbnailUrl\":\"https:\\\/\\\/lalmachine.com\\\/wp-content\\\/uploads\\\/2024\\\/12\\\/7F85F066-8A58-41E8-877E-0FF0FF902E80-scaled_clipped_rev_1-scaled.jpeg\",\"datePublished\":\"2024-12-03T16:19:55+00:00\",\"dateModified\":\"2024-12-05T21:06:03+00:00\",\"description\":\"Chaises Thonet de collection \u00ab\u00a0Tonneau\u00a0\u00bb Pierre Guariche, France 1950\",\"breadcrumb\":{\"@id\":\"https:\\\/\\\/lalmachine.com\\\/shop\\\/sasseoir\\\/canape-fauteuil-pouf\\\/chaises-thonet-de-collection-tonneau-pierre-guariche-france-1950\\\/#breadcrumb\"},\"inLanguage\":\"de\",\"potentialAction\":[{\"@type\":\"ReadAction\",\"target\":[\"https:\\\/\\\/lalmachine.com\\\/shop\\\/sasseoir\\\/canape-fauteuil-pouf\\\/chaises-thonet-de-collection-tonneau-pierre-guariche-france-1950\\\/\"]}]},{\"@type\":\"ImageObject\",\"inLanguage\":\"de\",\"@id\":\"https:\\\/\\\/lalmachine.com\\\/shop\\\/sasseoir\\\/canape-fauteuil-pouf\\\/chaises-thonet-de-collection-tonneau-pierre-guariche-france-1950\\\/#primaryimage\",\"url\":\"https:\\\/\\\/lalmachine.com\\\/wp-content\\\/uploads\\\/2024\\\/12\\\/7F85F066-8A58-41E8-877E-0FF0FF902E80-scaled_clipped_rev_1-scaled.jpeg\",\"contentUrl\":\"https:\\\/\\\/lalmachine.com\\\/wp-content\\\/uploads\\\/2024\\\/12\\\/7F85F066-8A58-41E8-877E-0FF0FF902E80-scaled_clipped_rev_1-scaled.jpeg\",\"width\":2560,\"height\":2560,\"caption\":\"Chaises Thonet Pierre Guariche Tonneau\"},{\"@type\":\"BreadcrumbList\",\"@id\":\"https:\\\/\\\/lalmachine.com\\\/shop\\\/sasseoir\\\/canape-fauteuil-pouf\\\/chaises-thonet-de-collection-tonneau-pierre-guariche-france-1950\\\/#breadcrumb\",\"itemListElement\":[{\"@type\":\"ListItem\",\"position\":1,\"name\":\"Accueil\",\"item\":\"https:\\\/\\\/lalmachine.com\\\/\"},{\"@type\":\"ListItem\",\"position\":2,\"name\":\"Shop\",\"item\":\"https:\\\/\\\/lalmachine.com\\\/shop\\\/\"},{\"@type\":\"ListItem\",\"position\":3,\"name\":\"Chaise Thonet de collection \u00ab\u00a0Tonneau\u00a0\u00bb Pierre Guariche, France 1950\"}]},{\"@type\":\"WebSite\",\"@id\":\"https:\\\/\\\/lalmachine.com\\\/#website\",\"url\":\"https:\\\/\\\/lalmachine.com\\\/\",\"name\":\"lalmachine.com\",\"description\":\"Brocante en ligne Suisse | Mobilier et objets d\u00e9co vintage et design\",\"potentialAction\":[{\"@type\":\"SearchAction\",\"target\":{\"@type\":\"EntryPoint\",\"urlTemplate\":\"https:\\\/\\\/lalmachine.com\\\/?s={search_term_string}\"},\"query-input\":{\"@type\":\"PropertyValueSpecification\",\"valueRequired\":true,\"valueName\":\"search_term_string\"}}],\"inLanguage\":\"de\"}]}<\/script>\n<!-- \/ Yoast SEO plugin. -->","yoast_head_json":{"title":"Chaise Thonet de collection \u00ab\u00a0Tonneau\u00a0\u00bb Pierre Guariche, France 1950 | lalmachine.com, mobilier et objets d\u00e9co vintage et design","description":"Chaises Thonet de collection \u00ab\u00a0Tonneau\u00a0\u00bb Pierre Guariche, France 1950","robots":{"index":"index","follow":"follow","max-snippet":"max-snippet:-1","max-image-preview":"max-image-preview:large","max-video-preview":"max-video-preview:-1"},"canonical":"https:\/\/lalmachine.com\/de\/shop\/sasseoir\/canape-fauteuil-pouf\/chaises-thonet-de-collection-tonneau-pierre-guariche-france-1950\/","og_locale":"de_DE","og_type":"article","og_title":"Chaise Thonet de collection \u00ab\u00a0Tonneau\u00a0\u00bb Pierre Guariche, France 1950 | lalmachine.com, mobilier et objets d\u00e9co vintage et design","og_description":"Chaises Thonet de collection \u00ab\u00a0Tonneau\u00a0\u00bb Pierre Guariche, France 1950","og_url":"https:\/\/lalmachine.com\/de\/shop\/sasseoir\/canape-fauteuil-pouf\/chaises-thonet-de-collection-tonneau-pierre-guariche-france-1950\/","og_site_name":"lalmachine.com","article_publisher":"https:\/\/facebook.com\/lalmachine","article_modified_time":"2024-12-05T21:06:03+00:00","og_image":[{"width":2560,"height":2560,"url":"https:\/\/lalmachine.com\/wp-content\/uploads\/2024\/12\/7F85F066-8A58-41E8-877E-0FF0FF902E80-scaled_clipped_rev_1-scaled.jpeg","type":"image\/jpeg"}],"twitter_card":"summary_large_image","schema":{"@context":"https:\/\/schema.org","@graph":[{"@type":"WebPage","@id":"https:\/\/lalmachine.com\/shop\/sasseoir\/canape-fauteuil-pouf\/chaises-thonet-de-collection-tonneau-pierre-guariche-france-1950\/","url":"https:\/\/lalmachine.com\/shop\/sasseoir\/canape-fauteuil-pouf\/chaises-thonet-de-collection-tonneau-pierre-guariche-france-1950\/","name":"Chaise Thonet de collection \u00ab\u00a0Tonneau\u00a0\u00bb Pierre Guariche, France 1950 | lalmachine.com, mobilier et objets d\u00e9co vintage et design","isPartOf":{"@id":"https:\/\/lalmachine.com\/#website"},"primaryImageOfPage":{"@id":"https:\/\/lalmachine.com\/shop\/sasseoir\/canape-fauteuil-pouf\/chaises-thonet-de-collection-tonneau-pierre-guariche-france-1950\/#primaryimage"},"image":{"@id":"https:\/\/lalmachine.com\/shop\/sasseoir\/canape-fauteuil-pouf\/chaises-thonet-de-collection-tonneau-pierre-guariche-france-1950\/#primaryimage"},"thumbnailUrl":"https:\/\/lalmachine.com\/wp-content\/uploads\/2024\/12\/7F85F066-8A58-41E8-877E-0FF0FF902E80-scaled_clipped_rev_1-scaled.jpeg","datePublished":"2024-12-03T16:19:55+00:00","dateModified":"2024-12-05T21:06:03+00:00","description":"Chaises Thonet de collection \u00ab\u00a0Tonneau\u00a0\u00bb Pierre Guariche, France 1950","breadcrumb":{"@id":"https:\/\/lalmachine.com\/shop\/sasseoir\/canape-fauteuil-pouf\/chaises-thonet-de-collection-tonneau-pierre-guariche-france-1950\/#breadcrumb"},"inLanguage":"de","potentialAction":[{"@type":"ReadAction","target":["https:\/\/lalmachine.com\/shop\/sasseoir\/canape-fauteuil-pouf\/chaises-thonet-de-collection-tonneau-pierre-guariche-france-1950\/"]}]},{"@type":"ImageObject","inLanguage":"de","@id":"https:\/\/lalmachine.com\/shop\/sasseoir\/canape-fauteuil-pouf\/chaises-thonet-de-collection-tonneau-pierre-guariche-france-1950\/#primaryimage","url":"https:\/\/lalmachine.com\/wp-content\/uploads\/2024\/12\/7F85F066-8A58-41E8-877E-0FF0FF902E80-scaled_clipped_rev_1-scaled.jpeg","contentUrl":"https:\/\/lalmachine.com\/wp-content\/uploads\/2024\/12\/7F85F066-8A58-41E8-877E-0FF0FF902E80-scaled_clipped_rev_1-scaled.jpeg","width":2560,"height":2560,"caption":"Chaises Thonet Pierre Guariche Tonneau"},{"@type":"BreadcrumbList","@id":"https:\/\/lalmachine.com\/shop\/sasseoir\/canape-fauteuil-pouf\/chaises-thonet-de-collection-tonneau-pierre-guariche-france-1950\/#breadcrumb","itemListElement":[{"@type":"ListItem","position":1,"name":"Accueil","item":"https:\/\/lalmachine.com\/"},{"@type":"ListItem","position":2,"name":"Shop","item":"https:\/\/lalmachine.com\/shop\/"},{"@type":"ListItem","position":3,"name":"Chaise Thonet de collection \u00ab\u00a0Tonneau\u00a0\u00bb Pierre Guariche, France 1950"}]},{"@type":"WebSite","@id":"https:\/\/lalmachine.com\/#website","url":"https:\/\/lalmachine.com\/","name":"lalmachine.com","description":"Brocante en ligne Suisse | Mobilier et objets d\u00e9co vintage et design","potentialAction":[{"@type":"SearchAction","target":{"@type":"EntryPoint","urlTemplate":"https:\/\/lalmachine.com\/?s={search_term_string}"},"query-input":{"@type":"PropertyValueSpecification","valueRequired":true,"valueName":"search_term_string"}}],"inLanguage":"de"}]}},"_links":{"self":[{"href":"https:\/\/lalmachine.com\/de\/wp-json\/wp\/v2\/product\/339035","targetHints":{"allow":["GET"]}}],"collection":[{"href":"https:\/\/lalmachine.com\/de\/wp-json\/wp\/v2\/product"}],"about":[{"href":"https:\/\/lalmachine.com\/de\/wp-json\/wp\/v2\/types\/product"}],"wp:featuredmedia":[{"embeddable":true,"href":"https:\/\/lalmachine.com\/de\/wp-json\/wp\/v2\/media\/339044"}],"wp:attachment":[{"href":"https:\/\/lalmachine.com\/de\/wp-json\/wp\/v2\/media?parent=339035"}],"wp:term":[{"taxonomy":"product_brand","embeddable":true,"href":"https:\/\/lalmachine.com\/de\/wp-json\/wp\/v2\/product_brand?post=339035"},{"taxonomy":"product_cat","embeddable":true,"href":"https:\/\/lalmachine.com\/de\/wp-json\/wp\/v2\/product_cat?post=339035"},{"taxonomy":"product_tag","embeddable":true,"href":"https:\/\/lalmachine.com\/de\/wp-json\/wp\/v2\/product_tag?post=339035"},{"taxonomy":"proximite","embeddable":true,"href":"https:\/\/lalmachine.com\/de\/wp-json\/wp\/v2\/proximite?post=339035"}],"curies":[{"name":"wp","href":"https:\/\/api.w.org\/{rel}","templated":true}]}}