{"id":339138,"date":"2024-12-04T09:03:47","date_gmt":"2024-12-04T08:03:47","guid":{"rendered":"https:\/\/lalmachine.com\/?post_type=product&#038;p=339138"},"modified":"2024-12-05T22:06:04","modified_gmt":"2024-12-05T21:06:04","slug":"deux-fauteuils-et-un-canape-style-louis-xv","status":"publish","type":"product","link":"https:\/\/lalmachine.com\/de\/shop\/sasseoir\/canape-fauteuil-pouf\/deux-fauteuils-et-un-canape-style-louis-xv\/","title":{"rendered":"Deux fauteuils et un canap\u00e9 style Louis XV"},"content":{"rendered":"<ul class=\"wpuf_customs\"><li style=\"list-style-type:none;\"><label>Autres photos:<\/label> <a href=\"https:\/\/lalmachine.com\/wp-content\/uploads\/2024\/12\/PHOTO-2024-09-01-22-05-45.jpg\"><img loading=\"lazy\" decoding=\"async\" width=\"128\" height=\"96\" src=\"https:\/\/lalmachine.com\/wp-content\/uploads\/2024\/12\/PHOTO-2024-09-01-22-05-45.jpg\" class=\"attachment-thumbnail size-thumbnail\" alt=\"\" \/><\/a> <\/li>        <li class=\"wpuf-field-data wpuf-field-data-numeric_text_field\">\n                            <label>Prix:<\/label>\n                        500        <\/li>\n                <li class=\"wpuf-field-data wpuf-field-data-numeric_text_field\">\n                            <label>Quantit\u00e9:<\/label>\n                        1        <\/li>\n                <li class=\"wpuf-field-data wpuf-field-data-numeric_text_field\">\n                            <label>Hauteur (cm):<\/label>\n                        96        <\/li>\n                <li class=\"wpuf-field-data wpuf-field-data-numeric_text_field\">\n                            <label>Largeur (cm):<\/label>\n                        67        <\/li>\n                <li class=\"wpuf-field-data wpuf-field-data-numeric_text_field\">\n                            <label>Profondeur (cm):<\/label>\n                        60        <\/li>\n        <\/ul>","protected":false},"excerpt":{"rendered":"<p>Deux fauteuils et un canap\u00e9 style Louis XV, fabriqu\u00e9s artisanalement dans les ann\u00e9es 1980. Plut\u00f4t en bon \u00e9tat, le trio en bois et en tissu est de couleur rouge et clout\u00e9 \u00e0 l&#8217;ancienne, de quoi ravir les collectionneurs et les amateurs d&#8217;antiquit\u00e9s. Bien qu&#8217;ils soient anciens, ils restent confortables \u00e0 l&#8217;assise et ajoutent au salon un air riche et sophistiqu\u00e9. Il y a quelques taches d&#8217;usure et des rayures sur les assises.<\/p>\n<p>Les fauteuils font 96 cm de hauteur, 67 cm de largeur et 60 cm de profondeur.<br \/>\nLe canap\u00e9 fait 99 cm de hauteur, 148 cm de hauteur et 70 cm de profondeur.<\/p>","protected":false},"featured_media":339153,"template":"","meta":{"_et_pb_use_builder":"","_et_pb_old_content":"","_et_gb_content_width":""},"product_brand":[],"product_cat":[99,48],"product_tag":[],"proximite":[278,179],"class_list":{"0":"post-339138","1":"product","2":"type-product","3":"status-publish","4":"has-post-thumbnail","6":"product_cat-canape-fauteuil-pouf","7":"product_cat-sasseoir","8":"pa_couleur-rouge","9":"pa_etat-dans-son-jus","10":"pa_materiau-tissu","11":"pa_style-vintage","12":"proximite-lausanne","13":"proximite-vaud","15":"first","16":"instock","17":"shipping-taxable","18":"purchasable","19":"product-type-simple"},"yoast_head":"<!-- This site is optimized with the Yoast SEO plugin v27.4 - https:\/\/yoast.com\/product\/yoast-seo-wordpress\/ -->\n<title>Deux fauteuils et un canap\u00e9 style Louis XV | lalmachine.com, mobilier et objets d\u00e9co vintage et design<\/title>\n<meta name=\"description\" content=\"Deux fauteuils et un canap\u00e9 style Louis XV, fabriqu\u00e9s artisanalement dans les ann\u00e9es 1980.\" \/>\n<meta name=\"robots\" content=\"index, follow, max-snippet:-1, max-image-preview:large, max-video-preview:-1\" \/>\n<link rel=\"canonical\" href=\"https:\/\/lalmachine.com\/de\/shop\/sasseoir\/canape-fauteuil-pouf\/deux-fauteuils-et-un-canape-style-louis-xv\/\" \/>\n<meta property=\"og:locale\" content=\"de_DE\" \/>\n<meta property=\"og:type\" content=\"article\" \/>\n<meta property=\"og:title\" content=\"Deux fauteuils et un canap\u00e9 style Louis XV | lalmachine.com, mobilier et objets d\u00e9co vintage et design\" \/>\n<meta property=\"og:description\" content=\"Deux fauteuils et un canap\u00e9 style Louis XV, fabriqu\u00e9s artisanalement dans les ann\u00e9es 1980.\" \/>\n<meta property=\"og:url\" content=\"https:\/\/lalmachine.com\/de\/shop\/sasseoir\/canape-fauteuil-pouf\/deux-fauteuils-et-un-canape-style-louis-xv\/\" \/>\n<meta property=\"og:site_name\" content=\"lalmachine.com\" \/>\n<meta property=\"article:publisher\" content=\"https:\/\/facebook.com\/lalmachine\" \/>\n<meta property=\"article:modified_time\" content=\"2024-12-05T21:06:04+00:00\" \/>\n<meta property=\"og:image\" content=\"https:\/\/lalmachine.com\/wp-content\/uploads\/2024\/12\/PHOTO-2024-09-01-22-05-44_clipped_rev_1.jpeg\" \/>\n\t<meta property=\"og:image:width\" content=\"1547\" \/>\n\t<meta property=\"og:image:height\" content=\"1547\" \/>\n\t<meta property=\"og:image:type\" content=\"image\/jpeg\" \/>\n<meta name=\"twitter:card\" content=\"summary_large_image\" \/>\n<script type=\"application\/ld+json\" class=\"yoast-schema-graph\">{\"@context\":\"https:\\\/\\\/schema.org\",\"@graph\":[{\"@type\":\"WebPage\",\"@id\":\"https:\\\/\\\/lalmachine.com\\\/shop\\\/sasseoir\\\/canape-fauteuil-pouf\\\/deux-fauteuils-et-un-canape-style-louis-xv\\\/\",\"url\":\"https:\\\/\\\/lalmachine.com\\\/shop\\\/sasseoir\\\/canape-fauteuil-pouf\\\/deux-fauteuils-et-un-canape-style-louis-xv\\\/\",\"name\":\"Deux fauteuils et un canap\u00e9 style Louis XV | lalmachine.com, mobilier et objets d\u00e9co vintage et design\",\"isPartOf\":{\"@id\":\"https:\\\/\\\/lalmachine.com\\\/#website\"},\"primaryImageOfPage\":{\"@id\":\"https:\\\/\\\/lalmachine.com\\\/shop\\\/sasseoir\\\/canape-fauteuil-pouf\\\/deux-fauteuils-et-un-canape-style-louis-xv\\\/#primaryimage\"},\"image\":{\"@id\":\"https:\\\/\\\/lalmachine.com\\\/shop\\\/sasseoir\\\/canape-fauteuil-pouf\\\/deux-fauteuils-et-un-canape-style-louis-xv\\\/#primaryimage\"},\"thumbnailUrl\":\"https:\\\/\\\/lalmachine.com\\\/wp-content\\\/uploads\\\/2024\\\/12\\\/PHOTO-2024-09-01-22-05-44_clipped_rev_1.jpeg\",\"datePublished\":\"2024-12-04T08:03:47+00:00\",\"dateModified\":\"2024-12-05T21:06:04+00:00\",\"description\":\"Deux fauteuils et un canap\u00e9 style Louis XV, fabriqu\u00e9s artisanalement dans les ann\u00e9es 1980.\",\"breadcrumb\":{\"@id\":\"https:\\\/\\\/lalmachine.com\\\/shop\\\/sasseoir\\\/canape-fauteuil-pouf\\\/deux-fauteuils-et-un-canape-style-louis-xv\\\/#breadcrumb\"},\"inLanguage\":\"de\",\"potentialAction\":[{\"@type\":\"ReadAction\",\"target\":[\"https:\\\/\\\/lalmachine.com\\\/shop\\\/sasseoir\\\/canape-fauteuil-pouf\\\/deux-fauteuils-et-un-canape-style-louis-xv\\\/\"]}]},{\"@type\":\"ImageObject\",\"inLanguage\":\"de\",\"@id\":\"https:\\\/\\\/lalmachine.com\\\/shop\\\/sasseoir\\\/canape-fauteuil-pouf\\\/deux-fauteuils-et-un-canape-style-louis-xv\\\/#primaryimage\",\"url\":\"https:\\\/\\\/lalmachine.com\\\/wp-content\\\/uploads\\\/2024\\\/12\\\/PHOTO-2024-09-01-22-05-44_clipped_rev_1.jpeg\",\"contentUrl\":\"https:\\\/\\\/lalmachine.com\\\/wp-content\\\/uploads\\\/2024\\\/12\\\/PHOTO-2024-09-01-22-05-44_clipped_rev_1.jpeg\",\"width\":1547,\"height\":1547},{\"@type\":\"BreadcrumbList\",\"@id\":\"https:\\\/\\\/lalmachine.com\\\/shop\\\/sasseoir\\\/canape-fauteuil-pouf\\\/deux-fauteuils-et-un-canape-style-louis-xv\\\/#breadcrumb\",\"itemListElement\":[{\"@type\":\"ListItem\",\"position\":1,\"name\":\"Accueil\",\"item\":\"https:\\\/\\\/lalmachine.com\\\/\"},{\"@type\":\"ListItem\",\"position\":2,\"name\":\"Shop\",\"item\":\"https:\\\/\\\/lalmachine.com\\\/shop\\\/\"},{\"@type\":\"ListItem\",\"position\":3,\"name\":\"Deux fauteuils et un canap\u00e9 style Louis XV\"}]},{\"@type\":\"WebSite\",\"@id\":\"https:\\\/\\\/lalmachine.com\\\/#website\",\"url\":\"https:\\\/\\\/lalmachine.com\\\/\",\"name\":\"lalmachine.com\",\"description\":\"Brocante en ligne Suisse | Mobilier et objets d\u00e9co vintage et design\",\"potentialAction\":[{\"@type\":\"SearchAction\",\"target\":{\"@type\":\"EntryPoint\",\"urlTemplate\":\"https:\\\/\\\/lalmachine.com\\\/?s={search_term_string}\"},\"query-input\":{\"@type\":\"PropertyValueSpecification\",\"valueRequired\":true,\"valueName\":\"search_term_string\"}}],\"inLanguage\":\"de\"}]}<\/script>\n<!-- \/ Yoast SEO plugin. -->","yoast_head_json":{"title":"Deux fauteuils et un canap\u00e9 style Louis XV | lalmachine.com, mobilier et objets d\u00e9co vintage et design","description":"Deux fauteuils et un canap\u00e9 style Louis XV, fabriqu\u00e9s artisanalement dans les ann\u00e9es 1980.","robots":{"index":"index","follow":"follow","max-snippet":"max-snippet:-1","max-image-preview":"max-image-preview:large","max-video-preview":"max-video-preview:-1"},"canonical":"https:\/\/lalmachine.com\/de\/shop\/sasseoir\/canape-fauteuil-pouf\/deux-fauteuils-et-un-canape-style-louis-xv\/","og_locale":"de_DE","og_type":"article","og_title":"Deux fauteuils et un canap\u00e9 style Louis XV | lalmachine.com, mobilier et objets d\u00e9co vintage et design","og_description":"Deux fauteuils et un canap\u00e9 style Louis XV, fabriqu\u00e9s artisanalement dans les ann\u00e9es 1980.","og_url":"https:\/\/lalmachine.com\/de\/shop\/sasseoir\/canape-fauteuil-pouf\/deux-fauteuils-et-un-canape-style-louis-xv\/","og_site_name":"lalmachine.com","article_publisher":"https:\/\/facebook.com\/lalmachine","article_modified_time":"2024-12-05T21:06:04+00:00","og_image":[{"width":1547,"height":1547,"url":"https:\/\/lalmachine.com\/wp-content\/uploads\/2024\/12\/PHOTO-2024-09-01-22-05-44_clipped_rev_1.jpeg","type":"image\/jpeg"}],"twitter_card":"summary_large_image","schema":{"@context":"https:\/\/schema.org","@graph":[{"@type":"WebPage","@id":"https:\/\/lalmachine.com\/shop\/sasseoir\/canape-fauteuil-pouf\/deux-fauteuils-et-un-canape-style-louis-xv\/","url":"https:\/\/lalmachine.com\/shop\/sasseoir\/canape-fauteuil-pouf\/deux-fauteuils-et-un-canape-style-louis-xv\/","name":"Deux fauteuils et un canap\u00e9 style Louis XV | lalmachine.com, mobilier et objets d\u00e9co vintage et design","isPartOf":{"@id":"https:\/\/lalmachine.com\/#website"},"primaryImageOfPage":{"@id":"https:\/\/lalmachine.com\/shop\/sasseoir\/canape-fauteuil-pouf\/deux-fauteuils-et-un-canape-style-louis-xv\/#primaryimage"},"image":{"@id":"https:\/\/lalmachine.com\/shop\/sasseoir\/canape-fauteuil-pouf\/deux-fauteuils-et-un-canape-style-louis-xv\/#primaryimage"},"thumbnailUrl":"https:\/\/lalmachine.com\/wp-content\/uploads\/2024\/12\/PHOTO-2024-09-01-22-05-44_clipped_rev_1.jpeg","datePublished":"2024-12-04T08:03:47+00:00","dateModified":"2024-12-05T21:06:04+00:00","description":"Deux fauteuils et un canap\u00e9 style Louis XV, fabriqu\u00e9s artisanalement dans les ann\u00e9es 1980.","breadcrumb":{"@id":"https:\/\/lalmachine.com\/shop\/sasseoir\/canape-fauteuil-pouf\/deux-fauteuils-et-un-canape-style-louis-xv\/#breadcrumb"},"inLanguage":"de","potentialAction":[{"@type":"ReadAction","target":["https:\/\/lalmachine.com\/shop\/sasseoir\/canape-fauteuil-pouf\/deux-fauteuils-et-un-canape-style-louis-xv\/"]}]},{"@type":"ImageObject","inLanguage":"de","@id":"https:\/\/lalmachine.com\/shop\/sasseoir\/canape-fauteuil-pouf\/deux-fauteuils-et-un-canape-style-louis-xv\/#primaryimage","url":"https:\/\/lalmachine.com\/wp-content\/uploads\/2024\/12\/PHOTO-2024-09-01-22-05-44_clipped_rev_1.jpeg","contentUrl":"https:\/\/lalmachine.com\/wp-content\/uploads\/2024\/12\/PHOTO-2024-09-01-22-05-44_clipped_rev_1.jpeg","width":1547,"height":1547},{"@type":"BreadcrumbList","@id":"https:\/\/lalmachine.com\/shop\/sasseoir\/canape-fauteuil-pouf\/deux-fauteuils-et-un-canape-style-louis-xv\/#breadcrumb","itemListElement":[{"@type":"ListItem","position":1,"name":"Accueil","item":"https:\/\/lalmachine.com\/"},{"@type":"ListItem","position":2,"name":"Shop","item":"https:\/\/lalmachine.com\/shop\/"},{"@type":"ListItem","position":3,"name":"Deux fauteuils et un canap\u00e9 style Louis XV"}]},{"@type":"WebSite","@id":"https:\/\/lalmachine.com\/#website","url":"https:\/\/lalmachine.com\/","name":"lalmachine.com","description":"Brocante en ligne Suisse | Mobilier et objets d\u00e9co vintage et design","potentialAction":[{"@type":"SearchAction","target":{"@type":"EntryPoint","urlTemplate":"https:\/\/lalmachine.com\/?s={search_term_string}"},"query-input":{"@type":"PropertyValueSpecification","valueRequired":true,"valueName":"search_term_string"}}],"inLanguage":"de"}]}},"_links":{"self":[{"href":"https:\/\/lalmachine.com\/de\/wp-json\/wp\/v2\/product\/339138","targetHints":{"allow":["GET"]}}],"collection":[{"href":"https:\/\/lalmachine.com\/de\/wp-json\/wp\/v2\/product"}],"about":[{"href":"https:\/\/lalmachine.com\/de\/wp-json\/wp\/v2\/types\/product"}],"wp:featuredmedia":[{"embeddable":true,"href":"https:\/\/lalmachine.com\/de\/wp-json\/wp\/v2\/media\/339153"}],"wp:attachment":[{"href":"https:\/\/lalmachine.com\/de\/wp-json\/wp\/v2\/media?parent=339138"}],"wp:term":[{"taxonomy":"product_brand","embeddable":true,"href":"https:\/\/lalmachine.com\/de\/wp-json\/wp\/v2\/product_brand?post=339138"},{"taxonomy":"product_cat","embeddable":true,"href":"https:\/\/lalmachine.com\/de\/wp-json\/wp\/v2\/product_cat?post=339138"},{"taxonomy":"product_tag","embeddable":true,"href":"https:\/\/lalmachine.com\/de\/wp-json\/wp\/v2\/product_tag?post=339138"},{"taxonomy":"proximite","embeddable":true,"href":"https:\/\/lalmachine.com\/de\/wp-json\/wp\/v2\/proximite?post=339138"}],"curies":[{"name":"wp","href":"https:\/\/api.w.org\/{rel}","templated":true}]}}