{"id":339186,"date":"2024-12-05T17:41:45","date_gmt":"2024-12-05T16:41:45","guid":{"rendered":"https:\/\/lalmachine.com\/?post_type=product&#038;p=339186"},"modified":"2024-12-08T00:36:49","modified_gmt":"2024-12-07T23:36:49","slug":"cendrier-joe-cactus-par-starck-pour-alessi","status":"publish","type":"product","link":"https:\/\/lalmachine.com\/de\/shop\/decorer\/art-de-la-table\/cendrier-joe-cactus-par-starck-pour-alessi\/","title":{"rendered":"Cendrier \u00ab\u00a0Joe Cactus\u00a0\u00bb, par Starck pour Alessi"},"content":{"rendered":"<ul class=\"wpuf_customs\"><li style=\"list-style-type:none;\"><label>Autres photos:<\/label> <a href=\"https:\/\/lalmachine.com\/wp-content\/uploads\/2024\/12\/IMG_4473-scaled.jpeg\"><img loading=\"lazy\" decoding=\"async\" width=\"128\" height=\"96\" src=\"https:\/\/lalmachine.com\/wp-content\/uploads\/2024\/12\/IMG_4473-scaled.jpeg\" class=\"attachment-thumbnail size-thumbnail\" alt=\"\" \/><\/a> <a href=\"https:\/\/lalmachine.com\/wp-content\/uploads\/2024\/12\/IMG_4474-scaled.jpeg\"><img loading=\"lazy\" decoding=\"async\" width=\"72\" height=\"96\" src=\"https:\/\/lalmachine.com\/wp-content\/uploads\/2024\/12\/IMG_4474-scaled.jpeg\" class=\"attachment-thumbnail size-thumbnail\" alt=\"\" \/><\/a> <a href=\"https:\/\/lalmachine.com\/wp-content\/uploads\/2024\/12\/IMG_4475-scaled.jpeg\"><img loading=\"lazy\" decoding=\"async\" width=\"72\" height=\"96\" src=\"https:\/\/lalmachine.com\/wp-content\/uploads\/2024\/12\/IMG_4475-scaled.jpeg\" class=\"attachment-thumbnail size-thumbnail\" alt=\"\" \/><\/a> <a href=\"https:\/\/lalmachine.com\/wp-content\/uploads\/2024\/12\/IMG_4476-scaled.jpeg\"><img loading=\"lazy\" decoding=\"async\" width=\"128\" height=\"96\" src=\"https:\/\/lalmachine.com\/wp-content\/uploads\/2024\/12\/IMG_4476-scaled.jpeg\" class=\"attachment-thumbnail size-thumbnail\" alt=\"\" \/><\/a> <a href=\"https:\/\/lalmachine.com\/wp-content\/uploads\/2024\/12\/IMG_4477-scaled.jpeg\"><img loading=\"lazy\" decoding=\"async\" width=\"72\" height=\"96\" src=\"https:\/\/lalmachine.com\/wp-content\/uploads\/2024\/12\/IMG_4477-scaled.jpeg\" class=\"attachment-thumbnail size-thumbnail\" alt=\"\" \/><\/a> <\/li>        <li class=\"wpuf-field-data wpuf-field-data-numeric_text_field\">\n                            <label>Prix:<\/label>\n                        100        <\/li>\n                <li class=\"wpuf-field-data wpuf-field-data-numeric_text_field\">\n                            <label>Hauteur (cm):<\/label>\n                        20        <\/li>\n                <li class=\"wpuf-field-data wpuf-field-data-numeric_text_field\">\n                            <label>Largeur (cm):<\/label>\n                        10        <\/li>\n                <li class=\"wpuf-field-data wpuf-field-data-numeric_text_field\">\n                            <label>Profondeur (cm):<\/label>\n                        10        <\/li>\n        <\/ul>","protected":false},"excerpt":{"rendered":"<p>Cendrier \u00ab\u00a0Joe Cactus\u00a0\u00bb, par Starck pour Alessi. 1990. Premi\u00e8re \u00e9dition. En bak\u00e9lite. Marron et noir. Jamais utilis\u00e9 comme cendrier. Excellent \u00e9tat g\u00e9n\u00e9ral, hormis un petit impact sur le couvercle (voir photo).<\/p>","protected":false},"featured_media":339198,"template":"","meta":{"_et_pb_use_builder":"","_et_pb_old_content":"","_et_gb_content_width":""},"product_brand":[],"product_cat":[96,50],"product_tag":[],"proximite":[177,233],"class_list":{"0":"post-339186","1":"product","2":"type-product","3":"status-publish","4":"has-post-thumbnail","6":"product_cat-art-de-la-table","7":"product_cat-decorer","8":"product_shipping_class-2-10-kg","9":"pa_couleur-marron","10":"pa_designer-starck-philippe","11":"pa_etat-bon-etat","12":"pa_materiau-autre","13":"pa_style-design","14":"proximite-fribourg","15":"proximite-gruyere","17":"first","18":"outofstock","19":"shipping-taxable","20":"purchasable","21":"product-type-simple"},"yoast_head":"<!-- This site is optimized with the Yoast SEO plugin v27.4 - https:\/\/yoast.com\/product\/yoast-seo-wordpress\/ -->\n<title>Cendrier &quot;Joe Cactus&quot;, par Starck pour Alessi | lalmachine.com, mobilier et objets d\u00e9co vintage et design<\/title>\n<meta name=\"description\" content=\"Cendrier &quot;Joe Cactus&quot; par Starck pour Alessi\" \/>\n<meta name=\"robots\" content=\"index, follow, max-snippet:-1, max-image-preview:large, max-video-preview:-1\" \/>\n<link rel=\"canonical\" href=\"https:\/\/lalmachine.com\/de\/shop\/decorer\/art-de-la-table\/cendrier-joe-cactus-par-starck-pour-alessi\/\" \/>\n<meta property=\"og:locale\" content=\"de_DE\" \/>\n<meta property=\"og:type\" content=\"article\" \/>\n<meta property=\"og:title\" content=\"Cendrier &quot;Joe Cactus&quot;, par Starck pour Alessi | lalmachine.com, mobilier et objets d\u00e9co vintage et design\" \/>\n<meta property=\"og:description\" content=\"Cendrier &quot;Joe Cactus&quot; par Starck pour Alessi\" \/>\n<meta property=\"og:url\" content=\"https:\/\/lalmachine.com\/de\/shop\/decorer\/art-de-la-table\/cendrier-joe-cactus-par-starck-pour-alessi\/\" \/>\n<meta property=\"og:site_name\" content=\"lalmachine.com\" \/>\n<meta property=\"article:publisher\" content=\"https:\/\/facebook.com\/lalmachine\" \/>\n<meta property=\"article:modified_time\" content=\"2024-12-07T23:36:49+00:00\" \/>\n<meta property=\"og:image\" content=\"https:\/\/lalmachine.com\/wp-content\/uploads\/2024\/12\/IMG_4471-scaled_clipped_rev_1.jpeg\" \/>\n\t<meta property=\"og:image:width\" content=\"2158\" \/>\n\t<meta property=\"og:image:height\" content=\"2158\" \/>\n\t<meta property=\"og:image:type\" content=\"image\/jpeg\" \/>\n<meta name=\"twitter:card\" content=\"summary_large_image\" \/>\n<script type=\"application\/ld+json\" class=\"yoast-schema-graph\">{\"@context\":\"https:\\\/\\\/schema.org\",\"@graph\":[{\"@type\":\"WebPage\",\"@id\":\"https:\\\/\\\/lalmachine.com\\\/shop\\\/decorer\\\/art-de-la-table\\\/cendrier-joe-cactus-par-starck-pour-alessi\\\/\",\"url\":\"https:\\\/\\\/lalmachine.com\\\/shop\\\/decorer\\\/art-de-la-table\\\/cendrier-joe-cactus-par-starck-pour-alessi\\\/\",\"name\":\"Cendrier \\\"Joe Cactus\\\", par Starck pour Alessi | lalmachine.com, mobilier et objets d\u00e9co vintage et design\",\"isPartOf\":{\"@id\":\"https:\\\/\\\/lalmachine.com\\\/#website\"},\"primaryImageOfPage\":{\"@id\":\"https:\\\/\\\/lalmachine.com\\\/shop\\\/decorer\\\/art-de-la-table\\\/cendrier-joe-cactus-par-starck-pour-alessi\\\/#primaryimage\"},\"image\":{\"@id\":\"https:\\\/\\\/lalmachine.com\\\/shop\\\/decorer\\\/art-de-la-table\\\/cendrier-joe-cactus-par-starck-pour-alessi\\\/#primaryimage\"},\"thumbnailUrl\":\"https:\\\/\\\/lalmachine.com\\\/wp-content\\\/uploads\\\/2024\\\/12\\\/IMG_4471-scaled_clipped_rev_1.jpeg\",\"datePublished\":\"2024-12-05T16:41:45+00:00\",\"dateModified\":\"2024-12-07T23:36:49+00:00\",\"description\":\"Cendrier \\\"Joe Cactus\\\" par Starck pour Alessi\",\"breadcrumb\":{\"@id\":\"https:\\\/\\\/lalmachine.com\\\/shop\\\/decorer\\\/art-de-la-table\\\/cendrier-joe-cactus-par-starck-pour-alessi\\\/#breadcrumb\"},\"inLanguage\":\"de\",\"potentialAction\":[{\"@type\":\"ReadAction\",\"target\":[\"https:\\\/\\\/lalmachine.com\\\/shop\\\/decorer\\\/art-de-la-table\\\/cendrier-joe-cactus-par-starck-pour-alessi\\\/\"]}]},{\"@type\":\"ImageObject\",\"inLanguage\":\"de\",\"@id\":\"https:\\\/\\\/lalmachine.com\\\/shop\\\/decorer\\\/art-de-la-table\\\/cendrier-joe-cactus-par-starck-pour-alessi\\\/#primaryimage\",\"url\":\"https:\\\/\\\/lalmachine.com\\\/wp-content\\\/uploads\\\/2024\\\/12\\\/IMG_4471-scaled_clipped_rev_1.jpeg\",\"contentUrl\":\"https:\\\/\\\/lalmachine.com\\\/wp-content\\\/uploads\\\/2024\\\/12\\\/IMG_4471-scaled_clipped_rev_1.jpeg\",\"width\":2158,\"height\":2158},{\"@type\":\"BreadcrumbList\",\"@id\":\"https:\\\/\\\/lalmachine.com\\\/shop\\\/decorer\\\/art-de-la-table\\\/cendrier-joe-cactus-par-starck-pour-alessi\\\/#breadcrumb\",\"itemListElement\":[{\"@type\":\"ListItem\",\"position\":1,\"name\":\"Accueil\",\"item\":\"https:\\\/\\\/lalmachine.com\\\/\"},{\"@type\":\"ListItem\",\"position\":2,\"name\":\"Shop\",\"item\":\"https:\\\/\\\/lalmachine.com\\\/shop\\\/\"},{\"@type\":\"ListItem\",\"position\":3,\"name\":\"Cendrier &#8220;Joe Cactus&#8221;, par Starck pour Alessi\"}]},{\"@type\":\"WebSite\",\"@id\":\"https:\\\/\\\/lalmachine.com\\\/#website\",\"url\":\"https:\\\/\\\/lalmachine.com\\\/\",\"name\":\"lalmachine.com\",\"description\":\"Brocante en ligne Suisse | Mobilier et objets d\u00e9co vintage et design\",\"potentialAction\":[{\"@type\":\"SearchAction\",\"target\":{\"@type\":\"EntryPoint\",\"urlTemplate\":\"https:\\\/\\\/lalmachine.com\\\/?s={search_term_string}\"},\"query-input\":{\"@type\":\"PropertyValueSpecification\",\"valueRequired\":true,\"valueName\":\"search_term_string\"}}],\"inLanguage\":\"de\"}]}<\/script>\n<!-- \/ Yoast SEO plugin. -->","yoast_head_json":{"title":"Cendrier \"Joe Cactus\", par Starck pour Alessi | lalmachine.com, mobilier et objets d\u00e9co vintage et design","description":"Cendrier \"Joe Cactus\" par Starck pour Alessi","robots":{"index":"index","follow":"follow","max-snippet":"max-snippet:-1","max-image-preview":"max-image-preview:large","max-video-preview":"max-video-preview:-1"},"canonical":"https:\/\/lalmachine.com\/de\/shop\/decorer\/art-de-la-table\/cendrier-joe-cactus-par-starck-pour-alessi\/","og_locale":"de_DE","og_type":"article","og_title":"Cendrier \"Joe Cactus\", par Starck pour Alessi | lalmachine.com, mobilier et objets d\u00e9co vintage et design","og_description":"Cendrier \"Joe Cactus\" par Starck pour Alessi","og_url":"https:\/\/lalmachine.com\/de\/shop\/decorer\/art-de-la-table\/cendrier-joe-cactus-par-starck-pour-alessi\/","og_site_name":"lalmachine.com","article_publisher":"https:\/\/facebook.com\/lalmachine","article_modified_time":"2024-12-07T23:36:49+00:00","og_image":[{"width":2158,"height":2158,"url":"https:\/\/lalmachine.com\/wp-content\/uploads\/2024\/12\/IMG_4471-scaled_clipped_rev_1.jpeg","type":"image\/jpeg"}],"twitter_card":"summary_large_image","schema":{"@context":"https:\/\/schema.org","@graph":[{"@type":"WebPage","@id":"https:\/\/lalmachine.com\/shop\/decorer\/art-de-la-table\/cendrier-joe-cactus-par-starck-pour-alessi\/","url":"https:\/\/lalmachine.com\/shop\/decorer\/art-de-la-table\/cendrier-joe-cactus-par-starck-pour-alessi\/","name":"Cendrier \"Joe Cactus\", par Starck pour Alessi | lalmachine.com, mobilier et objets d\u00e9co vintage et design","isPartOf":{"@id":"https:\/\/lalmachine.com\/#website"},"primaryImageOfPage":{"@id":"https:\/\/lalmachine.com\/shop\/decorer\/art-de-la-table\/cendrier-joe-cactus-par-starck-pour-alessi\/#primaryimage"},"image":{"@id":"https:\/\/lalmachine.com\/shop\/decorer\/art-de-la-table\/cendrier-joe-cactus-par-starck-pour-alessi\/#primaryimage"},"thumbnailUrl":"https:\/\/lalmachine.com\/wp-content\/uploads\/2024\/12\/IMG_4471-scaled_clipped_rev_1.jpeg","datePublished":"2024-12-05T16:41:45+00:00","dateModified":"2024-12-07T23:36:49+00:00","description":"Cendrier \"Joe Cactus\" par Starck pour Alessi","breadcrumb":{"@id":"https:\/\/lalmachine.com\/shop\/decorer\/art-de-la-table\/cendrier-joe-cactus-par-starck-pour-alessi\/#breadcrumb"},"inLanguage":"de","potentialAction":[{"@type":"ReadAction","target":["https:\/\/lalmachine.com\/shop\/decorer\/art-de-la-table\/cendrier-joe-cactus-par-starck-pour-alessi\/"]}]},{"@type":"ImageObject","inLanguage":"de","@id":"https:\/\/lalmachine.com\/shop\/decorer\/art-de-la-table\/cendrier-joe-cactus-par-starck-pour-alessi\/#primaryimage","url":"https:\/\/lalmachine.com\/wp-content\/uploads\/2024\/12\/IMG_4471-scaled_clipped_rev_1.jpeg","contentUrl":"https:\/\/lalmachine.com\/wp-content\/uploads\/2024\/12\/IMG_4471-scaled_clipped_rev_1.jpeg","width":2158,"height":2158},{"@type":"BreadcrumbList","@id":"https:\/\/lalmachine.com\/shop\/decorer\/art-de-la-table\/cendrier-joe-cactus-par-starck-pour-alessi\/#breadcrumb","itemListElement":[{"@type":"ListItem","position":1,"name":"Accueil","item":"https:\/\/lalmachine.com\/"},{"@type":"ListItem","position":2,"name":"Shop","item":"https:\/\/lalmachine.com\/shop\/"},{"@type":"ListItem","position":3,"name":"Cendrier &#8220;Joe Cactus&#8221;, par Starck pour Alessi"}]},{"@type":"WebSite","@id":"https:\/\/lalmachine.com\/#website","url":"https:\/\/lalmachine.com\/","name":"lalmachine.com","description":"Brocante en ligne Suisse | Mobilier et objets d\u00e9co vintage et design","potentialAction":[{"@type":"SearchAction","target":{"@type":"EntryPoint","urlTemplate":"https:\/\/lalmachine.com\/?s={search_term_string}"},"query-input":{"@type":"PropertyValueSpecification","valueRequired":true,"valueName":"search_term_string"}}],"inLanguage":"de"}]}},"_links":{"self":[{"href":"https:\/\/lalmachine.com\/de\/wp-json\/wp\/v2\/product\/339186","targetHints":{"allow":["GET"]}}],"collection":[{"href":"https:\/\/lalmachine.com\/de\/wp-json\/wp\/v2\/product"}],"about":[{"href":"https:\/\/lalmachine.com\/de\/wp-json\/wp\/v2\/types\/product"}],"wp:featuredmedia":[{"embeddable":true,"href":"https:\/\/lalmachine.com\/de\/wp-json\/wp\/v2\/media\/339198"}],"wp:attachment":[{"href":"https:\/\/lalmachine.com\/de\/wp-json\/wp\/v2\/media?parent=339186"}],"wp:term":[{"taxonomy":"product_brand","embeddable":true,"href":"https:\/\/lalmachine.com\/de\/wp-json\/wp\/v2\/product_brand?post=339186"},{"taxonomy":"product_cat","embeddable":true,"href":"https:\/\/lalmachine.com\/de\/wp-json\/wp\/v2\/product_cat?post=339186"},{"taxonomy":"product_tag","embeddable":true,"href":"https:\/\/lalmachine.com\/de\/wp-json\/wp\/v2\/product_tag?post=339186"},{"taxonomy":"proximite","embeddable":true,"href":"https:\/\/lalmachine.com\/de\/wp-json\/wp\/v2\/proximite?post=339186"}],"curies":[{"name":"wp","href":"https:\/\/api.w.org\/{rel}","templated":true}]}}