{"id":339377,"date":"2024-12-09T17:10:51","date_gmt":"2024-12-09T16:10:51","guid":{"rendered":"https:\/\/lalmachine.com\/?post_type=product&#038;p=339377"},"modified":"2024-12-09T17:10:51","modified_gmt":"2024-12-09T16:10:51","slug":"figurine-montagnard-gunther-schulze","status":"publish","type":"product","link":"https:\/\/lalmachine.com\/de\/shop\/decorer\/objet-de-curiosite\/figurine-montagnard-gunther-schulze\/","title":{"rendered":"Figurine montagnard G\u00fcnther Schulze"},"content":{"rendered":"<ul class=\"wpuf_customs\"><li style=\"list-style-type:none;\"><label>Autres photos:<\/label> <a href=\"https:\/\/lalmachine.com\/wp-content\/uploads\/2024\/12\/4DD644BF-4A32-4C8F-AE74-C52543E86A04.jpeg\"><img loading=\"lazy\" decoding=\"async\" width=\"72\" height=\"96\" src=\"https:\/\/lalmachine.com\/wp-content\/uploads\/2024\/12\/4DD644BF-4A32-4C8F-AE74-C52543E86A04.jpeg\" class=\"attachment-thumbnail size-thumbnail\" alt=\"\" \/><\/a> <a href=\"https:\/\/lalmachine.com\/wp-content\/uploads\/2024\/12\/90411C37-6A5C-4E92-87B0-2B5C2144788B.jpeg\"><img loading=\"lazy\" decoding=\"async\" width=\"63\" height=\"96\" src=\"https:\/\/lalmachine.com\/wp-content\/uploads\/2024\/12\/90411C37-6A5C-4E92-87B0-2B5C2144788B.jpeg\" class=\"attachment-thumbnail size-thumbnail\" alt=\"\" \/><\/a> <a href=\"https:\/\/lalmachine.com\/wp-content\/uploads\/2024\/12\/379F3BF3-EA2A-4677-A106-E1DA6AE5763E.jpeg\"><img loading=\"lazy\" decoding=\"async\" width=\"72\" height=\"96\" src=\"https:\/\/lalmachine.com\/wp-content\/uploads\/2024\/12\/379F3BF3-EA2A-4677-A106-E1DA6AE5763E.jpeg\" class=\"attachment-thumbnail size-thumbnail\" alt=\"\" \/><\/a> <a href=\"https:\/\/lalmachine.com\/wp-content\/uploads\/2024\/12\/464AF155-7299-4400-879D-A288663FD9E0.jpeg\"><img loading=\"lazy\" decoding=\"async\" width=\"72\" height=\"96\" src=\"https:\/\/lalmachine.com\/wp-content\/uploads\/2024\/12\/464AF155-7299-4400-879D-A288663FD9E0.jpeg\" class=\"attachment-thumbnail size-thumbnail\" alt=\"\" \/><\/a> <a href=\"https:\/\/lalmachine.com\/wp-content\/uploads\/2024\/12\/E1C03F93-7A27-4830-9F3C-054119FB1390.jpeg\"><img loading=\"lazy\" decoding=\"async\" width=\"72\" height=\"96\" src=\"https:\/\/lalmachine.com\/wp-content\/uploads\/2024\/12\/E1C03F93-7A27-4830-9F3C-054119FB1390.jpeg\" class=\"attachment-thumbnail size-thumbnail\" alt=\"\" \/><\/a> <a href=\"https:\/\/lalmachine.com\/wp-content\/uploads\/2024\/12\/B75F8B98-5EB9-472B-A004-AA8332EF729D.jpeg\"><img loading=\"lazy\" decoding=\"async\" width=\"72\" height=\"96\" src=\"https:\/\/lalmachine.com\/wp-content\/uploads\/2024\/12\/B75F8B98-5EB9-472B-A004-AA8332EF729D.jpeg\" class=\"attachment-thumbnail size-thumbnail\" alt=\"\" \/><\/a> <a href=\"https:\/\/lalmachine.com\/wp-content\/uploads\/2024\/12\/9712C45E-80FF-42F1-97DD-67BCB1D2D85A.jpeg\"><img loading=\"lazy\" decoding=\"async\" width=\"128\" height=\"96\" src=\"https:\/\/lalmachine.com\/wp-content\/uploads\/2024\/12\/9712C45E-80FF-42F1-97DD-67BCB1D2D85A.jpeg\" class=\"attachment-thumbnail size-thumbnail\" alt=\"\" \/><\/a> <a href=\"https:\/\/lalmachine.com\/wp-content\/uploads\/2024\/12\/2FCA9CFA-058A-4DC1-B2F0-200856316BA0.jpeg\"><img loading=\"lazy\" decoding=\"async\" width=\"128\" height=\"96\" src=\"https:\/\/lalmachine.com\/wp-content\/uploads\/2024\/12\/2FCA9CFA-058A-4DC1-B2F0-200856316BA0.jpeg\" class=\"attachment-thumbnail size-thumbnail\" alt=\"\" \/><\/a> <a href=\"https:\/\/lalmachine.com\/wp-content\/uploads\/2024\/12\/F35EBC44-680E-4254-9EF6-0489329C8C6A.jpeg\"><img loading=\"lazy\" decoding=\"async\" width=\"128\" height=\"96\" src=\"https:\/\/lalmachine.com\/wp-content\/uploads\/2024\/12\/F35EBC44-680E-4254-9EF6-0489329C8C6A.jpeg\" class=\"attachment-thumbnail size-thumbnail\" alt=\"\" \/><\/a> <\/li>        <li class=\"wpuf-field-data wpuf-field-data-numeric_text_field\">\n                            <label>Prix:<\/label>\n                        28        <\/li>\n                <li class=\"wpuf-field-data wpuf-field-data-numeric_text_field\">\n                            <label>Quantit\u00e9:<\/label>\n                        1        <\/li>\n                <li class=\"wpuf-field-data wpuf-field-data-numeric_text_field\">\n                            <label>Hauteur (cm):<\/label>\n                        14        <\/li>\n                <li class=\"wpuf-field-data wpuf-field-data-numeric_text_field\">\n                            <label>Largeur (cm):<\/label>\n                        7        <\/li>\n                <li class=\"wpuf-field-data wpuf-field-data-numeric_text_field\">\n                            <label>Profondeur (cm):<\/label>\n                        7        <\/li>\n        <\/ul>","protected":false},"excerpt":{"rendered":"<p>Figurine montagnard en bois, de G\u00fcnther Schulze<br \/>\nEn parfait \u00e9tat, a noter que les cheveux sont en vraie fourrure<br \/>\nRetrait possible \u00e0 Cornaux ou Pieterlen<\/p>","protected":false},"featured_media":339401,"template":"","meta":{"_et_pb_use_builder":"","_et_pb_old_content":"","_et_gb_content_width":""},"product_brand":[],"product_cat":[50,426],"product_tag":[],"proximite":[203],"class_list":{"0":"post-339377","1":"product","2":"type-product","3":"status-publish","4":"has-post-thumbnail","6":"product_cat-decorer","7":"product_cat-objet-de-curiosite","8":"product_shipping_class-0-2-kg","9":"pa_couleur-marron","10":"pa_etat-tres-bon-etat","11":"pa_materiau-bois","12":"pa_style-scandinave","13":"proximite-neuchatel","15":"first","16":"instock","17":"shipping-taxable","18":"purchasable","19":"product-type-simple"},"yoast_head":"<!-- This site is optimized with the Yoast SEO plugin v27.3 - https:\/\/yoast.com\/product\/yoast-seo-wordpress\/ -->\n<title>Figurine montagnard G\u00fcnther Schulze | lalmachine.com, mobilier et objets d\u00e9co vintage et design<\/title>\n<meta name=\"description\" content=\"Figurine montagnard en bois, de G\u00fcnther Schulze\" \/>\n<meta name=\"robots\" content=\"index, follow, max-snippet:-1, max-image-preview:large, max-video-preview:-1\" \/>\n<link rel=\"canonical\" href=\"https:\/\/lalmachine.com\/de\/shop\/decorer\/objet-de-curiosite\/figurine-montagnard-gunther-schulze\/\" \/>\n<meta property=\"og:locale\" content=\"de_DE\" \/>\n<meta property=\"og:type\" content=\"article\" \/>\n<meta property=\"og:title\" content=\"Figurine montagnard G\u00fcnther Schulze | lalmachine.com, mobilier et objets d\u00e9co vintage et design\" \/>\n<meta property=\"og:description\" content=\"Figurine montagnard en bois, de G\u00fcnther Schulze\" \/>\n<meta property=\"og:url\" content=\"https:\/\/lalmachine.com\/de\/shop\/decorer\/objet-de-curiosite\/figurine-montagnard-gunther-schulze\/\" \/>\n<meta property=\"og:site_name\" content=\"lalmachine.com\" \/>\n<meta property=\"article:publisher\" content=\"https:\/\/facebook.com\/lalmachine\" \/>\n<meta property=\"og:image\" content=\"https:\/\/lalmachine.com\/wp-content\/uploads\/2024\/12\/BBD57980-59DE-4804-8BB3-9828D76AAB8B_clipped_rev_1.jpeg\" \/>\n\t<meta property=\"og:image:width\" content=\"1642\" \/>\n\t<meta property=\"og:image:height\" content=\"1642\" \/>\n\t<meta property=\"og:image:type\" content=\"image\/jpeg\" \/>\n<meta name=\"twitter:card\" content=\"summary_large_image\" \/>\n<script type=\"application\/ld+json\" class=\"yoast-schema-graph\">{\"@context\":\"https:\\\/\\\/schema.org\",\"@graph\":[{\"@type\":\"WebPage\",\"@id\":\"https:\\\/\\\/lalmachine.com\\\/shop\\\/decorer\\\/objet-de-curiosite\\\/figurine-montagnard-gunther-schulze\\\/\",\"url\":\"https:\\\/\\\/lalmachine.com\\\/shop\\\/decorer\\\/objet-de-curiosite\\\/figurine-montagnard-gunther-schulze\\\/\",\"name\":\"Figurine montagnard G\u00fcnther Schulze | lalmachine.com, mobilier et objets d\u00e9co vintage et design\",\"isPartOf\":{\"@id\":\"https:\\\/\\\/lalmachine.com\\\/#website\"},\"primaryImageOfPage\":{\"@id\":\"https:\\\/\\\/lalmachine.com\\\/shop\\\/decorer\\\/objet-de-curiosite\\\/figurine-montagnard-gunther-schulze\\\/#primaryimage\"},\"image\":{\"@id\":\"https:\\\/\\\/lalmachine.com\\\/shop\\\/decorer\\\/objet-de-curiosite\\\/figurine-montagnard-gunther-schulze\\\/#primaryimage\"},\"thumbnailUrl\":\"https:\\\/\\\/lalmachine.com\\\/wp-content\\\/uploads\\\/2024\\\/12\\\/BBD57980-59DE-4804-8BB3-9828D76AAB8B_clipped_rev_1.jpeg\",\"datePublished\":\"2024-12-09T16:10:51+00:00\",\"description\":\"Figurine montagnard en bois, de G\u00fcnther Schulze\",\"breadcrumb\":{\"@id\":\"https:\\\/\\\/lalmachine.com\\\/shop\\\/decorer\\\/objet-de-curiosite\\\/figurine-montagnard-gunther-schulze\\\/#breadcrumb\"},\"inLanguage\":\"de\",\"potentialAction\":[{\"@type\":\"ReadAction\",\"target\":[\"https:\\\/\\\/lalmachine.com\\\/shop\\\/decorer\\\/objet-de-curiosite\\\/figurine-montagnard-gunther-schulze\\\/\"]}]},{\"@type\":\"ImageObject\",\"inLanguage\":\"de\",\"@id\":\"https:\\\/\\\/lalmachine.com\\\/shop\\\/decorer\\\/objet-de-curiosite\\\/figurine-montagnard-gunther-schulze\\\/#primaryimage\",\"url\":\"https:\\\/\\\/lalmachine.com\\\/wp-content\\\/uploads\\\/2024\\\/12\\\/BBD57980-59DE-4804-8BB3-9828D76AAB8B_clipped_rev_1.jpeg\",\"contentUrl\":\"https:\\\/\\\/lalmachine.com\\\/wp-content\\\/uploads\\\/2024\\\/12\\\/BBD57980-59DE-4804-8BB3-9828D76AAB8B_clipped_rev_1.jpeg\",\"width\":1642,\"height\":1642,\"caption\":\"Figurine montagnard G\u00fcnther Schulze\"},{\"@type\":\"BreadcrumbList\",\"@id\":\"https:\\\/\\\/lalmachine.com\\\/shop\\\/decorer\\\/objet-de-curiosite\\\/figurine-montagnard-gunther-schulze\\\/#breadcrumb\",\"itemListElement\":[{\"@type\":\"ListItem\",\"position\":1,\"name\":\"Accueil\",\"item\":\"https:\\\/\\\/lalmachine.com\\\/\"},{\"@type\":\"ListItem\",\"position\":2,\"name\":\"Shop\",\"item\":\"https:\\\/\\\/lalmachine.com\\\/shop\\\/\"},{\"@type\":\"ListItem\",\"position\":3,\"name\":\"Figurine montagnard G\u00fcnther Schulze\"}]},{\"@type\":\"WebSite\",\"@id\":\"https:\\\/\\\/lalmachine.com\\\/#website\",\"url\":\"https:\\\/\\\/lalmachine.com\\\/\",\"name\":\"lalmachine.com\",\"description\":\"Brocante en ligne Suisse | Mobilier et objets d\u00e9co vintage et design\",\"potentialAction\":[{\"@type\":\"SearchAction\",\"target\":{\"@type\":\"EntryPoint\",\"urlTemplate\":\"https:\\\/\\\/lalmachine.com\\\/?s={search_term_string}\"},\"query-input\":{\"@type\":\"PropertyValueSpecification\",\"valueRequired\":true,\"valueName\":\"search_term_string\"}}],\"inLanguage\":\"de\"}]}<\/script>\n<!-- \/ Yoast SEO plugin. -->","yoast_head_json":{"title":"Figurine montagnard G\u00fcnther Schulze | lalmachine.com, mobilier et objets d\u00e9co vintage et design","description":"Figurine montagnard en bois, de G\u00fcnther Schulze","robots":{"index":"index","follow":"follow","max-snippet":"max-snippet:-1","max-image-preview":"max-image-preview:large","max-video-preview":"max-video-preview:-1"},"canonical":"https:\/\/lalmachine.com\/de\/shop\/decorer\/objet-de-curiosite\/figurine-montagnard-gunther-schulze\/","og_locale":"de_DE","og_type":"article","og_title":"Figurine montagnard G\u00fcnther Schulze | lalmachine.com, mobilier et objets d\u00e9co vintage et design","og_description":"Figurine montagnard en bois, de G\u00fcnther Schulze","og_url":"https:\/\/lalmachine.com\/de\/shop\/decorer\/objet-de-curiosite\/figurine-montagnard-gunther-schulze\/","og_site_name":"lalmachine.com","article_publisher":"https:\/\/facebook.com\/lalmachine","og_image":[{"width":1642,"height":1642,"url":"https:\/\/lalmachine.com\/wp-content\/uploads\/2024\/12\/BBD57980-59DE-4804-8BB3-9828D76AAB8B_clipped_rev_1.jpeg","type":"image\/jpeg"}],"twitter_card":"summary_large_image","schema":{"@context":"https:\/\/schema.org","@graph":[{"@type":"WebPage","@id":"https:\/\/lalmachine.com\/shop\/decorer\/objet-de-curiosite\/figurine-montagnard-gunther-schulze\/","url":"https:\/\/lalmachine.com\/shop\/decorer\/objet-de-curiosite\/figurine-montagnard-gunther-schulze\/","name":"Figurine montagnard G\u00fcnther Schulze | lalmachine.com, mobilier et objets d\u00e9co vintage et design","isPartOf":{"@id":"https:\/\/lalmachine.com\/#website"},"primaryImageOfPage":{"@id":"https:\/\/lalmachine.com\/shop\/decorer\/objet-de-curiosite\/figurine-montagnard-gunther-schulze\/#primaryimage"},"image":{"@id":"https:\/\/lalmachine.com\/shop\/decorer\/objet-de-curiosite\/figurine-montagnard-gunther-schulze\/#primaryimage"},"thumbnailUrl":"https:\/\/lalmachine.com\/wp-content\/uploads\/2024\/12\/BBD57980-59DE-4804-8BB3-9828D76AAB8B_clipped_rev_1.jpeg","datePublished":"2024-12-09T16:10:51+00:00","description":"Figurine montagnard en bois, de G\u00fcnther Schulze","breadcrumb":{"@id":"https:\/\/lalmachine.com\/shop\/decorer\/objet-de-curiosite\/figurine-montagnard-gunther-schulze\/#breadcrumb"},"inLanguage":"de","potentialAction":[{"@type":"ReadAction","target":["https:\/\/lalmachine.com\/shop\/decorer\/objet-de-curiosite\/figurine-montagnard-gunther-schulze\/"]}]},{"@type":"ImageObject","inLanguage":"de","@id":"https:\/\/lalmachine.com\/shop\/decorer\/objet-de-curiosite\/figurine-montagnard-gunther-schulze\/#primaryimage","url":"https:\/\/lalmachine.com\/wp-content\/uploads\/2024\/12\/BBD57980-59DE-4804-8BB3-9828D76AAB8B_clipped_rev_1.jpeg","contentUrl":"https:\/\/lalmachine.com\/wp-content\/uploads\/2024\/12\/BBD57980-59DE-4804-8BB3-9828D76AAB8B_clipped_rev_1.jpeg","width":1642,"height":1642,"caption":"Figurine montagnard G\u00fcnther Schulze"},{"@type":"BreadcrumbList","@id":"https:\/\/lalmachine.com\/shop\/decorer\/objet-de-curiosite\/figurine-montagnard-gunther-schulze\/#breadcrumb","itemListElement":[{"@type":"ListItem","position":1,"name":"Accueil","item":"https:\/\/lalmachine.com\/"},{"@type":"ListItem","position":2,"name":"Shop","item":"https:\/\/lalmachine.com\/shop\/"},{"@type":"ListItem","position":3,"name":"Figurine montagnard G\u00fcnther Schulze"}]},{"@type":"WebSite","@id":"https:\/\/lalmachine.com\/#website","url":"https:\/\/lalmachine.com\/","name":"lalmachine.com","description":"Brocante en ligne Suisse | Mobilier et objets d\u00e9co vintage et design","potentialAction":[{"@type":"SearchAction","target":{"@type":"EntryPoint","urlTemplate":"https:\/\/lalmachine.com\/?s={search_term_string}"},"query-input":{"@type":"PropertyValueSpecification","valueRequired":true,"valueName":"search_term_string"}}],"inLanguage":"de"}]}},"_links":{"self":[{"href":"https:\/\/lalmachine.com\/de\/wp-json\/wp\/v2\/product\/339377","targetHints":{"allow":["GET"]}}],"collection":[{"href":"https:\/\/lalmachine.com\/de\/wp-json\/wp\/v2\/product"}],"about":[{"href":"https:\/\/lalmachine.com\/de\/wp-json\/wp\/v2\/types\/product"}],"wp:featuredmedia":[{"embeddable":true,"href":"https:\/\/lalmachine.com\/de\/wp-json\/wp\/v2\/media\/339401"}],"wp:attachment":[{"href":"https:\/\/lalmachine.com\/de\/wp-json\/wp\/v2\/media?parent=339377"}],"wp:term":[{"taxonomy":"product_brand","embeddable":true,"href":"https:\/\/lalmachine.com\/de\/wp-json\/wp\/v2\/product_brand?post=339377"},{"taxonomy":"product_cat","embeddable":true,"href":"https:\/\/lalmachine.com\/de\/wp-json\/wp\/v2\/product_cat?post=339377"},{"taxonomy":"product_tag","embeddable":true,"href":"https:\/\/lalmachine.com\/de\/wp-json\/wp\/v2\/product_tag?post=339377"},{"taxonomy":"proximite","embeddable":true,"href":"https:\/\/lalmachine.com\/de\/wp-json\/wp\/v2\/proximite?post=339377"}],"curies":[{"name":"wp","href":"https:\/\/api.w.org\/{rel}","templated":true}]}}