{"id":339544,"date":"2024-12-11T14:45:14","date_gmt":"2024-12-11T13:45:14","guid":{"rendered":"https:\/\/lalmachine.com\/?post_type=product&#038;p=339544"},"modified":"2024-12-11T14:45:15","modified_gmt":"2024-12-11T13:45:15","slug":"sophie-jaton-inventaire-2006","status":"publish","type":"product","link":"https:\/\/lalmachine.com\/de\/shop\/decorer\/art-and-co\/sophie-jaton-inventaire-2006\/","title":{"rendered":"Sophie Jaton, Inventaire, 2006"},"content":{"rendered":"<ul class=\"wpuf_customs\"><li style=\"list-style-type:none;\"><label>Autres photos:<\/label> <a href=\"https:\/\/lalmachine.com\/wp-content\/uploads\/2024\/12\/IMG_0747.jpg\"><img loading=\"lazy\" decoding=\"async\" width=\"72\" height=\"96\" src=\"https:\/\/lalmachine.com\/wp-content\/uploads\/2024\/12\/IMG_0747.jpg\" class=\"attachment-thumbnail size-thumbnail\" alt=\"\" \/><\/a> <a href=\"https:\/\/lalmachine.com\/wp-content\/uploads\/2024\/12\/IMG_0745.jpg\"><img loading=\"lazy\" decoding=\"async\" width=\"72\" height=\"96\" src=\"https:\/\/lalmachine.com\/wp-content\/uploads\/2024\/12\/IMG_0745.jpg\" class=\"attachment-thumbnail size-thumbnail\" alt=\"\" \/><\/a> <a href=\"https:\/\/lalmachine.com\/wp-content\/uploads\/2024\/12\/IMG_0746.jpg\"><img loading=\"lazy\" decoding=\"async\" width=\"72\" height=\"96\" src=\"https:\/\/lalmachine.com\/wp-content\/uploads\/2024\/12\/IMG_0746.jpg\" class=\"attachment-thumbnail size-thumbnail\" alt=\"\" \/><\/a> <a href=\"https:\/\/lalmachine.com\/wp-content\/uploads\/2024\/12\/IMG_0744.jpg\"><img loading=\"lazy\" decoding=\"async\" width=\"72\" height=\"96\" src=\"https:\/\/lalmachine.com\/wp-content\/uploads\/2024\/12\/IMG_0744.jpg\" class=\"attachment-thumbnail size-thumbnail\" alt=\"\" \/><\/a> <\/li>        <li class=\"wpuf-field-data wpuf-field-data-numeric_text_field\">\n                            <label>Prix:<\/label>\n                        680        <\/li>\n                <li class=\"wpuf-field-data wpuf-field-data-numeric_text_field\">\n                            <label>Quantit\u00e9:<\/label>\n                        1        <\/li>\n                <li class=\"wpuf-field-data wpuf-field-data-numeric_text_field\">\n                            <label>Hauteur (cm):<\/label>\n                        50        <\/li>\n                <li class=\"wpuf-field-data wpuf-field-data-numeric_text_field\">\n                            <label>Largeur (cm):<\/label>\n                        25        <\/li>\n                <li class=\"wpuf-field-data wpuf-field-data-numeric_text_field\">\n                            <label>Profondeur (cm):<\/label>\n                        3        <\/li>\n        <\/ul>","protected":false},"excerpt":{"rendered":"<p>Inventaire \u2013 Impression Pro Fine art sur papier<br \/>\nNum\u00e9rot\u00e9 1\/3<br \/>\nEncadrement \u00ab caisse am\u00e9ricaine \u00bb bois peint en noir<\/p>\n<p>Depuis 2006, l&#8217;illustratrice et artiste Sophie Jaton pr\u00e9sente un travail sur l\u2019image photographi\u00e9e et le dessin.<br \/>\nCe dessin s\u2019inscrit dans la s\u00e9rie o\u00f9 les compositions se situent entre le jeu de construction et le paysage. La confrontation d\u2019\u00e9chelles y traduit le ph\u00e9nom\u00e8ne de l\u2019utopie tandis que l\u2019opposition entre le traitement lisse, sans imperfections et la repr\u00e9sentation tridimensionnelle aux effets d\u2019ombres et de lumi\u00e8res accentue le sentiment d\u2019\u00e9tranget\u00e9 et d\u2019illusion.<\/p>","protected":false},"featured_media":339555,"template":"","meta":{"_et_pb_use_builder":"","_et_pb_old_content":"","_et_gb_content_width":""},"product_brand":[],"product_cat":[365,50],"product_tag":[],"proximite":[180],"class_list":{"0":"post-339544","1":"product","2":"type-product","3":"status-publish","4":"has-post-thumbnail","6":"product_cat-art-and-co","7":"product_cat-decorer","8":"product_shipping_class-fragile-11-5","9":"pa_couleur-multicolore","10":"pa_etat-tres-bon-etat","11":"pa_materiau-papier-carton","12":"pa_style-art-contemporain","13":"proximite-geneve","15":"first","16":"instock","17":"shipping-taxable","18":"purchasable","19":"product-type-simple"},"yoast_head":"<!-- This site is optimized with the Yoast SEO plugin v27.4 - https:\/\/yoast.com\/product\/yoast-seo-wordpress\/ -->\n<title>Sophie Jaton, Inventaire, 2006 | lalmachine.com, mobilier et objets d\u00e9co vintage et design<\/title>\n<meta name=\"description\" content=\"Sophie Jaton Inventaire \u2013 Impression Pro Fine art sur papier Num\u00e9rot\u00e9 1\/3\" \/>\n<meta name=\"robots\" content=\"index, follow, max-snippet:-1, max-image-preview:large, max-video-preview:-1\" \/>\n<link rel=\"canonical\" href=\"http:\/\/lalmachine.com\/de\/shop\/decorer\/art-and-co\/sophie-jaton-inventaire-2006\/\" \/>\n<meta property=\"og:locale\" content=\"de_DE\" \/>\n<meta property=\"og:type\" content=\"article\" \/>\n<meta property=\"og:title\" content=\"Sophie Jaton, Inventaire, 2006 | lalmachine.com, mobilier et objets d\u00e9co vintage et design\" \/>\n<meta property=\"og:description\" content=\"Sophie Jaton Inventaire \u2013 Impression Pro Fine art sur papier Num\u00e9rot\u00e9 1\/3\" \/>\n<meta property=\"og:url\" content=\"http:\/\/lalmachine.com\/de\/shop\/decorer\/art-and-co\/sophie-jaton-inventaire-2006\/\" \/>\n<meta property=\"og:site_name\" content=\"lalmachine.com\" \/>\n<meta property=\"article:publisher\" content=\"https:\/\/facebook.com\/lalmachine\" \/>\n<meta property=\"article:modified_time\" content=\"2024-12-11T13:45:15+00:00\" \/>\n<meta property=\"og:image\" content=\"https:\/\/lalmachine.com\/wp-content\/uploads\/2024\/12\/IMG_0743_clipped_rev_1.jpeg\" \/>\n\t<meta property=\"og:image:width\" content=\"1432\" \/>\n\t<meta property=\"og:image:height\" content=\"1432\" \/>\n\t<meta property=\"og:image:type\" content=\"image\/jpeg\" \/>\n<meta name=\"twitter:card\" content=\"summary_large_image\" \/>\n<script type=\"application\/ld+json\" class=\"yoast-schema-graph\">{\"@context\":\"https:\\\/\\\/schema.org\",\"@graph\":[{\"@type\":\"WebPage\",\"@id\":\"http:\\\/\\\/lalmachine.com\\\/de\\\/shop\\\/decorer\\\/art-and-co\\\/sophie-jaton-inventaire-2006\\\/\",\"url\":\"http:\\\/\\\/lalmachine.com\\\/de\\\/shop\\\/decorer\\\/art-and-co\\\/sophie-jaton-inventaire-2006\\\/\",\"name\":\"Sophie Jaton, Inventaire, 2006 | lalmachine.com, mobilier et objets d\u00e9co vintage et design\",\"isPartOf\":{\"@id\":\"https:\\\/\\\/lalmachine.com\\\/#website\"},\"primaryImageOfPage\":{\"@id\":\"http:\\\/\\\/lalmachine.com\\\/de\\\/shop\\\/decorer\\\/art-and-co\\\/sophie-jaton-inventaire-2006\\\/#primaryimage\"},\"image\":{\"@id\":\"http:\\\/\\\/lalmachine.com\\\/de\\\/shop\\\/decorer\\\/art-and-co\\\/sophie-jaton-inventaire-2006\\\/#primaryimage\"},\"thumbnailUrl\":\"https:\\\/\\\/lalmachine.com\\\/wp-content\\\/uploads\\\/2024\\\/12\\\/IMG_0743_clipped_rev_1.jpeg\",\"datePublished\":\"2024-12-11T13:45:14+00:00\",\"dateModified\":\"2024-12-11T13:45:15+00:00\",\"description\":\"Sophie Jaton Inventaire \u2013 Impression Pro Fine art sur papier Num\u00e9rot\u00e9 1\\\/3\",\"breadcrumb\":{\"@id\":\"http:\\\/\\\/lalmachine.com\\\/de\\\/shop\\\/decorer\\\/art-and-co\\\/sophie-jaton-inventaire-2006\\\/#breadcrumb\"},\"inLanguage\":\"de\",\"potentialAction\":[{\"@type\":\"ReadAction\",\"target\":[\"http:\\\/\\\/lalmachine.com\\\/de\\\/shop\\\/decorer\\\/art-and-co\\\/sophie-jaton-inventaire-2006\\\/\"]}]},{\"@type\":\"ImageObject\",\"inLanguage\":\"de\",\"@id\":\"http:\\\/\\\/lalmachine.com\\\/de\\\/shop\\\/decorer\\\/art-and-co\\\/sophie-jaton-inventaire-2006\\\/#primaryimage\",\"url\":\"https:\\\/\\\/lalmachine.com\\\/wp-content\\\/uploads\\\/2024\\\/12\\\/IMG_0743_clipped_rev_1.jpeg\",\"contentUrl\":\"https:\\\/\\\/lalmachine.com\\\/wp-content\\\/uploads\\\/2024\\\/12\\\/IMG_0743_clipped_rev_1.jpeg\",\"width\":1432,\"height\":1432,\"caption\":\"Sophie Jaton Inventaire 2006\"},{\"@type\":\"BreadcrumbList\",\"@id\":\"http:\\\/\\\/lalmachine.com\\\/de\\\/shop\\\/decorer\\\/art-and-co\\\/sophie-jaton-inventaire-2006\\\/#breadcrumb\",\"itemListElement\":[{\"@type\":\"ListItem\",\"position\":1,\"name\":\"Accueil\",\"item\":\"https:\\\/\\\/lalmachine.com\\\/\"},{\"@type\":\"ListItem\",\"position\":2,\"name\":\"Shop\",\"item\":\"https:\\\/\\\/lalmachine.com\\\/shop\\\/\"},{\"@type\":\"ListItem\",\"position\":3,\"name\":\"Sophie Jaton, Inventaire, 2006\"}]},{\"@type\":\"WebSite\",\"@id\":\"https:\\\/\\\/lalmachine.com\\\/#website\",\"url\":\"https:\\\/\\\/lalmachine.com\\\/\",\"name\":\"lalmachine.com\",\"description\":\"Brocante en ligne Suisse | Mobilier et objets d\u00e9co vintage et design\",\"potentialAction\":[{\"@type\":\"SearchAction\",\"target\":{\"@type\":\"EntryPoint\",\"urlTemplate\":\"https:\\\/\\\/lalmachine.com\\\/?s={search_term_string}\"},\"query-input\":{\"@type\":\"PropertyValueSpecification\",\"valueRequired\":true,\"valueName\":\"search_term_string\"}}],\"inLanguage\":\"de\"}]}<\/script>\n<!-- \/ Yoast SEO plugin. -->","yoast_head_json":{"title":"Sophie Jaton, Inventaire, 2006 | lalmachine.com, mobilier et objets d\u00e9co vintage et design","description":"Sophie Jaton Inventaire \u2013 Impression Pro Fine art sur papier Num\u00e9rot\u00e9 1\/3","robots":{"index":"index","follow":"follow","max-snippet":"max-snippet:-1","max-image-preview":"max-image-preview:large","max-video-preview":"max-video-preview:-1"},"canonical":"http:\/\/lalmachine.com\/de\/shop\/decorer\/art-and-co\/sophie-jaton-inventaire-2006\/","og_locale":"de_DE","og_type":"article","og_title":"Sophie Jaton, Inventaire, 2006 | lalmachine.com, mobilier et objets d\u00e9co vintage et design","og_description":"Sophie Jaton Inventaire \u2013 Impression Pro Fine art sur papier Num\u00e9rot\u00e9 1\/3","og_url":"http:\/\/lalmachine.com\/de\/shop\/decorer\/art-and-co\/sophie-jaton-inventaire-2006\/","og_site_name":"lalmachine.com","article_publisher":"https:\/\/facebook.com\/lalmachine","article_modified_time":"2024-12-11T13:45:15+00:00","og_image":[{"width":1432,"height":1432,"url":"https:\/\/lalmachine.com\/wp-content\/uploads\/2024\/12\/IMG_0743_clipped_rev_1.jpeg","type":"image\/jpeg"}],"twitter_card":"summary_large_image","schema":{"@context":"https:\/\/schema.org","@graph":[{"@type":"WebPage","@id":"http:\/\/lalmachine.com\/de\/shop\/decorer\/art-and-co\/sophie-jaton-inventaire-2006\/","url":"http:\/\/lalmachine.com\/de\/shop\/decorer\/art-and-co\/sophie-jaton-inventaire-2006\/","name":"Sophie Jaton, Inventaire, 2006 | lalmachine.com, mobilier et objets d\u00e9co vintage et design","isPartOf":{"@id":"https:\/\/lalmachine.com\/#website"},"primaryImageOfPage":{"@id":"http:\/\/lalmachine.com\/de\/shop\/decorer\/art-and-co\/sophie-jaton-inventaire-2006\/#primaryimage"},"image":{"@id":"http:\/\/lalmachine.com\/de\/shop\/decorer\/art-and-co\/sophie-jaton-inventaire-2006\/#primaryimage"},"thumbnailUrl":"https:\/\/lalmachine.com\/wp-content\/uploads\/2024\/12\/IMG_0743_clipped_rev_1.jpeg","datePublished":"2024-12-11T13:45:14+00:00","dateModified":"2024-12-11T13:45:15+00:00","description":"Sophie Jaton Inventaire \u2013 Impression Pro Fine art sur papier Num\u00e9rot\u00e9 1\/3","breadcrumb":{"@id":"http:\/\/lalmachine.com\/de\/shop\/decorer\/art-and-co\/sophie-jaton-inventaire-2006\/#breadcrumb"},"inLanguage":"de","potentialAction":[{"@type":"ReadAction","target":["http:\/\/lalmachine.com\/de\/shop\/decorer\/art-and-co\/sophie-jaton-inventaire-2006\/"]}]},{"@type":"ImageObject","inLanguage":"de","@id":"http:\/\/lalmachine.com\/de\/shop\/decorer\/art-and-co\/sophie-jaton-inventaire-2006\/#primaryimage","url":"https:\/\/lalmachine.com\/wp-content\/uploads\/2024\/12\/IMG_0743_clipped_rev_1.jpeg","contentUrl":"https:\/\/lalmachine.com\/wp-content\/uploads\/2024\/12\/IMG_0743_clipped_rev_1.jpeg","width":1432,"height":1432,"caption":"Sophie Jaton Inventaire 2006"},{"@type":"BreadcrumbList","@id":"http:\/\/lalmachine.com\/de\/shop\/decorer\/art-and-co\/sophie-jaton-inventaire-2006\/#breadcrumb","itemListElement":[{"@type":"ListItem","position":1,"name":"Accueil","item":"https:\/\/lalmachine.com\/"},{"@type":"ListItem","position":2,"name":"Shop","item":"https:\/\/lalmachine.com\/shop\/"},{"@type":"ListItem","position":3,"name":"Sophie Jaton, Inventaire, 2006"}]},{"@type":"WebSite","@id":"https:\/\/lalmachine.com\/#website","url":"https:\/\/lalmachine.com\/","name":"lalmachine.com","description":"Brocante en ligne Suisse | Mobilier et objets d\u00e9co vintage et design","potentialAction":[{"@type":"SearchAction","target":{"@type":"EntryPoint","urlTemplate":"https:\/\/lalmachine.com\/?s={search_term_string}"},"query-input":{"@type":"PropertyValueSpecification","valueRequired":true,"valueName":"search_term_string"}}],"inLanguage":"de"}]}},"_links":{"self":[{"href":"https:\/\/lalmachine.com\/de\/wp-json\/wp\/v2\/product\/339544","targetHints":{"allow":["GET"]}}],"collection":[{"href":"https:\/\/lalmachine.com\/de\/wp-json\/wp\/v2\/product"}],"about":[{"href":"https:\/\/lalmachine.com\/de\/wp-json\/wp\/v2\/types\/product"}],"wp:featuredmedia":[{"embeddable":true,"href":"https:\/\/lalmachine.com\/de\/wp-json\/wp\/v2\/media\/339555"}],"wp:attachment":[{"href":"https:\/\/lalmachine.com\/de\/wp-json\/wp\/v2\/media?parent=339544"}],"wp:term":[{"taxonomy":"product_brand","embeddable":true,"href":"https:\/\/lalmachine.com\/de\/wp-json\/wp\/v2\/product_brand?post=339544"},{"taxonomy":"product_cat","embeddable":true,"href":"https:\/\/lalmachine.com\/de\/wp-json\/wp\/v2\/product_cat?post=339544"},{"taxonomy":"product_tag","embeddable":true,"href":"https:\/\/lalmachine.com\/de\/wp-json\/wp\/v2\/product_tag?post=339544"},{"taxonomy":"proximite","embeddable":true,"href":"https:\/\/lalmachine.com\/de\/wp-json\/wp\/v2\/proximite?post=339544"}],"curies":[{"name":"wp","href":"https:\/\/api.w.org\/{rel}","templated":true}]}}