{"id":339575,"date":"2024-12-12T18:49:00","date_gmt":"2024-12-12T17:49:00","guid":{"rendered":"https:\/\/lalmachine.com\/?post_type=product&#038;p=339575"},"modified":"2025-07-03T17:22:21","modified_gmt":"2025-07-03T15:22:21","slug":"lampe-sculpturale-en-ceramique-jasba-allemagne-1970s","status":"publish","type":"product","link":"https:\/\/lalmachine.com\/de\/shop\/eclairer\/lampe-sur-pied\/lampe-sculpturale-en-ceramique-jasba-allemagne-1970s\/","title":{"rendered":"Lampe sculpturale en c\u00e9ramique, Jasba, Allemagne, 1970&rsquo;s"},"content":{"rendered":"<ul class=\"wpuf_customs\"><li style=\"list-style-type:none;\"><label>Autres photos:<\/label> <a href=\"https:\/\/lalmachine.com\/wp-content\/uploads\/2024\/12\/BA1DADF0-C782-4B47-A80C-7D3E4A81E8E1_1_201_a-scaled.jpeg\"><img loading=\"lazy\" decoding=\"async\" width=\"96\" height=\"96\" src=\"https:\/\/lalmachine.com\/wp-content\/uploads\/2024\/12\/BA1DADF0-C782-4B47-A80C-7D3E4A81E8E1_1_201_a-scaled.jpeg\" class=\"attachment-thumbnail size-thumbnail\" alt=\"\" \/><\/a> <a href=\"https:\/\/lalmachine.com\/wp-content\/uploads\/2024\/11\/2E5D2E32-8A56-44C7-A46C-637210190423_1_201_a-scaled.jpeg\"><img loading=\"lazy\" decoding=\"async\" width=\"96\" height=\"96\" src=\"https:\/\/lalmachine.com\/wp-content\/uploads\/2024\/11\/2E5D2E32-8A56-44C7-A46C-637210190423_1_201_a-scaled.jpeg\" class=\"attachment-thumbnail size-thumbnail\" alt=\"\" \/><\/a> <a href=\"https:\/\/lalmachine.com\/wp-content\/uploads\/2024\/11\/63CFCF3E-85C2-4AAD-BD21-07C2BC9824FD_1_201_a-scaled.jpeg\"><img loading=\"lazy\" decoding=\"async\" width=\"96\" height=\"96\" src=\"https:\/\/lalmachine.com\/wp-content\/uploads\/2024\/11\/63CFCF3E-85C2-4AAD-BD21-07C2BC9824FD_1_201_a-scaled.jpeg\" class=\"attachment-thumbnail size-thumbnail\" alt=\"\" \/><\/a> <a href=\"https:\/\/lalmachine.com\/wp-content\/uploads\/2024\/11\/C43F4C35-6C6E-4D38-AC19-253697A3363C_1_201_a-scaled.jpeg\"><img loading=\"lazy\" decoding=\"async\" width=\"96\" height=\"96\" src=\"https:\/\/lalmachine.com\/wp-content\/uploads\/2024\/11\/C43F4C35-6C6E-4D38-AC19-253697A3363C_1_201_a-scaled.jpeg\" class=\"attachment-thumbnail size-thumbnail\" alt=\"\" \/><\/a> <a href=\"https:\/\/lalmachine.com\/wp-content\/uploads\/2024\/11\/150861F1-8F2D-4213-9241-F1BD7D9E24DC_1_201_a-scaled.jpeg\"><img loading=\"lazy\" decoding=\"async\" width=\"96\" height=\"96\" src=\"https:\/\/lalmachine.com\/wp-content\/uploads\/2024\/11\/150861F1-8F2D-4213-9241-F1BD7D9E24DC_1_201_a-scaled.jpeg\" class=\"attachment-thumbnail size-thumbnail\" alt=\"\" \/><\/a> <a href=\"https:\/\/lalmachine.com\/wp-content\/uploads\/2024\/11\/CD1BC916-7A3A-416C-8E68-23F24CB98F1C_1_201_a-scaled.jpeg\"><img loading=\"lazy\" decoding=\"async\" width=\"96\" height=\"96\" src=\"https:\/\/lalmachine.com\/wp-content\/uploads\/2024\/11\/CD1BC916-7A3A-416C-8E68-23F24CB98F1C_1_201_a-scaled.jpeg\" class=\"attachment-thumbnail size-thumbnail\" alt=\"\" \/><\/a> <a href=\"https:\/\/lalmachine.com\/wp-content\/uploads\/2024\/12\/9B74425E-1F63-4A63-A318-BC2581667EFF_1_201_a-scaled.jpeg\"><img loading=\"lazy\" decoding=\"async\" width=\"96\" height=\"96\" src=\"https:\/\/lalmachine.com\/wp-content\/uploads\/2024\/12\/9B74425E-1F63-4A63-A318-BC2581667EFF_1_201_a-scaled.jpeg\" class=\"attachment-thumbnail size-thumbnail\" alt=\"\" \/><\/a> <\/li>        <li class=\"wpuf-field-data wpuf-field-data-numeric_text_field\">\n                            <label>Prix:<\/label>\n                        520        <\/li>\n                <li class=\"wpuf-field-data wpuf-field-data-numeric_text_field\">\n                            <label>Quantit\u00e9:<\/label>\n                        0        <\/li>\n                <li class=\"wpuf-field-data wpuf-field-data-numeric_text_field\">\n                            <label>Hauteur (cm):<\/label>\n                        138        <\/li>\n                <li class=\"wpuf-field-data wpuf-field-data-numeric_text_field\">\n                            <label>Largeur (cm):<\/label>\n                        43        <\/li>\n                <li class=\"wpuf-field-data wpuf-field-data-numeric_text_field\">\n                            <label>Profondeur (cm):<\/label>\n                        43        <\/li>\n        <\/ul>","protected":false},"excerpt":{"rendered":"<p>Cette tour de sph\u00e8res en c\u00e9ramique pistache noisette est saisissante par son envergure. S&rsquo;\u00e9levant \u00e0 plus de 130cm de hauteur au total, cette la lampe Jasba est aussi somptueuse qu&rsquo;insolite.<\/p>\n<p>Une fois \u00e9clair\u00e9e, l&rsquo;abat jour resplendit en laissant apparaitre un d\u00e9licat travail de texture sur toute sa hauteur, les reflets \u00e9clatant de la c\u00e9ramique verte quant \u00e0 eux, s&rsquo;entrem\u00ealent avec les autres tons mordor\u00e9s du pieds pour un r\u00e9sultat final \u00e9blouissant et quelque peu f\u00e9\u00e9rique.<\/p>\n<p>Installez la au sol ou sur une grande table, elle deviendra l&rsquo;objet phare de votre int\u00e9rieur en cr\u00e9ant une ambiance chaleureuse et r\u00e9confortante.<\/p>\n<p>Ce mod\u00e8le est rare par sa taille, son \u00e9tat et le choix des couleurs et des formes intemporelles pouvant s&rsquo;accorder avec presque tous les types de d\u00e9coration.<\/p>","protected":false},"featured_media":344530,"template":"","meta":{"_et_pb_use_builder":"","_et_pb_old_content":"","_et_gb_content_width":""},"product_brand":[],"product_cat":[49,89],"product_tag":[],"proximite":[283,179],"class_list":{"0":"post-339575","1":"product","2":"type-product","3":"status-publish","4":"has-post-thumbnail","6":"product_cat-eclairer","7":"product_cat-lampe-sur-pied","8":"pa_couleur-marron","9":"pa_etat-bon-etat","10":"pa_materiau-ceramique","11":"pa_style-vintage","12":"proximite-riviera-pays-denhaut","13":"proximite-vaud","15":"first","16":"outofstock","17":"sale","18":"shipping-taxable","19":"purchasable","20":"product-type-simple"},"yoast_head":"<!-- This site is optimized with the Yoast SEO plugin v27.4 - https:\/\/yoast.com\/product\/yoast-seo-wordpress\/ -->\n<title>Lampe sculpturale en c\u00e9ramique, Jasba, Allemagne, 1970&#039;s | lalmachine.com<\/title>\n<meta name=\"description\" content=\"Lampe sculpturale en c\u00e9ramique, Jasba, Allemagne, 1970&#039;s\" \/>\n<meta name=\"robots\" content=\"index, follow, max-snippet:-1, max-image-preview:large, max-video-preview:-1\" \/>\n<link rel=\"canonical\" href=\"https:\/\/lalmachine.com\/de\/shop\/eclairer\/lampe-sur-pied\/lampe-sculpturale-en-ceramique-jasba-allemagne-1970s\/\" \/>\n<meta property=\"og:locale\" content=\"de_DE\" \/>\n<meta property=\"og:type\" content=\"article\" \/>\n<meta property=\"og:title\" content=\"Lampe sculpturale en c\u00e9ramique, Jasba, Allemagne, 1970&#039;s | lalmachine.com\" \/>\n<meta property=\"og:description\" content=\"Lampe sculpturale en c\u00e9ramique, Jasba, Allemagne, 1970&#039;s\" \/>\n<meta property=\"og:url\" content=\"https:\/\/lalmachine.com\/de\/shop\/eclairer\/lampe-sur-pied\/lampe-sculpturale-en-ceramique-jasba-allemagne-1970s\/\" \/>\n<meta property=\"og:site_name\" content=\"lalmachine.com\" \/>\n<meta property=\"article:publisher\" content=\"https:\/\/facebook.com\/lalmachine\" \/>\n<meta property=\"article:modified_time\" content=\"2025-07-03T15:22:21+00:00\" \/>\n<meta property=\"og:image\" content=\"https:\/\/lalmachine.com\/wp-content\/uploads\/2024\/12\/Lampe-ceramique-Photoroom_clipped_rev_1.jpeg\" \/>\n\t<meta property=\"og:image:width\" content=\"2041\" \/>\n\t<meta property=\"og:image:height\" content=\"2040\" \/>\n\t<meta property=\"og:image:type\" content=\"image\/jpeg\" \/>\n<meta name=\"twitter:card\" content=\"summary_large_image\" \/>\n<script type=\"application\/ld+json\" class=\"yoast-schema-graph\">{\"@context\":\"https:\\\/\\\/schema.org\",\"@graph\":[{\"@type\":\"WebPage\",\"@id\":\"https:\\\/\\\/lalmachine.com\\\/shop\\\/eclairer\\\/lampe-sur-pied\\\/lampe-sculpturale-en-ceramique-jasba-allemagne-1970s\\\/\",\"url\":\"https:\\\/\\\/lalmachine.com\\\/shop\\\/eclairer\\\/lampe-sur-pied\\\/lampe-sculpturale-en-ceramique-jasba-allemagne-1970s\\\/\",\"name\":\"Lampe sculpturale en c\u00e9ramique, Jasba, Allemagne, 1970's | lalmachine.com\",\"isPartOf\":{\"@id\":\"https:\\\/\\\/lalmachine.com\\\/#website\"},\"primaryImageOfPage\":{\"@id\":\"https:\\\/\\\/lalmachine.com\\\/shop\\\/eclairer\\\/lampe-sur-pied\\\/lampe-sculpturale-en-ceramique-jasba-allemagne-1970s\\\/#primaryimage\"},\"image\":{\"@id\":\"https:\\\/\\\/lalmachine.com\\\/shop\\\/eclairer\\\/lampe-sur-pied\\\/lampe-sculpturale-en-ceramique-jasba-allemagne-1970s\\\/#primaryimage\"},\"thumbnailUrl\":\"https:\\\/\\\/lalmachine.com\\\/wp-content\\\/uploads\\\/2024\\\/12\\\/Lampe-ceramique-Photoroom_clipped_rev_1.jpeg\",\"datePublished\":\"2024-12-12T17:49:00+00:00\",\"dateModified\":\"2025-07-03T15:22:21+00:00\",\"description\":\"Lampe sculpturale en c\u00e9ramique, Jasba, Allemagne, 1970's\",\"breadcrumb\":{\"@id\":\"https:\\\/\\\/lalmachine.com\\\/shop\\\/eclairer\\\/lampe-sur-pied\\\/lampe-sculpturale-en-ceramique-jasba-allemagne-1970s\\\/#breadcrumb\"},\"inLanguage\":\"de\",\"potentialAction\":[{\"@type\":\"ReadAction\",\"target\":[\"https:\\\/\\\/lalmachine.com\\\/shop\\\/eclairer\\\/lampe-sur-pied\\\/lampe-sculpturale-en-ceramique-jasba-allemagne-1970s\\\/\"]}]},{\"@type\":\"ImageObject\",\"inLanguage\":\"de\",\"@id\":\"https:\\\/\\\/lalmachine.com\\\/shop\\\/eclairer\\\/lampe-sur-pied\\\/lampe-sculpturale-en-ceramique-jasba-allemagne-1970s\\\/#primaryimage\",\"url\":\"https:\\\/\\\/lalmachine.com\\\/wp-content\\\/uploads\\\/2024\\\/12\\\/Lampe-ceramique-Photoroom_clipped_rev_1.jpeg\",\"contentUrl\":\"https:\\\/\\\/lalmachine.com\\\/wp-content\\\/uploads\\\/2024\\\/12\\\/Lampe-ceramique-Photoroom_clipped_rev_1.jpeg\",\"width\":2041,\"height\":2040},{\"@type\":\"BreadcrumbList\",\"@id\":\"https:\\\/\\\/lalmachine.com\\\/shop\\\/eclairer\\\/lampe-sur-pied\\\/lampe-sculpturale-en-ceramique-jasba-allemagne-1970s\\\/#breadcrumb\",\"itemListElement\":[{\"@type\":\"ListItem\",\"position\":1,\"name\":\"Accueil\",\"item\":\"https:\\\/\\\/lalmachine.com\\\/\"},{\"@type\":\"ListItem\",\"position\":2,\"name\":\"Shop\",\"item\":\"https:\\\/\\\/lalmachine.com\\\/shop\\\/\"},{\"@type\":\"ListItem\",\"position\":3,\"name\":\"Lampe sculpturale en c\u00e9ramique, Jasba, Allemagne, 1970&#8217;s\"}]},{\"@type\":\"WebSite\",\"@id\":\"https:\\\/\\\/lalmachine.com\\\/#website\",\"url\":\"https:\\\/\\\/lalmachine.com\\\/\",\"name\":\"lalmachine.com\",\"description\":\"Brocante en ligne Suisse | Mobilier et objets d\u00e9co vintage et design\",\"potentialAction\":[{\"@type\":\"SearchAction\",\"target\":{\"@type\":\"EntryPoint\",\"urlTemplate\":\"https:\\\/\\\/lalmachine.com\\\/?s={search_term_string}\"},\"query-input\":{\"@type\":\"PropertyValueSpecification\",\"valueRequired\":true,\"valueName\":\"search_term_string\"}}],\"inLanguage\":\"de\"}]}<\/script>\n<!-- \/ Yoast SEO plugin. -->","yoast_head_json":{"title":"Lampe sculpturale en c\u00e9ramique, Jasba, Allemagne, 1970's | lalmachine.com","description":"Lampe sculpturale en c\u00e9ramique, Jasba, Allemagne, 1970's","robots":{"index":"index","follow":"follow","max-snippet":"max-snippet:-1","max-image-preview":"max-image-preview:large","max-video-preview":"max-video-preview:-1"},"canonical":"https:\/\/lalmachine.com\/de\/shop\/eclairer\/lampe-sur-pied\/lampe-sculpturale-en-ceramique-jasba-allemagne-1970s\/","og_locale":"de_DE","og_type":"article","og_title":"Lampe sculpturale en c\u00e9ramique, Jasba, Allemagne, 1970's | lalmachine.com","og_description":"Lampe sculpturale en c\u00e9ramique, Jasba, Allemagne, 1970's","og_url":"https:\/\/lalmachine.com\/de\/shop\/eclairer\/lampe-sur-pied\/lampe-sculpturale-en-ceramique-jasba-allemagne-1970s\/","og_site_name":"lalmachine.com","article_publisher":"https:\/\/facebook.com\/lalmachine","article_modified_time":"2025-07-03T15:22:21+00:00","og_image":[{"width":2041,"height":2040,"url":"https:\/\/lalmachine.com\/wp-content\/uploads\/2024\/12\/Lampe-ceramique-Photoroom_clipped_rev_1.jpeg","type":"image\/jpeg"}],"twitter_card":"summary_large_image","schema":{"@context":"https:\/\/schema.org","@graph":[{"@type":"WebPage","@id":"https:\/\/lalmachine.com\/shop\/eclairer\/lampe-sur-pied\/lampe-sculpturale-en-ceramique-jasba-allemagne-1970s\/","url":"https:\/\/lalmachine.com\/shop\/eclairer\/lampe-sur-pied\/lampe-sculpturale-en-ceramique-jasba-allemagne-1970s\/","name":"Lampe sculpturale en c\u00e9ramique, Jasba, Allemagne, 1970's | lalmachine.com","isPartOf":{"@id":"https:\/\/lalmachine.com\/#website"},"primaryImageOfPage":{"@id":"https:\/\/lalmachine.com\/shop\/eclairer\/lampe-sur-pied\/lampe-sculpturale-en-ceramique-jasba-allemagne-1970s\/#primaryimage"},"image":{"@id":"https:\/\/lalmachine.com\/shop\/eclairer\/lampe-sur-pied\/lampe-sculpturale-en-ceramique-jasba-allemagne-1970s\/#primaryimage"},"thumbnailUrl":"https:\/\/lalmachine.com\/wp-content\/uploads\/2024\/12\/Lampe-ceramique-Photoroom_clipped_rev_1.jpeg","datePublished":"2024-12-12T17:49:00+00:00","dateModified":"2025-07-03T15:22:21+00:00","description":"Lampe sculpturale en c\u00e9ramique, Jasba, Allemagne, 1970's","breadcrumb":{"@id":"https:\/\/lalmachine.com\/shop\/eclairer\/lampe-sur-pied\/lampe-sculpturale-en-ceramique-jasba-allemagne-1970s\/#breadcrumb"},"inLanguage":"de","potentialAction":[{"@type":"ReadAction","target":["https:\/\/lalmachine.com\/shop\/eclairer\/lampe-sur-pied\/lampe-sculpturale-en-ceramique-jasba-allemagne-1970s\/"]}]},{"@type":"ImageObject","inLanguage":"de","@id":"https:\/\/lalmachine.com\/shop\/eclairer\/lampe-sur-pied\/lampe-sculpturale-en-ceramique-jasba-allemagne-1970s\/#primaryimage","url":"https:\/\/lalmachine.com\/wp-content\/uploads\/2024\/12\/Lampe-ceramique-Photoroom_clipped_rev_1.jpeg","contentUrl":"https:\/\/lalmachine.com\/wp-content\/uploads\/2024\/12\/Lampe-ceramique-Photoroom_clipped_rev_1.jpeg","width":2041,"height":2040},{"@type":"BreadcrumbList","@id":"https:\/\/lalmachine.com\/shop\/eclairer\/lampe-sur-pied\/lampe-sculpturale-en-ceramique-jasba-allemagne-1970s\/#breadcrumb","itemListElement":[{"@type":"ListItem","position":1,"name":"Accueil","item":"https:\/\/lalmachine.com\/"},{"@type":"ListItem","position":2,"name":"Shop","item":"https:\/\/lalmachine.com\/shop\/"},{"@type":"ListItem","position":3,"name":"Lampe sculpturale en c\u00e9ramique, Jasba, Allemagne, 1970&#8217;s"}]},{"@type":"WebSite","@id":"https:\/\/lalmachine.com\/#website","url":"https:\/\/lalmachine.com\/","name":"lalmachine.com","description":"Brocante en ligne Suisse | Mobilier et objets d\u00e9co vintage et design","potentialAction":[{"@type":"SearchAction","target":{"@type":"EntryPoint","urlTemplate":"https:\/\/lalmachine.com\/?s={search_term_string}"},"query-input":{"@type":"PropertyValueSpecification","valueRequired":true,"valueName":"search_term_string"}}],"inLanguage":"de"}]}},"_links":{"self":[{"href":"https:\/\/lalmachine.com\/de\/wp-json\/wp\/v2\/product\/339575","targetHints":{"allow":["GET"]}}],"collection":[{"href":"https:\/\/lalmachine.com\/de\/wp-json\/wp\/v2\/product"}],"about":[{"href":"https:\/\/lalmachine.com\/de\/wp-json\/wp\/v2\/types\/product"}],"wp:featuredmedia":[{"embeddable":true,"href":"https:\/\/lalmachine.com\/de\/wp-json\/wp\/v2\/media\/344530"}],"wp:attachment":[{"href":"https:\/\/lalmachine.com\/de\/wp-json\/wp\/v2\/media?parent=339575"}],"wp:term":[{"taxonomy":"product_brand","embeddable":true,"href":"https:\/\/lalmachine.com\/de\/wp-json\/wp\/v2\/product_brand?post=339575"},{"taxonomy":"product_cat","embeddable":true,"href":"https:\/\/lalmachine.com\/de\/wp-json\/wp\/v2\/product_cat?post=339575"},{"taxonomy":"product_tag","embeddable":true,"href":"https:\/\/lalmachine.com\/de\/wp-json\/wp\/v2\/product_tag?post=339575"},{"taxonomy":"proximite","embeddable":true,"href":"https:\/\/lalmachine.com\/de\/wp-json\/wp\/v2\/proximite?post=339575"}],"curies":[{"name":"wp","href":"https:\/\/api.w.org\/{rel}","templated":true}]}}