{"id":340633,"date":"2025-01-21T18:56:06","date_gmt":"2025-01-21T17:56:06","guid":{"rendered":"https:\/\/lalmachine.com\/?post_type=product&#038;p=340633"},"modified":"2025-01-21T18:56:07","modified_gmt":"2025-01-21T17:56:07","slug":"plat-en-cristal-par-walther-kristallglas","status":"publish","type":"product","link":"https:\/\/lalmachine.com\/de\/shop\/decorer\/decoration\/plat-en-cristal-par-walther-kristallglas\/","title":{"rendered":"Plat en cristal par Walther Kristallglas"},"content":{"rendered":"<ul class=\"wpuf_customs\"><li style=\"list-style-type:none;\"><label>Autres photos:<\/label> <a href=\"https:\/\/lalmachine.com\/wp-content\/uploads\/2025\/01\/BFA886CF-F916-478E-901B-723BBCBE6095-scaled.jpeg\"><img loading=\"lazy\" decoding=\"async\" width=\"88\" height=\"96\" src=\"https:\/\/lalmachine.com\/wp-content\/uploads\/2025\/01\/BFA886CF-F916-478E-901B-723BBCBE6095-scaled.jpeg\" class=\"attachment-thumbnail size-thumbnail\" alt=\"\" \/><\/a> <a href=\"https:\/\/lalmachine.com\/wp-content\/uploads\/2025\/01\/D26B7ACA-CE3B-46B6-BD4E-C545C316E7AF-scaled.jpeg\"><img loading=\"lazy\" decoding=\"async\" width=\"72\" height=\"96\" src=\"https:\/\/lalmachine.com\/wp-content\/uploads\/2025\/01\/D26B7ACA-CE3B-46B6-BD4E-C545C316E7AF-scaled.jpeg\" class=\"attachment-thumbnail size-thumbnail\" alt=\"\" \/><\/a> <a href=\"https:\/\/lalmachine.com\/wp-content\/uploads\/2025\/01\/CE9F2F29-6F83-4958-AB44-26F1EF72B47B-scaled.jpeg\"><img loading=\"lazy\" decoding=\"async\" width=\"85\" height=\"96\" src=\"https:\/\/lalmachine.com\/wp-content\/uploads\/2025\/01\/CE9F2F29-6F83-4958-AB44-26F1EF72B47B-scaled.jpeg\" class=\"attachment-thumbnail size-thumbnail\" alt=\"\" \/><\/a> <a href=\"https:\/\/lalmachine.com\/wp-content\/uploads\/2025\/01\/161E6E11-C534-401B-852C-AA195083EB7F-scaled.jpeg\"><img loading=\"lazy\" decoding=\"async\" width=\"72\" height=\"96\" src=\"https:\/\/lalmachine.com\/wp-content\/uploads\/2025\/01\/161E6E11-C534-401B-852C-AA195083EB7F-scaled.jpeg\" class=\"attachment-thumbnail size-thumbnail\" alt=\"\" \/><\/a> <a href=\"https:\/\/lalmachine.com\/wp-content\/uploads\/2025\/01\/0A60F296-9719-42BF-A957-5F023C347AF2-scaled.jpeg\"><img loading=\"lazy\" decoding=\"async\" width=\"64\" height=\"96\" src=\"https:\/\/lalmachine.com\/wp-content\/uploads\/2025\/01\/0A60F296-9719-42BF-A957-5F023C347AF2-scaled.jpeg\" class=\"attachment-thumbnail size-thumbnail\" alt=\"\" \/><\/a> <a href=\"https:\/\/lalmachine.com\/wp-content\/uploads\/2025\/01\/6BAE984A-C795-4434-86F0-E460B8949E3E-scaled.jpeg\"><img loading=\"lazy\" decoding=\"async\" width=\"72\" height=\"96\" src=\"https:\/\/lalmachine.com\/wp-content\/uploads\/2025\/01\/6BAE984A-C795-4434-86F0-E460B8949E3E-scaled.jpeg\" class=\"attachment-thumbnail size-thumbnail\" alt=\"\" \/><\/a> <a href=\"https:\/\/lalmachine.com\/wp-content\/uploads\/2025\/01\/86479FC8-7A38-4811-BF0F-0D516CC8959A-scaled.jpeg\"><img loading=\"lazy\" decoding=\"async\" width=\"72\" height=\"96\" src=\"https:\/\/lalmachine.com\/wp-content\/uploads\/2025\/01\/86479FC8-7A38-4811-BF0F-0D516CC8959A-scaled.jpeg\" class=\"attachment-thumbnail size-thumbnail\" alt=\"\" \/><\/a> <a href=\"https:\/\/lalmachine.com\/wp-content\/uploads\/2025\/01\/AAD6D49C-0EF6-4AF1-A5B8-A2D44D153670-scaled.jpeg\"><img loading=\"lazy\" decoding=\"async\" width=\"72\" height=\"96\" src=\"https:\/\/lalmachine.com\/wp-content\/uploads\/2025\/01\/AAD6D49C-0EF6-4AF1-A5B8-A2D44D153670-scaled.jpeg\" class=\"attachment-thumbnail size-thumbnail\" alt=\"\" \/><\/a> <a href=\"https:\/\/lalmachine.com\/wp-content\/uploads\/2025\/01\/0AECA8E5-735A-4870-997B-29B7144F3202-scaled.jpeg\"><img loading=\"lazy\" decoding=\"async\" width=\"92\" height=\"96\" src=\"https:\/\/lalmachine.com\/wp-content\/uploads\/2025\/01\/0AECA8E5-735A-4870-997B-29B7144F3202-scaled.jpeg\" class=\"attachment-thumbnail size-thumbnail\" alt=\"\" \/><\/a> <a href=\"https:\/\/lalmachine.com\/wp-content\/uploads\/2025\/01\/A955955A-2854-4DCC-82FA-DA6ED8C88DF4-scaled.jpeg\"><img loading=\"lazy\" decoding=\"async\" width=\"71\" height=\"96\" src=\"https:\/\/lalmachine.com\/wp-content\/uploads\/2025\/01\/A955955A-2854-4DCC-82FA-DA6ED8C88DF4-scaled.jpeg\" class=\"attachment-thumbnail size-thumbnail\" alt=\"\" \/><\/a> <a href=\"https:\/\/lalmachine.com\/wp-content\/uploads\/2025\/01\/8F5F3BBE-F411-4C01-AAA7-441FE29325C5-scaled.jpeg\"><img loading=\"lazy\" decoding=\"async\" width=\"57\" height=\"96\" src=\"https:\/\/lalmachine.com\/wp-content\/uploads\/2025\/01\/8F5F3BBE-F411-4C01-AAA7-441FE29325C5-scaled.jpeg\" class=\"attachment-thumbnail size-thumbnail\" alt=\"\" \/><\/a> <a href=\"https:\/\/lalmachine.com\/wp-content\/uploads\/2025\/01\/3CFDD250-538D-45C0-9449-484D885BA08F-scaled.jpeg\"><img loading=\"lazy\" decoding=\"async\" width=\"72\" height=\"96\" src=\"https:\/\/lalmachine.com\/wp-content\/uploads\/2025\/01\/3CFDD250-538D-45C0-9449-484D885BA08F-scaled.jpeg\" class=\"attachment-thumbnail size-thumbnail\" alt=\"\" \/><\/a> <a href=\"https:\/\/lalmachine.com\/wp-content\/uploads\/2025\/01\/9B8C3CD2-846F-4B2C-8148-4178057D8177-scaled.jpeg\"><img loading=\"lazy\" decoding=\"async\" width=\"100\" height=\"96\" src=\"https:\/\/lalmachine.com\/wp-content\/uploads\/2025\/01\/9B8C3CD2-846F-4B2C-8148-4178057D8177-scaled.jpeg\" class=\"attachment-thumbnail size-thumbnail\" alt=\"\" \/><\/a> <a href=\"https:\/\/lalmachine.com\/wp-content\/uploads\/2025\/01\/807F33A2-9AC0-4B51-AEE6-03788C7D5E01-scaled.jpeg\"><img loading=\"lazy\" decoding=\"async\" width=\"89\" height=\"96\" src=\"https:\/\/lalmachine.com\/wp-content\/uploads\/2025\/01\/807F33A2-9AC0-4B51-AEE6-03788C7D5E01-scaled.jpeg\" class=\"attachment-thumbnail size-thumbnail\" alt=\"\" \/><\/a> <a href=\"https:\/\/lalmachine.com\/wp-content\/uploads\/2025\/01\/6F5446AE-FC6D-4E5D-B1E1-4D844F1E4FCF-scaled.jpeg\"><img loading=\"lazy\" decoding=\"async\" width=\"72\" height=\"96\" src=\"https:\/\/lalmachine.com\/wp-content\/uploads\/2025\/01\/6F5446AE-FC6D-4E5D-B1E1-4D844F1E4FCF-scaled.jpeg\" class=\"attachment-thumbnail size-thumbnail\" alt=\"\" \/><\/a> <\/li>        <li class=\"wpuf-field-data wpuf-field-data-numeric_text_field\">\n                            <label>Prix:<\/label>\n                        66        <\/li>\n                <li class=\"wpuf-field-data wpuf-field-data-numeric_text_field\">\n                            <label>Quantit\u00e9:<\/label>\n                        1        <\/li>\n                <li class=\"wpuf-field-data wpuf-field-data-numeric_text_field\">\n                            <label>Hauteur (cm):<\/label>\n                        5        <\/li>\n                <li class=\"wpuf-field-data wpuf-field-data-numeric_text_field\">\n                            <label>Largeur (cm):<\/label>\n                        23        <\/li>\n                <li class=\"wpuf-field-data wpuf-field-data-numeric_text_field\">\n                            <label>Profondeur (cm):<\/label>\n                        23        <\/li>\n        <\/ul>","protected":false},"excerpt":{"rendered":"<p>Ajoutez une touche de glamour vintage \u00e0 vos<br \/>\nr\u00e9ceptions avec ce bol divis\u00e9 en 4 compartiments.<br \/>\nCe mod\u00e8le s&rsquo;appelle Bol\u00e9ro Kabarett et pr\u00e9sente un design \u00e0 bulles accrocheur.<br \/>\nParfait pour servir des collations et des ap\u00e9ritifs.<br \/>\nLes zones divis\u00e9es facilitent la pr\u00e9sentation de diff\u00e9rentes friandise.<br \/>\nPlateau de service unique qui allie style,<br \/>\nfonctionnalit\u00e9 et une touche de glamour dans une seule pi\u00e8ce exquise.<\/p>\n<p>La verrerie Walther, fond\u00e9e en Saxe en 1865,<br \/>\na \u00e9t\u00e9 reprise par le gouvernement est-<br \/>\nallemand en 1950 et rouverte en 1951 depuis<br \/>\nla ville de Siebenstern.<\/p>\n<p>Livr\u00e9 avec bo\u00eete d&rsquo;origine.<\/p>","protected":false},"featured_media":340706,"template":"","meta":{"_et_pb_use_builder":"","_et_pb_old_content":"","_et_gb_content_width":""},"product_brand":[],"product_cat":[94,50],"product_tag":[],"proximite":[281,179],"class_list":{"0":"post-340633","1":"product","2":"type-product","3":"status-publish","4":"has-post-thumbnail","6":"product_cat-decoration","7":"product_cat-decorer","8":"product_shipping_class-fragile-11-5","9":"pa_couleur-transparent","10":"pa_designer-autres-designers","11":"pa_etat-tres-bon-etat","12":"pa_materiau-verre","13":"pa_style-vintage","14":"proximite-nyon","15":"proximite-vaud","17":"first","18":"instock","19":"shipping-taxable","20":"purchasable","21":"product-type-simple"},"yoast_head":"<!-- This site is optimized with the Yoast SEO plugin v27.3 - https:\/\/yoast.com\/product\/yoast-seo-wordpress\/ -->\n<title>Plat en cristal par Walther Kristallglas | lalmachine.com, mobilier et objets d\u00e9co vintage et design<\/title>\n<meta name=\"description\" content=\"Plat en cristal par Walther Kristallglas, mod\u00e8le Bol\u00e9ro Kabarett\" \/>\n<meta name=\"robots\" content=\"index, follow, max-snippet:-1, max-image-preview:large, max-video-preview:-1\" \/>\n<link rel=\"canonical\" href=\"https:\/\/lalmachine.com\/de\/shop\/decorer\/decoration\/plat-en-cristal-par-walther-kristallglas\/\" \/>\n<meta property=\"og:locale\" content=\"de_DE\" \/>\n<meta property=\"og:type\" content=\"article\" \/>\n<meta property=\"og:title\" content=\"Plat en cristal par Walther Kristallglas | lalmachine.com, mobilier et objets d\u00e9co vintage et design\" \/>\n<meta property=\"og:description\" content=\"Plat en cristal par Walther Kristallglas, mod\u00e8le Bol\u00e9ro Kabarett\" \/>\n<meta property=\"og:url\" content=\"https:\/\/lalmachine.com\/de\/shop\/decorer\/decoration\/plat-en-cristal-par-walther-kristallglas\/\" \/>\n<meta property=\"og:site_name\" content=\"lalmachine.com\" \/>\n<meta property=\"article:publisher\" content=\"https:\/\/facebook.com\/lalmachine\" \/>\n<meta property=\"article:modified_time\" content=\"2025-01-21T17:56:07+00:00\" \/>\n<meta property=\"og:image\" content=\"https:\/\/lalmachine.com\/wp-content\/uploads\/2025\/01\/D8BD2AEA-B0DD-411D-9BC3-165AE9C95C42-scaled_clipped_rev_1-scaled.jpeg\" \/>\n\t<meta property=\"og:image:width\" content=\"2560\" \/>\n\t<meta property=\"og:image:height\" content=\"2560\" \/>\n\t<meta property=\"og:image:type\" content=\"image\/jpeg\" \/>\n<meta name=\"twitter:card\" content=\"summary_large_image\" \/>\n<script type=\"application\/ld+json\" class=\"yoast-schema-graph\">{\"@context\":\"https:\\\/\\\/schema.org\",\"@graph\":[{\"@type\":\"WebPage\",\"@id\":\"https:\\\/\\\/lalmachine.com\\\/shop\\\/decorer\\\/decoration\\\/plat-en-cristal-par-walther-kristallglas\\\/\",\"url\":\"https:\\\/\\\/lalmachine.com\\\/shop\\\/decorer\\\/decoration\\\/plat-en-cristal-par-walther-kristallglas\\\/\",\"name\":\"Plat en cristal par Walther Kristallglas | lalmachine.com, mobilier et objets d\u00e9co vintage et design\",\"isPartOf\":{\"@id\":\"https:\\\/\\\/lalmachine.com\\\/#website\"},\"primaryImageOfPage\":{\"@id\":\"https:\\\/\\\/lalmachine.com\\\/shop\\\/decorer\\\/decoration\\\/plat-en-cristal-par-walther-kristallglas\\\/#primaryimage\"},\"image\":{\"@id\":\"https:\\\/\\\/lalmachine.com\\\/shop\\\/decorer\\\/decoration\\\/plat-en-cristal-par-walther-kristallglas\\\/#primaryimage\"},\"thumbnailUrl\":\"https:\\\/\\\/lalmachine.com\\\/wp-content\\\/uploads\\\/2025\\\/01\\\/D8BD2AEA-B0DD-411D-9BC3-165AE9C95C42-scaled_clipped_rev_1-scaled.jpeg\",\"datePublished\":\"2025-01-21T17:56:06+00:00\",\"dateModified\":\"2025-01-21T17:56:07+00:00\",\"description\":\"Plat en cristal par Walther Kristallglas, mod\u00e8le Bol\u00e9ro Kabarett\",\"breadcrumb\":{\"@id\":\"https:\\\/\\\/lalmachine.com\\\/shop\\\/decorer\\\/decoration\\\/plat-en-cristal-par-walther-kristallglas\\\/#breadcrumb\"},\"inLanguage\":\"de\",\"potentialAction\":[{\"@type\":\"ReadAction\",\"target\":[\"https:\\\/\\\/lalmachine.com\\\/shop\\\/decorer\\\/decoration\\\/plat-en-cristal-par-walther-kristallglas\\\/\"]}]},{\"@type\":\"ImageObject\",\"inLanguage\":\"de\",\"@id\":\"https:\\\/\\\/lalmachine.com\\\/shop\\\/decorer\\\/decoration\\\/plat-en-cristal-par-walther-kristallglas\\\/#primaryimage\",\"url\":\"https:\\\/\\\/lalmachine.com\\\/wp-content\\\/uploads\\\/2025\\\/01\\\/D8BD2AEA-B0DD-411D-9BC3-165AE9C95C42-scaled_clipped_rev_1-scaled.jpeg\",\"contentUrl\":\"https:\\\/\\\/lalmachine.com\\\/wp-content\\\/uploads\\\/2025\\\/01\\\/D8BD2AEA-B0DD-411D-9BC3-165AE9C95C42-scaled_clipped_rev_1-scaled.jpeg\",\"width\":2560,\"height\":2560},{\"@type\":\"BreadcrumbList\",\"@id\":\"https:\\\/\\\/lalmachine.com\\\/shop\\\/decorer\\\/decoration\\\/plat-en-cristal-par-walther-kristallglas\\\/#breadcrumb\",\"itemListElement\":[{\"@type\":\"ListItem\",\"position\":1,\"name\":\"Accueil\",\"item\":\"https:\\\/\\\/lalmachine.com\\\/\"},{\"@type\":\"ListItem\",\"position\":2,\"name\":\"Shop\",\"item\":\"https:\\\/\\\/lalmachine.com\\\/shop\\\/\"},{\"@type\":\"ListItem\",\"position\":3,\"name\":\"Plat en cristal par Walther Kristallglas\"}]},{\"@type\":\"WebSite\",\"@id\":\"https:\\\/\\\/lalmachine.com\\\/#website\",\"url\":\"https:\\\/\\\/lalmachine.com\\\/\",\"name\":\"lalmachine.com\",\"description\":\"Brocante en ligne Suisse | Mobilier et objets d\u00e9co vintage et design\",\"potentialAction\":[{\"@type\":\"SearchAction\",\"target\":{\"@type\":\"EntryPoint\",\"urlTemplate\":\"https:\\\/\\\/lalmachine.com\\\/?s={search_term_string}\"},\"query-input\":{\"@type\":\"PropertyValueSpecification\",\"valueRequired\":true,\"valueName\":\"search_term_string\"}}],\"inLanguage\":\"de\"}]}<\/script>\n<!-- \/ Yoast SEO plugin. -->","yoast_head_json":{"title":"Plat en cristal par Walther Kristallglas | lalmachine.com, mobilier et objets d\u00e9co vintage et design","description":"Plat en cristal par Walther Kristallglas, mod\u00e8le Bol\u00e9ro Kabarett","robots":{"index":"index","follow":"follow","max-snippet":"max-snippet:-1","max-image-preview":"max-image-preview:large","max-video-preview":"max-video-preview:-1"},"canonical":"https:\/\/lalmachine.com\/de\/shop\/decorer\/decoration\/plat-en-cristal-par-walther-kristallglas\/","og_locale":"de_DE","og_type":"article","og_title":"Plat en cristal par Walther Kristallglas | lalmachine.com, mobilier et objets d\u00e9co vintage et design","og_description":"Plat en cristal par Walther Kristallglas, mod\u00e8le Bol\u00e9ro Kabarett","og_url":"https:\/\/lalmachine.com\/de\/shop\/decorer\/decoration\/plat-en-cristal-par-walther-kristallglas\/","og_site_name":"lalmachine.com","article_publisher":"https:\/\/facebook.com\/lalmachine","article_modified_time":"2025-01-21T17:56:07+00:00","og_image":[{"width":2560,"height":2560,"url":"https:\/\/lalmachine.com\/wp-content\/uploads\/2025\/01\/D8BD2AEA-B0DD-411D-9BC3-165AE9C95C42-scaled_clipped_rev_1-scaled.jpeg","type":"image\/jpeg"}],"twitter_card":"summary_large_image","schema":{"@context":"https:\/\/schema.org","@graph":[{"@type":"WebPage","@id":"https:\/\/lalmachine.com\/shop\/decorer\/decoration\/plat-en-cristal-par-walther-kristallglas\/","url":"https:\/\/lalmachine.com\/shop\/decorer\/decoration\/plat-en-cristal-par-walther-kristallglas\/","name":"Plat en cristal par Walther Kristallglas | lalmachine.com, mobilier et objets d\u00e9co vintage et design","isPartOf":{"@id":"https:\/\/lalmachine.com\/#website"},"primaryImageOfPage":{"@id":"https:\/\/lalmachine.com\/shop\/decorer\/decoration\/plat-en-cristal-par-walther-kristallglas\/#primaryimage"},"image":{"@id":"https:\/\/lalmachine.com\/shop\/decorer\/decoration\/plat-en-cristal-par-walther-kristallglas\/#primaryimage"},"thumbnailUrl":"https:\/\/lalmachine.com\/wp-content\/uploads\/2025\/01\/D8BD2AEA-B0DD-411D-9BC3-165AE9C95C42-scaled_clipped_rev_1-scaled.jpeg","datePublished":"2025-01-21T17:56:06+00:00","dateModified":"2025-01-21T17:56:07+00:00","description":"Plat en cristal par Walther Kristallglas, mod\u00e8le Bol\u00e9ro Kabarett","breadcrumb":{"@id":"https:\/\/lalmachine.com\/shop\/decorer\/decoration\/plat-en-cristal-par-walther-kristallglas\/#breadcrumb"},"inLanguage":"de","potentialAction":[{"@type":"ReadAction","target":["https:\/\/lalmachine.com\/shop\/decorer\/decoration\/plat-en-cristal-par-walther-kristallglas\/"]}]},{"@type":"ImageObject","inLanguage":"de","@id":"https:\/\/lalmachine.com\/shop\/decorer\/decoration\/plat-en-cristal-par-walther-kristallglas\/#primaryimage","url":"https:\/\/lalmachine.com\/wp-content\/uploads\/2025\/01\/D8BD2AEA-B0DD-411D-9BC3-165AE9C95C42-scaled_clipped_rev_1-scaled.jpeg","contentUrl":"https:\/\/lalmachine.com\/wp-content\/uploads\/2025\/01\/D8BD2AEA-B0DD-411D-9BC3-165AE9C95C42-scaled_clipped_rev_1-scaled.jpeg","width":2560,"height":2560},{"@type":"BreadcrumbList","@id":"https:\/\/lalmachine.com\/shop\/decorer\/decoration\/plat-en-cristal-par-walther-kristallglas\/#breadcrumb","itemListElement":[{"@type":"ListItem","position":1,"name":"Accueil","item":"https:\/\/lalmachine.com\/"},{"@type":"ListItem","position":2,"name":"Shop","item":"https:\/\/lalmachine.com\/shop\/"},{"@type":"ListItem","position":3,"name":"Plat en cristal par Walther Kristallglas"}]},{"@type":"WebSite","@id":"https:\/\/lalmachine.com\/#website","url":"https:\/\/lalmachine.com\/","name":"lalmachine.com","description":"Brocante en ligne Suisse | Mobilier et objets d\u00e9co vintage et design","potentialAction":[{"@type":"SearchAction","target":{"@type":"EntryPoint","urlTemplate":"https:\/\/lalmachine.com\/?s={search_term_string}"},"query-input":{"@type":"PropertyValueSpecification","valueRequired":true,"valueName":"search_term_string"}}],"inLanguage":"de"}]}},"_links":{"self":[{"href":"https:\/\/lalmachine.com\/de\/wp-json\/wp\/v2\/product\/340633","targetHints":{"allow":["GET"]}}],"collection":[{"href":"https:\/\/lalmachine.com\/de\/wp-json\/wp\/v2\/product"}],"about":[{"href":"https:\/\/lalmachine.com\/de\/wp-json\/wp\/v2\/types\/product"}],"wp:featuredmedia":[{"embeddable":true,"href":"https:\/\/lalmachine.com\/de\/wp-json\/wp\/v2\/media\/340706"}],"wp:attachment":[{"href":"https:\/\/lalmachine.com\/de\/wp-json\/wp\/v2\/media?parent=340633"}],"wp:term":[{"taxonomy":"product_brand","embeddable":true,"href":"https:\/\/lalmachine.com\/de\/wp-json\/wp\/v2\/product_brand?post=340633"},{"taxonomy":"product_cat","embeddable":true,"href":"https:\/\/lalmachine.com\/de\/wp-json\/wp\/v2\/product_cat?post=340633"},{"taxonomy":"product_tag","embeddable":true,"href":"https:\/\/lalmachine.com\/de\/wp-json\/wp\/v2\/product_tag?post=340633"},{"taxonomy":"proximite","embeddable":true,"href":"https:\/\/lalmachine.com\/de\/wp-json\/wp\/v2\/proximite?post=340633"}],"curies":[{"name":"wp","href":"https:\/\/api.w.org\/{rel}","templated":true}]}}