{"id":340636,"date":"2025-01-21T19:02:24","date_gmt":"2025-01-21T18:02:24","guid":{"rendered":"https:\/\/lalmachine.com\/?post_type=product&#038;p=340636"},"modified":"2025-03-19T09:03:13","modified_gmt":"2025-03-19T08:03:13","slug":"fauteul-knoll-modele-brno","status":"publish","type":"product","link":"https:\/\/lalmachine.com\/de\/shop\/sasseoir\/chaise\/fauteul-knoll-modele-brno\/","title":{"rendered":"Fauteul Knoll mod\u00e8le Brno"},"content":{"rendered":"<ul class=\"wpuf_customs\"><li style=\"list-style-type:none;\"><label>Autres photos:<\/label> <a href=\"https:\/\/lalmachine.com\/wp-content\/uploads\/2025\/01\/Knoll-Brno_2-scaled.jpg\"><img loading=\"lazy\" decoding=\"async\" width=\"72\" height=\"96\" src=\"https:\/\/lalmachine.com\/wp-content\/uploads\/2025\/01\/Knoll-Brno_2-scaled.jpg\" class=\"attachment-thumbnail size-thumbnail\" alt=\"\" \/><\/a> <\/li>        <li class=\"wpuf-field-data wpuf-field-data-numeric_text_field\">\n                            <label>Prix:<\/label>\n                        800        <\/li>\n                <li class=\"wpuf-field-data wpuf-field-data-numeric_text_field\">\n                            <label>Quantit\u00e9:<\/label>\n                        7        <\/li>\n                <li class=\"wpuf-field-data wpuf-field-data-numeric_text_field\">\n                            <label>Hauteur (cm):<\/label>\n                        79        <\/li>\n                <li class=\"wpuf-field-data wpuf-field-data-numeric_text_field\">\n                            <label>Largeur (cm):<\/label>\n                        58        <\/li>\n                <li class=\"wpuf-field-data wpuf-field-data-numeric_text_field\">\n                            <label>Profondeur (cm):<\/label>\n                        59        <\/li>\n        <\/ul>","protected":false},"excerpt":{"rendered":"<p>La chaise Knoll Brno est l&#8217;une des chaises cantilever en tube d&#8217;acier les plus \u00e9l\u00e9gantes produites dans le style Bauhaus. Con\u00e7ue en 1930 par Ludwig Mies van der Rohe et Lilly Reich, elle est recouverte de cuir et confortablement rembourr\u00e9 pour accueillir les participants pour des conf\u00e9rences de plusieurs heures. La chaise Brno est devenue une ic\u00f4ne du design du XXe si\u00e8cle gr\u00e2ce \u00e0 ses lignes claires et \u00e0 l&#8217;attention port\u00e9e aux d\u00e9tails jusqu&#8217;au rembourrage des accotoirs.<br \/>\nDimensions: Largeur: 58 cm \/ Profondeur: 59 cm \/ Hauteur: 79 cm \/ Hauteur d&#8217;assise: 46 cm<\/p>","protected":false},"featured_media":340707,"template":"","meta":{"_et_pb_use_builder":"","_et_pb_old_content":"","_et_gb_content_width":""},"product_brand":[],"product_cat":[100,48],"product_tag":[],"proximite":[198],"class_list":{"0":"post-340636","1":"product","2":"type-product","3":"status-publish","4":"has-post-thumbnail","6":"product_cat-chaise","7":"product_cat-sasseoir","8":"pa_couleur-noir","9":"pa_etat-tres-bon-etat","10":"pa_materiau-cuir","11":"pa_style-design","12":"proximite-bale-ville","14":"first","15":"instock","16":"shipping-taxable","17":"purchasable","18":"product-type-simple"},"yoast_head":"<!-- This site is optimized with the Yoast SEO plugin v27.4 - https:\/\/yoast.com\/product\/yoast-seo-wordpress\/ -->\n<title>Fauteul Knoll mod\u00e8le Brno | lalmachine.com<\/title>\n<meta name=\"description\" content=\"La chaise Knoll Brno est l&#039;une des chaises cantilever en tube d&#039;acier les plus \u00e9l\u00e9gantes produites dans le style Bauhaus.\" \/>\n<meta name=\"robots\" content=\"index, follow, max-snippet:-1, max-image-preview:large, max-video-preview:-1\" \/>\n<link rel=\"canonical\" href=\"https:\/\/lalmachine.com\/de\/shop\/sasseoir\/chaise\/fauteul-knoll-modele-brno\/\" \/>\n<meta property=\"og:locale\" content=\"de_DE\" \/>\n<meta property=\"og:type\" content=\"article\" \/>\n<meta property=\"og:title\" content=\"Fauteul Knoll mod\u00e8le Brno | lalmachine.com\" \/>\n<meta property=\"og:description\" content=\"La chaise Knoll Brno est l&#039;une des chaises cantilever en tube d&#039;acier les plus \u00e9l\u00e9gantes produites dans le style Bauhaus.\" \/>\n<meta property=\"og:url\" content=\"https:\/\/lalmachine.com\/de\/shop\/sasseoir\/chaise\/fauteul-knoll-modele-brno\/\" \/>\n<meta property=\"og:site_name\" content=\"lalmachine.com\" \/>\n<meta property=\"article:publisher\" content=\"https:\/\/facebook.com\/lalmachine\" \/>\n<meta property=\"article:modified_time\" content=\"2025-03-19T08:03:13+00:00\" \/>\n<meta property=\"og:image\" content=\"https:\/\/lalmachine.com\/wp-content\/uploads\/2025\/01\/Knoll-Brno_2-scaled_clipped_rev_1-scaled.jpeg\" \/>\n\t<meta property=\"og:image:width\" content=\"2560\" \/>\n\t<meta property=\"og:image:height\" content=\"2560\" \/>\n\t<meta property=\"og:image:type\" content=\"image\/jpeg\" \/>\n<meta name=\"twitter:card\" content=\"summary_large_image\" \/>\n<script type=\"application\/ld+json\" class=\"yoast-schema-graph\">{\"@context\":\"https:\\\/\\\/schema.org\",\"@graph\":[{\"@type\":\"WebPage\",\"@id\":\"https:\\\/\\\/lalmachine.com\\\/de\\\/shop\\\/sasseoir\\\/chaise\\\/fauteul-knoll-modele-brno\\\/\",\"url\":\"https:\\\/\\\/lalmachine.com\\\/de\\\/shop\\\/sasseoir\\\/chaise\\\/fauteul-knoll-modele-brno\\\/\",\"name\":\"Fauteul Knoll mod\u00e8le Brno | lalmachine.com\",\"isPartOf\":{\"@id\":\"https:\\\/\\\/lalmachine.com\\\/#website\"},\"primaryImageOfPage\":{\"@id\":\"https:\\\/\\\/lalmachine.com\\\/de\\\/shop\\\/sasseoir\\\/chaise\\\/fauteul-knoll-modele-brno\\\/#primaryimage\"},\"image\":{\"@id\":\"https:\\\/\\\/lalmachine.com\\\/de\\\/shop\\\/sasseoir\\\/chaise\\\/fauteul-knoll-modele-brno\\\/#primaryimage\"},\"thumbnailUrl\":\"https:\\\/\\\/lalmachine.com\\\/wp-content\\\/uploads\\\/2025\\\/01\\\/Knoll-Brno_2-scaled_clipped_rev_1-scaled.jpeg\",\"datePublished\":\"2025-01-21T18:02:24+00:00\",\"dateModified\":\"2025-03-19T08:03:13+00:00\",\"description\":\"La chaise Knoll Brno est l'une des chaises cantilever en tube d'acier les plus \u00e9l\u00e9gantes produites dans le style Bauhaus.\",\"breadcrumb\":{\"@id\":\"https:\\\/\\\/lalmachine.com\\\/de\\\/shop\\\/sasseoir\\\/chaise\\\/fauteul-knoll-modele-brno\\\/#breadcrumb\"},\"inLanguage\":\"de\",\"potentialAction\":[{\"@type\":\"ReadAction\",\"target\":[\"https:\\\/\\\/lalmachine.com\\\/de\\\/shop\\\/sasseoir\\\/chaise\\\/fauteul-knoll-modele-brno\\\/\"]}]},{\"@type\":\"ImageObject\",\"inLanguage\":\"de\",\"@id\":\"https:\\\/\\\/lalmachine.com\\\/de\\\/shop\\\/sasseoir\\\/chaise\\\/fauteul-knoll-modele-brno\\\/#primaryimage\",\"url\":\"https:\\\/\\\/lalmachine.com\\\/wp-content\\\/uploads\\\/2025\\\/01\\\/Knoll-Brno_2-scaled_clipped_rev_1-scaled.jpeg\",\"contentUrl\":\"https:\\\/\\\/lalmachine.com\\\/wp-content\\\/uploads\\\/2025\\\/01\\\/Knoll-Brno_2-scaled_clipped_rev_1-scaled.jpeg\",\"width\":2560,\"height\":2560},{\"@type\":\"BreadcrumbList\",\"@id\":\"https:\\\/\\\/lalmachine.com\\\/de\\\/shop\\\/sasseoir\\\/chaise\\\/fauteul-knoll-modele-brno\\\/#breadcrumb\",\"itemListElement\":[{\"@type\":\"ListItem\",\"position\":1,\"name\":\"Accueil\",\"item\":\"https:\\\/\\\/lalmachine.com\\\/\"},{\"@type\":\"ListItem\",\"position\":2,\"name\":\"Shop\",\"item\":\"https:\\\/\\\/lalmachine.com\\\/shop\\\/\"},{\"@type\":\"ListItem\",\"position\":3,\"name\":\"Fauteul Knoll mod\u00e8le Brno\"}]},{\"@type\":\"WebSite\",\"@id\":\"https:\\\/\\\/lalmachine.com\\\/#website\",\"url\":\"https:\\\/\\\/lalmachine.com\\\/\",\"name\":\"lalmachine.com\",\"description\":\"Brocante en ligne Suisse | Mobilier et objets d\u00e9co vintage et design\",\"potentialAction\":[{\"@type\":\"SearchAction\",\"target\":{\"@type\":\"EntryPoint\",\"urlTemplate\":\"https:\\\/\\\/lalmachine.com\\\/?s={search_term_string}\"},\"query-input\":{\"@type\":\"PropertyValueSpecification\",\"valueRequired\":true,\"valueName\":\"search_term_string\"}}],\"inLanguage\":\"de\"}]}<\/script>\n<!-- \/ Yoast SEO plugin. -->","yoast_head_json":{"title":"Fauteul Knoll mod\u00e8le Brno | lalmachine.com","description":"La chaise Knoll Brno est l'une des chaises cantilever en tube d'acier les plus \u00e9l\u00e9gantes produites dans le style Bauhaus.","robots":{"index":"index","follow":"follow","max-snippet":"max-snippet:-1","max-image-preview":"max-image-preview:large","max-video-preview":"max-video-preview:-1"},"canonical":"https:\/\/lalmachine.com\/de\/shop\/sasseoir\/chaise\/fauteul-knoll-modele-brno\/","og_locale":"de_DE","og_type":"article","og_title":"Fauteul Knoll mod\u00e8le Brno | lalmachine.com","og_description":"La chaise Knoll Brno est l'une des chaises cantilever en tube d'acier les plus \u00e9l\u00e9gantes produites dans le style Bauhaus.","og_url":"https:\/\/lalmachine.com\/de\/shop\/sasseoir\/chaise\/fauteul-knoll-modele-brno\/","og_site_name":"lalmachine.com","article_publisher":"https:\/\/facebook.com\/lalmachine","article_modified_time":"2025-03-19T08:03:13+00:00","og_image":[{"width":2560,"height":2560,"url":"https:\/\/lalmachine.com\/wp-content\/uploads\/2025\/01\/Knoll-Brno_2-scaled_clipped_rev_1-scaled.jpeg","type":"image\/jpeg"}],"twitter_card":"summary_large_image","schema":{"@context":"https:\/\/schema.org","@graph":[{"@type":"WebPage","@id":"https:\/\/lalmachine.com\/de\/shop\/sasseoir\/chaise\/fauteul-knoll-modele-brno\/","url":"https:\/\/lalmachine.com\/de\/shop\/sasseoir\/chaise\/fauteul-knoll-modele-brno\/","name":"Fauteul Knoll mod\u00e8le Brno | lalmachine.com","isPartOf":{"@id":"https:\/\/lalmachine.com\/#website"},"primaryImageOfPage":{"@id":"https:\/\/lalmachine.com\/de\/shop\/sasseoir\/chaise\/fauteul-knoll-modele-brno\/#primaryimage"},"image":{"@id":"https:\/\/lalmachine.com\/de\/shop\/sasseoir\/chaise\/fauteul-knoll-modele-brno\/#primaryimage"},"thumbnailUrl":"https:\/\/lalmachine.com\/wp-content\/uploads\/2025\/01\/Knoll-Brno_2-scaled_clipped_rev_1-scaled.jpeg","datePublished":"2025-01-21T18:02:24+00:00","dateModified":"2025-03-19T08:03:13+00:00","description":"La chaise Knoll Brno est l'une des chaises cantilever en tube d'acier les plus \u00e9l\u00e9gantes produites dans le style Bauhaus.","breadcrumb":{"@id":"https:\/\/lalmachine.com\/de\/shop\/sasseoir\/chaise\/fauteul-knoll-modele-brno\/#breadcrumb"},"inLanguage":"de","potentialAction":[{"@type":"ReadAction","target":["https:\/\/lalmachine.com\/de\/shop\/sasseoir\/chaise\/fauteul-knoll-modele-brno\/"]}]},{"@type":"ImageObject","inLanguage":"de","@id":"https:\/\/lalmachine.com\/de\/shop\/sasseoir\/chaise\/fauteul-knoll-modele-brno\/#primaryimage","url":"https:\/\/lalmachine.com\/wp-content\/uploads\/2025\/01\/Knoll-Brno_2-scaled_clipped_rev_1-scaled.jpeg","contentUrl":"https:\/\/lalmachine.com\/wp-content\/uploads\/2025\/01\/Knoll-Brno_2-scaled_clipped_rev_1-scaled.jpeg","width":2560,"height":2560},{"@type":"BreadcrumbList","@id":"https:\/\/lalmachine.com\/de\/shop\/sasseoir\/chaise\/fauteul-knoll-modele-brno\/#breadcrumb","itemListElement":[{"@type":"ListItem","position":1,"name":"Accueil","item":"https:\/\/lalmachine.com\/"},{"@type":"ListItem","position":2,"name":"Shop","item":"https:\/\/lalmachine.com\/shop\/"},{"@type":"ListItem","position":3,"name":"Fauteul Knoll mod\u00e8le Brno"}]},{"@type":"WebSite","@id":"https:\/\/lalmachine.com\/#website","url":"https:\/\/lalmachine.com\/","name":"lalmachine.com","description":"Brocante en ligne Suisse | Mobilier et objets d\u00e9co vintage et design","potentialAction":[{"@type":"SearchAction","target":{"@type":"EntryPoint","urlTemplate":"https:\/\/lalmachine.com\/?s={search_term_string}"},"query-input":{"@type":"PropertyValueSpecification","valueRequired":true,"valueName":"search_term_string"}}],"inLanguage":"de"}]}},"_links":{"self":[{"href":"https:\/\/lalmachine.com\/de\/wp-json\/wp\/v2\/product\/340636","targetHints":{"allow":["GET"]}}],"collection":[{"href":"https:\/\/lalmachine.com\/de\/wp-json\/wp\/v2\/product"}],"about":[{"href":"https:\/\/lalmachine.com\/de\/wp-json\/wp\/v2\/types\/product"}],"wp:featuredmedia":[{"embeddable":true,"href":"https:\/\/lalmachine.com\/de\/wp-json\/wp\/v2\/media\/340707"}],"wp:attachment":[{"href":"https:\/\/lalmachine.com\/de\/wp-json\/wp\/v2\/media?parent=340636"}],"wp:term":[{"taxonomy":"product_brand","embeddable":true,"href":"https:\/\/lalmachine.com\/de\/wp-json\/wp\/v2\/product_brand?post=340636"},{"taxonomy":"product_cat","embeddable":true,"href":"https:\/\/lalmachine.com\/de\/wp-json\/wp\/v2\/product_cat?post=340636"},{"taxonomy":"product_tag","embeddable":true,"href":"https:\/\/lalmachine.com\/de\/wp-json\/wp\/v2\/product_tag?post=340636"},{"taxonomy":"proximite","embeddable":true,"href":"https:\/\/lalmachine.com\/de\/wp-json\/wp\/v2\/proximite?post=340636"}],"curies":[{"name":"wp","href":"https:\/\/api.w.org\/{rel}","templated":true}]}}