{"id":340739,"date":"2025-01-23T10:29:01","date_gmt":"2025-01-23T09:29:01","guid":{"rendered":"https:\/\/lalmachine.com\/?post_type=product&#038;p=340739"},"modified":"2025-03-25T16:46:10","modified_gmt":"2025-03-25T15:46:10","slug":"secretaire-coiffeuse-en-teck-b-m-jorgensen-dyrlund-danemark-1970s","status":"publish","type":"product","link":"https:\/\/lalmachine.com\/de\/shop\/meubler\/meuble-de-rangement\/secretaire-coiffeuse-en-teck-b-m-jorgensen-dyrlund-danemark-1970s\/","title":{"rendered":"Secr\u00e9taire coiffeuse en teck, B.M J\u00f8rgensen, Dyrlund, Danemark, 1970&rsquo;s"},"content":{"rendered":"<ul class=\"wpuf_customs\"><li style=\"list-style-type:none;\"><label>Autres photos:<\/label> <a href=\"https:\/\/lalmachine.com\/wp-content\/uploads\/2025\/01\/18624DE6-551E-4B6F-B3B5-432A415A3E89_1_201_a-scaled.jpeg\"><img loading=\"lazy\" decoding=\"async\" width=\"96\" height=\"96\" src=\"https:\/\/lalmachine.com\/wp-content\/uploads\/2025\/01\/18624DE6-551E-4B6F-B3B5-432A415A3E89_1_201_a-scaled.jpeg\" class=\"attachment-thumbnail size-thumbnail\" alt=\"\" \/><\/a> <a href=\"https:\/\/lalmachine.com\/wp-content\/uploads\/2025\/01\/C8488358-0379-49A1-9619-2D20682D36D0_1_201_a-scaled.jpeg\"><img loading=\"lazy\" decoding=\"async\" width=\"96\" height=\"96\" src=\"https:\/\/lalmachine.com\/wp-content\/uploads\/2025\/01\/C8488358-0379-49A1-9619-2D20682D36D0_1_201_a-scaled.jpeg\" class=\"attachment-thumbnail size-thumbnail\" alt=\"\" \/><\/a> <a href=\"https:\/\/lalmachine.com\/wp-content\/uploads\/2025\/01\/098DF7A5-797A-4F51-9852-A3948C13041D_1_201_a-scaled.jpeg\"><img loading=\"lazy\" decoding=\"async\" width=\"96\" height=\"96\" src=\"https:\/\/lalmachine.com\/wp-content\/uploads\/2025\/01\/098DF7A5-797A-4F51-9852-A3948C13041D_1_201_a-scaled.jpeg\" class=\"attachment-thumbnail size-thumbnail\" alt=\"\" \/><\/a> <a href=\"https:\/\/lalmachine.com\/wp-content\/uploads\/2025\/01\/D3B53F33-8906-4ECF-85DD-46B46DF42E54_1_201_a-scaled.jpeg\"><img loading=\"lazy\" decoding=\"async\" width=\"96\" height=\"96\" src=\"https:\/\/lalmachine.com\/wp-content\/uploads\/2025\/01\/D3B53F33-8906-4ECF-85DD-46B46DF42E54_1_201_a-scaled.jpeg\" class=\"attachment-thumbnail size-thumbnail\" alt=\"\" \/><\/a> <a href=\"https:\/\/lalmachine.com\/wp-content\/uploads\/2025\/01\/B25FC1E1-8B79-4139-A2D4-21EC344C536D_1_201_a-scaled.jpeg\"><img loading=\"lazy\" decoding=\"async\" width=\"96\" height=\"96\" src=\"https:\/\/lalmachine.com\/wp-content\/uploads\/2025\/01\/B25FC1E1-8B79-4139-A2D4-21EC344C536D_1_201_a-scaled.jpeg\" class=\"attachment-thumbnail size-thumbnail\" alt=\"\" \/><\/a> <a href=\"https:\/\/lalmachine.com\/wp-content\/uploads\/2025\/01\/0CC6EB60-23BE-4A91-B70A-97D679560D77_1_201_a-scaled.jpeg\"><img loading=\"lazy\" decoding=\"async\" width=\"54\" height=\"96\" src=\"https:\/\/lalmachine.com\/wp-content\/uploads\/2025\/01\/0CC6EB60-23BE-4A91-B70A-97D679560D77_1_201_a-scaled.jpeg\" class=\"attachment-thumbnail size-thumbnail\" alt=\"\" \/><\/a> <a href=\"https:\/\/lalmachine.com\/wp-content\/uploads\/2025\/01\/098F595C-7835-4EC9-A176-1143D7829965_1_201_a-scaled.jpeg\"><img loading=\"lazy\" decoding=\"async\" width=\"96\" height=\"96\" src=\"https:\/\/lalmachine.com\/wp-content\/uploads\/2025\/01\/098F595C-7835-4EC9-A176-1143D7829965_1_201_a-scaled.jpeg\" class=\"attachment-thumbnail size-thumbnail\" alt=\"\" \/><\/a> <a href=\"https:\/\/lalmachine.com\/wp-content\/uploads\/2025\/01\/394E2324-9367-4C83-8C29-F5B6CD311FED_1_201_a.jpeg\"><img loading=\"lazy\" decoding=\"async\" width=\"96\" height=\"96\" src=\"https:\/\/lalmachine.com\/wp-content\/uploads\/2025\/01\/394E2324-9367-4C83-8C29-F5B6CD311FED_1_201_a.jpeg\" class=\"attachment-thumbnail size-thumbnail\" alt=\"\" \/><\/a> <a href=\"https:\/\/lalmachine.com\/wp-content\/uploads\/2025\/01\/13C11861-80C6-4A8C-A54C-B1A6576A2F5F_1_201_a-scaled.jpeg\"><img loading=\"lazy\" decoding=\"async\" width=\"96\" height=\"96\" src=\"https:\/\/lalmachine.com\/wp-content\/uploads\/2025\/01\/13C11861-80C6-4A8C-A54C-B1A6576A2F5F_1_201_a-scaled.jpeg\" class=\"attachment-thumbnail size-thumbnail\" alt=\"\" \/><\/a> <a href=\"https:\/\/lalmachine.com\/wp-content\/uploads\/2025\/01\/3C438529-5122-46AE-984D-806674FA2330_1_201_a-scaled.jpeg\"><img loading=\"lazy\" decoding=\"async\" width=\"96\" height=\"96\" src=\"https:\/\/lalmachine.com\/wp-content\/uploads\/2025\/01\/3C438529-5122-46AE-984D-806674FA2330_1_201_a-scaled.jpeg\" class=\"attachment-thumbnail size-thumbnail\" alt=\"\" \/><\/a> <a href=\"https:\/\/lalmachine.com\/wp-content\/uploads\/2025\/01\/840EBB32-6390-4824-8A19-F464E9CA5DD3_1_201_a-scaled.jpeg\"><img loading=\"lazy\" decoding=\"async\" width=\"54\" height=\"96\" src=\"https:\/\/lalmachine.com\/wp-content\/uploads\/2025\/01\/840EBB32-6390-4824-8A19-F464E9CA5DD3_1_201_a-scaled.jpeg\" class=\"attachment-thumbnail size-thumbnail\" alt=\"\" \/><\/a> <\/li>        <li class=\"wpuf-field-data wpuf-field-data-numeric_text_field\">\n                            <label>Prix:<\/label>\n                        980        <\/li>\n                <li class=\"wpuf-field-data wpuf-field-data-numeric_text_field\">\n                            <label>Hauteur (cm):<\/label>\n                        110        <\/li>\n                <li class=\"wpuf-field-data wpuf-field-data-numeric_text_field\">\n                            <label>Largeur (cm):<\/label>\n                        90        <\/li>\n                <li class=\"wpuf-field-data wpuf-field-data-numeric_text_field\">\n                            <label>Profondeur (cm):<\/label>\n                        46        <\/li>\n        <\/ul>","protected":false},"excerpt":{"rendered":"<p>Un couteau suisse au salon !<\/p>\n<p>Si ses origines helv\u00e8tes sont infond\u00e9es, vous l&rsquo;aurez compris, c&rsquo;est bien de la polyvalence de l&rsquo;objet dont nous parlons.<\/p>\n<p>Ferm\u00e9, ce petit bloc de teck compact ne laisse rien transpara\u00eetre si ce n&rsquo;est ses dix poign\u00e9es en forme de drag\u00e9e et une belle enveloppe de teck. C&rsquo;est lorsqu&rsquo;on essaie de comprendre intuitivement le m\u00e9canisme d&rsquo;ouverture que l&rsquo;on s&rsquo;\u00e9merveille de la pr\u00e9cision et de l&rsquo;ing\u00e9niosit\u00e9 des \u00e9b\u00e9nistes de la firme danoise.<\/p>\n<p>Tirez le premier grand tiroir pour enclencher le m\u00e9canisme du volet roulant, s&rsquo;offre alors \u00e0 vous un bel espace de travail avec de multiples rangements et tiroirs en teck massif assembl\u00e9s \u00e0 queues droites.<\/p>\n<p>Notre coup de c\u0153ur est son ultime transformation lorsqu&rsquo;on saisit les poign\u00e9es dissimul\u00e9es sur les c\u00f4t\u00e9s du tiroir pour ouvrir l&rsquo;espace coiffeuse !<\/p>","protected":false},"featured_media":340766,"template":"","meta":{"_et_pb_use_builder":"","_et_pb_old_content":"","_et_gb_content_width":""},"product_brand":[],"product_cat":[83,47],"product_tag":[],"proximite":[283,179],"class_list":{"0":"post-340739","1":"product","2":"type-product","3":"status-publish","4":"has-post-thumbnail","6":"product_cat-meuble-de-rangement","7":"product_cat-meubler","8":"pa_couleur-marron","9":"pa_etat-bon-etat","10":"pa_materiau-bois","11":"pa_style-scandinave","12":"proximite-riviera-pays-denhaut","13":"proximite-vaud","15":"first","16":"outofstock","17":"sale","18":"shipping-taxable","19":"purchasable","20":"product-type-simple"},"yoast_head":"<!-- This site is optimized with the Yoast SEO plugin v27.4 - https:\/\/yoast.com\/product\/yoast-seo-wordpress\/ -->\n<title>Secr\u00e9taire coiffeuse en teck, B.M J\u00f8rgensen, Dyrlund, Danemark, 1970&#039;s | lalmachine.com<\/title>\n<meta name=\"description\" content=\"Secr\u00e9taire coiffeuse en teck, B.M J\u00f8rgensen, Dyrlund, Danemark, 1970&#039;s\" \/>\n<meta name=\"robots\" content=\"index, follow, max-snippet:-1, max-image-preview:large, max-video-preview:-1\" \/>\n<link rel=\"canonical\" href=\"https:\/\/lalmachine.com\/de\/shop\/meubler\/meuble-de-rangement\/secretaire-coiffeuse-en-teck-b-m-jorgensen-dyrlund-danemark-1970s\/\" \/>\n<meta property=\"og:locale\" content=\"de_DE\" \/>\n<meta property=\"og:type\" content=\"article\" \/>\n<meta property=\"og:title\" content=\"Secr\u00e9taire coiffeuse en teck, B.M J\u00f8rgensen, Dyrlund, Danemark, 1970&#039;s | lalmachine.com\" \/>\n<meta property=\"og:description\" content=\"Secr\u00e9taire coiffeuse en teck, B.M J\u00f8rgensen, Dyrlund, Danemark, 1970&#039;s\" \/>\n<meta property=\"og:url\" content=\"https:\/\/lalmachine.com\/de\/shop\/meubler\/meuble-de-rangement\/secretaire-coiffeuse-en-teck-b-m-jorgensen-dyrlund-danemark-1970s\/\" \/>\n<meta property=\"og:site_name\" content=\"lalmachine.com\" \/>\n<meta property=\"article:publisher\" content=\"https:\/\/facebook.com\/lalmachine\" \/>\n<meta property=\"article:modified_time\" content=\"2025-03-25T15:46:10+00:00\" \/>\n<meta property=\"og:image\" content=\"https:\/\/lalmachine.com\/wp-content\/uploads\/2025\/01\/098DF7A5-797A-4F51-9852-A3948C13041D_1_201_a-scaled_clipped_rev_1.jpeg\" \/>\n\t<meta property=\"og:image:width\" content=\"2540\" \/>\n\t<meta property=\"og:image:height\" content=\"2541\" \/>\n\t<meta property=\"og:image:type\" content=\"image\/jpeg\" \/>\n<meta name=\"twitter:card\" content=\"summary_large_image\" \/>\n<script type=\"application\/ld+json\" class=\"yoast-schema-graph\">{\"@context\":\"https:\\\/\\\/schema.org\",\"@graph\":[{\"@type\":\"WebPage\",\"@id\":\"https:\\\/\\\/lalmachine.com\\\/shop\\\/meubler\\\/meuble-de-rangement\\\/secretaire-coiffeuse-en-teck-b-m-jorgensen-dyrlund-danemark-1970s\\\/\",\"url\":\"https:\\\/\\\/lalmachine.com\\\/shop\\\/meubler\\\/meuble-de-rangement\\\/secretaire-coiffeuse-en-teck-b-m-jorgensen-dyrlund-danemark-1970s\\\/\",\"name\":\"Secr\u00e9taire coiffeuse en teck, B.M J\u00f8rgensen, Dyrlund, Danemark, 1970's | lalmachine.com\",\"isPartOf\":{\"@id\":\"https:\\\/\\\/lalmachine.com\\\/#website\"},\"primaryImageOfPage\":{\"@id\":\"https:\\\/\\\/lalmachine.com\\\/shop\\\/meubler\\\/meuble-de-rangement\\\/secretaire-coiffeuse-en-teck-b-m-jorgensen-dyrlund-danemark-1970s\\\/#primaryimage\"},\"image\":{\"@id\":\"https:\\\/\\\/lalmachine.com\\\/shop\\\/meubler\\\/meuble-de-rangement\\\/secretaire-coiffeuse-en-teck-b-m-jorgensen-dyrlund-danemark-1970s\\\/#primaryimage\"},\"thumbnailUrl\":\"https:\\\/\\\/lalmachine.com\\\/wp-content\\\/uploads\\\/2025\\\/01\\\/098DF7A5-797A-4F51-9852-A3948C13041D_1_201_a-scaled_clipped_rev_1.jpeg\",\"datePublished\":\"2025-01-23T09:29:01+00:00\",\"dateModified\":\"2025-03-25T15:46:10+00:00\",\"description\":\"Secr\u00e9taire coiffeuse en teck, B.M J\u00f8rgensen, Dyrlund, Danemark, 1970's\",\"breadcrumb\":{\"@id\":\"https:\\\/\\\/lalmachine.com\\\/shop\\\/meubler\\\/meuble-de-rangement\\\/secretaire-coiffeuse-en-teck-b-m-jorgensen-dyrlund-danemark-1970s\\\/#breadcrumb\"},\"inLanguage\":\"de\",\"potentialAction\":[{\"@type\":\"ReadAction\",\"target\":[\"https:\\\/\\\/lalmachine.com\\\/shop\\\/meubler\\\/meuble-de-rangement\\\/secretaire-coiffeuse-en-teck-b-m-jorgensen-dyrlund-danemark-1970s\\\/\"]}]},{\"@type\":\"ImageObject\",\"inLanguage\":\"de\",\"@id\":\"https:\\\/\\\/lalmachine.com\\\/shop\\\/meubler\\\/meuble-de-rangement\\\/secretaire-coiffeuse-en-teck-b-m-jorgensen-dyrlund-danemark-1970s\\\/#primaryimage\",\"url\":\"https:\\\/\\\/lalmachine.com\\\/wp-content\\\/uploads\\\/2025\\\/01\\\/098DF7A5-797A-4F51-9852-A3948C13041D_1_201_a-scaled_clipped_rev_1.jpeg\",\"contentUrl\":\"https:\\\/\\\/lalmachine.com\\\/wp-content\\\/uploads\\\/2025\\\/01\\\/098DF7A5-797A-4F51-9852-A3948C13041D_1_201_a-scaled_clipped_rev_1.jpeg\",\"width\":2540,\"height\":2541,\"caption\":\"Secr\u00e9taire coiffeuse en teck B.M J\u00f8rgensen Dyrlund\"},{\"@type\":\"BreadcrumbList\",\"@id\":\"https:\\\/\\\/lalmachine.com\\\/shop\\\/meubler\\\/meuble-de-rangement\\\/secretaire-coiffeuse-en-teck-b-m-jorgensen-dyrlund-danemark-1970s\\\/#breadcrumb\",\"itemListElement\":[{\"@type\":\"ListItem\",\"position\":1,\"name\":\"Accueil\",\"item\":\"https:\\\/\\\/lalmachine.com\\\/\"},{\"@type\":\"ListItem\",\"position\":2,\"name\":\"Shop\",\"item\":\"https:\\\/\\\/lalmachine.com\\\/shop\\\/\"},{\"@type\":\"ListItem\",\"position\":3,\"name\":\"Secr\u00e9taire coiffeuse en teck, B.M J\u00f8rgensen, Dyrlund, Danemark, 1970&#8217;s\"}]},{\"@type\":\"WebSite\",\"@id\":\"https:\\\/\\\/lalmachine.com\\\/#website\",\"url\":\"https:\\\/\\\/lalmachine.com\\\/\",\"name\":\"lalmachine.com\",\"description\":\"Brocante en ligne Suisse | Mobilier et objets d\u00e9co vintage et design\",\"potentialAction\":[{\"@type\":\"SearchAction\",\"target\":{\"@type\":\"EntryPoint\",\"urlTemplate\":\"https:\\\/\\\/lalmachine.com\\\/?s={search_term_string}\"},\"query-input\":{\"@type\":\"PropertyValueSpecification\",\"valueRequired\":true,\"valueName\":\"search_term_string\"}}],\"inLanguage\":\"de\"}]}<\/script>\n<!-- \/ Yoast SEO plugin. -->","yoast_head_json":{"title":"Secr\u00e9taire coiffeuse en teck, B.M J\u00f8rgensen, Dyrlund, Danemark, 1970's | lalmachine.com","description":"Secr\u00e9taire coiffeuse en teck, B.M J\u00f8rgensen, Dyrlund, Danemark, 1970's","robots":{"index":"index","follow":"follow","max-snippet":"max-snippet:-1","max-image-preview":"max-image-preview:large","max-video-preview":"max-video-preview:-1"},"canonical":"https:\/\/lalmachine.com\/de\/shop\/meubler\/meuble-de-rangement\/secretaire-coiffeuse-en-teck-b-m-jorgensen-dyrlund-danemark-1970s\/","og_locale":"de_DE","og_type":"article","og_title":"Secr\u00e9taire coiffeuse en teck, B.M J\u00f8rgensen, Dyrlund, Danemark, 1970's | lalmachine.com","og_description":"Secr\u00e9taire coiffeuse en teck, B.M J\u00f8rgensen, Dyrlund, Danemark, 1970's","og_url":"https:\/\/lalmachine.com\/de\/shop\/meubler\/meuble-de-rangement\/secretaire-coiffeuse-en-teck-b-m-jorgensen-dyrlund-danemark-1970s\/","og_site_name":"lalmachine.com","article_publisher":"https:\/\/facebook.com\/lalmachine","article_modified_time":"2025-03-25T15:46:10+00:00","og_image":[{"width":2540,"height":2541,"url":"https:\/\/lalmachine.com\/wp-content\/uploads\/2025\/01\/098DF7A5-797A-4F51-9852-A3948C13041D_1_201_a-scaled_clipped_rev_1.jpeg","type":"image\/jpeg"}],"twitter_card":"summary_large_image","schema":{"@context":"https:\/\/schema.org","@graph":[{"@type":"WebPage","@id":"https:\/\/lalmachine.com\/shop\/meubler\/meuble-de-rangement\/secretaire-coiffeuse-en-teck-b-m-jorgensen-dyrlund-danemark-1970s\/","url":"https:\/\/lalmachine.com\/shop\/meubler\/meuble-de-rangement\/secretaire-coiffeuse-en-teck-b-m-jorgensen-dyrlund-danemark-1970s\/","name":"Secr\u00e9taire coiffeuse en teck, B.M J\u00f8rgensen, Dyrlund, Danemark, 1970's | lalmachine.com","isPartOf":{"@id":"https:\/\/lalmachine.com\/#website"},"primaryImageOfPage":{"@id":"https:\/\/lalmachine.com\/shop\/meubler\/meuble-de-rangement\/secretaire-coiffeuse-en-teck-b-m-jorgensen-dyrlund-danemark-1970s\/#primaryimage"},"image":{"@id":"https:\/\/lalmachine.com\/shop\/meubler\/meuble-de-rangement\/secretaire-coiffeuse-en-teck-b-m-jorgensen-dyrlund-danemark-1970s\/#primaryimage"},"thumbnailUrl":"https:\/\/lalmachine.com\/wp-content\/uploads\/2025\/01\/098DF7A5-797A-4F51-9852-A3948C13041D_1_201_a-scaled_clipped_rev_1.jpeg","datePublished":"2025-01-23T09:29:01+00:00","dateModified":"2025-03-25T15:46:10+00:00","description":"Secr\u00e9taire coiffeuse en teck, B.M J\u00f8rgensen, Dyrlund, Danemark, 1970's","breadcrumb":{"@id":"https:\/\/lalmachine.com\/shop\/meubler\/meuble-de-rangement\/secretaire-coiffeuse-en-teck-b-m-jorgensen-dyrlund-danemark-1970s\/#breadcrumb"},"inLanguage":"de","potentialAction":[{"@type":"ReadAction","target":["https:\/\/lalmachine.com\/shop\/meubler\/meuble-de-rangement\/secretaire-coiffeuse-en-teck-b-m-jorgensen-dyrlund-danemark-1970s\/"]}]},{"@type":"ImageObject","inLanguage":"de","@id":"https:\/\/lalmachine.com\/shop\/meubler\/meuble-de-rangement\/secretaire-coiffeuse-en-teck-b-m-jorgensen-dyrlund-danemark-1970s\/#primaryimage","url":"https:\/\/lalmachine.com\/wp-content\/uploads\/2025\/01\/098DF7A5-797A-4F51-9852-A3948C13041D_1_201_a-scaled_clipped_rev_1.jpeg","contentUrl":"https:\/\/lalmachine.com\/wp-content\/uploads\/2025\/01\/098DF7A5-797A-4F51-9852-A3948C13041D_1_201_a-scaled_clipped_rev_1.jpeg","width":2540,"height":2541,"caption":"Secr\u00e9taire coiffeuse en teck B.M J\u00f8rgensen Dyrlund"},{"@type":"BreadcrumbList","@id":"https:\/\/lalmachine.com\/shop\/meubler\/meuble-de-rangement\/secretaire-coiffeuse-en-teck-b-m-jorgensen-dyrlund-danemark-1970s\/#breadcrumb","itemListElement":[{"@type":"ListItem","position":1,"name":"Accueil","item":"https:\/\/lalmachine.com\/"},{"@type":"ListItem","position":2,"name":"Shop","item":"https:\/\/lalmachine.com\/shop\/"},{"@type":"ListItem","position":3,"name":"Secr\u00e9taire coiffeuse en teck, B.M J\u00f8rgensen, Dyrlund, Danemark, 1970&#8217;s"}]},{"@type":"WebSite","@id":"https:\/\/lalmachine.com\/#website","url":"https:\/\/lalmachine.com\/","name":"lalmachine.com","description":"Brocante en ligne Suisse | Mobilier et objets d\u00e9co vintage et design","potentialAction":[{"@type":"SearchAction","target":{"@type":"EntryPoint","urlTemplate":"https:\/\/lalmachine.com\/?s={search_term_string}"},"query-input":{"@type":"PropertyValueSpecification","valueRequired":true,"valueName":"search_term_string"}}],"inLanguage":"de"}]}},"_links":{"self":[{"href":"https:\/\/lalmachine.com\/de\/wp-json\/wp\/v2\/product\/340739","targetHints":{"allow":["GET"]}}],"collection":[{"href":"https:\/\/lalmachine.com\/de\/wp-json\/wp\/v2\/product"}],"about":[{"href":"https:\/\/lalmachine.com\/de\/wp-json\/wp\/v2\/types\/product"}],"wp:featuredmedia":[{"embeddable":true,"href":"https:\/\/lalmachine.com\/de\/wp-json\/wp\/v2\/media\/340766"}],"wp:attachment":[{"href":"https:\/\/lalmachine.com\/de\/wp-json\/wp\/v2\/media?parent=340739"}],"wp:term":[{"taxonomy":"product_brand","embeddable":true,"href":"https:\/\/lalmachine.com\/de\/wp-json\/wp\/v2\/product_brand?post=340739"},{"taxonomy":"product_cat","embeddable":true,"href":"https:\/\/lalmachine.com\/de\/wp-json\/wp\/v2\/product_cat?post=340739"},{"taxonomy":"product_tag","embeddable":true,"href":"https:\/\/lalmachine.com\/de\/wp-json\/wp\/v2\/product_tag?post=340739"},{"taxonomy":"proximite","embeddable":true,"href":"https:\/\/lalmachine.com\/de\/wp-json\/wp\/v2\/proximite?post=340739"}],"curies":[{"name":"wp","href":"https:\/\/api.w.org\/{rel}","templated":true}]}}