{"id":340750,"date":"2025-01-23T10:38:29","date_gmt":"2025-01-23T09:38:29","guid":{"rendered":"https:\/\/lalmachine.com\/?post_type=product&#038;p=340750"},"modified":"2025-03-31T14:19:43","modified_gmt":"2025-03-31T12:19:43","slug":"serigraphie-de-juan-martinez-1942","status":"publish","type":"product","link":"https:\/\/lalmachine.com\/de\/shop\/decorer\/art-and-co\/serigraphie-de-juan-martinez-1942\/","title":{"rendered":"S\u00e9rigraphie de Juan Martinez (1942)"},"content":{"rendered":"<ul class=\"wpuf_customs\"><li style=\"list-style-type:none;\"><label>Autres photos:<\/label> <a href=\"https:\/\/lalmachine.com\/wp-content\/uploads\/2025\/01\/serigraphie-martinez-juan-vente-la-boutique-du-mail-estampes-vintages-geneve.jpg\"><img loading=\"lazy\" decoding=\"async\" width=\"96\" height=\"96\" src=\"https:\/\/lalmachine.com\/wp-content\/uploads\/2025\/01\/serigraphie-martinez-juan-vente-la-boutique-du-mail-estampes-vintages-geneve.jpg\" class=\"attachment-thumbnail size-thumbnail\" alt=\"\" \/><\/a> <a href=\"https:\/\/lalmachine.com\/wp-content\/uploads\/2025\/01\/serigraphie-juan-martinez-vente-la-boutique-du-mail-estampes-vintages-geneve.jpg\"><img loading=\"lazy\" decoding=\"async\" width=\"96\" height=\"96\" src=\"https:\/\/lalmachine.com\/wp-content\/uploads\/2025\/01\/serigraphie-juan-martinez-vente-la-boutique-du-mail-estampes-vintages-geneve.jpg\" class=\"attachment-thumbnail size-thumbnail\" alt=\"\" \/><\/a> <a href=\"https:\/\/lalmachine.com\/wp-content\/uploads\/2025\/01\/serigraphie-juan-martinez-vente-boutique-du-mail-estampes-objets-vintages-geneve.jpg\"><img loading=\"lazy\" decoding=\"async\" width=\"96\" height=\"96\" src=\"https:\/\/lalmachine.com\/wp-content\/uploads\/2025\/01\/serigraphie-juan-martinez-vente-boutique-du-mail-estampes-objets-vintages-geneve.jpg\" class=\"attachment-thumbnail size-thumbnail\" alt=\"\" \/><\/a> <\/li>        <li class=\"wpuf-field-data wpuf-field-data-numeric_text_field\">\n                            <label>Prix:<\/label>\n                        140        <\/li>\n                <li class=\"wpuf-field-data wpuf-field-data-numeric_text_field\">\n                            <label>Hauteur (cm):<\/label>\n                        30        <\/li>\n                <li class=\"wpuf-field-data wpuf-field-data-numeric_text_field\">\n                            <label>Largeur (cm):<\/label>\n                        30        <\/li>\n        <\/ul>","protected":false},"excerpt":{"rendered":"<p>S\u00e9rigraphie, sans titre, 1972<br \/>\nImpression chez Duo d\u2019art, Gen\u00e8ve<br \/>\nTirage 80, num\u00e9rot\u00e9e 66<br \/>\nSign\u00e9e au crayon<\/p>\n<p>Juan Martinez est n\u00e9 en Andalousie en 1942. Apr\u00e8s une formation d\u2019architecte \u00e0 Barcelone, il gagne la Suisse o\u00f9 il s\u2019installe d\u00e9finitivement. En 1966, il est dipl\u00f4m\u00e9 de l\u2019\u00c9cole cantonale des Beaux-arts de Lausanne. Il expose pour la premi\u00e8re fois \u00e0 Gen\u00e8ve en 1969 au Cabinet des Estampes (Actuellement le GamMAH)<\/p>\n<p>Ses \u0153uvres se trouvent dans de nombreuses collections publiques et priv\u00e9es.<br \/>\nMus\u00e9e d\u2019Art et d\u2019Histoire, Gen\u00e8ve \/ Guggenheim Museum, New York \/ Mus\u00e9e Espagnol d\u2019Art Contemporain, Madrid \/ Mus\u00e9e d\u2019Anthropologie, Madrid \/ Mus\u00e9e Cantonal des Beaux-Arts , Lausanne \/ Kunstmuseum, Winterthur \/ Museum of Arts, Pittsburg, Pennsylvanie \/ Parque de la Victoria, Ja\u00e9n \/ Mus\u00e9e R\u00e9gional des Beaux-Arts,Lyon \/ Mus\u00e9e de Budapest, Hongrie \/ Universit\u00e9 de Ja\u00e9n \/ Collection de la Banque Cantonale Vaudoise, Lausanne \/ Collection Marie et Volker Huber Almancil, Portugal.<\/p>","protected":false},"featured_media":340770,"template":"","meta":{"_et_pb_use_builder":"","_et_pb_old_content":"","_et_gb_content_width":""},"product_brand":[],"product_cat":[365,50],"product_tag":[],"proximite":[180],"class_list":{"0":"post-340750","1":"product","2":"type-product","3":"status-publish","4":"has-post-thumbnail","6":"product_cat-art-and-co","7":"product_cat-decorer","8":"product_shipping_class-2-10-kg","9":"pa_couleur-violet","10":"pa_etat-tres-bon-etat","11":"pa_materiau-papier-carton","12":"pa_style-art-contemporain","13":"proximite-geneve","15":"first","16":"outofstock","17":"shipping-taxable","18":"purchasable","19":"product-type-simple"},"yoast_head":"<!-- This site is optimized with the Yoast SEO plugin v27.4 - https:\/\/yoast.com\/product\/yoast-seo-wordpress\/ -->\n<title>S\u00e9rigraphie de Juan Martinez (1942) | lalmachine.com, mobilier et objets d\u00e9co vintage et design<\/title>\n<meta name=\"description\" content=\"S\u00e9rigraphie de Juan Martinez (1942)\" \/>\n<meta name=\"robots\" content=\"index, follow, max-snippet:-1, max-image-preview:large, max-video-preview:-1\" \/>\n<link rel=\"canonical\" href=\"https:\/\/lalmachine.com\/de\/shop\/decorer\/art-and-co\/serigraphie-de-juan-martinez-1942\/\" \/>\n<meta property=\"og:locale\" content=\"de_DE\" \/>\n<meta property=\"og:type\" content=\"article\" \/>\n<meta property=\"og:title\" content=\"S\u00e9rigraphie de Juan Martinez (1942) | lalmachine.com, mobilier et objets d\u00e9co vintage et design\" \/>\n<meta property=\"og:description\" content=\"S\u00e9rigraphie de Juan Martinez (1942)\" \/>\n<meta property=\"og:url\" content=\"https:\/\/lalmachine.com\/de\/shop\/decorer\/art-and-co\/serigraphie-de-juan-martinez-1942\/\" \/>\n<meta property=\"og:site_name\" content=\"lalmachine.com\" \/>\n<meta property=\"article:publisher\" content=\"https:\/\/facebook.com\/lalmachine\" \/>\n<meta property=\"article:modified_time\" content=\"2025-03-31T12:19:43+00:00\" \/>\n<meta property=\"og:image\" content=\"https:\/\/lalmachine.com\/wp-content\/uploads\/2025\/01\/serigraphie-juan-martinez-vente-boutique-du-mail-estampes-vintages-geneve_clipped_rev_1.jpeg\" \/>\n\t<meta property=\"og:image:width\" content=\"1655\" \/>\n\t<meta property=\"og:image:height\" content=\"1655\" \/>\n\t<meta property=\"og:image:type\" content=\"image\/jpeg\" \/>\n<meta name=\"twitter:card\" content=\"summary_large_image\" \/>\n<script type=\"application\/ld+json\" class=\"yoast-schema-graph\">{\"@context\":\"https:\\\/\\\/schema.org\",\"@graph\":[{\"@type\":\"WebPage\",\"@id\":\"https:\\\/\\\/lalmachine.com\\\/shop\\\/decorer\\\/art-and-co\\\/serigraphie-de-juan-martinez-1942\\\/\",\"url\":\"https:\\\/\\\/lalmachine.com\\\/shop\\\/decorer\\\/art-and-co\\\/serigraphie-de-juan-martinez-1942\\\/\",\"name\":\"S\u00e9rigraphie de Juan Martinez (1942) | lalmachine.com, mobilier et objets d\u00e9co vintage et design\",\"isPartOf\":{\"@id\":\"https:\\\/\\\/lalmachine.com\\\/#website\"},\"primaryImageOfPage\":{\"@id\":\"https:\\\/\\\/lalmachine.com\\\/shop\\\/decorer\\\/art-and-co\\\/serigraphie-de-juan-martinez-1942\\\/#primaryimage\"},\"image\":{\"@id\":\"https:\\\/\\\/lalmachine.com\\\/shop\\\/decorer\\\/art-and-co\\\/serigraphie-de-juan-martinez-1942\\\/#primaryimage\"},\"thumbnailUrl\":\"https:\\\/\\\/lalmachine.com\\\/wp-content\\\/uploads\\\/2025\\\/01\\\/serigraphie-juan-martinez-vente-boutique-du-mail-estampes-vintages-geneve_clipped_rev_1.jpeg\",\"datePublished\":\"2025-01-23T09:38:29+00:00\",\"dateModified\":\"2025-03-31T12:19:43+00:00\",\"description\":\"S\u00e9rigraphie de Juan Martinez (1942)\",\"breadcrumb\":{\"@id\":\"https:\\\/\\\/lalmachine.com\\\/shop\\\/decorer\\\/art-and-co\\\/serigraphie-de-juan-martinez-1942\\\/#breadcrumb\"},\"inLanguage\":\"de\",\"potentialAction\":[{\"@type\":\"ReadAction\",\"target\":[\"https:\\\/\\\/lalmachine.com\\\/shop\\\/decorer\\\/art-and-co\\\/serigraphie-de-juan-martinez-1942\\\/\"]}]},{\"@type\":\"ImageObject\",\"inLanguage\":\"de\",\"@id\":\"https:\\\/\\\/lalmachine.com\\\/shop\\\/decorer\\\/art-and-co\\\/serigraphie-de-juan-martinez-1942\\\/#primaryimage\",\"url\":\"https:\\\/\\\/lalmachine.com\\\/wp-content\\\/uploads\\\/2025\\\/01\\\/serigraphie-juan-martinez-vente-boutique-du-mail-estampes-vintages-geneve_clipped_rev_1.jpeg\",\"contentUrl\":\"https:\\\/\\\/lalmachine.com\\\/wp-content\\\/uploads\\\/2025\\\/01\\\/serigraphie-juan-martinez-vente-boutique-du-mail-estampes-vintages-geneve_clipped_rev_1.jpeg\",\"width\":1655,\"height\":1655,\"caption\":\"S\u00e9rigraphie de Juan Martinez (1942)\"},{\"@type\":\"BreadcrumbList\",\"@id\":\"https:\\\/\\\/lalmachine.com\\\/shop\\\/decorer\\\/art-and-co\\\/serigraphie-de-juan-martinez-1942\\\/#breadcrumb\",\"itemListElement\":[{\"@type\":\"ListItem\",\"position\":1,\"name\":\"Accueil\",\"item\":\"https:\\\/\\\/lalmachine.com\\\/\"},{\"@type\":\"ListItem\",\"position\":2,\"name\":\"Shop\",\"item\":\"https:\\\/\\\/lalmachine.com\\\/shop\\\/\"},{\"@type\":\"ListItem\",\"position\":3,\"name\":\"S\u00e9rigraphie de Juan Martinez (1942)\"}]},{\"@type\":\"WebSite\",\"@id\":\"https:\\\/\\\/lalmachine.com\\\/#website\",\"url\":\"https:\\\/\\\/lalmachine.com\\\/\",\"name\":\"lalmachine.com\",\"description\":\"Brocante en ligne Suisse | Mobilier et objets d\u00e9co vintage et design\",\"potentialAction\":[{\"@type\":\"SearchAction\",\"target\":{\"@type\":\"EntryPoint\",\"urlTemplate\":\"https:\\\/\\\/lalmachine.com\\\/?s={search_term_string}\"},\"query-input\":{\"@type\":\"PropertyValueSpecification\",\"valueRequired\":true,\"valueName\":\"search_term_string\"}}],\"inLanguage\":\"de\"}]}<\/script>\n<!-- \/ Yoast SEO plugin. -->","yoast_head_json":{"title":"S\u00e9rigraphie de Juan Martinez (1942) | lalmachine.com, mobilier et objets d\u00e9co vintage et design","description":"S\u00e9rigraphie de Juan Martinez (1942)","robots":{"index":"index","follow":"follow","max-snippet":"max-snippet:-1","max-image-preview":"max-image-preview:large","max-video-preview":"max-video-preview:-1"},"canonical":"https:\/\/lalmachine.com\/de\/shop\/decorer\/art-and-co\/serigraphie-de-juan-martinez-1942\/","og_locale":"de_DE","og_type":"article","og_title":"S\u00e9rigraphie de Juan Martinez (1942) | lalmachine.com, mobilier et objets d\u00e9co vintage et design","og_description":"S\u00e9rigraphie de Juan Martinez (1942)","og_url":"https:\/\/lalmachine.com\/de\/shop\/decorer\/art-and-co\/serigraphie-de-juan-martinez-1942\/","og_site_name":"lalmachine.com","article_publisher":"https:\/\/facebook.com\/lalmachine","article_modified_time":"2025-03-31T12:19:43+00:00","og_image":[{"width":1655,"height":1655,"url":"https:\/\/lalmachine.com\/wp-content\/uploads\/2025\/01\/serigraphie-juan-martinez-vente-boutique-du-mail-estampes-vintages-geneve_clipped_rev_1.jpeg","type":"image\/jpeg"}],"twitter_card":"summary_large_image","schema":{"@context":"https:\/\/schema.org","@graph":[{"@type":"WebPage","@id":"https:\/\/lalmachine.com\/shop\/decorer\/art-and-co\/serigraphie-de-juan-martinez-1942\/","url":"https:\/\/lalmachine.com\/shop\/decorer\/art-and-co\/serigraphie-de-juan-martinez-1942\/","name":"S\u00e9rigraphie de Juan Martinez (1942) | lalmachine.com, mobilier et objets d\u00e9co vintage et design","isPartOf":{"@id":"https:\/\/lalmachine.com\/#website"},"primaryImageOfPage":{"@id":"https:\/\/lalmachine.com\/shop\/decorer\/art-and-co\/serigraphie-de-juan-martinez-1942\/#primaryimage"},"image":{"@id":"https:\/\/lalmachine.com\/shop\/decorer\/art-and-co\/serigraphie-de-juan-martinez-1942\/#primaryimage"},"thumbnailUrl":"https:\/\/lalmachine.com\/wp-content\/uploads\/2025\/01\/serigraphie-juan-martinez-vente-boutique-du-mail-estampes-vintages-geneve_clipped_rev_1.jpeg","datePublished":"2025-01-23T09:38:29+00:00","dateModified":"2025-03-31T12:19:43+00:00","description":"S\u00e9rigraphie de Juan Martinez (1942)","breadcrumb":{"@id":"https:\/\/lalmachine.com\/shop\/decorer\/art-and-co\/serigraphie-de-juan-martinez-1942\/#breadcrumb"},"inLanguage":"de","potentialAction":[{"@type":"ReadAction","target":["https:\/\/lalmachine.com\/shop\/decorer\/art-and-co\/serigraphie-de-juan-martinez-1942\/"]}]},{"@type":"ImageObject","inLanguage":"de","@id":"https:\/\/lalmachine.com\/shop\/decorer\/art-and-co\/serigraphie-de-juan-martinez-1942\/#primaryimage","url":"https:\/\/lalmachine.com\/wp-content\/uploads\/2025\/01\/serigraphie-juan-martinez-vente-boutique-du-mail-estampes-vintages-geneve_clipped_rev_1.jpeg","contentUrl":"https:\/\/lalmachine.com\/wp-content\/uploads\/2025\/01\/serigraphie-juan-martinez-vente-boutique-du-mail-estampes-vintages-geneve_clipped_rev_1.jpeg","width":1655,"height":1655,"caption":"S\u00e9rigraphie de Juan Martinez (1942)"},{"@type":"BreadcrumbList","@id":"https:\/\/lalmachine.com\/shop\/decorer\/art-and-co\/serigraphie-de-juan-martinez-1942\/#breadcrumb","itemListElement":[{"@type":"ListItem","position":1,"name":"Accueil","item":"https:\/\/lalmachine.com\/"},{"@type":"ListItem","position":2,"name":"Shop","item":"https:\/\/lalmachine.com\/shop\/"},{"@type":"ListItem","position":3,"name":"S\u00e9rigraphie de Juan Martinez (1942)"}]},{"@type":"WebSite","@id":"https:\/\/lalmachine.com\/#website","url":"https:\/\/lalmachine.com\/","name":"lalmachine.com","description":"Brocante en ligne Suisse | Mobilier et objets d\u00e9co vintage et design","potentialAction":[{"@type":"SearchAction","target":{"@type":"EntryPoint","urlTemplate":"https:\/\/lalmachine.com\/?s={search_term_string}"},"query-input":{"@type":"PropertyValueSpecification","valueRequired":true,"valueName":"search_term_string"}}],"inLanguage":"de"}]}},"_links":{"self":[{"href":"https:\/\/lalmachine.com\/de\/wp-json\/wp\/v2\/product\/340750","targetHints":{"allow":["GET"]}}],"collection":[{"href":"https:\/\/lalmachine.com\/de\/wp-json\/wp\/v2\/product"}],"about":[{"href":"https:\/\/lalmachine.com\/de\/wp-json\/wp\/v2\/types\/product"}],"wp:featuredmedia":[{"embeddable":true,"href":"https:\/\/lalmachine.com\/de\/wp-json\/wp\/v2\/media\/340770"}],"wp:attachment":[{"href":"https:\/\/lalmachine.com\/de\/wp-json\/wp\/v2\/media?parent=340750"}],"wp:term":[{"taxonomy":"product_brand","embeddable":true,"href":"https:\/\/lalmachine.com\/de\/wp-json\/wp\/v2\/product_brand?post=340750"},{"taxonomy":"product_cat","embeddable":true,"href":"https:\/\/lalmachine.com\/de\/wp-json\/wp\/v2\/product_cat?post=340750"},{"taxonomy":"product_tag","embeddable":true,"href":"https:\/\/lalmachine.com\/de\/wp-json\/wp\/v2\/product_tag?post=340750"},{"taxonomy":"proximite","embeddable":true,"href":"https:\/\/lalmachine.com\/de\/wp-json\/wp\/v2\/proximite?post=340750"}],"curies":[{"name":"wp","href":"https:\/\/api.w.org\/{rel}","templated":true}]}}