{"id":341272,"date":"2025-01-31T16:11:53","date_gmt":"2025-01-31T15:11:53","guid":{"rendered":"https:\/\/lalmachine.com\/?post_type=product&#038;p=341272"},"modified":"2026-04-06T12:09:35","modified_gmt":"2026-04-06T10:09:35","slug":"sideboard-de-louis-paolozzi","status":"publish","type":"product","link":"https:\/\/lalmachine.com\/de\/shop\/meubler\/meuble-de-rangement\/sideboard-de-louis-paolozzi\/","title":{"rendered":"Sideboard de Louis Paolozzi"},"content":{"rendered":"<ul class=\"wpuf_customs\"><li style=\"list-style-type:none;\"><label>Autres photos:<\/label> <a href=\"https:\/\/lalmachine.com\/wp-content\/uploads\/2025\/01\/696b-copie-1-scaled.jpeg\"><img loading=\"lazy\" decoding=\"async\" width=\"96\" height=\"96\" src=\"https:\/\/lalmachine.com\/wp-content\/uploads\/2025\/01\/696b-copie-1-scaled.jpeg\" class=\"attachment-thumbnail size-thumbnail\" alt=\"\" \/><\/a> <a href=\"https:\/\/lalmachine.com\/wp-content\/uploads\/2025\/01\/696-copie-1-scaled.jpeg\"><img loading=\"lazy\" decoding=\"async\" width=\"96\" height=\"96\" src=\"https:\/\/lalmachine.com\/wp-content\/uploads\/2025\/01\/696-copie-1-scaled.jpeg\" class=\"attachment-thumbnail size-thumbnail\" alt=\"\" \/><\/a> <a href=\"https:\/\/lalmachine.com\/wp-content\/uploads\/2025\/01\/696e_edited.jpg\"><img loading=\"lazy\" decoding=\"async\" width=\"96\" height=\"96\" src=\"https:\/\/lalmachine.com\/wp-content\/uploads\/2025\/01\/696e_edited.jpg\" class=\"attachment-thumbnail size-thumbnail\" alt=\"\" \/><\/a> <a href=\"https:\/\/lalmachine.com\/wp-content\/uploads\/2025\/01\/696e-copie-scaled.jpeg\"><img loading=\"lazy\" decoding=\"async\" width=\"96\" height=\"96\" src=\"https:\/\/lalmachine.com\/wp-content\/uploads\/2025\/01\/696e-copie-scaled.jpeg\" class=\"attachment-thumbnail size-thumbnail\" alt=\"\" \/><\/a> <a href=\"https:\/\/lalmachine.com\/wp-content\/uploads\/2025\/01\/696d_edited.jpg\"><img loading=\"lazy\" decoding=\"async\" width=\"96\" height=\"96\" src=\"https:\/\/lalmachine.com\/wp-content\/uploads\/2025\/01\/696d_edited.jpg\" class=\"attachment-thumbnail size-thumbnail\" alt=\"\" \/><\/a> <a href=\"https:\/\/lalmachine.com\/wp-content\/uploads\/2025\/01\/696c-copie-1-scaled.jpeg\"><img loading=\"lazy\" decoding=\"async\" width=\"103\" height=\"96\" src=\"https:\/\/lalmachine.com\/wp-content\/uploads\/2025\/01\/696c-copie-1-scaled.jpeg\" class=\"attachment-thumbnail size-thumbnail\" alt=\"\" \/><\/a> <\/li>        <li class=\"wpuf-field-data wpuf-field-data-numeric_text_field\">\n                            <label>Prix:<\/label>\n                        3680        <\/li>\n                <li class=\"wpuf-field-data wpuf-field-data-numeric_text_field\">\n                            <label>Quantit\u00e9:<\/label>\n                        1        <\/li>\n                <li class=\"wpuf-field-data wpuf-field-data-numeric_text_field\">\n                            <label>Hauteur (cm):<\/label>\n                        86        <\/li>\n                <li class=\"wpuf-field-data wpuf-field-data-numeric_text_field\">\n                            <label>Largeur (cm):<\/label>\n                        182        <\/li>\n                <li class=\"wpuf-field-data wpuf-field-data-numeric_text_field\">\n                            <label>Profondeur (cm):<\/label>\n                        47        <\/li>\n        <\/ul>","protected":false},"excerpt":{"rendered":"<p>Rare sideboard du designer Louis Paolozzi cr\u00e9\u00e9 dans les ann\u00e9es 50 pour l&#8217;\u00e9diteur fran\u00e7ais Ren\u00e9 Gotfrid. Cette pi\u00e8ce fait partie d&#8217;un ensemble de salle-\u00e0-manger, avec un buffet, une table \u00e0 manger et quatre chaises visibles dans notre assortiment selon disponibilit\u00e9.<\/p>\n<p>Le sideboard se compose d&#8217;un corps comprenant une petite partie avec 1 tiroir int\u00e9gr\u00e9 et une autre plus grande comprenant une \u00e9tag\u00e8re. Sa fa\u00e7ade est \u00e9galement compos\u00e9e de deux parties dont une en bois claire avec des bandes verticales et d&#8217;une autre en bois marquet\u00e9e de fines lignes claires. Le corps est soutenu par deux magnifiques pieds compas teints en noir. L&#8217;ensemble est fabriqu\u00e9 en bois massif de tr\u00e8s belle facture dans le plus pur style de la p\u00e9riode d&#8217;apr\u00e8s-guerre fran\u00e7aise dite de &#8220;reconstruction&#8221;.<\/p>\n<p>Le meuble a \u00e9t\u00e9 restaur\u00e9 et pr\u00e9sente un \u00e9tat impeccable.<\/p>","protected":false},"featured_media":341285,"template":"","meta":{"_et_pb_use_builder":"","_et_pb_old_content":"","_et_gb_content_width":""},"product_brand":[],"product_cat":[83,47],"product_tag":[],"proximite":[280,179],"class_list":{"0":"post-341272","1":"product","2":"type-product","3":"status-publish","4":"has-post-thumbnail","6":"product_cat-meuble-de-rangement","7":"product_cat-meubler","8":"pa_couleur-bois","9":"pa_etat-tres-bon-etat","10":"pa_materiau-bois","11":"pa_style-vintage","12":"proximite-morges","13":"proximite-vaud","15":"first","16":"instock","17":"sale","18":"shipping-taxable","19":"purchasable","20":"product-type-simple"},"yoast_head":"<!-- This site is optimized with the Yoast SEO plugin v27.4 - https:\/\/yoast.com\/product\/yoast-seo-wordpress\/ -->\n<title>Sideboard de Louis Paolozzi | lalmachine.com, mobilier et objets d\u00e9co vintage et design<\/title>\n<meta name=\"description\" content=\"Rare sideboard du designer Louis Paolozzi cr\u00e9\u00e9 dans les ann\u00e9es 50 pour l&#039;\u00e9diteur fran\u00e7ais Ren\u00e9 Gotfrid.\" \/>\n<meta name=\"robots\" content=\"index, follow, max-snippet:-1, max-image-preview:large, max-video-preview:-1\" \/>\n<link rel=\"canonical\" href=\"https:\/\/lalmachine.com\/de\/shop\/meubler\/meuble-de-rangement\/sideboard-de-louis-paolozzi\/\" \/>\n<meta property=\"og:locale\" content=\"de_DE\" \/>\n<meta property=\"og:type\" content=\"article\" \/>\n<meta property=\"og:title\" content=\"Sideboard de Louis Paolozzi | lalmachine.com, mobilier et objets d\u00e9co vintage et design\" \/>\n<meta property=\"og:description\" content=\"Rare sideboard du designer Louis Paolozzi cr\u00e9\u00e9 dans les ann\u00e9es 50 pour l&#039;\u00e9diteur fran\u00e7ais Ren\u00e9 Gotfrid.\" \/>\n<meta property=\"og:url\" content=\"https:\/\/lalmachine.com\/de\/shop\/meubler\/meuble-de-rangement\/sideboard-de-louis-paolozzi\/\" \/>\n<meta property=\"og:site_name\" content=\"lalmachine.com\" \/>\n<meta property=\"article:publisher\" content=\"https:\/\/facebook.com\/lalmachine\" \/>\n<meta property=\"article:modified_time\" content=\"2026-04-06T10:09:35+00:00\" \/>\n<meta property=\"og:image\" content=\"https:\/\/lalmachine.com\/wp-content\/uploads\/2025\/01\/696d-copie-scaled_clipped_rev_1-scaled.jpeg\" \/>\n\t<meta property=\"og:image:width\" content=\"2560\" \/>\n\t<meta property=\"og:image:height\" content=\"2560\" \/>\n\t<meta property=\"og:image:type\" content=\"image\/jpeg\" \/>\n<meta name=\"twitter:card\" content=\"summary_large_image\" \/>\n<script type=\"application\/ld+json\" class=\"yoast-schema-graph\">{\"@context\":\"https:\\\/\\\/schema.org\",\"@graph\":[{\"@type\":\"WebPage\",\"@id\":\"https:\\\/\\\/lalmachine.com\\\/shop\\\/meubler\\\/meuble-de-rangement\\\/sideboard-de-louis-paolozzi\\\/\",\"url\":\"https:\\\/\\\/lalmachine.com\\\/shop\\\/meubler\\\/meuble-de-rangement\\\/sideboard-de-louis-paolozzi\\\/\",\"name\":\"Sideboard de Louis Paolozzi | lalmachine.com, mobilier et objets d\u00e9co vintage et design\",\"isPartOf\":{\"@id\":\"https:\\\/\\\/lalmachine.com\\\/#website\"},\"primaryImageOfPage\":{\"@id\":\"https:\\\/\\\/lalmachine.com\\\/shop\\\/meubler\\\/meuble-de-rangement\\\/sideboard-de-louis-paolozzi\\\/#primaryimage\"},\"image\":{\"@id\":\"https:\\\/\\\/lalmachine.com\\\/shop\\\/meubler\\\/meuble-de-rangement\\\/sideboard-de-louis-paolozzi\\\/#primaryimage\"},\"thumbnailUrl\":\"https:\\\/\\\/lalmachine.com\\\/wp-content\\\/uploads\\\/2025\\\/01\\\/696d-copie-scaled_clipped_rev_1-scaled.jpeg\",\"datePublished\":\"2025-01-31T15:11:53+00:00\",\"dateModified\":\"2026-04-06T10:09:35+00:00\",\"description\":\"Rare sideboard du designer Louis Paolozzi cr\u00e9\u00e9 dans les ann\u00e9es 50 pour l'\u00e9diteur fran\u00e7ais Ren\u00e9 Gotfrid.\",\"breadcrumb\":{\"@id\":\"https:\\\/\\\/lalmachine.com\\\/shop\\\/meubler\\\/meuble-de-rangement\\\/sideboard-de-louis-paolozzi\\\/#breadcrumb\"},\"inLanguage\":\"de\",\"potentialAction\":[{\"@type\":\"ReadAction\",\"target\":[\"https:\\\/\\\/lalmachine.com\\\/shop\\\/meubler\\\/meuble-de-rangement\\\/sideboard-de-louis-paolozzi\\\/\"]}]},{\"@type\":\"ImageObject\",\"inLanguage\":\"de\",\"@id\":\"https:\\\/\\\/lalmachine.com\\\/shop\\\/meubler\\\/meuble-de-rangement\\\/sideboard-de-louis-paolozzi\\\/#primaryimage\",\"url\":\"https:\\\/\\\/lalmachine.com\\\/wp-content\\\/uploads\\\/2025\\\/01\\\/696d-copie-scaled_clipped_rev_1-scaled.jpeg\",\"contentUrl\":\"https:\\\/\\\/lalmachine.com\\\/wp-content\\\/uploads\\\/2025\\\/01\\\/696d-copie-scaled_clipped_rev_1-scaled.jpeg\",\"width\":2560,\"height\":2560,\"caption\":\"Sideboard de Louis Paolozzi\"},{\"@type\":\"BreadcrumbList\",\"@id\":\"https:\\\/\\\/lalmachine.com\\\/shop\\\/meubler\\\/meuble-de-rangement\\\/sideboard-de-louis-paolozzi\\\/#breadcrumb\",\"itemListElement\":[{\"@type\":\"ListItem\",\"position\":1,\"name\":\"Accueil\",\"item\":\"https:\\\/\\\/lalmachine.com\\\/\"},{\"@type\":\"ListItem\",\"position\":2,\"name\":\"Shop\",\"item\":\"https:\\\/\\\/lalmachine.com\\\/shop\\\/\"},{\"@type\":\"ListItem\",\"position\":3,\"name\":\"Sideboard de Louis Paolozzi\"}]},{\"@type\":\"WebSite\",\"@id\":\"https:\\\/\\\/lalmachine.com\\\/#website\",\"url\":\"https:\\\/\\\/lalmachine.com\\\/\",\"name\":\"lalmachine.com\",\"description\":\"Brocante en ligne Suisse | Mobilier et objets d\u00e9co vintage et design\",\"potentialAction\":[{\"@type\":\"SearchAction\",\"target\":{\"@type\":\"EntryPoint\",\"urlTemplate\":\"https:\\\/\\\/lalmachine.com\\\/?s={search_term_string}\"},\"query-input\":{\"@type\":\"PropertyValueSpecification\",\"valueRequired\":true,\"valueName\":\"search_term_string\"}}],\"inLanguage\":\"de\"}]}<\/script>\n<!-- \/ Yoast SEO plugin. -->","yoast_head_json":{"title":"Sideboard de Louis Paolozzi | lalmachine.com, mobilier et objets d\u00e9co vintage et design","description":"Rare sideboard du designer Louis Paolozzi cr\u00e9\u00e9 dans les ann\u00e9es 50 pour l'\u00e9diteur fran\u00e7ais Ren\u00e9 Gotfrid.","robots":{"index":"index","follow":"follow","max-snippet":"max-snippet:-1","max-image-preview":"max-image-preview:large","max-video-preview":"max-video-preview:-1"},"canonical":"https:\/\/lalmachine.com\/de\/shop\/meubler\/meuble-de-rangement\/sideboard-de-louis-paolozzi\/","og_locale":"de_DE","og_type":"article","og_title":"Sideboard de Louis Paolozzi | lalmachine.com, mobilier et objets d\u00e9co vintage et design","og_description":"Rare sideboard du designer Louis Paolozzi cr\u00e9\u00e9 dans les ann\u00e9es 50 pour l'\u00e9diteur fran\u00e7ais Ren\u00e9 Gotfrid.","og_url":"https:\/\/lalmachine.com\/de\/shop\/meubler\/meuble-de-rangement\/sideboard-de-louis-paolozzi\/","og_site_name":"lalmachine.com","article_publisher":"https:\/\/facebook.com\/lalmachine","article_modified_time":"2026-04-06T10:09:35+00:00","og_image":[{"width":2560,"height":2560,"url":"https:\/\/lalmachine.com\/wp-content\/uploads\/2025\/01\/696d-copie-scaled_clipped_rev_1-scaled.jpeg","type":"image\/jpeg"}],"twitter_card":"summary_large_image","schema":{"@context":"https:\/\/schema.org","@graph":[{"@type":"WebPage","@id":"https:\/\/lalmachine.com\/shop\/meubler\/meuble-de-rangement\/sideboard-de-louis-paolozzi\/","url":"https:\/\/lalmachine.com\/shop\/meubler\/meuble-de-rangement\/sideboard-de-louis-paolozzi\/","name":"Sideboard de Louis Paolozzi | lalmachine.com, mobilier et objets d\u00e9co vintage et design","isPartOf":{"@id":"https:\/\/lalmachine.com\/#website"},"primaryImageOfPage":{"@id":"https:\/\/lalmachine.com\/shop\/meubler\/meuble-de-rangement\/sideboard-de-louis-paolozzi\/#primaryimage"},"image":{"@id":"https:\/\/lalmachine.com\/shop\/meubler\/meuble-de-rangement\/sideboard-de-louis-paolozzi\/#primaryimage"},"thumbnailUrl":"https:\/\/lalmachine.com\/wp-content\/uploads\/2025\/01\/696d-copie-scaled_clipped_rev_1-scaled.jpeg","datePublished":"2025-01-31T15:11:53+00:00","dateModified":"2026-04-06T10:09:35+00:00","description":"Rare sideboard du designer Louis Paolozzi cr\u00e9\u00e9 dans les ann\u00e9es 50 pour l'\u00e9diteur fran\u00e7ais Ren\u00e9 Gotfrid.","breadcrumb":{"@id":"https:\/\/lalmachine.com\/shop\/meubler\/meuble-de-rangement\/sideboard-de-louis-paolozzi\/#breadcrumb"},"inLanguage":"de","potentialAction":[{"@type":"ReadAction","target":["https:\/\/lalmachine.com\/shop\/meubler\/meuble-de-rangement\/sideboard-de-louis-paolozzi\/"]}]},{"@type":"ImageObject","inLanguage":"de","@id":"https:\/\/lalmachine.com\/shop\/meubler\/meuble-de-rangement\/sideboard-de-louis-paolozzi\/#primaryimage","url":"https:\/\/lalmachine.com\/wp-content\/uploads\/2025\/01\/696d-copie-scaled_clipped_rev_1-scaled.jpeg","contentUrl":"https:\/\/lalmachine.com\/wp-content\/uploads\/2025\/01\/696d-copie-scaled_clipped_rev_1-scaled.jpeg","width":2560,"height":2560,"caption":"Sideboard de Louis Paolozzi"},{"@type":"BreadcrumbList","@id":"https:\/\/lalmachine.com\/shop\/meubler\/meuble-de-rangement\/sideboard-de-louis-paolozzi\/#breadcrumb","itemListElement":[{"@type":"ListItem","position":1,"name":"Accueil","item":"https:\/\/lalmachine.com\/"},{"@type":"ListItem","position":2,"name":"Shop","item":"https:\/\/lalmachine.com\/shop\/"},{"@type":"ListItem","position":3,"name":"Sideboard de Louis Paolozzi"}]},{"@type":"WebSite","@id":"https:\/\/lalmachine.com\/#website","url":"https:\/\/lalmachine.com\/","name":"lalmachine.com","description":"Brocante en ligne Suisse | Mobilier et objets d\u00e9co vintage et design","potentialAction":[{"@type":"SearchAction","target":{"@type":"EntryPoint","urlTemplate":"https:\/\/lalmachine.com\/?s={search_term_string}"},"query-input":{"@type":"PropertyValueSpecification","valueRequired":true,"valueName":"search_term_string"}}],"inLanguage":"de"}]}},"_links":{"self":[{"href":"https:\/\/lalmachine.com\/de\/wp-json\/wp\/v2\/product\/341272","targetHints":{"allow":["GET"]}}],"collection":[{"href":"https:\/\/lalmachine.com\/de\/wp-json\/wp\/v2\/product"}],"about":[{"href":"https:\/\/lalmachine.com\/de\/wp-json\/wp\/v2\/types\/product"}],"wp:featuredmedia":[{"embeddable":true,"href":"https:\/\/lalmachine.com\/de\/wp-json\/wp\/v2\/media\/341285"}],"wp:attachment":[{"href":"https:\/\/lalmachine.com\/de\/wp-json\/wp\/v2\/media?parent=341272"}],"wp:term":[{"taxonomy":"product_brand","embeddable":true,"href":"https:\/\/lalmachine.com\/de\/wp-json\/wp\/v2\/product_brand?post=341272"},{"taxonomy":"product_cat","embeddable":true,"href":"https:\/\/lalmachine.com\/de\/wp-json\/wp\/v2\/product_cat?post=341272"},{"taxonomy":"product_tag","embeddable":true,"href":"https:\/\/lalmachine.com\/de\/wp-json\/wp\/v2\/product_tag?post=341272"},{"taxonomy":"proximite","embeddable":true,"href":"https:\/\/lalmachine.com\/de\/wp-json\/wp\/v2\/proximite?post=341272"}],"curies":[{"name":"wp","href":"https:\/\/api.w.org\/{rel}","templated":true}]}}