{"id":341282,"date":"2025-01-31T16:13:32","date_gmt":"2025-01-31T15:13:32","guid":{"rendered":"https:\/\/lalmachine.com\/?post_type=product&#038;p=341282"},"modified":"2025-03-05T20:37:27","modified_gmt":"2025-03-05T19:37:27","slug":"fauteuils-de-salon-vintage-en-cuir-par-stoll-giroflex-allemagne-1970","status":"publish","type":"product","link":"https:\/\/lalmachine.com\/de\/shop\/sasseoir\/canape-fauteuil-pouf\/fauteuils-de-salon-vintage-en-cuir-par-stoll-giroflex-allemagne-1970\/","title":{"rendered":"Fauteuils de salon vintage en cuir par Stoll Giroflex, Allemagne, 1970."},"content":{"rendered":"<ul class=\"wpuf_customs\"><li style=\"list-style-type:none;\"><label>Autres photos:<\/label> <a href=\"https:\/\/lalmachine.com\/wp-content\/uploads\/2025\/01\/IMG_3648-scaled.jpeg\"><img loading=\"lazy\" decoding=\"async\" width=\"72\" height=\"96\" src=\"https:\/\/lalmachine.com\/wp-content\/uploads\/2025\/01\/IMG_3648-scaled.jpeg\" class=\"attachment-thumbnail size-thumbnail\" alt=\"\" \/><\/a> <a href=\"https:\/\/lalmachine.com\/wp-content\/uploads\/2025\/01\/IMG_3650-scaled.jpeg\"><img loading=\"lazy\" decoding=\"async\" width=\"72\" height=\"96\" src=\"https:\/\/lalmachine.com\/wp-content\/uploads\/2025\/01\/IMG_3650-scaled.jpeg\" class=\"attachment-thumbnail size-thumbnail\" alt=\"\" \/><\/a> <a href=\"https:\/\/lalmachine.com\/wp-content\/uploads\/2025\/01\/IMG_3651-scaled.jpeg\"><img loading=\"lazy\" decoding=\"async\" width=\"72\" height=\"96\" src=\"https:\/\/lalmachine.com\/wp-content\/uploads\/2025\/01\/IMG_3651-scaled.jpeg\" class=\"attachment-thumbnail size-thumbnail\" alt=\"\" \/><\/a> <a href=\"https:\/\/lalmachine.com\/wp-content\/uploads\/2025\/01\/IMG_3654-scaled.jpeg\"><img loading=\"lazy\" decoding=\"async\" width=\"72\" height=\"96\" src=\"https:\/\/lalmachine.com\/wp-content\/uploads\/2025\/01\/IMG_3654-scaled.jpeg\" class=\"attachment-thumbnail size-thumbnail\" alt=\"\" \/><\/a> <a href=\"https:\/\/lalmachine.com\/wp-content\/uploads\/2025\/01\/IMG_3656-scaled.jpeg\"><img loading=\"lazy\" decoding=\"async\" width=\"128\" height=\"96\" src=\"https:\/\/lalmachine.com\/wp-content\/uploads\/2025\/01\/IMG_3656-scaled.jpeg\" class=\"attachment-thumbnail size-thumbnail\" alt=\"\" \/><\/a> <a href=\"https:\/\/lalmachine.com\/wp-content\/uploads\/2025\/01\/IMG_3659-scaled.jpeg\"><img loading=\"lazy\" decoding=\"async\" width=\"72\" height=\"96\" src=\"https:\/\/lalmachine.com\/wp-content\/uploads\/2025\/01\/IMG_3659-scaled.jpeg\" class=\"attachment-thumbnail size-thumbnail\" alt=\"\" \/><\/a> <a href=\"https:\/\/lalmachine.com\/wp-content\/uploads\/2025\/01\/IMG_3662-scaled.jpeg\"><img loading=\"lazy\" decoding=\"async\" width=\"128\" height=\"96\" src=\"https:\/\/lalmachine.com\/wp-content\/uploads\/2025\/01\/IMG_3662-scaled.jpeg\" class=\"attachment-thumbnail size-thumbnail\" alt=\"\" \/><\/a> <a href=\"https:\/\/lalmachine.com\/wp-content\/uploads\/2025\/01\/IMG_3665-scaled.jpeg\"><img loading=\"lazy\" decoding=\"async\" width=\"72\" height=\"96\" src=\"https:\/\/lalmachine.com\/wp-content\/uploads\/2025\/01\/IMG_3665-scaled.jpeg\" class=\"attachment-thumbnail size-thumbnail\" alt=\"\" \/><\/a> <\/li>        <li class=\"wpuf-field-data wpuf-field-data-numeric_text_field\">\n                            <label>Prix:<\/label>\n                        750        <\/li>\n                <li class=\"wpuf-field-data wpuf-field-data-numeric_text_field\">\n                            <label>Hauteur (cm):<\/label>\n                        78        <\/li>\n                <li class=\"wpuf-field-data wpuf-field-data-numeric_text_field\">\n                            <label>Largeur (cm):<\/label>\n                        66        <\/li>\n                <li class=\"wpuf-field-data wpuf-field-data-numeric_text_field\">\n                            <label>Profondeur (cm):<\/label>\n                        66        <\/li>\n        <\/ul>","protected":false},"excerpt":{"rendered":"<p>Lot de 2 fauteuils modernes du milieu en cuir noir et structure chrom\u00e9e. Les fauteuils ont \u00e9t\u00e9 fabriqu\u00e9s dans les ann\u00e9es 1970 par la soci\u00e9t\u00e9 allemande Stoll Giroflex et sont en tr\u00e8s bon \u00e9tat. Vendu en ensemble.<\/p>\n<p>On peut noter quelques traces de vie, cuir plus mat sur un des fauteuil (tr\u00e8s l\u00e9ger), de tr\u00e8s l\u00e9g\u00e8res griffures et les structures en m\u00e9tal chrom\u00e9 avec des l\u00e9g\u00e8res oxydations et t\u00e2ches de rouille.<\/p>","protected":false},"featured_media":341284,"template":"","meta":{"_et_pb_use_builder":"","_et_pb_old_content":"","_et_gb_content_width":""},"product_brand":[],"product_cat":[99,48],"product_tag":[],"proximite":[278,179],"class_list":{"0":"post-341282","1":"product","2":"type-product","3":"status-publish","4":"has-post-thumbnail","6":"product_cat-canape-fauteuil-pouf","7":"product_cat-sasseoir","8":"pa_couleur-noir","9":"pa_etat-tres-bon-etat","10":"pa_materiau-cuir","11":"pa_style-vintage","12":"proximite-lausanne","13":"proximite-vaud","15":"first","16":"outofstock","17":"sale","18":"shipping-taxable","19":"purchasable","20":"product-type-simple"},"yoast_head":"<!-- This site is optimized with the Yoast SEO plugin v27.4 - https:\/\/yoast.com\/product\/yoast-seo-wordpress\/ -->\n<title>Fauteuils de salon vintage en cuir par Stoll Giroflex, Allemagne, 1970. | lalmachine.com<\/title>\n<meta name=\"description\" content=\"Lot de 2 fauteuils modernes du milieu en cuir noir et structure chrom\u00e9e. Les fauteuils ont \u00e9t\u00e9 fabriqu\u00e9s dans les ann\u00e9es 1970 par la soci\u00e9t\u00e9 allemande Stoll Giroflex.\" \/>\n<meta name=\"robots\" content=\"index, follow, max-snippet:-1, max-image-preview:large, max-video-preview:-1\" \/>\n<link rel=\"canonical\" href=\"https:\/\/lalmachine.com\/de\/shop\/sasseoir\/canape-fauteuil-pouf\/fauteuils-de-salon-vintage-en-cuir-par-stoll-giroflex-allemagne-1970\/\" \/>\n<meta property=\"og:locale\" content=\"de_DE\" \/>\n<meta property=\"og:type\" content=\"article\" \/>\n<meta property=\"og:title\" content=\"Fauteuils de salon vintage en cuir par Stoll Giroflex, Allemagne, 1970. | lalmachine.com\" \/>\n<meta property=\"og:description\" content=\"Lot de 2 fauteuils modernes du milieu en cuir noir et structure chrom\u00e9e. Les fauteuils ont \u00e9t\u00e9 fabriqu\u00e9s dans les ann\u00e9es 1970 par la soci\u00e9t\u00e9 allemande Stoll Giroflex.\" \/>\n<meta property=\"og:url\" content=\"https:\/\/lalmachine.com\/de\/shop\/sasseoir\/canape-fauteuil-pouf\/fauteuils-de-salon-vintage-en-cuir-par-stoll-giroflex-allemagne-1970\/\" \/>\n<meta property=\"og:site_name\" content=\"lalmachine.com\" \/>\n<meta property=\"article:publisher\" content=\"https:\/\/facebook.com\/lalmachine\" \/>\n<meta property=\"article:modified_time\" content=\"2025-03-05T19:37:27+00:00\" \/>\n<meta property=\"og:image\" content=\"https:\/\/lalmachine.com\/wp-content\/uploads\/2025\/01\/IMG_3648-scaled_clipped_rev_1.jpeg\" \/>\n\t<meta property=\"og:image:width\" content=\"2139\" \/>\n\t<meta property=\"og:image:height\" content=\"2139\" \/>\n\t<meta property=\"og:image:type\" content=\"image\/jpeg\" \/>\n<meta name=\"twitter:card\" content=\"summary_large_image\" \/>\n<script type=\"application\/ld+json\" class=\"yoast-schema-graph\">{\"@context\":\"https:\\\/\\\/schema.org\",\"@graph\":[{\"@type\":\"WebPage\",\"@id\":\"https:\\\/\\\/lalmachine.com\\\/shop\\\/sasseoir\\\/canape-fauteuil-pouf\\\/fauteuils-de-salon-vintage-en-cuir-par-stoll-giroflex-allemagne-1970\\\/\",\"url\":\"https:\\\/\\\/lalmachine.com\\\/shop\\\/sasseoir\\\/canape-fauteuil-pouf\\\/fauteuils-de-salon-vintage-en-cuir-par-stoll-giroflex-allemagne-1970\\\/\",\"name\":\"Fauteuils de salon vintage en cuir par Stoll Giroflex, Allemagne, 1970. | lalmachine.com\",\"isPartOf\":{\"@id\":\"https:\\\/\\\/lalmachine.com\\\/#website\"},\"primaryImageOfPage\":{\"@id\":\"https:\\\/\\\/lalmachine.com\\\/shop\\\/sasseoir\\\/canape-fauteuil-pouf\\\/fauteuils-de-salon-vintage-en-cuir-par-stoll-giroflex-allemagne-1970\\\/#primaryimage\"},\"image\":{\"@id\":\"https:\\\/\\\/lalmachine.com\\\/shop\\\/sasseoir\\\/canape-fauteuil-pouf\\\/fauteuils-de-salon-vintage-en-cuir-par-stoll-giroflex-allemagne-1970\\\/#primaryimage\"},\"thumbnailUrl\":\"https:\\\/\\\/lalmachine.com\\\/wp-content\\\/uploads\\\/2025\\\/01\\\/IMG_3648-scaled_clipped_rev_1.jpeg\",\"datePublished\":\"2025-01-31T15:13:32+00:00\",\"dateModified\":\"2025-03-05T19:37:27+00:00\",\"description\":\"Lot de 2 fauteuils modernes du milieu en cuir noir et structure chrom\u00e9e. Les fauteuils ont \u00e9t\u00e9 fabriqu\u00e9s dans les ann\u00e9es 1970 par la soci\u00e9t\u00e9 allemande Stoll Giroflex.\",\"breadcrumb\":{\"@id\":\"https:\\\/\\\/lalmachine.com\\\/shop\\\/sasseoir\\\/canape-fauteuil-pouf\\\/fauteuils-de-salon-vintage-en-cuir-par-stoll-giroflex-allemagne-1970\\\/#breadcrumb\"},\"inLanguage\":\"de\",\"potentialAction\":[{\"@type\":\"ReadAction\",\"target\":[\"https:\\\/\\\/lalmachine.com\\\/shop\\\/sasseoir\\\/canape-fauteuil-pouf\\\/fauteuils-de-salon-vintage-en-cuir-par-stoll-giroflex-allemagne-1970\\\/\"]}]},{\"@type\":\"ImageObject\",\"inLanguage\":\"de\",\"@id\":\"https:\\\/\\\/lalmachine.com\\\/shop\\\/sasseoir\\\/canape-fauteuil-pouf\\\/fauteuils-de-salon-vintage-en-cuir-par-stoll-giroflex-allemagne-1970\\\/#primaryimage\",\"url\":\"https:\\\/\\\/lalmachine.com\\\/wp-content\\\/uploads\\\/2025\\\/01\\\/IMG_3648-scaled_clipped_rev_1.jpeg\",\"contentUrl\":\"https:\\\/\\\/lalmachine.com\\\/wp-content\\\/uploads\\\/2025\\\/01\\\/IMG_3648-scaled_clipped_rev_1.jpeg\",\"width\":2139,\"height\":2139,\"caption\":\"Fauteuils de salon vintage en cuir par Stoll Giroflex Allemagne 1970\"},{\"@type\":\"BreadcrumbList\",\"@id\":\"https:\\\/\\\/lalmachine.com\\\/shop\\\/sasseoir\\\/canape-fauteuil-pouf\\\/fauteuils-de-salon-vintage-en-cuir-par-stoll-giroflex-allemagne-1970\\\/#breadcrumb\",\"itemListElement\":[{\"@type\":\"ListItem\",\"position\":1,\"name\":\"Accueil\",\"item\":\"https:\\\/\\\/lalmachine.com\\\/\"},{\"@type\":\"ListItem\",\"position\":2,\"name\":\"Shop\",\"item\":\"https:\\\/\\\/lalmachine.com\\\/shop\\\/\"},{\"@type\":\"ListItem\",\"position\":3,\"name\":\"Fauteuils de salon vintage en cuir par Stoll Giroflex, Allemagne, 1970.\"}]},{\"@type\":\"WebSite\",\"@id\":\"https:\\\/\\\/lalmachine.com\\\/#website\",\"url\":\"https:\\\/\\\/lalmachine.com\\\/\",\"name\":\"lalmachine.com\",\"description\":\"Brocante en ligne Suisse | Mobilier et objets d\u00e9co vintage et design\",\"potentialAction\":[{\"@type\":\"SearchAction\",\"target\":{\"@type\":\"EntryPoint\",\"urlTemplate\":\"https:\\\/\\\/lalmachine.com\\\/?s={search_term_string}\"},\"query-input\":{\"@type\":\"PropertyValueSpecification\",\"valueRequired\":true,\"valueName\":\"search_term_string\"}}],\"inLanguage\":\"de\"}]}<\/script>\n<!-- \/ Yoast SEO plugin. -->","yoast_head_json":{"title":"Fauteuils de salon vintage en cuir par Stoll Giroflex, Allemagne, 1970. | lalmachine.com","description":"Lot de 2 fauteuils modernes du milieu en cuir noir et structure chrom\u00e9e. Les fauteuils ont \u00e9t\u00e9 fabriqu\u00e9s dans les ann\u00e9es 1970 par la soci\u00e9t\u00e9 allemande Stoll Giroflex.","robots":{"index":"index","follow":"follow","max-snippet":"max-snippet:-1","max-image-preview":"max-image-preview:large","max-video-preview":"max-video-preview:-1"},"canonical":"https:\/\/lalmachine.com\/de\/shop\/sasseoir\/canape-fauteuil-pouf\/fauteuils-de-salon-vintage-en-cuir-par-stoll-giroflex-allemagne-1970\/","og_locale":"de_DE","og_type":"article","og_title":"Fauteuils de salon vintage en cuir par Stoll Giroflex, Allemagne, 1970. | lalmachine.com","og_description":"Lot de 2 fauteuils modernes du milieu en cuir noir et structure chrom\u00e9e. Les fauteuils ont \u00e9t\u00e9 fabriqu\u00e9s dans les ann\u00e9es 1970 par la soci\u00e9t\u00e9 allemande Stoll Giroflex.","og_url":"https:\/\/lalmachine.com\/de\/shop\/sasseoir\/canape-fauteuil-pouf\/fauteuils-de-salon-vintage-en-cuir-par-stoll-giroflex-allemagne-1970\/","og_site_name":"lalmachine.com","article_publisher":"https:\/\/facebook.com\/lalmachine","article_modified_time":"2025-03-05T19:37:27+00:00","og_image":[{"width":2139,"height":2139,"url":"https:\/\/lalmachine.com\/wp-content\/uploads\/2025\/01\/IMG_3648-scaled_clipped_rev_1.jpeg","type":"image\/jpeg"}],"twitter_card":"summary_large_image","schema":{"@context":"https:\/\/schema.org","@graph":[{"@type":"WebPage","@id":"https:\/\/lalmachine.com\/shop\/sasseoir\/canape-fauteuil-pouf\/fauteuils-de-salon-vintage-en-cuir-par-stoll-giroflex-allemagne-1970\/","url":"https:\/\/lalmachine.com\/shop\/sasseoir\/canape-fauteuil-pouf\/fauteuils-de-salon-vintage-en-cuir-par-stoll-giroflex-allemagne-1970\/","name":"Fauteuils de salon vintage en cuir par Stoll Giroflex, Allemagne, 1970. | lalmachine.com","isPartOf":{"@id":"https:\/\/lalmachine.com\/#website"},"primaryImageOfPage":{"@id":"https:\/\/lalmachine.com\/shop\/sasseoir\/canape-fauteuil-pouf\/fauteuils-de-salon-vintage-en-cuir-par-stoll-giroflex-allemagne-1970\/#primaryimage"},"image":{"@id":"https:\/\/lalmachine.com\/shop\/sasseoir\/canape-fauteuil-pouf\/fauteuils-de-salon-vintage-en-cuir-par-stoll-giroflex-allemagne-1970\/#primaryimage"},"thumbnailUrl":"https:\/\/lalmachine.com\/wp-content\/uploads\/2025\/01\/IMG_3648-scaled_clipped_rev_1.jpeg","datePublished":"2025-01-31T15:13:32+00:00","dateModified":"2025-03-05T19:37:27+00:00","description":"Lot de 2 fauteuils modernes du milieu en cuir noir et structure chrom\u00e9e. Les fauteuils ont \u00e9t\u00e9 fabriqu\u00e9s dans les ann\u00e9es 1970 par la soci\u00e9t\u00e9 allemande Stoll Giroflex.","breadcrumb":{"@id":"https:\/\/lalmachine.com\/shop\/sasseoir\/canape-fauteuil-pouf\/fauteuils-de-salon-vintage-en-cuir-par-stoll-giroflex-allemagne-1970\/#breadcrumb"},"inLanguage":"de","potentialAction":[{"@type":"ReadAction","target":["https:\/\/lalmachine.com\/shop\/sasseoir\/canape-fauteuil-pouf\/fauteuils-de-salon-vintage-en-cuir-par-stoll-giroflex-allemagne-1970\/"]}]},{"@type":"ImageObject","inLanguage":"de","@id":"https:\/\/lalmachine.com\/shop\/sasseoir\/canape-fauteuil-pouf\/fauteuils-de-salon-vintage-en-cuir-par-stoll-giroflex-allemagne-1970\/#primaryimage","url":"https:\/\/lalmachine.com\/wp-content\/uploads\/2025\/01\/IMG_3648-scaled_clipped_rev_1.jpeg","contentUrl":"https:\/\/lalmachine.com\/wp-content\/uploads\/2025\/01\/IMG_3648-scaled_clipped_rev_1.jpeg","width":2139,"height":2139,"caption":"Fauteuils de salon vintage en cuir par Stoll Giroflex Allemagne 1970"},{"@type":"BreadcrumbList","@id":"https:\/\/lalmachine.com\/shop\/sasseoir\/canape-fauteuil-pouf\/fauteuils-de-salon-vintage-en-cuir-par-stoll-giroflex-allemagne-1970\/#breadcrumb","itemListElement":[{"@type":"ListItem","position":1,"name":"Accueil","item":"https:\/\/lalmachine.com\/"},{"@type":"ListItem","position":2,"name":"Shop","item":"https:\/\/lalmachine.com\/shop\/"},{"@type":"ListItem","position":3,"name":"Fauteuils de salon vintage en cuir par Stoll Giroflex, Allemagne, 1970."}]},{"@type":"WebSite","@id":"https:\/\/lalmachine.com\/#website","url":"https:\/\/lalmachine.com\/","name":"lalmachine.com","description":"Brocante en ligne Suisse | Mobilier et objets d\u00e9co vintage et design","potentialAction":[{"@type":"SearchAction","target":{"@type":"EntryPoint","urlTemplate":"https:\/\/lalmachine.com\/?s={search_term_string}"},"query-input":{"@type":"PropertyValueSpecification","valueRequired":true,"valueName":"search_term_string"}}],"inLanguage":"de"}]}},"_links":{"self":[{"href":"https:\/\/lalmachine.com\/de\/wp-json\/wp\/v2\/product\/341282","targetHints":{"allow":["GET"]}}],"collection":[{"href":"https:\/\/lalmachine.com\/de\/wp-json\/wp\/v2\/product"}],"about":[{"href":"https:\/\/lalmachine.com\/de\/wp-json\/wp\/v2\/types\/product"}],"wp:featuredmedia":[{"embeddable":true,"href":"https:\/\/lalmachine.com\/de\/wp-json\/wp\/v2\/media\/341284"}],"wp:attachment":[{"href":"https:\/\/lalmachine.com\/de\/wp-json\/wp\/v2\/media?parent=341282"}],"wp:term":[{"taxonomy":"product_brand","embeddable":true,"href":"https:\/\/lalmachine.com\/de\/wp-json\/wp\/v2\/product_brand?post=341282"},{"taxonomy":"product_cat","embeddable":true,"href":"https:\/\/lalmachine.com\/de\/wp-json\/wp\/v2\/product_cat?post=341282"},{"taxonomy":"product_tag","embeddable":true,"href":"https:\/\/lalmachine.com\/de\/wp-json\/wp\/v2\/product_tag?post=341282"},{"taxonomy":"proximite","embeddable":true,"href":"https:\/\/lalmachine.com\/de\/wp-json\/wp\/v2\/proximite?post=341282"}],"curies":[{"name":"wp","href":"https:\/\/api.w.org\/{rel}","templated":true}]}}