{"id":341336,"date":"2025-02-02T13:19:41","date_gmt":"2025-02-02T12:19:41","guid":{"rendered":"https:\/\/lalmachine.com\/?post_type=product&#038;p=341336"},"modified":"2025-02-08T10:51:57","modified_gmt":"2025-02-08T09:51:57","slug":"sideboard-en-hetre-j-perrenoud-suisse-1940s","status":"publish","type":"product","link":"https:\/\/lalmachine.com\/de\/shop\/meubler\/meuble-de-rangement\/sideboard-en-hetre-j-perrenoud-suisse-1940s\/","title":{"rendered":"Sideboard en h\u00eatre, J. Perrenoud, Suisse, 1940&rsquo;s"},"content":{"rendered":"<ul class=\"wpuf_customs\"><li style=\"list-style-type:none;\"><label>Autres photos:<\/label> <a href=\"https:\/\/lalmachine.com\/wp-content\/uploads\/2025\/01\/CAEE03AA-DC16-442C-96B7-1173373C6086_1_201_a-scaled.jpeg\"><img loading=\"lazy\" decoding=\"async\" width=\"96\" height=\"96\" src=\"https:\/\/lalmachine.com\/wp-content\/uploads\/2025\/01\/CAEE03AA-DC16-442C-96B7-1173373C6086_1_201_a-scaled.jpeg\" class=\"attachment-thumbnail size-thumbnail\" alt=\"\" \/><\/a> <a href=\"https:\/\/lalmachine.com\/wp-content\/uploads\/2025\/01\/BCAD1E0D-42D4-482E-AE2C-1F4A17678864_1_201_a-scaled.jpeg\"><img loading=\"lazy\" decoding=\"async\" width=\"96\" height=\"96\" src=\"https:\/\/lalmachine.com\/wp-content\/uploads\/2025\/01\/BCAD1E0D-42D4-482E-AE2C-1F4A17678864_1_201_a-scaled.jpeg\" class=\"attachment-thumbnail size-thumbnail\" alt=\"\" \/><\/a> <a href=\"https:\/\/lalmachine.com\/wp-content\/uploads\/2025\/01\/2F9B7CB1-7974-4471-8FFE-24D25BD95F8D_1_201_a-scaled.jpeg\"><img loading=\"lazy\" decoding=\"async\" width=\"96\" height=\"96\" src=\"https:\/\/lalmachine.com\/wp-content\/uploads\/2025\/01\/2F9B7CB1-7974-4471-8FFE-24D25BD95F8D_1_201_a-scaled.jpeg\" class=\"attachment-thumbnail size-thumbnail\" alt=\"\" \/><\/a> <a href=\"https:\/\/lalmachine.com\/wp-content\/uploads\/2025\/01\/86E54885-4EF2-4E46-8799-8AC638957203_1_201_a-scaled.jpeg\"><img loading=\"lazy\" decoding=\"async\" width=\"96\" height=\"96\" src=\"https:\/\/lalmachine.com\/wp-content\/uploads\/2025\/01\/86E54885-4EF2-4E46-8799-8AC638957203_1_201_a-scaled.jpeg\" class=\"attachment-thumbnail size-thumbnail\" alt=\"\" \/><\/a> <a href=\"https:\/\/lalmachine.com\/wp-content\/uploads\/2025\/01\/C5E15900-5A10-4613-90DE-AC2DD42BB364_1_201_a-scaled.jpeg\"><img loading=\"lazy\" decoding=\"async\" width=\"96\" height=\"96\" src=\"https:\/\/lalmachine.com\/wp-content\/uploads\/2025\/01\/C5E15900-5A10-4613-90DE-AC2DD42BB364_1_201_a-scaled.jpeg\" class=\"attachment-thumbnail size-thumbnail\" alt=\"\" \/><\/a> <a href=\"https:\/\/lalmachine.com\/wp-content\/uploads\/2025\/01\/193B73A5-FFF2-4A2D-BBF3-C449E3AD4D19_1_201_a-scaled.jpeg\"><img loading=\"lazy\" decoding=\"async\" width=\"96\" height=\"96\" src=\"https:\/\/lalmachine.com\/wp-content\/uploads\/2025\/01\/193B73A5-FFF2-4A2D-BBF3-C449E3AD4D19_1_201_a-scaled.jpeg\" class=\"attachment-thumbnail size-thumbnail\" alt=\"\" \/><\/a> <a href=\"https:\/\/lalmachine.com\/wp-content\/uploads\/2025\/01\/1BFE9B41-CC50-41C6-A562-3780BC866D30_1_201_a-scaled.jpeg\"><img loading=\"lazy\" decoding=\"async\" width=\"96\" height=\"96\" src=\"https:\/\/lalmachine.com\/wp-content\/uploads\/2025\/01\/1BFE9B41-CC50-41C6-A562-3780BC866D30_1_201_a-scaled.jpeg\" class=\"attachment-thumbnail size-thumbnail\" alt=\"\" \/><\/a> <a href=\"https:\/\/lalmachine.com\/wp-content\/uploads\/2025\/01\/EC42546E-82D2-4E12-BB9E-1BB92B27D6B7_1_201_a-scaled.jpeg\"><img loading=\"lazy\" decoding=\"async\" width=\"96\" height=\"96\" src=\"https:\/\/lalmachine.com\/wp-content\/uploads\/2025\/01\/EC42546E-82D2-4E12-BB9E-1BB92B27D6B7_1_201_a-scaled.jpeg\" class=\"attachment-thumbnail size-thumbnail\" alt=\"\" \/><\/a> <\/li>        <li class=\"wpuf-field-data wpuf-field-data-numeric_text_field\">\n                            <label>Prix:<\/label>\n                        420        <\/li>\n                <li class=\"wpuf-field-data wpuf-field-data-numeric_text_field\">\n                            <label>Quantit\u00e9:<\/label>\n                        0        <\/li>\n                <li class=\"wpuf-field-data wpuf-field-data-numeric_text_field\">\n                            <label>Hauteur (cm):<\/label>\n                        68        <\/li>\n                <li class=\"wpuf-field-data wpuf-field-data-numeric_text_field\">\n                            <label>Largeur (cm):<\/label>\n                        95        <\/li>\n                <li class=\"wpuf-field-data wpuf-field-data-numeric_text_field\">\n                            <label>Profondeur (cm):<\/label>\n                        30        <\/li>\n        <\/ul>","protected":false},"excerpt":{"rendered":"<p>Petit sideboard\/console des ann\u00e9es 40 en h\u00eatre massif.<\/p>\n<p>La fabrique Perrenoud fond\u00e9e en 1867 \u00e0 Cernier, \u00e9tait comme un paradoxe pour cette r\u00e9gion brillant dans l&rsquo;horlogerie car celle ci devint finalement une institution dans l&rsquo;univers du mobilier grace \u00e0 notamment la qualit\u00e9 des pi\u00e8ces qu&rsquo;elle proposait.<\/p>\n<p>Ce petit meuble des ann\u00e9es 40-50 est tr\u00e8s \u00e9l\u00e9gant grace \u00e0 la simplicit\u00e9 de sa ligne m\u00ealant toutefois quelques d\u00e9licats d\u00e9tails tels que les montants l\u00e9g\u00e8rement creus\u00e9s faisant office de pieds ainsi que sa poign\u00e9e ronde sp\u00e9cifique.<\/p>\n<p>Parfait au salon, dans une entr\u00e9e ou encore dans une chambre, son format compact permet cependant d&rsquo;accueillir une lampe sur le plateau sup\u00e9rieur ainsi qu&rsquo;une multitude de livres et d\u00e9corations.<\/p>\n<p>Etat:<br \/>\nTr\u00e8s bon \u00e9tat global pour son \u00e2ge, belle patine du bois, structure parfaitement rigide.<\/p>","protected":false},"featured_media":341355,"template":"","meta":{"_et_pb_use_builder":"","_et_pb_old_content":"","_et_gb_content_width":""},"product_brand":[],"product_cat":[83,47],"product_tag":[],"proximite":[283,179],"class_list":{"0":"post-341336","1":"product","2":"type-product","3":"status-publish","4":"has-post-thumbnail","6":"product_cat-meuble-de-rangement","7":"product_cat-meubler","8":"pa_couleur-marron","9":"pa_etat-bon-etat","10":"pa_materiau-bois","11":"pa_style-vintage","12":"proximite-riviera-pays-denhaut","13":"proximite-vaud","15":"first","16":"outofstock","17":"shipping-taxable","18":"purchasable","19":"product-type-simple"},"yoast_head":"<!-- This site is optimized with the Yoast SEO plugin v27.4 - https:\/\/yoast.com\/product\/yoast-seo-wordpress\/ -->\n<title>Sideboard en h\u00eatre, J. Perrenoud, Suisse, 1940&#039;s | lalmachine.com<\/title>\n<meta name=\"description\" content=\"Sideboard en h\u00eatre, J. Perrenoud, Suisse, 1940&#039;s\" \/>\n<meta name=\"robots\" content=\"index, follow, max-snippet:-1, max-image-preview:large, max-video-preview:-1\" \/>\n<link rel=\"canonical\" href=\"https:\/\/lalmachine.com\/de\/shop\/meubler\/meuble-de-rangement\/sideboard-en-hetre-j-perrenoud-suisse-1940s\/\" \/>\n<meta property=\"og:locale\" content=\"de_DE\" \/>\n<meta property=\"og:type\" content=\"article\" \/>\n<meta property=\"og:title\" content=\"Sideboard en h\u00eatre, J. Perrenoud, Suisse, 1940&#039;s | lalmachine.com\" \/>\n<meta property=\"og:description\" content=\"Sideboard en h\u00eatre, J. Perrenoud, Suisse, 1940&#039;s\" \/>\n<meta property=\"og:url\" content=\"https:\/\/lalmachine.com\/de\/shop\/meubler\/meuble-de-rangement\/sideboard-en-hetre-j-perrenoud-suisse-1940s\/\" \/>\n<meta property=\"og:site_name\" content=\"lalmachine.com\" \/>\n<meta property=\"article:publisher\" content=\"https:\/\/facebook.com\/lalmachine\" \/>\n<meta property=\"article:modified_time\" content=\"2025-02-08T09:51:57+00:00\" \/>\n<meta property=\"og:image\" content=\"https:\/\/lalmachine.com\/wp-content\/uploads\/2025\/01\/2F9B7CB1-7974-4471-8FFE-24D25BD95F8D_1_201_a-scaled_clipped_rev_1.jpeg\" \/>\n\t<meta property=\"og:image:width\" content=\"2289\" \/>\n\t<meta property=\"og:image:height\" content=\"2289\" \/>\n\t<meta property=\"og:image:type\" content=\"image\/jpeg\" \/>\n<meta name=\"twitter:card\" content=\"summary_large_image\" \/>\n<script type=\"application\/ld+json\" class=\"yoast-schema-graph\">{\"@context\":\"https:\\\/\\\/schema.org\",\"@graph\":[{\"@type\":\"WebPage\",\"@id\":\"https:\\\/\\\/lalmachine.com\\\/shop\\\/meubler\\\/meuble-de-rangement\\\/sideboard-en-hetre-j-perrenoud-suisse-1940s\\\/\",\"url\":\"https:\\\/\\\/lalmachine.com\\\/shop\\\/meubler\\\/meuble-de-rangement\\\/sideboard-en-hetre-j-perrenoud-suisse-1940s\\\/\",\"name\":\"Sideboard en h\u00eatre, J. Perrenoud, Suisse, 1940's | lalmachine.com\",\"isPartOf\":{\"@id\":\"https:\\\/\\\/lalmachine.com\\\/#website\"},\"primaryImageOfPage\":{\"@id\":\"https:\\\/\\\/lalmachine.com\\\/shop\\\/meubler\\\/meuble-de-rangement\\\/sideboard-en-hetre-j-perrenoud-suisse-1940s\\\/#primaryimage\"},\"image\":{\"@id\":\"https:\\\/\\\/lalmachine.com\\\/shop\\\/meubler\\\/meuble-de-rangement\\\/sideboard-en-hetre-j-perrenoud-suisse-1940s\\\/#primaryimage\"},\"thumbnailUrl\":\"https:\\\/\\\/lalmachine.com\\\/wp-content\\\/uploads\\\/2025\\\/01\\\/2F9B7CB1-7974-4471-8FFE-24D25BD95F8D_1_201_a-scaled_clipped_rev_1.jpeg\",\"datePublished\":\"2025-02-02T12:19:41+00:00\",\"dateModified\":\"2025-02-08T09:51:57+00:00\",\"description\":\"Sideboard en h\u00eatre, J. Perrenoud, Suisse, 1940's\",\"breadcrumb\":{\"@id\":\"https:\\\/\\\/lalmachine.com\\\/shop\\\/meubler\\\/meuble-de-rangement\\\/sideboard-en-hetre-j-perrenoud-suisse-1940s\\\/#breadcrumb\"},\"inLanguage\":\"de\",\"potentialAction\":[{\"@type\":\"ReadAction\",\"target\":[\"https:\\\/\\\/lalmachine.com\\\/shop\\\/meubler\\\/meuble-de-rangement\\\/sideboard-en-hetre-j-perrenoud-suisse-1940s\\\/\"]}]},{\"@type\":\"ImageObject\",\"inLanguage\":\"de\",\"@id\":\"https:\\\/\\\/lalmachine.com\\\/shop\\\/meubler\\\/meuble-de-rangement\\\/sideboard-en-hetre-j-perrenoud-suisse-1940s\\\/#primaryimage\",\"url\":\"https:\\\/\\\/lalmachine.com\\\/wp-content\\\/uploads\\\/2025\\\/01\\\/2F9B7CB1-7974-4471-8FFE-24D25BD95F8D_1_201_a-scaled_clipped_rev_1.jpeg\",\"contentUrl\":\"https:\\\/\\\/lalmachine.com\\\/wp-content\\\/uploads\\\/2025\\\/01\\\/2F9B7CB1-7974-4471-8FFE-24D25BD95F8D_1_201_a-scaled_clipped_rev_1.jpeg\",\"width\":2289,\"height\":2289,\"caption\":\"Sideboard en h\u00eatre J. Perrenoud Suisse\"},{\"@type\":\"BreadcrumbList\",\"@id\":\"https:\\\/\\\/lalmachine.com\\\/shop\\\/meubler\\\/meuble-de-rangement\\\/sideboard-en-hetre-j-perrenoud-suisse-1940s\\\/#breadcrumb\",\"itemListElement\":[{\"@type\":\"ListItem\",\"position\":1,\"name\":\"Accueil\",\"item\":\"https:\\\/\\\/lalmachine.com\\\/\"},{\"@type\":\"ListItem\",\"position\":2,\"name\":\"Shop\",\"item\":\"https:\\\/\\\/lalmachine.com\\\/shop\\\/\"},{\"@type\":\"ListItem\",\"position\":3,\"name\":\"Sideboard en h\u00eatre, J. Perrenoud, Suisse, 1940&#8217;s\"}]},{\"@type\":\"WebSite\",\"@id\":\"https:\\\/\\\/lalmachine.com\\\/#website\",\"url\":\"https:\\\/\\\/lalmachine.com\\\/\",\"name\":\"lalmachine.com\",\"description\":\"Brocante en ligne Suisse | Mobilier et objets d\u00e9co vintage et design\",\"potentialAction\":[{\"@type\":\"SearchAction\",\"target\":{\"@type\":\"EntryPoint\",\"urlTemplate\":\"https:\\\/\\\/lalmachine.com\\\/?s={search_term_string}\"},\"query-input\":{\"@type\":\"PropertyValueSpecification\",\"valueRequired\":true,\"valueName\":\"search_term_string\"}}],\"inLanguage\":\"de\"}]}<\/script>\n<!-- \/ Yoast SEO plugin. -->","yoast_head_json":{"title":"Sideboard en h\u00eatre, J. Perrenoud, Suisse, 1940's | lalmachine.com","description":"Sideboard en h\u00eatre, J. Perrenoud, Suisse, 1940's","robots":{"index":"index","follow":"follow","max-snippet":"max-snippet:-1","max-image-preview":"max-image-preview:large","max-video-preview":"max-video-preview:-1"},"canonical":"https:\/\/lalmachine.com\/de\/shop\/meubler\/meuble-de-rangement\/sideboard-en-hetre-j-perrenoud-suisse-1940s\/","og_locale":"de_DE","og_type":"article","og_title":"Sideboard en h\u00eatre, J. Perrenoud, Suisse, 1940's | lalmachine.com","og_description":"Sideboard en h\u00eatre, J. Perrenoud, Suisse, 1940's","og_url":"https:\/\/lalmachine.com\/de\/shop\/meubler\/meuble-de-rangement\/sideboard-en-hetre-j-perrenoud-suisse-1940s\/","og_site_name":"lalmachine.com","article_publisher":"https:\/\/facebook.com\/lalmachine","article_modified_time":"2025-02-08T09:51:57+00:00","og_image":[{"width":2289,"height":2289,"url":"https:\/\/lalmachine.com\/wp-content\/uploads\/2025\/01\/2F9B7CB1-7974-4471-8FFE-24D25BD95F8D_1_201_a-scaled_clipped_rev_1.jpeg","type":"image\/jpeg"}],"twitter_card":"summary_large_image","schema":{"@context":"https:\/\/schema.org","@graph":[{"@type":"WebPage","@id":"https:\/\/lalmachine.com\/shop\/meubler\/meuble-de-rangement\/sideboard-en-hetre-j-perrenoud-suisse-1940s\/","url":"https:\/\/lalmachine.com\/shop\/meubler\/meuble-de-rangement\/sideboard-en-hetre-j-perrenoud-suisse-1940s\/","name":"Sideboard en h\u00eatre, J. Perrenoud, Suisse, 1940's | lalmachine.com","isPartOf":{"@id":"https:\/\/lalmachine.com\/#website"},"primaryImageOfPage":{"@id":"https:\/\/lalmachine.com\/shop\/meubler\/meuble-de-rangement\/sideboard-en-hetre-j-perrenoud-suisse-1940s\/#primaryimage"},"image":{"@id":"https:\/\/lalmachine.com\/shop\/meubler\/meuble-de-rangement\/sideboard-en-hetre-j-perrenoud-suisse-1940s\/#primaryimage"},"thumbnailUrl":"https:\/\/lalmachine.com\/wp-content\/uploads\/2025\/01\/2F9B7CB1-7974-4471-8FFE-24D25BD95F8D_1_201_a-scaled_clipped_rev_1.jpeg","datePublished":"2025-02-02T12:19:41+00:00","dateModified":"2025-02-08T09:51:57+00:00","description":"Sideboard en h\u00eatre, J. Perrenoud, Suisse, 1940's","breadcrumb":{"@id":"https:\/\/lalmachine.com\/shop\/meubler\/meuble-de-rangement\/sideboard-en-hetre-j-perrenoud-suisse-1940s\/#breadcrumb"},"inLanguage":"de","potentialAction":[{"@type":"ReadAction","target":["https:\/\/lalmachine.com\/shop\/meubler\/meuble-de-rangement\/sideboard-en-hetre-j-perrenoud-suisse-1940s\/"]}]},{"@type":"ImageObject","inLanguage":"de","@id":"https:\/\/lalmachine.com\/shop\/meubler\/meuble-de-rangement\/sideboard-en-hetre-j-perrenoud-suisse-1940s\/#primaryimage","url":"https:\/\/lalmachine.com\/wp-content\/uploads\/2025\/01\/2F9B7CB1-7974-4471-8FFE-24D25BD95F8D_1_201_a-scaled_clipped_rev_1.jpeg","contentUrl":"https:\/\/lalmachine.com\/wp-content\/uploads\/2025\/01\/2F9B7CB1-7974-4471-8FFE-24D25BD95F8D_1_201_a-scaled_clipped_rev_1.jpeg","width":2289,"height":2289,"caption":"Sideboard en h\u00eatre J. Perrenoud Suisse"},{"@type":"BreadcrumbList","@id":"https:\/\/lalmachine.com\/shop\/meubler\/meuble-de-rangement\/sideboard-en-hetre-j-perrenoud-suisse-1940s\/#breadcrumb","itemListElement":[{"@type":"ListItem","position":1,"name":"Accueil","item":"https:\/\/lalmachine.com\/"},{"@type":"ListItem","position":2,"name":"Shop","item":"https:\/\/lalmachine.com\/shop\/"},{"@type":"ListItem","position":3,"name":"Sideboard en h\u00eatre, J. Perrenoud, Suisse, 1940&#8217;s"}]},{"@type":"WebSite","@id":"https:\/\/lalmachine.com\/#website","url":"https:\/\/lalmachine.com\/","name":"lalmachine.com","description":"Brocante en ligne Suisse | Mobilier et objets d\u00e9co vintage et design","potentialAction":[{"@type":"SearchAction","target":{"@type":"EntryPoint","urlTemplate":"https:\/\/lalmachine.com\/?s={search_term_string}"},"query-input":{"@type":"PropertyValueSpecification","valueRequired":true,"valueName":"search_term_string"}}],"inLanguage":"de"}]}},"_links":{"self":[{"href":"https:\/\/lalmachine.com\/de\/wp-json\/wp\/v2\/product\/341336","targetHints":{"allow":["GET"]}}],"collection":[{"href":"https:\/\/lalmachine.com\/de\/wp-json\/wp\/v2\/product"}],"about":[{"href":"https:\/\/lalmachine.com\/de\/wp-json\/wp\/v2\/types\/product"}],"wp:featuredmedia":[{"embeddable":true,"href":"https:\/\/lalmachine.com\/de\/wp-json\/wp\/v2\/media\/341355"}],"wp:attachment":[{"href":"https:\/\/lalmachine.com\/de\/wp-json\/wp\/v2\/media?parent=341336"}],"wp:term":[{"taxonomy":"product_brand","embeddable":true,"href":"https:\/\/lalmachine.com\/de\/wp-json\/wp\/v2\/product_brand?post=341336"},{"taxonomy":"product_cat","embeddable":true,"href":"https:\/\/lalmachine.com\/de\/wp-json\/wp\/v2\/product_cat?post=341336"},{"taxonomy":"product_tag","embeddable":true,"href":"https:\/\/lalmachine.com\/de\/wp-json\/wp\/v2\/product_tag?post=341336"},{"taxonomy":"proximite","embeddable":true,"href":"https:\/\/lalmachine.com\/de\/wp-json\/wp\/v2\/proximite?post=341336"}],"curies":[{"name":"wp","href":"https:\/\/api.w.org\/{rel}","templated":true}]}}